{"id":168,"date":"2010-06-01T13:37:00","date_gmt":"2010-06-01T11:37:00","guid":{"rendered":"http:\/\/www.diocesi.torino.it\/amministrativo\/informazioni-generali\/"},"modified":"2026-01-21T11:22:16","modified_gmt":"2026-01-21T10:22:16","slug":"informazioni-generali","status":"publish","type":"page","link":"https:\/\/www.diocesi.torino.it\/amministrativo\/informazioni-generali\/","title":{"rendered":"Informazioni generali"},"content":{"rendered":"<div id=\"pl-168\"  class=\"panel-layout\" ><div id=\"pg-168-0\"  class=\"panel-grid panel-no-style\" ><div id=\"pgc-168-0-0\"  class=\"panel-grid-cell\" ><div id=\"panel-168-0-0-0\" class=\"so-panel widget widget_sow-editor panel-first-child panel-last-child\" data-index=\"0\" ><div\n\t\t\t\n\t\t\tclass=\"so-widget-sow-editor so-widget-sow-editor-base\"\n\t\t\t\n\t\t>\n<div class=\"siteorigin-widget-tinymce textwidget\">\n\t<div>L'amministrazione dei beni ecclesiastici, in ambito diocesano, \u00e8 svolta dall'Arcivescovo che si avvale della collaborazione dell'Economo.<\/div>\n<div><\/div>\n<div>L'ufficio amministrativo diocesano \u00e8 l'insieme delle strutture e dei collaboratori che sostengono l'operato dell'Economo, affinch\u00e9 questi possa svolgere gli incarichi che gli competono secondo il codice canonico (canone 494) e quelli che l'Arcivescovo gli ha affidato.<\/div>\n<div>\u00c8 composto dalle seguenti sezioni:<\/div>\n<ul>\n<li style=\"list-style-type: none;\">\n<ul>\n<li><strong>TESORERIA<\/strong>: cura l'introito delle offerte e dei tributi a carico delle parrocchie e degli enti, provvede alle spese che l'Arcivescovo (o altri da lui incaricati) abbiano ordinato ed effettua la relativa contabilizzazione.<\/li>\n<\/ul>\n<\/li>\n<\/ul>\n<ul>\n<li style=\"list-style-type: none;\">\n<ul>\n<li><strong>PATRIMONIO<\/strong>: cura la raccolta e l'organizzazione di tutto il materiale d'archivio che deve essere custodito, fornisce l'aggiornamento dei dati catastali relativi agli immobili di propriet\u00e0 degli enti della diocesi.<\/li>\n<\/ul>\n<\/li>\n<\/ul>\n<div>In connessione con l'Ufficio amministrativo \u00e8 attiva l'<strong>Opera di Preservazione della Fede<\/strong>, fondazione di culto civilmente riconosciuta, che si occupa del reperimento di aree per nuovi centri religiosi\u00a0ed esercita le attivit\u00e0 collegate.<\/div>\n<div><\/div>\n<div><\/div>\n<h3><span style=\"color: #339966;\"><strong>Contatti:<\/strong><\/span><\/h3>\n<div>\n<p><strong><span style=\"color: #339966;\">UFFICIO AMMINISTRATIVO:<\/span> <\/strong>Tel. 011\/51.56.365 (sig. Laura), -337 (sig. Vittoria),\u00a0<a href=\"mailto:amministrativo@diocesi.to.it\">amministrativo@diocesi.to.it<\/a><\/p>\n<p><strong><span style=\"color: #339966;\">TESORERIA:<\/span> <\/strong>Tel.011\/51.56.331 e -332,\u00a0<a href=\"mailto:tesoreria@diocesi.to.it\">tesoreria@diocesi.to.it<\/a><\/p>\n<p><strong><span style=\"color: #339966;\">SPORTELLO FISCALE:<\/span>\u00a0<\/strong>Tel. 011\/51.56.326 (sig. Federica),\u00a0<a href=\"mailto:consulenzafiscale@diocesi.to.it\">consulenzafiscale@diocesi.to.it<\/a><\/p>\n<\/div>\n<div><\/div>\n<div><\/div>\n<\/div>\n<\/div><\/div><\/div><\/div><\/div>","protected":false},"excerpt":{"rendered":"<p>L&#8217;amministrazione dei beni ecclesiastici, in ambito diocesano, \u00e8 svolta dall&#8217;Arcivescovo che si avvale della collaborazione dell&#8217;Economo. L&#8217;ufficio amministrativo diocesano \u00e8 l&#8217;insieme delle strutture e dei collaboratori che sostengono l&#8217;operato dell&#8217;Economo, affinch\u00e9 questi possa svolgere gli incarichi che gli competono secondo il codice canonico (canone 494) e quelli che l&#8217;Arcivescovo gli ha affidato. \u00c8 composto dalle seguenti sezioni: TESORERIA: cura l&#8217;introito delle offerte e dei tributi &hellip; <a href=\"https:\/\/www.diocesi.torino.it\/amministrativo\/informazioni-generali\/\" class=\"more-link\">Continua a leggere <span class=\"screen-reader-text\"><\/span> <span class=\"meta-nav\">&raquo;<\/span><\/a><\/p>\n","protected":false},"author":1,"featured_media":0,"parent":0,"menu_order":0,"comment_status":"closed","ping_status":"closed","template":"","meta":{"ip_address":"","user_agent":"","level":"","revision":"","cookie_id":"","page_referer":"","html_form":"","_expiration-date-status":"","_expiration-date":0,"_expiration-date-type":"","_expiration-date-categories":[],"_expiration-date-options":[]},"acf":[],"yoast_head":"<!-- This site is optimized with the Yoast SEO plugin v20.8 - https:\/\/yoast.com\/wordpress\/plugins\/seo\/ -->\n<title>Informazioni generali - Ufficio Amministrativo<\/title>\n<meta name=\"robots\" content=\"index, follow, max-snippet:-1, max-image-preview:large, max-video-preview:-1\" \/>\n<link rel=\"canonical\" href=\"https:\/\/www.diocesi.torino.it\/amministrativo\/informazioni-generali\/\" \/>\n<meta property=\"og:locale\" content=\"it_IT\" \/>\n<meta property=\"og:type\" content=\"article\" \/>\n<meta property=\"og:title\" content=\"Informazioni generali - Ufficio Amministrativo\" \/>\n<meta property=\"og:description\" content=\"L&#039;amministrazione dei beni ecclesiastici, in ambito diocesano, \u00e8 svolta dall&#039;Arcivescovo che si avvale della collaborazione dell&#039;Economo. L&#039;ufficio amministrativo diocesano \u00e8 l&#039;insieme delle strutture e dei collaboratori che sostengono l&#039;operato dell&#039;Economo, affinch\u00e9 questi possa svolgere gli incarichi che gli competono secondo il codice canonico (canone 494) e quelli che l&#039;Arcivescovo gli ha affidato. \u00c8 composto dalle seguenti sezioni: TESORERIA: cura l&#039;introito delle offerte e dei tributi &hellip; Continua a leggere &raquo;\" \/>\n<meta property=\"og:url\" content=\"https:\/\/www.diocesi.torino.it\/amministrativo\/informazioni-generali\/\" \/>\n<meta property=\"og:site_name\" content=\"Ufficio Amministrativo\" \/>\n<meta property=\"article:modified_time\" content=\"2026-01-21T10:22:16+00:00\" \/>\n<meta name=\"twitter:card\" content=\"summary_large_image\" \/>\n<meta name=\"twitter:label1\" content=\"Tempo di lettura stimato\" \/>\n\t<meta name=\"twitter:data1\" content=\"1 minuto\" \/>\n<script type=\"application\/ld+json\" class=\"yoast-schema-graph\">{\"@context\":\"https:\/\/schema.org\",\"@graph\":[{\"@type\":\"WebPage\",\"@id\":\"https:\/\/www.diocesi.torino.it\/amministrativo\/informazioni-generali\/\",\"url\":\"https:\/\/www.diocesi.torino.it\/amministrativo\/informazioni-generali\/\",\"name\":\"Informazioni generali - Ufficio Amministrativo\",\"isPartOf\":{\"@id\":\"https:\/\/www.diocesi.torino.it\/amministrativo\/#website\"},\"datePublished\":\"2010-06-01T11:37:00+00:00\",\"dateModified\":\"2026-01-21T10:22:16+00:00\",\"breadcrumb\":{\"@id\":\"https:\/\/www.diocesi.torino.it\/amministrativo\/informazioni-generali\/#breadcrumb\"},\"inLanguage\":\"it-IT\",\"potentialAction\":[{\"@type\":\"ReadAction\",\"target\":[\"https:\/\/www.diocesi.torino.it\/amministrativo\/informazioni-generali\/\"]}]},{\"@type\":\"BreadcrumbList\",\"@id\":\"https:\/\/www.diocesi.torino.it\/amministrativo\/informazioni-generali\/#breadcrumb\",\"itemListElement\":[{\"@type\":\"ListItem\",\"position\":1,\"name\":\"Home\",\"item\":\"https:\/\/www.diocesi.torino.it\/amministrativo\/\"},{\"@type\":\"ListItem\",\"position\":2,\"name\":\"Informazioni generali\"}]},{\"@type\":\"WebSite\",\"@id\":\"https:\/\/www.diocesi.torino.it\/amministrativo\/#website\",\"url\":\"https:\/\/www.diocesi.torino.it\/amministrativo\/\",\"name\":\"Ufficio Amministrativo\",\"description\":\"\",\"potentialAction\":[{\"@type\":\"SearchAction\",\"target\":{\"@type\":\"EntryPoint\",\"urlTemplate\":\"https:\/\/www.diocesi.torino.it\/amministrativo\/?s={search_term_string}\"},\"query-input\":\"required name=search_term_string\"}],\"inLanguage\":\"it-IT\"}]}<\/script>\n<!-- \/ Yoast SEO plugin. -->","yoast_head_json":{"title":"Informazioni generali - Ufficio Amministrativo","robots":{"index":"index","follow":"follow","max-snippet":"max-snippet:-1","max-image-preview":"max-image-preview:large","max-video-preview":"max-video-preview:-1"},"canonical":"https:\/\/www.diocesi.torino.it\/amministrativo\/informazioni-generali\/","og_locale":"it_IT","og_type":"article","og_title":"Informazioni generali - Ufficio Amministrativo","og_description":"L'amministrazione dei beni ecclesiastici, in ambito diocesano, \u00e8 svolta dall'Arcivescovo che si avvale della collaborazione dell'Economo. L'ufficio amministrativo diocesano \u00e8 l'insieme delle strutture e dei collaboratori che sostengono l'operato dell'Economo, affinch\u00e9 questi possa svolgere gli incarichi che gli competono secondo il codice canonico (canone 494) e quelli che l'Arcivescovo gli ha affidato. \u00c8 composto dalle seguenti sezioni: TESORERIA: cura l'introito delle offerte e dei tributi &hellip; Continua a leggere &raquo;","og_url":"https:\/\/www.diocesi.torino.it\/amministrativo\/informazioni-generali\/","og_site_name":"Ufficio Amministrativo","article_modified_time":"2026-01-21T10:22:16+00:00","twitter_card":"summary_large_image","twitter_misc":{"Tempo di lettura stimato":"1 minuto"},"schema":{"@context":"https:\/\/schema.org","@graph":[{"@type":"WebPage","@id":"https:\/\/www.diocesi.torino.it\/amministrativo\/informazioni-generali\/","url":"https:\/\/www.diocesi.torino.it\/amministrativo\/informazioni-generali\/","name":"Informazioni generali - Ufficio Amministrativo","isPartOf":{"@id":"https:\/\/www.diocesi.torino.it\/amministrativo\/#website"},"datePublished":"2010-06-01T11:37:00+00:00","dateModified":"2026-01-21T10:22:16+00:00","breadcrumb":{"@id":"https:\/\/www.diocesi.torino.it\/amministrativo\/informazioni-generali\/#breadcrumb"},"inLanguage":"it-IT","potentialAction":[{"@type":"ReadAction","target":["https:\/\/www.diocesi.torino.it\/amministrativo\/informazioni-generali\/"]}]},{"@type":"BreadcrumbList","@id":"https:\/\/www.diocesi.torino.it\/amministrativo\/informazioni-generali\/#breadcrumb","itemListElement":[{"@type":"ListItem","position":1,"name":"Home","item":"https:\/\/www.diocesi.torino.it\/amministrativo\/"},{"@type":"ListItem","position":2,"name":"Informazioni generali"}]},{"@type":"WebSite","@id":"https:\/\/www.diocesi.torino.it\/amministrativo\/#website","url":"https:\/\/www.diocesi.torino.it\/amministrativo\/","name":"Ufficio Amministrativo","description":"","potentialAction":[{"@type":"SearchAction","target":{"@type":"EntryPoint","urlTemplate":"https:\/\/www.diocesi.torino.it\/amministrativo\/?s={search_term_string}"},"query-input":"required name=search_term_string"}],"inLanguage":"it-IT"}]}},"_links":{"self":[{"href":"https:\/\/www.diocesi.torino.it\/amministrativo\/wp-json\/wp\/v2\/pages\/168"}],"collection":[{"href":"https:\/\/www.diocesi.torino.it\/amministrativo\/wp-json\/wp\/v2\/pages"}],"about":[{"href":"https:\/\/www.diocesi.torino.it\/amministrativo\/wp-json\/wp\/v2\/types\/page"}],"author":[{"embeddable":true,"href":"https:\/\/www.diocesi.torino.it\/amministrativo\/wp-json\/wp\/v2\/users\/1"}],"replies":[{"embeddable":true,"href":"https:\/\/www.diocesi.torino.it\/amministrativo\/wp-json\/wp\/v2\/comments?post=168"}],"version-history":[{"count":8,"href":"https:\/\/www.diocesi.torino.it\/amministrativo\/wp-json\/wp\/v2\/pages\/168\/revisions"}],"predecessor-version":[{"id":2228,"href":"https:\/\/www.diocesi.torino.it\/amministrativo\/wp-json\/wp\/v2\/pages\/168\/revisions\/2228"}],"wp:attachment":[{"href":"https:\/\/www.diocesi.torino.it\/amministrativo\/wp-json\/wp\/v2\/media?parent=168"}],"curies":[{"name":"wp","href":"https:\/\/api.w.org\/{rel}","templated":true}]}}