{"id":136,"date":"2010-03-12T13:50:00","date_gmt":"2010-03-12T12:50:00","guid":{"rendered":"http:\/\/www.diocesi.torino.it\/arte\/arte-e-beni-culturali\/verifica-dellinteresse-culturale-dei-beni-immobili-ecclesiastici\/"},"modified":"2025-06-17T12:19:15","modified_gmt":"2025-06-17T10:19:15","slug":"verifica-dellinteresse-culturale-dei-beni-immobili-ecclesiastici","status":"publish","type":"page","link":"https:\/\/www.diocesi.torino.it\/arte\/arte-e-beni-culturali\/verifica-dellinteresse-culturale-dei-beni-immobili-ecclesiastici\/","title":{"rendered":"Verifica dell&#8217;interesse culturale dei beni immobili ecclesiastici"},"content":{"rendered":"<div id=\"pl-136\"  class=\"panel-layout\" ><div id=\"pg-136-0\"  class=\"panel-grid panel-no-style\" ><div id=\"pgc-136-0-0\"  class=\"panel-grid-cell\" ><div id=\"panel-136-0-0-0\" class=\"so-panel widget widget_sow-editor panel-first-child panel-last-child\" data-index=\"0\" ><div\n\t\t\t\n\t\t\tclass=\"so-widget-sow-editor so-widget-sow-editor-base\"\n\t\t\t\n\t\t>\n<div class=\"siteorigin-widget-tinymce textwidget\">\n\t<p><span style=\"font-variant: normal !important; color: windowtext;\">A seguito dell\u2019Accordo dell\u20198 marzo 2005 tra il Ministero per i Beni e le Attivit\u00e0 Culturali e la Conferenza Episcopale Italiana e Legge n. 106 del 12 luglio 2011 gli immobili di propriet\u00e0 ecclesiastica o di enti religiosi, che siano opera di autore non pi\u00f9 vivente e la cui esecuzione risalga a oltre settanta anni, sono soggetti a tutela (art.10 D.Lgs 42\/2004) da parte del Ministero della Cultura. <\/span><\/p>\n<p><span style=\"font-variant: normal !important; color: windowtext;\">Pertanto le richieste di <strong>autorizzazione all\u2019alienazione<\/strong>, le richieste di accesso ai <strong>finanziamenti dello Stato e CEI<\/strong> di beni immobili devono essere sottoposte preventivamente alla <strong>verifica dell\u2019interesse culturale<\/strong>.<br \/>\nSi richiamano, in modo schematico, le istruzioni da rispettare per la verifica di interesse culturale (vedasi allegati in fondo alla pagina).<\/span><\/p>\n<div>Solo dopo aver ottenuto l'esito della verifica di interesse culturale,\u00a0il committente potr\u00e0 procedere alla richiesta di <strong>autorizzazione per l\u2019alienazione<\/strong> del bene immobile sottoposto a tutela (D.Lgs 42\/2004 art. 56).<\/div>\n<div>\n<div data-canvas-width=\"426.0844770001009\"><a class=\"wpba-link pull-left\" title=\"Modulo Alienazione art56_TO_2018_MiBAC\" href=\"https:\/\/www.diocesi.torino.it\/arte\/wp-content\/uploads\/sites\/19\/2020\/07\/Alienazione-art56_TO_2018_MiBAC.pdf\" target=\"_blank\" rel=\"noopener\">(Modulo Alienazione art56_TO_2018_MiBAC)<\/a><\/div>\n<\/div>\n<div data-canvas-width=\"426.0844770001009\"><\/div>\n<div data-canvas-width=\"426.0844770001009\"><\/div>\n<div data-canvas-width=\"426.0844770001009\"><\/div>\n<div>\n<p><strong>La documentazione in formato digitale potr\u00e0 essere trasmessa all\u2019ufficio Beni Culturali <\/strong><strong style=\"font-size: inherit;\">via mail e\/o con<\/strong> <strong>W<\/strong><strong style=\"font-size: inherit;\">etransfer \u00a0<a href=\"mailto:arte@diocesi.to.it\" target=\"_blank\" rel=\"noopener\">arte@diocesi.to.it<\/a>\u00a0<\/strong><\/p>\n<p><strong>\u00a0<\/strong><\/p>\n<p><strong>ARCIDIOCESI DI TORINO<\/strong><\/p>\n<p><strong>BENI CULTURALI ECCLESIASTICI<\/strong><\/p>\n<p>Via Val della Torre 3 - 10149 TORINO<\/p>\n<p>&nbsp;<\/p>\n<\/div>\n<\/div>\n<\/div><\/div><\/div><\/div><\/div><hr class=\"wpba_attachment_hr\"><div id='wpba_attachment_list' class='wpba wpba-wrap'>\n<ul class='wpba-attachment-list unstyled'><li id='wpba_attachment_list_3723' class='wpba-list-item pull-left'><img src='https:\/\/www.diocesi.torino.it\/arte\/wp-content\/themes\/wp-starter-so\/icons\/document.png' width='16' height='20' class='wpba-icon pull-left'><a href='https:\/\/www.diocesi.torino.it\/arte\/wp-content\/uploads\/sites\/19\/2025\/05\/modulo-agg.-maggio-2025.pdf' title='Istruzioni' class='wpba-link pull-left' target=\"_blank\">Istruzioni<\/a><\/li>\n<li id='wpba_attachment_list_3732' class='wpba-list-item pull-left'><img src='https:\/\/www.diocesi.torino.it\/arte\/wp-content\/themes\/wp-starter-so\/icons\/document.png' width='16' height='20' class='wpba-icon pull-left'><a href='https:\/\/www.diocesi.torino.it\/arte\/wp-content\/uploads\/sites\/19\/2025\/05\/documentazione-fotografica.docx' title='Istruzioni per la documentazione fotografica' class='wpba-link pull-left' target=\"_blank\">Istruzioni per la documentazione fotografica<\/a><\/li>\n<li id='wpba_attachment_list_3733' class='wpba-list-item pull-left'><img src='https:\/\/www.diocesi.torino.it\/arte\/wp-content\/themes\/wp-starter-so\/icons\/document.png' width='16' height='20' class='wpba-icon pull-left'><a href='https:\/\/www.diocesi.torino.it\/arte\/wp-content\/uploads\/sites\/19\/2025\/05\/descrizione-morfologica-tipologica.pdf' title='Istruzioni per la descrizione morfologica tipologica' class='wpba-link pull-left' target=\"_blank\">Istruzioni per la descrizione morfologica tipologica<\/a><\/li>\n<li id='wpba_attachment_list_3734' class='wpba-list-item pull-left'><img src='https:\/\/www.diocesi.torino.it\/arte\/wp-content\/themes\/wp-starter-so\/icons\/document.png' width='16' height='20' class='wpba-icon pull-left'><a href='https:\/\/www.diocesi.torino.it\/arte\/wp-content\/uploads\/sites\/19\/2025\/05\/descrizione-storica.pdf' title='Istruzioni per la descrizione storica' class='wpba-link pull-left' target=\"_blank\">Istruzioni per la descrizione storica<\/a><\/li>\n<li id='wpba_attachment_list_3939' class='wpba-list-item pull-left'><img src='https:\/\/www.diocesi.torino.it\/arte\/wp-content\/themes\/wp-starter-so\/icons\/document.png' width='16' height='20' class='wpba-icon pull-left'><a href='https:\/\/www.diocesi.torino.it\/arte\/wp-content\/uploads\/sites\/19\/2025\/06\/modulo_VIC.docx' title='Modulo VIC' class='wpba-link pull-left' target=\"_blank\">Modulo VIC<\/a><\/li>\n<\/ul><\/div>\n","protected":false},"excerpt":{"rendered":"<p>A seguito dell\u2019Accordo dell\u20198 marzo 2005 tra il Ministero per i Beni e le Attivit\u00e0 Culturali e la Conferenza Episcopale Italiana e Legge n. 106 del 12 luglio 2011 gli immobili di propriet\u00e0 ecclesiastica o di enti religiosi, che siano opera di autore non pi\u00f9 vivente e la cui esecuzione risalga a oltre settanta anni, sono soggetti a tutela (art.10 D.Lgs 42\/2004) da parte del &hellip; <a href=\"https:\/\/www.diocesi.torino.it\/arte\/arte-e-beni-culturali\/verifica-dellinteresse-culturale-dei-beni-immobili-ecclesiastici\/\" class=\"more-link\">Continua a leggere <span class=\"screen-reader-text\"><\/span> <span class=\"meta-nav\">&raquo;<\/span><\/a><\/p>\n","protected":false},"author":1,"featured_media":172,"parent":132,"menu_order":0,"comment_status":"closed","ping_status":"closed","template":"","meta":{"ip_address":"","user_agent":"","level":"","revision":"","cookie_id":"","page_referer":"","html_form":"","_expiration-date-status":"saved","_expiration-date":0,"_expiration-date-type":"","_expiration-date-categories":[],"_expiration-date-options":[]},"acf":[],"yoast_head":"<!-- This site is optimized with the Yoast SEO plugin v20.8 - https:\/\/yoast.com\/wordpress\/plugins\/seo\/ -->\n<title>Verifica dell&#039;interesse culturale dei beni immobili ecclesiastici - Beni Culturali ed Edilizia di Culto<\/title>\n<meta name=\"robots\" content=\"index, follow, max-snippet:-1, max-image-preview:large, max-video-preview:-1\" \/>\n<link rel=\"canonical\" href=\"https:\/\/www.diocesi.torino.it\/arte\/arte-e-beni-culturali\/verifica-dellinteresse-culturale-dei-beni-immobili-ecclesiastici\/\" \/>\n<meta property=\"og:locale\" content=\"it_IT\" \/>\n<meta property=\"og:type\" content=\"article\" \/>\n<meta property=\"og:title\" content=\"Verifica dell&#039;interesse culturale dei beni immobili ecclesiastici - Beni Culturali ed Edilizia di Culto\" \/>\n<meta property=\"og:description\" content=\"A seguito dell\u2019Accordo dell\u20198 marzo 2005 tra il Ministero per i Beni e le Attivit\u00e0 Culturali e la Conferenza Episcopale Italiana e Legge n. 106 del 12 luglio 2011 gli immobili di propriet\u00e0 ecclesiastica o di enti religiosi, che siano opera di autore non pi\u00f9 vivente e la cui esecuzione risalga a oltre settanta anni, sono soggetti a tutela (art.10 D.Lgs 42\/2004) da parte del &hellip; Continua a leggere &raquo;\" \/>\n<meta property=\"og:url\" content=\"https:\/\/www.diocesi.torino.it\/arte\/arte-e-beni-culturali\/verifica-dellinteresse-culturale-dei-beni-immobili-ecclesiastici\/\" \/>\n<meta property=\"og:site_name\" content=\"Beni Culturali ed Edilizia di Culto\" \/>\n<meta property=\"article:modified_time\" content=\"2025-06-17T10:19:15+00:00\" \/>\n<meta property=\"og:image\" content=\"https:\/\/www.diocesi.torino.it\/arte\/wp-content\/uploads\/sites\/19\/2017\/06\/LOGO-VIC-JPG.jpg\" \/>\n\t<meta property=\"og:image:width\" content=\"707\" \/>\n\t<meta property=\"og:image:height\" content=\"500\" \/>\n\t<meta property=\"og:image:type\" content=\"image\/jpeg\" \/>\n<meta name=\"twitter:card\" content=\"summary_large_image\" \/>\n<meta name=\"twitter:label1\" content=\"Tempo di lettura stimato\" \/>\n\t<meta name=\"twitter:data1\" content=\"1 minuto\" \/>\n<script type=\"application\/ld+json\" class=\"yoast-schema-graph\">{\"@context\":\"https:\/\/schema.org\",\"@graph\":[{\"@type\":\"WebPage\",\"@id\":\"https:\/\/www.diocesi.torino.it\/arte\/arte-e-beni-culturali\/verifica-dellinteresse-culturale-dei-beni-immobili-ecclesiastici\/\",\"url\":\"https:\/\/www.diocesi.torino.it\/arte\/arte-e-beni-culturali\/verifica-dellinteresse-culturale-dei-beni-immobili-ecclesiastici\/\",\"name\":\"Verifica dell'interesse culturale dei beni immobili ecclesiastici - Beni Culturali ed Edilizia di Culto\",\"isPartOf\":{\"@id\":\"https:\/\/www.diocesi.torino.it\/arte\/#website\"},\"datePublished\":\"2010-03-12T12:50:00+00:00\",\"dateModified\":\"2025-06-17T10:19:15+00:00\",\"breadcrumb\":{\"@id\":\"https:\/\/www.diocesi.torino.it\/arte\/arte-e-beni-culturali\/verifica-dellinteresse-culturale-dei-beni-immobili-ecclesiastici\/#breadcrumb\"},\"inLanguage\":\"it-IT\",\"potentialAction\":[{\"@type\":\"ReadAction\",\"target\":[\"https:\/\/www.diocesi.torino.it\/arte\/arte-e-beni-culturali\/verifica-dellinteresse-culturale-dei-beni-immobili-ecclesiastici\/\"]}]},{\"@type\":\"BreadcrumbList\",\"@id\":\"https:\/\/www.diocesi.torino.it\/arte\/arte-e-beni-culturali\/verifica-dellinteresse-culturale-dei-beni-immobili-ecclesiastici\/#breadcrumb\",\"itemListElement\":[{\"@type\":\"ListItem\",\"position\":1,\"name\":\"Home\",\"item\":\"https:\/\/www.diocesi.torino.it\/arte\/\"},{\"@type\":\"ListItem\",\"position\":2,\"name\":\"Arte e Beni Culturali\",\"item\":\"https:\/\/www.diocesi.torino.it\/arte\/arte-e-beni-culturali\/\"},{\"@type\":\"ListItem\",\"position\":3,\"name\":\"Verifica dell&#8217;interesse culturale dei beni immobili ecclesiastici\"}]},{\"@type\":\"WebSite\",\"@id\":\"https:\/\/www.diocesi.torino.it\/arte\/#website\",\"url\":\"https:\/\/www.diocesi.torino.it\/arte\/\",\"name\":\"Beni Culturali ed Edilizia di Culto\",\"description\":\"\",\"potentialAction\":[{\"@type\":\"SearchAction\",\"target\":{\"@type\":\"EntryPoint\",\"urlTemplate\":\"https:\/\/www.diocesi.torino.it\/arte\/?s={search_term_string}\"},\"query-input\":\"required name=search_term_string\"}],\"inLanguage\":\"it-IT\"}]}<\/script>\n<!-- \/ Yoast SEO plugin. -->","yoast_head_json":{"title":"Verifica dell'interesse culturale dei beni immobili ecclesiastici - Beni Culturali ed Edilizia di Culto","robots":{"index":"index","follow":"follow","max-snippet":"max-snippet:-1","max-image-preview":"max-image-preview:large","max-video-preview":"max-video-preview:-1"},"canonical":"https:\/\/www.diocesi.torino.it\/arte\/arte-e-beni-culturali\/verifica-dellinteresse-culturale-dei-beni-immobili-ecclesiastici\/","og_locale":"it_IT","og_type":"article","og_title":"Verifica dell'interesse culturale dei beni immobili ecclesiastici - Beni Culturali ed Edilizia di Culto","og_description":"A seguito dell\u2019Accordo dell\u20198 marzo 2005 tra il Ministero per i Beni e le Attivit\u00e0 Culturali e la Conferenza Episcopale Italiana e Legge n. 106 del 12 luglio 2011 gli immobili di propriet\u00e0 ecclesiastica o di enti religiosi, che siano opera di autore non pi\u00f9 vivente e la cui esecuzione risalga a oltre settanta anni, sono soggetti a tutela (art.10 D.Lgs 42\/2004) da parte del &hellip; Continua a leggere &raquo;","og_url":"https:\/\/www.diocesi.torino.it\/arte\/arte-e-beni-culturali\/verifica-dellinteresse-culturale-dei-beni-immobili-ecclesiastici\/","og_site_name":"Beni Culturali ed Edilizia di Culto","article_modified_time":"2025-06-17T10:19:15+00:00","og_image":[{"width":707,"height":500,"url":"https:\/\/www.diocesi.torino.it\/arte\/wp-content\/uploads\/sites\/19\/2017\/06\/LOGO-VIC-JPG.jpg","type":"image\/jpeg"}],"twitter_card":"summary_large_image","twitter_misc":{"Tempo di lettura stimato":"1 minuto"},"schema":{"@context":"https:\/\/schema.org","@graph":[{"@type":"WebPage","@id":"https:\/\/www.diocesi.torino.it\/arte\/arte-e-beni-culturali\/verifica-dellinteresse-culturale-dei-beni-immobili-ecclesiastici\/","url":"https:\/\/www.diocesi.torino.it\/arte\/arte-e-beni-culturali\/verifica-dellinteresse-culturale-dei-beni-immobili-ecclesiastici\/","name":"Verifica dell'interesse culturale dei beni immobili ecclesiastici - Beni Culturali ed Edilizia di Culto","isPartOf":{"@id":"https:\/\/www.diocesi.torino.it\/arte\/#website"},"datePublished":"2010-03-12T12:50:00+00:00","dateModified":"2025-06-17T10:19:15+00:00","breadcrumb":{"@id":"https:\/\/www.diocesi.torino.it\/arte\/arte-e-beni-culturali\/verifica-dellinteresse-culturale-dei-beni-immobili-ecclesiastici\/#breadcrumb"},"inLanguage":"it-IT","potentialAction":[{"@type":"ReadAction","target":["https:\/\/www.diocesi.torino.it\/arte\/arte-e-beni-culturali\/verifica-dellinteresse-culturale-dei-beni-immobili-ecclesiastici\/"]}]},{"@type":"BreadcrumbList","@id":"https:\/\/www.diocesi.torino.it\/arte\/arte-e-beni-culturali\/verifica-dellinteresse-culturale-dei-beni-immobili-ecclesiastici\/#breadcrumb","itemListElement":[{"@type":"ListItem","position":1,"name":"Home","item":"https:\/\/www.diocesi.torino.it\/arte\/"},{"@type":"ListItem","position":2,"name":"Arte e Beni Culturali","item":"https:\/\/www.diocesi.torino.it\/arte\/arte-e-beni-culturali\/"},{"@type":"ListItem","position":3,"name":"Verifica dell&#8217;interesse culturale dei beni immobili ecclesiastici"}]},{"@type":"WebSite","@id":"https:\/\/www.diocesi.torino.it\/arte\/#website","url":"https:\/\/www.diocesi.torino.it\/arte\/","name":"Beni Culturali ed Edilizia di Culto","description":"","potentialAction":[{"@type":"SearchAction","target":{"@type":"EntryPoint","urlTemplate":"https:\/\/www.diocesi.torino.it\/arte\/?s={search_term_string}"},"query-input":"required name=search_term_string"}],"inLanguage":"it-IT"}]}},"_links":{"self":[{"href":"https:\/\/www.diocesi.torino.it\/arte\/wp-json\/wp\/v2\/pages\/136"}],"collection":[{"href":"https:\/\/www.diocesi.torino.it\/arte\/wp-json\/wp\/v2\/pages"}],"about":[{"href":"https:\/\/www.diocesi.torino.it\/arte\/wp-json\/wp\/v2\/types\/page"}],"author":[{"embeddable":true,"href":"https:\/\/www.diocesi.torino.it\/arte\/wp-json\/wp\/v2\/users\/1"}],"replies":[{"embeddable":true,"href":"https:\/\/www.diocesi.torino.it\/arte\/wp-json\/wp\/v2\/comments?post=136"}],"version-history":[{"count":30,"href":"https:\/\/www.diocesi.torino.it\/arte\/wp-json\/wp\/v2\/pages\/136\/revisions"}],"predecessor-version":[{"id":3942,"href":"https:\/\/www.diocesi.torino.it\/arte\/wp-json\/wp\/v2\/pages\/136\/revisions\/3942"}],"up":[{"embeddable":true,"href":"https:\/\/www.diocesi.torino.it\/arte\/wp-json\/wp\/v2\/pages\/132"}],"wp:featuredmedia":[{"embeddable":true,"href":"https:\/\/www.diocesi.torino.it\/arte\/wp-json\/wp\/v2\/media\/172"}],"wp:attachment":[{"href":"https:\/\/www.diocesi.torino.it\/arte\/wp-json\/wp\/v2\/media?parent=136"}],"curies":[{"name":"wp","href":"https:\/\/api.w.org\/{rel}","templated":true}]}}