{"id":244,"date":"2010-06-08T10:40:00","date_gmt":"2010-06-08T08:40:00","guid":{"rendered":"http:\/\/www.diocesi.torino.it\/caritas\/chi-siamo\/"},"modified":"2022-09-16T11:25:52","modified_gmt":"2022-09-16T09:25:52","slug":"chi-siamo","status":"publish","type":"page","link":"https:\/\/www.diocesi.torino.it\/caritas\/chi-siamo\/","title":{"rendered":"Chi siamo"},"content":{"rendered":"<div id=\"pl-244\"  class=\"panel-layout\" ><div id=\"pg-244-0\"  class=\"panel-grid panel-no-style\" ><div id=\"pgc-244-0-0\"  class=\"panel-grid-cell\" ><div id=\"panel-244-0-0-0\" class=\"so-panel widget widget_siteorigin-panels-post-content panel-first-child\" data-index=\"0\" ><h1 class=\"entry-title\">Chi siamo<\/h1><\/div><div id=\"panel-244-0-0-1\" class=\"so-panel widget widget_sow-editor panel-last-child\" data-index=\"1\" ><div\n\t\t\t\n\t\t\tclass=\"so-widget-sow-editor so-widget-sow-editor-base\"\n\t\t\t\n\t\t>\n<div class=\"siteorigin-widget-tinymce textwidget\">\n\t<div>La Chiesa \u00e8, per definizione, popolo di Dio.\u00a0<\/p>\n<div>\u00c8 dunque realt\u00e0 misteriosa, perch\u00e9 la Trinit\u00e0 vi abita e opera, e anche storica e visibile.\u00a0<\/div>\n<div>Per questo motivo la Chiesa, suddivisa in parrocchie riunite a loro volta in raggruppamenti chiamati zone, ha nella sua struttura la Curia, composta di persone e organismi che aiutano il Vescovo nel governo e nella animazione di tutta la diocesi in materia di:\u00a0<\/div>\n<div>Evangelizzazione e Catechesi (Ufficio catechistico)<\/div>\n<div>Liturgia (Ufficio liturgico)<\/div>\n<div>Gestione delle risorse (Economato, Istituto diocesano sostentamento clero)<\/div>\n<div>Carit\u00e0 e Solidariet\u00e0 (Caritas diocesana, Pastorale della sanit\u00e0, del lavoro, della famiglia, della cultura e della scuola, Ufficio missionario)<\/div>\n<div>\u00a0<\/div>\n<div>La Caritas \u00e8 perci\u00f2 un'attivit\u00e0 propria di ogni diocesi; il Vescovo ne \u00e8 il suo primo animatore e responsabile.<\/div>\n<div>\u00a0<\/div>\n<div>Il collegamento con le Caritas di altre diocesi italiane avviene grazie all'opera di Coordinamento e di promozione della Caritas Italiana, organismo pastorale costituito dalla Conferenza Episcopale Italiana.<\/div>\n<div>\u00a0<\/div>\n<div>Anche l'Arcidiocesi di Torino, nell'ambito della propria curia arcivescovile, dispone di un ufficio Caritas che ha la funzione di promuovere le iniziative di carit\u00e0 per il territorio della diocesi, attraverso l'opera delle Caritas parrocchiali in collegamento con associazioni di volontariato (specialmente con i Gruppi di Volontariato Vincenziano e la Societ\u00e0 di S. Vincenzo), oppure con l'intervento diretto.<\/div>\n<div>Per avviare e mantenere in vita tutte le attivit\u00e0 ordinarie e straordinarie, la Caritas diocesana possiede diversi canali di sostegno finanziario tra i quali una porzione del gettito fiscale dell'8 per mille, le raccolte straordinarie, manifestazioni, benefattori, e gli interessi sui depositi bancari.<\/div>\n<div>La CEI ha autorizzato la Caritas diocesana a trattenere il 5% dei fondi per la gestione interna. Il bilancio \u00e8 sottoposto alla verifica e all'approvazione dell'Economo diocesano e dell'Arcivescovo.<\/div>\n<div>\u00a0<\/div>\n<div>Organigramma<\/div>\n<div>\u00a0<\/div>\n<div>In quanto suo \"primo animatore e responsabile\", la Presidenza della Caritas Diocesana torinese spetta al reggente della Diocesi stessa: l'Arcivescovo, Mons. Cesare NOSIGLIA.<\/div>\n<div>Dal 1 ottobre 2000 l'Arcivescovo emerito S.E.R. il Card. Severino Poletto ha conferito a Pierluigi Dovis l'incarico di Direttore della Caritas Diocesana.<br \/>\u00a0<\/div>\n<div>\u00a0<\/div>\n<\/div>\n<div>Vedi anche il sito rete della carit\u00e0 per approfondire <\/p>\n<p><strong><a href=\"http:\/\/www.caritas.torino.it\" target=\"_blank\">www.caritas.torino.it<\/a><\/strong><\/div>\n<\/div>\n<\/div><\/div><\/div><\/div><\/div>","protected":false},"excerpt":{"rendered":"<p>La Chiesa \u00e8, per definizione, popolo di Dio.\u00a0\u00c8 dunque realt\u00e0 misteriosa, perch\u00e9 la Trinit\u00e0 vi abita e opera, e anche storica e visibile.\u00a0Per questo motivo la Chiesa, suddivisa in parrocchie riunite a loro volta in raggruppamenti chiamati zone, ha nella sua struttura la Curia, composta di persone e organismi che aiutano il Vescovo nel governo e nella animazione di tutta la diocesi in materia di:\u00a0Evangelizzazione &hellip; <a href=\"https:\/\/www.diocesi.torino.it\/caritas\/chi-siamo\/\" class=\"more-link\">Continua a leggere <span class=\"screen-reader-text\"><\/span> <span class=\"meta-nav\">&raquo;<\/span><\/a><\/p>\n","protected":false},"author":1,"featured_media":0,"parent":0,"menu_order":0,"comment_status":"closed","ping_status":"closed","template":"","meta":{"ip_address":"","user_agent":"","level":"","revision":"","cookie_id":"","page_referer":"","html_form":"","_expiration-date-status":"","_expiration-date":0,"_expiration-date-type":"","_expiration-date-categories":[],"_expiration-date-options":[]},"acf":[],"yoast_head":"<!-- This site is optimized with the Yoast SEO plugin v20.8 - https:\/\/yoast.com\/wordpress\/plugins\/seo\/ -->\n<title>Chi siamo - Caritas Diocesana<\/title>\n<meta name=\"robots\" content=\"index, follow, max-snippet:-1, max-image-preview:large, max-video-preview:-1\" \/>\n<link rel=\"canonical\" href=\"https:\/\/www.diocesi.torino.it\/caritas\/chi-siamo\/\" \/>\n<meta property=\"og:locale\" content=\"it_IT\" \/>\n<meta property=\"og:type\" content=\"article\" \/>\n<meta property=\"og:title\" content=\"Chi siamo - Caritas Diocesana\" \/>\n<meta property=\"og:description\" content=\"La Chiesa \u00e8, per definizione, popolo di Dio.\u00a0\u00c8 dunque realt\u00e0 misteriosa, perch\u00e9 la Trinit\u00e0 vi abita e opera, e anche storica e visibile.\u00a0Per questo motivo la Chiesa, suddivisa in parrocchie riunite a loro volta in raggruppamenti chiamati zone, ha nella sua struttura la Curia, composta di persone e organismi che aiutano il Vescovo nel governo e nella animazione di tutta la diocesi in materia di:\u00a0Evangelizzazione &hellip; Continua a leggere &raquo;\" \/>\n<meta property=\"og:url\" content=\"https:\/\/www.diocesi.torino.it\/caritas\/chi-siamo\/\" \/>\n<meta property=\"og:site_name\" content=\"Caritas Diocesana\" \/>\n<meta property=\"article:modified_time\" content=\"2022-09-16T09:25:52+00:00\" \/>\n<meta name=\"twitter:card\" content=\"summary_large_image\" \/>\n<meta name=\"twitter:label1\" content=\"Tempo di lettura stimato\" \/>\n\t<meta name=\"twitter:data1\" content=\"2 minuti\" \/>\n<script type=\"application\/ld+json\" class=\"yoast-schema-graph\">{\"@context\":\"https:\/\/schema.org\",\"@graph\":[{\"@type\":\"WebPage\",\"@id\":\"https:\/\/www.diocesi.torino.it\/caritas\/chi-siamo\/\",\"url\":\"https:\/\/www.diocesi.torino.it\/caritas\/chi-siamo\/\",\"name\":\"Chi siamo - Caritas Diocesana\",\"isPartOf\":{\"@id\":\"https:\/\/www.diocesi.torino.it\/caritas\/#website\"},\"datePublished\":\"2010-06-08T08:40:00+00:00\",\"dateModified\":\"2022-09-16T09:25:52+00:00\",\"breadcrumb\":{\"@id\":\"https:\/\/www.diocesi.torino.it\/caritas\/chi-siamo\/#breadcrumb\"},\"inLanguage\":\"it-IT\",\"potentialAction\":[{\"@type\":\"ReadAction\",\"target\":[\"https:\/\/www.diocesi.torino.it\/caritas\/chi-siamo\/\"]}]},{\"@type\":\"BreadcrumbList\",\"@id\":\"https:\/\/www.diocesi.torino.it\/caritas\/chi-siamo\/#breadcrumb\",\"itemListElement\":[{\"@type\":\"ListItem\",\"position\":1,\"name\":\"Home\",\"item\":\"https:\/\/www.diocesi.torino.it\/caritas\/\"},{\"@type\":\"ListItem\",\"position\":2,\"name\":\"Chi siamo\"}]},{\"@type\":\"WebSite\",\"@id\":\"https:\/\/www.diocesi.torino.it\/caritas\/#website\",\"url\":\"https:\/\/www.diocesi.torino.it\/caritas\/\",\"name\":\"Caritas Diocesana\",\"description\":\"\",\"potentialAction\":[{\"@type\":\"SearchAction\",\"target\":{\"@type\":\"EntryPoint\",\"urlTemplate\":\"https:\/\/www.diocesi.torino.it\/caritas\/?s={search_term_string}\"},\"query-input\":\"required name=search_term_string\"}],\"inLanguage\":\"it-IT\"}]}<\/script>\n<!-- \/ Yoast SEO plugin. -->","yoast_head_json":{"title":"Chi siamo - Caritas Diocesana","robots":{"index":"index","follow":"follow","max-snippet":"max-snippet:-1","max-image-preview":"max-image-preview:large","max-video-preview":"max-video-preview:-1"},"canonical":"https:\/\/www.diocesi.torino.it\/caritas\/chi-siamo\/","og_locale":"it_IT","og_type":"article","og_title":"Chi siamo - Caritas Diocesana","og_description":"La Chiesa \u00e8, per definizione, popolo di Dio.\u00a0\u00c8 dunque realt\u00e0 misteriosa, perch\u00e9 la Trinit\u00e0 vi abita e opera, e anche storica e visibile.\u00a0Per questo motivo la Chiesa, suddivisa in parrocchie riunite a loro volta in raggruppamenti chiamati zone, ha nella sua struttura la Curia, composta di persone e organismi che aiutano il Vescovo nel governo e nella animazione di tutta la diocesi in materia di:\u00a0Evangelizzazione &hellip; Continua a leggere &raquo;","og_url":"https:\/\/www.diocesi.torino.it\/caritas\/chi-siamo\/","og_site_name":"Caritas Diocesana","article_modified_time":"2022-09-16T09:25:52+00:00","twitter_card":"summary_large_image","twitter_misc":{"Tempo di lettura stimato":"2 minuti"},"schema":{"@context":"https:\/\/schema.org","@graph":[{"@type":"WebPage","@id":"https:\/\/www.diocesi.torino.it\/caritas\/chi-siamo\/","url":"https:\/\/www.diocesi.torino.it\/caritas\/chi-siamo\/","name":"Chi siamo - Caritas Diocesana","isPartOf":{"@id":"https:\/\/www.diocesi.torino.it\/caritas\/#website"},"datePublished":"2010-06-08T08:40:00+00:00","dateModified":"2022-09-16T09:25:52+00:00","breadcrumb":{"@id":"https:\/\/www.diocesi.torino.it\/caritas\/chi-siamo\/#breadcrumb"},"inLanguage":"it-IT","potentialAction":[{"@type":"ReadAction","target":["https:\/\/www.diocesi.torino.it\/caritas\/chi-siamo\/"]}]},{"@type":"BreadcrumbList","@id":"https:\/\/www.diocesi.torino.it\/caritas\/chi-siamo\/#breadcrumb","itemListElement":[{"@type":"ListItem","position":1,"name":"Home","item":"https:\/\/www.diocesi.torino.it\/caritas\/"},{"@type":"ListItem","position":2,"name":"Chi siamo"}]},{"@type":"WebSite","@id":"https:\/\/www.diocesi.torino.it\/caritas\/#website","url":"https:\/\/www.diocesi.torino.it\/caritas\/","name":"Caritas Diocesana","description":"","potentialAction":[{"@type":"SearchAction","target":{"@type":"EntryPoint","urlTemplate":"https:\/\/www.diocesi.torino.it\/caritas\/?s={search_term_string}"},"query-input":"required name=search_term_string"}],"inLanguage":"it-IT"}]}},"_links":{"self":[{"href":"https:\/\/www.diocesi.torino.it\/caritas\/wp-json\/wp\/v2\/pages\/244"}],"collection":[{"href":"https:\/\/www.diocesi.torino.it\/caritas\/wp-json\/wp\/v2\/pages"}],"about":[{"href":"https:\/\/www.diocesi.torino.it\/caritas\/wp-json\/wp\/v2\/types\/page"}],"author":[{"embeddable":true,"href":"https:\/\/www.diocesi.torino.it\/caritas\/wp-json\/wp\/v2\/users\/1"}],"replies":[{"embeddable":true,"href":"https:\/\/www.diocesi.torino.it\/caritas\/wp-json\/wp\/v2\/comments?post=244"}],"version-history":[{"count":4,"href":"https:\/\/www.diocesi.torino.it\/caritas\/wp-json\/wp\/v2\/pages\/244\/revisions"}],"predecessor-version":[{"id":890,"href":"https:\/\/www.diocesi.torino.it\/caritas\/wp-json\/wp\/v2\/pages\/244\/revisions\/890"}],"wp:attachment":[{"href":"https:\/\/www.diocesi.torino.it\/caritas\/wp-json\/wp\/v2\/media?parent=244"}],"curies":[{"name":"wp","href":"https:\/\/api.w.org\/{rel}","templated":true}]}}