{"id":184,"date":"2018-10-18T10:45:30","date_gmt":"2018-10-18T08:45:30","guid":{"rendered":"http:\/\/www.diocesi.torino.it\/centrodiocesanovocazioni\/?page_id=184"},"modified":"2023-06-01T13:29:15","modified_gmt":"2023-06-01T11:29:15","slug":"propedeutica","status":"publish","type":"page","link":"https:\/\/www.diocesi.torino.it\/centrodiocesanovocazioni\/propedeutica\/","title":{"rendered":"Propedeutica"},"content":{"rendered":"<div id=\"pl-184\"  class=\"panel-layout\" ><div id=\"pg-184-0\"  class=\"panel-grid panel-no-style\" ><div id=\"pgc-184-0-0\"  class=\"panel-grid-cell\" ><div id=\"panel-184-0-0-0\" class=\"so-panel widget widget_sow-editor panel-first-child panel-last-child\" data-index=\"0\" ><div\n\t\t\t\n\t\t\tclass=\"so-widget-sow-editor so-widget-sow-editor-base\"\n\t\t\t\n\t\t>\n<div class=\"siteorigin-widget-tinymce textwidget\">\n\t<p><img decoding=\"async\" loading=\"lazy\" class=\"size-full wp-image-187 alignleft\" src=\"http:\/\/www.diocesi.torino.it\/centrodiocesanovocazioni\/wp-content\/uploads\/sites\/33\/2018\/10\/logo-prop.png\" alt=\"\" width=\"300\" height=\"300\" srcset=\"https:\/\/www.diocesi.torino.it\/centrodiocesanovocazioni\/wp-content\/uploads\/sites\/33\/2018\/10\/logo-prop.png 300w, https:\/\/www.diocesi.torino.it\/centrodiocesanovocazioni\/wp-content\/uploads\/sites\/33\/2018\/10\/logo-prop-150x150.png 150w, https:\/\/www.diocesi.torino.it\/centrodiocesanovocazioni\/wp-content\/uploads\/sites\/33\/2018\/10\/logo-prop-200x200.png 200w, https:\/\/www.diocesi.torino.it\/centrodiocesanovocazioni\/wp-content\/uploads\/sites\/33\/2018\/10\/logo-prop-280x280.png 280w, https:\/\/www.diocesi.torino.it\/centrodiocesanovocazioni\/wp-content\/uploads\/sites\/33\/2018\/10\/logo-prop-100x100.png 100w\" sizes=\"(max-width: 300px) 100vw, 300px\" \/>Cos\u2019\u00e8 la Propedeutica?<\/p>\n<p>Prima di essere un luogo, o un tempo, la Propedeutica \u00e8 una comunit\u00e0.<\/p>\n<p>Vi fanno parte giovani che hanno deciso di vivere un\u2019esperienza di discernimento in vista di un eventuale ingresso in Seminario Maggiore.<\/p>\n<p>Cos\u00ec la\u00a0Congregazione per il clero, nel documento \u201cIL DONO DELLA VOCAZIONE PRESBITERALE\u201d (8 dicembre 2016) presenta la Propedeutica:<\/p>\n<p>Dopo il\u00a0<strong>primo necessario discernimento vocazionale<\/strong>, la formazione pu\u00f2 essere suddivisa in due grandi momenti: la\u00a0<strong>formazione iniziale nel Seminario<\/strong>\u00a0e la\u00a0<strong>formazione permanente nella vita sacerdotale.<\/strong> (n. 54)<\/p>\n<p>La formazione iniziale riguarda il tempo precedente all\u2019ordinazione sacerdotale,\u00a0<strong>dall\u2019inizio del periodo propedeutico, che \u00e8 parte integrante di essa.<\/strong>\u00a0 (n. 55)<\/p>\n<p>Alla luce dell\u2019esperienza accumulata negli ultimi decenni, \u00e8 acquisito il riconoscimento della necessit\u00e0 di\u00a0<strong>dedicare interamente un periodo di tempo \u2013 ordinariamente non inferiore a un anno e non superiore a due<\/strong>\u00a0\u2013 a una preparazione di carattere introduttorio, in vista della successiva formazione sacerdotale o, invece, della decisione di intraprendere un diverso cammino di vita. La propedeutica \u00e8 una\u00a0<strong>tappa formativa indispensabile<\/strong>, con una sua specificit\u00e0. (n. 59)<\/p>\n<p>La fase propedeutica pu\u00f2 essere diversificata, a seconda delle culture e delle esperienze delle Chiese locali, ma in ogni caso dovr\u00e0 trattarsi di\u00a0<strong>un vero e proprio tempo di discernimento vocazionale, compiuto all\u2019interno di una vita comunitaria, e di un \u201cavviamento\u201d alle tappe successive della formazione iniziale<\/strong>.\u00a0\u00c8 conveniente che la fase propedeutica sia vissuta in una comunit\u00e0 distinta da quella del Seminario Maggiore e, laddove possibile, abbia anche una sede specifica.\u00a0 (n. 60)<\/p>\n<p style=\"text-align: center;\"><strong>Dal 1\u00b0 settembre 2023 il <a href=\"https:\/\/www.diocesi.torino.it\/centrodiocesanovocazioni\/don-simone-sassi-nuovo-rettore-della-comunita-propedeutica\/\" target=\"_blank\" rel=\"noopener\">Rettore della Comunit\u00e0 propedeutica diocesana \u00e8 don Simone Sassi<\/a><\/strong><\/p>\n<\/div>\n<\/div><\/div><\/div><\/div><\/div>","protected":false},"excerpt":{"rendered":"<p>Cos\u2019\u00e8 la Propedeutica? Prima di essere un luogo, o un tempo, la Propedeutica \u00e8 una comunit\u00e0. Vi fanno parte giovani che hanno deciso di vivere un\u2019esperienza di discernimento in vista di un eventuale ingresso in Seminario Maggiore. Cos\u00ec la\u00a0Congregazione per il clero, nel documento \u201cIL DONO DELLA VOCAZIONE PRESBITERALE\u201d (8 dicembre 2016) presenta la Propedeutica: Dopo il\u00a0primo necessario discernimento vocazionale, la formazione pu\u00f2 essere suddivisa &hellip; <a href=\"https:\/\/www.diocesi.torino.it\/centrodiocesanovocazioni\/propedeutica\/\" class=\"more-link\">Continua a leggere <span class=\"screen-reader-text\"><\/span> <span class=\"meta-nav\">&raquo;<\/span><\/a><\/p>\n","protected":false},"author":30,"featured_media":0,"parent":0,"menu_order":0,"comment_status":"closed","ping_status":"closed","template":"","meta":{"ip_address":"","user_agent":"","level":"","revision":"","cookie_id":"","page_referer":"","html_form":"","_expiration-date-status":"","_expiration-date":0,"_expiration-date-type":"","_expiration-date-categories":[],"_expiration-date-options":[]},"acf":[],"yoast_head":"<!-- This site is optimized with the Yoast SEO plugin v20.8 - https:\/\/yoast.com\/wordpress\/plugins\/seo\/ -->\n<title>Propedeutica - Centro Diocesano Vocazioni<\/title>\n<meta name=\"robots\" content=\"index, follow, max-snippet:-1, max-image-preview:large, max-video-preview:-1\" \/>\n<link rel=\"canonical\" href=\"https:\/\/www.diocesi.torino.it\/centrodiocesanovocazioni\/propedeutica\/\" \/>\n<meta property=\"og:locale\" content=\"it_IT\" \/>\n<meta property=\"og:type\" content=\"article\" \/>\n<meta property=\"og:title\" content=\"Propedeutica - Centro Diocesano Vocazioni\" \/>\n<meta property=\"og:description\" content=\"Cos\u2019\u00e8 la Propedeutica? Prima di essere un luogo, o un tempo, la Propedeutica \u00e8 una comunit\u00e0. Vi fanno parte giovani che hanno deciso di vivere un\u2019esperienza di discernimento in vista di un eventuale ingresso in Seminario Maggiore. Cos\u00ec la\u00a0Congregazione per il clero, nel documento \u201cIL DONO DELLA VOCAZIONE PRESBITERALE\u201d (8 dicembre 2016) presenta la Propedeutica: Dopo il\u00a0primo necessario discernimento vocazionale, la formazione pu\u00f2 essere suddivisa &hellip; Continua a leggere &raquo;\" \/>\n<meta property=\"og:url\" content=\"https:\/\/www.diocesi.torino.it\/centrodiocesanovocazioni\/propedeutica\/\" \/>\n<meta property=\"og:site_name\" content=\"Centro Diocesano Vocazioni\" \/>\n<meta property=\"article:modified_time\" content=\"2023-06-01T11:29:15+00:00\" \/>\n<meta property=\"og:image\" content=\"http:\/\/www.diocesi.torino.it\/centrodiocesanovocazioni\/wp-content\/uploads\/sites\/33\/2018\/10\/logo-prop.png\" \/>\n<meta name=\"twitter:card\" content=\"summary_large_image\" \/>\n<meta name=\"twitter:label1\" content=\"Tempo di lettura stimato\" \/>\n\t<meta name=\"twitter:data1\" content=\"2 minuti\" \/>\n<script type=\"application\/ld+json\" class=\"yoast-schema-graph\">{\"@context\":\"https:\/\/schema.org\",\"@graph\":[{\"@type\":\"WebPage\",\"@id\":\"https:\/\/www.diocesi.torino.it\/centrodiocesanovocazioni\/propedeutica\/\",\"url\":\"https:\/\/www.diocesi.torino.it\/centrodiocesanovocazioni\/propedeutica\/\",\"name\":\"Propedeutica - Centro Diocesano Vocazioni\",\"isPartOf\":{\"@id\":\"https:\/\/www.diocesi.torino.it\/centrodiocesanovocazioni\/#website\"},\"datePublished\":\"2018-10-18T08:45:30+00:00\",\"dateModified\":\"2023-06-01T11:29:15+00:00\",\"breadcrumb\":{\"@id\":\"https:\/\/www.diocesi.torino.it\/centrodiocesanovocazioni\/propedeutica\/#breadcrumb\"},\"inLanguage\":\"it-IT\",\"potentialAction\":[{\"@type\":\"ReadAction\",\"target\":[\"https:\/\/www.diocesi.torino.it\/centrodiocesanovocazioni\/propedeutica\/\"]}]},{\"@type\":\"BreadcrumbList\",\"@id\":\"https:\/\/www.diocesi.torino.it\/centrodiocesanovocazioni\/propedeutica\/#breadcrumb\",\"itemListElement\":[{\"@type\":\"ListItem\",\"position\":1,\"name\":\"Home\",\"item\":\"https:\/\/www.diocesi.torino.it\/centrodiocesanovocazioni\/\"},{\"@type\":\"ListItem\",\"position\":2,\"name\":\"Propedeutica\"}]},{\"@type\":\"WebSite\",\"@id\":\"https:\/\/www.diocesi.torino.it\/centrodiocesanovocazioni\/#website\",\"url\":\"https:\/\/www.diocesi.torino.it\/centrodiocesanovocazioni\/\",\"name\":\"Centro Diocesano Vocazioni\",\"description\":\"\",\"publisher\":{\"@id\":\"https:\/\/www.diocesi.torino.it\/centrodiocesanovocazioni\/#organization\"},\"potentialAction\":[{\"@type\":\"SearchAction\",\"target\":{\"@type\":\"EntryPoint\",\"urlTemplate\":\"https:\/\/www.diocesi.torino.it\/centrodiocesanovocazioni\/?s={search_term_string}\"},\"query-input\":\"required name=search_term_string\"}],\"inLanguage\":\"it-IT\"},{\"@type\":\"Organization\",\"@id\":\"https:\/\/www.diocesi.torino.it\/centrodiocesanovocazioni\/#organization\",\"name\":\"Centro Diocesano Vocazioni\",\"url\":\"https:\/\/www.diocesi.torino.it\/centrodiocesanovocazioni\/\",\"logo\":{\"@type\":\"ImageObject\",\"inLanguage\":\"it-IT\",\"@id\":\"https:\/\/www.diocesi.torino.it\/centrodiocesanovocazioni\/#\/schema\/logo\/image\/\",\"url\":\"https:\/\/www.diocesi.torino.it\/centrodiocesanovocazioni\/wp-content\/uploads\/sites\/33\/2018\/10\/logo-OMBRA_solo.png\",\"contentUrl\":\"https:\/\/www.diocesi.torino.it\/centrodiocesanovocazioni\/wp-content\/uploads\/sites\/33\/2018\/10\/logo-OMBRA_solo.png\",\"width\":122,\"height\":215,\"caption\":\"Centro Diocesano Vocazioni\"},\"image\":{\"@id\":\"https:\/\/www.diocesi.torino.it\/centrodiocesanovocazioni\/#\/schema\/logo\/image\/\"}}]}<\/script>\n<!-- \/ Yoast SEO plugin. -->","yoast_head_json":{"title":"Propedeutica - Centro Diocesano Vocazioni","robots":{"index":"index","follow":"follow","max-snippet":"max-snippet:-1","max-image-preview":"max-image-preview:large","max-video-preview":"max-video-preview:-1"},"canonical":"https:\/\/www.diocesi.torino.it\/centrodiocesanovocazioni\/propedeutica\/","og_locale":"it_IT","og_type":"article","og_title":"Propedeutica - Centro Diocesano Vocazioni","og_description":"Cos\u2019\u00e8 la Propedeutica? Prima di essere un luogo, o un tempo, la Propedeutica \u00e8 una comunit\u00e0. Vi fanno parte giovani che hanno deciso di vivere un\u2019esperienza di discernimento in vista di un eventuale ingresso in Seminario Maggiore. Cos\u00ec la\u00a0Congregazione per il clero, nel documento \u201cIL DONO DELLA VOCAZIONE PRESBITERALE\u201d (8 dicembre 2016) presenta la Propedeutica: Dopo il\u00a0primo necessario discernimento vocazionale, la formazione pu\u00f2 essere suddivisa &hellip; Continua a leggere &raquo;","og_url":"https:\/\/www.diocesi.torino.it\/centrodiocesanovocazioni\/propedeutica\/","og_site_name":"Centro Diocesano Vocazioni","article_modified_time":"2023-06-01T11:29:15+00:00","og_image":[{"url":"http:\/\/www.diocesi.torino.it\/centrodiocesanovocazioni\/wp-content\/uploads\/sites\/33\/2018\/10\/logo-prop.png"}],"twitter_card":"summary_large_image","twitter_misc":{"Tempo di lettura stimato":"2 minuti"},"schema":{"@context":"https:\/\/schema.org","@graph":[{"@type":"WebPage","@id":"https:\/\/www.diocesi.torino.it\/centrodiocesanovocazioni\/propedeutica\/","url":"https:\/\/www.diocesi.torino.it\/centrodiocesanovocazioni\/propedeutica\/","name":"Propedeutica - Centro Diocesano Vocazioni","isPartOf":{"@id":"https:\/\/www.diocesi.torino.it\/centrodiocesanovocazioni\/#website"},"datePublished":"2018-10-18T08:45:30+00:00","dateModified":"2023-06-01T11:29:15+00:00","breadcrumb":{"@id":"https:\/\/www.diocesi.torino.it\/centrodiocesanovocazioni\/propedeutica\/#breadcrumb"},"inLanguage":"it-IT","potentialAction":[{"@type":"ReadAction","target":["https:\/\/www.diocesi.torino.it\/centrodiocesanovocazioni\/propedeutica\/"]}]},{"@type":"BreadcrumbList","@id":"https:\/\/www.diocesi.torino.it\/centrodiocesanovocazioni\/propedeutica\/#breadcrumb","itemListElement":[{"@type":"ListItem","position":1,"name":"Home","item":"https:\/\/www.diocesi.torino.it\/centrodiocesanovocazioni\/"},{"@type":"ListItem","position":2,"name":"Propedeutica"}]},{"@type":"WebSite","@id":"https:\/\/www.diocesi.torino.it\/centrodiocesanovocazioni\/#website","url":"https:\/\/www.diocesi.torino.it\/centrodiocesanovocazioni\/","name":"Centro Diocesano Vocazioni","description":"","publisher":{"@id":"https:\/\/www.diocesi.torino.it\/centrodiocesanovocazioni\/#organization"},"potentialAction":[{"@type":"SearchAction","target":{"@type":"EntryPoint","urlTemplate":"https:\/\/www.diocesi.torino.it\/centrodiocesanovocazioni\/?s={search_term_string}"},"query-input":"required name=search_term_string"}],"inLanguage":"it-IT"},{"@type":"Organization","@id":"https:\/\/www.diocesi.torino.it\/centrodiocesanovocazioni\/#organization","name":"Centro Diocesano Vocazioni","url":"https:\/\/www.diocesi.torino.it\/centrodiocesanovocazioni\/","logo":{"@type":"ImageObject","inLanguage":"it-IT","@id":"https:\/\/www.diocesi.torino.it\/centrodiocesanovocazioni\/#\/schema\/logo\/image\/","url":"https:\/\/www.diocesi.torino.it\/centrodiocesanovocazioni\/wp-content\/uploads\/sites\/33\/2018\/10\/logo-OMBRA_solo.png","contentUrl":"https:\/\/www.diocesi.torino.it\/centrodiocesanovocazioni\/wp-content\/uploads\/sites\/33\/2018\/10\/logo-OMBRA_solo.png","width":122,"height":215,"caption":"Centro Diocesano Vocazioni"},"image":{"@id":"https:\/\/www.diocesi.torino.it\/centrodiocesanovocazioni\/#\/schema\/logo\/image\/"}}]}},"_links":{"self":[{"href":"https:\/\/www.diocesi.torino.it\/centrodiocesanovocazioni\/wp-json\/wp\/v2\/pages\/184"}],"collection":[{"href":"https:\/\/www.diocesi.torino.it\/centrodiocesanovocazioni\/wp-json\/wp\/v2\/pages"}],"about":[{"href":"https:\/\/www.diocesi.torino.it\/centrodiocesanovocazioni\/wp-json\/wp\/v2\/types\/page"}],"author":[{"embeddable":true,"href":"https:\/\/www.diocesi.torino.it\/centrodiocesanovocazioni\/wp-json\/wp\/v2\/users\/30"}],"replies":[{"embeddable":true,"href":"https:\/\/www.diocesi.torino.it\/centrodiocesanovocazioni\/wp-json\/wp\/v2\/comments?post=184"}],"version-history":[{"count":13,"href":"https:\/\/www.diocesi.torino.it\/centrodiocesanovocazioni\/wp-json\/wp\/v2\/pages\/184\/revisions"}],"predecessor-version":[{"id":483,"href":"https:\/\/www.diocesi.torino.it\/centrodiocesanovocazioni\/wp-json\/wp\/v2\/pages\/184\/revisions\/483"}],"wp:attachment":[{"href":"https:\/\/www.diocesi.torino.it\/centrodiocesanovocazioni\/wp-json\/wp\/v2\/media?parent=184"}],"curies":[{"name":"wp","href":"https:\/\/api.w.org\/{rel}","templated":true}]}}