{"id":41,"date":"2018-06-08T17:13:44","date_gmt":"2018-06-08T15:13:44","guid":{"rendered":"http:\/\/www.diocesi.torino.it\/centrodiocesanovocazioni\/?page_id=41"},"modified":"2025-10-23T10:42:59","modified_gmt":"2025-10-23T08:42:59","slug":"chi-siamo","status":"publish","type":"page","link":"https:\/\/www.diocesi.torino.it\/centrodiocesanovocazioni\/chi-siamo\/","title":{"rendered":"Chi siamo"},"content":{"rendered":"<div id=\"pl-41\"  class=\"panel-layout\" ><div id=\"pg-41-0\"  class=\"panel-grid panel-no-style\" ><div id=\"pgc-41-0-0\"  class=\"panel-grid-cell\" ><div id=\"panel-41-0-0-0\" class=\"so-panel widget widget_sow-editor panel-first-child panel-last-child\" data-index=\"0\" ><div\n\t\t\t\n\t\t\tclass=\"so-widget-sow-editor so-widget-sow-editor-base\"\n\t\t\t\n\t\t>\n<div class=\"siteorigin-widget-tinymce textwidget\">\n\t<p><img decoding=\"async\" loading=\"lazy\" class=\" wp-image-171 alignleft\" src=\"http:\/\/www.diocesi.torino.it\/centrodiocesanovocazioni\/wp-content\/uploads\/sites\/33\/2018\/10\/logo-OMBRA.png\" alt=\"\" width=\"315\" height=\"315\" \/>Il Centro Diocesano Vocazioni (CDV) \u00e8 espressione della cura pastorale della Chiesa diocesana per la dimensione vocazionale della vita dei fedeli e della comunit\u00e0.<\/p>\n<p>Il CDV esprime l\u2019impegno per l\u2019animazione e la cultura vocazionale, promuovendo e coordinando le attivit\u00e0 di orientamento vocazionale, ma anche favorendo un\u2019integrazione fra i diversi ambiti della pastorale e la dimensione vocazionale.<\/p>\n<p>Ne \u00e8 responsabile un direttore aiutato da un\u2019equipe di cui fanno parte sposi e famiglie, religiosi, religiose e sacerdoti: essi, insieme, sono l\u2019espressione concreta pi\u00f9 bella della multiforme ricchezza del mistero vocazionale.<\/p>\n<p>In particolare il CDV:<\/p>\n<ul>\n<li>\u00e8 un luogo di <strong>comunione vocazionale<\/strong>, dove la diversit\u00e0 di doni e ministeri della Chiesa sperimentano l\u2019unit\u00e0 della missione, ma anche la gioia e la fatica di lavorare insieme per le vocazioni;<\/li>\n<li>\u00e8 un organismo di <strong>servizio<\/strong>, uno strumento pastorale perch\u00e9 si possa integrare e valorizzare l\u2019animazione vocazionale nella pastorale delle comunit\u00e0 parrocchiali, coinvolgendo movimenti, gruppi, servizi e altre realt\u00e0 in esse operanti. Esso deve offrire la propria competenza alle comunit\u00e0 parrocchiali \u2013 senza volersi mai sostituire alle loro normali attivit\u00e0 \u2013 promuovendo itinerari di preghiera per le vocazioni e offrendo aiuti e presenza;<\/li>\n<li>\u00e8 un luogo di <strong>animazione e promozione vocazionale<\/strong>. Esso \u00e8 chiamato ad organizzare, in collaborazione con il Seminario Diocesano e con l\u2019Ufficio di Pastorale Giovanile, proposte di ricerca e orientamento vocazionale. Nell\u2019ambito del suo servizio di cura delle vocazioni, deve qualificare le proposte di spiritualit\u00e0, le proposte di servizio e i vari momenti di orientamento vocazionale con specifiche attenzioni ai fanciulli, adolescenti e giovani, se possibile in stretta collaborazione con i sacerdoti delle parrocchie e con gli educatori in genere;<\/li>\n<li>\u00e8 un luogo di <strong>coordinamento<\/strong>, attento a tutto ci\u00f2 che gi\u00e0 concretamente esiste nella vita della Chiesa locale. Deve favorire collaborazione e scambi per le singole iniziative vocazionali, e facilitare la conoscenza e la collaborazione tra le comunit\u00e0 di consacrati; Per questo \u00e8 necessario che il CDV sia presente negli spazi diocesani dove si pensano e si progettano itinerari pastorali, perch\u00e9 sia possibile valorizzare e favorire una sottolineatura vocazionale, inserendo e armonizzando le proprie attivit\u00e0 nel piano diocesano;<\/li>\n<li>\u00e8 un luogo di <strong>formazione<\/strong> e di approfondimento in cui promuovere lo studio degli aspetti teologici, psicologici e pedagogici della pastorale vocazionale; deve curare con adeguate iniziative la formazione degli \u201canimatori vocazionali\u201d della comunit\u00e0 cristiana (sacerdoti, religiosi, religiose, genitori, educatori, catechisti, animatori di gruppi giovanili ecc.); e sostenere gli animatori vocazionali parrocchiali l\u00e0 dove gi\u00e0 esistono; prevedere percorsi di formazione per accompagnatori spirituali e stimolare una convergenza di idee e di metodi tra gli animatori vocazionali.<\/li>\n<\/ul>\n<\/div>\n<\/div><\/div><\/div><div id=\"pgc-41-0-1\"  class=\"panel-grid-cell\" ><div id=\"panel-41-0-1-0\" class=\"so-panel widget widget_sow-editor panel-first-child panel-last-child\" data-index=\"1\" ><div\n\t\t\t\n\t\t\tclass=\"so-widget-sow-editor so-widget-sow-editor-base\"\n\t\t\t\n\t\t>\n<div class=\"siteorigin-widget-tinymce textwidget\">\n\t<h5><img decoding=\"async\" loading=\"lazy\" class=\"alignnone  wp-image-166\" style=\"color: #0a0a0a; font-size: 16px;\" src=\"https:\/\/www.diocesi.torino.it\/centrodiocesanovocazioni\/wp-content\/uploads\/sites\/33\/2018\/06\/contatti-1-1024x576.jpg\" alt=\"\" width=\"242\" height=\"136\" srcset=\"https:\/\/www.diocesi.torino.it\/centrodiocesanovocazioni\/wp-content\/uploads\/sites\/33\/2018\/06\/contatti-1.jpg 1024w, https:\/\/www.diocesi.torino.it\/centrodiocesanovocazioni\/wp-content\/uploads\/sites\/33\/2018\/06\/contatti-1-300x169.jpg 300w, https:\/\/www.diocesi.torino.it\/centrodiocesanovocazioni\/wp-content\/uploads\/sites\/33\/2018\/06\/contatti-1-768x432.jpg 768w, https:\/\/www.diocesi.torino.it\/centrodiocesanovocazioni\/wp-content\/uploads\/sites\/33\/2018\/06\/contatti-1-360x203.jpg 360w\" sizes=\"(max-width: 242px) 100vw, 242px\" \/><\/h5>\n<h5><strong>CONTATTI:<\/strong><\/h5>\n<p>via Biamonti 20 (presso Seminario di Torino)<\/p>\n<p>Tel. 011 8194555<\/p>\n<p>email:\u00a0<a href=\"mailto:seminarioditorino@gmail.com\" target=\"_blank\" rel=\"noopener\">seminarioditorino@gmail.com<\/a><\/p>\n<\/div>\n<\/div><\/div><\/div><\/div><\/div>","protected":false},"excerpt":{"rendered":"<p>Il Centro Diocesano Vocazioni (CDV) \u00e8 espressione della cura pastorale della Chiesa diocesana per la dimensione vocazionale della vita dei fedeli e della comunit\u00e0. Il CDV esprime l\u2019impegno per l\u2019animazione e la cultura vocazionale, promuovendo e coordinando le attivit\u00e0 di orientamento vocazionale, ma anche favorendo un\u2019integrazione fra i diversi ambiti della pastorale e la dimensione vocazionale. Ne \u00e8 responsabile un direttore aiutato da un\u2019equipe di &hellip; <a href=\"https:\/\/www.diocesi.torino.it\/centrodiocesanovocazioni\/chi-siamo\/\" class=\"more-link\">Continua a leggere <span class=\"screen-reader-text\"><\/span> <span class=\"meta-nav\">&raquo;<\/span><\/a><\/p>\n","protected":false},"author":2,"featured_media":0,"parent":0,"menu_order":0,"comment_status":"closed","ping_status":"closed","template":"","meta":{"ip_address":"","user_agent":"","level":"","revision":"","cookie_id":"","page_referer":"","html_form":"","_expiration-date-status":"","_expiration-date":0,"_expiration-date-type":"","_expiration-date-categories":[],"_expiration-date-options":[]},"acf":[],"yoast_head":"<!-- This site is optimized with the Yoast SEO plugin v20.8 - https:\/\/yoast.com\/wordpress\/plugins\/seo\/ -->\n<title>Chi siamo - Centro Diocesano Vocazioni<\/title>\n<meta name=\"robots\" content=\"index, follow, max-snippet:-1, max-image-preview:large, max-video-preview:-1\" \/>\n<link rel=\"canonical\" href=\"https:\/\/www.diocesi.torino.it\/centrodiocesanovocazioni\/chi-siamo\/\" \/>\n<meta property=\"og:locale\" content=\"it_IT\" \/>\n<meta property=\"og:type\" content=\"article\" \/>\n<meta property=\"og:title\" content=\"Chi siamo - Centro Diocesano Vocazioni\" \/>\n<meta property=\"og:description\" content=\"Il Centro Diocesano Vocazioni (CDV) \u00e8 espressione della cura pastorale della Chiesa diocesana per la dimensione vocazionale della vita dei fedeli e della comunit\u00e0. Il CDV esprime l\u2019impegno per l\u2019animazione e la cultura vocazionale, promuovendo e coordinando le attivit\u00e0 di orientamento vocazionale, ma anche favorendo un\u2019integrazione fra i diversi ambiti della pastorale e la dimensione vocazionale. Ne \u00e8 responsabile un direttore aiutato da un\u2019equipe di &hellip; Continua a leggere &raquo;\" \/>\n<meta property=\"og:url\" content=\"https:\/\/www.diocesi.torino.it\/centrodiocesanovocazioni\/chi-siamo\/\" \/>\n<meta property=\"og:site_name\" content=\"Centro Diocesano Vocazioni\" \/>\n<meta property=\"article:modified_time\" content=\"2025-10-23T08:42:59+00:00\" \/>\n<meta property=\"og:image\" content=\"http:\/\/www.diocesi.torino.it\/centrodiocesanovocazioni\/wp-content\/uploads\/sites\/33\/2018\/10\/logo-OMBRA.png\" \/>\n<meta name=\"twitter:card\" content=\"summary_large_image\" \/>\n<meta name=\"twitter:label1\" content=\"Tempo di lettura stimato\" \/>\n\t<meta name=\"twitter:data1\" content=\"3 minuti\" \/>\n<script type=\"application\/ld+json\" class=\"yoast-schema-graph\">{\"@context\":\"https:\/\/schema.org\",\"@graph\":[{\"@type\":\"WebPage\",\"@id\":\"https:\/\/www.diocesi.torino.it\/centrodiocesanovocazioni\/chi-siamo\/\",\"url\":\"https:\/\/www.diocesi.torino.it\/centrodiocesanovocazioni\/chi-siamo\/\",\"name\":\"Chi siamo - Centro Diocesano Vocazioni\",\"isPartOf\":{\"@id\":\"https:\/\/www.diocesi.torino.it\/centrodiocesanovocazioni\/#website\"},\"datePublished\":\"2018-06-08T15:13:44+00:00\",\"dateModified\":\"2025-10-23T08:42:59+00:00\",\"breadcrumb\":{\"@id\":\"https:\/\/www.diocesi.torino.it\/centrodiocesanovocazioni\/chi-siamo\/#breadcrumb\"},\"inLanguage\":\"it-IT\",\"potentialAction\":[{\"@type\":\"ReadAction\",\"target\":[\"https:\/\/www.diocesi.torino.it\/centrodiocesanovocazioni\/chi-siamo\/\"]}]},{\"@type\":\"BreadcrumbList\",\"@id\":\"https:\/\/www.diocesi.torino.it\/centrodiocesanovocazioni\/chi-siamo\/#breadcrumb\",\"itemListElement\":[{\"@type\":\"ListItem\",\"position\":1,\"name\":\"Home\",\"item\":\"https:\/\/www.diocesi.torino.it\/centrodiocesanovocazioni\/\"},{\"@type\":\"ListItem\",\"position\":2,\"name\":\"Chi siamo\"}]},{\"@type\":\"WebSite\",\"@id\":\"https:\/\/www.diocesi.torino.it\/centrodiocesanovocazioni\/#website\",\"url\":\"https:\/\/www.diocesi.torino.it\/centrodiocesanovocazioni\/\",\"name\":\"Centro Diocesano Vocazioni\",\"description\":\"\",\"publisher\":{\"@id\":\"https:\/\/www.diocesi.torino.it\/centrodiocesanovocazioni\/#organization\"},\"potentialAction\":[{\"@type\":\"SearchAction\",\"target\":{\"@type\":\"EntryPoint\",\"urlTemplate\":\"https:\/\/www.diocesi.torino.it\/centrodiocesanovocazioni\/?s={search_term_string}\"},\"query-input\":\"required name=search_term_string\"}],\"inLanguage\":\"it-IT\"},{\"@type\":\"Organization\",\"@id\":\"https:\/\/www.diocesi.torino.it\/centrodiocesanovocazioni\/#organization\",\"name\":\"Centro Diocesano Vocazioni\",\"url\":\"https:\/\/www.diocesi.torino.it\/centrodiocesanovocazioni\/\",\"logo\":{\"@type\":\"ImageObject\",\"inLanguage\":\"it-IT\",\"@id\":\"https:\/\/www.diocesi.torino.it\/centrodiocesanovocazioni\/#\/schema\/logo\/image\/\",\"url\":\"https:\/\/www.diocesi.torino.it\/centrodiocesanovocazioni\/wp-content\/uploads\/sites\/33\/2018\/10\/logo-OMBRA_solo.png\",\"contentUrl\":\"https:\/\/www.diocesi.torino.it\/centrodiocesanovocazioni\/wp-content\/uploads\/sites\/33\/2018\/10\/logo-OMBRA_solo.png\",\"width\":122,\"height\":215,\"caption\":\"Centro Diocesano Vocazioni\"},\"image\":{\"@id\":\"https:\/\/www.diocesi.torino.it\/centrodiocesanovocazioni\/#\/schema\/logo\/image\/\"}}]}<\/script>\n<!-- \/ Yoast SEO plugin. -->","yoast_head_json":{"title":"Chi siamo - Centro Diocesano Vocazioni","robots":{"index":"index","follow":"follow","max-snippet":"max-snippet:-1","max-image-preview":"max-image-preview:large","max-video-preview":"max-video-preview:-1"},"canonical":"https:\/\/www.diocesi.torino.it\/centrodiocesanovocazioni\/chi-siamo\/","og_locale":"it_IT","og_type":"article","og_title":"Chi siamo - Centro Diocesano Vocazioni","og_description":"Il Centro Diocesano Vocazioni (CDV) \u00e8 espressione della cura pastorale della Chiesa diocesana per la dimensione vocazionale della vita dei fedeli e della comunit\u00e0. Il CDV esprime l\u2019impegno per l\u2019animazione e la cultura vocazionale, promuovendo e coordinando le attivit\u00e0 di orientamento vocazionale, ma anche favorendo un\u2019integrazione fra i diversi ambiti della pastorale e la dimensione vocazionale. Ne \u00e8 responsabile un direttore aiutato da un\u2019equipe di &hellip; Continua a leggere &raquo;","og_url":"https:\/\/www.diocesi.torino.it\/centrodiocesanovocazioni\/chi-siamo\/","og_site_name":"Centro Diocesano Vocazioni","article_modified_time":"2025-10-23T08:42:59+00:00","og_image":[{"url":"http:\/\/www.diocesi.torino.it\/centrodiocesanovocazioni\/wp-content\/uploads\/sites\/33\/2018\/10\/logo-OMBRA.png"}],"twitter_card":"summary_large_image","twitter_misc":{"Tempo di lettura stimato":"3 minuti"},"schema":{"@context":"https:\/\/schema.org","@graph":[{"@type":"WebPage","@id":"https:\/\/www.diocesi.torino.it\/centrodiocesanovocazioni\/chi-siamo\/","url":"https:\/\/www.diocesi.torino.it\/centrodiocesanovocazioni\/chi-siamo\/","name":"Chi siamo - Centro Diocesano Vocazioni","isPartOf":{"@id":"https:\/\/www.diocesi.torino.it\/centrodiocesanovocazioni\/#website"},"datePublished":"2018-06-08T15:13:44+00:00","dateModified":"2025-10-23T08:42:59+00:00","breadcrumb":{"@id":"https:\/\/www.diocesi.torino.it\/centrodiocesanovocazioni\/chi-siamo\/#breadcrumb"},"inLanguage":"it-IT","potentialAction":[{"@type":"ReadAction","target":["https:\/\/www.diocesi.torino.it\/centrodiocesanovocazioni\/chi-siamo\/"]}]},{"@type":"BreadcrumbList","@id":"https:\/\/www.diocesi.torino.it\/centrodiocesanovocazioni\/chi-siamo\/#breadcrumb","itemListElement":[{"@type":"ListItem","position":1,"name":"Home","item":"https:\/\/www.diocesi.torino.it\/centrodiocesanovocazioni\/"},{"@type":"ListItem","position":2,"name":"Chi siamo"}]},{"@type":"WebSite","@id":"https:\/\/www.diocesi.torino.it\/centrodiocesanovocazioni\/#website","url":"https:\/\/www.diocesi.torino.it\/centrodiocesanovocazioni\/","name":"Centro Diocesano Vocazioni","description":"","publisher":{"@id":"https:\/\/www.diocesi.torino.it\/centrodiocesanovocazioni\/#organization"},"potentialAction":[{"@type":"SearchAction","target":{"@type":"EntryPoint","urlTemplate":"https:\/\/www.diocesi.torino.it\/centrodiocesanovocazioni\/?s={search_term_string}"},"query-input":"required name=search_term_string"}],"inLanguage":"it-IT"},{"@type":"Organization","@id":"https:\/\/www.diocesi.torino.it\/centrodiocesanovocazioni\/#organization","name":"Centro Diocesano Vocazioni","url":"https:\/\/www.diocesi.torino.it\/centrodiocesanovocazioni\/","logo":{"@type":"ImageObject","inLanguage":"it-IT","@id":"https:\/\/www.diocesi.torino.it\/centrodiocesanovocazioni\/#\/schema\/logo\/image\/","url":"https:\/\/www.diocesi.torino.it\/centrodiocesanovocazioni\/wp-content\/uploads\/sites\/33\/2018\/10\/logo-OMBRA_solo.png","contentUrl":"https:\/\/www.diocesi.torino.it\/centrodiocesanovocazioni\/wp-content\/uploads\/sites\/33\/2018\/10\/logo-OMBRA_solo.png","width":122,"height":215,"caption":"Centro Diocesano Vocazioni"},"image":{"@id":"https:\/\/www.diocesi.torino.it\/centrodiocesanovocazioni\/#\/schema\/logo\/image\/"}}]}},"_links":{"self":[{"href":"https:\/\/www.diocesi.torino.it\/centrodiocesanovocazioni\/wp-json\/wp\/v2\/pages\/41"}],"collection":[{"href":"https:\/\/www.diocesi.torino.it\/centrodiocesanovocazioni\/wp-json\/wp\/v2\/pages"}],"about":[{"href":"https:\/\/www.diocesi.torino.it\/centrodiocesanovocazioni\/wp-json\/wp\/v2\/types\/page"}],"author":[{"embeddable":true,"href":"https:\/\/www.diocesi.torino.it\/centrodiocesanovocazioni\/wp-json\/wp\/v2\/users\/2"}],"replies":[{"embeddable":true,"href":"https:\/\/www.diocesi.torino.it\/centrodiocesanovocazioni\/wp-json\/wp\/v2\/comments?post=41"}],"version-history":[{"count":16,"href":"https:\/\/www.diocesi.torino.it\/centrodiocesanovocazioni\/wp-json\/wp\/v2\/pages\/41\/revisions"}],"predecessor-version":[{"id":677,"href":"https:\/\/www.diocesi.torino.it\/centrodiocesanovocazioni\/wp-json\/wp\/v2\/pages\/41\/revisions\/677"}],"wp:attachment":[{"href":"https:\/\/www.diocesi.torino.it\/centrodiocesanovocazioni\/wp-json\/wp\/v2\/media?parent=41"}],"curies":[{"name":"wp","href":"https:\/\/api.w.org\/{rel}","templated":true}]}}