{"id":978,"date":"2020-09-25T11:45:46","date_gmt":"2020-09-25T09:45:46","guid":{"rendered":"http:\/\/www.diocesi.torino.it\/comunicazione\/?page_id=978"},"modified":"2024-02-20T17:42:02","modified_gmt":"2024-02-20T16:42:02","slug":"sportello-informatico-diocesano","status":"publish","type":"page","link":"https:\/\/www.diocesi.torino.it\/comunicazione\/sportello-informatico-diocesano\/","title":{"rendered":"SPORTELLO INFORMATICO DIOCESANO"},"content":{"rendered":"<div id=\"pl-978\"  class=\"panel-layout\" ><div id=\"pg-978-0\"  class=\"panel-grid panel-no-style\" ><div id=\"pgc-978-0-0\"  class=\"panel-grid-cell\" ><div id=\"panel-978-0-0-0\" class=\"so-panel widget widget_sow-editor panel-first-child panel-last-child\" data-index=\"0\" ><div\n\t\t\t\n\t\t\tclass=\"so-widget-sow-editor so-widget-sow-editor-base\"\n\t\t\t\n\t\t>\n<div class=\"siteorigin-widget-tinymce textwidget\">\n\t<p><span style=\"color: #008000;\"><strong>CHI SIAMO<\/strong><\/span><\/p>\n<p>Da ottobre 2020 \u00e8 attivo, presso i locali Curia metropolitana di Torino (via Val della Torre 3) lo \u201cSportello Informatico Diocesano\u201d, gestito in collaborazione con la societ\u00e0 Greensistemi di Torino.<\/p>\n<p>Una realt\u00e0 che si pone come obbiettivo di diventare un punto di riferimento per le parrocchie e per tutti gli Enti Religiosi sul territorio di Torino e dare risposte ai quesiti e alle problematiche legati al mondo del digitale e della privacy.<\/p>\n<p>Un ufficio dedicato, principalmente a tutti i religiosi che a vario titolo, seguono, questioni legate all\u2019informatica, che spesso, si trovano in difficolt\u00e0 e senza riferimenti.<\/p>\n<p><span style=\"color: #008000;\"><strong>SERVIZI<\/strong><\/span><\/p>\n<p>I servizi offerti sono molteplici e a prezzi di convenzione o totalmente gratuiti.<\/p>\n<p>Tra gli altri:<\/p>\n<ul>\n<li>Gestione della <strong><a href=\"http:\/\/www.diocesi.torino.it\/comunicazione\/978-2\/servizio-di-posta-elettronica\/\" target=\"_blank\" rel=\"noopener\">nuova posta elettronica diocesana<\/a><\/strong><\/li>\n<li>Consulenza in ambito del Regolamento Europeo sulla Protezione dei Dati \u2013 \u201cGDPR\u201d<\/li>\n<li>Consulenza e supporto in ambito informatico e digitale<\/li>\n<li>Formazione<\/li>\n<li>Noleggio aule informatiche<\/li>\n<li>Fornitura e vendita di componenti hardware a prezzi di stock<\/li>\n<li>Servizio di riparazione e vendita computer e portatili<\/li>\n<li>Software a prezzo di convenzione<\/li>\n<li>Contratti telefonici, mobili e fissi, personalizzati e stipulati con compagnie serie e affidabili<\/li>\n<li>e molto altro ancora...<\/li>\n<\/ul>\n<p><span style=\"color: #008000;\"><strong>SEDE E ORARI<\/strong><\/span><\/p>\n<p>Lo sportello \u00e8 in via Val della Torre 3 a Torino (a piano terra nel porticato del complesso del Santo Volto, dopo la reception) ed \u00e8 aperto con i seguenti orari:<\/p>\n<ul>\n<li><strong>accesso senza prenotazione<\/strong>: luned\u00ec, marted\u00ec, gioved\u00ec e venerd\u00ec ore 9.00 - 12.30<\/li>\n<li><strong>accesso su appuntamento<\/strong>: tutti i giorni ore 9.00 - 18.00.<\/li>\n<\/ul>\n<p><span style=\"color: #008000;\"><strong>CONTATTI<\/strong><\/span><\/p>\n<p>Tel: 0115156460;\u00a0email: <a href=\"mailto:assistenza.informatica@diocesi.to.it\">assistenza.informatica@diocesi.to.it<\/a><\/p>\n<p><span style=\"color: #008000;\"><strong>VIDEO-PRESENTAZIONE<\/strong><\/span><\/p>\n<p><iframe title=\"Diocesi di Torino: presentazione dello Sportello Informatico Diocesano\" width=\"800\" height=\"450\" src=\"https:\/\/www.youtube.com\/embed\/_YBx1gvwqGc?feature=oembed\" frameborder=\"0\" allow=\"accelerometer; autoplay; clipboard-write; encrypted-media; gyroscope; picture-in-picture; web-share\" allowfullscreen><\/iframe><\/p>\n<\/div>\n<\/div><\/div><\/div><div id=\"pgc-978-0-1\"  class=\"panel-grid-cell\" ><div id=\"panel-978-0-1-0\" class=\"so-panel widget widget_lsow-accordion panel-first-child panel-last-child\" data-index=\"1\" ><div class=\"panel-widget-style panel-widget-style-for-978-0-1-0\" ><div\n\t\t\t\n\t\t\tclass=\"so-widget-lsow-accordion so-widget-lsow-accordion-default-d75171398898-978\"\n\t\t\t\n\t\t>\n<div class=\"lsow-accordion style2\" data-toggle=\"false\" data-expanded=\"false\"><div class=\"lsow-panel\" id=\"\"><div class=\"lsow-panel-title\">CONTATTI<\/div><div class=\"lsow-panel-content\"><p>Sede: <strong>via Val della Torre 3 - 10149 Torino<\/strong><\/p>\n<p>Tel:<strong> + 39 011 51 56 460<\/strong><\/p>\n<p>email: <strong><a href=\"mailto:assistenza.informatica@diocesi.to.it\">assistenza.informatica@diocesi.to.it<\/a><\/strong><\/p>\n<p>&nbsp;<\/p>\n<\/div><\/div><!-- .lsow-panel --><div class=\"lsow-panel\" id=\"\"><div class=\"lsow-panel-title\">ORARI<\/div><div class=\"lsow-panel-content\"><p><strong>accesso senza prenotazione<\/strong>: luned\u00ec, marted\u00ec, gioved\u00ec e venerd\u00ec ore 9.00 - 12.30<\/p>\n<p><strong>accesso su appuntamento<\/strong>: tutti i giorni ore 9.00 - 18.00.<\/p>\n<\/div><\/div><!-- .lsow-panel --><div class=\"lsow-panel\" id=\"\"><div class=\"lsow-panel-title\">POSTA PARROCCHIE<\/div><div class=\"lsow-panel-content\"><p>Per accedere al nuovo servizio di posta per le parrocchie<\/p>\n<h3><strong><a href=\"https:\/\/outlook.office.com\">CLICCARE QUI<\/a><\/strong><\/h3>\n<p>Per eventuali disguidi: scrivere a <a href=\"mailto:assistenza.informatica@diocesi.torino.it\">assistenza.informatica@diocesi.to.it<\/a> o tel. 011 5156460<\/p>\n<\/div><\/div><!-- .lsow-panel --><div class=\"lsow-panel\" id=\"\"><div class=\"lsow-panel-title\">PRIVACY<\/div><div class=\"lsow-panel-content\"><ul>\n<li><strong>Informativa sulla privacy<\/strong>: <a href=\"https:\/\/www.diocesi.torino.it\/site\/informativa-sulla-privacy\/\" target=\"_blank\" rel=\"noopener\">https:\/\/www.diocesi.torino.it\/site\/informativa-sulla-privacy\/<\/a><\/li>\n<li><strong>Codice di comportamento addetti al trattamento dati<\/strong>: <a href=\"https:\/\/www.diocesi.torino.it\/comunicazione\/wp-content\/uploads\/sites\/2\/2024\/02\/Codice_comportamento_Diocesi_Torino_agg_0-.02-2024.pdf\">Codice_comportamento_Diocesi_Torino_agg_08-02-2024<\/a><\/li>\n<\/ul>\n<\/div><\/div><!-- .lsow-panel --><\/div><!-- .lsow-accordion --><\/div><\/div><\/div><\/div><\/div><\/div><hr class=\"wpba_attachment_hr\"><div id='wpba_attachment_list' class='wpba wpba-wrap'>\n<ul class='wpba-attachment-list unstyled'><li id='wpba_attachment_list_1521' class='wpba-list-item pull-left'><img src='https:\/\/www.diocesi.torino.it\/comunicazione\/wp-content\/themes\/wp-starter-so\/icons\/document.png' width='16' height='20' class='wpba-icon pull-left'><a href='https:\/\/www.diocesi.torino.it\/comunicazione\/wp-content\/uploads\/sites\/2\/2024\/02\/Codice_comportamento_Diocesi_Torino_agg_0-.02-2024.pdf' title='Codice_comportamento_Diocesi_Torino_agg_0-.02-2024' class='wpba-link pull-left' target=\"_blank\">Codice_comportamento_Diocesi_Torino_agg_0-.02-2024<\/a><\/li>\n<\/ul><\/div>\n","protected":false},"excerpt":{"rendered":"<p>CHI SIAMO Da ottobre 2020 \u00e8 attivo, presso i locali Curia metropolitana di Torino (via Val della Torre 3) lo \u201cSportello Informatico Diocesano\u201d, gestito in collaborazione con la societ\u00e0 Greensistemi di Torino. Una realt\u00e0 che si pone come obbiettivo di diventare un punto di riferimento per le parrocchie e per tutti gli Enti Religiosi sul territorio di Torino e dare risposte ai quesiti e alle &hellip; <a href=\"https:\/\/www.diocesi.torino.it\/comunicazione\/sportello-informatico-diocesano\/\" class=\"more-link\">Continua a leggere <span class=\"screen-reader-text\"><\/span> <span class=\"meta-nav\">&raquo;<\/span><\/a><\/p>\n","protected":false},"author":2,"featured_media":0,"parent":0,"menu_order":0,"comment_status":"closed","ping_status":"closed","template":"","meta":{"ip_address":"","user_agent":"","level":"","revision":"","cookie_id":"","page_referer":"","html_form":"","_expiration-date-status":"","_expiration-date":0,"_expiration-date-type":"","_expiration-date-categories":[],"_expiration-date-options":[]},"acf":[],"yoast_head":"<!-- This site is optimized with the Yoast SEO plugin v20.8 - https:\/\/yoast.com\/wordpress\/plugins\/seo\/ -->\n<title>SPORTELLO INFORMATICO DIOCESANO - Servizi di Comunicazione e Media<\/title>\n<meta name=\"robots\" content=\"index, follow, max-snippet:-1, max-image-preview:large, max-video-preview:-1\" \/>\n<link rel=\"canonical\" href=\"https:\/\/www.diocesi.torino.it\/comunicazione\/sportello-informatico-diocesano\/\" \/>\n<meta property=\"og:locale\" content=\"it_IT\" \/>\n<meta property=\"og:type\" content=\"article\" \/>\n<meta property=\"og:title\" content=\"SPORTELLO INFORMATICO DIOCESANO - Servizi di Comunicazione e Media\" \/>\n<meta property=\"og:description\" content=\"CHI SIAMO Da ottobre 2020 \u00e8 attivo, presso i locali Curia metropolitana di Torino (via Val della Torre 3) lo \u201cSportello Informatico Diocesano\u201d, gestito in collaborazione con la societ\u00e0 Greensistemi di Torino. Una realt\u00e0 che si pone come obbiettivo di diventare un punto di riferimento per le parrocchie e per tutti gli Enti Religiosi sul territorio di Torino e dare risposte ai quesiti e alle &hellip; Continua a leggere &raquo;\" \/>\n<meta property=\"og:url\" content=\"https:\/\/www.diocesi.torino.it\/comunicazione\/sportello-informatico-diocesano\/\" \/>\n<meta property=\"og:site_name\" content=\"Servizi di Comunicazione e Media\" \/>\n<meta property=\"article:modified_time\" content=\"2024-02-20T16:42:02+00:00\" \/>\n<meta name=\"twitter:card\" content=\"summary_large_image\" \/>\n<meta name=\"twitter:label1\" content=\"Tempo di lettura stimato\" \/>\n\t<meta name=\"twitter:data1\" content=\"2 minuti\" \/>\n<script type=\"application\/ld+json\" class=\"yoast-schema-graph\">{\"@context\":\"https:\/\/schema.org\",\"@graph\":[{\"@type\":\"WebPage\",\"@id\":\"https:\/\/www.diocesi.torino.it\/comunicazione\/sportello-informatico-diocesano\/\",\"url\":\"https:\/\/www.diocesi.torino.it\/comunicazione\/sportello-informatico-diocesano\/\",\"name\":\"SPORTELLO INFORMATICO DIOCESANO - Servizi di Comunicazione e Media\",\"isPartOf\":{\"@id\":\"https:\/\/www.diocesi.torino.it\/comunicazione\/#website\"},\"datePublished\":\"2020-09-25T09:45:46+00:00\",\"dateModified\":\"2024-02-20T16:42:02+00:00\",\"breadcrumb\":{\"@id\":\"https:\/\/www.diocesi.torino.it\/comunicazione\/sportello-informatico-diocesano\/#breadcrumb\"},\"inLanguage\":\"it-IT\",\"potentialAction\":[{\"@type\":\"ReadAction\",\"target\":[\"https:\/\/www.diocesi.torino.it\/comunicazione\/sportello-informatico-diocesano\/\"]}]},{\"@type\":\"BreadcrumbList\",\"@id\":\"https:\/\/www.diocesi.torino.it\/comunicazione\/sportello-informatico-diocesano\/#breadcrumb\",\"itemListElement\":[{\"@type\":\"ListItem\",\"position\":1,\"name\":\"Home\",\"item\":\"https:\/\/www.diocesi.torino.it\/comunicazione\/\"},{\"@type\":\"ListItem\",\"position\":2,\"name\":\"SPORTELLO INFORMATICO DIOCESANO\"}]},{\"@type\":\"WebSite\",\"@id\":\"https:\/\/www.diocesi.torino.it\/comunicazione\/#website\",\"url\":\"https:\/\/www.diocesi.torino.it\/comunicazione\/\",\"name\":\"Servizi di Comunicazione e Media\",\"description\":\"\",\"potentialAction\":[{\"@type\":\"SearchAction\",\"target\":{\"@type\":\"EntryPoint\",\"urlTemplate\":\"https:\/\/www.diocesi.torino.it\/comunicazione\/?s={search_term_string}\"},\"query-input\":\"required name=search_term_string\"}],\"inLanguage\":\"it-IT\"}]}<\/script>\n<!-- \/ Yoast SEO plugin. -->","yoast_head_json":{"title":"SPORTELLO INFORMATICO DIOCESANO - Servizi di Comunicazione e Media","robots":{"index":"index","follow":"follow","max-snippet":"max-snippet:-1","max-image-preview":"max-image-preview:large","max-video-preview":"max-video-preview:-1"},"canonical":"https:\/\/www.diocesi.torino.it\/comunicazione\/sportello-informatico-diocesano\/","og_locale":"it_IT","og_type":"article","og_title":"SPORTELLO INFORMATICO DIOCESANO - Servizi di Comunicazione e Media","og_description":"CHI SIAMO Da ottobre 2020 \u00e8 attivo, presso i locali Curia metropolitana di Torino (via Val della Torre 3) lo \u201cSportello Informatico Diocesano\u201d, gestito in collaborazione con la societ\u00e0 Greensistemi di Torino. Una realt\u00e0 che si pone come obbiettivo di diventare un punto di riferimento per le parrocchie e per tutti gli Enti Religiosi sul territorio di Torino e dare risposte ai quesiti e alle &hellip; Continua a leggere &raquo;","og_url":"https:\/\/www.diocesi.torino.it\/comunicazione\/sportello-informatico-diocesano\/","og_site_name":"Servizi di Comunicazione e Media","article_modified_time":"2024-02-20T16:42:02+00:00","twitter_card":"summary_large_image","twitter_misc":{"Tempo di lettura stimato":"2 minuti"},"schema":{"@context":"https:\/\/schema.org","@graph":[{"@type":"WebPage","@id":"https:\/\/www.diocesi.torino.it\/comunicazione\/sportello-informatico-diocesano\/","url":"https:\/\/www.diocesi.torino.it\/comunicazione\/sportello-informatico-diocesano\/","name":"SPORTELLO INFORMATICO DIOCESANO - Servizi di Comunicazione e Media","isPartOf":{"@id":"https:\/\/www.diocesi.torino.it\/comunicazione\/#website"},"datePublished":"2020-09-25T09:45:46+00:00","dateModified":"2024-02-20T16:42:02+00:00","breadcrumb":{"@id":"https:\/\/www.diocesi.torino.it\/comunicazione\/sportello-informatico-diocesano\/#breadcrumb"},"inLanguage":"it-IT","potentialAction":[{"@type":"ReadAction","target":["https:\/\/www.diocesi.torino.it\/comunicazione\/sportello-informatico-diocesano\/"]}]},{"@type":"BreadcrumbList","@id":"https:\/\/www.diocesi.torino.it\/comunicazione\/sportello-informatico-diocesano\/#breadcrumb","itemListElement":[{"@type":"ListItem","position":1,"name":"Home","item":"https:\/\/www.diocesi.torino.it\/comunicazione\/"},{"@type":"ListItem","position":2,"name":"SPORTELLO INFORMATICO DIOCESANO"}]},{"@type":"WebSite","@id":"https:\/\/www.diocesi.torino.it\/comunicazione\/#website","url":"https:\/\/www.diocesi.torino.it\/comunicazione\/","name":"Servizi di Comunicazione e Media","description":"","potentialAction":[{"@type":"SearchAction","target":{"@type":"EntryPoint","urlTemplate":"https:\/\/www.diocesi.torino.it\/comunicazione\/?s={search_term_string}"},"query-input":"required name=search_term_string"}],"inLanguage":"it-IT"}]}},"_links":{"self":[{"href":"https:\/\/www.diocesi.torino.it\/comunicazione\/wp-json\/wp\/v2\/pages\/978"}],"collection":[{"href":"https:\/\/www.diocesi.torino.it\/comunicazione\/wp-json\/wp\/v2\/pages"}],"about":[{"href":"https:\/\/www.diocesi.torino.it\/comunicazione\/wp-json\/wp\/v2\/types\/page"}],"author":[{"embeddable":true,"href":"https:\/\/www.diocesi.torino.it\/comunicazione\/wp-json\/wp\/v2\/users\/2"}],"replies":[{"embeddable":true,"href":"https:\/\/www.diocesi.torino.it\/comunicazione\/wp-json\/wp\/v2\/comments?post=978"}],"version-history":[{"count":50,"href":"https:\/\/www.diocesi.torino.it\/comunicazione\/wp-json\/wp\/v2\/pages\/978\/revisions"}],"predecessor-version":[{"id":1523,"href":"https:\/\/www.diocesi.torino.it\/comunicazione\/wp-json\/wp\/v2\/pages\/978\/revisions\/1523"}],"wp:attachment":[{"href":"https:\/\/www.diocesi.torino.it\/comunicazione\/wp-json\/wp\/v2\/media?parent=978"}],"curies":[{"name":"wp","href":"https:\/\/api.w.org\/{rel}","templated":true}]}}