{"id":191,"date":"2010-06-01T13:26:00","date_gmt":"2010-06-01T11:26:00","guid":{"rendered":"http:\/\/www.diocesi.torino.it\/disciplinadeisacramenti\/informazioni-generali\/"},"modified":"2023-11-24T09:01:18","modified_gmt":"2023-11-24T08:01:18","slug":"informazioni-generali","status":"publish","type":"page","link":"https:\/\/www.diocesi.torino.it\/disciplinadeisacramenti\/informazioni-generali\/","title":{"rendered":"Informazioni generali"},"content":{"rendered":"<div id=\"pl-191\"  class=\"panel-layout\" ><div id=\"pg-191-0\"  class=\"panel-grid panel-no-style\" ><div id=\"pgc-191-0-0\"  class=\"panel-grid-cell\" ><div id=\"panel-191-0-0-0\" class=\"so-panel widget widget_sow-editor panel-first-child panel-last-child\" data-index=\"0\" ><div\n\t\t\t\n\t\t\tclass=\"so-widget-sow-editor so-widget-sow-editor-base\"\n\t\t\t\n\t\t>\n<div class=\"siteorigin-widget-tinymce textwidget\">\n\t<div>\n<h5><strong><span style=\"color: #339966;\">DISCIPLINA DEI SACRAMENTI<\/span><\/strong><\/h5>\n<p><strong>RECAPITI:<\/strong> via Val della Torre 3 - 10149 Torino, tel. 011\/51.56.325, <a href=\"mailto:sacramenti@diocesi.to.it\">sacramenti@diocesi.to.it<\/a><\/p>\n<p><strong>INCARICHI: <\/strong><\/p>\n<ul>\n<li>Responsabili: diac. Mario\u00a0Morgagni\u00a0e diac. Andrea Savino<\/li>\n<\/ul>\n<\/div>\n<p>Il servizio prevede il rilascio di dispense, licenze o autorizzazioni per la celebrazione dei matrimoni ed \u00e8 <strong>attivo dal luned\u00ec al gioved\u00ec dalle ore 9 alle ore 12<\/strong>. Per accedere al servizio \u00e8 <strong>necessario prendere appuntamento<\/strong> telefonando al numero 011.51.56.325.<br \/>\nI fedeli ed i parroci che debbano presentare situazioni particolari relative all\u2019ammissione ai sacramenti possono inviare al servizio Disciplina dei Sacramenti una mail oppure telefonare nei giorni e negli orari segnalati.<\/p>\n<hr \/>\n<h5><strong><span style=\"color: #339966;\">VIDIMAZIONE DOCUMENTI MATRIMONIALI<\/span><\/strong><\/h5>\n<p><strong>RECAPITI:<\/strong> via Val della Torre 3 - 10149 Torino, tel. 011\/51.56.323, <a href=\"mailto:protocollo.matrimoni@diocesi.to.it\">protocollo.matrimoni@diocesi.to.it<\/a><\/p>\n<p><strong>INCARICHI:<\/strong><\/p>\n<ul>\n<li><span style=\"font-size: inherit;\">Notai: diac. Valter Casse, diac. Beppe Carretta<\/span><span style=\"font-size: inherit;\"> e <\/span><span style=\"font-size: inherit;\">diac. Benedetto Laudito\u00a0<\/span><\/li>\n<\/ul>\n<p>Il servizio prevede il rilascio del nulla osta per i matrimoni da celebrare fuori dall\u2019Arcidiocesi di Torino ed \u00e8 <strong>attivo su appuntamento dal luned\u00ec al venerd\u00ec dalle ore 9 alle ore 12<\/strong>.<br \/>\nNel giorno concordato per il rilascio del nulla osta pu\u00f2 presentarsi, munito dei documenti consegnati dalla parrocchia che ha curato le pratiche matrimoniali (stato dei documenti e pubblicazioni civili se non si \u00e8 gi\u00e0 coniugati civilmente), uno dei nubendi o una persona da loro incaricata senza delega.<br \/>\nNel momento in cui si fissa l\u2019appuntamento occorre segnalare se si celebra il matrimonio all\u2019estero, in modo che possano essere fornite puntuali indicazioni sui documenti da presentare e vidimare.<\/p>\n<hr \/>\n<h5><span style=\"color: #339966;\"><strong>PRENOTAZIONI CRESIME<\/strong><\/span><\/h5>\n<p><strong>RECAPITI:<\/strong> via Val della Torre 3 - 10149 Torino, tel. 011\/51.56.321<\/p>\n<div>\n<p><strong>INCARICHI:<\/strong><\/p>\n<ul>\n<li><span style=\"font-size: inherit;\">Addetto: diac. Valter Casse<\/span><\/li>\n<\/ul>\n<p>ll servizio, rivolto ai parroci e amministratori parrocchiali, gestisce le richieste di prenotazione cresime. I parroci e gli amministratori parrocchiali per inoltrare la propria richiesta possono: accedere al sito e <strong>compilare il modulo \u201cprenotazioni cresime\u201d<\/strong> segnalato con omonimo banner, oppure <strong>telefonare al numero 011.51.56.321 al mattino dal luned\u00ec al venerd\u00ec<\/strong>.<\/p>\n<\/div>\n<div><\/div>\n<\/div>\n<\/div><\/div><\/div><\/div><\/div>","protected":false},"excerpt":{"rendered":"<p>DISCIPLINA DEI SACRAMENTI RECAPITI: via Val della Torre 3 &#8211; 10149 Torino, tel. 011\/51.56.325, sacramenti@diocesi.to.it INCARICHI: Responsabili: diac. Mario\u00a0Morgagni\u00a0e diac. Andrea Savino Il servizio prevede il rilascio di dispense, licenze o autorizzazioni per la celebrazione dei matrimoni ed \u00e8 attivo dal luned\u00ec al gioved\u00ec dalle ore 9 alle ore 12. Per accedere al servizio \u00e8 necessario prendere appuntamento telefonando al numero 011.51.56.325. I fedeli ed &hellip; <a href=\"https:\/\/www.diocesi.torino.it\/disciplinadeisacramenti\/informazioni-generali\/\" class=\"more-link\">Continua a leggere <span class=\"screen-reader-text\"><\/span> <span class=\"meta-nav\">&raquo;<\/span><\/a><\/p>\n","protected":false},"author":1,"featured_media":0,"parent":0,"menu_order":0,"comment_status":"closed","ping_status":"closed","template":"","meta":{"ip_address":"","user_agent":"","level":"","revision":"","cookie_id":"","page_referer":"","html_form":"","_expiration-date-status":"","_expiration-date":0,"_expiration-date-type":"","_expiration-date-categories":[],"_expiration-date-options":[]},"acf":[],"yoast_head":"<!-- This site is optimized with the Yoast SEO plugin v20.8 - https:\/\/yoast.com\/wordpress\/plugins\/seo\/ -->\n<title>Informazioni generali - Disciplina dei Sacramenti<\/title>\n<meta name=\"robots\" content=\"index, follow, max-snippet:-1, max-image-preview:large, max-video-preview:-1\" \/>\n<link rel=\"canonical\" href=\"https:\/\/www.diocesi.torino.it\/disciplinadeisacramenti\/informazioni-generali\/\" \/>\n<meta property=\"og:locale\" content=\"it_IT\" \/>\n<meta property=\"og:type\" content=\"article\" \/>\n<meta property=\"og:title\" content=\"Informazioni generali - Disciplina dei Sacramenti\" \/>\n<meta property=\"og:description\" content=\"DISCIPLINA DEI SACRAMENTI RECAPITI: via Val della Torre 3 - 10149 Torino, tel. 011\/51.56.325, sacramenti@diocesi.to.it INCARICHI: Responsabili: diac. Mario\u00a0Morgagni\u00a0e diac. Andrea Savino Il servizio prevede il rilascio di dispense, licenze o autorizzazioni per la celebrazione dei matrimoni ed \u00e8 attivo dal luned\u00ec al gioved\u00ec dalle ore 9 alle ore 12. Per accedere al servizio \u00e8 necessario prendere appuntamento telefonando al numero 011.51.56.325. I fedeli ed &hellip; Continua a leggere &raquo;\" \/>\n<meta property=\"og:url\" content=\"https:\/\/www.diocesi.torino.it\/disciplinadeisacramenti\/informazioni-generali\/\" \/>\n<meta property=\"og:site_name\" content=\"Disciplina dei Sacramenti\" \/>\n<meta property=\"article:modified_time\" content=\"2023-11-24T08:01:18+00:00\" \/>\n<meta name=\"twitter:card\" content=\"summary_large_image\" \/>\n<meta name=\"twitter:label1\" content=\"Tempo di lettura stimato\" \/>\n\t<meta name=\"twitter:data1\" content=\"2 minuti\" \/>\n<script type=\"application\/ld+json\" class=\"yoast-schema-graph\">{\"@context\":\"https:\/\/schema.org\",\"@graph\":[{\"@type\":\"WebPage\",\"@id\":\"https:\/\/www.diocesi.torino.it\/disciplinadeisacramenti\/informazioni-generali\/\",\"url\":\"https:\/\/www.diocesi.torino.it\/disciplinadeisacramenti\/informazioni-generali\/\",\"name\":\"Informazioni generali - Disciplina dei Sacramenti\",\"isPartOf\":{\"@id\":\"https:\/\/www.diocesi.torino.it\/disciplinadeisacramenti\/#website\"},\"datePublished\":\"2010-06-01T11:26:00+00:00\",\"dateModified\":\"2023-11-24T08:01:18+00:00\",\"breadcrumb\":{\"@id\":\"https:\/\/www.diocesi.torino.it\/disciplinadeisacramenti\/informazioni-generali\/#breadcrumb\"},\"inLanguage\":\"it-IT\",\"potentialAction\":[{\"@type\":\"ReadAction\",\"target\":[\"https:\/\/www.diocesi.torino.it\/disciplinadeisacramenti\/informazioni-generali\/\"]}]},{\"@type\":\"BreadcrumbList\",\"@id\":\"https:\/\/www.diocesi.torino.it\/disciplinadeisacramenti\/informazioni-generali\/#breadcrumb\",\"itemListElement\":[{\"@type\":\"ListItem\",\"position\":1,\"name\":\"Home\",\"item\":\"https:\/\/www.diocesi.torino.it\/disciplinadeisacramenti\/\"},{\"@type\":\"ListItem\",\"position\":2,\"name\":\"Informazioni generali\"}]},{\"@type\":\"WebSite\",\"@id\":\"https:\/\/www.diocesi.torino.it\/disciplinadeisacramenti\/#website\",\"url\":\"https:\/\/www.diocesi.torino.it\/disciplinadeisacramenti\/\",\"name\":\"Disciplina dei Sacramenti\",\"description\":\"\",\"potentialAction\":[{\"@type\":\"SearchAction\",\"target\":{\"@type\":\"EntryPoint\",\"urlTemplate\":\"https:\/\/www.diocesi.torino.it\/disciplinadeisacramenti\/?s={search_term_string}\"},\"query-input\":\"required name=search_term_string\"}],\"inLanguage\":\"it-IT\"}]}<\/script>\n<!-- \/ Yoast SEO plugin. -->","yoast_head_json":{"title":"Informazioni generali - Disciplina dei Sacramenti","robots":{"index":"index","follow":"follow","max-snippet":"max-snippet:-1","max-image-preview":"max-image-preview:large","max-video-preview":"max-video-preview:-1"},"canonical":"https:\/\/www.diocesi.torino.it\/disciplinadeisacramenti\/informazioni-generali\/","og_locale":"it_IT","og_type":"article","og_title":"Informazioni generali - Disciplina dei Sacramenti","og_description":"DISCIPLINA DEI SACRAMENTI RECAPITI: via Val della Torre 3 - 10149 Torino, tel. 011\/51.56.325, sacramenti@diocesi.to.it INCARICHI: Responsabili: diac. Mario\u00a0Morgagni\u00a0e diac. Andrea Savino Il servizio prevede il rilascio di dispense, licenze o autorizzazioni per la celebrazione dei matrimoni ed \u00e8 attivo dal luned\u00ec al gioved\u00ec dalle ore 9 alle ore 12. Per accedere al servizio \u00e8 necessario prendere appuntamento telefonando al numero 011.51.56.325. I fedeli ed &hellip; Continua a leggere &raquo;","og_url":"https:\/\/www.diocesi.torino.it\/disciplinadeisacramenti\/informazioni-generali\/","og_site_name":"Disciplina dei Sacramenti","article_modified_time":"2023-11-24T08:01:18+00:00","twitter_card":"summary_large_image","twitter_misc":{"Tempo di lettura stimato":"2 minuti"},"schema":{"@context":"https:\/\/schema.org","@graph":[{"@type":"WebPage","@id":"https:\/\/www.diocesi.torino.it\/disciplinadeisacramenti\/informazioni-generali\/","url":"https:\/\/www.diocesi.torino.it\/disciplinadeisacramenti\/informazioni-generali\/","name":"Informazioni generali - Disciplina dei Sacramenti","isPartOf":{"@id":"https:\/\/www.diocesi.torino.it\/disciplinadeisacramenti\/#website"},"datePublished":"2010-06-01T11:26:00+00:00","dateModified":"2023-11-24T08:01:18+00:00","breadcrumb":{"@id":"https:\/\/www.diocesi.torino.it\/disciplinadeisacramenti\/informazioni-generali\/#breadcrumb"},"inLanguage":"it-IT","potentialAction":[{"@type":"ReadAction","target":["https:\/\/www.diocesi.torino.it\/disciplinadeisacramenti\/informazioni-generali\/"]}]},{"@type":"BreadcrumbList","@id":"https:\/\/www.diocesi.torino.it\/disciplinadeisacramenti\/informazioni-generali\/#breadcrumb","itemListElement":[{"@type":"ListItem","position":1,"name":"Home","item":"https:\/\/www.diocesi.torino.it\/disciplinadeisacramenti\/"},{"@type":"ListItem","position":2,"name":"Informazioni generali"}]},{"@type":"WebSite","@id":"https:\/\/www.diocesi.torino.it\/disciplinadeisacramenti\/#website","url":"https:\/\/www.diocesi.torino.it\/disciplinadeisacramenti\/","name":"Disciplina dei Sacramenti","description":"","potentialAction":[{"@type":"SearchAction","target":{"@type":"EntryPoint","urlTemplate":"https:\/\/www.diocesi.torino.it\/disciplinadeisacramenti\/?s={search_term_string}"},"query-input":"required name=search_term_string"}],"inLanguage":"it-IT"}]}},"_links":{"self":[{"href":"https:\/\/www.diocesi.torino.it\/disciplinadeisacramenti\/wp-json\/wp\/v2\/pages\/191"}],"collection":[{"href":"https:\/\/www.diocesi.torino.it\/disciplinadeisacramenti\/wp-json\/wp\/v2\/pages"}],"about":[{"href":"https:\/\/www.diocesi.torino.it\/disciplinadeisacramenti\/wp-json\/wp\/v2\/types\/page"}],"author":[{"embeddable":true,"href":"https:\/\/www.diocesi.torino.it\/disciplinadeisacramenti\/wp-json\/wp\/v2\/users\/1"}],"replies":[{"embeddable":true,"href":"https:\/\/www.diocesi.torino.it\/disciplinadeisacramenti\/wp-json\/wp\/v2\/comments?post=191"}],"version-history":[{"count":20,"href":"https:\/\/www.diocesi.torino.it\/disciplinadeisacramenti\/wp-json\/wp\/v2\/pages\/191\/revisions"}],"predecessor-version":[{"id":485,"href":"https:\/\/www.diocesi.torino.it\/disciplinadeisacramenti\/wp-json\/wp\/v2\/pages\/191\/revisions\/485"}],"wp:attachment":[{"href":"https:\/\/www.diocesi.torino.it\/disciplinadeisacramenti\/wp-json\/wp\/v2\/media?parent=191"}],"curies":[{"name":"wp","href":"https:\/\/api.w.org\/{rel}","templated":true}]}}