{"id":103,"date":"2024-09-17T09:10:05","date_gmt":"2024-09-17T07:10:05","guid":{"rendered":"https:\/\/www.diocesi.torino.it\/donazioni\/?page_id=103"},"modified":"2024-10-08T10:16:05","modified_gmt":"2024-10-08T08:16:05","slug":"sostegno-agli-studi-dei-seminaristi-nelle-chiese-di-missione","status":"publish","type":"page","link":"https:\/\/www.diocesi.torino.it\/donazioni\/sostegno-agli-studi-dei-seminaristi-nelle-chiese-di-missione\/","title":{"rendered":"Sostegno agli studi dei Seminaristi nelle Chiese di missione"},"content":{"rendered":"<div id=\"pl-103\"  class=\"panel-layout\" ><div id=\"pg-103-0\"  class=\"panel-grid panel-no-style\" ><div id=\"pgc-103-0-0\"  class=\"panel-grid-cell\" ><div id=\"panel-103-0-0-0\" class=\"so-panel widget widget_sow-editor panel-first-child panel-last-child\" data-index=\"0\" ><div\n\t\t\t\n\t\t\tclass=\"so-widget-sow-editor so-widget-sow-editor-base\"\n\t\t\t\n\t\t>\n<div class=\"siteorigin-widget-tinymce textwidget\">\n\t<h5><strong><img decoding=\"async\" loading=\"lazy\" class=\"alignright wp-image-392 \" src=\"https:\/\/www.diocesi.torino.it\/donazioni\/wp-content\/uploads\/sites\/39\/2024\/09\/opera-san-pietro-apostolo-300x108.png\" alt=\"\" width=\"497\" height=\"179\" srcset=\"https:\/\/www.diocesi.torino.it\/donazioni\/wp-content\/uploads\/sites\/39\/2024\/09\/opera-san-pietro-apostolo-300x108.png 300w, https:\/\/www.diocesi.torino.it\/donazioni\/wp-content\/uploads\/sites\/39\/2024\/09\/opera-san-pietro-apostolo-1024x367.png 1024w, https:\/\/www.diocesi.torino.it\/donazioni\/wp-content\/uploads\/sites\/39\/2024\/09\/opera-san-pietro-apostolo-768x275.png 768w, https:\/\/www.diocesi.torino.it\/donazioni\/wp-content\/uploads\/sites\/39\/2024\/09\/opera-san-pietro-apostolo-360x129.png 360w, https:\/\/www.diocesi.torino.it\/donazioni\/wp-content\/uploads\/sites\/39\/2024\/09\/opera-san-pietro-apostolo-600x215.png 600w, https:\/\/www.diocesi.torino.it\/donazioni\/wp-content\/uploads\/sites\/39\/2024\/09\/opera-san-pietro-apostolo-1200x430.png 1200w, https:\/\/www.diocesi.torino.it\/donazioni\/wp-content\/uploads\/sites\/39\/2024\/09\/opera-san-pietro-apostolo-800x287.png 800w, https:\/\/www.diocesi.torino.it\/donazioni\/wp-content\/uploads\/sites\/39\/2024\/09\/opera-san-pietro-apostolo.png 1280w\" sizes=\"(max-width: 497px) 100vw, 497px\" \/>Finalit\u00e0<\/strong><\/h5>\n<div>La <a href=\"https:\/\/www.diocesi.torino.it\/donazioni\/wp-content\/uploads\/sites\/39\/2024\/10\/Depliant-POSPA.pdf\"><strong>Pontificia Opera Missionaria di San Pietro Apostolo<\/strong><\/a>, dal 1922 , anno in cui fu riconosciuta dalla Santa Sede come Opera Missionaria Pontificia, \u00e8 il principale organismo della Chiesa cattolica che <strong>sostiene gli studi e la formazione dei seminaristi, dei novizie delle novizie delle Chiese del Sud del mondo, specialmente quelle in maggiore necessit\u00e0<\/strong>. Attualmente sono poco meno di\u00a0<strong>800 i seminari<\/strong> assistiti, dove si preparano al sacerdozio circa <strong>70.000 giovani<\/strong>.<br \/>\nIn Italia l\u2019Opera, rappresentata dalla Fondazione Missio, \u00e8 costituita da\u00a0una <strong>rete mondiale di uomini e donne di buona volont\u00e0 che contribuiscono, con la preghiera e la solidariet\u00e0 fraterna<\/strong>, a sostenere gli studi dei futuri sacerdoti delle Chiese d'Africa, America del Sud, Asia e Oceania. Qui infatti le vocazioni sacerdotali provengono in gran parte da contesti economicamente modesti, da famiglie che non sono in grado di far fronte a tutte le spese richieste dalla lunga ed esigente formazione al sacerdozio.\u00a0Sono diverse le spese sostenute dai seminari per\u00a0<strong>assicurare<\/strong>\u00a0ai seminaristi\u00a0<strong>il necessario percorso scolastico e formativo: acquisto di libri, vitto, cure mediche, stipendi dei professori e del personale ausiliario, manutenzione delle strutture<\/strong>.<\/div>\n<h6><\/h6>\n<h6><strong style=\"color: inherit; font-size: 1rem;\">Chi pu\u00f2 sottoscrivere un\u2019adozione?<\/strong><\/h6>\n<div>\n<p>Tutti: persone singole, famiglie, gruppi, comunit\u00e0 religiose e parrocchiali. L'adozione missionaria pu\u00f2 essere dedicata al ricordo di persone care, al suffragio di defunti, alla memoria di circostanze o ricorrenze particolari.<\/p>\n<div>\n<h6><strong>L'impegno<\/strong><\/h6>\n<\/div>\n<\/div>\n<div>\n<div>\n<div>Di seguito le somme indicative, frazionabili in cinque anni, suggerite per le diverse tipologia di adozione missionaria:<\/div>\n<ul>\n<li><strong>Adozione parziale<\/strong>\u00a0(contributo al mantenimento quinquennale di un seminarista):\u00a0<strong>250,00 \u20ac (50 \u20ac l'anno)<\/strong>;<\/li>\n<li><strong>Adozione totale<\/strong>\u00a0(mantenimento quinquennale di un seminarista):\u00a0<strong>2.600,00 \u20ac (520,00 \u20ac l'anno)<\/strong>;<\/li>\n<li><strong>Adozione permanente<\/strong>: si attiva donando una sola volta la somma di\u00a0<strong>almeno 7.750,00 \u20ac<\/strong>\u00a0la cui rendita annuale concorre permanentemente al mantenimento di un seminarista.<\/li>\n<\/ul>\n<\/div>\n<\/div>\n<h6><strong>Come sono utilizzate le somme versate<\/strong><\/h6>\n<div>Il denaro non \u00e8 destinato direttamente ai singoli seminaristi, bens\u00ec ai seminari che provvedono secondo equit\u00e0 e consuetudini locali a ci\u00f2 di cui i giovani hanno bisogno per la loro formazione al ministero sacerdotale. Per approfondire:\u00a0<strong><a href=\"https:\/\/www.ppoomm.va\/it\/chi-siamo\/le-4-opere-missionarie\/pospa.html\">Pontificia Opera San Pietro Apostolo (P.O.S.P.A.)<\/a><\/strong><\/div>\n<div>\n<h6><\/h6>\n<h6><strong>Cosa si riceve sostenento un'adozione missionaria?<\/strong><\/h6>\n<ul>\n<li>Un\u00a0<strong>attestato<\/strong>\u00a0contenente foto e dati essenziali relativi al seminarista adottato.<\/li>\n<li><strong>Annualmente<\/strong>\u00a0l'Opera si impegna a comunicare\u00a0<strong>notizie<\/strong> circa l'andamento del cammino formativo.<\/li>\n<li>A favore dei propri benefattori l'Opera provvede alla <strong>celebrazione di una Santa Messa<\/strong>\u00a0<strong>quotidiana<\/strong>\u00a0alla quale si aggiungono, in spirito di riconoscenza e comunione ecclesiale, le\u00a0<strong>preghiere dei seminaristi e dei loro formatori<\/strong>.<\/li>\n<\/ul>\n<\/div>\n<div><\/div>\n<\/div>\n<\/div><\/div><\/div><div id=\"pgc-103-0-1\"  class=\"panel-grid-cell\" ><div id=\"panel-103-0-1-0\" class=\"so-panel widget widget_sow-editor panel-first-child panel-last-child\" data-index=\"1\" ><div class=\"panel-widget-style panel-widget-style-for-103-0-1-0\" ><div\n\t\t\t\n\t\t\tclass=\"so-widget-sow-editor so-widget-sow-editor-base\"\n\t\t\t\n\t\t><h3 class=\"widget-title\">Come donare<\/h3>\n<div class=\"siteorigin-widget-tinymce textwidget\">\n\t<p><strong>In contanti o con assegno\u00a0<\/strong>intestato a<\/p>\n<p>\u201c<strong>Arcidiocesi di Torino Collette e donazioni<\/strong>\u201d<\/p>\n<p>direttamente nella nostra\u00a0<a href=\"https:\/\/www.diocesi.torino.it\/donazioni\/contatti\/\">Sede<\/a>.<\/p>\n<p><strong>Con Bonifico Bancario<\/strong><\/p>\n<p>Intestazione:<\/p>\n<p><strong>ARCIDIOCESI DI TORINO \u2013 COLLETTE E DONAZIONI<\/strong><\/p>\n<p>Banca: \u00a0BANCA INTESA SAN PAOLO<\/p>\n<p>C\/C 100000110790<\/p>\n<p>IBAN\u00a0<strong>IT28 U030 6909 6061 0000 0110 790<\/strong><\/p>\n<p>BIC BCITITMM<\/p>\n<p><strong>Specificando nella causale:<\/strong><\/p>\n<p>Sostegno seminarista con P.O.S.P.A.<\/p>\n<p><strong>Ricevute\u00a0<\/strong><\/p>\n<p>A Parrocchie, Chiese non parrocchiali ed Enti verr\u00e0 inviata ricevuta in formato pdf sulla mail istituzionale.<\/p>\n<p>Cos\u00ec pure per i donatori che hanno comunicato un indirizzo di posta elettronica.<\/p>\n<p>In assenza di un recapito di posta elettronica, come in passato, le ricevute continueranno ad essere spedite in cartaceo con posta ordinaria.<\/p>\n<p><a href=\"http:\/\/www.diocesi.torino.it\/donazioni\/come-donare\/\">Contattaci<\/a> per avere informazioni:<\/p>\n<p>collette.donazioni@diocesi.to.it<\/p>\n<\/div>\n<\/div><\/div><\/div><\/div><\/div><\/div><hr class=\"wpba_attachment_hr\"><div id='wpba_attachment_list' class='wpba wpba-wrap'>\n<ul class='wpba-attachment-list unstyled'><li id='wpba_attachment_list_977' class='wpba-list-item pull-left'><img src='https:\/\/www.diocesi.torino.it\/donazioni\/wp-content\/themes\/wp-starter-so\/icons\/document.png' width='16' height='20' class='wpba-icon pull-left'><a href='https:\/\/www.diocesi.torino.it\/donazioni\/wp-content\/uploads\/sites\/39\/2024\/10\/Depliant-POSPA.pdf' title='Depliant POSPA' class='wpba-link pull-left' target=\"_blank\">Depliant POSPA<\/a><\/li>\n<\/ul><\/div>\n","protected":false},"excerpt":{"rendered":"<p>Finalit\u00e0 La Pontificia Opera Missionaria di San Pietro Apostolo, dal 1922 , anno in cui fu riconosciuta dalla Santa Sede come Opera Missionaria Pontificia, \u00e8 il principale organismo della Chiesa cattolica che sostiene gli studi e la formazione dei seminaristi, dei novizie delle novizie delle Chiese del Sud del mondo, specialmente quelle in maggiore necessit\u00e0. Attualmente sono poco meno di\u00a0800 i seminari assistiti, dove si &hellip; <a href=\"https:\/\/www.diocesi.torino.it\/donazioni\/sostegno-agli-studi-dei-seminaristi-nelle-chiese-di-missione\/\" class=\"more-link\">Continua a leggere <span class=\"screen-reader-text\"><\/span> <span class=\"meta-nav\">&raquo;<\/span><\/a><\/p>\n","protected":false},"author":16,"featured_media":0,"parent":0,"menu_order":0,"comment_status":"closed","ping_status":"closed","template":"","meta":{"ip_address":"","user_agent":"","level":"","revision":"","cookie_id":"","page_referer":"","html_form":"","_expiration-date-status":"","_expiration-date":0,"_expiration-date-type":"","_expiration-date-categories":[],"_expiration-date-options":[]},"acf":[],"_links":{"self":[{"href":"https:\/\/www.diocesi.torino.it\/donazioni\/wp-json\/wp\/v2\/pages\/103"}],"collection":[{"href":"https:\/\/www.diocesi.torino.it\/donazioni\/wp-json\/wp\/v2\/pages"}],"about":[{"href":"https:\/\/www.diocesi.torino.it\/donazioni\/wp-json\/wp\/v2\/types\/page"}],"author":[{"embeddable":true,"href":"https:\/\/www.diocesi.torino.it\/donazioni\/wp-json\/wp\/v2\/users\/16"}],"replies":[{"embeddable":true,"href":"https:\/\/www.diocesi.torino.it\/donazioni\/wp-json\/wp\/v2\/comments?post=103"}],"version-history":[{"count":24,"href":"https:\/\/www.diocesi.torino.it\/donazioni\/wp-json\/wp\/v2\/pages\/103\/revisions"}],"predecessor-version":[{"id":981,"href":"https:\/\/www.diocesi.torino.it\/donazioni\/wp-json\/wp\/v2\/pages\/103\/revisions\/981"}],"wp:attachment":[{"href":"https:\/\/www.diocesi.torino.it\/donazioni\/wp-json\/wp\/v2\/media?parent=103"}],"curies":[{"name":"wp","href":"https:\/\/api.w.org\/{rel}","templated":true}]}}