{"id":124,"date":"2024-09-17T09:49:36","date_gmt":"2024-09-17T07:49:36","guid":{"rendered":"https:\/\/www.diocesi.torino.it\/donazioni\/?page_id=124"},"modified":"2026-03-24T12:24:21","modified_gmt":"2026-03-24T11:24:21","slug":"lasciti-testamentari-a-sostegno-della-cooperazione-missionaria-tra-le-chiese","status":"publish","type":"page","link":"https:\/\/www.diocesi.torino.it\/donazioni\/lasciti-testamentari-a-sostegno-della-cooperazione-missionaria-tra-le-chiese\/","title":{"rendered":"Lasciti testamentari"},"content":{"rendered":"<div id=\"pl-124\"  class=\"panel-layout\" ><div id=\"pg-124-0\"  class=\"panel-grid panel-no-style\" ><div id=\"pgc-124-0-0\"  class=\"panel-grid-cell\" ><div id=\"panel-124-0-0-0\" class=\"so-panel widget widget_sow-editor panel-first-child panel-last-child\" data-index=\"0\" ><div\n\t\t\t\n\t\t\tclass=\"so-widget-sow-editor so-widget-sow-editor-base\"\n\t\t\t\n\t\t>\n<div class=\"siteorigin-widget-tinymce textwidget\">\n\t<p><img decoding=\"async\" loading=\"lazy\" class=\"wp-image-190 alignright\" src=\"https:\/\/www.diocesi.torino.it\/donazioni\/wp-content\/uploads\/sites\/39\/2024\/09\/lascito-testamentario-300x206.jpg\" alt=\"\" width=\"347\" height=\"238\" srcset=\"https:\/\/www.diocesi.torino.it\/donazioni\/wp-content\/uploads\/sites\/39\/2024\/09\/lascito-testamentario-300x206.jpg 300w, https:\/\/www.diocesi.torino.it\/donazioni\/wp-content\/uploads\/sites\/39\/2024\/09\/lascito-testamentario-768x527.jpg 768w, https:\/\/www.diocesi.torino.it\/donazioni\/wp-content\/uploads\/sites\/39\/2024\/09\/lascito-testamentario-360x247.jpg 360w, https:\/\/www.diocesi.torino.it\/donazioni\/wp-content\/uploads\/sites\/39\/2024\/09\/lascito-testamentario-600x412.jpg 600w, https:\/\/www.diocesi.torino.it\/donazioni\/wp-content\/uploads\/sites\/39\/2024\/09\/lascito-testamentario-800x549.jpg 800w, https:\/\/www.diocesi.torino.it\/donazioni\/wp-content\/uploads\/sites\/39\/2024\/09\/lascito-testamentario.jpg 1024w\" sizes=\"(max-width: 347px) 100vw, 347px\" \/>La tua sensibilit\u00e0 nei confronti della Chiesa pu\u00f2 concretizzarsi nel tempo e nella memoria futura attraverso i lasciti testamentari. Puoi legarti all'Arcidiocesi di Torino ed ai valori che rappresenta e testimonia, attraverso un contributo, piccolo o grande che sia, espresso con il testamento.<\/p>\n<p><strong>Che cosa e come lasciare<\/strong><br \/>\nCon un testamento puoi donare somme di denaro, valori finanziari, beni mobili o immobili. Nel momento in cui decidi di fare testamento contatta l'Arcidiocesi di Torino per accertare la disponibilit\u00e0 a ricevere i beni che si intendono destinare.<br \/>\nIl testamento deve comunque essere redatto nel rispetto delle disposizioni di legge relative ai diritti degli eredi legittimari.<br \/>\nUna forma alternativa al testamento \u00e8 rappresentata dalla sottoscrizione di una polizza vita a favore dell'Arcidiocesi di Torino con la possibilit\u00e0 di specificare quali azioni Pastorali e di Cooperazione Missionaria si intende sostenere.<\/p>\n<p><strong>Il testamento, pu\u00f2 essere:<\/strong><br \/>\nPubblico: per la redazione di un testamento pubblico occorre rivolgersi obbligatoriamente al Notaio in presenza di due testimoni.<br \/>\nOlografo: puoi scrivere un testamento interamente di tuo pugno (non a macchina o al computer); deve contenere la data (giorno, mese e anno) e la firma<br \/>\nautografa (nome e cognome). Per evitare smarrimenti o sottrazioni, \u00e8 opportuno redigerlo in unica copia originale e depositarlo presso un notaio, che si consiglia di<br \/>\nconsultare per assicurarsi che il testamento rispetti tutte le disposizioni di legge e non presenti vizi di forma.<\/p>\n<p><strong>In un testamento l'ARCIDIOCESI DI TORINO pu\u00f2 essere:<\/strong><br \/>\ndestinataria di una disposizione a titolo particolare (LEGATO) con possibilit\u00e0 di indicare una specifica finalit\u00e0 (malati di lebbra, sostegno a distanza, catechisti, fidei donum, malati, orfani, scolarizzazione dei ragazzi, attivit\u00e0 pastorali, sostegno a comunit\u00e0, progetti sanitari, attivit\u00e0 di formazione e animazione missionaria\u2026) ovvero nominata EREDE universale o parziale<\/p>\n<p><strong>Modifiche e revoche<\/strong><br \/>\nIl testamento pu\u00f2 essere modificato o revocato in qualsiasi momento. E\u2019 considerato valido il testamento pi\u00f9 recente.<br \/>\nSe si intende modificare il testamento radicalmente \u00e8 opportuno scrivere \u201crevoco ogni mia precedente disposizione testamentaria\u201d se invece si intende modificare il testamento marginalmente si deve scrivere \u201cad integrazione (o parziale modifica) di quanto da me disposto in data\u2026\u201d . Le modifiche vanno scritte di proprio pugno, datate e firmate.<\/p>\n<p><strong>Contatti:<\/strong><\/p>\n<p><strong>ARCIDIOCESI DI TORINO - Lasciti e Testamenti: <\/strong>011.51.56.365 (centralino 011.51.56.300) amministrativo@diocesi.to.it<\/p>\n<p><strong>ARCIDIOCESI DI TORINO - Collette e donazioni:<\/strong> 011.51.56.374 collette.donazioni@diocesi.to.it<\/p>\n<p>&nbsp;<\/p>\n<\/div>\n<\/div><\/div><\/div><\/div><\/div>","protected":false},"excerpt":{"rendered":"<p>La tua sensibilit\u00e0 nei confronti della Chiesa pu\u00f2 concretizzarsi nel tempo e nella memoria futura attraverso i lasciti testamentari. Puoi legarti all&#8217;Arcidiocesi di Torino ed ai valori che rappresenta e testimonia, attraverso un contributo, piccolo o grande che sia, espresso con il testamento. Che cosa e come lasciare Con un testamento puoi donare somme di denaro, valori finanziari, beni mobili o immobili. Nel momento in &hellip; <a href=\"https:\/\/www.diocesi.torino.it\/donazioni\/lasciti-testamentari-a-sostegno-della-cooperazione-missionaria-tra-le-chiese\/\" class=\"more-link\">Continua a leggere <span class=\"screen-reader-text\"><\/span> <span class=\"meta-nav\">&raquo;<\/span><\/a><\/p>\n","protected":false},"author":16,"featured_media":0,"parent":0,"menu_order":0,"comment_status":"closed","ping_status":"closed","template":"","meta":{"ip_address":"","user_agent":"","level":"","revision":"","cookie_id":"","page_referer":"","html_form":"","_expiration-date-status":"","_expiration-date":0,"_expiration-date-type":"","_expiration-date-categories":[],"_expiration-date-options":[]},"acf":[],"_links":{"self":[{"href":"https:\/\/www.diocesi.torino.it\/donazioni\/wp-json\/wp\/v2\/pages\/124"}],"collection":[{"href":"https:\/\/www.diocesi.torino.it\/donazioni\/wp-json\/wp\/v2\/pages"}],"about":[{"href":"https:\/\/www.diocesi.torino.it\/donazioni\/wp-json\/wp\/v2\/types\/page"}],"author":[{"embeddable":true,"href":"https:\/\/www.diocesi.torino.it\/donazioni\/wp-json\/wp\/v2\/users\/16"}],"replies":[{"embeddable":true,"href":"https:\/\/www.diocesi.torino.it\/donazioni\/wp-json\/wp\/v2\/comments?post=124"}],"version-history":[{"count":6,"href":"https:\/\/www.diocesi.torino.it\/donazioni\/wp-json\/wp\/v2\/pages\/124\/revisions"}],"predecessor-version":[{"id":3656,"href":"https:\/\/www.diocesi.torino.it\/donazioni\/wp-json\/wp\/v2\/pages\/124\/revisions\/3656"}],"wp:attachment":[{"href":"https:\/\/www.diocesi.torino.it\/donazioni\/wp-json\/wp\/v2\/media?parent=124"}],"curies":[{"name":"wp","href":"https:\/\/api.w.org\/{rel}","templated":true}]}}