{"id":134,"date":"2024-09-17T10:09:40","date_gmt":"2024-09-17T08:09:40","guid":{"rendered":"https:\/\/www.diocesi.torino.it\/donazioni\/?page_id=134"},"modified":"2025-04-10T12:33:55","modified_gmt":"2025-04-10T10:33:55","slug":"colletta-per-la-terra-santa","status":"publish","type":"page","link":"https:\/\/www.diocesi.torino.it\/donazioni\/colletta-per-la-terra-santa\/","title":{"rendered":"Colletta per la Terra Santa"},"content":{"rendered":"<div id=\"pl-134\"  class=\"panel-layout\" ><div id=\"pg-134-0\"  class=\"panel-grid panel-no-style\" ><div id=\"pgc-134-0-0\"  class=\"panel-grid-cell\" ><div id=\"panel-134-0-0-0\" class=\"so-panel widget widget_sow-editor panel-first-child panel-last-child\" data-index=\"0\" ><div\n\t\t\t\n\t\t\tclass=\"so-widget-sow-editor so-widget-sow-editor-base\"\n\t\t\t\n\t\t>\n<div class=\"siteorigin-widget-tinymce textwidget\">\n\t<p><img decoding=\"async\" loading=\"lazy\" class=\"alignright wp-image-2098 size-medium\" src=\"https:\/\/www.diocesi.torino.it\/donazioni\/wp-content\/uploads\/sites\/39\/2025\/02\/COPERTINA-COLLETTA-TERRA-SANTA-300x234.jpg\" alt=\"\" width=\"300\" height=\"234\" srcset=\"https:\/\/www.diocesi.torino.it\/donazioni\/wp-content\/uploads\/sites\/39\/2025\/02\/COPERTINA-COLLETTA-TERRA-SANTA-300x234.jpg 300w, https:\/\/www.diocesi.torino.it\/donazioni\/wp-content\/uploads\/sites\/39\/2025\/02\/COPERTINA-COLLETTA-TERRA-SANTA-768x600.jpg 768w, https:\/\/www.diocesi.torino.it\/donazioni\/wp-content\/uploads\/sites\/39\/2025\/02\/COPERTINA-COLLETTA-TERRA-SANTA-358x280.jpg 358w, https:\/\/www.diocesi.torino.it\/donazioni\/wp-content\/uploads\/sites\/39\/2025\/02\/COPERTINA-COLLETTA-TERRA-SANTA-983x768.jpg 983w, https:\/\/www.diocesi.torino.it\/donazioni\/wp-content\/uploads\/sites\/39\/2025\/02\/COPERTINA-COLLETTA-TERRA-SANTA-600x469.jpg 600w, https:\/\/www.diocesi.torino.it\/donazioni\/wp-content\/uploads\/sites\/39\/2025\/02\/COPERTINA-COLLETTA-TERRA-SANTA-800x625.jpg 800w, https:\/\/www.diocesi.torino.it\/donazioni\/wp-content\/uploads\/sites\/39\/2025\/02\/COPERTINA-COLLETTA-TERRA-SANTA.jpg 1024w\" sizes=\"(max-width: 300px) 100vw, 300px\" \/>La \u201c<strong>Colletta per la Terra Santa<\/strong>\u201d, nasce dalla volont\u00e0 dei papi di mantenere forte il legame tra tutti i Cristiani del mondo e i Luoghi Santi. La Colletta, che tradizionalmente viene raccolta nella giornata del <strong>Venerd\u00ec Santo<\/strong>, \u00e8 la fonte principale per il sostentamento della vita che si svolge intorno ai Luoghi Santi ed \u00e8 una delle collette obbligatorie.<\/p>\n<p>Le<strong> offerte raccolte dalle parrocchie e dai Vescovi vengono trasmesse dai Commissari di Terra Santa alla Custodia di Terra Santa <\/strong>che potr\u00e0 cos\u00ec\u00a0sostenere e portare avanti l\u2019importante missione a cui \u00e8 chiamata: custodire i Luoghi Santi, le pietre della Memoria, e sostenere la presenza Cristiana, le pietre vive di Terra Santa, attraverso tante attivit\u00e0 di solidariet\u00e0.<\/p>\n<p>I territori che beneficiano sotto diverse forme di un sostegno proveniente dalla Colletta sono i seguenti: <strong>Gerusalemme, Palestina, Israele, Giordania, Cipro, Siria, Libano, Egitto, Etiopia, Eritrea, Turchia, Iran e Iraq.<\/strong><\/p>\n<p>La Colletta costituisce un importante occasione pastorale, una preziosa opportunit\u00e0 per sensibilizzare i fedeli sulla realt\u00e0 della Chiesa che vive nei Luoghi Santi, dove Ges\u00f9 ha compiuto l\u2019opera della nostra redenzione.<\/p>\n<p><strong>Fai conoscere<\/strong> l\u2019iniziativa della colletta del Venerd\u00ec Santo nella tua parrocchia e <strong>sostieni<\/strong> la Chiesa cattolica in Terra Santa.<\/p>\n<p>Materiale per la Colletta 2025<\/p>\n<ul>\n<li><strong><a href=\"https:\/\/www.diocesi.torino.it\/donazioni\/wp-content\/uploads\/sites\/39\/2025\/02\/Lettera-di-Fra-Francesco-Patton-CUSTODE-DI-TERRA-SANTA.pdf\">Lettera di Fra Francesco Patton CUSTODE DI TERRA SANTA<\/a><\/strong><\/li>\n<li><strong><a href=\"https:\/\/www.diocesi.torino.it\/donazioni\/wp-content\/uploads\/sites\/39\/2025\/02\/Il-MANIFESTO-della-colletta-2025.pdf\">Il MANIFESTO della colletta 2025<\/a><\/strong><\/li>\n<li><strong><a href=\"https:\/\/www.diocesi.torino.it\/donazioni\/wp-content\/uploads\/sites\/39\/2025\/02\/La-VIA-CRUCIS-a-cura-dei-Frati-Francescani-della-Custodia-di-Terra-Santa-con-le-meditazioni-e-le-testimonianze-delle-Pietre-Vive-di-Terra-Santa.pdf\">La VIA CRUCIS a cura dei Frati Francescani della Custodia di Terra Santa con le meditazioni e le testimonianze delle Pietre Vive di Terra Santa<\/a><\/strong><\/li>\n<\/ul>\n<p>Clicca<strong> <a href=\"https:\/\/www.collettavenerdisanto.it\/la-colletta-del-venerdi-santo\/materiali-e-sussidi\/\">qui<\/a><\/strong> per approfondire.<\/p>\n<\/div>\n<\/div><\/div><\/div><div id=\"pgc-134-0-1\"  class=\"panel-grid-cell\" ><div id=\"panel-134-0-1-0\" class=\"so-panel widget widget_sow-editor panel-first-child panel-last-child\" data-index=\"1\" ><div class=\"panel-widget-style panel-widget-style-for-134-0-1-0\" ><div\n\t\t\t\n\t\t\tclass=\"so-widget-sow-editor so-widget-sow-editor-base\"\n\t\t\t\n\t\t><h3 class=\"widget-title\">Come donare<\/h3>\n<div class=\"siteorigin-widget-tinymce textwidget\">\n\t<p class=\"widget-title\"><strong style=\"font-size: inherit; color: #0a0a0a;\">In contanti o con assegno <\/strong><span style=\"font-size: inherit; color: #0a0a0a;\">(intestato a \"Arcidiocesi di Torino Collette e donazioni\") <\/span><span style=\"font-size: inherit;\">direttamente nella nostra\u00a0<\/span><a style=\"font-size: inherit; background-color: #ffffff;\" href=\"https:\/\/www.diocesi.torino.it\/donazioni\/contatti\/\">Sede<\/a><span style=\"font-size: inherit;\">.<\/span><\/p>\n<div class=\"siteorigin-widget-tinymce textwidget\">\n<p><strong>Con Bonifico Bancario<\/strong><\/p>\n<p>Intestazione:\u00a0 ARCIDIOCESI DI TORINO - COLLETTE E DONAZIONI<\/p>\n<p>IBAN IT28 U030 6909 6061 0000 0110 790<\/p>\n<p><strong>Specificando nella causale:\u00a0<\/strong>Colletta per la Terra Santa<\/p>\n<p><strong>Ricevute\u00a0<\/strong><\/p>\n<p>A Parrocchie, Chiese non parrocchiali ed Enti verr\u00e0 inviata ricevuta in formato pdf sulla mail istituzionale.<\/p>\n<\/div>\n<\/div>\n<\/div><\/div><\/div><\/div><\/div><\/div>","protected":false},"excerpt":{"rendered":"<p>La \u201cColletta per la Terra Santa\u201d, nasce dalla volont\u00e0 dei papi di mantenere forte il legame tra tutti i Cristiani del mondo e i Luoghi Santi. La Colletta, che tradizionalmente viene raccolta nella giornata del Venerd\u00ec Santo, \u00e8 la fonte principale per il sostentamento della vita che si svolge intorno ai Luoghi Santi ed \u00e8 una delle collette obbligatorie. Le offerte raccolte dalle parrocchie e &hellip; <a href=\"https:\/\/www.diocesi.torino.it\/donazioni\/colletta-per-la-terra-santa\/\" class=\"more-link\">Continua a leggere <span class=\"screen-reader-text\"><\/span> <span class=\"meta-nav\">&raquo;<\/span><\/a><\/p>\n","protected":false},"author":16,"featured_media":0,"parent":0,"menu_order":0,"comment_status":"closed","ping_status":"closed","template":"","meta":{"ip_address":"","user_agent":"","level":"","revision":"","cookie_id":"","page_referer":"","html_form":"","_expiration-date-status":"","_expiration-date":0,"_expiration-date-type":"","_expiration-date-categories":[],"_expiration-date-options":[]},"acf":[],"_links":{"self":[{"href":"https:\/\/www.diocesi.torino.it\/donazioni\/wp-json\/wp\/v2\/pages\/134"}],"collection":[{"href":"https:\/\/www.diocesi.torino.it\/donazioni\/wp-json\/wp\/v2\/pages"}],"about":[{"href":"https:\/\/www.diocesi.torino.it\/donazioni\/wp-json\/wp\/v2\/types\/page"}],"author":[{"embeddable":true,"href":"https:\/\/www.diocesi.torino.it\/donazioni\/wp-json\/wp\/v2\/users\/16"}],"replies":[{"embeddable":true,"href":"https:\/\/www.diocesi.torino.it\/donazioni\/wp-json\/wp\/v2\/comments?post=134"}],"version-history":[{"count":16,"href":"https:\/\/www.diocesi.torino.it\/donazioni\/wp-json\/wp\/v2\/pages\/134\/revisions"}],"predecessor-version":[{"id":2171,"href":"https:\/\/www.diocesi.torino.it\/donazioni\/wp-json\/wp\/v2\/pages\/134\/revisions\/2171"}],"wp:attachment":[{"href":"https:\/\/www.diocesi.torino.it\/donazioni\/wp-json\/wp\/v2\/media?parent=134"}],"curies":[{"name":"wp","href":"https:\/\/api.w.org\/{rel}","templated":true}]}}