{"id":170,"date":"2024-09-17T11:03:28","date_gmt":"2024-09-17T09:03:28","guid":{"rendered":"https:\/\/www.diocesi.torino.it\/donazioni\/?page_id=170"},"modified":"2025-06-27T15:14:57","modified_gmt":"2025-06-27T13:14:57","slug":"obolo-di-san-pietro-per-la-carita-del-papa","status":"publish","type":"page","link":"https:\/\/www.diocesi.torino.it\/donazioni\/obolo-di-san-pietro-per-la-carita-del-papa\/","title":{"rendered":"Obolo di San Pietro per la carit\u00e0 del Papa"},"content":{"rendered":"<div id=\"pl-170\"  class=\"panel-layout\" ><div id=\"pg-170-0\"  class=\"panel-grid panel-no-style\" ><div id=\"pgc-170-0-0\"  class=\"panel-grid-cell\" ><div id=\"panel-170-0-0-0\" class=\"so-panel widget widget_sow-editor panel-first-child panel-last-child\" data-index=\"0\" ><div\n\t\t\t\n\t\t\tclass=\"so-widget-sow-editor so-widget-sow-editor-base\"\n\t\t\t\n\t\t>\n<div class=\"siteorigin-widget-tinymce textwidget\">\n\t<h5><strong>Storia<\/strong><\/h5>\n<p>La partecipazione concreta ai bisogni della comunit\u00e0 ecclesiale pi\u00f9 ampia ha preso forme diverse lungo la storia, attraverso collette e donazioni di singoli fedeli o di intere chiese locali. <span style=\"font-size: inherit;\">Una pratica che ha origine dalle Sacre Scritture. Una <\/span><span style=\"font-size: inherit;\">partecipazione concreta ai bisogni della comunit\u00e0 che ha preso forme diverse lungo la storia, facendo emergere la consapevolezza che tutti i battezzati sono chiamati a sostenere anche materialmente, con ci\u00f2 che si pu\u00f2, <\/span><b style=\"font-size: inherit;\">l\u2019opera di evangelizzazione<\/b><span style=\"font-size: inherit;\">\u00a0e al tempo stesso a\u00a0<\/span><b style=\"font-size: inherit;\">soccorrere i pi\u00f9 bisognosi<\/b><span style=\"font-size: inherit;\">\u00a0ovunque nel mondo.<\/span><\/p>\n<div class=\"text\">\n<p><strong style=\"color: inherit; font-size: 1.25rem;\">Finalit\u00e0<\/strong><\/p>\n<\/div>\n<p>Manifesta il <strong>senso di appartenenza alla Chiesa<\/strong> e <b>amore e fiducia per il Santo Padre<\/b>.\u00a0\u00c8 un <strong>segno concreto di comunione<\/strong> con Lui, come successore di Pietro, e anche di <strong>attenzione alle necessit\u00e0 dei pi\u00f9 bisognosi<\/strong>, di cui il Papa ha sempre cura:<\/p>\n<p>\u25cf \u00a0<a href=\"https:\/\/www.vaticannews.va\/it\/tag\/dentro-il-vaticano.html\" target=\"_blank\" rel=\"noopener\"><b>Sostenere la missione del Santo Padre<\/b><\/a>\u00a0che si estende al mondo intero dall\u2019annuncio del Vangelo alla promozione dello sviluppo umano integrale, dell\u2019educazione, della pace, della fratellanza tra i popoli;\u00a0grazie anche alle tante attivit\u00e0 di servizio svolte dai\u00a0<a href=\"https:\/\/www.vatican.va\/content\/romancuria\/it.html\" target=\"_blank\" rel=\"noopener\">dicasteri, enti e organismi della Santa Sede<\/a>\u00a0che lo assistono ogni giorno.<\/p>\n<p>\u25cf \u00a0<a href=\"https:\/\/www.obolodisanpietro.va\/it\/opere-caritative.html\" target=\"_blank\" rel=\"noopener\"><b>Sostenere le numerose opere caritative<\/b><\/a>\u00a0in favore delle persone e famiglie in difficolt\u00e0, popolazioni colpite da calamit\u00e0 naturali, da guerre o che necessitano di assistenza umanitaria o sostegno allo sviluppo.<\/p>\n<h5><strong>Azioni<\/strong><\/h5>\n<p>Nella\u00a0<b>\u201cGiornata dell\u2019Obolo di San Pietro\u201d\u00a0<\/b>- detta anche \u201cGiornata della Carit\u00e0 del Papa\u201d - che si celebra ogni anno\u00a0nella\u00a0domenica\u00a0pi\u00f9 vicina al\u00a0<b>29 giugno<\/b>, solennit\u00e0 dei Santi Pietro e Paolo, siamo tutti invitati a pregare in modo particolare per il Papa e ad offrire il nostro contributo nella chiesa dove partecipiamo alla Messa; \u00c8 un\u2019offerta che pu\u00f2 essere di piccola entit\u00e0, ma \u00e8 di grande valore.<\/p>\n<h5><a href=\"https:\/\/www.diocesi.torino.it\/donazioni\/wp-content\/uploads\/sites\/39\/2025\/06\/Rapporto-Obolo-2024-in-EUR-ITA.pdf\"><strong>Rapporto Annuale 2024<\/strong><\/a><\/h5>\n<h5><a href=\"https:\/\/www.diocesi.torino.it\/donazioni\/wp-content\/uploads\/sites\/39\/2024\/09\/Rapporto-Obolo-e-Canone-ITA-USD.pdf\">Rapporto Annuale 2023<\/a><\/h5>\n<h5><a href=\"https:\/\/www.diocesi.torino.it\/donazioni\/wp-content\/uploads\/sites\/39\/2024\/09\/Rapporto-ITALIA.pdf\">Rapporto Obolo di San Pietro 2021-2023<\/a><\/h5>\n<p><img decoding=\"async\" loading=\"lazy\" class=\"alignnone size-full wp-image-175\" src=\"https:\/\/www.diocesi.torino.it\/donazioni\/wp-content\/uploads\/sites\/39\/2024\/09\/obolo-san-pietro.jpeg\" alt=\"\" width=\"1280\" height=\"250\" srcset=\"https:\/\/www.diocesi.torino.it\/donazioni\/wp-content\/uploads\/sites\/39\/2024\/09\/obolo-san-pietro.jpeg 1280w, https:\/\/www.diocesi.torino.it\/donazioni\/wp-content\/uploads\/sites\/39\/2024\/09\/obolo-san-pietro-300x59.jpeg 300w, https:\/\/www.diocesi.torino.it\/donazioni\/wp-content\/uploads\/sites\/39\/2024\/09\/obolo-san-pietro-1024x200.jpeg 1024w, https:\/\/www.diocesi.torino.it\/donazioni\/wp-content\/uploads\/sites\/39\/2024\/09\/obolo-san-pietro-768x150.jpeg 768w, https:\/\/www.diocesi.torino.it\/donazioni\/wp-content\/uploads\/sites\/39\/2024\/09\/obolo-san-pietro-360x70.jpeg 360w, https:\/\/www.diocesi.torino.it\/donazioni\/wp-content\/uploads\/sites\/39\/2024\/09\/obolo-san-pietro-600x117.jpeg 600w, https:\/\/www.diocesi.torino.it\/donazioni\/wp-content\/uploads\/sites\/39\/2024\/09\/obolo-san-pietro-1200x234.jpeg 1200w, https:\/\/www.diocesi.torino.it\/donazioni\/wp-content\/uploads\/sites\/39\/2024\/09\/obolo-san-pietro-800x156.jpeg 800w\" sizes=\"(max-width: 1280px) 100vw, 1280px\" \/><\/p>\n<\/div>\n<\/div><\/div><\/div><div id=\"pgc-170-0-1\"  class=\"panel-grid-cell\" ><div id=\"panel-170-0-1-0\" class=\"so-panel widget widget_sow-editor panel-first-child panel-last-child\" data-index=\"1\" ><div class=\"panel-widget-style panel-widget-style-for-170-0-1-0\" ><div\n\t\t\t\n\t\t\tclass=\"so-widget-sow-editor so-widget-sow-editor-base\"\n\t\t\t\n\t\t><h3 class=\"widget-title\">Come donare<\/h3>\n<div class=\"siteorigin-widget-tinymce textwidget\">\n\t<div class=\"siteorigin-widget-tinymce textwidget\">\n<p><strong>In contanti o con assegno\u00a0<\/strong>intestato a<\/p>\n<p>\"Arcidiocesi di Torino Collette e donazioni\"<\/p>\n<p>direttamente nella nostra\u00a0<a href=\"https:\/\/www.diocesi.torino.it\/donazioni\/contatti\/\">Sede<\/a>.<\/p>\n<p><strong>Con Bonifico Bancario<\/strong><\/p>\n<p>Intestazione:<\/p>\n<p><strong>Arcidiocesi di Torino - Collette e donazioni<\/strong><\/p>\n<p>Banca:<\/p>\n<p>BANCA INTESA SAN PAOLO<\/p>\n<p>C\/C 100000110790<\/p>\n<p>IBAN\u00a0<strong>IT28 U030 6909 6061 0000 0110 790<\/strong><\/p>\n<p>BIC BCITITMM<\/p>\n<p><strong>Specificando nella causale:\u00a0<\/strong>Colletta per la Carit\u00e0 del Papa<\/p>\n<p><strong>Ricevute\u00a0<\/strong><\/p>\n<p>A Parrocchie, Chiese non parrocchiali ed Enti verr\u00e0 inviata ricevuta in formato pdf sulla mail istituzionale.<\/p>\n<\/div>\n<\/div>\n<\/div><\/div><\/div><\/div><\/div><\/div>","protected":false},"excerpt":{"rendered":"<p>Storia La partecipazione concreta ai bisogni della comunit\u00e0 ecclesiale pi\u00f9 ampia ha preso forme diverse lungo la storia, attraverso collette e donazioni di singoli fedeli o di intere chiese locali. Una pratica che ha origine dalle Sacre Scritture. Una partecipazione concreta ai bisogni della comunit\u00e0 che ha preso forme diverse lungo la storia, facendo emergere la consapevolezza che tutti i battezzati sono chiamati a sostenere &hellip; <a href=\"https:\/\/www.diocesi.torino.it\/donazioni\/obolo-di-san-pietro-per-la-carita-del-papa\/\" class=\"more-link\">Continua a leggere <span class=\"screen-reader-text\"><\/span> <span class=\"meta-nav\">&raquo;<\/span><\/a><\/p>\n","protected":false},"author":16,"featured_media":0,"parent":0,"menu_order":0,"comment_status":"closed","ping_status":"closed","template":"","meta":{"ip_address":"","user_agent":"","level":"","revision":"","cookie_id":"","page_referer":"","html_form":"","_expiration-date-status":"","_expiration-date":0,"_expiration-date-type":"","_expiration-date-categories":[],"_expiration-date-options":[]},"acf":[],"_links":{"self":[{"href":"https:\/\/www.diocesi.torino.it\/donazioni\/wp-json\/wp\/v2\/pages\/170"}],"collection":[{"href":"https:\/\/www.diocesi.torino.it\/donazioni\/wp-json\/wp\/v2\/pages"}],"about":[{"href":"https:\/\/www.diocesi.torino.it\/donazioni\/wp-json\/wp\/v2\/types\/page"}],"author":[{"embeddable":true,"href":"https:\/\/www.diocesi.torino.it\/donazioni\/wp-json\/wp\/v2\/users\/16"}],"replies":[{"embeddable":true,"href":"https:\/\/www.diocesi.torino.it\/donazioni\/wp-json\/wp\/v2\/comments?post=170"}],"version-history":[{"count":20,"href":"https:\/\/www.diocesi.torino.it\/donazioni\/wp-json\/wp\/v2\/pages\/170\/revisions"}],"predecessor-version":[{"id":2269,"href":"https:\/\/www.diocesi.torino.it\/donazioni\/wp-json\/wp\/v2\/pages\/170\/revisions\/2269"}],"wp:attachment":[{"href":"https:\/\/www.diocesi.torino.it\/donazioni\/wp-json\/wp\/v2\/media?parent=170"}],"curies":[{"name":"wp","href":"https:\/\/api.w.org\/{rel}","templated":true}]}}