{"id":466,"date":"2024-09-19T13:06:31","date_gmt":"2024-09-19T11:06:31","guid":{"rendered":"https:\/\/www.diocesi.torino.it\/donazioni\/?page_id=466"},"modified":"2024-12-23T18:27:33","modified_gmt":"2024-12-23T17:27:33","slug":"colombia-figlie-dei-sacri-cuori-di-gesu-e-di-maria","status":"publish","type":"page","link":"https:\/\/www.diocesi.torino.it\/donazioni\/colombia-figlie-dei-sacri-cuori-di-gesu-e-di-maria\/","title":{"rendered":"Colombia &#8211; Figlie dei Sacri Cuori di Ges\u00f9 e di Maria"},"content":{"rendered":"<p><img decoding=\"async\" loading=\"lazy\" class=\"alignright wp-image-1316\" src=\"https:\/\/www.diocesi.torino.it\/donazioni\/wp-content\/uploads\/sites\/39\/2024\/12\/2-300x300.jpg\" alt=\"\" width=\"400\" height=\"400\" srcset=\"https:\/\/www.diocesi.torino.it\/donazioni\/wp-content\/uploads\/sites\/39\/2024\/12\/2-300x300.jpg 300w, https:\/\/www.diocesi.torino.it\/donazioni\/wp-content\/uploads\/sites\/39\/2024\/12\/2-1024x1024.jpg 1024w, https:\/\/www.diocesi.torino.it\/donazioni\/wp-content\/uploads\/sites\/39\/2024\/12\/2-150x150.jpg 150w, https:\/\/www.diocesi.torino.it\/donazioni\/wp-content\/uploads\/sites\/39\/2024\/12\/2-768x768.jpg 768w, https:\/\/www.diocesi.torino.it\/donazioni\/wp-content\/uploads\/sites\/39\/2024\/12\/2-200x200.jpg 200w, https:\/\/www.diocesi.torino.it\/donazioni\/wp-content\/uploads\/sites\/39\/2024\/12\/2-280x280.jpg 280w, https:\/\/www.diocesi.torino.it\/donazioni\/wp-content\/uploads\/sites\/39\/2024\/12\/2-600x600.jpg 600w, https:\/\/www.diocesi.torino.it\/donazioni\/wp-content\/uploads\/sites\/39\/2024\/12\/2-800x800.jpg 800w, https:\/\/www.diocesi.torino.it\/donazioni\/wp-content\/uploads\/sites\/39\/2024\/12\/2.jpg 1080w\" sizes=\"(max-width: 400px) 100vw, 400px\" \/>L\u2019Istituto delle Figlie dei Sacri Cuori di Ges\u00f9 e Maria, fondato ad Agua de Dios \u2013 Colombia, il 7 maggio 1905 dal Beato Luis Variara \u2013 Salesiano sacerdote, originario di Viarigi \u2013 Italia, \u00e8 una Congregazione fondata con Suore colpite a causa della malattia di lebbra o con parenti malati.<\/p>\n<p>Fin dall\u2019inizio, abbiamo portato avanti la nostra missione apostolica a favore dei bambini, dei giovani e dei malati, in particolare dei lebbrosi, proprio perch\u00e9 siamo stati fondati in uno dei leprocomi pi\u00f9 grandi della Colombia \u2013 situato ad Agua de Dios \u2013 Cundinamarca. Attualmente accompagniamo e promuoviamo la salute integrale dei pazienti con diagnosi di questa malattia in vari luoghi della Colombia e del mondo, dove siamo presenti a livello pastorale.<\/p>\n<p>Da parte del Ministero della Salute, l&#8217;impegno principale \u00e8 quello di evangelizzare i malati e le loro famiglie, promuovendo la cura di s\u00e9, la leadership, il benessere personale e familiare, attraverso visite domiciliari, incontri di gruppo, formazione su temi legati alla prevenzione della disabilit\u00e0 e sensibilizzazione alla la promozione della dignit\u00e0 umana, minimizzando lo stigma, il rifiuto e l\u2019esclusione vissuti nell\u2019ambiente familiare e sociale.<\/p>\n<p>Consideriamo prioritario rafforzare la Fede nei pazienti e nelle loro famiglie per coltivare la vita spirituale che li incoraggi a superare e ad affrontare l&#8217;impatto causato da questa malattia.<\/p>\n<p>&nbsp;<\/p>\n<p>Atentamente:<\/p>\n<p>Hna. Betty Cecilia Gonz\u00e1lez Contreras e Hna. Sara G\u00fcezgu\u00e1n Pati\u00f1o<\/p>\n<p>Hijas de los Sagrados Corazones<\/p>\n\n\t\t<style type=\"text\/css\">\n\t\t\t#gallery-1 {\n\t\t\t\tmargin: auto;\n\t\t\t}\n\t\t\t#gallery-1 .gallery-item {\n\t\t\t\tfloat: left;\n\t\t\t\tmargin-top: 10px;\n\t\t\t\ttext-align: center;\n\t\t\t\twidth: 33%;\n\t\t\t}\n\t\t\t#gallery-1 img {\n\t\t\t\tborder: 2px solid #cfcfcf;\n\t\t\t}\n\t\t\t#gallery-1 .gallery-caption {\n\t\t\t\tmargin-left: 0;\n\t\t\t}\n\t\t\t\/* see gallery_shortcode() in wp-includes\/media.php *\/\n\t\t<\/style>\n\t\t<div id='gallery-1' class='gallery galleryid-466 gallery-columns-3 gallery-size-medium'><dl class='gallery-item'>\n\t\t\t<dt class='gallery-icon portrait'>\n\t\t\t\t<a href='https:\/\/www.diocesi.torino.it\/donazioni\/wp-content\/uploads\/sites\/39\/2024\/12\/PASTORAL-CON-ENFERMOS-DE-LEPRA-1.jpeg' title=\"\" data-rl_title=\"\" class=\"rl-gallery-link\" data-rl_caption=\"\" data-rel=\"lightbox-gallery-1\"><img width=\"225\" height=\"300\" src=\"https:\/\/www.diocesi.torino.it\/donazioni\/wp-content\/uploads\/sites\/39\/2024\/12\/PASTORAL-CON-ENFERMOS-DE-LEPRA-1-225x300.jpeg\" class=\"attachment-medium size-medium\" alt=\"\" decoding=\"async\" loading=\"lazy\" srcset=\"https:\/\/www.diocesi.torino.it\/donazioni\/wp-content\/uploads\/sites\/39\/2024\/12\/PASTORAL-CON-ENFERMOS-DE-LEPRA-1-225x300.jpeg 225w, https:\/\/www.diocesi.torino.it\/donazioni\/wp-content\/uploads\/sites\/39\/2024\/12\/PASTORAL-CON-ENFERMOS-DE-LEPRA-1-768x1024.jpeg 768w, https:\/\/www.diocesi.torino.it\/donazioni\/wp-content\/uploads\/sites\/39\/2024\/12\/PASTORAL-CON-ENFERMOS-DE-LEPRA-1-210x280.jpeg 210w, https:\/\/www.diocesi.torino.it\/donazioni\/wp-content\/uploads\/sites\/39\/2024\/12\/PASTORAL-CON-ENFERMOS-DE-LEPRA-1-576x768.jpeg 576w, https:\/\/www.diocesi.torino.it\/donazioni\/wp-content\/uploads\/sites\/39\/2024\/12\/PASTORAL-CON-ENFERMOS-DE-LEPRA-1-1152x1536.jpeg 1152w, https:\/\/www.diocesi.torino.it\/donazioni\/wp-content\/uploads\/sites\/39\/2024\/12\/PASTORAL-CON-ENFERMOS-DE-LEPRA-1-600x800.jpeg 600w, https:\/\/www.diocesi.torino.it\/donazioni\/wp-content\/uploads\/sites\/39\/2024\/12\/PASTORAL-CON-ENFERMOS-DE-LEPRA-1-800x1067.jpeg 800w, https:\/\/www.diocesi.torino.it\/donazioni\/wp-content\/uploads\/sites\/39\/2024\/12\/PASTORAL-CON-ENFERMOS-DE-LEPRA-1.jpeg 1200w\" sizes=\"(max-width: 225px) 100vw, 225px\" \/><\/a>\n\t\t\t<\/dt><\/dl><dl class='gallery-item'>\n\t\t\t<dt class='gallery-icon portrait'>\n\t\t\t\t<a href='https:\/\/www.diocesi.torino.it\/donazioni\/wp-content\/uploads\/sites\/39\/2024\/12\/PASTORAL-CON-ENFERMOS-DE-LEPRA-3.png' title=\"\" data-rl_title=\"\" class=\"rl-gallery-link\" data-rl_caption=\"\" data-rel=\"lightbox-gallery-1\"><img width=\"235\" height=\"300\" src=\"https:\/\/www.diocesi.torino.it\/donazioni\/wp-content\/uploads\/sites\/39\/2024\/12\/PASTORAL-CON-ENFERMOS-DE-LEPRA-3-235x300.png\" class=\"attachment-medium size-medium\" alt=\"\" decoding=\"async\" loading=\"lazy\" srcset=\"https:\/\/www.diocesi.torino.it\/donazioni\/wp-content\/uploads\/sites\/39\/2024\/12\/PASTORAL-CON-ENFERMOS-DE-LEPRA-3-235x300.png 235w, https:\/\/www.diocesi.torino.it\/donazioni\/wp-content\/uploads\/sites\/39\/2024\/12\/PASTORAL-CON-ENFERMOS-DE-LEPRA-3-219x280.png 219w, https:\/\/www.diocesi.torino.it\/donazioni\/wp-content\/uploads\/sites\/39\/2024\/12\/PASTORAL-CON-ENFERMOS-DE-LEPRA-3-601x768.png 601w, https:\/\/www.diocesi.torino.it\/donazioni\/wp-content\/uploads\/sites\/39\/2024\/12\/PASTORAL-CON-ENFERMOS-DE-LEPRA-3-600x766.png 600w, https:\/\/www.diocesi.torino.it\/donazioni\/wp-content\/uploads\/sites\/39\/2024\/12\/PASTORAL-CON-ENFERMOS-DE-LEPRA-3.png 686w\" sizes=\"(max-width: 235px) 100vw, 235px\" \/><\/a>\n\t\t\t<\/dt><\/dl>\n\t\t\t<br style='clear: both' \/>\n\t\t<\/div>\n\n","protected":false},"excerpt":{"rendered":"<p>L\u2019Istituto delle Figlie dei Sacri Cuori di Ges\u00f9 e Maria, fondato ad Agua de Dios \u2013 Colombia, il 7 maggio 1905 dal Beato Luis Variara \u2013 Salesiano sacerdote, originario di Viarigi \u2013 Italia, \u00e8 una Congregazione fondata con Suore colpite a causa della malattia di lebbra o con parenti malati. Fin dall\u2019inizio, abbiamo portato avanti la nostra missione apostolica a favore dei bambini, dei giovani &hellip; <a href=\"https:\/\/www.diocesi.torino.it\/donazioni\/colombia-figlie-dei-sacri-cuori-di-gesu-e-di-maria\/\" class=\"more-link\">Continua a leggere <span class=\"screen-reader-text\"><\/span> <span class=\"meta-nav\">&raquo;<\/span><\/a><\/p>\n","protected":false},"author":16,"featured_media":0,"parent":0,"menu_order":0,"comment_status":"closed","ping_status":"closed","template":"","meta":{"ip_address":"","user_agent":"","level":"","revision":"","cookie_id":"","page_referer":"","html_form":"","_expiration-date-status":"","_expiration-date":0,"_expiration-date-type":"","_expiration-date-categories":[],"_expiration-date-options":[]},"acf":[],"_links":{"self":[{"href":"https:\/\/www.diocesi.torino.it\/donazioni\/wp-json\/wp\/v2\/pages\/466"}],"collection":[{"href":"https:\/\/www.diocesi.torino.it\/donazioni\/wp-json\/wp\/v2\/pages"}],"about":[{"href":"https:\/\/www.diocesi.torino.it\/donazioni\/wp-json\/wp\/v2\/types\/page"}],"author":[{"embeddable":true,"href":"https:\/\/www.diocesi.torino.it\/donazioni\/wp-json\/wp\/v2\/users\/16"}],"replies":[{"embeddable":true,"href":"https:\/\/www.diocesi.torino.it\/donazioni\/wp-json\/wp\/v2\/comments?post=466"}],"version-history":[{"count":2,"href":"https:\/\/www.diocesi.torino.it\/donazioni\/wp-json\/wp\/v2\/pages\/466\/revisions"}],"predecessor-version":[{"id":1330,"href":"https:\/\/www.diocesi.torino.it\/donazioni\/wp-json\/wp\/v2\/pages\/466\/revisions\/1330"}],"wp:attachment":[{"href":"https:\/\/www.diocesi.torino.it\/donazioni\/wp-json\/wp\/v2\/media?parent=466"}],"curies":[{"name":"wp","href":"https:\/\/api.w.org\/{rel}","templated":true}]}}