{"id":470,"date":"2024-09-19T13:11:03","date_gmt":"2024-09-19T11:11:03","guid":{"rendered":"https:\/\/www.diocesi.torino.it\/donazioni\/?page_id=470"},"modified":"2026-01-07T14:29:59","modified_gmt":"2026-01-07T13:29:59","slug":"ethiopia-gambo-missionari-della-consolata","status":"publish","type":"page","link":"https:\/\/www.diocesi.torino.it\/donazioni\/ethiopia-gambo-missionari-della-consolata\/","title":{"rendered":"Ethiopia &#8211; Gambo &#8211; Missionari della Consolata"},"content":{"rendered":"<p><img decoding=\"async\" loading=\"lazy\" class=\"wp-image-3053 size-medium alignright\" src=\"https:\/\/www.diocesi.torino.it\/donazioni\/wp-content\/uploads\/sites\/39\/2026\/01\/GML-2026-PROGETTI-300x300.jpg\" alt=\"\" width=\"300\" height=\"300\" srcset=\"https:\/\/www.diocesi.torino.it\/donazioni\/wp-content\/uploads\/sites\/39\/2026\/01\/GML-2026-PROGETTI-300x300.jpg 300w, https:\/\/www.diocesi.torino.it\/donazioni\/wp-content\/uploads\/sites\/39\/2026\/01\/GML-2026-PROGETTI-1024x1024.jpg 1024w, https:\/\/www.diocesi.torino.it\/donazioni\/wp-content\/uploads\/sites\/39\/2026\/01\/GML-2026-PROGETTI-150x150.jpg 150w, https:\/\/www.diocesi.torino.it\/donazioni\/wp-content\/uploads\/sites\/39\/2026\/01\/GML-2026-PROGETTI-768x768.jpg 768w, https:\/\/www.diocesi.torino.it\/donazioni\/wp-content\/uploads\/sites\/39\/2026\/01\/GML-2026-PROGETTI-200x200.jpg 200w, https:\/\/www.diocesi.torino.it\/donazioni\/wp-content\/uploads\/sites\/39\/2026\/01\/GML-2026-PROGETTI-280x280.jpg 280w, https:\/\/www.diocesi.torino.it\/donazioni\/wp-content\/uploads\/sites\/39\/2026\/01\/GML-2026-PROGETTI-600x600.jpg 600w, https:\/\/www.diocesi.torino.it\/donazioni\/wp-content\/uploads\/sites\/39\/2026\/01\/GML-2026-PROGETTI-800x800.jpg 800w, https:\/\/www.diocesi.torino.it\/donazioni\/wp-content\/uploads\/sites\/39\/2026\/01\/GML-2026-PROGETTI.jpg 1080w\" sizes=\"(max-width: 300px) 100vw, 300px\" \/><\/p>\n<p>L\u2019Etiopia \u00e8 uno stato africano antichissimo e possiede un patrimonio culturale unico, \u00e8 il secondo paese pi\u00f9 popoloso dell\u2019Africa subsahariana con una antichissima tradizione cristiana (circa 300 d.C.). Fenomeni come la crescita esponenziale della popolazione, migrazioni e urbanizzazione e, recentemente, la frenetica attivit\u00e0 di modernizzazione soprattutto in capitale (Addis Abeba) rende sempre pi\u00f9 poveri i poveri e arricchisce soprattutto imprese straniere.<\/p>\n<p>I missionari della Consolata, seguendo il sogno apostolico del loro Fondatore, san Giuseppe Allamano, sono presenti in Etiopia fin dal 1913. Gambo \u00e8 stata per pi\u00f9 di 50 anni, una delle tante missioni dove essi hanno lavorato.<\/p>\n<p>Situata in zona montagnosa e boschiva a 2000 mt. di altitudine, la missione di Gambo, fondata dai missionari francescani cappuccini francesi, nasce come centro per accudire le persone colpite dalla lebbra che, cacciate dalle loro famiglie e villaggi, cercarono e cercano (nuove 4 insorgenze nel 2024) rifugio nella foresta di Gambo, dando origine negli anni a 3 villaggi con circa 3000 persone tra ammalati e le loro famiglie. Per la loro assistenza venne aperto un piccolo dispensario che, nel corso degli anni, soprattutto dopo che la missione pass\u00f2 nelle mani dei missionari della Consolata, divenne un ospedale qualificato tutt\u2019ora esistente. L\u2019impegno dei missionari \u00e8 stato proprio quello di portare aiuto a tanti ammalati e curare le molte malattie: infettive, broncopolmoniti, gravi ustioni e soprattutto lebbra e sue conseguenze. Sostegno alla gravidanza e neonatologia.<\/p>\n<p>Nel 2019 la gestione e la propriet\u00e0 dell\u2019ospedale missionario, della pediatria, delle scuole sono state cedute al governo e alle autorit\u00e0 locali dell\u2019Oromia, la regione in cui si trova Gambo. L\u2019ospedale continua a garantire, tramite il Governo, l\u2019assistenza gratuita per i lebbrosi ma non alle loro numerose famiglie. Non sono stati rinnovati i contratti di lavoro per molti di loro e non vengono assicurate le piccole attivit\u00e0 che permettevano alle persone pi\u00f9 povere ed invalide, di sostenersi dignitosamente con semplici lavori a loro possibili. Ora le persone dei villaggi necessitano di aiuto per il sostentamento minimo e per sostenere la spesa sanitaria dei familiari quando necessario. La diocesi di Meki ha sostituito i missionari con due preti diocesani per le attivit\u00e0 della parrocchia e visitano gli abitanti dei 3 villaggi provvedendo al cibo, al pagamento delle visite e delle cure sanitarie. E\u2019 necessario programmare anche il futuro ai loro figli che crescono in una situazione di grave carenza e devono allontanarsi dalle famiglie per studiare, imparare un lavoro, rendersi autonomi per vivere.<\/p>\n<p>&nbsp;<\/p>\n<p>&nbsp;<\/p>\n\n\t\t<style type=\"text\/css\">\n\t\t\t#gallery-1 {\n\t\t\t\tmargin: auto;\n\t\t\t}\n\t\t\t#gallery-1 .gallery-item {\n\t\t\t\tfloat: left;\n\t\t\t\tmargin-top: 10px;\n\t\t\t\ttext-align: center;\n\t\t\t\twidth: 33%;\n\t\t\t}\n\t\t\t#gallery-1 img {\n\t\t\t\tborder: 2px solid #cfcfcf;\n\t\t\t}\n\t\t\t#gallery-1 .gallery-caption {\n\t\t\t\tmargin-left: 0;\n\t\t\t}\n\t\t\t\/* see gallery_shortcode() in wp-includes\/media.php *\/\n\t\t<\/style>\n\t\t<div id='gallery-1' class='gallery galleryid-470 gallery-columns-3 gallery-size-thumbnail'><dl class='gallery-item'>\n\t\t\t<dt class='gallery-icon portrait'>\n\t\t\t\t<a href='https:\/\/www.diocesi.torino.it\/donazioni\/wp-content\/uploads\/sites\/39\/2026\/01\/9cf1a02c-4106-4ff9-94cc-5e6ee8ed1d2c-1.jpeg' title=\"\" data-rl_title=\"\" class=\"rl-gallery-link\" data-rl_caption=\"\" data-rel=\"lightbox-gallery-1\"><img width=\"150\" height=\"150\" src=\"https:\/\/www.diocesi.torino.it\/donazioni\/wp-content\/uploads\/sites\/39\/2026\/01\/9cf1a02c-4106-4ff9-94cc-5e6ee8ed1d2c-1-150x150.jpeg\" class=\"attachment-thumbnail size-thumbnail\" alt=\"\" decoding=\"async\" loading=\"lazy\" srcset=\"https:\/\/www.diocesi.torino.it\/donazioni\/wp-content\/uploads\/sites\/39\/2026\/01\/9cf1a02c-4106-4ff9-94cc-5e6ee8ed1d2c-1-150x150.jpeg 150w, https:\/\/www.diocesi.torino.it\/donazioni\/wp-content\/uploads\/sites\/39\/2026\/01\/9cf1a02c-4106-4ff9-94cc-5e6ee8ed1d2c-1-200x200.jpeg 200w\" sizes=\"(max-width: 150px) 100vw, 150px\" \/><\/a>\n\t\t\t<\/dt><\/dl><dl class='gallery-item'>\n\t\t\t<dt class='gallery-icon portrait'>\n\t\t\t\t<a href='https:\/\/www.diocesi.torino.it\/donazioni\/wp-content\/uploads\/sites\/39\/2026\/01\/c31eff3b-0c1a-4a41-9c2e-8b129a6f2d23-1.jpeg' title=\"\" data-rl_title=\"\" class=\"rl-gallery-link\" data-rl_caption=\"\" data-rel=\"lightbox-gallery-1\"><img width=\"150\" height=\"150\" src=\"https:\/\/www.diocesi.torino.it\/donazioni\/wp-content\/uploads\/sites\/39\/2026\/01\/c31eff3b-0c1a-4a41-9c2e-8b129a6f2d23-1-150x150.jpeg\" class=\"attachment-thumbnail size-thumbnail\" alt=\"\" decoding=\"async\" loading=\"lazy\" srcset=\"https:\/\/www.diocesi.torino.it\/donazioni\/wp-content\/uploads\/sites\/39\/2026\/01\/c31eff3b-0c1a-4a41-9c2e-8b129a6f2d23-1-150x150.jpeg 150w, https:\/\/www.diocesi.torino.it\/donazioni\/wp-content\/uploads\/sites\/39\/2026\/01\/c31eff3b-0c1a-4a41-9c2e-8b129a6f2d23-1-200x200.jpeg 200w\" sizes=\"(max-width: 150px) 100vw, 150px\" \/><\/a>\n\t\t\t<\/dt><\/dl><dl class='gallery-item'>\n\t\t\t<dt class='gallery-icon landscape'>\n\t\t\t\t<a href='https:\/\/www.diocesi.torino.it\/donazioni\/wp-content\/uploads\/sites\/39\/2026\/01\/IMG_0045-1.jpeg' title=\"\" data-rl_title=\"\" class=\"rl-gallery-link\" data-rl_caption=\"\" data-rel=\"lightbox-gallery-1\"><img width=\"150\" height=\"150\" src=\"https:\/\/www.diocesi.torino.it\/donazioni\/wp-content\/uploads\/sites\/39\/2026\/01\/IMG_0045-1-150x150.jpeg\" class=\"attachment-thumbnail size-thumbnail\" alt=\"\" decoding=\"async\" loading=\"lazy\" srcset=\"https:\/\/www.diocesi.torino.it\/donazioni\/wp-content\/uploads\/sites\/39\/2026\/01\/IMG_0045-1-150x150.jpeg 150w, https:\/\/www.diocesi.torino.it\/donazioni\/wp-content\/uploads\/sites\/39\/2026\/01\/IMG_0045-1-200x200.jpeg 200w\" sizes=\"(max-width: 150px) 100vw, 150px\" \/><\/a>\n\t\t\t<\/dt><\/dl><br style=\"clear: both\" \/><dl class='gallery-item'>\n\t\t\t<dt class='gallery-icon portrait'>\n\t\t\t\t<a href='https:\/\/www.diocesi.torino.it\/donazioni\/wp-content\/uploads\/sites\/39\/2026\/01\/IMG_0272-1-scaled.jpg' title=\"\" data-rl_title=\"\" class=\"rl-gallery-link\" data-rl_caption=\"\" data-rel=\"lightbox-gallery-1\"><img width=\"150\" height=\"150\" src=\"https:\/\/www.diocesi.torino.it\/donazioni\/wp-content\/uploads\/sites\/39\/2026\/01\/IMG_0272-1-150x150.jpg\" class=\"attachment-thumbnail size-thumbnail\" alt=\"\" decoding=\"async\" loading=\"lazy\" srcset=\"https:\/\/www.diocesi.torino.it\/donazioni\/wp-content\/uploads\/sites\/39\/2026\/01\/IMG_0272-1-150x150.jpg 150w, https:\/\/www.diocesi.torino.it\/donazioni\/wp-content\/uploads\/sites\/39\/2026\/01\/IMG_0272-1-200x200.jpg 200w\" sizes=\"(max-width: 150px) 100vw, 150px\" \/><\/a>\n\t\t\t<\/dt><\/dl><dl class='gallery-item'>\n\t\t\t<dt class='gallery-icon portrait'>\n\t\t\t\t<a href='https:\/\/www.diocesi.torino.it\/donazioni\/wp-content\/uploads\/sites\/39\/2026\/01\/IMG_0986-1-scaled.jpg' title=\"\" data-rl_title=\"\" class=\"rl-gallery-link\" data-rl_caption=\"\" data-rel=\"lightbox-gallery-1\"><img width=\"150\" height=\"150\" src=\"https:\/\/www.diocesi.torino.it\/donazioni\/wp-content\/uploads\/sites\/39\/2026\/01\/IMG_0986-1-150x150.jpg\" class=\"attachment-thumbnail size-thumbnail\" alt=\"\" decoding=\"async\" loading=\"lazy\" srcset=\"https:\/\/www.diocesi.torino.it\/donazioni\/wp-content\/uploads\/sites\/39\/2026\/01\/IMG_0986-1-150x150.jpg 150w, https:\/\/www.diocesi.torino.it\/donazioni\/wp-content\/uploads\/sites\/39\/2026\/01\/IMG_0986-1-200x200.jpg 200w\" sizes=\"(max-width: 150px) 100vw, 150px\" \/><\/a>\n\t\t\t<\/dt><\/dl>\n\t\t\t<br style='clear: both' \/>\n\t\t<\/div>\n\n<p>&nbsp;<\/p>\n","protected":false},"excerpt":{"rendered":"<p>L\u2019Etiopia \u00e8 uno stato africano antichissimo e possiede un patrimonio culturale unico, \u00e8 il secondo paese pi\u00f9 popoloso dell\u2019Africa subsahariana con una antichissima tradizione cristiana (circa 300 d.C.). Fenomeni come la crescita esponenziale della popolazione, migrazioni e urbanizzazione e, recentemente, la frenetica attivit\u00e0 di modernizzazione soprattutto in capitale (Addis Abeba) rende sempre pi\u00f9 poveri i poveri e arricchisce soprattutto imprese straniere. I missionari della Consolata, &hellip; <a href=\"https:\/\/www.diocesi.torino.it\/donazioni\/ethiopia-gambo-missionari-della-consolata\/\" class=\"more-link\">Continua a leggere <span class=\"screen-reader-text\"><\/span> <span class=\"meta-nav\">&raquo;<\/span><\/a><\/p>\n","protected":false},"author":16,"featured_media":0,"parent":0,"menu_order":0,"comment_status":"closed","ping_status":"closed","template":"","meta":{"ip_address":"","user_agent":"","level":"","revision":"","cookie_id":"","page_referer":"","html_form":"","_expiration-date-status":"","_expiration-date":0,"_expiration-date-type":"","_expiration-date-categories":[],"_expiration-date-options":[]},"acf":[],"_links":{"self":[{"href":"https:\/\/www.diocesi.torino.it\/donazioni\/wp-json\/wp\/v2\/pages\/470"}],"collection":[{"href":"https:\/\/www.diocesi.torino.it\/donazioni\/wp-json\/wp\/v2\/pages"}],"about":[{"href":"https:\/\/www.diocesi.torino.it\/donazioni\/wp-json\/wp\/v2\/types\/page"}],"author":[{"embeddable":true,"href":"https:\/\/www.diocesi.torino.it\/donazioni\/wp-json\/wp\/v2\/users\/16"}],"replies":[{"embeddable":true,"href":"https:\/\/www.diocesi.torino.it\/donazioni\/wp-json\/wp\/v2\/comments?post=470"}],"version-history":[{"count":5,"href":"https:\/\/www.diocesi.torino.it\/donazioni\/wp-json\/wp\/v2\/pages\/470\/revisions"}],"predecessor-version":[{"id":3061,"href":"https:\/\/www.diocesi.torino.it\/donazioni\/wp-json\/wp\/v2\/pages\/470\/revisions\/3061"}],"wp:attachment":[{"href":"https:\/\/www.diocesi.torino.it\/donazioni\/wp-json\/wp\/v2\/media?parent=470"}],"curies":[{"name":"wp","href":"https:\/\/api.w.org\/{rel}","templated":true}]}}