{"id":478,"date":"2024-09-19T13:21:40","date_gmt":"2024-09-19T11:21:40","guid":{"rendered":"https:\/\/www.diocesi.torino.it\/donazioni\/?page_id=478"},"modified":"2026-01-07T14:32:18","modified_gmt":"2026-01-07T13:32:18","slug":"ethiopia-suore-missionarie-della-consolata","status":"publish","type":"page","link":"https:\/\/www.diocesi.torino.it\/donazioni\/ethiopia-suore-missionarie-della-consolata\/","title":{"rendered":"Ethiopia &#8211; Suore Missionarie della Consolata"},"content":{"rendered":"<p><img decoding=\"async\" loading=\"lazy\" class=\"alignright wp-image-2973 size-medium\" src=\"https:\/\/www.diocesi.torino.it\/donazioni\/wp-content\/uploads\/sites\/39\/2026\/01\/ETIOPIA-KORE-MC-300x300.jpg\" alt=\"\" width=\"300\" height=\"300\" srcset=\"https:\/\/www.diocesi.torino.it\/donazioni\/wp-content\/uploads\/sites\/39\/2026\/01\/ETIOPIA-KORE-MC-300x300.jpg 300w, https:\/\/www.diocesi.torino.it\/donazioni\/wp-content\/uploads\/sites\/39\/2026\/01\/ETIOPIA-KORE-MC-1024x1024.jpg 1024w, https:\/\/www.diocesi.torino.it\/donazioni\/wp-content\/uploads\/sites\/39\/2026\/01\/ETIOPIA-KORE-MC-150x150.jpg 150w, https:\/\/www.diocesi.torino.it\/donazioni\/wp-content\/uploads\/sites\/39\/2026\/01\/ETIOPIA-KORE-MC-768x768.jpg 768w, https:\/\/www.diocesi.torino.it\/donazioni\/wp-content\/uploads\/sites\/39\/2026\/01\/ETIOPIA-KORE-MC-200x200.jpg 200w, https:\/\/www.diocesi.torino.it\/donazioni\/wp-content\/uploads\/sites\/39\/2026\/01\/ETIOPIA-KORE-MC-280x280.jpg 280w, https:\/\/www.diocesi.torino.it\/donazioni\/wp-content\/uploads\/sites\/39\/2026\/01\/ETIOPIA-KORE-MC-600x600.jpg 600w, https:\/\/www.diocesi.torino.it\/donazioni\/wp-content\/uploads\/sites\/39\/2026\/01\/ETIOPIA-KORE-MC-800x800.jpg 800w, https:\/\/www.diocesi.torino.it\/donazioni\/wp-content\/uploads\/sites\/39\/2026\/01\/ETIOPIA-KORE-MC.jpg 1080w\" sizes=\"(max-width: 300px) 100vw, 300px\" \/><\/p>\n<p>Il Villaggio di Kore, adiacente all&#8217;ospedale ALERT (All Africa Leprosy, Tuberculosis and Rehabilitation Training Center) ad Addis Abeba, \u00e8 una comunit\u00e0 storica nata decenni fa come rifugio per pazienti affetti da lebbra e le loro famiglie, spesso emarginati dalla societ\u00e0. Con il tempo, si \u00e8 trasformato in un quartiere densamente popolato e povero, ma con una forte identit\u00e0 comunitaria.<\/p>\n<p>Il futuro del villaggio\u00a0 \u00e8 molto incerto. Il governo vuole procedere con il trasferimento forzato per motivi di sviluppo, mentre la comunit\u00e0 di Kore lotta per il suo diritto a rimanere e preservare la propria casa e la propria identit\u00e0<\/p>\n<p>Il governo etiope\u00a0intende smantellare il villaggio \u00a0per far posto a un grande progetto di sviluppo urbano (Sheger City). Il piano ufficiale prevede di\u00a0trasferire forzatamente i residenti in nuovi condomini in una zona periferica.<\/p>\n<p>Gli abitanti di Kore (persone affette da lebbra e le loro famiglie) saranno ricollocati in alloggi popolari a Jemo 3, lontano dalla loro attuale posizione e l&#8217;area di Kore, considerata molto preziosa, sar\u00e0 riqualificata con progetti residenziali e commerciali di alto livello.<\/p>\n<p>I residenti si oppongono fermamente al trasferimento. Le principali preoccupazioni sono:<\/p>\n<p>\u00a7\u00a0\u00a0 Sradicamento della comunit\u00e0:\u00a0Verrebbe distrutta la rete di mutuo soccorso vitale per gli anziani e i disabili.<\/p>\n<p>\u00a7\u00a0\u00a0 Perdita di lavoro:\u00a0Jemo 3 \u00e8 lontano dalle opportunit\u00e0 di lavoro informale del centro.<\/p>\n<p>\u00a7\u00a0\u00a0 Alloggi inadeguati:\u00a0I nuovi appartamenti sono considerati piccoli e inadatti per famiglie numerose o persone con disabilit\u00e0.<\/p>\n<p>La situazione \u00e8\u00a0tensa e di stallo. Il governo procede con i piani, ma la comunit\u00e0 continua a resistere, chiedendo una soluzione che non distrugga il loro stile di vita.<\/p>\n<p>Sr. Virgilia Rita Bandiera<\/p>\n\n\t\t<style type=\"text\/css\">\n\t\t\t#gallery-1 {\n\t\t\t\tmargin: auto;\n\t\t\t}\n\t\t\t#gallery-1 .gallery-item {\n\t\t\t\tfloat: left;\n\t\t\t\tmargin-top: 10px;\n\t\t\t\ttext-align: center;\n\t\t\t\twidth: 25%;\n\t\t\t}\n\t\t\t#gallery-1 img {\n\t\t\t\tborder: 2px solid #cfcfcf;\n\t\t\t}\n\t\t\t#gallery-1 .gallery-caption {\n\t\t\t\tmargin-left: 0;\n\t\t\t}\n\t\t\t\/* see gallery_shortcode() in wp-includes\/media.php *\/\n\t\t<\/style>\n\t\t<div id='gallery-1' class='gallery galleryid-478 gallery-columns-4 gallery-size-thumbnail'><dl class='gallery-item'>\n\t\t\t<dt class='gallery-icon landscape'>\n\t\t\t\t<a href='https:\/\/www.diocesi.torino.it\/donazioni\/wp-content\/uploads\/sites\/39\/2026\/01\/IMG_20241224_082900_009.jpg' title=\"\" data-rl_title=\"\" class=\"rl-gallery-link\" data-rl_caption=\"\" data-rel=\"lightbox-gallery-1\"><img width=\"150\" height=\"150\" src=\"https:\/\/www.diocesi.torino.it\/donazioni\/wp-content\/uploads\/sites\/39\/2026\/01\/IMG_20241224_082900_009-150x150.jpg\" class=\"attachment-thumbnail size-thumbnail\" alt=\"\" decoding=\"async\" loading=\"lazy\" srcset=\"https:\/\/www.diocesi.torino.it\/donazioni\/wp-content\/uploads\/sites\/39\/2026\/01\/IMG_20241224_082900_009-150x150.jpg 150w, https:\/\/www.diocesi.torino.it\/donazioni\/wp-content\/uploads\/sites\/39\/2026\/01\/IMG_20241224_082900_009-200x200.jpg 200w\" sizes=\"(max-width: 150px) 100vw, 150px\" \/><\/a>\n\t\t\t<\/dt><\/dl><dl class='gallery-item'>\n\t\t\t<dt class='gallery-icon landscape'>\n\t\t\t\t<a href='https:\/\/www.diocesi.torino.it\/donazioni\/wp-content\/uploads\/sites\/39\/2026\/01\/IMG_20241217_165850_009.jpg' title=\"\" data-rl_title=\"\" class=\"rl-gallery-link\" data-rl_caption=\"\" data-rel=\"lightbox-gallery-1\"><img width=\"150\" height=\"150\" src=\"https:\/\/www.diocesi.torino.it\/donazioni\/wp-content\/uploads\/sites\/39\/2026\/01\/IMG_20241217_165850_009-150x150.jpg\" class=\"attachment-thumbnail size-thumbnail\" alt=\"\" decoding=\"async\" loading=\"lazy\" srcset=\"https:\/\/www.diocesi.torino.it\/donazioni\/wp-content\/uploads\/sites\/39\/2026\/01\/IMG_20241217_165850_009-150x150.jpg 150w, https:\/\/www.diocesi.torino.it\/donazioni\/wp-content\/uploads\/sites\/39\/2026\/01\/IMG_20241217_165850_009-200x200.jpg 200w\" sizes=\"(max-width: 150px) 100vw, 150px\" \/><\/a>\n\t\t\t<\/dt><\/dl><dl class='gallery-item'>\n\t\t\t<dt class='gallery-icon portrait'>\n\t\t\t\t<a href='https:\/\/www.diocesi.torino.it\/donazioni\/wp-content\/uploads\/sites\/39\/2026\/01\/IMG_20240710_131712_197-1.jpg' title=\"\" data-rl_title=\"\" class=\"rl-gallery-link\" data-rl_caption=\"\" data-rel=\"lightbox-gallery-1\"><img width=\"150\" height=\"150\" src=\"https:\/\/www.diocesi.torino.it\/donazioni\/wp-content\/uploads\/sites\/39\/2026\/01\/IMG_20240710_131712_197-1-150x150.jpg\" class=\"attachment-thumbnail size-thumbnail\" alt=\"\" decoding=\"async\" loading=\"lazy\" srcset=\"https:\/\/www.diocesi.torino.it\/donazioni\/wp-content\/uploads\/sites\/39\/2026\/01\/IMG_20240710_131712_197-1-150x150.jpg 150w, https:\/\/www.diocesi.torino.it\/donazioni\/wp-content\/uploads\/sites\/39\/2026\/01\/IMG_20240710_131712_197-1-200x200.jpg 200w\" sizes=\"(max-width: 150px) 100vw, 150px\" \/><\/a>\n\t\t\t<\/dt><\/dl><dl class='gallery-item'>\n\t\t\t<dt class='gallery-icon portrait'>\n\t\t\t\t<a href='https:\/\/www.diocesi.torino.it\/donazioni\/wp-content\/uploads\/sites\/39\/2026\/01\/IMG_20240710_131223_021.jpg' title=\"\" data-rl_title=\"\" class=\"rl-gallery-link\" data-rl_caption=\"\" data-rel=\"lightbox-gallery-1\"><img width=\"150\" height=\"150\" src=\"https:\/\/www.diocesi.torino.it\/donazioni\/wp-content\/uploads\/sites\/39\/2026\/01\/IMG_20240710_131223_021-150x150.jpg\" class=\"attachment-thumbnail size-thumbnail\" alt=\"\" decoding=\"async\" loading=\"lazy\" srcset=\"https:\/\/www.diocesi.torino.it\/donazioni\/wp-content\/uploads\/sites\/39\/2026\/01\/IMG_20240710_131223_021-150x150.jpg 150w, https:\/\/www.diocesi.torino.it\/donazioni\/wp-content\/uploads\/sites\/39\/2026\/01\/IMG_20240710_131223_021-200x200.jpg 200w\" sizes=\"(max-width: 150px) 100vw, 150px\" \/><\/a>\n\t\t\t<\/dt><\/dl><br style=\"clear: both\" \/>\n\t\t<\/div>\n\n<p>&nbsp;<\/p>\n<p>&nbsp;<\/p>\n","protected":false},"excerpt":{"rendered":"<p>Il Villaggio di Kore, adiacente all&#8217;ospedale ALERT (All Africa Leprosy, Tuberculosis and Rehabilitation Training Center) ad Addis Abeba, \u00e8 una comunit\u00e0 storica nata decenni fa come rifugio per pazienti affetti da lebbra e le loro famiglie, spesso emarginati dalla societ\u00e0. Con il tempo, si \u00e8 trasformato in un quartiere densamente popolato e povero, ma con una forte identit\u00e0 comunitaria. Il futuro del villaggio\u00a0 \u00e8 molto &hellip; <a href=\"https:\/\/www.diocesi.torino.it\/donazioni\/ethiopia-suore-missionarie-della-consolata\/\" class=\"more-link\">Continua a leggere <span class=\"screen-reader-text\"><\/span> <span class=\"meta-nav\">&raquo;<\/span><\/a><\/p>\n","protected":false},"author":16,"featured_media":0,"parent":0,"menu_order":0,"comment_status":"closed","ping_status":"closed","template":"","meta":{"ip_address":"","user_agent":"","level":"","revision":"","cookie_id":"","page_referer":"","html_form":"","_expiration-date-status":"","_expiration-date":0,"_expiration-date-type":"","_expiration-date-categories":[],"_expiration-date-options":[]},"acf":[],"_links":{"self":[{"href":"https:\/\/www.diocesi.torino.it\/donazioni\/wp-json\/wp\/v2\/pages\/478"}],"collection":[{"href":"https:\/\/www.diocesi.torino.it\/donazioni\/wp-json\/wp\/v2\/pages"}],"about":[{"href":"https:\/\/www.diocesi.torino.it\/donazioni\/wp-json\/wp\/v2\/types\/page"}],"author":[{"embeddable":true,"href":"https:\/\/www.diocesi.torino.it\/donazioni\/wp-json\/wp\/v2\/users\/16"}],"replies":[{"embeddable":true,"href":"https:\/\/www.diocesi.torino.it\/donazioni\/wp-json\/wp\/v2\/comments?post=478"}],"version-history":[{"count":9,"href":"https:\/\/www.diocesi.torino.it\/donazioni\/wp-json\/wp\/v2\/pages\/478\/revisions"}],"predecessor-version":[{"id":3067,"href":"https:\/\/www.diocesi.torino.it\/donazioni\/wp-json\/wp\/v2\/pages\/478\/revisions\/3067"}],"wp:attachment":[{"href":"https:\/\/www.diocesi.torino.it\/donazioni\/wp-json\/wp\/v2\/media?parent=478"}],"curies":[{"name":"wp","href":"https:\/\/api.w.org\/{rel}","templated":true}]}}