{"id":482,"date":"2024-09-19T13:31:04","date_gmt":"2024-09-19T11:31:04","guid":{"rendered":"https:\/\/www.diocesi.torino.it\/donazioni\/?page_id=482"},"modified":"2026-01-07T13:58:52","modified_gmt":"2026-01-07T12:58:52","slug":"madagascar-e-rep-centro-africana-suore-carmelitane-di-santa-teresa","status":"publish","type":"page","link":"https:\/\/www.diocesi.torino.it\/donazioni\/madagascar-e-rep-centro-africana-suore-carmelitane-di-santa-teresa\/","title":{"rendered":"Madagascar e- Suore Carmelitane di Santa Teresa"},"content":{"rendered":"<div><img decoding=\"async\" loading=\"lazy\" class=\"alignright wp-image-2975 size-medium\" src=\"https:\/\/www.diocesi.torino.it\/donazioni\/wp-content\/uploads\/sites\/39\/2026\/01\/MADAGASCAR-CARMELITANE-300x300.jpg\" alt=\"\" width=\"300\" height=\"300\" srcset=\"https:\/\/www.diocesi.torino.it\/donazioni\/wp-content\/uploads\/sites\/39\/2026\/01\/MADAGASCAR-CARMELITANE-300x300.jpg 300w, https:\/\/www.diocesi.torino.it\/donazioni\/wp-content\/uploads\/sites\/39\/2026\/01\/MADAGASCAR-CARMELITANE-1024x1024.jpg 1024w, https:\/\/www.diocesi.torino.it\/donazioni\/wp-content\/uploads\/sites\/39\/2026\/01\/MADAGASCAR-CARMELITANE-150x150.jpg 150w, https:\/\/www.diocesi.torino.it\/donazioni\/wp-content\/uploads\/sites\/39\/2026\/01\/MADAGASCAR-CARMELITANE-768x768.jpg 768w, https:\/\/www.diocesi.torino.it\/donazioni\/wp-content\/uploads\/sites\/39\/2026\/01\/MADAGASCAR-CARMELITANE-200x200.jpg 200w, https:\/\/www.diocesi.torino.it\/donazioni\/wp-content\/uploads\/sites\/39\/2026\/01\/MADAGASCAR-CARMELITANE-280x280.jpg 280w, https:\/\/www.diocesi.torino.it\/donazioni\/wp-content\/uploads\/sites\/39\/2026\/01\/MADAGASCAR-CARMELITANE-600x600.jpg 600w, https:\/\/www.diocesi.torino.it\/donazioni\/wp-content\/uploads\/sites\/39\/2026\/01\/MADAGASCAR-CARMELITANE-800x800.jpg 800w, https:\/\/www.diocesi.torino.it\/donazioni\/wp-content\/uploads\/sites\/39\/2026\/01\/MADAGASCAR-CARMELITANE.jpg 1080w\" sizes=\"(max-width: 300px) 100vw, 300px\" \/>Il nostro Dispensario \u00e8 un Centro Sanitario di base a livello di Distretto d\u2019Ambatondrazaka per curare i tubercolosi e i lebbrosi del nostro territorio.<\/div>\n<div>Andreba \u00e8 un piccolo villaggio a circa 25 Km da Ambatondrazaka. Gli abitanti sono 9.575 e la maggioranza della popolazione \u00e8 dedita all\u2019agricoltura e alla pesca. Vive nella semplicit\u00e0 della campagna, senza elettricit\u00e0 e acqua potabile. La maggior parte della popolazione coltiva il riso e i diversi legumi.<\/div>\n<div><\/div>\n<div>Attualmente i raccolti sono diminuiti a causa della grande siccit\u00e0 e dei cambiamenti climatici che hanno colpito anche il Madagascar. Inoltre il lavoro della maggior parte dei contadini \u00e8 fatto a forza di braccia perch\u00e9 non possiedono macchine agricole, solo qualcuno ha un aratro trainato da zeb\u00f9.<\/div>\n<div><\/div>\n<div>Per cui la maggior parte delle famiglie vive in difficolt\u00e0 economiche. Faticano a far studiare i figli, se sono malati non si curano perch\u00e9 i medicinali sono molto costosi e il loro prezzo aumenta ogni mese. Se qualcuno in famiglia deve essere ricoverato in ospedale per un intervento o cure per cui servono parecchi soldi, la maggior parte rinuncia piuttosto che ridurre sul lastrico la famiglia.<\/div>\n<div><\/div>\n<div>La povert\u00e0, la mancanza di un\u2019alimentazione sufficiente, la poca igiene per la scarsit\u00e0 dell\u2019acqua indeboliscono il fisico e lo rendono pi\u00f9 vulnerabile fisicamente per cui malattie che stavano scomparendo riprendono piede come la tubercolosi e la lebbra.<\/div>\n<div><\/div>\n<div>La Comunit\u00e0 delle Suore Carmelitane di S. Teresa di Torino \u2013 Andreba<\/div>\n<div><\/div>\n<div><\/div>\n<div>\n\n\t\t<style type=\"text\/css\">\n\t\t\t#gallery-1 {\n\t\t\t\tmargin: auto;\n\t\t\t}\n\t\t\t#gallery-1 .gallery-item {\n\t\t\t\tfloat: left;\n\t\t\t\tmargin-top: 10px;\n\t\t\t\ttext-align: center;\n\t\t\t\twidth: 25%;\n\t\t\t}\n\t\t\t#gallery-1 img {\n\t\t\t\tborder: 2px solid #cfcfcf;\n\t\t\t}\n\t\t\t#gallery-1 .gallery-caption {\n\t\t\t\tmargin-left: 0;\n\t\t\t}\n\t\t\t\/* see gallery_shortcode() in wp-includes\/media.php *\/\n\t\t<\/style>\n\t\t<div id='gallery-1' class='gallery galleryid-482 gallery-columns-4 gallery-size-thumbnail'><dl class='gallery-item'>\n\t\t\t<dt class='gallery-icon portrait'>\n\t\t\t\t<a href='https:\/\/www.diocesi.torino.it\/donazioni\/wp-content\/uploads\/sites\/39\/2026\/01\/img8.jpg' title=\"\" data-rl_title=\"\" class=\"rl-gallery-link\" data-rl_caption=\"\" data-rel=\"lightbox-gallery-1\"><img width=\"150\" height=\"150\" src=\"https:\/\/www.diocesi.torino.it\/donazioni\/wp-content\/uploads\/sites\/39\/2026\/01\/img8-150x150.jpg\" class=\"attachment-thumbnail size-thumbnail\" alt=\"\" decoding=\"async\" loading=\"lazy\" srcset=\"https:\/\/www.diocesi.torino.it\/donazioni\/wp-content\/uploads\/sites\/39\/2026\/01\/img8-150x150.jpg 150w, https:\/\/www.diocesi.torino.it\/donazioni\/wp-content\/uploads\/sites\/39\/2026\/01\/img8-200x200.jpg 200w\" sizes=\"(max-width: 150px) 100vw, 150px\" \/><\/a>\n\t\t\t<\/dt><\/dl><dl class='gallery-item'>\n\t\t\t<dt class='gallery-icon landscape'>\n\t\t\t\t<a href='https:\/\/www.diocesi.torino.it\/donazioni\/wp-content\/uploads\/sites\/39\/2026\/01\/img9.jpg' title=\"\" data-rl_title=\"\" class=\"rl-gallery-link\" data-rl_caption=\"\" data-rel=\"lightbox-gallery-1\"><img width=\"150\" height=\"150\" src=\"https:\/\/www.diocesi.torino.it\/donazioni\/wp-content\/uploads\/sites\/39\/2026\/01\/img9-150x150.jpg\" class=\"attachment-thumbnail size-thumbnail\" alt=\"\" decoding=\"async\" loading=\"lazy\" srcset=\"https:\/\/www.diocesi.torino.it\/donazioni\/wp-content\/uploads\/sites\/39\/2026\/01\/img9-150x150.jpg 150w, https:\/\/www.diocesi.torino.it\/donazioni\/wp-content\/uploads\/sites\/39\/2026\/01\/img9-200x200.jpg 200w\" sizes=\"(max-width: 150px) 100vw, 150px\" \/><\/a>\n\t\t\t<\/dt><\/dl><dl class='gallery-item'>\n\t\t\t<dt class='gallery-icon landscape'>\n\t\t\t\t<a href='https:\/\/www.diocesi.torino.it\/donazioni\/wp-content\/uploads\/sites\/39\/2026\/01\/img16.jpg' title=\"\" data-rl_title=\"\" class=\"rl-gallery-link\" data-rl_caption=\"\" data-rel=\"lightbox-gallery-1\"><img width=\"150\" height=\"150\" src=\"https:\/\/www.diocesi.torino.it\/donazioni\/wp-content\/uploads\/sites\/39\/2026\/01\/img16-150x150.jpg\" class=\"attachment-thumbnail size-thumbnail\" alt=\"\" decoding=\"async\" loading=\"lazy\" srcset=\"https:\/\/www.diocesi.torino.it\/donazioni\/wp-content\/uploads\/sites\/39\/2026\/01\/img16-150x150.jpg 150w, https:\/\/www.diocesi.torino.it\/donazioni\/wp-content\/uploads\/sites\/39\/2026\/01\/img16-200x200.jpg 200w\" sizes=\"(max-width: 150px) 100vw, 150px\" \/><\/a>\n\t\t\t<\/dt><\/dl><dl class='gallery-item'>\n\t\t\t<dt class='gallery-icon portrait'>\n\t\t\t\t<a href='https:\/\/www.diocesi.torino.it\/donazioni\/wp-content\/uploads\/sites\/39\/2026\/01\/img17.jpg' title=\"\" data-rl_title=\"\" class=\"rl-gallery-link\" data-rl_caption=\"\" data-rel=\"lightbox-gallery-1\"><img width=\"150\" height=\"150\" src=\"https:\/\/www.diocesi.torino.it\/donazioni\/wp-content\/uploads\/sites\/39\/2026\/01\/img17-150x150.jpg\" class=\"attachment-thumbnail size-thumbnail\" alt=\"\" decoding=\"async\" loading=\"lazy\" srcset=\"https:\/\/www.diocesi.torino.it\/donazioni\/wp-content\/uploads\/sites\/39\/2026\/01\/img17-150x150.jpg 150w, https:\/\/www.diocesi.torino.it\/donazioni\/wp-content\/uploads\/sites\/39\/2026\/01\/img17-200x200.jpg 200w\" sizes=\"(max-width: 150px) 100vw, 150px\" \/><\/a>\n\t\t\t<\/dt><\/dl><br style=\"clear: both\" \/><dl class='gallery-item'>\n\t\t\t<dt class='gallery-icon portrait'>\n\t\t\t\t<a href='https:\/\/www.diocesi.torino.it\/donazioni\/wp-content\/uploads\/sites\/39\/2026\/01\/img23.jpg' title=\"\" data-rl_title=\"\" class=\"rl-gallery-link\" data-rl_caption=\"\" data-rel=\"lightbox-gallery-1\"><img width=\"150\" height=\"150\" src=\"https:\/\/www.diocesi.torino.it\/donazioni\/wp-content\/uploads\/sites\/39\/2026\/01\/img23-150x150.jpg\" class=\"attachment-thumbnail size-thumbnail\" alt=\"\" decoding=\"async\" loading=\"lazy\" srcset=\"https:\/\/www.diocesi.torino.it\/donazioni\/wp-content\/uploads\/sites\/39\/2026\/01\/img23-150x150.jpg 150w, https:\/\/www.diocesi.torino.it\/donazioni\/wp-content\/uploads\/sites\/39\/2026\/01\/img23-200x200.jpg 200w\" sizes=\"(max-width: 150px) 100vw, 150px\" \/><\/a>\n\t\t\t<\/dt><\/dl><dl class='gallery-item'>\n\t\t\t<dt class='gallery-icon landscape'>\n\t\t\t\t<a href='https:\/\/www.diocesi.torino.it\/donazioni\/wp-content\/uploads\/sites\/39\/2026\/01\/img24.jpg' title=\"\" data-rl_title=\"\" class=\"rl-gallery-link\" data-rl_caption=\"\" data-rel=\"lightbox-gallery-1\"><img width=\"150\" height=\"150\" src=\"https:\/\/www.diocesi.torino.it\/donazioni\/wp-content\/uploads\/sites\/39\/2026\/01\/img24-150x150.jpg\" class=\"attachment-thumbnail size-thumbnail\" alt=\"\" decoding=\"async\" loading=\"lazy\" srcset=\"https:\/\/www.diocesi.torino.it\/donazioni\/wp-content\/uploads\/sites\/39\/2026\/01\/img24-150x150.jpg 150w, https:\/\/www.diocesi.torino.it\/donazioni\/wp-content\/uploads\/sites\/39\/2026\/01\/img24-200x200.jpg 200w\" sizes=\"(max-width: 150px) 100vw, 150px\" \/><\/a>\n\t\t\t<\/dt><\/dl><dl class='gallery-item'>\n\t\t\t<dt class='gallery-icon portrait'>\n\t\t\t\t<a href='https:\/\/www.diocesi.torino.it\/donazioni\/wp-content\/uploads\/sites\/39\/2026\/01\/img25.jpg' title=\"\" data-rl_title=\"\" class=\"rl-gallery-link\" data-rl_caption=\"\" data-rel=\"lightbox-gallery-1\"><img width=\"150\" height=\"150\" src=\"https:\/\/www.diocesi.torino.it\/donazioni\/wp-content\/uploads\/sites\/39\/2026\/01\/img25-150x150.jpg\" class=\"attachment-thumbnail size-thumbnail\" alt=\"\" decoding=\"async\" loading=\"lazy\" srcset=\"https:\/\/www.diocesi.torino.it\/donazioni\/wp-content\/uploads\/sites\/39\/2026\/01\/img25-150x150.jpg 150w, https:\/\/www.diocesi.torino.it\/donazioni\/wp-content\/uploads\/sites\/39\/2026\/01\/img25-200x200.jpg 200w\" sizes=\"(max-width: 150px) 100vw, 150px\" \/><\/a>\n\t\t\t<\/dt><\/dl><dl class='gallery-item'>\n\t\t\t<dt class='gallery-icon portrait'>\n\t\t\t\t<a href='https:\/\/www.diocesi.torino.it\/donazioni\/wp-content\/uploads\/sites\/39\/2026\/01\/img26.jpg' title=\"\" data-rl_title=\"\" class=\"rl-gallery-link\" data-rl_caption=\"\" data-rel=\"lightbox-gallery-1\"><img width=\"150\" height=\"150\" src=\"https:\/\/www.diocesi.torino.it\/donazioni\/wp-content\/uploads\/sites\/39\/2026\/01\/img26-150x150.jpg\" class=\"attachment-thumbnail size-thumbnail\" alt=\"\" decoding=\"async\" loading=\"lazy\" srcset=\"https:\/\/www.diocesi.torino.it\/donazioni\/wp-content\/uploads\/sites\/39\/2026\/01\/img26-150x150.jpg 150w, https:\/\/www.diocesi.torino.it\/donazioni\/wp-content\/uploads\/sites\/39\/2026\/01\/img26-200x200.jpg 200w\" sizes=\"(max-width: 150px) 100vw, 150px\" \/><\/a>\n\t\t\t<\/dt><\/dl><br style=\"clear: both\" \/><dl class='gallery-item'>\n\t\t\t<dt class='gallery-icon portrait'>\n\t\t\t\t<a href='https:\/\/www.diocesi.torino.it\/donazioni\/wp-content\/uploads\/sites\/39\/2026\/01\/img29-rotated.jpg' title=\"\" data-rl_title=\"\" class=\"rl-gallery-link\" data-rl_caption=\"\" data-rel=\"lightbox-gallery-1\"><img width=\"150\" height=\"150\" src=\"https:\/\/www.diocesi.torino.it\/donazioni\/wp-content\/uploads\/sites\/39\/2026\/01\/img29-150x150.jpg\" class=\"attachment-thumbnail size-thumbnail\" alt=\"\" decoding=\"async\" loading=\"lazy\" srcset=\"https:\/\/www.diocesi.torino.it\/donazioni\/wp-content\/uploads\/sites\/39\/2026\/01\/img29-150x150.jpg 150w, https:\/\/www.diocesi.torino.it\/donazioni\/wp-content\/uploads\/sites\/39\/2026\/01\/img29-200x200.jpg 200w\" sizes=\"(max-width: 150px) 100vw, 150px\" \/><\/a>\n\t\t\t<\/dt><\/dl><dl class='gallery-item'>\n\t\t\t<dt class='gallery-icon portrait'>\n\t\t\t\t<a href='https:\/\/www.diocesi.torino.it\/donazioni\/wp-content\/uploads\/sites\/39\/2026\/01\/img32.jpg' title=\"\" data-rl_title=\"\" class=\"rl-gallery-link\" data-rl_caption=\"\" data-rel=\"lightbox-gallery-1\"><img width=\"150\" height=\"150\" src=\"https:\/\/www.diocesi.torino.it\/donazioni\/wp-content\/uploads\/sites\/39\/2026\/01\/img32-150x150.jpg\" class=\"attachment-thumbnail size-thumbnail\" alt=\"\" decoding=\"async\" loading=\"lazy\" srcset=\"https:\/\/www.diocesi.torino.it\/donazioni\/wp-content\/uploads\/sites\/39\/2026\/01\/img32-150x150.jpg 150w, https:\/\/www.diocesi.torino.it\/donazioni\/wp-content\/uploads\/sites\/39\/2026\/01\/img32-200x200.jpg 200w\" sizes=\"(max-width: 150px) 100vw, 150px\" \/><\/a>\n\t\t\t<\/dt><\/dl><dl class='gallery-item'>\n\t\t\t<dt class='gallery-icon portrait'>\n\t\t\t\t<a href='https:\/\/www.diocesi.torino.it\/donazioni\/wp-content\/uploads\/sites\/39\/2026\/01\/img33.jpg' title=\"\" data-rl_title=\"\" class=\"rl-gallery-link\" data-rl_caption=\"\" data-rel=\"lightbox-gallery-1\"><img width=\"150\" height=\"150\" src=\"https:\/\/www.diocesi.torino.it\/donazioni\/wp-content\/uploads\/sites\/39\/2026\/01\/img33-150x150.jpg\" class=\"attachment-thumbnail size-thumbnail\" alt=\"\" decoding=\"async\" loading=\"lazy\" srcset=\"https:\/\/www.diocesi.torino.it\/donazioni\/wp-content\/uploads\/sites\/39\/2026\/01\/img33-150x150.jpg 150w, https:\/\/www.diocesi.torino.it\/donazioni\/wp-content\/uploads\/sites\/39\/2026\/01\/img33-200x200.jpg 200w\" sizes=\"(max-width: 150px) 100vw, 150px\" \/><\/a>\n\t\t\t<\/dt><\/dl><dl class='gallery-item'>\n\t\t\t<dt class='gallery-icon portrait'>\n\t\t\t\t<a href='https:\/\/www.diocesi.torino.it\/donazioni\/wp-content\/uploads\/sites\/39\/2026\/01\/img34.jpg' title=\"\" data-rl_title=\"\" class=\"rl-gallery-link\" data-rl_caption=\"\" data-rel=\"lightbox-gallery-1\"><img width=\"150\" height=\"150\" src=\"https:\/\/www.diocesi.torino.it\/donazioni\/wp-content\/uploads\/sites\/39\/2026\/01\/img34-150x150.jpg\" class=\"attachment-thumbnail size-thumbnail\" alt=\"\" decoding=\"async\" loading=\"lazy\" srcset=\"https:\/\/www.diocesi.torino.it\/donazioni\/wp-content\/uploads\/sites\/39\/2026\/01\/img34-150x150.jpg 150w, https:\/\/www.diocesi.torino.it\/donazioni\/wp-content\/uploads\/sites\/39\/2026\/01\/img34-200x200.jpg 200w\" sizes=\"(max-width: 150px) 100vw, 150px\" \/><\/a>\n\t\t\t<\/dt><\/dl><br style=\"clear: both\" \/><dl class='gallery-item'>\n\t\t\t<dt class='gallery-icon landscape'>\n\t\t\t\t<a href='https:\/\/www.diocesi.torino.it\/donazioni\/wp-content\/uploads\/sites\/39\/2026\/01\/img93.jpg' title=\"\" data-rl_title=\"\" class=\"rl-gallery-link\" data-rl_caption=\"\" data-rel=\"lightbox-gallery-1\"><img width=\"150\" height=\"150\" src=\"https:\/\/www.diocesi.torino.it\/donazioni\/wp-content\/uploads\/sites\/39\/2026\/01\/img93-150x150.jpg\" class=\"attachment-thumbnail size-thumbnail\" alt=\"\" decoding=\"async\" loading=\"lazy\" srcset=\"https:\/\/www.diocesi.torino.it\/donazioni\/wp-content\/uploads\/sites\/39\/2026\/01\/img93-150x150.jpg 150w, https:\/\/www.diocesi.torino.it\/donazioni\/wp-content\/uploads\/sites\/39\/2026\/01\/img93-200x200.jpg 200w\" sizes=\"(max-width: 150px) 100vw, 150px\" \/><\/a>\n\t\t\t<\/dt><\/dl>\n\t\t\t<br style='clear: both' \/>\n\t\t<\/div>\n\n<\/div>\n<div><\/div>\n<div><\/div>\n<hr class=\"wpba_attachment_hr\"><div id='wpba_attachment_list' class='wpba wpba-wrap'>\n<ul class='wpba-attachment-list unstyled'><li id='wpba_attachment_list_1381' class='wpba-list-item pull-left'><img src='https:\/\/www.diocesi.torino.it\/donazioni\/wp-content\/themes\/wp-starter-so\/icons\/play.png' width='16' height='20' class='wpba-icon pull-left'><a href='https:\/\/www.diocesi.torino.it\/donazioni\/wp-content\/uploads\/sites\/39\/2025\/01\/74f9e2b1-1451-4498-b1f9-d8bf41ed89e8.mp4' title='74f9e2b1-1451-4498-b1f9-d8bf41ed89e8' class='wpba-link pull-left' target=\"_blank\">74f9e2b1-1451-4498-b1f9-d8bf41ed89e8<\/a><\/li>\n<li id='wpba_attachment_list_1384' class='wpba-list-item pull-left'><img src='https:\/\/www.diocesi.torino.it\/donazioni\/wp-content\/themes\/wp-starter-so\/icons\/document.png' width='16' height='20' class='wpba-icon pull-left'><a href='https:\/\/www.diocesi.torino.it\/donazioni\/wp-content\/uploads\/sites\/39\/2025\/01\/FOTO-PER-DIOCESI-DI-TORINO-LUGLIO-2024.pdf' title='FOTO PER DIOCESI DI TORINO - LUGLIO 2024' class='wpba-link pull-left' target=\"_blank\">FOTO PER DIOCESI DI TORINO - LUGLIO 2024<\/a><\/li>\n<li id='wpba_attachment_list_1148' class='wpba-list-item pull-left'><img src='https:\/\/www.diocesi.torino.it\/donazioni\/wp-content\/themes\/wp-starter-so\/icons\/document.png' width='16' height='20' class='wpba-icon pull-left'><a href='https:\/\/www.diocesi.torino.it\/donazioni\/wp-content\/uploads\/sites\/39\/2024\/11\/GML-2024-ANDREBA-GARE-MISSIONI-SUORE-CARMELITANE-DI-S.-TERESA-TORINO.pdf' title='GML 2024 ANDREBA GARE - MISSIONI SUORE CARMELITANE DI S. TERESA TORINO' class='wpba-link pull-left' target=\"_blank\">GML 2024 ANDREBA GARE - MISSIONI SUORE CARMELITANE DI S. TERESA TORINO<\/a><\/li>\n<\/ul><\/div>\n","protected":false},"excerpt":{"rendered":"<p>Il nostro Dispensario \u00e8 un Centro Sanitario di base a livello di Distretto d\u2019Ambatondrazaka per curare i tubercolosi e i lebbrosi del nostro territorio. Andreba \u00e8 un piccolo villaggio a circa 25 Km da Ambatondrazaka. Gli abitanti sono 9.575 e la maggioranza della popolazione \u00e8 dedita all\u2019agricoltura e alla pesca. Vive nella semplicit\u00e0 della campagna, senza elettricit\u00e0 e acqua potabile. La maggior parte della popolazione &hellip; <a href=\"https:\/\/www.diocesi.torino.it\/donazioni\/madagascar-e-rep-centro-africana-suore-carmelitane-di-santa-teresa\/\" class=\"more-link\">Continua a leggere <span class=\"screen-reader-text\"><\/span> <span class=\"meta-nav\">&raquo;<\/span><\/a><\/p>\n","protected":false},"author":16,"featured_media":0,"parent":0,"menu_order":0,"comment_status":"closed","ping_status":"closed","template":"","meta":{"ip_address":"","user_agent":"","level":"","revision":"","cookie_id":"","page_referer":"","html_form":"","_expiration-date-status":"","_expiration-date":0,"_expiration-date-type":"","_expiration-date-categories":[],"_expiration-date-options":[]},"acf":[],"_links":{"self":[{"href":"https:\/\/www.diocesi.torino.it\/donazioni\/wp-json\/wp\/v2\/pages\/482"}],"collection":[{"href":"https:\/\/www.diocesi.torino.it\/donazioni\/wp-json\/wp\/v2\/pages"}],"about":[{"href":"https:\/\/www.diocesi.torino.it\/donazioni\/wp-json\/wp\/v2\/types\/page"}],"author":[{"embeddable":true,"href":"https:\/\/www.diocesi.torino.it\/donazioni\/wp-json\/wp\/v2\/users\/16"}],"replies":[{"embeddable":true,"href":"https:\/\/www.diocesi.torino.it\/donazioni\/wp-json\/wp\/v2\/comments?post=482"}],"version-history":[{"count":10,"href":"https:\/\/www.diocesi.torino.it\/donazioni\/wp-json\/wp\/v2\/pages\/482\/revisions"}],"predecessor-version":[{"id":3036,"href":"https:\/\/www.diocesi.torino.it\/donazioni\/wp-json\/wp\/v2\/pages\/482\/revisions\/3036"}],"wp:attachment":[{"href":"https:\/\/www.diocesi.torino.it\/donazioni\/wp-json\/wp\/v2\/media?parent=482"}],"curies":[{"name":"wp","href":"https:\/\/api.w.org\/{rel}","templated":true}]}}