{"id":488,"date":"2024-09-19T13:34:37","date_gmt":"2024-09-19T11:34:37","guid":{"rendered":"https:\/\/www.diocesi.torino.it\/donazioni\/?page_id=488"},"modified":"2026-01-07T13:21:11","modified_gmt":"2026-01-07T12:21:11","slug":"madagascar-isoanala-e-betroka-suore-nazzarene","status":"publish","type":"page","link":"https:\/\/www.diocesi.torino.it\/donazioni\/madagascar-isoanala-e-betroka-suore-nazzarene\/","title":{"rendered":"Madagascar &#8211; Isoanala e Betroka &#8211; Suore Nazarene"},"content":{"rendered":"<p><strong>LEBBROSARIO BETROKA<\/strong><img decoding=\"async\" loading=\"lazy\" class=\"alignright wp-image-2977 size-medium\" src=\"https:\/\/www.diocesi.torino.it\/donazioni\/wp-content\/uploads\/sites\/39\/2026\/01\/MADAGASCAR-NAZZARENE-300x300.jpg\" alt=\"\" width=\"300\" height=\"300\" srcset=\"https:\/\/www.diocesi.torino.it\/donazioni\/wp-content\/uploads\/sites\/39\/2026\/01\/MADAGASCAR-NAZZARENE-300x300.jpg 300w, https:\/\/www.diocesi.torino.it\/donazioni\/wp-content\/uploads\/sites\/39\/2026\/01\/MADAGASCAR-NAZZARENE-1024x1024.jpg 1024w, https:\/\/www.diocesi.torino.it\/donazioni\/wp-content\/uploads\/sites\/39\/2026\/01\/MADAGASCAR-NAZZARENE-150x150.jpg 150w, https:\/\/www.diocesi.torino.it\/donazioni\/wp-content\/uploads\/sites\/39\/2026\/01\/MADAGASCAR-NAZZARENE-768x768.jpg 768w, https:\/\/www.diocesi.torino.it\/donazioni\/wp-content\/uploads\/sites\/39\/2026\/01\/MADAGASCAR-NAZZARENE-200x200.jpg 200w, https:\/\/www.diocesi.torino.it\/donazioni\/wp-content\/uploads\/sites\/39\/2026\/01\/MADAGASCAR-NAZZARENE-280x280.jpg 280w, https:\/\/www.diocesi.torino.it\/donazioni\/wp-content\/uploads\/sites\/39\/2026\/01\/MADAGASCAR-NAZZARENE-600x600.jpg 600w, https:\/\/www.diocesi.torino.it\/donazioni\/wp-content\/uploads\/sites\/39\/2026\/01\/MADAGASCAR-NAZZARENE-800x800.jpg 800w, https:\/\/www.diocesi.torino.it\/donazioni\/wp-content\/uploads\/sites\/39\/2026\/01\/MADAGASCAR-NAZZARENE.jpg 1080w\" sizes=\"(max-width: 300px) 100vw, 300px\" \/><\/p>\n<p>Con gioia e riconoscenza ringrazio e assicuro la preghiera della Comunit\u00e0.\u00a0Il Signore sia loro ricompensa per tutto il bene che fanno per i pi\u00f9 poveri dei poveri.<\/p>\n<p>Attualmente abbiamo ventidue ammalati adulti e una bambina di otto anni.\u00a0 Tredici ammalati sono completamente invalidi a causa della lebbra; Sono bisognosi di cure quotidiane, non hanno famigliari quindi il lebbrosario \u00e8 diventato la loro casa. I loro figli abitano con loro al lebbrosario; non sono malati, stanno tutti studiando; tra bambini e ragazzi sono in numero di 16, La scuola \u00e8 esterna al lebbrosario e sono inseriti nelle varie classi a seconda dell\u2019et\u00e0.<\/p>\n<p>Oltre ai malati del lebbrosario, assistiamo altri 20 lebbrosi bisognosi di tutto i quali vivono nei dintorni, in campagna. Con me lavorano due Suore e cinque postulanti. Ogni mattina medichiamo i lebbrosi, diamo loro le cure necessarie, li aiutiamo a mantenere pulite le loro casette. Alle dieci apriamo il dispensario per gli esterni, sono sempre numerosi perch\u00e9 hanno fiducia nelle suore. Oltre alle cure infermieristiche ci occupiamo della loro cura spirituale attraverso la catechesi e invitandoli a pregare. Tutti i bambini frequentano regolarmente la scuola. Curiamo anche la formazione delle donne soprattutto delle ragazze insegnando loro elementi essenziali di igiene, della cura della casa e della persona, in particolare alle donne con figli.\u00a0\u00a0 \u00a0\u00a0\u00a0\u00a0\u00a0\u00a0\u00a0\u00a0\u00a0\u00a0\u00a0 Collaboriamo con la Parrocchia attraverso la catechesi e la preparazione della liturgia. Si tratta di una quotidianit\u00e0 che non ha nulla di sensazionale, per\u00f2, siamo certe che \u00e8 questo tipo di impegno prolungato nel tempo che lascer\u00e0 il segno e porter\u00e0 frutti di bene.<\/p>\n<p>Con gli aiuti che abbiamo ricevuto abbiamo acquistato una pompa dell\u2019acqua da usare nella stagione secca per avere l\u2019acqua nel Lebbrosario.\u00a0Quest\u2019anno, insieme con le Consorelle e gli ammalati, pensiamo a un progetto per la ristrutturazione delle casette dei lebbrosi, le quali sono tutte vecchie.\u00a0Confido nella Provvidenza che non manca mai di aiutarci.<\/p>\n<p>Rinnovo, insieme alla comunit\u00e0 e agli ammalati la riconoscenza per il denaro che ci avete inviato il quale viene trasformato in riso, medicine, materiale scolastico e ogni altro bene di prima necessit\u00e0.<\/p>\n<p>Il nostro Grazie si fa preghiera perch\u00e9 il Signore conceda a ciascuno Pace e Bene.<\/p>\n<p><span style=\"font-weight: 400;\">Suor Florine RAVAOSOLO\u00a0 delle Suore Nazarene\u00a0\u00a0\u00a0\u00a0<\/span><\/p>\n<p><strong>LEBBROSARIO ISOANALA<\/strong><\/p>\n<p>Mille sono i sentimenti di gratitudine che sgorgano dal nostro cuore per il generoso sostegno offerto al nostro Lebbrosario.<\/p>\n<p>Questo aiuto incoraggia la Comunit\u00e0 delle suore Nazarene ad essere sempre \u201cseme buono \u201cnel solco della Chiesa.<\/p>\n<p>Il Carisma, lasciato dal Fondatore che\u00a0\u00a0 guida i nostri passi verso le persone che soffrono; in particolare poveri e\u00a0\u00a0 malati di lebbra, lo possiamo incarnare \u00a0\u00a0grazie alla collaborazione di persone sensibili e generose come voi. GRAZIE!<\/p>\n<p>Questa donazione ci permette di migliorare la qualit\u00e0 del servizio e rende pi\u00f9 serena la vita delle persone che avviciniamo e assistiamo materialmente e spiritualmente.<\/p>\n<p>Siamo riuscite a riparare i danni causati dal ciclone, a costruire un recinto di protezione per la sicurezza, contro razzie di ladri e a soddisfare nel miglior modo le esigenze sanitarie dei nostri pazienti.<\/p>\n<p>Abbiamo settanta persone presenti: 28 adulti che sono malati e 36 bambini e ragazzi che sono sani e possono frequentare la scuola.<\/p>\n<p>Ringraziamo di cuore, prima di tutto il Dio Provvidente che attraverso le Persone a Lui disponibili ci sostiene ed aiuta.\u00a0 A chi ci benefica oltre la riconoscenza assicuriamo la nostra preghiera.<\/p>\n<p style=\"text-align: left;\">Con stima e riconoscenza, suor Amedee Zafimaninana e consorelle<\/p>\n<p>&nbsp;<\/p>\n<hr class=\"wpba_attachment_hr\"><div id='wpba_attachment_list' class='wpba wpba-wrap'>\n<ul class='wpba-attachment-list unstyled'><li id='wpba_attachment_list_3000' class='wpba-list-item pull-left'><img src='https:\/\/www.diocesi.torino.it\/donazioni\/wp-content\/themes\/wp-starter-so\/icons\/document.png' width='16' height='20' class='wpba-icon pull-left'><a href='https:\/\/www.diocesi.torino.it\/donazioni\/wp-content\/uploads\/sites\/39\/2026\/01\/Betroka.docx' title='Betroka' class='wpba-link pull-left' target=\"_blank\">Betroka<\/a><\/li>\n<li id='wpba_attachment_list_3001' class='wpba-list-item pull-left'><img src='https:\/\/www.diocesi.torino.it\/donazioni\/wp-content\/themes\/wp-starter-so\/icons\/document.png' width='16' height='20' class='wpba-icon pull-left'><a href='https:\/\/www.diocesi.torino.it\/donazioni\/wp-content\/uploads\/sites\/39\/2026\/01\/Isoanala.docx' title='Isoanala' class='wpba-link pull-left' target=\"_blank\">Isoanala<\/a><\/li>\n<\/ul><\/div>\n","protected":false},"excerpt":{"rendered":"<p>LEBBROSARIO BETROKA Con gioia e riconoscenza ringrazio e assicuro la preghiera della Comunit\u00e0.\u00a0Il Signore sia loro ricompensa per tutto il bene che fanno per i pi\u00f9 poveri dei poveri. Attualmente abbiamo ventidue ammalati adulti e una bambina di otto anni.\u00a0 Tredici ammalati sono completamente invalidi a causa della lebbra; Sono bisognosi di cure quotidiane, non hanno famigliari quindi il lebbrosario \u00e8 diventato la loro casa. &hellip; <a href=\"https:\/\/www.diocesi.torino.it\/donazioni\/madagascar-isoanala-e-betroka-suore-nazzarene\/\" class=\"more-link\">Continua a leggere <span class=\"screen-reader-text\"><\/span> <span class=\"meta-nav\">&raquo;<\/span><\/a><\/p>\n","protected":false},"author":16,"featured_media":0,"parent":0,"menu_order":0,"comment_status":"closed","ping_status":"closed","template":"","meta":{"ip_address":"","user_agent":"","level":"","revision":"","cookie_id":"","page_referer":"","html_form":"","_expiration-date-status":"","_expiration-date":0,"_expiration-date-type":"","_expiration-date-categories":[],"_expiration-date-options":[]},"acf":[],"_links":{"self":[{"href":"https:\/\/www.diocesi.torino.it\/donazioni\/wp-json\/wp\/v2\/pages\/488"}],"collection":[{"href":"https:\/\/www.diocesi.torino.it\/donazioni\/wp-json\/wp\/v2\/pages"}],"about":[{"href":"https:\/\/www.diocesi.torino.it\/donazioni\/wp-json\/wp\/v2\/types\/page"}],"author":[{"embeddable":true,"href":"https:\/\/www.diocesi.torino.it\/donazioni\/wp-json\/wp\/v2\/users\/16"}],"replies":[{"embeddable":true,"href":"https:\/\/www.diocesi.torino.it\/donazioni\/wp-json\/wp\/v2\/comments?post=488"}],"version-history":[{"count":8,"href":"https:\/\/www.diocesi.torino.it\/donazioni\/wp-json\/wp\/v2\/pages\/488\/revisions"}],"predecessor-version":[{"id":3002,"href":"https:\/\/www.diocesi.torino.it\/donazioni\/wp-json\/wp\/v2\/pages\/488\/revisions\/3002"}],"wp:attachment":[{"href":"https:\/\/www.diocesi.torino.it\/donazioni\/wp-json\/wp\/v2\/media?parent=488"}],"curies":[{"name":"wp","href":"https:\/\/api.w.org\/{rel}","templated":true}]}}