{"id":56,"date":"2024-09-13T09:15:12","date_gmt":"2024-09-13T07:15:12","guid":{"rendered":"https:\/\/www.diocesi.torino.it\/donazioni\/?page_id=56"},"modified":"2024-09-20T11:58:23","modified_gmt":"2024-09-20T09:58:23","slug":"collette","status":"publish","type":"page","link":"https:\/\/www.diocesi.torino.it\/donazioni\/collette\/","title":{"rendered":"Collette"},"content":{"rendered":"<div id=\"pl-56\"  class=\"panel-layout\" ><div id=\"pg-56-0\"  class=\"panel-grid panel-no-style\" ><div id=\"pgc-56-0-0\"  class=\"panel-grid-cell\" ><div id=\"panel-56-0-0-0\" class=\"so-panel widget widget_sow-editor panel-first-child panel-last-child\" data-index=\"0\" ><div\n\t\t\t\n\t\t\tclass=\"so-widget-sow-editor so-widget-sow-editor-base\"\n\t\t\t\n\t\t>\n<div class=\"siteorigin-widget-tinymce textwidget\">\n\t<p><strong>Le Collette sono<\/strong> un segno concreto e tangibile di<strong> CONDIVISIONE, SOLIDARIET\u00c0 e PARTECIPAZIONE\u00a0<\/strong>delle comunit\u00e0.\u00a0In determinate domeniche la colletta viene effettuata per particolari fini specifici per sostenere opere della Chiesa universale, della Conferenza Episcopale o della Diocesi.\u00a0Nella nostra Diocesi sono promosse le seguenti collette sovra-parrocchiali:<\/p>\n<ul>\n<li><strong><a href=\"https:\/\/www.diocesi.torino.it\/donazioni\/giornata-missionaria-mondiale\/\">Giornata Missionaria Mondiale<\/a> (terza domenica di ottobre - colletta obbligatoria*)<\/strong><\/li>\n<li><a href=\"http:\/\/www.diocesi.torino.it\/donazioni\/giornata-missionaria-ragazzi\/\">Giornata Missionaria Ragazzi<\/a>\u00a0(6 gennaio)<\/li>\n<li><a href=\"https:\/\/www.diocesi.torino.it\/donazioni\/giornata-mondiale-per-i-malati-di-lebbra\/\">Giornata Mondiale per i Malati di Lebbra<\/a>\u00a0(ultima domenica di gennaio)<\/li>\n<li><a href=\"https:\/\/www.diocesi.torino.it\/donazioni\/giornata-di-digiuno-e-preghiera-in-memoria-dei-missionari-martiri\/\">Giornata di Digiuno e Preghiera per i Missionari Martiri\u00a0<\/a>(24 aprile)<\/li>\n<li><strong><a href=\"http:\/\/www.diocesi.torino.it\/donazioni\/colletta-per-la-terra-santa\/\">Colletta per le opere della Terra Santa<\/a> (venerd\u00ec santo - colletta obbligatoria*)<\/strong><\/li>\n<li><strong><a href=\"http:\/\/www.diocesi.torino.it\/donazioni\/quaresima-di-fraternita\/\">Quaresima di Fraternit\u00e0<\/a> (colletta diocesana)<\/strong><\/li>\n<li><strong><a href=\"https:\/\/www.diocesi.torino.it\/donazioni\/obolo-di-san-pietro-per-la-carita-del-papa\/\">Carit\u00e0 del Papa <\/a>(ultima domenica di giugno - colletta obbligatoria*)<\/strong><\/li>\n<\/ul>\n<p>(per approfondire, accedere alla pagina dedicata, cliccando sul titolo di ciascuna).<\/p>\n<p>Le\u00a0 collette delle *<strong>Giornate obbligatorie a carattere universale <\/strong>\u00a0sono da effettuarsi in tutte le chiese anche appartenenti ad istituti religiosi, che di fatto siano abitualmente aperti ai fedeli (qualora non potesse essere effettuata nella data indicata, l'indicazione \u00e8 quella di celebrarla nella domenica pi\u00f9 vicina).<\/p>\n<p>E' molto importante <strong>provvedere ai versamenti con<\/strong> <b>regolarit\u00e0 allo Sportello diocesano Collette e donazioni <\/b>affinch\u00e9 a sua volta possa provvedere con tempestivit\u00e0 a rimettere le stesse secondo le finalit\u00e0 stabilite\u00a0 e redarne il resoconto per ogni singola <b>colletta<\/b>.<\/p>\n<p>Per facilitare i versamenti vi rimandiamo alla pagina <a href=\"http:\/\/www.diocesi.torino.it\/come-donare\/\"><strong>come donare<\/strong><\/a> in cui troverete tutte le indicazioni.<\/p>\n<p>&nbsp;<\/p>\n<\/div>\n<\/div><\/div><\/div><div id=\"pgc-56-0-1\"  class=\"panel-grid-cell\" ><div id=\"panel-56-0-1-0\" class=\"so-panel widget widget_sow-editor panel-first-child panel-last-child\" data-index=\"1\" ><div class=\"panel-widget-style panel-widget-style-for-56-0-1-0\" ><div\n\t\t\t\n\t\t\tclass=\"so-widget-sow-editor so-widget-sow-editor-base\"\n\t\t\t\n\t\t><h3 class=\"widget-title\">Come donare<\/h3>\n<div class=\"siteorigin-widget-tinymce textwidget\">\n\t<p><strong>In contanti o con assegno\u00a0<\/strong>(intestato a \"Arcidiocesi di Torino Collette e donazioni\")\u00a0direttamente nella nostra Sede.<\/p>\n<p><strong>Con Bonifico Bancario<\/strong><\/p>\n<p>Intestazione:\u00a0 ARCIDIOCESI DI TORINO - COLLETTE E DONAZIONI<\/p>\n<p>Banca: \u00a0BANCA INTESA SAN PAOLO<\/p>\n<p>C\/C 100000110790<\/p>\n<p>IBAN IT28 U030 6909 6061 0000 0110 790<\/p>\n<p>BIC BCITITMM<\/p>\n<p><strong>Specificando la causale<\/strong><\/p>\n<p><a href=\"https:\/\/www.diocesi.torino.it\/donazioni\/contatti\/\"><strong>Contatti<\/strong><\/a><\/p>\n<p>&nbsp;<\/p>\n<\/div>\n<\/div><\/div><\/div><\/div><\/div><\/div><hr class=\"wpba_attachment_hr\"><div id='wpba_attachment_list' class='wpba wpba-wrap'>\n<ul class='wpba-attachment-list unstyled'><li id='wpba_attachment_list_340' class='wpba-list-item pull-left'><img src='https:\/\/www.diocesi.torino.it\/donazioni\/wp-content\/themes\/wp-starter-so\/icons\/document.png' width='16' height='20' class='wpba-icon pull-left'><a href='https:\/\/www.diocesi.torino.it\/donazioni\/wp-content\/uploads\/sites\/39\/2024\/09\/Calendario-Giornate-mondiali-e-nazionali-2025.pdf' title='Calendario-Giornate-mondiali-e-nazionali-2025' class='wpba-link pull-left' target=\"_blank\">Calendario-Giornate-mondiali-e-nazionali-2025<\/a><\/li>\n<li id='wpba_attachment_list_338' class='wpba-list-item pull-left'><img src='https:\/\/www.diocesi.torino.it\/donazioni\/wp-content\/themes\/wp-starter-so\/icons\/document.png' width='16' height='20' class='wpba-icon pull-left'><a href='https:\/\/www.diocesi.torino.it\/donazioni\/wp-content\/uploads\/sites\/39\/2024\/09\/Calendario-Giornate-mondiali-e-nazionali-2024.pdf' title='Calendario-Giornate-mondiali-e-nazionali-2024' class='wpba-link pull-left' target=\"_blank\">Calendario-Giornate-mondiali-e-nazionali-2024<\/a><\/li>\n<\/ul><\/div>\n","protected":false},"excerpt":{"rendered":"<p>Le Collette sono un segno concreto e tangibile di CONDIVISIONE, SOLIDARIET\u00c0 e PARTECIPAZIONE\u00a0delle comunit\u00e0.\u00a0In determinate domeniche la colletta viene effettuata per particolari fini specifici per sostenere opere della Chiesa universale, della Conferenza Episcopale o della Diocesi.\u00a0Nella nostra Diocesi sono promosse le seguenti collette sovra-parrocchiali: Giornata Missionaria Mondiale (terza domenica di ottobre &#8211; colletta obbligatoria*) Giornata Missionaria Ragazzi\u00a0(6 gennaio) Giornata Mondiale per i Malati di Lebbra\u00a0(ultima &hellip; <a href=\"https:\/\/www.diocesi.torino.it\/donazioni\/collette\/\" class=\"more-link\">Continua a leggere <span class=\"screen-reader-text\"><\/span> <span class=\"meta-nav\">&raquo;<\/span><\/a><\/p>\n","protected":false},"author":16,"featured_media":0,"parent":0,"menu_order":0,"comment_status":"closed","ping_status":"closed","template":"","meta":{"ip_address":"","user_agent":"","level":"","revision":"","cookie_id":"","page_referer":"","html_form":"","_expiration-date-status":"","_expiration-date":0,"_expiration-date-type":"","_expiration-date-categories":[],"_expiration-date-options":[]},"acf":[],"_links":{"self":[{"href":"https:\/\/www.diocesi.torino.it\/donazioni\/wp-json\/wp\/v2\/pages\/56"}],"collection":[{"href":"https:\/\/www.diocesi.torino.it\/donazioni\/wp-json\/wp\/v2\/pages"}],"about":[{"href":"https:\/\/www.diocesi.torino.it\/donazioni\/wp-json\/wp\/v2\/types\/page"}],"author":[{"embeddable":true,"href":"https:\/\/www.diocesi.torino.it\/donazioni\/wp-json\/wp\/v2\/users\/16"}],"replies":[{"embeddable":true,"href":"https:\/\/www.diocesi.torino.it\/donazioni\/wp-json\/wp\/v2\/comments?post=56"}],"version-history":[{"count":35,"href":"https:\/\/www.diocesi.torino.it\/donazioni\/wp-json\/wp\/v2\/pages\/56\/revisions"}],"predecessor-version":[{"id":683,"href":"https:\/\/www.diocesi.torino.it\/donazioni\/wp-json\/wp\/v2\/pages\/56\/revisions\/683"}],"wp:attachment":[{"href":"https:\/\/www.diocesi.torino.it\/donazioni\/wp-json\/wp\/v2\/media?parent=56"}],"curies":[{"name":"wp","href":"https:\/\/api.w.org\/{rel}","templated":true}]}}