{"id":58,"date":"2024-09-13T09:23:09","date_gmt":"2024-09-13T07:23:09","guid":{"rendered":"https:\/\/www.diocesi.torino.it\/donazioni\/?page_id=58"},"modified":"2024-09-20T11:58:48","modified_gmt":"2024-09-20T09:58:48","slug":"donazioni","status":"publish","type":"page","link":"https:\/\/www.diocesi.torino.it\/donazioni\/donazioni\/","title":{"rendered":"Donazioni"},"content":{"rendered":"<div id=\"pl-58\"  class=\"panel-layout\" ><div id=\"pg-58-0\"  class=\"panel-grid panel-no-style\" ><div id=\"pgc-58-0-0\"  class=\"panel-grid-cell\" ><div id=\"panel-58-0-0-0\" class=\"so-panel widget widget_sow-editor panel-first-child panel-last-child\" data-index=\"0\" ><div\n\t\t\t\n\t\t\tclass=\"so-widget-sow-editor so-widget-sow-editor-base\"\n\t\t\t\n\t\t>\n<div class=\"siteorigin-widget-tinymce textwidget\">\n\t<h5><strong>Vuoi sostenere i progetti e le azioni di solidariet\u00e0 promosse dalla nostra Diocesi?<\/strong><\/h5>\n<p>L\u2019<strong>aiuto economico<\/strong> si realizza attraverso tante e diverse modalit\u00e0 concrete per avviare e continuare progetti che, in modi diversi, cerchino di rispondere alle <strong>urgenze ed esigenze di comunit\u00e0 e singoli<\/strong>. Non \u00e8 elemosina, ma <strong>responsabilit\u00e0 di ognuno<\/strong> rispetto all\u2019equa redistribuzione dei beni della terra e del loro utilizzo, \u00e8 per noi cristiani <strong>sollecitudine<\/strong> <strong>per<\/strong> i bisogni di cura e formazione dei <strong>nostri fratelli<\/strong>.<\/p>\n<p>E' un'<strong>occasione per aprire gli orizzonti<\/strong> sulla realt\u00e0 del Sud del mondo <strong>per conoscere<\/strong> storia, politica, economia, cultura e costumi, per conoscere le giovani Chiese <strong>e cogliere<\/strong> la ricchezza di altre esperienze di vivere la Fede come dono per nutrire la propria fede.<\/p>\n<p><strong>Puoi donare il tuo contributo in diversi modi:<\/strong><\/p>\n<ul>\n<li><a href=\"http:\/\/www.diocesi.torino.it\/donazioni\/sostegno-a-distanza\/\">Sostegno a distanza ragazzi e ragazze<\/a><\/li>\n<li><a href=\"https:\/\/www.diocesi.torino.it\/donazioni\/sostegno-ai-missionari-diocesani-fidei-donum\/\">Sostegno ai Fidei Donum<\/a><\/li>\n<li><a href=\"http:\/\/www.diocesi.torino.it\/donazioni\/intenzioni-sante-messe\/\">Intenzioni Sante Messe ai missionari<\/a><\/li>\n<li><a href=\"https:\/\/www.diocesi.torino.it\/donazioni\/sostegno-agli-studi-dei-seminaristi-nelle-chiese-di-missione\/\">Sostegno agli studi dei seminaristi (POSPA)<\/a><\/li>\n<li><a href=\"https:\/\/www.diocesi.torino.it\/donazioni\/lasciti-testamentari-a-sostegno-della-cooperazione-missionaria-tra-le-chiese\/\">Lasciti testamentari<\/a><\/li>\n<\/ul>\n<\/div>\n<\/div><\/div><\/div><div id=\"pgc-58-0-1\"  class=\"panel-grid-cell\" ><div id=\"panel-58-0-1-0\" class=\"so-panel widget widget_sow-editor panel-first-child panel-last-child\" data-index=\"1\" ><div class=\"panel-widget-style panel-widget-style-for-58-0-1-0\" ><div\n\t\t\t\n\t\t\tclass=\"so-widget-sow-editor so-widget-sow-editor-base\"\n\t\t\t\n\t\t><h3 class=\"widget-title\">Come donare<\/h3>\n<div class=\"siteorigin-widget-tinymce textwidget\">\n\t<p><strong>In contanti o con assegno\u00a0<\/strong>(intestato a \"Arcidiocesi di Torino Collette e donazioni\")\u00a0direttamente nella nostra Sede.<\/p>\n<p><strong>Con Bonifico Bancario<\/strong><\/p>\n<p>Intestazione:\u00a0 ARCIDIOCESI DI TORINO - COLLETTE E DONAZIONI<\/p>\n<p>Banca: \u00a0BANCA INTESA SAN PAOLO<\/p>\n<p>C\/C 100000110790<\/p>\n<p>IBAN IT28 U030 6909 6061 0000 0110 790<\/p>\n<p>BIC BCITITMM<\/p>\n<p><strong>Specificando la finalit\u00e0 nella causale.<\/strong><\/p>\n<p><a href=\"https:\/\/www.diocesi.torino.it\/donazioni\/contatti\/\"><strong>Contatti<\/strong><\/a><\/p>\n<p>&nbsp;<\/p>\n<\/div>\n<\/div><\/div><\/div><\/div><\/div><\/div>","protected":false},"excerpt":{"rendered":"<p>Vuoi sostenere i progetti e le azioni di solidariet\u00e0 promosse dalla nostra Diocesi? L\u2019aiuto economico si realizza attraverso tante e diverse modalit\u00e0 concrete per avviare e continuare progetti che, in modi diversi, cerchino di rispondere alle urgenze ed esigenze di comunit\u00e0 e singoli. Non \u00e8 elemosina, ma responsabilit\u00e0 di ognuno rispetto all\u2019equa redistribuzione dei beni della terra e del loro utilizzo, \u00e8 per noi cristiani &hellip; <a href=\"https:\/\/www.diocesi.torino.it\/donazioni\/donazioni\/\" class=\"more-link\">Continua a leggere <span class=\"screen-reader-text\"><\/span> <span class=\"meta-nav\">&raquo;<\/span><\/a><\/p>\n","protected":false},"author":16,"featured_media":0,"parent":0,"menu_order":0,"comment_status":"closed","ping_status":"closed","template":"","meta":{"ip_address":"","user_agent":"","level":"","revision":"","cookie_id":"","page_referer":"","html_form":"","_expiration-date-status":"","_expiration-date":0,"_expiration-date-type":"","_expiration-date-categories":[],"_expiration-date-options":[]},"acf":[],"_links":{"self":[{"href":"https:\/\/www.diocesi.torino.it\/donazioni\/wp-json\/wp\/v2\/pages\/58"}],"collection":[{"href":"https:\/\/www.diocesi.torino.it\/donazioni\/wp-json\/wp\/v2\/pages"}],"about":[{"href":"https:\/\/www.diocesi.torino.it\/donazioni\/wp-json\/wp\/v2\/types\/page"}],"author":[{"embeddable":true,"href":"https:\/\/www.diocesi.torino.it\/donazioni\/wp-json\/wp\/v2\/users\/16"}],"replies":[{"embeddable":true,"href":"https:\/\/www.diocesi.torino.it\/donazioni\/wp-json\/wp\/v2\/comments?post=58"}],"version-history":[{"count":34,"href":"https:\/\/www.diocesi.torino.it\/donazioni\/wp-json\/wp\/v2\/pages\/58\/revisions"}],"predecessor-version":[{"id":684,"href":"https:\/\/www.diocesi.torino.it\/donazioni\/wp-json\/wp\/v2\/pages\/58\/revisions\/684"}],"wp:attachment":[{"href":"https:\/\/www.diocesi.torino.it\/donazioni\/wp-json\/wp\/v2\/media?parent=58"}],"curies":[{"name":"wp","href":"https:\/\/api.w.org\/{rel}","templated":true}]}}