{"id":77,"date":"2024-09-13T11:15:18","date_gmt":"2024-09-13T09:15:18","guid":{"rendered":"https:\/\/www.diocesi.torino.it\/donazioni\/?page_id=77"},"modified":"2024-11-22T09:19:56","modified_gmt":"2024-11-22T08:19:56","slug":"giornata-missionaria-ragazzi","status":"publish","type":"page","link":"https:\/\/www.diocesi.torino.it\/donazioni\/giornata-missionaria-ragazzi\/","title":{"rendered":"Giornata Missionaria Mondiale Ragazzi"},"content":{"rendered":"<div id=\"pl-77\"  class=\"panel-layout\" ><div id=\"pg-77-0\"  class=\"panel-grid panel-no-style\" ><div id=\"pgc-77-0-0\"  class=\"panel-grid-cell\" ><div id=\"panel-77-0-0-0\" class=\"so-panel widget widget_sow-editor panel-first-child panel-last-child\" data-index=\"0\" ><div\n\t\t\t\n\t\t\tclass=\"so-widget-sow-editor so-widget-sow-editor-base\"\n\t\t\t\n\t\t>\n<div class=\"siteorigin-widget-tinymce textwidget\">\n\t<h5><strong>Storia<\/strong><\/h5>\n<div>\n<p><img decoding=\"async\" loading=\"lazy\" class=\"alignright wp-image-1209 size-medium\" src=\"https:\/\/www.diocesi.torino.it\/donazioni\/wp-content\/uploads\/sites\/39\/2024\/11\/GMR-2025-immagine-b-v-6X145-02_Pagina_1-124x300.jpg\" alt=\"\" width=\"124\" height=\"300\" srcset=\"https:\/\/www.diocesi.torino.it\/donazioni\/wp-content\/uploads\/sites\/39\/2024\/11\/GMR-2025-immagine-b-v-6X145-02_Pagina_1-124x300.jpg 124w, https:\/\/www.diocesi.torino.it\/donazioni\/wp-content\/uploads\/sites\/39\/2024\/11\/GMR-2025-immagine-b-v-6X145-02_Pagina_1-424x1024.jpg 424w, https:\/\/www.diocesi.torino.it\/donazioni\/wp-content\/uploads\/sites\/39\/2024\/11\/GMR-2025-immagine-b-v-6X145-02_Pagina_1-116x280.jpg 116w, https:\/\/www.diocesi.torino.it\/donazioni\/wp-content\/uploads\/sites\/39\/2024\/11\/GMR-2025-immagine-b-v-6X145-02_Pagina_1-318x768.jpg 318w, https:\/\/www.diocesi.torino.it\/donazioni\/wp-content\/uploads\/sites\/39\/2024\/11\/GMR-2025-immagine-b-v-6X145-02_Pagina_1-636x1536.jpg 636w, https:\/\/www.diocesi.torino.it\/donazioni\/wp-content\/uploads\/sites\/39\/2024\/11\/GMR-2025-immagine-b-v-6X145-02_Pagina_1-600x1448.jpg 600w, https:\/\/www.diocesi.torino.it\/donazioni\/wp-content\/uploads\/sites\/39\/2024\/11\/GMR-2025-immagine-b-v-6X145-02_Pagina_1.jpg 693w\" sizes=\"(max-width: 124px) 100vw, 124px\" \/><\/p>\n<p>Il fondatore dell'Opera \u00e8 stato un vescovo, Charles August Marie De Forbii-Janson, che colpito dal dramma dei bimbi cinesi venduti per pochi soldi dalle loro famiglie, cominci\u00f2 ad occuparsi personalmente di tale problema, coinvolgendo i bambini per aiutare altri bambini,\u00a0 chiedendo loro di aderire con la preghiera, il sacrificio ed una piccola offerta (clicca <a href=\"https:\/\/www.missioitalia.it\/wp-content\/uploads\/2024\/11\/copione-da-PdO_05_2024.pdf\">qui<\/a> per leggere la storia).<\/p>\n<p>Questo \u00e8 il secondo importante appuntamento dopo la Giornata Missionaria Mondiale (GMM). E anche <strong>la GMMR \u00e8 un appuntamento mondiale: come tale, \u00e8 importante che venga celebrato in ogni chiesa particolare, da tutti i bambini e adolescenti<\/strong>\u00a0che per l\u2019occasione diventano protagonisti di questa festa.<\/p>\n<p>La differenza con la GMM sta nel fatto che la Giornata missionaria dedicata ai ragazzi non \u00e8 fissata per tutti in una data obbligatoria. Cio\u00e8, il calendario della Chiesa universale la colloca al\u00a0<strong>6 gennaio, solennit\u00e0 dell\u2019Epifania<\/strong>,\u00a0<strong>ma il papa lascia alle singole parrocchie\/diocesi l\u2019opportunit\u00e0 di scegliere la data pi\u00f9 consona alle proprie esigenze<\/strong>, perch\u00e9 non in tutti i luoghi del mondo il 6 gennaio \u00e8 una data favorevole per la celebrazione.<\/p>\n<p><strong style=\"color: inherit; font-size: 1.25rem;\">Finalit\u00e0<\/strong><\/p>\n<\/div>\n<div>\n<div><strong>I bambini aiutano i bambini<\/strong>\u00a0\u00e8 lo slogan che la Pontificia Opera dell'Infanzia Missionaria fa risuonare in tutti i Paesi del mondo, declinandolo nelle mille forme che la fantasia dei bambini e degli animatori riesce a trasformare in progetti di solidariet\u00e0. E la loro speranza spesso riesce a contagiare anche gli adulti.. vivere questo legame aiuta i ragazzi a sentirsi protagonisti. L'aiuto non \u00e8 una semplice assistenza ma un invito a uno scambio tra bambini, ciascuno di loro, ricco o povero, ha sempre qualcosa da condividere.<img decoding=\"async\" loading=\"lazy\" class=\"wp-image-1212 size-medium alignright\" src=\"https:\/\/www.diocesi.torino.it\/donazioni\/wp-content\/uploads\/sites\/39\/2024\/11\/GMR-2025-immagine-b-v-6X145-02_Pagina_2-125x300.jpg\" alt=\"\" width=\"125\" height=\"300\" srcset=\"https:\/\/www.diocesi.torino.it\/donazioni\/wp-content\/uploads\/sites\/39\/2024\/11\/GMR-2025-immagine-b-v-6X145-02_Pagina_2-125x300.jpg 125w, https:\/\/www.diocesi.torino.it\/donazioni\/wp-content\/uploads\/sites\/39\/2024\/11\/GMR-2025-immagine-b-v-6X145-02_Pagina_2-427x1024.jpg 427w, https:\/\/www.diocesi.torino.it\/donazioni\/wp-content\/uploads\/sites\/39\/2024\/11\/GMR-2025-immagine-b-v-6X145-02_Pagina_2-117x280.jpg 117w, https:\/\/www.diocesi.torino.it\/donazioni\/wp-content\/uploads\/sites\/39\/2024\/11\/GMR-2025-immagine-b-v-6X145-02_Pagina_2-320x768.jpg 320w, https:\/\/www.diocesi.torino.it\/donazioni\/wp-content\/uploads\/sites\/39\/2024\/11\/GMR-2025-immagine-b-v-6X145-02_Pagina_2-641x1536.jpg 641w, https:\/\/www.diocesi.torino.it\/donazioni\/wp-content\/uploads\/sites\/39\/2024\/11\/GMR-2025-immagine-b-v-6X145-02_Pagina_2-600x1438.jpg 600w, https:\/\/www.diocesi.torino.it\/donazioni\/wp-content\/uploads\/sites\/39\/2024\/11\/GMR-2025-immagine-b-v-6X145-02_Pagina_2.jpg 712w\" sizes=\"(max-width: 125px) 100vw, 125px\" \/><\/div>\n<div>\n<div>Attraverso appropriate iniziative di animazione e formazione missionaria, i ragazzi sono:<\/div>\n<div>\n<ul>\n<li>\u0095 Aiutati a prendere coscienza della propria vocazione missionaria<\/li>\n<li>\u0095 Inseriti come membri attivi della vita della Chiesa e del mondo.<\/li>\n<li>\u0095 Educati al senso di responsabilit\u00e0 e solidariet\u00e0 universale<\/li>\n<\/ul>\n<p>Clicca <a href=\"https:\/\/www.missioitalia.it\/andate-ed-invitate-tutti-alla-festa\/\"><strong>QUI<\/strong><\/a> per l'<strong>Itinerario<\/strong> di formazione e animazione 2024\/2025<\/p>\n<p>Clicca <a href=\"https:\/\/www.diocesi.torino.it\/donazioni\/2024\/11\/20\/giornata-missionaria-mondiale-ragazzi-2025\/\">QUI<\/a> per la presentazione della <strong>GMMR 2025<\/strong><\/p>\n<p>Clicca <a href=\"https:\/\/www.missioitalia.it\/nome-rivista\/il-ponte-d-oro\/\"><strong>QUI<\/strong><\/a>per conoscere la <strong>rivista<\/strong> missionaria<strong> Il Ponte d'Oro<\/strong> dedicata ai ragazzi<\/p>\n<h5><strong>Azioni<\/strong><\/h5>\n<p>Con i Fondi raccolti si sostengono progetti di costruzione e sostegno a scuole, orfanotrofi, centri di recupero; si interviene nei momenti di emergenza; sono sostenute le attivit\u00e0 delle direzioni nazionali della Pontificia Opera Infanzia Missionaria. L'Infanzia Missionaria sostiene 2500 progetti nel mondo.<\/p>\n<p>Clicca <a href=\"https:\/\/www.diocesi.torino.it\/donazioni\/progetti-gmmr\/\"><strong>QUI<\/strong><\/a>per visionare i <strong>progetti<\/strong> sostenuti.<\/p>\n<h5><strong>Materiale<\/strong><\/h5>\n<p>Missio Ragazzi, ogni anno, mette a disposizione Novena di Natale, Bustine, manifesti e bussolotti, che potrete ritirare in cartaceo presso la nostra <strong><a href=\"http:\/\/www.diocesi.torino.it\/donazioni\/contatti\/\">sede<\/a><\/strong>.<\/p>\n<p>&nbsp;<\/p>\n<\/div>\n<div>\n<h5><\/h5>\n<h5 style=\"text-align: left;\"><\/h5>\n<\/div>\n<\/div>\n<\/div>\n<div>\n<p>&nbsp;<\/p>\n<\/div>\n<\/div>\n<\/div><\/div><\/div><div id=\"pgc-77-0-1\"  class=\"panel-grid-cell\" ><div id=\"panel-77-0-1-0\" class=\"so-panel widget widget_sow-editor panel-first-child panel-last-child\" data-index=\"1\" ><div class=\"panel-widget-style panel-widget-style-for-77-0-1-0\" ><div\n\t\t\t\n\t\t\tclass=\"so-widget-sow-editor so-widget-sow-editor-base\"\n\t\t\t\n\t\t><h3 class=\"widget-title\">COME DONARE<\/h3>\n<div class=\"siteorigin-widget-tinymce textwidget\">\n\t<p><strong>In contanti o con assegno <\/strong>intestato a<\/p>\n<p>\"Arcidiocesi di Torino Collette e donazioni\"<\/p>\n<p>direttamente nella nostra <a href=\"https:\/\/www.diocesi.torino.it\/donazioni\/contatti\/\">Sede<\/a>.<\/p>\n<p><strong>Con Bonifico Bancario<\/strong><\/p>\n<p>Intestazione:<\/p>\n<p><strong>Arcidiocesi di Torino - Collette e donazioni<\/strong><\/p>\n<p>Banca:<\/p>\n<p>BANCA INTESA SAN PAOLO<\/p>\n<p>C\/C 100000110790<\/p>\n<p>IBAN <strong>IT28 U030 6909 6061 0000 0110 790<\/strong><\/p>\n<p>BIC BCITITMM<\/p>\n<p><strong>Specificando nella causale: <\/strong><\/p>\n<p><span style=\"font-size: inherit;\">Giornata Missionaria Mondiale Ragazzi\u00a0<\/span><\/p>\n<p><strong>Ricevute\u00a0<\/strong><\/p>\n<p>A Parrocchie, Chiese non parrocchiali ed Enti verr\u00e0 inviata ricevuta in formato pdf sulla mail istituzionale.<\/p>\n<\/div>\n<\/div><\/div><\/div><\/div><\/div><\/div>","protected":false},"excerpt":{"rendered":"<p>Storia Il fondatore dell&#8217;Opera \u00e8 stato un vescovo, Charles August Marie De Forbii-Janson, che colpito dal dramma dei bimbi cinesi venduti per pochi soldi dalle loro famiglie, cominci\u00f2 ad occuparsi personalmente di tale problema, coinvolgendo i bambini per aiutare altri bambini,\u00a0 chiedendo loro di aderire con la preghiera, il sacrificio ed una piccola offerta (clicca qui per leggere la storia). Questo \u00e8 il secondo importante &hellip; <a href=\"https:\/\/www.diocesi.torino.it\/donazioni\/giornata-missionaria-ragazzi\/\" class=\"more-link\">Continua a leggere <span class=\"screen-reader-text\"><\/span> <span class=\"meta-nav\">&raquo;<\/span><\/a><\/p>\n","protected":false},"author":16,"featured_media":0,"parent":0,"menu_order":0,"comment_status":"closed","ping_status":"closed","template":"","meta":{"ip_address":"","user_agent":"","level":"","revision":"","cookie_id":"","page_referer":"","html_form":"","_expiration-date-status":"","_expiration-date":0,"_expiration-date-type":"","_expiration-date-categories":[],"_expiration-date-options":[]},"acf":[],"_links":{"self":[{"href":"https:\/\/www.diocesi.torino.it\/donazioni\/wp-json\/wp\/v2\/pages\/77"}],"collection":[{"href":"https:\/\/www.diocesi.torino.it\/donazioni\/wp-json\/wp\/v2\/pages"}],"about":[{"href":"https:\/\/www.diocesi.torino.it\/donazioni\/wp-json\/wp\/v2\/types\/page"}],"author":[{"embeddable":true,"href":"https:\/\/www.diocesi.torino.it\/donazioni\/wp-json\/wp\/v2\/users\/16"}],"replies":[{"embeddable":true,"href":"https:\/\/www.diocesi.torino.it\/donazioni\/wp-json\/wp\/v2\/comments?post=77"}],"version-history":[{"count":37,"href":"https:\/\/www.diocesi.torino.it\/donazioni\/wp-json\/wp\/v2\/pages\/77\/revisions"}],"predecessor-version":[{"id":1221,"href":"https:\/\/www.diocesi.torino.it\/donazioni\/wp-json\/wp\/v2\/pages\/77\/revisions\/1221"}],"wp:attachment":[{"href":"https:\/\/www.diocesi.torino.it\/donazioni\/wp-json\/wp\/v2\/media?parent=77"}],"curies":[{"name":"wp","href":"https:\/\/api.w.org\/{rel}","templated":true}]}}