{"id":81,"date":"2024-09-13T11:18:32","date_gmt":"2024-09-13T09:18:32","guid":{"rendered":"https:\/\/www.diocesi.torino.it\/donazioni\/?page_id=81"},"modified":"2026-01-07T14:36:38","modified_gmt":"2026-01-07T13:36:38","slug":"giornata-mondiale-per-i-malati-di-lebbra","status":"publish","type":"page","link":"https:\/\/www.diocesi.torino.it\/donazioni\/giornata-mondiale-per-i-malati-di-lebbra\/","title":{"rendered":"Giornata Mondiale per i Malati di Lebbra"},"content":{"rendered":"<div id=\"pl-81\"  class=\"panel-layout\" ><div id=\"pg-81-0\"  class=\"panel-grid panel-no-style\" ><div id=\"pgc-81-0-0\"  class=\"panel-grid-cell\" ><div id=\"panel-81-0-0-0\" class=\"so-panel widget widget_sow-editor panel-first-child panel-last-child\" data-index=\"0\" ><div\n\t\t\t\n\t\t\tclass=\"so-widget-sow-editor so-widget-sow-editor-base\"\n\t\t\t\n\t\t>\n<div class=\"siteorigin-widget-tinymce textwidget\">\n\t<p>La <strong>Giornata mondiale per i malati di lebbra<\/strong> Istituita nel 1954 da Raoul Follereau, il profeta dei malati di lebbra, nell\u2019ultima domenica di gennaio, ricorda ogni anno con la GML che la lebbra non \u00e8 ancora scomparsa nel mondo.<\/p>\n<blockquote>\n<p><strong>La lebbra dunque esiste ancora? Si<\/strong>, anche se molti progressi sono stati fatti, ogni 2 minuti una persona nel mondo contrae la lebbra. Secondo le stime dell\u2019Organizzazione Mondiale della Sanit\u00e0 (OMS), nel mondo vi sono pi\u00f9 di tre milioni di persone con disabilit\u00e0 gravi causate dalla lebbra, e che richiedono cure quotidiane. La lebbra \u00e8 una malattia curabile, in modo facile e poco costoso, ma in tutto il mondo il morbo della lebbra, i virus come COVID19, Ebola, continuano a colpire troppe persone, solo per la mancanza della pi\u00f9 elementare sanit\u00e0 di base.<\/p>\n<\/blockquote>\n<p>\u201c<em><strong>Perch\u00e9 il malato di lebbra cessi di essere lebbroso, bisogna guarire quelli che stanno bene dalla paura e dall\u2019indifferenza<\/strong><\/em>\u201d (Raoul Follereau). Il 9% dei lebbrosi ha meno di 15 anni e milioni di persone riportano disabilit\u00e0 e vengono emarginate a causa della lebbra. \u00c8 fondamentale continuare assieme il cammino di solidariet\u00e0 per ridare dignit\u00e0 a migliaia di persone.<\/p>\n<p>La Chiesa nel mondo si prende cura dei fratelli malati di lebbra con 532 lebbrosari. Questa la ripartizione per continente: in Africa 201, in America 41 (totale), in Asia 269, in Europa 19 e in Oceania 2 (Fonte Agenzia Fides 2022).<\/p>\n<blockquote>\n<p><strong>Uniamoci per contrastare povert\u00e0, mancanza di istruzione, discriminazione<\/strong> che sono alla base di tutte le malattie legate fortemente alla povert\u00e0, lebbra inclusa. Questo \u00e8 possibile solo grazie all\u2019aiuto di tutti.<\/p>\n<p>La <strong>nostra diocesi dal 1980 invita ogni anno alla celebrazione della Giornata<\/strong>, grazie anche alla collaborazione di alcune realt\u00e0 missionarie particolarmente legate ai malati di lebbra, che si mettono a servizio non solo per la preparazione del materiale ma anche per <strong>testimonianze e animazione nelle comunit\u00e0<\/strong>.\u00a0<strong>Contattaci<\/strong> per richiedere la disponibilit\u00e0:\u00a0<strong>Pastorale Missionaria Diocesi di Torino<\/strong>: Email: missionario@diocesi.to.it oppure senti direttamente:<\/p>\n<p><strong>Fondazione OASI - Operazione Mato Grosso<\/strong> Tel. 011 356 000 Email: sede@oasiomg.org<\/p>\n<p><strong>Associazione MIO (Moriondo Insieme Ovunque)<\/strong> Tel. 375 539 4009 Email: mio.onlus@gmail.com<\/p>\n<p><strong>Comitato SOS India<\/strong> Tel. 375 539 4009 info@sosindia.it<\/p>\n<\/blockquote>\n<p>Grazie a questa raccolta (<a href=\"https:\/\/www.diocesi.torino.it\/donazioni\/rendiconti-gml\/\"><strong>Rendiconti RACCOLTA e DISTRIBUZIONE <\/strong><\/a>) possiamo rispondere positivamente alle richieste di lebbrosari, dispensari e missionari impegnati sul campo (<a href=\"https:\/\/www.diocesi.torino.it\/donazioni\/wp-content\/uploads\/sites\/39\/2025\/12\/PieghevoleLebbra2026_pag-singole_3.pdf\"><strong>Depliant GML 2026<\/strong><\/a>) sostenendo ogni anno <strong><a href=\"https:\/\/www.diocesi.torino.it\/donazioni\/progetti-gml\/\">PROGETTI\u00a0<\/a><\/strong>di cura, prevenzione e reinserimento per i malati di lebbra:<\/p>\n\n\t\t<style type=\"text\/css\">\n\t\t\t#gallery-1 {\n\t\t\t\tmargin: auto;\n\t\t\t}\n\t\t\t#gallery-1 .gallery-item {\n\t\t\t\tfloat: left;\n\t\t\t\tmargin-top: 10px;\n\t\t\t\ttext-align: center;\n\t\t\t\twidth: 25%;\n\t\t\t}\n\t\t\t#gallery-1 img {\n\t\t\t\tborder: 2px solid #cfcfcf;\n\t\t\t}\n\t\t\t#gallery-1 .gallery-caption {\n\t\t\t\tmargin-left: 0;\n\t\t\t}\n\t\t\t\/* see gallery_shortcode() in wp-includes\/media.php *\/\n\t\t<\/style>\n\t\t<div id='gallery-1' class='gallery galleryid-81 gallery-columns-4 gallery-size-large'><dl class='gallery-item'>\n\t\t\t<dt class='gallery-icon landscape'>\n\t\t\t\t<a href='https:\/\/www.diocesi.torino.it\/donazioni\/wp-content\/uploads\/sites\/39\/2026\/01\/madagascar-frati-minori-1.jpg' title=\"\" data-rl_title=\"\" class=\"rl-gallery-link\" data-rl_caption=\"\" data-rel=\"lightbox-gallery-1\"><img width=\"800\" height=\"800\" src=\"https:\/\/www.diocesi.torino.it\/donazioni\/wp-content\/uploads\/sites\/39\/2026\/01\/madagascar-frati-minori-1-1024x1024.jpg\" class=\"attachment-large size-large\" alt=\"\" decoding=\"async\" loading=\"lazy\" srcset=\"https:\/\/www.diocesi.torino.it\/donazioni\/wp-content\/uploads\/sites\/39\/2026\/01\/madagascar-frati-minori-1-1024x1024.jpg 1024w, https:\/\/www.diocesi.torino.it\/donazioni\/wp-content\/uploads\/sites\/39\/2026\/01\/madagascar-frati-minori-1-300x300.jpg 300w, https:\/\/www.diocesi.torino.it\/donazioni\/wp-content\/uploads\/sites\/39\/2026\/01\/madagascar-frati-minori-1-150x150.jpg 150w, https:\/\/www.diocesi.torino.it\/donazioni\/wp-content\/uploads\/sites\/39\/2026\/01\/madagascar-frati-minori-1-768x768.jpg 768w, https:\/\/www.diocesi.torino.it\/donazioni\/wp-content\/uploads\/sites\/39\/2026\/01\/madagascar-frati-minori-1-200x200.jpg 200w, https:\/\/www.diocesi.torino.it\/donazioni\/wp-content\/uploads\/sites\/39\/2026\/01\/madagascar-frati-minori-1-280x280.jpg 280w, https:\/\/www.diocesi.torino.it\/donazioni\/wp-content\/uploads\/sites\/39\/2026\/01\/madagascar-frati-minori-1-600x600.jpg 600w, https:\/\/www.diocesi.torino.it\/donazioni\/wp-content\/uploads\/sites\/39\/2026\/01\/madagascar-frati-minori-1-800x800.jpg 800w, https:\/\/www.diocesi.torino.it\/donazioni\/wp-content\/uploads\/sites\/39\/2026\/01\/madagascar-frati-minori-1.jpg 1080w\" sizes=\"(max-width: 800px) 100vw, 800px\" \/><\/a>\n\t\t\t<\/dt><\/dl><dl class='gallery-item'>\n\t\t\t<dt class='gallery-icon landscape'>\n\t\t\t\t<a href='https:\/\/www.diocesi.torino.it\/donazioni\/wp-content\/uploads\/sites\/39\/2026\/01\/MADAGASCAR-PICCOLE-SERVE.jpg' title=\"\" data-rl_title=\"\" class=\"rl-gallery-link\" data-rl_caption=\"\" data-rel=\"lightbox-gallery-1\"><img width=\"800\" height=\"800\" src=\"https:\/\/www.diocesi.torino.it\/donazioni\/wp-content\/uploads\/sites\/39\/2026\/01\/MADAGASCAR-PICCOLE-SERVE-1024x1024.jpg\" class=\"attachment-large size-large\" alt=\"\" decoding=\"async\" loading=\"lazy\" srcset=\"https:\/\/www.diocesi.torino.it\/donazioni\/wp-content\/uploads\/sites\/39\/2026\/01\/MADAGASCAR-PICCOLE-SERVE-1024x1024.jpg 1024w, https:\/\/www.diocesi.torino.it\/donazioni\/wp-content\/uploads\/sites\/39\/2026\/01\/MADAGASCAR-PICCOLE-SERVE-300x300.jpg 300w, https:\/\/www.diocesi.torino.it\/donazioni\/wp-content\/uploads\/sites\/39\/2026\/01\/MADAGASCAR-PICCOLE-SERVE-150x150.jpg 150w, https:\/\/www.diocesi.torino.it\/donazioni\/wp-content\/uploads\/sites\/39\/2026\/01\/MADAGASCAR-PICCOLE-SERVE-768x768.jpg 768w, https:\/\/www.diocesi.torino.it\/donazioni\/wp-content\/uploads\/sites\/39\/2026\/01\/MADAGASCAR-PICCOLE-SERVE-200x200.jpg 200w, https:\/\/www.diocesi.torino.it\/donazioni\/wp-content\/uploads\/sites\/39\/2026\/01\/MADAGASCAR-PICCOLE-SERVE-280x280.jpg 280w, https:\/\/www.diocesi.torino.it\/donazioni\/wp-content\/uploads\/sites\/39\/2026\/01\/MADAGASCAR-PICCOLE-SERVE-600x600.jpg 600w, https:\/\/www.diocesi.torino.it\/donazioni\/wp-content\/uploads\/sites\/39\/2026\/01\/MADAGASCAR-PICCOLE-SERVE-800x800.jpg 800w, https:\/\/www.diocesi.torino.it\/donazioni\/wp-content\/uploads\/sites\/39\/2026\/01\/MADAGASCAR-PICCOLE-SERVE.jpg 1080w\" sizes=\"(max-width: 800px) 100vw, 800px\" \/><\/a>\n\t\t\t<\/dt><\/dl><dl class='gallery-item'>\n\t\t\t<dt class='gallery-icon landscape'>\n\t\t\t\t<a href='https:\/\/www.diocesi.torino.it\/donazioni\/wp-content\/uploads\/sites\/39\/2026\/01\/MADAGASCAR-NAZZARENE.jpg' title=\"\" data-rl_title=\"\" class=\"rl-gallery-link\" data-rl_caption=\"\" data-rel=\"lightbox-gallery-1\"><img width=\"800\" height=\"800\" src=\"https:\/\/www.diocesi.torino.it\/donazioni\/wp-content\/uploads\/sites\/39\/2026\/01\/MADAGASCAR-NAZZARENE-1024x1024.jpg\" class=\"attachment-large size-large\" alt=\"\" decoding=\"async\" loading=\"lazy\" srcset=\"https:\/\/www.diocesi.torino.it\/donazioni\/wp-content\/uploads\/sites\/39\/2026\/01\/MADAGASCAR-NAZZARENE-1024x1024.jpg 1024w, https:\/\/www.diocesi.torino.it\/donazioni\/wp-content\/uploads\/sites\/39\/2026\/01\/MADAGASCAR-NAZZARENE-300x300.jpg 300w, https:\/\/www.diocesi.torino.it\/donazioni\/wp-content\/uploads\/sites\/39\/2026\/01\/MADAGASCAR-NAZZARENE-150x150.jpg 150w, https:\/\/www.diocesi.torino.it\/donazioni\/wp-content\/uploads\/sites\/39\/2026\/01\/MADAGASCAR-NAZZARENE-768x768.jpg 768w, https:\/\/www.diocesi.torino.it\/donazioni\/wp-content\/uploads\/sites\/39\/2026\/01\/MADAGASCAR-NAZZARENE-200x200.jpg 200w, https:\/\/www.diocesi.torino.it\/donazioni\/wp-content\/uploads\/sites\/39\/2026\/01\/MADAGASCAR-NAZZARENE-280x280.jpg 280w, https:\/\/www.diocesi.torino.it\/donazioni\/wp-content\/uploads\/sites\/39\/2026\/01\/MADAGASCAR-NAZZARENE-600x600.jpg 600w, https:\/\/www.diocesi.torino.it\/donazioni\/wp-content\/uploads\/sites\/39\/2026\/01\/MADAGASCAR-NAZZARENE-800x800.jpg 800w, https:\/\/www.diocesi.torino.it\/donazioni\/wp-content\/uploads\/sites\/39\/2026\/01\/MADAGASCAR-NAZZARENE.jpg 1080w\" sizes=\"(max-width: 800px) 100vw, 800px\" \/><\/a>\n\t\t\t<\/dt><\/dl><dl class='gallery-item'>\n\t\t\t<dt class='gallery-icon landscape'>\n\t\t\t\t<a href='https:\/\/www.diocesi.torino.it\/donazioni\/wp-content\/uploads\/sites\/39\/2026\/01\/MADAGASCAR-CARMELITANE.jpg' title=\"\" data-rl_title=\"\" class=\"rl-gallery-link\" data-rl_caption=\"\" data-rel=\"lightbox-gallery-1\"><img width=\"800\" height=\"800\" src=\"https:\/\/www.diocesi.torino.it\/donazioni\/wp-content\/uploads\/sites\/39\/2026\/01\/MADAGASCAR-CARMELITANE-1024x1024.jpg\" class=\"attachment-large size-large\" alt=\"\" decoding=\"async\" loading=\"lazy\" srcset=\"https:\/\/www.diocesi.torino.it\/donazioni\/wp-content\/uploads\/sites\/39\/2026\/01\/MADAGASCAR-CARMELITANE-1024x1024.jpg 1024w, https:\/\/www.diocesi.torino.it\/donazioni\/wp-content\/uploads\/sites\/39\/2026\/01\/MADAGASCAR-CARMELITANE-300x300.jpg 300w, https:\/\/www.diocesi.torino.it\/donazioni\/wp-content\/uploads\/sites\/39\/2026\/01\/MADAGASCAR-CARMELITANE-150x150.jpg 150w, https:\/\/www.diocesi.torino.it\/donazioni\/wp-content\/uploads\/sites\/39\/2026\/01\/MADAGASCAR-CARMELITANE-768x768.jpg 768w, https:\/\/www.diocesi.torino.it\/donazioni\/wp-content\/uploads\/sites\/39\/2026\/01\/MADAGASCAR-CARMELITANE-200x200.jpg 200w, https:\/\/www.diocesi.torino.it\/donazioni\/wp-content\/uploads\/sites\/39\/2026\/01\/MADAGASCAR-CARMELITANE-280x280.jpg 280w, https:\/\/www.diocesi.torino.it\/donazioni\/wp-content\/uploads\/sites\/39\/2026\/01\/MADAGASCAR-CARMELITANE-600x600.jpg 600w, https:\/\/www.diocesi.torino.it\/donazioni\/wp-content\/uploads\/sites\/39\/2026\/01\/MADAGASCAR-CARMELITANE-800x800.jpg 800w, https:\/\/www.diocesi.torino.it\/donazioni\/wp-content\/uploads\/sites\/39\/2026\/01\/MADAGASCAR-CARMELITANE.jpg 1080w\" sizes=\"(max-width: 800px) 100vw, 800px\" \/><\/a>\n\t\t\t<\/dt><\/dl><br style=\"clear: both\" \/><dl class='gallery-item'>\n\t\t\t<dt class='gallery-icon landscape'>\n\t\t\t\t<a href='https:\/\/www.diocesi.torino.it\/donazioni\/wp-content\/uploads\/sites\/39\/2026\/01\/INDIA-SOS-INDIA.jpg' title=\"\" data-rl_title=\"\" class=\"rl-gallery-link\" data-rl_caption=\"\" data-rel=\"lightbox-gallery-1\"><img width=\"800\" height=\"800\" src=\"https:\/\/www.diocesi.torino.it\/donazioni\/wp-content\/uploads\/sites\/39\/2026\/01\/INDIA-SOS-INDIA-1024x1024.jpg\" class=\"attachment-large size-large\" alt=\"\" decoding=\"async\" loading=\"lazy\" srcset=\"https:\/\/www.diocesi.torino.it\/donazioni\/wp-content\/uploads\/sites\/39\/2026\/01\/INDIA-SOS-INDIA-1024x1024.jpg 1024w, https:\/\/www.diocesi.torino.it\/donazioni\/wp-content\/uploads\/sites\/39\/2026\/01\/INDIA-SOS-INDIA-300x300.jpg 300w, https:\/\/www.diocesi.torino.it\/donazioni\/wp-content\/uploads\/sites\/39\/2026\/01\/INDIA-SOS-INDIA-150x150.jpg 150w, https:\/\/www.diocesi.torino.it\/donazioni\/wp-content\/uploads\/sites\/39\/2026\/01\/INDIA-SOS-INDIA-768x768.jpg 768w, https:\/\/www.diocesi.torino.it\/donazioni\/wp-content\/uploads\/sites\/39\/2026\/01\/INDIA-SOS-INDIA-200x200.jpg 200w, https:\/\/www.diocesi.torino.it\/donazioni\/wp-content\/uploads\/sites\/39\/2026\/01\/INDIA-SOS-INDIA-280x280.jpg 280w, https:\/\/www.diocesi.torino.it\/donazioni\/wp-content\/uploads\/sites\/39\/2026\/01\/INDIA-SOS-INDIA-600x600.jpg 600w, https:\/\/www.diocesi.torino.it\/donazioni\/wp-content\/uploads\/sites\/39\/2026\/01\/INDIA-SOS-INDIA-800x800.jpg 800w, https:\/\/www.diocesi.torino.it\/donazioni\/wp-content\/uploads\/sites\/39\/2026\/01\/INDIA-SOS-INDIA.jpg 1080w\" sizes=\"(max-width: 800px) 100vw, 800px\" \/><\/a>\n\t\t\t<\/dt><\/dl><dl class='gallery-item'>\n\t\t\t<dt class='gallery-icon landscape'>\n\t\t\t\t<a href='https:\/\/www.diocesi.torino.it\/donazioni\/wp-content\/uploads\/sites\/39\/2026\/01\/ETIOPIA-KORE-MC.jpg' title=\"\" data-rl_title=\"\" class=\"rl-gallery-link\" data-rl_caption=\"\" data-rel=\"lightbox-gallery-1\"><img width=\"800\" height=\"800\" src=\"https:\/\/www.diocesi.torino.it\/donazioni\/wp-content\/uploads\/sites\/39\/2026\/01\/ETIOPIA-KORE-MC-1024x1024.jpg\" class=\"attachment-large size-large\" alt=\"\" decoding=\"async\" loading=\"lazy\" srcset=\"https:\/\/www.diocesi.torino.it\/donazioni\/wp-content\/uploads\/sites\/39\/2026\/01\/ETIOPIA-KORE-MC-1024x1024.jpg 1024w, https:\/\/www.diocesi.torino.it\/donazioni\/wp-content\/uploads\/sites\/39\/2026\/01\/ETIOPIA-KORE-MC-300x300.jpg 300w, https:\/\/www.diocesi.torino.it\/donazioni\/wp-content\/uploads\/sites\/39\/2026\/01\/ETIOPIA-KORE-MC-150x150.jpg 150w, https:\/\/www.diocesi.torino.it\/donazioni\/wp-content\/uploads\/sites\/39\/2026\/01\/ETIOPIA-KORE-MC-768x768.jpg 768w, https:\/\/www.diocesi.torino.it\/donazioni\/wp-content\/uploads\/sites\/39\/2026\/01\/ETIOPIA-KORE-MC-200x200.jpg 200w, https:\/\/www.diocesi.torino.it\/donazioni\/wp-content\/uploads\/sites\/39\/2026\/01\/ETIOPIA-KORE-MC-280x280.jpg 280w, https:\/\/www.diocesi.torino.it\/donazioni\/wp-content\/uploads\/sites\/39\/2026\/01\/ETIOPIA-KORE-MC-600x600.jpg 600w, https:\/\/www.diocesi.torino.it\/donazioni\/wp-content\/uploads\/sites\/39\/2026\/01\/ETIOPIA-KORE-MC-800x800.jpg 800w, https:\/\/www.diocesi.torino.it\/donazioni\/wp-content\/uploads\/sites\/39\/2026\/01\/ETIOPIA-KORE-MC.jpg 1080w\" sizes=\"(max-width: 800px) 100vw, 800px\" \/><\/a>\n\t\t\t<\/dt><\/dl><dl class='gallery-item'>\n\t\t\t<dt class='gallery-icon landscape'>\n\t\t\t\t<a href='https:\/\/www.diocesi.torino.it\/donazioni\/wp-content\/uploads\/sites\/39\/2026\/01\/GML-2026-PROGETTI.jpg' title=\"\" data-rl_title=\"\" class=\"rl-gallery-link\" data-rl_caption=\"\" data-rel=\"lightbox-gallery-1\"><img width=\"800\" height=\"800\" src=\"https:\/\/www.diocesi.torino.it\/donazioni\/wp-content\/uploads\/sites\/39\/2026\/01\/GML-2026-PROGETTI-1024x1024.jpg\" class=\"attachment-large size-large\" alt=\"\" decoding=\"async\" loading=\"lazy\" srcset=\"https:\/\/www.diocesi.torino.it\/donazioni\/wp-content\/uploads\/sites\/39\/2026\/01\/GML-2026-PROGETTI-1024x1024.jpg 1024w, https:\/\/www.diocesi.torino.it\/donazioni\/wp-content\/uploads\/sites\/39\/2026\/01\/GML-2026-PROGETTI-300x300.jpg 300w, https:\/\/www.diocesi.torino.it\/donazioni\/wp-content\/uploads\/sites\/39\/2026\/01\/GML-2026-PROGETTI-150x150.jpg 150w, https:\/\/www.diocesi.torino.it\/donazioni\/wp-content\/uploads\/sites\/39\/2026\/01\/GML-2026-PROGETTI-768x768.jpg 768w, https:\/\/www.diocesi.torino.it\/donazioni\/wp-content\/uploads\/sites\/39\/2026\/01\/GML-2026-PROGETTI-200x200.jpg 200w, https:\/\/www.diocesi.torino.it\/donazioni\/wp-content\/uploads\/sites\/39\/2026\/01\/GML-2026-PROGETTI-280x280.jpg 280w, https:\/\/www.diocesi.torino.it\/donazioni\/wp-content\/uploads\/sites\/39\/2026\/01\/GML-2026-PROGETTI-600x600.jpg 600w, https:\/\/www.diocesi.torino.it\/donazioni\/wp-content\/uploads\/sites\/39\/2026\/01\/GML-2026-PROGETTI-800x800.jpg 800w, https:\/\/www.diocesi.torino.it\/donazioni\/wp-content\/uploads\/sites\/39\/2026\/01\/GML-2026-PROGETTI.jpg 1080w\" sizes=\"(max-width: 800px) 100vw, 800px\" \/><\/a>\n\t\t\t<\/dt><\/dl><dl class='gallery-item'>\n\t\t\t<dt class='gallery-icon landscape'>\n\t\t\t\t<a href='https:\/\/www.diocesi.torino.it\/donazioni\/wp-content\/uploads\/sites\/39\/2026\/01\/BRASILE-CAMPOGRANDE.jpg' title=\"\" data-rl_title=\"\" class=\"rl-gallery-link\" data-rl_caption=\"\" data-rel=\"lightbox-gallery-1\"><img width=\"800\" height=\"800\" src=\"https:\/\/www.diocesi.torino.it\/donazioni\/wp-content\/uploads\/sites\/39\/2026\/01\/BRASILE-CAMPOGRANDE-1024x1024.jpg\" class=\"attachment-large size-large\" alt=\"\" decoding=\"async\" loading=\"lazy\" srcset=\"https:\/\/www.diocesi.torino.it\/donazioni\/wp-content\/uploads\/sites\/39\/2026\/01\/BRASILE-CAMPOGRANDE-1024x1024.jpg 1024w, https:\/\/www.diocesi.torino.it\/donazioni\/wp-content\/uploads\/sites\/39\/2026\/01\/BRASILE-CAMPOGRANDE-300x300.jpg 300w, https:\/\/www.diocesi.torino.it\/donazioni\/wp-content\/uploads\/sites\/39\/2026\/01\/BRASILE-CAMPOGRANDE-150x150.jpg 150w, https:\/\/www.diocesi.torino.it\/donazioni\/wp-content\/uploads\/sites\/39\/2026\/01\/BRASILE-CAMPOGRANDE-768x768.jpg 768w, https:\/\/www.diocesi.torino.it\/donazioni\/wp-content\/uploads\/sites\/39\/2026\/01\/BRASILE-CAMPOGRANDE-200x200.jpg 200w, https:\/\/www.diocesi.torino.it\/donazioni\/wp-content\/uploads\/sites\/39\/2026\/01\/BRASILE-CAMPOGRANDE-280x280.jpg 280w, https:\/\/www.diocesi.torino.it\/donazioni\/wp-content\/uploads\/sites\/39\/2026\/01\/BRASILE-CAMPOGRANDE-600x600.jpg 600w, https:\/\/www.diocesi.torino.it\/donazioni\/wp-content\/uploads\/sites\/39\/2026\/01\/BRASILE-CAMPOGRANDE-800x800.jpg 800w, https:\/\/www.diocesi.torino.it\/donazioni\/wp-content\/uploads\/sites\/39\/2026\/01\/BRASILE-CAMPOGRANDE.jpg 1080w\" sizes=\"(max-width: 800px) 100vw, 800px\" \/><\/a>\n\t\t\t<\/dt><\/dl><br style=\"clear: both\" \/>\n\t\t<\/div>\n\n<p>&nbsp;<\/p>\n<p>&nbsp;<\/p>\n<p>&nbsp;<\/p>\n<\/div>\n<\/div><\/div><\/div><div id=\"pgc-81-0-1\"  class=\"panel-grid-cell\" ><div id=\"panel-81-0-1-0\" class=\"so-panel widget widget_sow-editor panel-first-child panel-last-child\" data-index=\"1\" ><div class=\"panel-widget-style panel-widget-style-for-81-0-1-0\" ><div\n\t\t\t\n\t\t\tclass=\"so-widget-sow-editor so-widget-sow-editor-base\"\n\t\t\t\n\t\t>\n<div class=\"siteorigin-widget-tinymce textwidget\">\n\t<h4>Come donare<\/h4>\n<p><strong>In contanti o con assegno<\/strong> intestato a \u201cArcidiocesi di Torino \u2013 Collette e donazioni\u201d direttamente nella nostra\u00a0<a href=\"https:\/\/www.diocesi.torino.it\/donazioni\/contatti\/\">Sede<\/a>.<\/p>\n<p><strong>Con Bonifico Bancario<\/strong><br \/>\nIntestazione:<\/p>\n<p><strong>ARCIDIOCESI DI TORINO \u2013 COLLETTE E DONAZIONI<\/strong><\/p>\n<p><strong>IBAN\u00a0IT28 U030 6909 6061 0000 0110 790<\/strong><\/p>\n<\/div>\n<\/div><\/div><\/div><\/div><\/div><\/div>","protected":false},"excerpt":{"rendered":"<p>La Giornata mondiale per i malati di lebbra Istituita nel 1954 da Raoul Follereau, il profeta dei malati di lebbra, nell\u2019ultima domenica di gennaio, ricorda ogni anno con la GML che la lebbra non \u00e8 ancora scomparsa nel mondo. La lebbra dunque esiste ancora? Si, anche se molti progressi sono stati fatti, ogni 2 minuti una persona nel mondo contrae la lebbra. Secondo le stime &hellip; <a href=\"https:\/\/www.diocesi.torino.it\/donazioni\/giornata-mondiale-per-i-malati-di-lebbra\/\" class=\"more-link\">Continua a leggere <span class=\"screen-reader-text\"><\/span> <span class=\"meta-nav\">&raquo;<\/span><\/a><\/p>\n","protected":false},"author":16,"featured_media":0,"parent":0,"menu_order":0,"comment_status":"closed","ping_status":"closed","template":"","meta":{"ip_address":"","user_agent":"","level":"","revision":"","cookie_id":"","page_referer":"","html_form":"","_expiration-date-status":"","_expiration-date":0,"_expiration-date-type":"","_expiration-date-categories":[],"_expiration-date-options":[]},"acf":[],"_links":{"self":[{"href":"https:\/\/www.diocesi.torino.it\/donazioni\/wp-json\/wp\/v2\/pages\/81"}],"collection":[{"href":"https:\/\/www.diocesi.torino.it\/donazioni\/wp-json\/wp\/v2\/pages"}],"about":[{"href":"https:\/\/www.diocesi.torino.it\/donazioni\/wp-json\/wp\/v2\/types\/page"}],"author":[{"embeddable":true,"href":"https:\/\/www.diocesi.torino.it\/donazioni\/wp-json\/wp\/v2\/users\/16"}],"replies":[{"embeddable":true,"href":"https:\/\/www.diocesi.torino.it\/donazioni\/wp-json\/wp\/v2\/comments?post=81"}],"version-history":[{"count":30,"href":"https:\/\/www.diocesi.torino.it\/donazioni\/wp-json\/wp\/v2\/pages\/81\/revisions"}],"predecessor-version":[{"id":3072,"href":"https:\/\/www.diocesi.torino.it\/donazioni\/wp-json\/wp\/v2\/pages\/81\/revisions\/3072"}],"wp:attachment":[{"href":"https:\/\/www.diocesi.torino.it\/donazioni\/wp-json\/wp\/v2\/media?parent=81"}],"curies":[{"name":"wp","href":"https:\/\/api.w.org\/{rel}","templated":true}]}}