{"id":89,"date":"2024-09-13T13:39:23","date_gmt":"2024-09-13T11:39:23","guid":{"rendered":"https:\/\/www.diocesi.torino.it\/donazioni\/?page_id=89"},"modified":"2026-01-19T15:55:10","modified_gmt":"2026-01-19T14:55:10","slug":"quaresima-di-fraternita","status":"publish","type":"page","link":"https:\/\/www.diocesi.torino.it\/donazioni\/quaresima-di-fraternita\/","title":{"rendered":"Quaresima di Fraternit\u00e0"},"content":{"rendered":"<div id=\"pl-89\"  class=\"panel-layout\" ><div id=\"pg-89-0\"  class=\"panel-grid panel-no-style\" ><div id=\"pgc-89-0-0\"  class=\"panel-grid-cell\" ><div id=\"panel-89-0-0-0\" class=\"so-panel widget widget_sow-editor panel-first-child panel-last-child\" data-index=\"0\" ><div\n\t\t\t\n\t\t\tclass=\"so-widget-sow-editor so-widget-sow-editor-base\"\n\t\t\t\n\t\t>\n<div class=\"siteorigin-widget-tinymce textwidget\">\n\t<p><img decoding=\"async\" loading=\"lazy\" class=\"alignright wp-image-158 size-medium\" src=\"https:\/\/www.diocesi.torino.it\/donazioni\/wp-content\/uploads\/sites\/39\/2024\/09\/logo-qdf-300x300.jpg\" alt=\"\" width=\"300\" height=\"300\" srcset=\"https:\/\/www.diocesi.torino.it\/donazioni\/wp-content\/uploads\/sites\/39\/2024\/09\/logo-qdf-300x300.jpg 300w, https:\/\/www.diocesi.torino.it\/donazioni\/wp-content\/uploads\/sites\/39\/2024\/09\/logo-qdf-1024x1024.jpg 1024w, https:\/\/www.diocesi.torino.it\/donazioni\/wp-content\/uploads\/sites\/39\/2024\/09\/logo-qdf-150x150.jpg 150w, https:\/\/www.diocesi.torino.it\/donazioni\/wp-content\/uploads\/sites\/39\/2024\/09\/logo-qdf-768x768.jpg 768w, https:\/\/www.diocesi.torino.it\/donazioni\/wp-content\/uploads\/sites\/39\/2024\/09\/logo-qdf-200x200.jpg 200w, https:\/\/www.diocesi.torino.it\/donazioni\/wp-content\/uploads\/sites\/39\/2024\/09\/logo-qdf-280x280.jpg 280w, https:\/\/www.diocesi.torino.it\/donazioni\/wp-content\/uploads\/sites\/39\/2024\/09\/logo-qdf-1536x1536.jpg 1536w, https:\/\/www.diocesi.torino.it\/donazioni\/wp-content\/uploads\/sites\/39\/2024\/09\/logo-qdf-2048x2048.jpg 2048w, https:\/\/www.diocesi.torino.it\/donazioni\/wp-content\/uploads\/sites\/39\/2024\/09\/logo-qdf-600x600.jpg 600w, https:\/\/www.diocesi.torino.it\/donazioni\/wp-content\/uploads\/sites\/39\/2024\/09\/logo-qdf-1200x1200.jpg 1200w, https:\/\/www.diocesi.torino.it\/donazioni\/wp-content\/uploads\/sites\/39\/2024\/09\/logo-qdf-800x800.jpg 800w\" sizes=\"(max-width: 300px) 100vw, 300px\" \/><\/p>\n<p>Da molti\u00a0anni la Quaresima di Fraternit\u00e0 \u00e8 intrecciata con la storia\u00a0della nostra\u00a0Chiesa particolare di Torino e Susa, diventando una\u00a0delle modalit\u00e0\u00a0concrete\u00a0con cui le nostre\u00a0comunit\u00e0 scelgono di vivere\u00a0il Vangelo. \u00c8 una scelta che nasce dal cuore della fede e ci educa all\u2019<strong>attenzione per ogni persona: non semplice aiuto, ma cammino che intreccia fragilit\u00e0 e speranza, ascolto e responsabilit\u00e0<\/strong>.\u00a0<strong>Le emergenze del nostro tempo \u2013 guerre, crisi climatiche, migrazioni, povert\u00e0 diffusa \u2013 ci interpellano<\/strong> come comunit\u00e0 cristiana e singolarmente a non restare indifferenti, ma a riconoscere nel volto dell\u2019altro la presenza stessa di Cristo.\u00a0<strong>I progetti<\/strong>\u00a0di Quaresima di Fraternit\u00e0 sono un\u2019espressione di questo andare oltre:\u00a0<strong>nascono dall\u2019ascolto delle ferite del mondo e si fanno percorsi reali di pace, accoglienza, cura, sviluppo umano<\/strong>, in dialogo tra la Chiesa universale e le realt\u00e0 locali. Da qui scaturisce un impegno concreto non solo nelle emergenze, ma nell\u2019accompagnare la crescita personale e collettiva, in particolare sostenendo bambine e ragazzi, donne e uomini, famiglie vulnerabili, a cui non \u00e8 garantito l\u2019accesso all\u2019acqua, all\u2019istruzione, all\u2019assistenza sanitaria, private dal diritto di vivere e crescere in un clima di stabilit\u00e0 e serenit\u00e0.<\/p>\n<p><strong>Al centro di molte\u00a0iniziative\u00a0c\u2019\u00e8 l\u2019esplicito sostegno\u00a0alle comunit\u00e0 cristiane<\/strong> che, in contesti spesso\u00a0segnati da\u00a0fragilit\u00e0, cercano luoghi e strumenti\u00a0per crescere nella speranza: la formazione di catechisti e animatori, la costruzione di chiese e spazi\u00a0per incontrarsi, ascoltare la Parola, celebrare e testimoniare insieme\u00a0la bellezza\u00a0della vita\u00a0comunitaria\u00a0sono segni\u00a0preziosi di\u00a0una Chiesa\u00a0che si fa\u00a0vicina e si\u00a0prende cura, valorizzando la fede\u00a0che si esprime nella\u00a0quotidianit\u00e0 e nella\u00a0comunione.\u00a0Il cammino\u00a0quaresimale\u00a0si trasforma\u00a0in\u00a0<strong>un\u2019opportunit\u00e0 di crescita\u00a0e di impegno, che invita\u00a0tutti a \u201ccamminare insieme\u00a0nella speranza<\/strong>\u201d. Si rinnova cos\u00ec una fraternit\u00e0 che non conosce confini e che invita ciascuno alla corresponsabilit\u00e0 ecclesiale.<\/p>\n<p>Dal 2025 l\u2019elenco progetti \u00e8 interdiocesano. In\u00a0apertura sono presentati i\u00a0<strong>\u201cProgetti Diocesani\u201d,<\/strong>\u00a0ovvero le iniziative di solidariet\u00e0 che scaturiscono da legami speciali di fratellanza che le Diocesi di Torino e Susa hanno costruito e custodito nel tempo, e che rappresentano un impegno prioritario e privilegiato. Espressione di una fraternit\u00e0 concreta, nata da relazioni personali e reciprocit\u00e0, e diventata testimonianza viva di una Chiesa locale capace di aprirsi agli orizzonti del mondo e della missione condivisa. <a href=\"https:\/\/www.diocesi.torino.it\/donazioni\/quaresima-di-fraternita\/qdf-2026-progetti-enti-e-associazioni\/\">L\u2019elenco prosegue con altre 48 iniziative in Africa, Asia, America, Europa e Medio Oriente.<\/a>\u00a0<strong>Ogni progetto nato da una collaborazione tra realt\u00e0 locali, istituti religiosi, associazioni e Diocesi, diventa seme di speranza, segno visibile d\u2019una fede che si fa operosa.<\/strong>\u00a0Tante preziose tessere di un mosaico di solidariet\u00e0 che attraversa la storia e guarda al futuro.<\/p>\n<p>Sostenere la Quaresima di Fraternit\u00e0 significa, per le nostre comunit\u00e0 e per ciascuno, lasciarsi interrogare dal Vangelo, tradurre la nostra fede in gesti concreti di carit\u00e0, perdono, giustizia e comunione. Lasciarsi toccare dai bisogni del mondo, andando oltre ogni distanza geografica o culturale per farsi prossimi a chi vive situazioni di fragilit\u00e0, povert\u00e0 o solitudine. Le tante storie nate grazie ai progetti accompagnati in questi anni ci ricordano che la fede si fa tangibile nella solidariet\u00e0, nella condivisione e nella capacit\u00e0 di costruire ponti l\u00e0 dove l\u2019indifferenza divide.\u00a0I contributi raccolti verranno erogati al termine della raccolta quaresimale e immediatamente dopo che le singole comunit\u00e0 abbiano trasmesso gli importi (allo <a href=\"https:\/\/www.diocesi.torino.it\/donazioni\/come-donare\/\">Sportello diocesano collette e donazioni<\/a> possibilmente entro il mese di maggio). Dal totale generale raccolto verranno detratte le spese organizzative (campagna e gestione) e l\u2019ammontare necessario per un completo finanziamento dei progetti diocesani. Dopodich\u00e9 il rimanente sar\u00e0 distribuito secondo le proporzioni e destinazioni espresse dalle comunit\u00e0 e dai singoli offerenti. Nel caso in cui a qualche progetto fosse vincolato pi\u00f9 dell'ammontare richiesto, l'eccedenza verr\u00e0 redistribuita tra i progetti parzialmente coperti e che non hanno ricevuto alcun finanziamento.<\/p>\n<ul>\n<li><a href=\"https:\/\/www.diocesi.torino.it\/donazioni\/wp-content\/uploads\/sites\/39\/2024\/09\/REGOLAMENTO-QDF-2025.pdf\"><strong>Regolamento e Linee Guida<\/strong><\/a><\/li>\n<li><a href=\"https:\/\/www.diocesi.torino.it\/donazioni\/wp-content\/uploads\/sites\/39\/2025\/09\/ELENCO_PROGETTI_QDF_2026-versione-per-la-stampa.pdf\"><strong>Elenco progetti QdF 2026<\/strong><\/a><\/li>\n<li><strong><a href=\"https:\/\/www.diocesi.torino.it\/donazioni\/quaresima-di-fraternita\/progetti-diocesani-qdf-2026\/\">Schede Progetti DIOCESANI QdF 2026 da n.1 a n.5<\/a><\/strong><\/li>\n<li><strong><a href=\"https:\/\/www.diocesi.torino.it\/donazioni\/quaresima-di-fraternita\/qdf-2026-progetti-enti-e-associazioni\/\">Schede Progetti da Enti e Associazioni QdF 2026 da n. 1 a n. 53<\/a><\/strong><\/li>\n<\/ul>\n<p>&nbsp;<\/p>\n<p><span style=\"font-size: inherit;\">Archivio:<\/span><\/p>\n<ul>\n<li><a href=\"https:\/\/www.diocesi.torino.it\/donazioni\/qdf-rendiconti\/\">Archivio Rendiconti RACCOLTA e DISTRIBUZIONE QDF (dal 2013 al 2025)<\/a><\/li>\n<li><a href=\"https:\/\/www.diocesi.torino.it\/donazioni\/qdf-elenchi-progetto-archivio\/\">Archivio Elenchi PROGETTI QDF (dal 2013 al 2025)<\/a><\/li>\n<\/ul>\n<\/div>\n<\/div><\/div><\/div><div id=\"pgc-89-0-1\"  class=\"panel-grid-cell\" ><div id=\"panel-89-0-1-0\" class=\"so-panel widget widget_sow-editor panel-first-child panel-last-child\" data-index=\"1\" ><div class=\"panel-widget-style panel-widget-style-for-89-0-1-0\" ><div\n\t\t\t\n\t\t\tclass=\"so-widget-sow-editor so-widget-sow-editor-base\"\n\t\t\t\n\t\t><h3 class=\"widget-title\">Come donare<\/h3>\n<div class=\"siteorigin-widget-tinymce textwidget\">\n\t<header class=\"entry-header\"><strong>In contanti o con assegno <\/strong>intestato a \"Arcidiocesi di Torino Collette e donazioni\" direttamente nella nostra <a href=\"https:\/\/www.diocesi.torino.it\/donazioni\/contatti\/\">Sede<\/a>.<\/header>\n<header class=\"entry-header\"><strong>Con Bonifico Bancario:<\/strong><\/header>\n<header class=\"entry-header\"><strong>Arcidiocesi di Torino - Collette e donazioni<\/strong><\/header>\n<header class=\"entry-header\"><strong>IT28 U030 6909 6061 0000 0110 790<\/strong><\/header>\n<header class=\"entry-header\"><strong>Specificando nella causale:\u00a0<\/strong>Quaresima di Fraternit\u00e0 e progetto scelto<\/header>\n<header class=\"entry-header\"><strong>Ricevute\u00a0<\/strong>A Parrocchie, Chiese non parrocchiali ed Enti verr\u00e0 inviata ricevuta in formato pdf sulla mail istituzionale.<\/header>\n<pre><strong>Le Comunit\u00e0 ed i sostenitori della Diocesi di Susa per i versamenti dovranno fare riferimento a:<\/strong>\n\nDIOCESI DI SUSA - CARITAS \nPiazza San Giusto 14 \u2013 SUSA\nTel. 0122 622 194\ncaritas@diocesisusa.it\nIT76S0200831060000107222511<\/pre>\n<div class=\"entry-content-page\">\n<p>&nbsp;<\/p>\n<\/div>\n<\/div>\n<\/div><\/div><\/div><\/div><\/div><\/div><hr class=\"wpba_attachment_hr\"><div id='wpba_attachment_list' class='wpba wpba-wrap'>\n<ul class='wpba-attachment-list unstyled'><li id='wpba_attachment_list_3134' class='wpba-list-item pull-left'><img src='https:\/\/www.diocesi.torino.it\/donazioni\/wp-content\/themes\/wp-starter-so\/icons\/document.png' width='16' height='20' class='wpba-icon pull-left'><a href='https:\/\/www.diocesi.torino.it\/donazioni\/wp-content\/uploads\/sites\/39\/2025\/12\/rendiconto-raccolta-qdf-2025-DA-STAMPARE.pdf' title='rendiconto raccolta qdf 2025 DA STAMPARE' class='wpba-link pull-left' target=\"_blank\">rendiconto raccolta qdf 2025 DA STAMPARE<\/a><\/li>\n<li id='wpba_attachment_list_3135' class='wpba-list-item pull-left'><img src='https:\/\/www.diocesi.torino.it\/donazioni\/wp-content\/themes\/wp-starter-so\/icons\/document.png' width='16' height='20' class='wpba-icon pull-left'><a href='https:\/\/www.diocesi.torino.it\/donazioni\/wp-content\/uploads\/sites\/39\/2025\/12\/RENDICONTO-DISTRIBUZIONE-QDF-2025.pdf' title='RENDICONTO DISTRIBUZIONE QDF 2025' class='wpba-link pull-left' target=\"_blank\">RENDICONTO DISTRIBUZIONE QDF 2025<\/a><\/li>\n<li id='wpba_attachment_list_3103' class='wpba-list-item pull-left'><img src='https:\/\/www.diocesi.torino.it\/donazioni\/wp-content\/themes\/wp-starter-so\/icons\/document.png' width='16' height='20' class='wpba-icon pull-left'><a href='https:\/\/www.diocesi.torino.it\/donazioni\/wp-content\/uploads\/sites\/39\/2025\/09\/ELENCO_PROGETTI_QDF_2026-versione-per-la-stampa.pdf' title='ELENCO_PROGETTI_QDF_2026 versione per la stampa' class='wpba-link pull-left' target=\"_blank\">ELENCO_PROGETTI_QDF_2026 versione per la stampa<\/a><\/li>\n<\/ul><\/div>\n","protected":false},"excerpt":{"rendered":"<p>Da molti\u00a0anni la Quaresima di Fraternit\u00e0 \u00e8 intrecciata con la storia\u00a0della nostra\u00a0Chiesa particolare di Torino e Susa, diventando una\u00a0delle modalit\u00e0\u00a0concrete\u00a0con cui le nostre\u00a0comunit\u00e0 scelgono di vivere\u00a0il Vangelo. \u00c8 una scelta che nasce dal cuore della fede e ci educa all\u2019attenzione per ogni persona: non semplice aiuto, ma cammino che intreccia fragilit\u00e0 e speranza, ascolto e responsabilit\u00e0.\u00a0Le emergenze del nostro tempo \u2013 guerre, crisi climatiche, migrazioni, &hellip; <a href=\"https:\/\/www.diocesi.torino.it\/donazioni\/quaresima-di-fraternita\/\" class=\"more-link\">Continua a leggere <span class=\"screen-reader-text\"><\/span> <span class=\"meta-nav\">&raquo;<\/span><\/a><\/p>\n","protected":false},"author":16,"featured_media":0,"parent":0,"menu_order":0,"comment_status":"closed","ping_status":"closed","template":"","meta":{"ip_address":"","user_agent":"","level":"","revision":"","cookie_id":"","page_referer":"","html_form":"","_expiration-date-status":"","_expiration-date":0,"_expiration-date-type":"","_expiration-date-categories":[],"_expiration-date-options":[]},"acf":[],"_links":{"self":[{"href":"https:\/\/www.diocesi.torino.it\/donazioni\/wp-json\/wp\/v2\/pages\/89"}],"collection":[{"href":"https:\/\/www.diocesi.torino.it\/donazioni\/wp-json\/wp\/v2\/pages"}],"about":[{"href":"https:\/\/www.diocesi.torino.it\/donazioni\/wp-json\/wp\/v2\/types\/page"}],"author":[{"embeddable":true,"href":"https:\/\/www.diocesi.torino.it\/donazioni\/wp-json\/wp\/v2\/users\/16"}],"replies":[{"embeddable":true,"href":"https:\/\/www.diocesi.torino.it\/donazioni\/wp-json\/wp\/v2\/comments?post=89"}],"version-history":[{"count":30,"href":"https:\/\/www.diocesi.torino.it\/donazioni\/wp-json\/wp\/v2\/pages\/89\/revisions"}],"predecessor-version":[{"id":3273,"href":"https:\/\/www.diocesi.torino.it\/donazioni\/wp-json\/wp\/v2\/pages\/89\/revisions\/3273"}],"wp:attachment":[{"href":"https:\/\/www.diocesi.torino.it\/donazioni\/wp-json\/wp\/v2\/media?parent=89"}],"curies":[{"name":"wp","href":"https:\/\/api.w.org\/{rel}","templated":true}]}}