{"id":982,"date":"2024-10-08T12:53:16","date_gmt":"2024-10-08T10:53:16","guid":{"rendered":"https:\/\/www.diocesi.torino.it\/donazioni\/?page_id=982"},"modified":"2024-10-08T14:09:55","modified_gmt":"2024-10-08T12:09:55","slug":"report","status":"publish","type":"page","link":"https:\/\/www.diocesi.torino.it\/donazioni\/report\/","title":{"rendered":"REPORT SOSTEGNO A DISTANZA"},"content":{"rendered":"<p>Nel 2023 attraverso l&#8217;Arcidiocesi di Torino sono stati sostenuti pi\u00f9 di <strong>7.500 bambini e bambine, ragazzi e ragazze (1033 sostegni di cui 433 gruppi) che vivono in 33 nazioni<\/strong> diverse dell&#8217;<strong>Asia, Africa ed America Latina<\/strong>, grazie alla presenza ed all&#8217;opera di <strong>50 enti della Chiesa Cattolica (<\/strong>tra Istituti religiosi, Diocesi ed Associazioni diocesane) e alla generosa sollecitudine dei benefattori (<strong>\u20ac 236.681,46<\/strong>)<strong>:<\/strong><\/p>\n<ul>\n<li><strong>55<\/strong>\u00a0 <strong>comunit\u00e0<\/strong> parrocchiali ed enti religiosi<\/li>\n<li><strong>339<\/strong> <strong>famiglie<\/strong> e <strong>singoli<\/strong> attraverso comunit\u00e0 parrocchiali<\/li>\n<li><strong>639<\/strong> <strong>privati<\/strong><\/li>\n<\/ul>\n<table style=\"height: 2911px;\" width=\"884\">\n<tbody>\n<tr>\n<td width=\"370\"><strong>ENTE<\/strong><\/td>\n<td width=\"203\"><strong>PAESE<\/strong><\/td>\n<td width=\"64\"><strong>SOSTEGNI<\/strong><\/td>\n<td width=\"180\"><strong>CONTINENTE<\/strong><\/td>\n<\/tr>\n<tr>\n<td>COPED &#8211; Counseil pour l&#8217;education et le developpement<\/td>\n<td>BURUNDI<\/td>\n<td>7<\/td>\n<td>AFRICA<\/td>\n<\/tr>\n<tr>\n<td>SUORE DI SANTA GIOVANNA ANTIDA<\/td>\n<td>CAMERUN<\/td>\n<td>3<\/td>\n<td>AFRICA<\/td>\n<\/tr>\n<tr>\n<td>SUORE DOMENICANE DELLA BEATA IMELDA<\/td>\n<td>CAMERUN<\/td>\n<td>3<\/td>\n<td>AFRICA<\/td>\n<\/tr>\n<tr>\n<td>SUORE DELLA CARITA&#8217; DI S.GIOVANNA ANTIDA<\/td>\n<td>CIAD<\/td>\n<td>9<\/td>\n<td>AFRICA<\/td>\n<\/tr>\n<tr>\n<td>CISTERCENSI<\/td>\n<td>ERITREA<\/td>\n<td>7<\/td>\n<td>AFRICA<\/td>\n<\/tr>\n<tr>\n<td>DAUGHTERS OF JESUS GOOD SHEPERD<\/td>\n<td>ERITREA<\/td>\n<td>5<\/td>\n<td>AFRICA<\/td>\n<\/tr>\n<tr>\n<td>CISTERCENSI<\/td>\n<td>ETHIOPIA<\/td>\n<td>31<\/td>\n<td>AFRICA<\/td>\n<\/tr>\n<tr>\n<td>MISSIONARI DELLA CONSOLATA<\/td>\n<td>ETHIOPIA<\/td>\n<td>1<\/td>\n<td>AFRICA<\/td>\n<\/tr>\n<tr>\n<td>FRANCISCAN SISTERS OF ST.ANNA<\/td>\n<td>KENYA<\/td>\n<td>6<\/td>\n<td>AFRICA<\/td>\n<\/tr>\n<tr>\n<td>IST.S.TERESA DEL BAMBIN GESU&#8217;<\/td>\n<td>KENYA<\/td>\n<td>8<\/td>\n<td>AFRICA<\/td>\n<\/tr>\n<tr>\n<td>MISSIONARIE DELLA CONSOLATA<\/td>\n<td>KENYA<\/td>\n<td>15<\/td>\n<td>AFRICA<\/td>\n<\/tr>\n<tr>\n<td>SUORE DI MARIA IMMACOLATA (leggi il <a href=\"https:\/\/www.diocesi.torino.it\/donazioni\/wp-content\/uploads\/sites\/39\/2024\/10\/RELAZIONE-SUGUTA-MAR-MAR.pdf\">report<\/a>)<\/td>\n<td>KENYA<\/td>\n<td>21<\/td>\n<td>AFRICA<\/td>\n<\/tr>\n<tr>\n<td>SUORE DI S.MARIA DI LORETO<\/td>\n<td>KENYA<\/td>\n<td>17<\/td>\n<td>AFRICA<\/td>\n<\/tr>\n<tr>\n<td>SUORE FRANCESCANE DI S.GIUSEPPE<\/td>\n<td>KENYA<\/td>\n<td>17<\/td>\n<td>AFRICA<\/td>\n<\/tr>\n<tr>\n<td>SUORE MISSIONARIE DELLA CONSOLATA<\/td>\n<td>LIBERIA<\/td>\n<td>15<\/td>\n<td>AFRICA<\/td>\n<\/tr>\n<tr>\n<td>MISSIONARIE DELL&#8217;AMORE INFINITO (leggi il <a href=\"https:\/\/www.diocesi.torino.it\/donazioni\/wp-content\/uploads\/sites\/39\/2024\/10\/RELAZIONE-MADAGASCAR.pdf\">report<\/a>)<\/td>\n<td>MADAGASCAR<\/td>\n<td>25<\/td>\n<td>AFRICA<\/td>\n<\/tr>\n<tr>\n<td>SUORE CARMELITANE DI S.TERESA<\/td>\n<td>MADAGASCAR<\/td>\n<td>31<\/td>\n<td>AFRICA<\/td>\n<\/tr>\n<tr>\n<td>SUORE MISSIONARIE DELLA CONSOLATA<\/td>\n<td>MOZAMBICO<\/td>\n<td>17<\/td>\n<td>AFRICA<\/td>\n<\/tr>\n<tr>\n<td>SUORE S.GIUSEPPE DI TORINO<\/td>\n<td>NIGERIA<\/td>\n<td>19<\/td>\n<td>AFRICA<\/td>\n<\/tr>\n<tr>\n<td>SUORE CARMELITANE DI S.TERESA<\/td>\n<td>REP. CENTROAFRICANA<\/td>\n<td>1<\/td>\n<td>AFRICA<\/td>\n<\/tr>\n<tr>\n<td>SACERDOTI DIOCESANI<\/td>\n<td>REP.DEM.CONGO<\/td>\n<td>9<\/td>\n<td>AFRICA<\/td>\n<\/tr>\n<tr>\n<td>SUORE FRANCESCANE ANGELINE<\/td>\n<td>REP.DEM.CONGO<\/td>\n<td>7<\/td>\n<td>AFRICA<\/td>\n<\/tr>\n<tr>\n<td>SACERDOTI DIOCESANI<\/td>\n<td>REPUB. DE GUINEE CONACRY<\/td>\n<td>2<\/td>\n<td>AFRICA<\/td>\n<\/tr>\n<tr>\n<td>SOEURS DE NOTRE DAME DE GUINEE<\/td>\n<td>REPUB. DE GUINEE CONACRY<\/td>\n<td>18<\/td>\n<td>AFRICA<\/td>\n<\/tr>\n<tr>\n<td>SUORE ALBERTINE (Vincenzine di Maria Immacolata)<\/td>\n<td>REPUBLIQUE DU BENIN<\/td>\n<td>13<\/td>\n<td>AFRICA<\/td>\n<\/tr>\n<tr>\n<td>ASSOCIAZIONE LAICALE MISSIONARIA<\/td>\n<td>TANZANIA<\/td>\n<td>16<\/td>\n<td>AFRICA<\/td>\n<\/tr>\n<tr>\n<td>MISSIONARI DELLA CONSOLATA<\/td>\n<td>TANZANIA<\/td>\n<td>13<\/td>\n<td>AFRICA<\/td>\n<\/tr>\n<tr>\n<td>SACERDOTI DIOCESANI<\/td>\n<td>TANZANIA<\/td>\n<td>27<\/td>\n<td>AFRICA<\/td>\n<\/tr>\n<tr>\n<td>SUORE MISSIONARIE DELLA CONSOLATA<\/td>\n<td>TANZANIA<\/td>\n<td>30<\/td>\n<td>AFRICA<\/td>\n<\/tr>\n<tr>\n<td>SACERDOTE DIOCESANO<\/td>\n<td>TOGO<\/td>\n<td>27<\/td>\n<td>AFRICA<\/td>\n<\/tr>\n<tr>\n<td>ASSOCIAZIONE LAICALE MISSIONARIA<\/td>\n<td>ZAMBIA<\/td>\n<td>10<\/td>\n<td>AFRICA<\/td>\n<\/tr>\n<tr>\n<td>FIGLIE DI MARIA AUSILIATRICE (leggi il report di <a href=\"https:\/\/www.diocesi.torino.it\/donazioni\/wp-content\/uploads\/sites\/39\/2024\/10\/REPORT-JUNIN-DE-LOS-ANDES.pdf\">Junin de Los Andes<\/a>)<\/td>\n<td>ARGENTINA<\/td>\n<td>27<\/td>\n<td>AMERICA<\/td>\n<\/tr>\n<tr>\n<td>SALESIANI<\/td>\n<td>ARGENTINA<\/td>\n<td>11<\/td>\n<td>AMERICA<\/td>\n<\/tr>\n<tr>\n<td>SUORE S.GIUSEPPE DI PINEROLO<\/td>\n<td>ARGENTINA<\/td>\n<td>37<\/td>\n<td>AMERICA<\/td>\n<\/tr>\n<tr>\n<td>ASEVI &#8211; A\u00e7\u00e3o Social Esperan\u00e7a e Vida<\/td>\n<td>BRASILE<\/td>\n<td>13<\/td>\n<td>AMERICA<\/td>\n<\/tr>\n<tr>\n<td>BARNABITI<\/td>\n<td>BRASILE<\/td>\n<td>6<\/td>\n<td>AMERICA<\/td>\n<\/tr>\n<tr>\n<td>COMVIVA &#8211; Centro de Educa\u00e7ao Popular Comunidade Viva\u00a0\u00a0(leggi l&#8217;ultimo <a href=\"https:\/\/www.diocesi.torino.it\/donazioni\/wp-content\/uploads\/sites\/39\/2024\/10\/RELAZIONE-COMVIVA.pdf\">report<\/a>)<\/td>\n<td>BRASILE<\/td>\n<td>8<\/td>\n<td>AMERICA<\/td>\n<\/tr>\n<tr>\n<td>FIGLIE DI MARIA AUSILIATRICE (leggi il report di <a href=\"https:\/\/www.diocesi.torino.it\/donazioni\/wp-content\/uploads\/sites\/39\/2024\/10\/REPORT-POXOREO.pdf\">Poxoreo<\/a>)<\/td>\n<td>BRASILE<\/td>\n<td>33<\/td>\n<td>AMERICA<\/td>\n<\/tr>\n<tr>\n<td>SUORE FRANCESCANE ANGELINE<\/td>\n<td>BRASILE<\/td>\n<td>8<\/td>\n<td>AMERICA<\/td>\n<\/tr>\n<tr>\n<td>SUORE DI S.GIUSEPPE DI PINEROLO<\/td>\n<td>BRASILE<\/td>\n<td>41<\/td>\n<td>AMERICA<\/td>\n<\/tr>\n<tr>\n<td>FIGLIE DEI SACRI CUORI DI GESU&#8217; E DI MARIA<\/td>\n<td>COLOMBIA<\/td>\n<td>19<\/td>\n<td>AMERICA<\/td>\n<\/tr>\n<tr>\n<td>MOVIMENTO DEI FOCOLARINI<\/td>\n<td>COLOMBIA<\/td>\n<td>10<\/td>\n<td>AMERICA<\/td>\n<\/tr>\n<tr>\n<td>GIUSEPPINI DEL MURIALDO<\/td>\n<td>ECUADOR<\/td>\n<td>13<\/td>\n<td>AMERICA<\/td>\n<\/tr>\n<tr>\n<td>MISSIONI COTTOLENGHINE<\/td>\n<td>ECUADOR<\/td>\n<td>47<\/td>\n<td>AMERICA<\/td>\n<\/tr>\n<tr>\n<td>ASSOCIAZIONE LAICALE MISSIONARIA<\/td>\n<td>MESSICO<\/td>\n<td>14<\/td>\n<td>AMERICA<\/td>\n<\/tr>\n<tr>\n<td>SUORE DELLA CARITA&#8217; DI S. GIOVANNA ANTIDA<\/td>\n<td>PARAGUAY<\/td>\n<td>10<\/td>\n<td>AMERICA<\/td>\n<\/tr>\n<tr>\n<td>FIGLIE DELLA SAPIENZA<\/td>\n<td>PERU&#8217;<\/td>\n<td>11<\/td>\n<td>AMERICA<\/td>\n<\/tr>\n<tr>\n<td>ORSOLINE SACRO MONTE DI VARALLOV (leggi il report da <a href=\"https:\/\/www.diocesi.torino.it\/donazioni\/wp-content\/uploads\/sites\/39\/2024\/10\/REPORT-LIMA.pdf\">Lima<\/a>)<\/td>\n<td>PERU&#8217;<\/td>\n<td>3<\/td>\n<td>AMERICA<\/td>\n<\/tr>\n<tr>\n<td>FIGLIE DI MARIA AUSILIATRICE<\/td>\n<td>URUGUAY<\/td>\n<td>37<\/td>\n<td>AMERICA<\/td>\n<\/tr>\n<tr>\n<td>FIGLIE DI MARIA AUSILIATRICE<\/td>\n<td>VENEZUELA<\/td>\n<td>1<\/td>\n<td>AMERICA<\/td>\n<\/tr>\n<tr>\n<td>SALESIANI<\/td>\n<td>CAMBOGIA<\/td>\n<td>32<\/td>\n<td>ASIA<\/td>\n<\/tr>\n<tr>\n<td>AUGUSTIAN SISTERS OF LADY OF CONSOLATION<\/td>\n<td>FILIPPINE<\/td>\n<td>14<\/td>\n<td>ASIA<\/td>\n<\/tr>\n<tr>\n<td>MOVIMENTO DEI FOCOLARINI<\/td>\n<td>FILIPPINE<\/td>\n<td>23<\/td>\n<td>ASIA<\/td>\n<\/tr>\n<tr>\n<td>BARNABITI<\/td>\n<td>INDIA<\/td>\n<td>9<\/td>\n<td>ASIA<\/td>\n<\/tr>\n<tr>\n<td>MISSIONI COTTOLENGHINE (padri e suore)<\/td>\n<td>INDIA<\/td>\n<td>16<\/td>\n<td>ASIA<\/td>\n<\/tr>\n<tr>\n<td>SACERDOTI DIOCESANI<\/td>\n<td>INDIA<\/td>\n<td>121<\/td>\n<td>ASIA<\/td>\n<\/tr>\n<tr>\n<td>MARONITI<\/td>\n<td>LIBANO<\/td>\n<td>24<\/td>\n<td>ASIA<\/td>\n<\/tr>\n<tr>\n<td>FIGLIE DI MARIA AUSILIATRICE (leggi l&#8217;ultimo <a href=\"https:\/\/www.diocesi.torino.it\/donazioni\/wp-content\/uploads\/sites\/39\/2024\/10\/RELAZIONE-THAILANDIA.pdf\">report<\/a>)<\/td>\n<td>THAILANDIA<\/td>\n<td>36<\/td>\n<td>ASIA<\/td>\n<\/tr>\n<tr>\n<td>FIGLIE DI MARIA AUSILIATRICE<\/td>\n<td>VIETNAM<\/td>\n<td>18<\/td>\n<td>ASIA<\/td>\n<\/tr>\n<tr>\n<td>SUORE DOMENICANE DELLA BEATA IMELDA<\/td>\n<td>ALBANIA<\/td>\n<td>12<\/td>\n<td>EUROPA<\/td>\n<\/tr>\n<tr>\n<td>SUORE SACRA FAMIGLIA<\/td>\n<td>ALBANIA<\/td>\n<td>11<\/td>\n<td>EUROPA<\/td>\n<\/tr>\n<tr>\n<td><\/td>\n<td><\/td>\n<td>1072<\/td>\n<td>di cui 433 gruppi di bambini<\/td>\n<\/tr>\n<\/tbody>\n<\/table>\n","protected":false},"excerpt":{"rendered":"<p>Nel 2023 attraverso l&#8217;Arcidiocesi di Torino sono stati sostenuti pi\u00f9 di 7.500 bambini e bambine, ragazzi e ragazze (1033 sostegni di cui 433 gruppi) che vivono in 33 nazioni diverse dell&#8217;Asia, Africa ed America Latina, grazie alla presenza ed all&#8217;opera di 50 enti della Chiesa Cattolica (tra Istituti religiosi, Diocesi ed Associazioni diocesane) e alla generosa sollecitudine dei benefattori (\u20ac 236.681,46): 55\u00a0 comunit\u00e0 parrocchiali ed &hellip; <a href=\"https:\/\/www.diocesi.torino.it\/donazioni\/report\/\" class=\"more-link\">Continua a leggere <span class=\"screen-reader-text\"><\/span> <span class=\"meta-nav\">&raquo;<\/span><\/a><\/p>\n","protected":false},"author":16,"featured_media":0,"parent":0,"menu_order":0,"comment_status":"closed","ping_status":"closed","template":"","meta":{"ip_address":"","user_agent":"","level":"","revision":"","cookie_id":"","page_referer":"","html_form":"","_expiration-date-status":"","_expiration-date":0,"_expiration-date-type":"","_expiration-date-categories":[],"_expiration-date-options":[]},"acf":[],"_links":{"self":[{"href":"https:\/\/www.diocesi.torino.it\/donazioni\/wp-json\/wp\/v2\/pages\/982"}],"collection":[{"href":"https:\/\/www.diocesi.torino.it\/donazioni\/wp-json\/wp\/v2\/pages"}],"about":[{"href":"https:\/\/www.diocesi.torino.it\/donazioni\/wp-json\/wp\/v2\/types\/page"}],"author":[{"embeddable":true,"href":"https:\/\/www.diocesi.torino.it\/donazioni\/wp-json\/wp\/v2\/users\/16"}],"replies":[{"embeddable":true,"href":"https:\/\/www.diocesi.torino.it\/donazioni\/wp-json\/wp\/v2\/comments?post=982"}],"version-history":[{"count":21,"href":"https:\/\/www.diocesi.torino.it\/donazioni\/wp-json\/wp\/v2\/pages\/982\/revisions"}],"predecessor-version":[{"id":1013,"href":"https:\/\/www.diocesi.torino.it\/donazioni\/wp-json\/wp\/v2\/pages\/982\/revisions\/1013"}],"wp:attachment":[{"href":"https:\/\/www.diocesi.torino.it\/donazioni\/wp-json\/wp\/v2\/media?parent=982"}],"curies":[{"name":"wp","href":"https:\/\/api.w.org\/{rel}","templated":true}]}}