{"id":7566,"date":"2022-11-03T12:13:10","date_gmt":"2022-11-03T11:13:10","guid":{"rendered":"https:\/\/www.diocesi.torino.it\/famiglia\/?page_id=7566"},"modified":"2022-11-17T09:28:00","modified_gmt":"2022-11-17T08:28:00","slug":"servizio-diocesano-amoris-laetitia","status":"publish","type":"page","link":"https:\/\/www.diocesi.torino.it\/famiglia\/servizio-diocesano-amoris-laetitia\/","title":{"rendered":"SERVIZIO PASTORALE AMORIS LAETITIA"},"content":{"rendered":"<div id=\"pl-7566\"  class=\"panel-layout\" ><div id=\"pg-7566-0\"  class=\"panel-grid panel-no-style\" ><div id=\"pgc-7566-0-0\"  class=\"panel-grid-cell\" ><div id=\"panel-7566-0-0-0\" class=\"so-panel widget widget_siteorigin-panels-post-content panel-first-child\" data-index=\"0\" ><h1 class=\"entry-title\">SERVIZIO PASTORALE AMORIS LAETITIA<\/h1><\/div><div id=\"panel-7566-0-0-1\" class=\"so-panel widget widget_sow-editor panel-last-child\" data-index=\"1\" ><div\n\t\t\t\n\t\t\tclass=\"so-widget-sow-editor so-widget-sow-editor-base\"\n\t\t\t\n\t\t>\n<div class=\"siteorigin-widget-tinymce textwidget\">\n\t<p>Il <em>Servizio Pastorale Amoris Laetitia<\/em> offre diverse opportunit\u00e0 per affrontare situazioni di complessit\u00e0 familiare.<\/p>\n<p><strong>Primo colloquio<\/strong><\/p>\n<p>\u00c8 un servizio di accoglienza e primo ascolto rivolto alla persona o alla coppia che:<\/p>\n<ul>\n<li>attraversa momenti di stanchezza o difficolt\u00e0 nel rapporto e intende ravvivare e riscoprire la bellezza del proprio legame matrimoniale<\/li>\n<li>\u00e8 sfiduciata e pensa alla separazione<\/li>\n<li>si interroga sulla validit\u00e0 del proprio matrimonio sacramentale<\/li>\n<li>\u00e8 separata, divorziata e\/o in seconda unione e vuole vivere la fede all\u2019interno della comunit\u00e0 cristiana<\/li>\n<\/ul>\n<p><strong>Questo colloquio pu\u00f2 essere seguito<\/strong> dall\u2019invio alle seguenti figure:<\/p>\n<p>\u21d2 sacerdote per chi, singolo o coppia convivente o sposata civilmente, desidera partecipare in pienezza alla vita della Chiesa, anche sotto l\u2019aspetto sacramentale<\/p>\n<p>\u21d2 esperto in diritto canonico per chi intende vagliare l\u2019ipotesi della nullit\u00e0 del proprio matrimonio<\/p>\n<p>\u21d2 professionisti del <em>Punto Familia<\/em>, partner del Servizio, che operano nei seguenti settori:<\/p>\n<ul>\n<li style=\"list-style-type: none;\">\n<ul>\n<li>MEDIAZIONE FAMILIARE. Si tratta di un processo collaborativo di risoluzione del conflitto finalizzato a riorganizzare le relazioni familiari in presenza di situazioni di criticit\u00e0 o di una volont\u00e0 di separazione, in cui le coppie sono aiutate da due mediatori a comunicare per raggiungere accordi accettabili per entrambi<\/li>\n<li>CONSULENZA PSICOLOGICA. \u00c8 un servizio svolto da uno psicologo o da un consulente familiare, con l\u2019obbiettivo di accompagnare il singolo o la coppia nell\u2019elaborazione di vissuti relazionali che generano sofferenza, per trovare strumenti nuovi di lettura e trasformazione delle situazioni di disagio<\/li>\n<li>CONSULENZA LEGALE. \u00c8 un servizio svolto da un avvocato matrimonialista che offre una prima visuale sulle tematiche connesse al diritto di famiglia, in particolare separazioni, divorzi e problematiche attinenti all\u2019affidamento dei figli.<\/li>\n<\/ul>\n<\/li>\n<\/ul>\n<\/div>\n<\/div><\/div><\/div><div id=\"pgc-7566-0-1\"  class=\"panel-grid-cell\" ><div id=\"panel-7566-0-1-0\" class=\"so-panel widget widget_sow-editor panel-first-child\" data-index=\"2\" ><div class=\"panel-widget-style panel-widget-style-for-7566-0-1-0\" ><div\n\t\t\t\n\t\t\tclass=\"so-widget-sow-editor so-widget-sow-editor-base\"\n\t\t\t\n\t\t><h3 class=\"widget-title\">RECAPITI E ORARI<\/h3>\n<div class=\"siteorigin-widget-tinymce textwidget\">\n\t<p>Per informazioni ed appuntamenti chiamare il tel.<strong>\u00a0391 7978165<\/strong>\u00a0nei seguenti orari:<\/p>\n<ul>\n<li><strong>LUNEDI\u2019: 10-12 \/14-17<\/strong><\/li>\n<li><strong>MERCOLEDI\u2019: 17-19<\/strong><\/li>\n<li><strong>VENERDI\u2019: 10-12 \/ 14-17<\/strong><\/li>\n<\/ul>\n<\/div>\n<\/div><\/div><\/div><div id=\"panel-7566-0-1-1\" class=\"so-panel widget widget_sow-editor\" data-index=\"3\" ><div class=\"panel-widget-style panel-widget-style-for-7566-0-1-1\" ><div\n\t\t\t\n\t\t\tclass=\"so-widget-sow-editor so-widget-sow-editor-base\"\n\t\t\t\n\t\t><h3 class=\"widget-title\">VUOI APPROFONDIRE?<\/h3>\n<div class=\"siteorigin-widget-tinymce textwidget\">\n\t<ul>\n<li>\n<h6><strong><span style=\"color: #000000;\"><a style=\"color: #000000;\" href=\"https:\/\/www.diocesi.torino.it\/famiglia\/betel-4\/\">IL TUO MATRIMONIO E' FINITO E VUOI CONFRONTARTI CON LA PAROLA DI DIO? <\/a><\/span><\/strong><\/h6>\n<\/li>\n<li>\n<h6><strong><span style=\"color: #000000;\"><a style=\"color: #000000;\" href=\"https:\/\/www.diocesi.torino.it\/famiglia\/sei-separato-o-divorziato-e-vuoi-sapere-se-il-tuo-matrimonio-in-chiesa-si-puo-annullare\/\">SEI SEPARATO O DIVORZIATO E VUOI SAPERE SE IL TUO MATRIMONIO IN CHIESA SI PUO' \"ANNULLARE\"?<\/a><\/span><\/strong><\/h6>\n<\/li>\n<li>\n<h6><strong><span style=\"color: #000000;\"><a style=\"color: #000000;\" href=\"https:\/\/www.diocesi.torino.it\/famiglia\/vivi-un-nuovo-legame-dopo-la-separazione-o-il-divorzio\/\">VIVI UN NUOVO LEGAME DOPO LA SEPARAZIONE O IL DIVORZIO? CERCHI QUALCUNO CHE TI ACCOMPAGNI NEL TUO CAMMINO DI FEDE?<\/a><\/span><\/strong><\/h6>\n<\/li>\n<li>\n<h6><strong><span style=\"color: #000000;\"><a style=\"color: #000000;\" href=\"https:\/\/www.diocesi.torino.it\/famiglia\/affrontare-situazioni-di-crisi-familiari\/\">SIETE UNA COPPIA IN CRISI? AVETE BISOGNO DI AIUTO?<\/a><\/span><\/strong><\/h6>\n<\/li>\n<li>\n<h6><strong><span style=\"color: #000000;\"><a style=\"color: #000000;\" href=\"https:\/\/www.diocesi.torino.it\/famiglia\/wp-content\/uploads\/sites\/11\/2021\/09\/manifesto-Amori-Laetitia-Diocesano.pdf\">INFORMAZIONI PER I PARROCI E GLI OPERATORI PASTORALI<\/a><\/span><\/strong><\/h6>\n<\/li>\n<\/ul>\n<\/div>\n<\/div><\/div><\/div><div id=\"panel-7566-0-1-2\" class=\"so-panel widget widget_sow-editor panel-last-child\" data-index=\"4\" ><div class=\"panel-widget-style panel-widget-style-for-7566-0-1-2\" ><div\n\t\t\t\n\t\t\tclass=\"so-widget-sow-editor so-widget-sow-editor-base\"\n\t\t\t\n\t\t><h3 class=\"widget-title\">CONVEGNO<\/h3>\n<div class=\"siteorigin-widget-tinymce textwidget\">\n\t<p><a href=\"https:\/\/www.diocesi.torino.it\/site\/abitare-la-misericordia-nelle-situazioni-imperfette-convegno-a-cura-del-servizio-pastorale-amoris-laetitia\/\" target=\"_blank\" rel=\"noopener\"><strong>\u00abAbitare la misericordia\u00bb nelle situazioni imperfette, AUDIO del convegno<\/strong>\u00a0 - Torino 12 novembre 2022<\/a><\/p>\n<\/div>\n<\/div><\/div><\/div><\/div><\/div><\/div>","protected":false},"excerpt":{"rendered":"<p>Il Servizio Pastorale Amoris Laetitia offre diverse opportunit\u00e0 per affrontare situazioni di complessit\u00e0 familiare. Primo colloquio \u00c8 un servizio di accoglienza e primo ascolto rivolto alla persona o alla coppia che: attraversa momenti di stanchezza o difficolt\u00e0 nel rapporto e intende ravvivare e riscoprire la bellezza del proprio legame matrimoniale \u00e8 sfiduciata e pensa alla separazione si interroga sulla validit\u00e0 del proprio matrimonio sacramentale \u00e8 &hellip; <a href=\"https:\/\/www.diocesi.torino.it\/famiglia\/servizio-diocesano-amoris-laetitia\/\" class=\"more-link\">Continua a leggere <span class=\"screen-reader-text\"><\/span> <span class=\"meta-nav\">&raquo;<\/span><\/a><\/p>\n","protected":false},"author":2,"featured_media":0,"parent":0,"menu_order":0,"comment_status":"closed","ping_status":"closed","template":"","meta":{"ip_address":"","user_agent":"","level":"","revision":"","cookie_id":"","page_referer":"","html_form":"","_expiration-date-status":"","_expiration-date":0,"_expiration-date-type":"","_expiration-date-categories":[],"_expiration-date-options":[]},"acf":[],"yoast_head":"<!-- This site is optimized with the Yoast SEO plugin v20.8 - https:\/\/yoast.com\/wordpress\/plugins\/seo\/ -->\n<title>SERVIZIO PASTORALE AMORIS LAETITIA - Pastorale della FAMIGLIA<\/title>\n<meta name=\"robots\" content=\"index, follow, max-snippet:-1, max-image-preview:large, max-video-preview:-1\" \/>\n<link rel=\"canonical\" href=\"https:\/\/www.diocesi.torino.it\/famiglia\/servizio-diocesano-amoris-laetitia\/\" \/>\n<meta property=\"og:locale\" content=\"it_IT\" \/>\n<meta property=\"og:type\" content=\"article\" \/>\n<meta property=\"og:title\" content=\"SERVIZIO PASTORALE AMORIS LAETITIA - Pastorale della FAMIGLIA\" \/>\n<meta property=\"og:description\" content=\"Il Servizio Pastorale Amoris Laetitia offre diverse opportunit\u00e0 per affrontare situazioni di complessit\u00e0 familiare. Primo colloquio \u00c8 un servizio di accoglienza e primo ascolto rivolto alla persona o alla coppia che: attraversa momenti di stanchezza o difficolt\u00e0 nel rapporto e intende ravvivare e riscoprire la bellezza del proprio legame matrimoniale \u00e8 sfiduciata e pensa alla separazione si interroga sulla validit\u00e0 del proprio matrimonio sacramentale \u00e8 &hellip; Continua a leggere &raquo;\" \/>\n<meta property=\"og:url\" content=\"https:\/\/www.diocesi.torino.it\/famiglia\/servizio-diocesano-amoris-laetitia\/\" \/>\n<meta property=\"og:site_name\" content=\"Pastorale della FAMIGLIA\" \/>\n<meta property=\"article:modified_time\" content=\"2022-11-17T08:28:00+00:00\" \/>\n<meta name=\"twitter:card\" content=\"summary_large_image\" \/>\n<meta name=\"twitter:label1\" content=\"Tempo di lettura stimato\" \/>\n\t<meta name=\"twitter:data1\" content=\"2 minuti\" \/>\n<script type=\"application\/ld+json\" class=\"yoast-schema-graph\">{\"@context\":\"https:\/\/schema.org\",\"@graph\":[{\"@type\":\"WebPage\",\"@id\":\"https:\/\/www.diocesi.torino.it\/famiglia\/servizio-diocesano-amoris-laetitia\/\",\"url\":\"https:\/\/www.diocesi.torino.it\/famiglia\/servizio-diocesano-amoris-laetitia\/\",\"name\":\"SERVIZIO PASTORALE AMORIS LAETITIA - Pastorale della FAMIGLIA\",\"isPartOf\":{\"@id\":\"https:\/\/www.diocesi.torino.it\/famiglia\/#website\"},\"datePublished\":\"2022-11-03T11:13:10+00:00\",\"dateModified\":\"2022-11-17T08:28:00+00:00\",\"breadcrumb\":{\"@id\":\"https:\/\/www.diocesi.torino.it\/famiglia\/servizio-diocesano-amoris-laetitia\/#breadcrumb\"},\"inLanguage\":\"it-IT\",\"potentialAction\":[{\"@type\":\"ReadAction\",\"target\":[\"https:\/\/www.diocesi.torino.it\/famiglia\/servizio-diocesano-amoris-laetitia\/\"]}]},{\"@type\":\"BreadcrumbList\",\"@id\":\"https:\/\/www.diocesi.torino.it\/famiglia\/servizio-diocesano-amoris-laetitia\/#breadcrumb\",\"itemListElement\":[{\"@type\":\"ListItem\",\"position\":1,\"name\":\"Home\",\"item\":\"https:\/\/www.diocesi.torino.it\/famiglia\/\"},{\"@type\":\"ListItem\",\"position\":2,\"name\":\"SERVIZIO PASTORALE AMORIS LAETITIA\"}]},{\"@type\":\"WebSite\",\"@id\":\"https:\/\/www.diocesi.torino.it\/famiglia\/#website\",\"url\":\"https:\/\/www.diocesi.torino.it\/famiglia\/\",\"name\":\"Pastorale della FAMIGLIA\",\"description\":\"\",\"publisher\":{\"@id\":\"https:\/\/www.diocesi.torino.it\/famiglia\/#organization\"},\"potentialAction\":[{\"@type\":\"SearchAction\",\"target\":{\"@type\":\"EntryPoint\",\"urlTemplate\":\"https:\/\/www.diocesi.torino.it\/famiglia\/?s={search_term_string}\"},\"query-input\":\"required name=search_term_string\"}],\"inLanguage\":\"it-IT\"},{\"@type\":\"Organization\",\"@id\":\"https:\/\/www.diocesi.torino.it\/famiglia\/#organization\",\"name\":\"Pastorale della FAMIGLIA\",\"url\":\"https:\/\/www.diocesi.torino.it\/famiglia\/\",\"logo\":{\"@type\":\"ImageObject\",\"inLanguage\":\"it-IT\",\"@id\":\"https:\/\/www.diocesi.torino.it\/famiglia\/#\/schema\/logo\/image\/\",\"url\":\"https:\/\/www.diocesi.torino.it\/famiglia\/wp-content\/uploads\/sites\/11\/2017\/11\/logoufffamiglia.png\",\"contentUrl\":\"https:\/\/www.diocesi.torino.it\/famiglia\/wp-content\/uploads\/sites\/11\/2017\/11\/logoufffamiglia.png\",\"width\":217,\"height\":168,\"caption\":\"Pastorale della FAMIGLIA\"},\"image\":{\"@id\":\"https:\/\/www.diocesi.torino.it\/famiglia\/#\/schema\/logo\/image\/\"}}]}<\/script>\n<!-- \/ Yoast SEO plugin. -->","yoast_head_json":{"title":"SERVIZIO PASTORALE AMORIS LAETITIA - Pastorale della FAMIGLIA","robots":{"index":"index","follow":"follow","max-snippet":"max-snippet:-1","max-image-preview":"max-image-preview:large","max-video-preview":"max-video-preview:-1"},"canonical":"https:\/\/www.diocesi.torino.it\/famiglia\/servizio-diocesano-amoris-laetitia\/","og_locale":"it_IT","og_type":"article","og_title":"SERVIZIO PASTORALE AMORIS LAETITIA - Pastorale della FAMIGLIA","og_description":"Il Servizio Pastorale Amoris Laetitia offre diverse opportunit\u00e0 per affrontare situazioni di complessit\u00e0 familiare. Primo colloquio \u00c8 un servizio di accoglienza e primo ascolto rivolto alla persona o alla coppia che: attraversa momenti di stanchezza o difficolt\u00e0 nel rapporto e intende ravvivare e riscoprire la bellezza del proprio legame matrimoniale \u00e8 sfiduciata e pensa alla separazione si interroga sulla validit\u00e0 del proprio matrimonio sacramentale \u00e8 &hellip; Continua a leggere &raquo;","og_url":"https:\/\/www.diocesi.torino.it\/famiglia\/servizio-diocesano-amoris-laetitia\/","og_site_name":"Pastorale della FAMIGLIA","article_modified_time":"2022-11-17T08:28:00+00:00","twitter_card":"summary_large_image","twitter_misc":{"Tempo di lettura stimato":"2 minuti"},"schema":{"@context":"https:\/\/schema.org","@graph":[{"@type":"WebPage","@id":"https:\/\/www.diocesi.torino.it\/famiglia\/servizio-diocesano-amoris-laetitia\/","url":"https:\/\/www.diocesi.torino.it\/famiglia\/servizio-diocesano-amoris-laetitia\/","name":"SERVIZIO PASTORALE AMORIS LAETITIA - Pastorale della FAMIGLIA","isPartOf":{"@id":"https:\/\/www.diocesi.torino.it\/famiglia\/#website"},"datePublished":"2022-11-03T11:13:10+00:00","dateModified":"2022-11-17T08:28:00+00:00","breadcrumb":{"@id":"https:\/\/www.diocesi.torino.it\/famiglia\/servizio-diocesano-amoris-laetitia\/#breadcrumb"},"inLanguage":"it-IT","potentialAction":[{"@type":"ReadAction","target":["https:\/\/www.diocesi.torino.it\/famiglia\/servizio-diocesano-amoris-laetitia\/"]}]},{"@type":"BreadcrumbList","@id":"https:\/\/www.diocesi.torino.it\/famiglia\/servizio-diocesano-amoris-laetitia\/#breadcrumb","itemListElement":[{"@type":"ListItem","position":1,"name":"Home","item":"https:\/\/www.diocesi.torino.it\/famiglia\/"},{"@type":"ListItem","position":2,"name":"SERVIZIO PASTORALE AMORIS LAETITIA"}]},{"@type":"WebSite","@id":"https:\/\/www.diocesi.torino.it\/famiglia\/#website","url":"https:\/\/www.diocesi.torino.it\/famiglia\/","name":"Pastorale della FAMIGLIA","description":"","publisher":{"@id":"https:\/\/www.diocesi.torino.it\/famiglia\/#organization"},"potentialAction":[{"@type":"SearchAction","target":{"@type":"EntryPoint","urlTemplate":"https:\/\/www.diocesi.torino.it\/famiglia\/?s={search_term_string}"},"query-input":"required name=search_term_string"}],"inLanguage":"it-IT"},{"@type":"Organization","@id":"https:\/\/www.diocesi.torino.it\/famiglia\/#organization","name":"Pastorale della FAMIGLIA","url":"https:\/\/www.diocesi.torino.it\/famiglia\/","logo":{"@type":"ImageObject","inLanguage":"it-IT","@id":"https:\/\/www.diocesi.torino.it\/famiglia\/#\/schema\/logo\/image\/","url":"https:\/\/www.diocesi.torino.it\/famiglia\/wp-content\/uploads\/sites\/11\/2017\/11\/logoufffamiglia.png","contentUrl":"https:\/\/www.diocesi.torino.it\/famiglia\/wp-content\/uploads\/sites\/11\/2017\/11\/logoufffamiglia.png","width":217,"height":168,"caption":"Pastorale della FAMIGLIA"},"image":{"@id":"https:\/\/www.diocesi.torino.it\/famiglia\/#\/schema\/logo\/image\/"}}]}},"_links":{"self":[{"href":"https:\/\/www.diocesi.torino.it\/famiglia\/wp-json\/wp\/v2\/pages\/7566"}],"collection":[{"href":"https:\/\/www.diocesi.torino.it\/famiglia\/wp-json\/wp\/v2\/pages"}],"about":[{"href":"https:\/\/www.diocesi.torino.it\/famiglia\/wp-json\/wp\/v2\/types\/page"}],"author":[{"embeddable":true,"href":"https:\/\/www.diocesi.torino.it\/famiglia\/wp-json\/wp\/v2\/users\/2"}],"replies":[{"embeddable":true,"href":"https:\/\/www.diocesi.torino.it\/famiglia\/wp-json\/wp\/v2\/comments?post=7566"}],"version-history":[{"count":50,"href":"https:\/\/www.diocesi.torino.it\/famiglia\/wp-json\/wp\/v2\/pages\/7566\/revisions"}],"predecessor-version":[{"id":7713,"href":"https:\/\/www.diocesi.torino.it\/famiglia\/wp-json\/wp\/v2\/pages\/7566\/revisions\/7713"}],"wp:attachment":[{"href":"https:\/\/www.diocesi.torino.it\/famiglia\/wp-json\/wp\/v2\/media?parent=7566"}],"curies":[{"name":"wp","href":"https:\/\/api.w.org\/{rel}","templated":true}]}}