{"id":483,"date":"2010-03-11T15:09:00","date_gmt":"2010-03-11T14:09:00","guid":{"rendered":"http:\/\/www.diocesi.torino.it\/giovani\/chi-siamo\/"},"modified":"2024-05-20T08:36:01","modified_gmt":"2024-05-20T06:36:01","slug":"chi-siamo","status":"publish","type":"page","link":"https:\/\/www.diocesi.torino.it\/giovani\/chi-siamo\/","title":{"rendered":"Chi siamo"},"content":{"rendered":"<div id=\"pl-483\"  class=\"panel-layout\" ><div id=\"pg-483-0\"  class=\"panel-grid panel-no-style\" ><div id=\"pgc-483-0-0\"  class=\"panel-grid-cell\" ><div id=\"panel-483-0-0-0\" class=\"so-panel widget widget_sow-editor panel-first-child panel-last-child\" data-index=\"0\" ><div\n\t\t\t\n\t\t\tclass=\"so-widget-sow-editor so-widget-sow-editor-base\"\n\t\t\t\n\t\t>\n<div class=\"siteorigin-widget-tinymce textwidget\">\n\t<div>\n<div style=\"text-align: justify;\"><em><span style=\"font-size: inherit;\">\u00a0<\/span><\/em><\/div>\n<div style=\"text-align: justify;\">\n<p style=\"text-align: start;\"><em><b>Pagina in fase di aggiornamento.<\/b><\/em><\/p>\n<div style=\"text-align: start;\"><strong>Orari: <\/strong>da Luned\u00ec a Venerd\u00ec;<span style=\"font-size: smaller;\"> 9.00-13.00 e 14.00-16.00<\/span><\/div>\n<div style=\"text-align: start;\"><strong>Tel.:\u00a0<\/strong>011\/51.56.342<\/div>\n<div style=\"text-align: start;\"><strong>Fax:\u00a0<\/strong>011\/51.56.339<\/div>\n<div style=\"text-align: start;\"><strong>E-mail<\/strong>: giovani@diocesi.to.it<\/div>\n<div style=\"text-align: start;\"><\/div>\n<\/div>\n<div><\/div>\n<\/div>\n<\/div>\n<\/div><\/div><\/div><div id=\"pgc-483-0-1\"  class=\"panel-grid-cell\" ><div id=\"panel-483-0-1-0\" class=\"so-panel widget widget_sow-editor panel-first-child panel-last-child\" data-index=\"1\" ><div\n\t\t\t\n\t\t\tclass=\"so-widget-sow-editor so-widget-sow-editor-base\"\n\t\t\t\n\t\t>\n<div class=\"siteorigin-widget-tinymce textwidget\">\n\t<p><strong>Contatti\u00a0<\/strong><br \/>\nVia Val della Torre, 3 - 10149 Torino<br \/>\ntel. 011\/51 56 342 - Fax 011\/51 56 339<br \/>\ne-mail: giovani@diocesi.to.it<\/p>\n<p>Orario: dal luned\u00ec al venerd\u00ec dalle 9:00 alle 13:00 e dalle 14.00 alle 16.00<\/p>\n<p><em>Segreteria:<\/em> Cristina Franz\u00e8<\/p>\n<\/div>\n<\/div><\/div><\/div><\/div><\/div>","protected":false},"excerpt":{"rendered":"<p>\u00a0 Pagina in fase di aggiornamento. Orari: da Luned\u00ec a Venerd\u00ec; 9.00-13.00 e 14.00-16.00 Tel.:\u00a0011\/51.56.342 Fax:\u00a0011\/51.56.339 E-mail: giovani@diocesi.to.it Contatti\u00a0 Via Val della Torre, 3 &#8211; 10149 Torino tel. 011\/51 56 342 &#8211; Fax 011\/51 56 339 e-mail: giovani@diocesi.to.it Orario: dal luned\u00ec al venerd\u00ec dalle 9:00 alle 13:00 e dalle 14.00 alle 16.00 Segreteria: Cristina Franz\u00e8<\/p>\n","protected":false},"author":1,"featured_media":0,"parent":0,"menu_order":0,"comment_status":"closed","ping_status":"closed","template":"","meta":{"ip_address":"","user_agent":"","level":"","revision":"","cookie_id":"","page_referer":"","html_form":"","_expiration-date-status":"","_expiration-date":0,"_expiration-date-type":"","_expiration-date-categories":[],"_expiration-date-options":[]},"acf":[],"yoast_head":"<!-- This site is optimized with the Yoast SEO plugin v20.8 - https:\/\/yoast.com\/wordpress\/plugins\/seo\/ -->\n<title>Chi siamo - Pastorale dei GIOVANI e dei RAGAZZI<\/title>\n<meta name=\"robots\" content=\"index, follow, max-snippet:-1, max-image-preview:large, max-video-preview:-1\" \/>\n<link rel=\"canonical\" href=\"https:\/\/www.diocesi.torino.it\/giovani\/chi-siamo\/\" \/>\n<meta property=\"og:locale\" content=\"it_IT\" \/>\n<meta property=\"og:type\" content=\"article\" \/>\n<meta property=\"og:title\" content=\"Chi siamo - Pastorale dei GIOVANI e dei RAGAZZI\" \/>\n<meta property=\"og:description\" content=\"\u00a0 Pagina in fase di aggiornamento. Orari: da Luned\u00ec a Venerd\u00ec; 9.00-13.00 e 14.00-16.00 Tel.:\u00a0011\/51.56.342 Fax:\u00a0011\/51.56.339 E-mail: giovani@diocesi.to.it Contatti\u00a0 Via Val della Torre, 3 - 10149 Torino tel. 011\/51 56 342 - Fax 011\/51 56 339 e-mail: giovani@diocesi.to.it Orario: dal luned\u00ec al venerd\u00ec dalle 9:00 alle 13:00 e dalle 14.00 alle 16.00 Segreteria: Cristina Franz\u00e8\" \/>\n<meta property=\"og:url\" content=\"https:\/\/www.diocesi.torino.it\/giovani\/chi-siamo\/\" \/>\n<meta property=\"og:site_name\" content=\"Pastorale dei GIOVANI e dei RAGAZZI\" \/>\n<meta property=\"article:modified_time\" content=\"2024-05-20T06:36:01+00:00\" \/>\n<meta name=\"twitter:card\" content=\"summary_large_image\" \/>\n<meta name=\"twitter:label1\" content=\"Tempo di lettura stimato\" \/>\n\t<meta name=\"twitter:data1\" content=\"1 minuto\" \/>\n<script type=\"application\/ld+json\" class=\"yoast-schema-graph\">{\"@context\":\"https:\/\/schema.org\",\"@graph\":[{\"@type\":\"WebPage\",\"@id\":\"https:\/\/www.diocesi.torino.it\/giovani\/chi-siamo\/\",\"url\":\"https:\/\/www.diocesi.torino.it\/giovani\/chi-siamo\/\",\"name\":\"Chi siamo - Pastorale dei GIOVANI e dei RAGAZZI\",\"isPartOf\":{\"@id\":\"https:\/\/www.diocesi.torino.it\/giovani\/#website\"},\"datePublished\":\"2010-03-11T14:09:00+00:00\",\"dateModified\":\"2024-05-20T06:36:01+00:00\",\"breadcrumb\":{\"@id\":\"https:\/\/www.diocesi.torino.it\/giovani\/chi-siamo\/#breadcrumb\"},\"inLanguage\":\"it-IT\",\"potentialAction\":[{\"@type\":\"ReadAction\",\"target\":[\"https:\/\/www.diocesi.torino.it\/giovani\/chi-siamo\/\"]}]},{\"@type\":\"BreadcrumbList\",\"@id\":\"https:\/\/www.diocesi.torino.it\/giovani\/chi-siamo\/#breadcrumb\",\"itemListElement\":[{\"@type\":\"ListItem\",\"position\":1,\"name\":\"Home\",\"item\":\"https:\/\/www.diocesi.torino.it\/giovani\/\"},{\"@type\":\"ListItem\",\"position\":2,\"name\":\"Chi siamo\"}]},{\"@type\":\"WebSite\",\"@id\":\"https:\/\/www.diocesi.torino.it\/giovani\/#website\",\"url\":\"https:\/\/www.diocesi.torino.it\/giovani\/\",\"name\":\"Pastorale dei GIOVANI e dei RAGAZZI\",\"description\":\"\",\"potentialAction\":[{\"@type\":\"SearchAction\",\"target\":{\"@type\":\"EntryPoint\",\"urlTemplate\":\"https:\/\/www.diocesi.torino.it\/giovani\/?s={search_term_string}\"},\"query-input\":\"required name=search_term_string\"}],\"inLanguage\":\"it-IT\"}]}<\/script>\n<!-- \/ Yoast SEO plugin. -->","yoast_head_json":{"title":"Chi siamo - Pastorale dei GIOVANI e dei RAGAZZI","robots":{"index":"index","follow":"follow","max-snippet":"max-snippet:-1","max-image-preview":"max-image-preview:large","max-video-preview":"max-video-preview:-1"},"canonical":"https:\/\/www.diocesi.torino.it\/giovani\/chi-siamo\/","og_locale":"it_IT","og_type":"article","og_title":"Chi siamo - Pastorale dei GIOVANI e dei RAGAZZI","og_description":"\u00a0 Pagina in fase di aggiornamento. Orari: da Luned\u00ec a Venerd\u00ec; 9.00-13.00 e 14.00-16.00 Tel.:\u00a0011\/51.56.342 Fax:\u00a0011\/51.56.339 E-mail: giovani@diocesi.to.it Contatti\u00a0 Via Val della Torre, 3 - 10149 Torino tel. 011\/51 56 342 - Fax 011\/51 56 339 e-mail: giovani@diocesi.to.it Orario: dal luned\u00ec al venerd\u00ec dalle 9:00 alle 13:00 e dalle 14.00 alle 16.00 Segreteria: Cristina Franz\u00e8","og_url":"https:\/\/www.diocesi.torino.it\/giovani\/chi-siamo\/","og_site_name":"Pastorale dei GIOVANI e dei RAGAZZI","article_modified_time":"2024-05-20T06:36:01+00:00","twitter_card":"summary_large_image","twitter_misc":{"Tempo di lettura stimato":"1 minuto"},"schema":{"@context":"https:\/\/schema.org","@graph":[{"@type":"WebPage","@id":"https:\/\/www.diocesi.torino.it\/giovani\/chi-siamo\/","url":"https:\/\/www.diocesi.torino.it\/giovani\/chi-siamo\/","name":"Chi siamo - Pastorale dei GIOVANI e dei RAGAZZI","isPartOf":{"@id":"https:\/\/www.diocesi.torino.it\/giovani\/#website"},"datePublished":"2010-03-11T14:09:00+00:00","dateModified":"2024-05-20T06:36:01+00:00","breadcrumb":{"@id":"https:\/\/www.diocesi.torino.it\/giovani\/chi-siamo\/#breadcrumb"},"inLanguage":"it-IT","potentialAction":[{"@type":"ReadAction","target":["https:\/\/www.diocesi.torino.it\/giovani\/chi-siamo\/"]}]},{"@type":"BreadcrumbList","@id":"https:\/\/www.diocesi.torino.it\/giovani\/chi-siamo\/#breadcrumb","itemListElement":[{"@type":"ListItem","position":1,"name":"Home","item":"https:\/\/www.diocesi.torino.it\/giovani\/"},{"@type":"ListItem","position":2,"name":"Chi siamo"}]},{"@type":"WebSite","@id":"https:\/\/www.diocesi.torino.it\/giovani\/#website","url":"https:\/\/www.diocesi.torino.it\/giovani\/","name":"Pastorale dei GIOVANI e dei RAGAZZI","description":"","potentialAction":[{"@type":"SearchAction","target":{"@type":"EntryPoint","urlTemplate":"https:\/\/www.diocesi.torino.it\/giovani\/?s={search_term_string}"},"query-input":"required name=search_term_string"}],"inLanguage":"it-IT"}]}},"_links":{"self":[{"href":"https:\/\/www.diocesi.torino.it\/giovani\/wp-json\/wp\/v2\/pages\/483"}],"collection":[{"href":"https:\/\/www.diocesi.torino.it\/giovani\/wp-json\/wp\/v2\/pages"}],"about":[{"href":"https:\/\/www.diocesi.torino.it\/giovani\/wp-json\/wp\/v2\/types\/page"}],"author":[{"embeddable":true,"href":"https:\/\/www.diocesi.torino.it\/giovani\/wp-json\/wp\/v2\/users\/1"}],"replies":[{"embeddable":true,"href":"https:\/\/www.diocesi.torino.it\/giovani\/wp-json\/wp\/v2\/comments?post=483"}],"version-history":[{"count":5,"href":"https:\/\/www.diocesi.torino.it\/giovani\/wp-json\/wp\/v2\/pages\/483\/revisions"}],"predecessor-version":[{"id":3647,"href":"https:\/\/www.diocesi.torino.it\/giovani\/wp-json\/wp\/v2\/pages\/483\/revisions\/3647"}],"wp:attachment":[{"href":"https:\/\/www.diocesi.torino.it\/giovani\/wp-json\/wp\/v2\/media?parent=483"}],"curies":[{"name":"wp","href":"https:\/\/api.w.org\/{rel}","templated":true}]}}