{"id":1051,"date":"2011-01-10T13:44:00","date_gmt":"2011-01-10T12:44:00","guid":{"rendered":"http:\/\/www.diocesi.torino.it\/missionario\/formazione-missionaria\/giovani\/cammino-di-preparazione-esperienze-missionarie-estive\/corso-esperienze-missionarie-2011\/"},"modified":"2017-06-23T12:17:55","modified_gmt":"2017-06-23T10:17:55","slug":"corso-esperienze-missionarie-2011","status":"publish","type":"page","link":"https:\/\/www.diocesi.torino.it\/missionario\/formazione-missionaria\/cammino-di-preparazione-esperienze-missionarie-estive\/corso-esperienze-missionarie-2011\/","title":{"rendered":"Corso Esperienze Missionarie 2011"},"content":{"rendered":"<div id=\"pl-1051\"  class=\"panel-layout\" ><div id=\"pg-1051-0\"  class=\"panel-grid panel-no-style\" ><div id=\"pgc-1051-0-0\"  class=\"panel-grid-cell\" ><div id=\"panel-1051-0-0-0\" class=\"so-panel widget widget_sow-editor panel-first-child panel-last-child\" data-index=\"0\" ><div\n\t\t\t\n\t\t\tclass=\"so-widget-sow-editor so-widget-sow-editor-base\"\n\t\t\t\n\t\t>\n<div class=\"siteorigin-widget-tinymce textwidget\">\n\t<div>\n<div>\n<h4 style=\"text-align: center\"><span style=\"font-size: x-small\">Il <strong>Centro Missionario Diocesano<\/strong><\/span> <span style=\"font-size: x-small\">propone <\/span><\/h4>\n<div><span style=\"font-size: x-small\">Un ciclo di incontri di preparazione attraverso i quali si offrono chiavi di lettura della realt\u00e0 dei paesi che si andranno a visitare e si stimolano i partecipanti a riflettere sulle motivazioni del loro viaggio e ad acquisire sempre maggiore consapevolezza dell'esperienza che vivranno.<\/span><\/div>\n<h5>Equipe<\/h5>\n<div>don Bartolo Perlo (direttore CMD); Suor Rosa e Suor Stefania (Comunit\u00e0 Suore Domenicane di S.Caterina da Siena): Claudia Favaro (CMD);\u00a0 Laura Barbierato e Fabrizio Uccellatori (coppia di Missionari Laici rientrati ) e alcuni dei\u00a0partecipanti alle Esperienze Missionarie precedenti.<\/div>\n<h5>Destinatari<\/h5>\n<\/div>\n<div>Giovani e gruppi che desiderano accostarsi ad un\u0092esperienza missionaria di conoscenza e servizio.<\/div>\n<h5>Finalit\u00e0<\/h5>\n<div>\u0095 formare i corsisti al tema della missionariet\u00e0<\/div>\n<div>\u0095 accompagnarli in un cammino di discernimento che li interrogher\u00e0 a livello di aspettative, motivazioni, storia personale, maturit\u00e0 umana e di maturit\u00e0 cristiana<\/div>\n<div>\u0095 accompagnarli all'assunzione di responsabilit\u00e0 operative nei diversi possibili ambiti sociali come segno di testimonianza cristiana e di impegno civile<\/div>\n<div>\u0095 proporre un'esperienza missionaria nello spirito della condivisione e della gratuit\u00e0<\/div>\n<h5>Calendario Incontri<\/h5>\n<div>data\u00a0\u00a0\u00a0\u00a0\u00a0\u00a0\u00a0\u00a0\u00a0 \u00a0luogo\u00a0\u00a0\u00a0\u00a0\u00a0\u00a0\u00a0\u00a0\u00a0 orario\u00a0\u00a0\u00a0\u00a0\u00a0\u00a0\u00a0\u00a0\u00a0\u00a0\u00a0\u00a0\u00a0\u00a0\u00a0 \u00a0tema<\/p>\n<div>\u00a0<\/div>\n<div>19\/01\/11 Seminario 20:45 \u0096 22:45 Incontro di conoscenza<\/div>\n<div>02\/02\/11 Seminario 20:45 \u0096 22:45 Motivazioni \u0096 Aspettative -Obiettivi - I parte<\/div>\n<div>16\/02\/11 Seminario 20:45 \u0096 22:45 Motivazioni \u0096 Aspettative -Obiettivi - II parte<\/div>\n<div>02\/03\/11 Seminario 20:45 \u0096 22:45 Fondamenti della Missione<\/div>\n<div>16\/03\/11 Seminario 20:45 \u0096 22:45 Testimonianze Missionarie: Missionari qui \u0096 Missionari l\u00e0<\/p>\n<div>\u00a0<\/div>\n<div>\u00a0<\/div>\n<p>30\/03\/11 Seminario 20:45 \u0096 22:45 Stile del Missionario: quale atteggiamento?<\/p><\/div>\n<div>13\/04\/11 Seminario 20:45 \u0096 22:45 Nuovi Stili di Vita<\/div>\n<div>27\/04\/11 Seminario 20:45 \u0096 22:45 Presentazione realt\u00e0 Esperienze Missionarie<\/div>\n<div>11\/05\/11 Seminario 20:45 \u0096 22:45 Incontro sul gruppo<\/div>\n<div>21-22\/05\/11\u00a0Torino\u00a0\u00a016:00\u00a0-\u00a0 16:00 Weekend Full-Immersion sulla Missione<\/div>\n<div>Giugno\u00a0\u00a0\u00a0\u00a0\u00a0\u00a0\u00a0\u00a0\u00a0Incontri tecnici pre-partenza<\/div>\n<div>Luglio\u00a0\u00a0\u00a0\u00a0\u00a0\u00a0\u00a0\u00a0\u00a0\u00a0Cena condivisione con amici e genitori<\/div>\n<div>Settembre\u00a0\u00a0 \u00a0Il ritorno<\/div>\n<h5>Approfondimenti<\/h5>\n<\/div>\n<div><a href=\"\/pls\/diocesitorino\/V3_S2EW_CONSULTAZIONE.mostra_pagina?id_pagina=25090\">Esperienza Missionaria 2010<\/a><\/div>\n<h5><a href=\"mailto:animiss@diocesi.torino.it?subject=Esperienze%20Missionarie%20&body=Desidero%20ricevere%20ulteriori%20informazioni\">Contattaci<\/a>:<\/h5>\n<div>CLAUDIA FAVARO - UFFICIO MISSIONARIO DIOCESANO \u0096 Via Val della Torre, 3 10149 Torino<\/div>\n<div>Tel. 011.51.56.372 Fax 011.51.56.376 E-mail: animiss@diocesi.torino.it<\/div>\n<div>\u00a0<\/div>\n<\/div>\n<\/div>\n<\/div><\/div><\/div><\/div><\/div><hr class=\"wpba_attachment_hr\"><div id='wpba_attachment_list' class='wpba wpba-wrap'>\n<ul class='wpba-attachment-list unstyled'><li id='wpba_attachment_list_3227' class='wpba-list-item pull-left'><img src='https:\/\/www.diocesi.torino.it\/missionario\/wp-content\/themes\/wp-starter-so\/icons\/document.png' width='16' height='20' class='wpba-icon pull-left'><a href='https:\/\/www.diocesi.torino.it\/missionario\/wp-content\/uploads\/sites\/17\/2017\/06\/CALENDARIO-ESPERIENZE-MISSIONARIE-2011.doc' title='CALENDARIO-ESPERIENZE-MISSIONARIE-2011' class='wpba-link pull-left' target=\"_blank\">CALENDARIO-ESPERIENZE-MISSIONARIE-2011<\/a><\/li>\n<\/ul><\/div>\n","protected":false},"excerpt":{"rendered":"<p>Il Centro Missionario Diocesano propone Un ciclo di incontri di preparazione attraverso i quali si offrono chiavi di lettura della realt\u00e0 dei paesi che si andranno a visitare e si stimolano i partecipanti a riflettere sulle motivazioni del loro viaggio e ad acquisire sempre maggiore consapevolezza dell&#8217;esperienza che vivranno.Equipedon Bartolo Perlo (direttore CMD); Suor Rosa e Suor Stefania (Comunit\u00e0 Suore Domenicane di S.Caterina da Siena): &hellip; <a href=\"https:\/\/www.diocesi.torino.it\/missionario\/formazione-missionaria\/cammino-di-preparazione-esperienze-missionarie-estive\/corso-esperienze-missionarie-2011\/\" class=\"more-link\">Continua a leggere <span class=\"screen-reader-text\"><\/span> <span class=\"meta-nav\">&raquo;<\/span><\/a><\/p>\n","protected":false},"author":1,"featured_media":3225,"parent":1024,"menu_order":0,"comment_status":"closed","ping_status":"closed","template":"","meta":{"ip_address":"","user_agent":"","level":"","revision":"","cookie_id":"","page_referer":"","html_form":"","_expiration-date-status":"","_expiration-date":0,"_expiration-date-type":"","_expiration-date-categories":[],"_expiration-date-options":[]},"acf":[],"yoast_head":"<!-- This site is optimized with the Yoast SEO plugin v20.8 - https:\/\/yoast.com\/wordpress\/plugins\/seo\/ -->\n<title>Corso Esperienze Missionarie 2011 - Pastorale MISSIONARIA e cooperazione tra le Chiese<\/title>\n<meta name=\"robots\" content=\"index, follow, max-snippet:-1, max-image-preview:large, max-video-preview:-1\" \/>\n<link rel=\"canonical\" href=\"https:\/\/www.diocesi.torino.it\/missionario\/formazione-missionaria\/cammino-di-preparazione-esperienze-missionarie-estive\/corso-esperienze-missionarie-2011\/\" \/>\n<meta property=\"og:locale\" content=\"it_IT\" \/>\n<meta property=\"og:type\" content=\"article\" \/>\n<meta property=\"og:title\" content=\"Corso Esperienze Missionarie 2011 - Pastorale MISSIONARIA e cooperazione tra le Chiese\" \/>\n<meta property=\"og:description\" content=\"Il Centro Missionario Diocesano propone Un ciclo di incontri di preparazione attraverso i quali si offrono chiavi di lettura della realt\u00e0 dei paesi che si andranno a visitare e si stimolano i partecipanti a riflettere sulle motivazioni del loro viaggio e ad acquisire sempre maggiore consapevolezza dell&#039;esperienza che vivranno.Equipedon Bartolo Perlo (direttore CMD); Suor Rosa e Suor Stefania (Comunit\u00e0 Suore Domenicane di S.Caterina da Siena): &hellip; Continua a leggere &raquo;\" \/>\n<meta property=\"og:url\" content=\"https:\/\/www.diocesi.torino.it\/missionario\/formazione-missionaria\/cammino-di-preparazione-esperienze-missionarie-estive\/corso-esperienze-missionarie-2011\/\" \/>\n<meta property=\"og:site_name\" content=\"Pastorale MISSIONARIA e cooperazione tra le Chiese\" \/>\n<meta property=\"article:modified_time\" content=\"2017-06-23T10:17:55+00:00\" \/>\n<meta property=\"og:image\" content=\"https:\/\/www.diocesi.torino.it\/missionario\/wp-content\/uploads\/sites\/17\/2017\/06\/tachina-1.jpg\" \/>\n\t<meta property=\"og:image:width\" content=\"400\" \/>\n\t<meta property=\"og:image:height\" content=\"300\" \/>\n\t<meta property=\"og:image:type\" content=\"image\/jpeg\" \/>\n<meta name=\"twitter:card\" content=\"summary_large_image\" \/>\n<meta name=\"twitter:label1\" content=\"Tempo di lettura stimato\" \/>\n\t<meta name=\"twitter:data1\" content=\"1 minuto\" \/>\n<script type=\"application\/ld+json\" class=\"yoast-schema-graph\">{\"@context\":\"https:\/\/schema.org\",\"@graph\":[{\"@type\":\"WebPage\",\"@id\":\"https:\/\/www.diocesi.torino.it\/missionario\/formazione-missionaria\/cammino-di-preparazione-esperienze-missionarie-estive\/corso-esperienze-missionarie-2011\/\",\"url\":\"https:\/\/www.diocesi.torino.it\/missionario\/formazione-missionaria\/cammino-di-preparazione-esperienze-missionarie-estive\/corso-esperienze-missionarie-2011\/\",\"name\":\"Corso Esperienze Missionarie 2011 - Pastorale MISSIONARIA e cooperazione tra le Chiese\",\"isPartOf\":{\"@id\":\"https:\/\/www.diocesi.torino.it\/missionario\/#website\"},\"datePublished\":\"2011-01-10T12:44:00+00:00\",\"dateModified\":\"2017-06-23T10:17:55+00:00\",\"breadcrumb\":{\"@id\":\"https:\/\/www.diocesi.torino.it\/missionario\/formazione-missionaria\/cammino-di-preparazione-esperienze-missionarie-estive\/corso-esperienze-missionarie-2011\/#breadcrumb\"},\"inLanguage\":\"it-IT\",\"potentialAction\":[{\"@type\":\"ReadAction\",\"target\":[\"https:\/\/www.diocesi.torino.it\/missionario\/formazione-missionaria\/cammino-di-preparazione-esperienze-missionarie-estive\/corso-esperienze-missionarie-2011\/\"]}]},{\"@type\":\"BreadcrumbList\",\"@id\":\"https:\/\/www.diocesi.torino.it\/missionario\/formazione-missionaria\/cammino-di-preparazione-esperienze-missionarie-estive\/corso-esperienze-missionarie-2011\/#breadcrumb\",\"itemListElement\":[{\"@type\":\"ListItem\",\"position\":1,\"name\":\"Home\",\"item\":\"https:\/\/www.diocesi.torino.it\/missionario\/\"},{\"@type\":\"ListItem\",\"position\":2,\"name\":\"Formazione Missionaria\",\"item\":\"https:\/\/www.diocesi.torino.it\/missionario\/formazione-missionaria\/\"},{\"@type\":\"ListItem\",\"position\":3,\"name\":\"Cammino di Preparazione Esperienze Missionarie Estive\",\"item\":\"https:\/\/www.diocesi.torino.it\/missionario\/formazione-missionaria\/cammino-di-preparazione-esperienze-missionarie-estive\/\"},{\"@type\":\"ListItem\",\"position\":4,\"name\":\"Corso Esperienze Missionarie 2011\"}]},{\"@type\":\"WebSite\",\"@id\":\"https:\/\/www.diocesi.torino.it\/missionario\/#website\",\"url\":\"https:\/\/www.diocesi.torino.it\/missionario\/\",\"name\":\"Pastorale MISSIONARIA e cooperazione tra le Chiese\",\"description\":\"\",\"potentialAction\":[{\"@type\":\"SearchAction\",\"target\":{\"@type\":\"EntryPoint\",\"urlTemplate\":\"https:\/\/www.diocesi.torino.it\/missionario\/?s={search_term_string}\"},\"query-input\":\"required name=search_term_string\"}],\"inLanguage\":\"it-IT\"}]}<\/script>\n<!-- \/ Yoast SEO plugin. -->","yoast_head_json":{"title":"Corso Esperienze Missionarie 2011 - Pastorale MISSIONARIA e cooperazione tra le Chiese","robots":{"index":"index","follow":"follow","max-snippet":"max-snippet:-1","max-image-preview":"max-image-preview:large","max-video-preview":"max-video-preview:-1"},"canonical":"https:\/\/www.diocesi.torino.it\/missionario\/formazione-missionaria\/cammino-di-preparazione-esperienze-missionarie-estive\/corso-esperienze-missionarie-2011\/","og_locale":"it_IT","og_type":"article","og_title":"Corso Esperienze Missionarie 2011 - Pastorale MISSIONARIA e cooperazione tra le Chiese","og_description":"Il Centro Missionario Diocesano propone Un ciclo di incontri di preparazione attraverso i quali si offrono chiavi di lettura della realt\u00e0 dei paesi che si andranno a visitare e si stimolano i partecipanti a riflettere sulle motivazioni del loro viaggio e ad acquisire sempre maggiore consapevolezza dell'esperienza che vivranno.Equipedon Bartolo Perlo (direttore CMD); Suor Rosa e Suor Stefania (Comunit\u00e0 Suore Domenicane di S.Caterina da Siena): &hellip; Continua a leggere &raquo;","og_url":"https:\/\/www.diocesi.torino.it\/missionario\/formazione-missionaria\/cammino-di-preparazione-esperienze-missionarie-estive\/corso-esperienze-missionarie-2011\/","og_site_name":"Pastorale MISSIONARIA e cooperazione tra le Chiese","article_modified_time":"2017-06-23T10:17:55+00:00","og_image":[{"width":400,"height":300,"url":"https:\/\/www.diocesi.torino.it\/missionario\/wp-content\/uploads\/sites\/17\/2017\/06\/tachina-1.jpg","type":"image\/jpeg"}],"twitter_card":"summary_large_image","twitter_misc":{"Tempo di lettura stimato":"1 minuto"},"schema":{"@context":"https:\/\/schema.org","@graph":[{"@type":"WebPage","@id":"https:\/\/www.diocesi.torino.it\/missionario\/formazione-missionaria\/cammino-di-preparazione-esperienze-missionarie-estive\/corso-esperienze-missionarie-2011\/","url":"https:\/\/www.diocesi.torino.it\/missionario\/formazione-missionaria\/cammino-di-preparazione-esperienze-missionarie-estive\/corso-esperienze-missionarie-2011\/","name":"Corso Esperienze Missionarie 2011 - Pastorale MISSIONARIA e cooperazione tra le Chiese","isPartOf":{"@id":"https:\/\/www.diocesi.torino.it\/missionario\/#website"},"datePublished":"2011-01-10T12:44:00+00:00","dateModified":"2017-06-23T10:17:55+00:00","breadcrumb":{"@id":"https:\/\/www.diocesi.torino.it\/missionario\/formazione-missionaria\/cammino-di-preparazione-esperienze-missionarie-estive\/corso-esperienze-missionarie-2011\/#breadcrumb"},"inLanguage":"it-IT","potentialAction":[{"@type":"ReadAction","target":["https:\/\/www.diocesi.torino.it\/missionario\/formazione-missionaria\/cammino-di-preparazione-esperienze-missionarie-estive\/corso-esperienze-missionarie-2011\/"]}]},{"@type":"BreadcrumbList","@id":"https:\/\/www.diocesi.torino.it\/missionario\/formazione-missionaria\/cammino-di-preparazione-esperienze-missionarie-estive\/corso-esperienze-missionarie-2011\/#breadcrumb","itemListElement":[{"@type":"ListItem","position":1,"name":"Home","item":"https:\/\/www.diocesi.torino.it\/missionario\/"},{"@type":"ListItem","position":2,"name":"Formazione Missionaria","item":"https:\/\/www.diocesi.torino.it\/missionario\/formazione-missionaria\/"},{"@type":"ListItem","position":3,"name":"Cammino di Preparazione Esperienze Missionarie Estive","item":"https:\/\/www.diocesi.torino.it\/missionario\/formazione-missionaria\/cammino-di-preparazione-esperienze-missionarie-estive\/"},{"@type":"ListItem","position":4,"name":"Corso Esperienze Missionarie 2011"}]},{"@type":"WebSite","@id":"https:\/\/www.diocesi.torino.it\/missionario\/#website","url":"https:\/\/www.diocesi.torino.it\/missionario\/","name":"Pastorale MISSIONARIA e cooperazione tra le Chiese","description":"","potentialAction":[{"@type":"SearchAction","target":{"@type":"EntryPoint","urlTemplate":"https:\/\/www.diocesi.torino.it\/missionario\/?s={search_term_string}"},"query-input":"required name=search_term_string"}],"inLanguage":"it-IT"}]}},"_links":{"self":[{"href":"https:\/\/www.diocesi.torino.it\/missionario\/wp-json\/wp\/v2\/pages\/1051"}],"collection":[{"href":"https:\/\/www.diocesi.torino.it\/missionario\/wp-json\/wp\/v2\/pages"}],"about":[{"href":"https:\/\/www.diocesi.torino.it\/missionario\/wp-json\/wp\/v2\/types\/page"}],"author":[{"embeddable":true,"href":"https:\/\/www.diocesi.torino.it\/missionario\/wp-json\/wp\/v2\/users\/1"}],"replies":[{"embeddable":true,"href":"https:\/\/www.diocesi.torino.it\/missionario\/wp-json\/wp\/v2\/comments?post=1051"}],"version-history":[{"count":1,"href":"https:\/\/www.diocesi.torino.it\/missionario\/wp-json\/wp\/v2\/pages\/1051\/revisions"}],"predecessor-version":[{"id":3224,"href":"https:\/\/www.diocesi.torino.it\/missionario\/wp-json\/wp\/v2\/pages\/1051\/revisions\/3224"}],"up":[{"embeddable":true,"href":"https:\/\/www.diocesi.torino.it\/missionario\/wp-json\/wp\/v2\/pages\/1024"}],"wp:featuredmedia":[{"embeddable":true,"href":"https:\/\/www.diocesi.torino.it\/missionario\/wp-json\/wp\/v2\/media\/3225"}],"wp:attachment":[{"href":"https:\/\/www.diocesi.torino.it\/missionario\/wp-json\/wp\/v2\/media?parent=1051"}],"curies":[{"name":"wp","href":"https:\/\/api.w.org\/{rel}","templated":true}]}}