{"id":1061,"date":"2010-03-12T14:17:00","date_gmt":"2010-03-12T13:17:00","guid":{"rendered":"http:\/\/www.diocesi.torino.it\/missionario\/formazione-missionaria\/adulti\/laboratori-missionari\/laboratorio-spiritualita-missionaria\/"},"modified":"2017-06-23T12:17:57","modified_gmt":"2017-06-23T10:17:57","slug":"laboratorio-spiritualita-missionaria","status":"publish","type":"page","link":"https:\/\/www.diocesi.torino.it\/missionario\/formazione-missionaria\/laboratori-missionari\/laboratorio-spiritualita-missionaria\/","title":{"rendered":"Laboratorio Spiritualit\u00e0 Missionaria"},"content":{"rendered":"<div id=\"pl-1061\"  class=\"panel-layout\" ><div id=\"pg-1061-0\"  class=\"panel-grid panel-no-style\" ><div id=\"pgc-1061-0-0\"  class=\"panel-grid-cell\" ><div id=\"panel-1061-0-0-0\" class=\"so-panel widget widget_sow-editor panel-first-child panel-last-child\" data-index=\"0\" ><div\n\t\t\t\n\t\t\tclass=\"so-widget-sow-editor so-widget-sow-editor-base\"\n\t\t\t\n\t\t>\n<div class=\"siteorigin-widget-tinymce textwidget\">\n\t<div>\n<div style=\"text-align: center\">\n<div>\n<div style=\"text-align: left\">\u00a0<\/div>\n<div style=\"text-align: left\"><span style=\"font-size: small\"><small><strong><big>Obiettivo del Laboratorio<\/big><\/strong><\/small><\/span><\/div>\n<\/div>\n<div style=\"text-align: left\"><span style=\"font-size: x-small\"><small>\u00a0<\/small><\/span><\/div>\n<div style=\"text-align: left\"><span style=\"font-size: x-small\"><small><big>Prendere coscienza\u00a0della dimensione spirituale dell'Annuncio.<\/big><\/small><\/span><\/div>\n<div style=\"text-align: left\"><span style=\"font-size: x-small\"><small><big>Ritrovando cos\u00ec le ragioni e l'entusiasmo per annunciare con\u00a0gioia il Ges\u00f9 che ciascuno porta dentro e non pu\u00f2 tenere solo per s\u00e8.\u00a0<\/big><\/small><\/span><\/div>\n<div style=\"text-align: left\">\n<div style=\"text-align: left\"><span style=\"font-size: x-small\"><small>\u00a0<\/small><\/span><\/div>\n<\/div>\n<div style=\"text-align: left\"><small>\u00a0<\/small><\/div>\n<div style=\"text-align: left\"><small><strong><big><span style=\"font-size: small\">Struttura degli Incontri<\/span><\/big><\/strong><\/small><\/div>\n<div style=\"text-align: left\">\n<div><small>\u00a0<\/small><\/div>\n<div><small><big>Ciclo di quattro incontri settimanali di tre\u00a0ore\u00a0caduno (con cena\u00a0conviviale) cos\u00ec articolati:<\/big><\/small><\/div>\n<div><small><big>\u0095 Dati fondamentali della spiritualit\u00e0 della missione - Lectio<\/big><\/small><\/div>\n<div><small><big>\u0095 Sguardo \u0093ad gentes\u0094 - Testimonianza<\/big><\/small><\/div>\n<div><small><big>\u0095 Formazione missionaria per vivere la \u0093mia\u0094 missione - Dinamiche di Gruppo<\/big><\/small><\/div>\n<div><span style=\"font-size: x-small\">\u00a0<\/span><\/div>\n<div>\u00a0<\/div>\n<div>\u00a0<\/div>\n<\/div>\n<div>\u00a0<\/div>\n<div>\u00a0<\/div>\n<p>\u00a0<\/p><\/div>\n<\/div>\n<\/div>\n<\/div><\/div><\/div><\/div><\/div>","protected":false},"excerpt":{"rendered":"<p>\u00a0Obiettivo del Laboratorio\u00a0Prendere coscienza\u00a0della dimensione spirituale dell&#8217;Annuncio.Ritrovando cos\u00ec le ragioni e l&#8217;entusiasmo per annunciare con\u00a0gioia il Ges\u00f9 che ciascuno porta dentro e non pu\u00f2 tenere solo per s\u00e8.\u00a0\u00a0\u00a0Struttura degli Incontri\u00a0Ciclo di quattro incontri settimanali di tre\u00a0ore\u00a0caduno (con cena\u00a0conviviale) cos\u00ec articolati:\u0095 Dati fondamentali della spiritualit\u00e0 della missione &#8211; Lectio\u0095 Sguardo \u0093ad gentes\u0094 &#8211; Testimonianza\u0095 Formazione missionaria per vivere la \u0093mia\u0094 missione &#8211; Dinamiche di Gruppo\u00a0\u00a0\u00a0\u00a0\u00a0\u00a0<\/p>\n","protected":false},"author":1,"featured_media":3235,"parent":1056,"menu_order":0,"comment_status":"closed","ping_status":"closed","template":"","meta":{"ip_address":"","user_agent":"","level":"","revision":"","cookie_id":"","page_referer":"","html_form":"","_expiration-date-status":"","_expiration-date":0,"_expiration-date-type":"","_expiration-date-categories":[],"_expiration-date-options":[]},"acf":[],"yoast_head":"<!-- This site is optimized with the Yoast SEO plugin v20.8 - https:\/\/yoast.com\/wordpress\/plugins\/seo\/ -->\n<title>Laboratorio Spiritualit\u00e0 Missionaria - Pastorale MISSIONARIA e cooperazione tra le Chiese<\/title>\n<meta name=\"robots\" content=\"index, follow, max-snippet:-1, max-image-preview:large, max-video-preview:-1\" \/>\n<link rel=\"canonical\" href=\"https:\/\/www.diocesi.torino.it\/missionario\/formazione-missionaria\/laboratori-missionari\/laboratorio-spiritualita-missionaria\/\" \/>\n<meta property=\"og:locale\" content=\"it_IT\" \/>\n<meta property=\"og:type\" content=\"article\" \/>\n<meta property=\"og:title\" content=\"Laboratorio Spiritualit\u00e0 Missionaria - Pastorale MISSIONARIA e cooperazione tra le Chiese\" \/>\n<meta property=\"og:description\" content=\"\u00a0Obiettivo del Laboratorio\u00a0Prendere coscienza\u00a0della dimensione spirituale dell&#039;Annuncio.Ritrovando cos\u00ec le ragioni e l&#039;entusiasmo per annunciare con\u00a0gioia il Ges\u00f9 che ciascuno porta dentro e non pu\u00f2 tenere solo per s\u00e8.\u00a0\u00a0\u00a0Struttura degli Incontri\u00a0Ciclo di quattro incontri settimanali di tre\u00a0ore\u00a0caduno (con cena\u00a0conviviale) cos\u00ec articolati:\u0095 Dati fondamentali della spiritualit\u00e0 della missione - Lectio\u0095 Sguardo \u0093ad gentes\u0094 - Testimonianza\u0095 Formazione missionaria per vivere la \u0093mia\u0094 missione - Dinamiche di Gruppo\u00a0\u00a0\u00a0\u00a0\u00a0\u00a0\" \/>\n<meta property=\"og:url\" content=\"https:\/\/www.diocesi.torino.it\/missionario\/formazione-missionaria\/laboratori-missionari\/laboratorio-spiritualita-missionaria\/\" \/>\n<meta property=\"og:site_name\" content=\"Pastorale MISSIONARIA e cooperazione tra le Chiese\" \/>\n<meta property=\"article:modified_time\" content=\"2017-06-23T10:17:57+00:00\" \/>\n<meta property=\"og:image\" content=\"https:\/\/www.diocesi.torino.it\/missionario\/wp-content\/uploads\/sites\/17\/2017\/06\/incontro2.jpg\" \/>\n\t<meta property=\"og:image:width\" content=\"248\" \/>\n\t<meta property=\"og:image:height\" content=\"222\" \/>\n\t<meta property=\"og:image:type\" content=\"image\/jpeg\" \/>\n<meta name=\"twitter:card\" content=\"summary_large_image\" \/>\n<script type=\"application\/ld+json\" class=\"yoast-schema-graph\">{\"@context\":\"https:\/\/schema.org\",\"@graph\":[{\"@type\":\"WebPage\",\"@id\":\"https:\/\/www.diocesi.torino.it\/missionario\/formazione-missionaria\/laboratori-missionari\/laboratorio-spiritualita-missionaria\/\",\"url\":\"https:\/\/www.diocesi.torino.it\/missionario\/formazione-missionaria\/laboratori-missionari\/laboratorio-spiritualita-missionaria\/\",\"name\":\"Laboratorio Spiritualit\u00e0 Missionaria - Pastorale MISSIONARIA e cooperazione tra le Chiese\",\"isPartOf\":{\"@id\":\"https:\/\/www.diocesi.torino.it\/missionario\/#website\"},\"datePublished\":\"2010-03-12T13:17:00+00:00\",\"dateModified\":\"2017-06-23T10:17:57+00:00\",\"breadcrumb\":{\"@id\":\"https:\/\/www.diocesi.torino.it\/missionario\/formazione-missionaria\/laboratori-missionari\/laboratorio-spiritualita-missionaria\/#breadcrumb\"},\"inLanguage\":\"it-IT\",\"potentialAction\":[{\"@type\":\"ReadAction\",\"target\":[\"https:\/\/www.diocesi.torino.it\/missionario\/formazione-missionaria\/laboratori-missionari\/laboratorio-spiritualita-missionaria\/\"]}]},{\"@type\":\"BreadcrumbList\",\"@id\":\"https:\/\/www.diocesi.torino.it\/missionario\/formazione-missionaria\/laboratori-missionari\/laboratorio-spiritualita-missionaria\/#breadcrumb\",\"itemListElement\":[{\"@type\":\"ListItem\",\"position\":1,\"name\":\"Home\",\"item\":\"https:\/\/www.diocesi.torino.it\/missionario\/\"},{\"@type\":\"ListItem\",\"position\":2,\"name\":\"Formazione Missionaria\",\"item\":\"https:\/\/www.diocesi.torino.it\/missionario\/formazione-missionaria\/\"},{\"@type\":\"ListItem\",\"position\":3,\"name\":\"Laboratori missionari\",\"item\":\"https:\/\/www.diocesi.torino.it\/missionario\/formazione-missionaria\/laboratori-missionari\/\"},{\"@type\":\"ListItem\",\"position\":4,\"name\":\"Laboratorio Spiritualit\u00e0 Missionaria\"}]},{\"@type\":\"WebSite\",\"@id\":\"https:\/\/www.diocesi.torino.it\/missionario\/#website\",\"url\":\"https:\/\/www.diocesi.torino.it\/missionario\/\",\"name\":\"Pastorale MISSIONARIA e cooperazione tra le Chiese\",\"description\":\"\",\"potentialAction\":[{\"@type\":\"SearchAction\",\"target\":{\"@type\":\"EntryPoint\",\"urlTemplate\":\"https:\/\/www.diocesi.torino.it\/missionario\/?s={search_term_string}\"},\"query-input\":\"required name=search_term_string\"}],\"inLanguage\":\"it-IT\"}]}<\/script>\n<!-- \/ Yoast SEO plugin. -->","yoast_head_json":{"title":"Laboratorio Spiritualit\u00e0 Missionaria - Pastorale MISSIONARIA e cooperazione tra le Chiese","robots":{"index":"index","follow":"follow","max-snippet":"max-snippet:-1","max-image-preview":"max-image-preview:large","max-video-preview":"max-video-preview:-1"},"canonical":"https:\/\/www.diocesi.torino.it\/missionario\/formazione-missionaria\/laboratori-missionari\/laboratorio-spiritualita-missionaria\/","og_locale":"it_IT","og_type":"article","og_title":"Laboratorio Spiritualit\u00e0 Missionaria - Pastorale MISSIONARIA e cooperazione tra le Chiese","og_description":"\u00a0Obiettivo del Laboratorio\u00a0Prendere coscienza\u00a0della dimensione spirituale dell'Annuncio.Ritrovando cos\u00ec le ragioni e l'entusiasmo per annunciare con\u00a0gioia il Ges\u00f9 che ciascuno porta dentro e non pu\u00f2 tenere solo per s\u00e8.\u00a0\u00a0\u00a0Struttura degli Incontri\u00a0Ciclo di quattro incontri settimanali di tre\u00a0ore\u00a0caduno (con cena\u00a0conviviale) cos\u00ec articolati:\u0095 Dati fondamentali della spiritualit\u00e0 della missione - Lectio\u0095 Sguardo \u0093ad gentes\u0094 - Testimonianza\u0095 Formazione missionaria per vivere la \u0093mia\u0094 missione - Dinamiche di Gruppo\u00a0\u00a0\u00a0\u00a0\u00a0\u00a0","og_url":"https:\/\/www.diocesi.torino.it\/missionario\/formazione-missionaria\/laboratori-missionari\/laboratorio-spiritualita-missionaria\/","og_site_name":"Pastorale MISSIONARIA e cooperazione tra le Chiese","article_modified_time":"2017-06-23T10:17:57+00:00","og_image":[{"width":248,"height":222,"url":"https:\/\/www.diocesi.torino.it\/missionario\/wp-content\/uploads\/sites\/17\/2017\/06\/incontro2.jpg","type":"image\/jpeg"}],"twitter_card":"summary_large_image","schema":{"@context":"https:\/\/schema.org","@graph":[{"@type":"WebPage","@id":"https:\/\/www.diocesi.torino.it\/missionario\/formazione-missionaria\/laboratori-missionari\/laboratorio-spiritualita-missionaria\/","url":"https:\/\/www.diocesi.torino.it\/missionario\/formazione-missionaria\/laboratori-missionari\/laboratorio-spiritualita-missionaria\/","name":"Laboratorio Spiritualit\u00e0 Missionaria - Pastorale MISSIONARIA e cooperazione tra le Chiese","isPartOf":{"@id":"https:\/\/www.diocesi.torino.it\/missionario\/#website"},"datePublished":"2010-03-12T13:17:00+00:00","dateModified":"2017-06-23T10:17:57+00:00","breadcrumb":{"@id":"https:\/\/www.diocesi.torino.it\/missionario\/formazione-missionaria\/laboratori-missionari\/laboratorio-spiritualita-missionaria\/#breadcrumb"},"inLanguage":"it-IT","potentialAction":[{"@type":"ReadAction","target":["https:\/\/www.diocesi.torino.it\/missionario\/formazione-missionaria\/laboratori-missionari\/laboratorio-spiritualita-missionaria\/"]}]},{"@type":"BreadcrumbList","@id":"https:\/\/www.diocesi.torino.it\/missionario\/formazione-missionaria\/laboratori-missionari\/laboratorio-spiritualita-missionaria\/#breadcrumb","itemListElement":[{"@type":"ListItem","position":1,"name":"Home","item":"https:\/\/www.diocesi.torino.it\/missionario\/"},{"@type":"ListItem","position":2,"name":"Formazione Missionaria","item":"https:\/\/www.diocesi.torino.it\/missionario\/formazione-missionaria\/"},{"@type":"ListItem","position":3,"name":"Laboratori missionari","item":"https:\/\/www.diocesi.torino.it\/missionario\/formazione-missionaria\/laboratori-missionari\/"},{"@type":"ListItem","position":4,"name":"Laboratorio Spiritualit\u00e0 Missionaria"}]},{"@type":"WebSite","@id":"https:\/\/www.diocesi.torino.it\/missionario\/#website","url":"https:\/\/www.diocesi.torino.it\/missionario\/","name":"Pastorale MISSIONARIA e cooperazione tra le Chiese","description":"","potentialAction":[{"@type":"SearchAction","target":{"@type":"EntryPoint","urlTemplate":"https:\/\/www.diocesi.torino.it\/missionario\/?s={search_term_string}"},"query-input":"required name=search_term_string"}],"inLanguage":"it-IT"}]}},"_links":{"self":[{"href":"https:\/\/www.diocesi.torino.it\/missionario\/wp-json\/wp\/v2\/pages\/1061"}],"collection":[{"href":"https:\/\/www.diocesi.torino.it\/missionario\/wp-json\/wp\/v2\/pages"}],"about":[{"href":"https:\/\/www.diocesi.torino.it\/missionario\/wp-json\/wp\/v2\/types\/page"}],"author":[{"embeddable":true,"href":"https:\/\/www.diocesi.torino.it\/missionario\/wp-json\/wp\/v2\/users\/1"}],"replies":[{"embeddable":true,"href":"https:\/\/www.diocesi.torino.it\/missionario\/wp-json\/wp\/v2\/comments?post=1061"}],"version-history":[{"count":1,"href":"https:\/\/www.diocesi.torino.it\/missionario\/wp-json\/wp\/v2\/pages\/1061\/revisions"}],"predecessor-version":[{"id":3234,"href":"https:\/\/www.diocesi.torino.it\/missionario\/wp-json\/wp\/v2\/pages\/1061\/revisions\/3234"}],"up":[{"embeddable":true,"href":"https:\/\/www.diocesi.torino.it\/missionario\/wp-json\/wp\/v2\/pages\/1056"}],"wp:featuredmedia":[{"embeddable":true,"href":"https:\/\/www.diocesi.torino.it\/missionario\/wp-json\/wp\/v2\/media\/3235"}],"wp:attachment":[{"href":"https:\/\/www.diocesi.torino.it\/missionario\/wp-json\/wp\/v2\/media?parent=1061"}],"curies":[{"name":"wp","href":"https:\/\/api.w.org\/{rel}","templated":true}]}}