{"id":10642,"date":"2025-04-02T11:48:48","date_gmt":"2025-04-02T09:48:48","guid":{"rendered":"https:\/\/www.diocesi.torino.it\/missionario\/?page_id=10642"},"modified":"2026-04-13T17:04:37","modified_gmt":"2026-04-13T15:04:37","slug":"spiritualita","status":"publish","type":"page","link":"https:\/\/www.diocesi.torino.it\/missionario\/spiritualita\/","title":{"rendered":"SPIRITUALIT\u00c0"},"content":{"rendered":"<blockquote><p><strong><em>Ogni cristiano \u00e8 missionario nella misura in cui si \u00e8 incontrato con l\u2019amore di Dio in Cristo Ges\u00f9<\/em><\/strong><em>; non diciamo pi\u00f9 che siamo \u201cdiscepoli\u201d e \u201cmissionari\u201d, ma che siamo sempre \u201cdiscepoli-missionari\u201d. Se non siamo convinti, guardiamo ai primi discepoli, che immediatamente dopo aver conosciuto lo sguardo di Ges\u00f9, andavano a proclamarlo pieni di gioia: \u00abAbbiamo incontrato il Messia\u00bb (Gv\u00a01,41). La samaritana, non appena terminato il suo dialogo con Ges\u00f9, divenne missionaria, e molti samaritani credettero in Ges\u00f9 \u00abper la parola della donna\u00bb (Gv\u00a04,39). Anche san Paolo, a partire dal suo incontro con Ges\u00f9 Cristo, \u00absubito annunciava che Ges\u00f9 \u00e8 il figlio di Dio\u00bb (At\u00a09,20). E noi che cosa aspettiamo?<\/em>\u201d (Evangeli Gaudium, 120)<\/p><\/blockquote>\n<p>La missione nasce dalla relazione personale con Dio e dal desiderio che anche altri \u2013 tutti \u2013 possano vivere la loro personale esperienza di sentirsi amati da Dio. E\u2019 allora fondamentale curare questa relazione, la Spiritualit\u00e0, attraverso momenti di ascolto e approfondimento della Parola e spazi di silenzio e preghiera.<\/p>\n<p>In questa pagina cerchiamo di consegnarvi alcune \u201cpillole\u201d e piccoli contributi di Spiritualit\u00e0 provenienti dal mondo missionario, con l\u2019augurio che ognuno inneschi un doppio movimento: verso l\u2019interno, per raggiungere la profondit\u00e0 della nostra anima, e verso l\u2019esterno, per comunicare la gioia dell\u2019incontro con Dio a coloro che incrociamo nel nostro cammino.<\/p>\n<ul>\n<li><a href=\"https:\/\/www.diocesi.torino.it\/missionario\/wp-content\/uploads\/sites\/17\/2026\/04\/III-DOMENICA-DI-PASQUA-ANNO-A.pdf\">III Domenica di Pasqua (Anno A)\u00a0<\/a> \u00a0<span style=\"font-size: inherit;\">commento biblico missionario<\/span><\/li>\n<li><a href=\"https:\/\/www.youtube.com\/watch?v=r2pYtW0wPgU\" data-rel=\"lightbox-video-0\"><strong>Commento al vangelo di domenica 19 aprile<\/strong><\/a>\u00a0 <span style=\"font-size: inherit;\">video a cura di p. Oreste Ferrari, Opera don Orione, missionario nelle Filippine<\/span><\/li>\n<li><a href=\"https:\/\/www.diocesi.torino.it\/missionario\/wp-content\/uploads\/sites\/17\/2026\/03\/Commento-intenzione-Papa-marzo-2026.pdf\">Commento di<\/a><strong><a href=\"https:\/\/www.diocesi.torino.it\/missionario\/wp-content\/uploads\/sites\/17\/2026\/03\/Commento-intenzione-Papa-marzo-2026.pdf\"> Don Valerio Bersano<\/a><\/strong>\u00a0(segretario nazionale di Missio Adulti&amp;Famiglie, Missio Consacrati e Missio Ragazzi) all\u2019intenzione di preghiera mensile del Papa, in allegato alla pagina.<\/li>\n<\/ul>\n<hr class=\"wpba_attachment_hr\"><div id='wpba_attachment_list' class='wpba wpba-wrap'>\n<ul class='wpba-attachment-list unstyled'><li id='wpba_attachment_list_14954' class='wpba-list-item pull-left'><img src='https:\/\/www.diocesi.torino.it\/missionario\/wp-content\/themes\/wp-starter-so\/icons\/document.png' width='16' height='20' class='wpba-icon pull-left'><a href='https:\/\/www.diocesi.torino.it\/missionario\/wp-content\/uploads\/sites\/17\/2026\/04\/III-DOMENICA-DI-PASQUA-ANNO-A.pdf' title='III Domenica di Pasqua (Anno A)' class='wpba-link pull-left' target=\"_blank\">III Domenica di Pasqua (Anno A)<\/a><\/li>\n<li id='wpba_attachment_list_14891' class='wpba-list-item pull-left'><img src='https:\/\/www.diocesi.torino.it\/missionario\/wp-content\/themes\/wp-starter-so\/icons\/document.png' width='16' height='20' class='wpba-icon pull-left'><a href='https:\/\/www.diocesi.torino.it\/missionario\/wp-content\/uploads\/sites\/17\/2026\/04\/II-DOMENICA-DI-PASQUA-O-DELLA-DIVINA-MISERICORDIA-ANNO-A.pdf' title='II Domenica di Pasqua o della Divina Misericordia (Anno A)' class='wpba-link pull-left' target=\"_blank\">II Domenica di Pasqua o della Divina Misericordia (Anno A)<\/a><\/li>\n<li id='wpba_attachment_list_14811' class='wpba-list-item pull-left'><img src='https:\/\/www.diocesi.torino.it\/missionario\/wp-content\/themes\/wp-starter-so\/icons\/document.png' width='16' height='20' class='wpba-icon pull-left'><a href='https:\/\/www.diocesi.torino.it\/missionario\/wp-content\/uploads\/sites\/17\/2026\/03\/Commento-intenzione-Papa-marzo-2026.pdf' title='Commento intenzione Papa marzo 2026' class='wpba-link pull-left' target=\"_blank\">Commento intenzione Papa marzo 2026<\/a><\/li>\n<\/ul><\/div>\n","protected":false},"excerpt":{"rendered":"<p>Ogni cristiano \u00e8 missionario nella misura in cui si \u00e8 incontrato con l\u2019amore di Dio in Cristo Ges\u00f9; non diciamo pi\u00f9 che siamo \u201cdiscepoli\u201d e \u201cmissionari\u201d, ma che siamo sempre \u201cdiscepoli-missionari\u201d. Se non siamo convinti, guardiamo ai primi discepoli, che immediatamente dopo aver conosciuto lo sguardo di Ges\u00f9, andavano a proclamarlo pieni di gioia: \u00abAbbiamo incontrato il Messia\u00bb (Gv\u00a01,41). La samaritana, non appena terminato il &hellip; <a href=\"https:\/\/www.diocesi.torino.it\/missionario\/spiritualita\/\" class=\"more-link\">Continua a leggere <span class=\"screen-reader-text\"><\/span> <span class=\"meta-nav\">&raquo;<\/span><\/a><\/p>\n","protected":false},"author":78,"featured_media":0,"parent":0,"menu_order":0,"comment_status":"closed","ping_status":"closed","template":"","meta":{"ip_address":"","user_agent":"","level":"","revision":"","cookie_id":"","page_referer":"","html_form":"","_expiration-date-status":"","_expiration-date":0,"_expiration-date-type":"","_expiration-date-categories":[],"_expiration-date-options":[]},"acf":[],"yoast_head":"<!-- This site is optimized with the Yoast SEO plugin v20.8 - https:\/\/yoast.com\/wordpress\/plugins\/seo\/ -->\n<title>SPIRITUALIT\u00c0 - Pastorale MISSIONARIA e cooperazione tra le Chiese<\/title>\n<meta name=\"robots\" content=\"index, follow, max-snippet:-1, max-image-preview:large, max-video-preview:-1\" \/>\n<link rel=\"canonical\" href=\"https:\/\/www.diocesi.torino.it\/missionario\/spiritualita\/\" \/>\n<meta property=\"og:locale\" content=\"it_IT\" \/>\n<meta property=\"og:type\" content=\"article\" \/>\n<meta property=\"og:title\" content=\"SPIRITUALIT\u00c0 - Pastorale MISSIONARIA e cooperazione tra le Chiese\" \/>\n<meta property=\"og:description\" content=\"Ogni cristiano \u00e8 missionario nella misura in cui si \u00e8 incontrato con l\u2019amore di Dio in Cristo Ges\u00f9; non diciamo pi\u00f9 che siamo \u201cdiscepoli\u201d e \u201cmissionari\u201d, ma che siamo sempre \u201cdiscepoli-missionari\u201d. Se non siamo convinti, guardiamo ai primi discepoli, che immediatamente dopo aver conosciuto lo sguardo di Ges\u00f9, andavano a proclamarlo pieni di gioia: \u00abAbbiamo incontrato il Messia\u00bb (Gv\u00a01,41). La samaritana, non appena terminato il &hellip; Continua a leggere &raquo;\" \/>\n<meta property=\"og:url\" content=\"https:\/\/www.diocesi.torino.it\/missionario\/spiritualita\/\" \/>\n<meta property=\"og:site_name\" content=\"Pastorale MISSIONARIA e cooperazione tra le Chiese\" \/>\n<meta property=\"article:modified_time\" content=\"2026-04-13T15:04:37+00:00\" \/>\n<meta name=\"twitter:card\" content=\"summary_large_image\" \/>\n<meta name=\"twitter:label1\" content=\"Tempo di lettura stimato\" \/>\n\t<meta name=\"twitter:data1\" content=\"2 minuti\" \/>\n<script type=\"application\/ld+json\" class=\"yoast-schema-graph\">{\"@context\":\"https:\/\/schema.org\",\"@graph\":[{\"@type\":\"WebPage\",\"@id\":\"https:\/\/www.diocesi.torino.it\/missionario\/spiritualita\/\",\"url\":\"https:\/\/www.diocesi.torino.it\/missionario\/spiritualita\/\",\"name\":\"SPIRITUALIT\u00c0 - Pastorale MISSIONARIA e cooperazione tra le Chiese\",\"isPartOf\":{\"@id\":\"https:\/\/www.diocesi.torino.it\/missionario\/#website\"},\"datePublished\":\"2025-04-02T09:48:48+00:00\",\"dateModified\":\"2026-04-13T15:04:37+00:00\",\"breadcrumb\":{\"@id\":\"https:\/\/www.diocesi.torino.it\/missionario\/spiritualita\/#breadcrumb\"},\"inLanguage\":\"it-IT\",\"potentialAction\":[{\"@type\":\"ReadAction\",\"target\":[\"https:\/\/www.diocesi.torino.it\/missionario\/spiritualita\/\"]}]},{\"@type\":\"BreadcrumbList\",\"@id\":\"https:\/\/www.diocesi.torino.it\/missionario\/spiritualita\/#breadcrumb\",\"itemListElement\":[{\"@type\":\"ListItem\",\"position\":1,\"name\":\"Home\",\"item\":\"https:\/\/www.diocesi.torino.it\/missionario\/\"},{\"@type\":\"ListItem\",\"position\":2,\"name\":\"SPIRITUALIT\u00c0\"}]},{\"@type\":\"WebSite\",\"@id\":\"https:\/\/www.diocesi.torino.it\/missionario\/#website\",\"url\":\"https:\/\/www.diocesi.torino.it\/missionario\/\",\"name\":\"Pastorale MISSIONARIA e cooperazione tra le Chiese\",\"description\":\"\",\"potentialAction\":[{\"@type\":\"SearchAction\",\"target\":{\"@type\":\"EntryPoint\",\"urlTemplate\":\"https:\/\/www.diocesi.torino.it\/missionario\/?s={search_term_string}\"},\"query-input\":\"required name=search_term_string\"}],\"inLanguage\":\"it-IT\"}]}<\/script>\n<!-- \/ Yoast SEO plugin. -->","yoast_head_json":{"title":"SPIRITUALIT\u00c0 - Pastorale MISSIONARIA e cooperazione tra le Chiese","robots":{"index":"index","follow":"follow","max-snippet":"max-snippet:-1","max-image-preview":"max-image-preview:large","max-video-preview":"max-video-preview:-1"},"canonical":"https:\/\/www.diocesi.torino.it\/missionario\/spiritualita\/","og_locale":"it_IT","og_type":"article","og_title":"SPIRITUALIT\u00c0 - Pastorale MISSIONARIA e cooperazione tra le Chiese","og_description":"Ogni cristiano \u00e8 missionario nella misura in cui si \u00e8 incontrato con l\u2019amore di Dio in Cristo Ges\u00f9; non diciamo pi\u00f9 che siamo \u201cdiscepoli\u201d e \u201cmissionari\u201d, ma che siamo sempre \u201cdiscepoli-missionari\u201d. Se non siamo convinti, guardiamo ai primi discepoli, che immediatamente dopo aver conosciuto lo sguardo di Ges\u00f9, andavano a proclamarlo pieni di gioia: \u00abAbbiamo incontrato il Messia\u00bb (Gv\u00a01,41). La samaritana, non appena terminato il &hellip; Continua a leggere &raquo;","og_url":"https:\/\/www.diocesi.torino.it\/missionario\/spiritualita\/","og_site_name":"Pastorale MISSIONARIA e cooperazione tra le Chiese","article_modified_time":"2026-04-13T15:04:37+00:00","twitter_card":"summary_large_image","twitter_misc":{"Tempo di lettura stimato":"2 minuti"},"schema":{"@context":"https:\/\/schema.org","@graph":[{"@type":"WebPage","@id":"https:\/\/www.diocesi.torino.it\/missionario\/spiritualita\/","url":"https:\/\/www.diocesi.torino.it\/missionario\/spiritualita\/","name":"SPIRITUALIT\u00c0 - Pastorale MISSIONARIA e cooperazione tra le Chiese","isPartOf":{"@id":"https:\/\/www.diocesi.torino.it\/missionario\/#website"},"datePublished":"2025-04-02T09:48:48+00:00","dateModified":"2026-04-13T15:04:37+00:00","breadcrumb":{"@id":"https:\/\/www.diocesi.torino.it\/missionario\/spiritualita\/#breadcrumb"},"inLanguage":"it-IT","potentialAction":[{"@type":"ReadAction","target":["https:\/\/www.diocesi.torino.it\/missionario\/spiritualita\/"]}]},{"@type":"BreadcrumbList","@id":"https:\/\/www.diocesi.torino.it\/missionario\/spiritualita\/#breadcrumb","itemListElement":[{"@type":"ListItem","position":1,"name":"Home","item":"https:\/\/www.diocesi.torino.it\/missionario\/"},{"@type":"ListItem","position":2,"name":"SPIRITUALIT\u00c0"}]},{"@type":"WebSite","@id":"https:\/\/www.diocesi.torino.it\/missionario\/#website","url":"https:\/\/www.diocesi.torino.it\/missionario\/","name":"Pastorale MISSIONARIA e cooperazione tra le Chiese","description":"","potentialAction":[{"@type":"SearchAction","target":{"@type":"EntryPoint","urlTemplate":"https:\/\/www.diocesi.torino.it\/missionario\/?s={search_term_string}"},"query-input":"required name=search_term_string"}],"inLanguage":"it-IT"}]}},"_links":{"self":[{"href":"https:\/\/www.diocesi.torino.it\/missionario\/wp-json\/wp\/v2\/pages\/10642"}],"collection":[{"href":"https:\/\/www.diocesi.torino.it\/missionario\/wp-json\/wp\/v2\/pages"}],"about":[{"href":"https:\/\/www.diocesi.torino.it\/missionario\/wp-json\/wp\/v2\/types\/page"}],"author":[{"embeddable":true,"href":"https:\/\/www.diocesi.torino.it\/missionario\/wp-json\/wp\/v2\/users\/78"}],"replies":[{"embeddable":true,"href":"https:\/\/www.diocesi.torino.it\/missionario\/wp-json\/wp\/v2\/comments?post=10642"}],"version-history":[{"count":31,"href":"https:\/\/www.diocesi.torino.it\/missionario\/wp-json\/wp\/v2\/pages\/10642\/revisions"}],"predecessor-version":[{"id":14956,"href":"https:\/\/www.diocesi.torino.it\/missionario\/wp-json\/wp\/v2\/pages\/10642\/revisions\/14956"}],"wp:attachment":[{"href":"https:\/\/www.diocesi.torino.it\/missionario\/wp-json\/wp\/v2\/media?parent=10642"}],"curies":[{"name":"wp","href":"https:\/\/api.w.org\/{rel}","templated":true}]}}