{"id":1069,"date":"2010-03-11T15:39:00","date_gmt":"2010-03-11T14:39:00","guid":{"rendered":"http:\/\/www.diocesi.torino.it\/missionario\/cooperazione-missionaria\/"},"modified":"2026-03-03T11:38:54","modified_gmt":"2026-03-03T10:38:54","slug":"cooperazionetralechiese","status":"publish","type":"page","link":"https:\/\/www.diocesi.torino.it\/missionario\/cooperazionetralechiese\/","title":{"rendered":"Cooperazione tra le Chiese"},"content":{"rendered":"<div id=\"pl-1069\"  class=\"panel-layout\" ><div id=\"pg-1069-0\"  class=\"panel-grid panel-no-style\" ><div id=\"pgc-1069-0-0\"  class=\"panel-grid-cell\" ><div id=\"panel-1069-0-0-0\" class=\"so-panel widget widget_sow-editor panel-first-child panel-last-child\" data-index=\"0\" ><div\n\t\t\t\n\t\t\tclass=\"so-widget-sow-editor so-widget-sow-editor-base\"\n\t\t\t\n\t\t>\n<div class=\"siteorigin-widget-tinymce textwidget\">\n\t<div>\n<p><span style=\"color: #0a0a0a;\">La <\/span><strong style=\"color: #0a0a0a;\">Solidariet\u00e0<\/strong><span style=\"color: #0a0a0a;\"> \u00e8 lottare contro le cause strutturali della povert\u00e0, della disuguaglianza, della mancanza di lavoro, terra e casa, della negazione dei diritti sociali e lavorativi. \u00c8 far fronte agli effetti distruttori dell\u2019impero del denaro: i dislocamenti forzati, le migrazioni dolorose, la tratta di persone, la droga, la guerra, la violenza. Fa crescere rapporti di <\/span><strong style=\"color: #0a0a0a;\">scambio<\/strong><span style=\"color: #0a0a0a;\">,\u00a0<\/span><strong style=\"color: #0a0a0a;\">riequilibra le ingiustizie<\/strong><span style=\"color: #0a0a0a;\">. <\/span><span style=\"font-size: inherit;\">La <\/span><strong style=\"font-size: inherit;\">solidariet\u00e0\u00a0<\/strong><span style=\"font-size: inherit;\">si traduce propriamente in\u00a0<\/span><strong style=\"font-size: inherit;\">fraternit\u00e0\u00a0<\/strong><span style=\"font-size: inherit;\">quando a praticarla sono dei credenti in Cristo. Per questo la <strong>Chiesa diocesana di Torino\u00a0<\/strong>esprime concretamente la partecipazione alla costruzione di una societ\u00e0 fraterna \u00a0<strong>prendendosi cura<\/strong> del Sud del mondo e delle sue potenzialit\u00e0, dei suoi abitanti e del loro problemi, <strong>con lo spirito di chi si sente fratello<\/strong> (Fidei Donum, religiosi, religiose e laici missionari, sacerdoti non italiani che prestano servizio in Diocesi).\u00a0<\/span><\/p>\n<\/div>\n<div><\/div>\n<div>\n<blockquote>\n<p><strong>Le Collette sono<\/strong>\u00a0un segno concreto e tangibile di<strong> solidariet\u00e0, condivisione, partecipazione e comunione <\/strong>delle comunit\u00e0.\u00a0In determinate domeniche la colletta viene effettuata per particolari fini specifici per sostenere opere della Chiesa universale, della Conferenza Episcopale o della Diocesi.\u00a0Nella nostra Diocesi sono promosse le seguenti collette sovra-parrocchiali:<\/p>\n<ul>\n<li><strong><a href=\"https:\/\/www.diocesi.torino.it\/donazioni\/giornata-missionaria-mondiale\/\">Giornata Missionaria Mondiale<\/a>\u00a0(terza domenica di ottobre - colletta obbligatoria*)<\/strong><\/li>\n<li><a href=\"http:\/\/www.diocesi.torino.it\/donazioni\/giornata-missionaria-ragazzi\/\">Giornata Missionaria Ragazzi<\/a>\u00a0(6 gennaio)<\/li>\n<li><a href=\"http:\/\/www.diocesi.torino.it\/donazioni\/giornata-per-i-malati-di-lebbra\/\">Giornata Mondiale per i Malati di Lebbra\u00a0<\/a>(ultima domenica di gennaio)<\/li>\n<li><a href=\"https:\/\/www.diocesi.torino.it\/missionario\/cooperazionetralechiese\/giornata-di-digiuno-e-preghiera-in-memoria-dei-missionari-martiri\/\">Giornata di Digiuno e Preghiera per i Missionari Martiri\u00a0<\/a>(24 marzo)<\/li>\n<li><strong><a href=\"https:\/\/www.diocesi.torino.it\/donazioni\/quaresima-di-fraternita\/\">Quaresima di Fraternit\u00e0<\/a>\u00a0(colletta diocesana)<\/strong><\/li>\n<\/ul>\n<p>(per approfondire, accedere alla pagina dedicata, cliccando sul titolo di ciascuna).<\/p>\n<p>Le\u00a0 collette delle *<strong>Giornate obbligatorie a carattere universale\u00a0<\/strong> sono da effettuarsi in tutte le chiese anche appartenenti ad istituti religiosi, che di fatto siano abitualmente aperti ai fedeli (qualora non potesse essere effettuata nella data indicata, l'indicazione \u00e8 quella di celebrarla nella domenica pi\u00f9 vicina).<\/p>\n<\/blockquote>\n<p><strong>Le azioni di solidariet\u00e0 della nostra Diocesi <\/strong>si realizzano anche attraverso altre iniziative concrete per avviare e continuare progetti che, in modi diversi, cerchino di rispondere alle <strong>urgenze ed esigenze di comunit\u00e0 e singoli<\/strong>. <strong style=\"font-size: inherit;\">Si pu\u00f2 contribuire in diversi modi:<\/strong><\/p>\n<ul>\n<li><a href=\"http:\/\/www.diocesi.torino.it\/donazioni\/sostegno-a-distanza\/\">Sostegno a distanza ragazzi e ragazze<\/a><\/li>\n<li><a href=\"https:\/\/www.diocesi.torino.it\/donazioni\/sostegno-ai-missionari-diocesani-fidei-donum\/\">Sostegno ai Fidei Donum<\/a><\/li>\n<li><a href=\"http:\/\/www.diocesi.torino.it\/donazioni\/intenzioni-sante-messe\/\">Intenzioni Sante Messe ai missionari<\/a><\/li>\n<li><a href=\"https:\/\/www.diocesi.torino.it\/donazioni\/sostegno-agli-studi-dei-seminaristi-nelle-chiese-di-missione\/\">Sostegno agli studi dei seminaristi (POSPA)<\/a><\/li>\n<li><a href=\"https:\/\/www.diocesi.torino.it\/donazioni\/lasciti-testamentari-a-sostegno-della-cooperazione-missionaria-tra-le-chiese\/\">Lasciti testamentari<\/a><\/li>\n<\/ul>\n<\/div>\n<\/div>\n<\/div><\/div><\/div><div id=\"pgc-1069-0-1\"  class=\"panel-grid-cell\" ><div id=\"panel-1069-0-1-0\" class=\"so-panel widget widget_sow-editor panel-first-child panel-last-child\" data-index=\"1\" ><div class=\"panel-widget-style panel-widget-style-for-1069-0-1-0\" ><div\n\t\t\t\n\t\t\tclass=\"so-widget-sow-editor so-widget-sow-editor-base\"\n\t\t\t\n\t\t>\n<div class=\"siteorigin-widget-tinymce textwidget\">\n\t<p>&nbsp;<\/p>\n<p><a href=\"http:\/\/www.diocesi.torino.it\/donazioni\/come-donare\"><img decoding=\"async\" loading=\"lazy\" class=\"size-full wp-image-9920 aligncenter\" src=\"https:\/\/www.diocesi.torino.it\/missionario\/wp-content\/uploads\/sites\/17\/2024\/09\/sportello-collette-e-donazioni-2.jpg\" alt=\"\" width=\"321\" height=\"88\" srcset=\"https:\/\/www.diocesi.torino.it\/missionario\/wp-content\/uploads\/sites\/17\/2024\/09\/sportello-collette-e-donazioni-2.jpg 321w, https:\/\/www.diocesi.torino.it\/missionario\/wp-content\/uploads\/sites\/17\/2024\/09\/sportello-collette-e-donazioni-2-300x82.jpg 300w\" sizes=\"(max-width: 321px) 100vw, 321px\" \/><\/a><\/p>\n<p>&nbsp;<\/p>\n<\/div>\n<\/div><\/div><\/div><\/div><\/div><\/div><hr class=\"wpba_attachment_hr\"><div id='wpba_attachment_list' class='wpba wpba-wrap'>\n<ul class='wpba-attachment-list unstyled'><li id='wpba_attachment_list_3126' class='wpba-list-item pull-left'><img src='https:\/\/www.diocesi.torino.it\/missionario\/wp-content\/themes\/wp-starter-so\/icons\/document.png' width='16' height='20' class='wpba-icon pull-left'><a href='https:\/\/www.diocesi.torino.it\/missionario\/wp-content\/uploads\/sites\/17\/2017\/06\/Enciclica_Fidei_Donum.pdf' title='Enciclica_Fidei_Donum' class='wpba-link pull-left' target=\"_blank\">Enciclica_Fidei_Donum<\/a><\/li>\n<li id='wpba_attachment_list_3180' class='wpba-list-item pull-left'><img src='https:\/\/www.diocesi.torino.it\/missionario\/wp-content\/themes\/wp-starter-so\/icons\/document.png' width='16' height='20' class='wpba-icon pull-left'><a href='https:\/\/www.diocesi.torino.it\/missionario\/wp-content\/uploads\/sites\/17\/2017\/06\/MISSIONARI-ADOZIONI-A-DISTANZA-1.xls' title='MISSIONARI-ADOZIONI-A-DISTANZA-1' class='wpba-link pull-left' target=\"_blank\">MISSIONARI-ADOZIONI-A-DISTANZA-1<\/a><\/li>\n<\/ul><\/div>\n","protected":false},"excerpt":{"rendered":"<p>La Solidariet\u00e0 \u00e8 lottare contro le cause strutturali della povert\u00e0, della disuguaglianza, della mancanza di lavoro, terra e casa, della negazione dei diritti sociali e lavorativi. \u00c8 far fronte agli effetti distruttori dell\u2019impero del denaro: i dislocamenti forzati, le migrazioni dolorose, la tratta di persone, la droga, la guerra, la violenza. Fa crescere rapporti di scambio,\u00a0riequilibra le ingiustizie. La solidariet\u00e0\u00a0si traduce propriamente in\u00a0fraternit\u00e0\u00a0quando a praticarla &hellip; <a href=\"https:\/\/www.diocesi.torino.it\/missionario\/cooperazionetralechiese\/\" class=\"more-link\">Continua a leggere <span class=\"screen-reader-text\"><\/span> <span class=\"meta-nav\">&raquo;<\/span><\/a><\/p>\n","protected":false},"author":1,"featured_media":0,"parent":0,"menu_order":4,"comment_status":"closed","ping_status":"closed","template":"","meta":{"ip_address":"","user_agent":"","level":"","revision":"","cookie_id":"","page_referer":"","html_form":"","_expiration-date-status":"","_expiration-date":0,"_expiration-date-type":"","_expiration-date-categories":[],"_expiration-date-options":[]},"acf":[],"yoast_head":"<!-- This site is optimized with the Yoast SEO plugin v20.8 - https:\/\/yoast.com\/wordpress\/plugins\/seo\/ -->\n<title>Cooperazione tra le Chiese - Pastorale MISSIONARIA e cooperazione tra le Chiese<\/title>\n<meta name=\"robots\" content=\"index, follow, max-snippet:-1, max-image-preview:large, max-video-preview:-1\" \/>\n<link rel=\"canonical\" href=\"https:\/\/www.diocesi.torino.it\/missionario\/cooperazionetralechiese\/\" \/>\n<meta property=\"og:locale\" content=\"it_IT\" \/>\n<meta property=\"og:type\" content=\"article\" \/>\n<meta property=\"og:title\" content=\"Cooperazione tra le Chiese - Pastorale MISSIONARIA e cooperazione tra le Chiese\" \/>\n<meta property=\"og:description\" content=\"La Solidariet\u00e0 \u00e8 lottare contro le cause strutturali della povert\u00e0, della disuguaglianza, della mancanza di lavoro, terra e casa, della negazione dei diritti sociali e lavorativi. \u00c8 far fronte agli effetti distruttori dell\u2019impero del denaro: i dislocamenti forzati, le migrazioni dolorose, la tratta di persone, la droga, la guerra, la violenza. Fa crescere rapporti di scambio,\u00a0riequilibra le ingiustizie. La solidariet\u00e0\u00a0si traduce propriamente in\u00a0fraternit\u00e0\u00a0quando a praticarla &hellip; Continua a leggere &raquo;\" \/>\n<meta property=\"og:url\" content=\"https:\/\/www.diocesi.torino.it\/missionario\/cooperazionetralechiese\/\" \/>\n<meta property=\"og:site_name\" content=\"Pastorale MISSIONARIA e cooperazione tra le Chiese\" \/>\n<meta property=\"article:modified_time\" content=\"2026-03-03T10:38:54+00:00\" \/>\n<meta property=\"og:image\" content=\"https:\/\/www.diocesi.torino.it\/missionario\/wp-content\/uploads\/sites\/17\/2024\/09\/sportello-collette-e-donazioni-2.jpg\" \/>\n<meta name=\"twitter:card\" content=\"summary_large_image\" \/>\n<meta name=\"twitter:label1\" content=\"Tempo di lettura stimato\" \/>\n\t<meta name=\"twitter:data1\" content=\"3 minuti\" \/>\n<script type=\"application\/ld+json\" class=\"yoast-schema-graph\">{\"@context\":\"https:\/\/schema.org\",\"@graph\":[{\"@type\":\"WebPage\",\"@id\":\"https:\/\/www.diocesi.torino.it\/missionario\/cooperazionetralechiese\/\",\"url\":\"https:\/\/www.diocesi.torino.it\/missionario\/cooperazionetralechiese\/\",\"name\":\"Cooperazione tra le Chiese - Pastorale MISSIONARIA e cooperazione tra le Chiese\",\"isPartOf\":{\"@id\":\"https:\/\/www.diocesi.torino.it\/missionario\/#website\"},\"datePublished\":\"2010-03-11T14:39:00+00:00\",\"dateModified\":\"2026-03-03T10:38:54+00:00\",\"breadcrumb\":{\"@id\":\"https:\/\/www.diocesi.torino.it\/missionario\/cooperazionetralechiese\/#breadcrumb\"},\"inLanguage\":\"it-IT\",\"potentialAction\":[{\"@type\":\"ReadAction\",\"target\":[\"https:\/\/www.diocesi.torino.it\/missionario\/cooperazionetralechiese\/\"]}]},{\"@type\":\"BreadcrumbList\",\"@id\":\"https:\/\/www.diocesi.torino.it\/missionario\/cooperazionetralechiese\/#breadcrumb\",\"itemListElement\":[{\"@type\":\"ListItem\",\"position\":1,\"name\":\"Home\",\"item\":\"https:\/\/www.diocesi.torino.it\/missionario\/\"},{\"@type\":\"ListItem\",\"position\":2,\"name\":\"Cooperazione tra le Chiese\"}]},{\"@type\":\"WebSite\",\"@id\":\"https:\/\/www.diocesi.torino.it\/missionario\/#website\",\"url\":\"https:\/\/www.diocesi.torino.it\/missionario\/\",\"name\":\"Pastorale MISSIONARIA e cooperazione tra le Chiese\",\"description\":\"\",\"potentialAction\":[{\"@type\":\"SearchAction\",\"target\":{\"@type\":\"EntryPoint\",\"urlTemplate\":\"https:\/\/www.diocesi.torino.it\/missionario\/?s={search_term_string}\"},\"query-input\":\"required name=search_term_string\"}],\"inLanguage\":\"it-IT\"}]}<\/script>\n<!-- \/ Yoast SEO plugin. -->","yoast_head_json":{"title":"Cooperazione tra le Chiese - Pastorale MISSIONARIA e cooperazione tra le Chiese","robots":{"index":"index","follow":"follow","max-snippet":"max-snippet:-1","max-image-preview":"max-image-preview:large","max-video-preview":"max-video-preview:-1"},"canonical":"https:\/\/www.diocesi.torino.it\/missionario\/cooperazionetralechiese\/","og_locale":"it_IT","og_type":"article","og_title":"Cooperazione tra le Chiese - Pastorale MISSIONARIA e cooperazione tra le Chiese","og_description":"La Solidariet\u00e0 \u00e8 lottare contro le cause strutturali della povert\u00e0, della disuguaglianza, della mancanza di lavoro, terra e casa, della negazione dei diritti sociali e lavorativi. \u00c8 far fronte agli effetti distruttori dell\u2019impero del denaro: i dislocamenti forzati, le migrazioni dolorose, la tratta di persone, la droga, la guerra, la violenza. Fa crescere rapporti di scambio,\u00a0riequilibra le ingiustizie. La solidariet\u00e0\u00a0si traduce propriamente in\u00a0fraternit\u00e0\u00a0quando a praticarla &hellip; Continua a leggere &raquo;","og_url":"https:\/\/www.diocesi.torino.it\/missionario\/cooperazionetralechiese\/","og_site_name":"Pastorale MISSIONARIA e cooperazione tra le Chiese","article_modified_time":"2026-03-03T10:38:54+00:00","og_image":[{"url":"https:\/\/www.diocesi.torino.it\/missionario\/wp-content\/uploads\/sites\/17\/2024\/09\/sportello-collette-e-donazioni-2.jpg"}],"twitter_card":"summary_large_image","twitter_misc":{"Tempo di lettura stimato":"3 minuti"},"schema":{"@context":"https:\/\/schema.org","@graph":[{"@type":"WebPage","@id":"https:\/\/www.diocesi.torino.it\/missionario\/cooperazionetralechiese\/","url":"https:\/\/www.diocesi.torino.it\/missionario\/cooperazionetralechiese\/","name":"Cooperazione tra le Chiese - Pastorale MISSIONARIA e cooperazione tra le Chiese","isPartOf":{"@id":"https:\/\/www.diocesi.torino.it\/missionario\/#website"},"datePublished":"2010-03-11T14:39:00+00:00","dateModified":"2026-03-03T10:38:54+00:00","breadcrumb":{"@id":"https:\/\/www.diocesi.torino.it\/missionario\/cooperazionetralechiese\/#breadcrumb"},"inLanguage":"it-IT","potentialAction":[{"@type":"ReadAction","target":["https:\/\/www.diocesi.torino.it\/missionario\/cooperazionetralechiese\/"]}]},{"@type":"BreadcrumbList","@id":"https:\/\/www.diocesi.torino.it\/missionario\/cooperazionetralechiese\/#breadcrumb","itemListElement":[{"@type":"ListItem","position":1,"name":"Home","item":"https:\/\/www.diocesi.torino.it\/missionario\/"},{"@type":"ListItem","position":2,"name":"Cooperazione tra le Chiese"}]},{"@type":"WebSite","@id":"https:\/\/www.diocesi.torino.it\/missionario\/#website","url":"https:\/\/www.diocesi.torino.it\/missionario\/","name":"Pastorale MISSIONARIA e cooperazione tra le Chiese","description":"","potentialAction":[{"@type":"SearchAction","target":{"@type":"EntryPoint","urlTemplate":"https:\/\/www.diocesi.torino.it\/missionario\/?s={search_term_string}"},"query-input":"required name=search_term_string"}],"inLanguage":"it-IT"}]}},"_links":{"self":[{"href":"https:\/\/www.diocesi.torino.it\/missionario\/wp-json\/wp\/v2\/pages\/1069"}],"collection":[{"href":"https:\/\/www.diocesi.torino.it\/missionario\/wp-json\/wp\/v2\/pages"}],"about":[{"href":"https:\/\/www.diocesi.torino.it\/missionario\/wp-json\/wp\/v2\/types\/page"}],"author":[{"embeddable":true,"href":"https:\/\/www.diocesi.torino.it\/missionario\/wp-json\/wp\/v2\/users\/1"}],"replies":[{"embeddable":true,"href":"https:\/\/www.diocesi.torino.it\/missionario\/wp-json\/wp\/v2\/comments?post=1069"}],"version-history":[{"count":30,"href":"https:\/\/www.diocesi.torino.it\/missionario\/wp-json\/wp\/v2\/pages\/1069\/revisions"}],"predecessor-version":[{"id":14613,"href":"https:\/\/www.diocesi.torino.it\/missionario\/wp-json\/wp\/v2\/pages\/1069\/revisions\/14613"}],"wp:attachment":[{"href":"https:\/\/www.diocesi.torino.it\/missionario\/wp-json\/wp\/v2\/media?parent=1069"}],"curies":[{"name":"wp","href":"https:\/\/api.w.org\/{rel}","templated":true}]}}