{"id":1112,"date":"2012-12-20T17:27:00","date_gmt":"2012-12-20T16:27:00","guid":{"rendered":"http:\/\/www.diocesi.torino.it\/missionario\/cooperazione-missionaria\/giornata-missionaria-dei-ragazzi\/giornata-missionaria-ragazzi-2014\/la-pontificiaoperainfanziamissionaria-chi-siamo-e-cosa-facciamo\/"},"modified":"2017-06-23T12:14:26","modified_gmt":"2017-06-23T10:14:26","slug":"la-pontificiaoperainfanziamissionaria-chi-siamo-e-cosa-facciamo","status":"publish","type":"page","link":"https:\/\/www.diocesi.torino.it\/missionario\/cooperazionetralechiese\/giornata-missionaria-dei-ragazzi\/la-pontificiaoperainfanziamissionaria-chi-siamo-e-cosa-facciamo\/","title":{"rendered":"LA PontificiaOperaInfanziaMissionaria: Chi siamo e Cosa facciamo"},"content":{"rendered":"<div id=\"pl-1112\"  class=\"panel-layout\" ><div id=\"pg-1112-0\"  class=\"panel-grid panel-no-style\" ><div id=\"pgc-1112-0-0\"  class=\"panel-grid-cell\" ><div id=\"panel-1112-0-0-0\" class=\"so-panel widget widget_sow-editor panel-first-child panel-last-child\" data-index=\"0\" ><div\n\t\t\t\n\t\t\tclass=\"so-widget-sow-editor so-widget-sow-editor-base\"\n\t\t\t\n\t\t>\n<div class=\"siteorigin-widget-tinymce textwidget\">\n\t<div>\n<h4>Il servizio della POIM<\/h4>\n<div>\u00a0<\/div>\n<div>\u00a0<\/div>\n<div>La Pontificia Opera dell\u0092Infanzia Missionaria <strong>\u00e8 uno strumento valido, insieme alle altre Opere (Propagazione della Fede, San Pietro Apostolo, Unione Missionaria), per animare e formare missionariamente il popolo di Dio. (Benedetto XVI, Messaggio per la Giornata Missionaria Mondiale 2008) In particolare, essa si rivolge ai ragazzi di et\u00e0 compresa tra gli 8 e i 14 anni. I ragazzi sono i veri protagonisti dell\u0092azione missionaria e gli attori principali del mandato missionario che hanno ricevuto in virt\u00f9 del loro Battesimo.<\/strong> La POIM accompagna i ragazzi attraverso la testimonianza, il gioco, la preghiera, la condivisione, verso una maggiore maturazione cristiana e missionaria. Essi sono incoraggiati a sviluppare la loro azione in famiglia, a scuola, in parrocchia e in tutti i luoghi di incontro con altri ragazzi della loro et\u00e0. L\u0092opera \u00e8 a servizio della Chiesa universale e locale.<\/div>\n<div>\u0095 Non \u00e8 un gruppo o movimento autonomo che opera individualmente, ma si inserisce ed opera con i centri di animazione gi\u00e0 esistenti.<\/div>\n<div>\u0095 Non svolge attivit\u00e0 separate dagli altri gruppi presenti in parrocchia o in diocesi, ma si pone al loro servizio, come stimolo all\u0092azione missionaria.<\/div>\n<div>\u0095 Le sue attivit\u00e0 non sono mai esclusive, ma vengono organizzate e realizzate con la collaborazione di tutti i gruppi di animazione presenti nella realt\u00e0 locale (Scout, Azione Cattolica, Catechismo ecc.).<\/div>\n<div><strong>Tutto nasce dalla collaborazione e dalla comunione universale<\/strong>. Il parroco pu\u00f2 sempre scegliere di costituire un gruppo di ragazzi missionari, con il proprio nome, il proprio patrono e i propri impegni concreti, ma i ragazzi che vi faranno parte avranno l\u0092impegno di continuare a partecipare alla catechesi parrocchiale ed agli altri servizi di evangelizzazione offerti dalla loro famiglia, dalla loro scuola e dagli altri gruppi presenti.<\/div>\n<div>\u00a0<\/div>\n<h4>La Storia e il Fondatore<\/h4>\n<div>\u00a0<\/div>\n<div>La Pontificia Opera dell'Infazia Missionaria, conosciuta a livello internazionale come Pontificia Opera della Santa Infanzia (POSI), <strong>\u00e8 nata ufficialmente a Parigi, il 19 maggio 1843 (compleanno della POIM), dall'intuizione del Vescovo di Nancy (Francia), Mons. Charles Auguste de Forbin-Janson<\/strong> (1785 \u0096 1844), colpito dai racconti dei missionari cinesi circa il dramma dei bambini che all'epoca erano costretti ad abbandonare le proprie famiglie per mancanza di denaro.<\/div>\n<div>\u00a0<\/div>\n<div>L'idea ispiratrice, che \u00e8 quella che accompagna tutt'oggi il servizio dell'Opera, fu che i ragazzi hanno un ruolo fondamentale nell'aiutare i loro coetanei, attraverso la preghiera e la condivisione; da qui il motto: I BAMBINI AIUTANO I BAMBINI<\/div>\n<div>\u0095 In Italia la POIM venne introdotta nel 1853.<\/div>\n<div>\u0095 Venne riconosciuta come \"Pontificia\" da Papa Pio XI, il 3 maggio 1922.<\/div>\n<div>\u00a0<\/div>\n<div>\u00a0<\/div>\n<h4>Missio Ragazzi:<\/h4>\n<div><strong>Missio Ragazzi, all\u0092interno della Fondazione Missio costituisce l\u0092ambito pastorale rivolto ai bambini e ai pre adolescenti con lo scopo di sensibilizzare e migliorare la conoscenza sul mondo missionario.<\/strong><\/div>\n<div>\u00a0<\/div>\n<div>L\u0092intuizione pedagogica che sta alla base della fondazione della Pontificia Opera dell\u0092Infanzia Missionaria \u0096 rappresentata da Missio Ragazzi \u0096 fu l\u0092affermazione che i ragazzi sono non solo oggetto dell\u0092intervento educativo, ma soggetto nella relazione educativa. <strong>Nel nostro caso i ragazzi non sono solo destinatari di un\u0092informazione missionaria che accresca in loro la sensibilit\u00e0 al tema, ma soggetti missionari essi stessi, capaci di professare la fede e di diffonderla ai loro coetanei e testimoniarla agli adulti.<\/strong><\/div>\n<div><strong>\u00a0<\/strong><\/div>\n<div>Non occorre attendere la maturit\u00e0 per entrare di cuore nel mistero della persona di Ges\u00f9 \u0096 che tra l\u0092altro fu anche lui ragazzo, chiamato a crescere in \u0093et\u00e0, sapienza e grazia\u0094, cio\u00e8 in tutte le dimensioni umane \u0096 e per esserne testimoni. E quanto pi\u00f9 l\u0092et\u00e0 dei ragazzi appare complicata nei tempi attuali dalle mode e dalle tecnologie tanto pi\u00f9 confidiamo che lo Spirito susciti in essi non \u0093piccoli\u0094 cristiani, ma veri cristiani e veri apostoli, capaci di districarsi nelle complessit\u00e0 e di svelare al mondo adulto percorsi nuovi di fede e di apostolato.<\/div>\n<div>\u00a0<\/div>\n<div>Naturalmente questo non dispensa genitori, educatori, animatori e il mondo adulto in genere dall\u0092essere appassionati testimoni di Ges\u00f9, del Vangelo e della missione. Spesso sono loro la voce dello Spirito che suggerisce ai ragazzi e ai giovani la possibilit\u00e0 di essere anche tu come Ges\u00f9. Allo stesso tempo, affinch\u00e9 la vita gridi la testimonianza delle nostre parole, sentiremo come essenziale per il compito educativo coltivare la relazione con Ges\u00f9 fatta di preghiera, di ascolto, di ricerca del suo volto.<\/div>\n<div>\u00a0<\/div>\n<div>L\u0092Infanzia Missionaria Insieme all'Opera della Propagazione della Fede, all'Unione Missionaria e all'Opera di San Pietro Apostolo, fa parte della grande famiglia delle Pontificie Opere Missionarie.<\/div>\n<div>\u0095 L'opera \u00e8 rappresentata in quasi tutti i Paesi del Mondo.<\/div>\n<div>\u0095 In Italia \u00e8 presente in tutte le Diocesi ed opera all'interno del Centro Missionario Diocesano. Ha una segreteria nazionale.<\/div>\n<div>La sede nazionale \u00e8 a Roma, in via Aurelia 796.<\/div>\n<div>\u00a0<\/div>\n<div><strong>Missio Ragazzi, grazie alla generosit\u00e0 di molti, riesce a sostenere, ogni anno, attraverso il Fondo Universale di Solidariet\u00e0 delle Pontificie Opere Missionarie, circa 2500 progetti nei 5 continenti. <\/strong><\/div>\n<div>\u00a0\u00a0<\/div>\n<\/div>\n<\/div>\n<\/div><\/div><\/div><\/div><\/div>","protected":false},"excerpt":{"rendered":"<p>Il servizio della POIM\u00a0\u00a0La Pontificia Opera dell\u0092Infanzia Missionaria \u00e8 uno strumento valido, insieme alle altre Opere (Propagazione della Fede, San Pietro Apostolo, Unione Missionaria), per animare e formare missionariamente il popolo di Dio. (Benedetto XVI, Messaggio per la Giornata Missionaria Mondiale 2008) In particolare, essa si rivolge ai ragazzi di et\u00e0 compresa tra gli 8 e i 14 anni. I ragazzi sono i veri protagonisti &hellip; <a href=\"https:\/\/www.diocesi.torino.it\/missionario\/cooperazionetralechiese\/giornata-missionaria-dei-ragazzi\/la-pontificiaoperainfanziamissionaria-chi-siamo-e-cosa-facciamo\/\" class=\"more-link\">Continua a leggere <span class=\"screen-reader-text\"><\/span> <span class=\"meta-nav\">&raquo;<\/span><\/a><\/p>\n","protected":false},"author":1,"featured_media":0,"parent":1105,"menu_order":0,"comment_status":"closed","ping_status":"closed","template":"","meta":{"ip_address":"","user_agent":"","level":"","revision":"","cookie_id":"","page_referer":"","html_form":"","_expiration-date-status":"","_expiration-date":0,"_expiration-date-type":"","_expiration-date-categories":[],"_expiration-date-options":[]},"acf":[],"yoast_head":"<!-- This site is optimized with the Yoast SEO plugin v20.8 - https:\/\/yoast.com\/wordpress\/plugins\/seo\/ -->\n<title>LA PontificiaOperaInfanziaMissionaria: Chi siamo e Cosa facciamo - Pastorale MISSIONARIA e cooperazione tra le Chiese<\/title>\n<meta name=\"robots\" content=\"index, follow, max-snippet:-1, max-image-preview:large, max-video-preview:-1\" \/>\n<link rel=\"canonical\" href=\"https:\/\/www.diocesi.torino.it\/missionario\/cooperazionetralechiese\/giornata-missionaria-dei-ragazzi\/la-pontificiaoperainfanziamissionaria-chi-siamo-e-cosa-facciamo\/\" \/>\n<meta property=\"og:locale\" content=\"it_IT\" \/>\n<meta property=\"og:type\" content=\"article\" \/>\n<meta property=\"og:title\" content=\"LA PontificiaOperaInfanziaMissionaria: Chi siamo e Cosa facciamo - Pastorale MISSIONARIA e cooperazione tra le Chiese\" \/>\n<meta property=\"og:description\" content=\"Il servizio della POIM\u00a0\u00a0La Pontificia Opera dell\u0092Infanzia Missionaria \u00e8 uno strumento valido, insieme alle altre Opere (Propagazione della Fede, San Pietro Apostolo, Unione Missionaria), per animare e formare missionariamente il popolo di Dio. (Benedetto XVI, Messaggio per la Giornata Missionaria Mondiale 2008) In particolare, essa si rivolge ai ragazzi di et\u00e0 compresa tra gli 8 e i 14 anni. I ragazzi sono i veri protagonisti &hellip; Continua a leggere &raquo;\" \/>\n<meta property=\"og:url\" content=\"https:\/\/www.diocesi.torino.it\/missionario\/cooperazionetralechiese\/giornata-missionaria-dei-ragazzi\/la-pontificiaoperainfanziamissionaria-chi-siamo-e-cosa-facciamo\/\" \/>\n<meta property=\"og:site_name\" content=\"Pastorale MISSIONARIA e cooperazione tra le Chiese\" \/>\n<meta property=\"article:modified_time\" content=\"2017-06-23T10:14:26+00:00\" \/>\n<meta name=\"twitter:card\" content=\"summary_large_image\" \/>\n<meta name=\"twitter:label1\" content=\"Tempo di lettura stimato\" \/>\n\t<meta name=\"twitter:data1\" content=\"4 minuti\" \/>\n<script type=\"application\/ld+json\" class=\"yoast-schema-graph\">{\"@context\":\"https:\/\/schema.org\",\"@graph\":[{\"@type\":\"WebPage\",\"@id\":\"https:\/\/www.diocesi.torino.it\/missionario\/cooperazionetralechiese\/giornata-missionaria-dei-ragazzi\/la-pontificiaoperainfanziamissionaria-chi-siamo-e-cosa-facciamo\/\",\"url\":\"https:\/\/www.diocesi.torino.it\/missionario\/cooperazionetralechiese\/giornata-missionaria-dei-ragazzi\/la-pontificiaoperainfanziamissionaria-chi-siamo-e-cosa-facciamo\/\",\"name\":\"LA PontificiaOperaInfanziaMissionaria: Chi siamo e Cosa facciamo - Pastorale MISSIONARIA e cooperazione tra le Chiese\",\"isPartOf\":{\"@id\":\"https:\/\/www.diocesi.torino.it\/missionario\/#website\"},\"datePublished\":\"2012-12-20T16:27:00+00:00\",\"dateModified\":\"2017-06-23T10:14:26+00:00\",\"breadcrumb\":{\"@id\":\"https:\/\/www.diocesi.torino.it\/missionario\/cooperazionetralechiese\/giornata-missionaria-dei-ragazzi\/la-pontificiaoperainfanziamissionaria-chi-siamo-e-cosa-facciamo\/#breadcrumb\"},\"inLanguage\":\"it-IT\",\"potentialAction\":[{\"@type\":\"ReadAction\",\"target\":[\"https:\/\/www.diocesi.torino.it\/missionario\/cooperazionetralechiese\/giornata-missionaria-dei-ragazzi\/la-pontificiaoperainfanziamissionaria-chi-siamo-e-cosa-facciamo\/\"]}]},{\"@type\":\"BreadcrumbList\",\"@id\":\"https:\/\/www.diocesi.torino.it\/missionario\/cooperazionetralechiese\/giornata-missionaria-dei-ragazzi\/la-pontificiaoperainfanziamissionaria-chi-siamo-e-cosa-facciamo\/#breadcrumb\",\"itemListElement\":[{\"@type\":\"ListItem\",\"position\":1,\"name\":\"Home\",\"item\":\"https:\/\/www.diocesi.torino.it\/missionario\/\"},{\"@type\":\"ListItem\",\"position\":2,\"name\":\"Cooperazione tra le Chiese\",\"item\":\"https:\/\/www.diocesi.torino.it\/missionario\/cooperazionetralechiese\/\"},{\"@type\":\"ListItem\",\"position\":3,\"name\":\"Giornata Missionaria dei Ragazzi\",\"item\":\"https:\/\/www.diocesi.torino.it\/missionario\/cooperazionetralechiese\/giornata-missionaria-dei-ragazzi\/\"},{\"@type\":\"ListItem\",\"position\":4,\"name\":\"LA PontificiaOperaInfanziaMissionaria: Chi siamo e Cosa facciamo\"}]},{\"@type\":\"WebSite\",\"@id\":\"https:\/\/www.diocesi.torino.it\/missionario\/#website\",\"url\":\"https:\/\/www.diocesi.torino.it\/missionario\/\",\"name\":\"Pastorale MISSIONARIA e cooperazione tra le Chiese\",\"description\":\"\",\"potentialAction\":[{\"@type\":\"SearchAction\",\"target\":{\"@type\":\"EntryPoint\",\"urlTemplate\":\"https:\/\/www.diocesi.torino.it\/missionario\/?s={search_term_string}\"},\"query-input\":\"required name=search_term_string\"}],\"inLanguage\":\"it-IT\"}]}<\/script>\n<!-- \/ Yoast SEO plugin. -->","yoast_head_json":{"title":"LA PontificiaOperaInfanziaMissionaria: Chi siamo e Cosa facciamo - Pastorale MISSIONARIA e cooperazione tra le Chiese","robots":{"index":"index","follow":"follow","max-snippet":"max-snippet:-1","max-image-preview":"max-image-preview:large","max-video-preview":"max-video-preview:-1"},"canonical":"https:\/\/www.diocesi.torino.it\/missionario\/cooperazionetralechiese\/giornata-missionaria-dei-ragazzi\/la-pontificiaoperainfanziamissionaria-chi-siamo-e-cosa-facciamo\/","og_locale":"it_IT","og_type":"article","og_title":"LA PontificiaOperaInfanziaMissionaria: Chi siamo e Cosa facciamo - Pastorale MISSIONARIA e cooperazione tra le Chiese","og_description":"Il servizio della POIM\u00a0\u00a0La Pontificia Opera dell\u0092Infanzia Missionaria \u00e8 uno strumento valido, insieme alle altre Opere (Propagazione della Fede, San Pietro Apostolo, Unione Missionaria), per animare e formare missionariamente il popolo di Dio. (Benedetto XVI, Messaggio per la Giornata Missionaria Mondiale 2008) In particolare, essa si rivolge ai ragazzi di et\u00e0 compresa tra gli 8 e i 14 anni. I ragazzi sono i veri protagonisti &hellip; Continua a leggere &raquo;","og_url":"https:\/\/www.diocesi.torino.it\/missionario\/cooperazionetralechiese\/giornata-missionaria-dei-ragazzi\/la-pontificiaoperainfanziamissionaria-chi-siamo-e-cosa-facciamo\/","og_site_name":"Pastorale MISSIONARIA e cooperazione tra le Chiese","article_modified_time":"2017-06-23T10:14:26+00:00","twitter_card":"summary_large_image","twitter_misc":{"Tempo di lettura stimato":"4 minuti"},"schema":{"@context":"https:\/\/schema.org","@graph":[{"@type":"WebPage","@id":"https:\/\/www.diocesi.torino.it\/missionario\/cooperazionetralechiese\/giornata-missionaria-dei-ragazzi\/la-pontificiaoperainfanziamissionaria-chi-siamo-e-cosa-facciamo\/","url":"https:\/\/www.diocesi.torino.it\/missionario\/cooperazionetralechiese\/giornata-missionaria-dei-ragazzi\/la-pontificiaoperainfanziamissionaria-chi-siamo-e-cosa-facciamo\/","name":"LA PontificiaOperaInfanziaMissionaria: Chi siamo e Cosa facciamo - Pastorale MISSIONARIA e cooperazione tra le Chiese","isPartOf":{"@id":"https:\/\/www.diocesi.torino.it\/missionario\/#website"},"datePublished":"2012-12-20T16:27:00+00:00","dateModified":"2017-06-23T10:14:26+00:00","breadcrumb":{"@id":"https:\/\/www.diocesi.torino.it\/missionario\/cooperazionetralechiese\/giornata-missionaria-dei-ragazzi\/la-pontificiaoperainfanziamissionaria-chi-siamo-e-cosa-facciamo\/#breadcrumb"},"inLanguage":"it-IT","potentialAction":[{"@type":"ReadAction","target":["https:\/\/www.diocesi.torino.it\/missionario\/cooperazionetralechiese\/giornata-missionaria-dei-ragazzi\/la-pontificiaoperainfanziamissionaria-chi-siamo-e-cosa-facciamo\/"]}]},{"@type":"BreadcrumbList","@id":"https:\/\/www.diocesi.torino.it\/missionario\/cooperazionetralechiese\/giornata-missionaria-dei-ragazzi\/la-pontificiaoperainfanziamissionaria-chi-siamo-e-cosa-facciamo\/#breadcrumb","itemListElement":[{"@type":"ListItem","position":1,"name":"Home","item":"https:\/\/www.diocesi.torino.it\/missionario\/"},{"@type":"ListItem","position":2,"name":"Cooperazione tra le Chiese","item":"https:\/\/www.diocesi.torino.it\/missionario\/cooperazionetralechiese\/"},{"@type":"ListItem","position":3,"name":"Giornata Missionaria dei Ragazzi","item":"https:\/\/www.diocesi.torino.it\/missionario\/cooperazionetralechiese\/giornata-missionaria-dei-ragazzi\/"},{"@type":"ListItem","position":4,"name":"LA PontificiaOperaInfanziaMissionaria: Chi siamo e Cosa facciamo"}]},{"@type":"WebSite","@id":"https:\/\/www.diocesi.torino.it\/missionario\/#website","url":"https:\/\/www.diocesi.torino.it\/missionario\/","name":"Pastorale MISSIONARIA e cooperazione tra le Chiese","description":"","potentialAction":[{"@type":"SearchAction","target":{"@type":"EntryPoint","urlTemplate":"https:\/\/www.diocesi.torino.it\/missionario\/?s={search_term_string}"},"query-input":"required name=search_term_string"}],"inLanguage":"it-IT"}]}},"_links":{"self":[{"href":"https:\/\/www.diocesi.torino.it\/missionario\/wp-json\/wp\/v2\/pages\/1112"}],"collection":[{"href":"https:\/\/www.diocesi.torino.it\/missionario\/wp-json\/wp\/v2\/pages"}],"about":[{"href":"https:\/\/www.diocesi.torino.it\/missionario\/wp-json\/wp\/v2\/types\/page"}],"author":[{"embeddable":true,"href":"https:\/\/www.diocesi.torino.it\/missionario\/wp-json\/wp\/v2\/users\/1"}],"replies":[{"embeddable":true,"href":"https:\/\/www.diocesi.torino.it\/missionario\/wp-json\/wp\/v2\/comments?post=1112"}],"version-history":[{"count":1,"href":"https:\/\/www.diocesi.torino.it\/missionario\/wp-json\/wp\/v2\/pages\/1112\/revisions"}],"predecessor-version":[{"id":2691,"href":"https:\/\/www.diocesi.torino.it\/missionario\/wp-json\/wp\/v2\/pages\/1112\/revisions\/2691"}],"up":[{"embeddable":true,"href":"https:\/\/www.diocesi.torino.it\/missionario\/wp-json\/wp\/v2\/pages\/1105"}],"wp:attachment":[{"href":"https:\/\/www.diocesi.torino.it\/missionario\/wp-json\/wp\/v2\/media?parent=1112"}],"curies":[{"name":"wp","href":"https:\/\/api.w.org\/{rel}","templated":true}]}}