{"id":1133,"date":"2010-06-17T15:24:00","date_gmt":"2010-06-17T13:24:00","guid":{"rendered":"http:\/\/www.diocesi.torino.it\/missionario\/cooperazione-missionaria\/giornata-mondiale-assistenza-ai-malati-di-lebbra\/lopera-dei-missionari-diocesani-a-favore-dei-malati-di-lebbra\/"},"modified":"2024-07-29T11:11:04","modified_gmt":"2024-07-29T09:11:04","slug":"assistenzaaimalatidilebbra","status":"publish","type":"page","link":"https:\/\/www.diocesi.torino.it\/missionario\/cooperazionetralechiese\/assistenzaaimalatidilebbra\/","title":{"rendered":"Assistenza ai malati di lebbra"},"content":{"rendered":"<div id=\"pl-1133\"  class=\"panel-layout\" ><div id=\"pg-1133-0\"  class=\"panel-grid panel-no-style\" ><div id=\"pgc-1133-0-0\"  class=\"panel-grid-cell\" ><div id=\"panel-1133-0-0-0\" class=\"so-panel widget widget_sow-editor panel-first-child\" data-index=\"0\" ><div\n\t\t\t\n\t\t\tclass=\"so-widget-sow-editor so-widget-sow-editor-base\"\n\t\t\t\n\t\t>\n<div class=\"siteorigin-widget-tinymce textwidget\">\n\t<div>\n<div><img decoding=\"async\" loading=\"lazy\" class=\"size-medium wp-image-7856 alignleft\" src=\"https:\/\/www.diocesi.torino.it\/missionario\/wp-content\/uploads\/sites\/17\/2022\/01\/LocandinaLebbra2023-e1673885068609-172x300.jpg\" alt=\"\" width=\"172\" height=\"300\" srcset=\"https:\/\/www.diocesi.torino.it\/missionario\/wp-content\/uploads\/sites\/17\/2022\/01\/LocandinaLebbra2023-e1673885068609-172x300.jpg 172w, https:\/\/www.diocesi.torino.it\/missionario\/wp-content\/uploads\/sites\/17\/2022\/01\/LocandinaLebbra2023-e1673885068609-587x1024.jpg 587w, https:\/\/www.diocesi.torino.it\/missionario\/wp-content\/uploads\/sites\/17\/2022\/01\/LocandinaLebbra2023-e1673885068609-768x1340.jpg 768w, https:\/\/www.diocesi.torino.it\/missionario\/wp-content\/uploads\/sites\/17\/2022\/01\/LocandinaLebbra2023-e1673885068609-160x280.jpg 160w, https:\/\/www.diocesi.torino.it\/missionario\/wp-content\/uploads\/sites\/17\/2022\/01\/LocandinaLebbra2023-e1673885068609-440x768.jpg 440w, https:\/\/www.diocesi.torino.it\/missionario\/wp-content\/uploads\/sites\/17\/2022\/01\/LocandinaLebbra2023-e1673885068609-600x1047.jpg 600w, https:\/\/www.diocesi.torino.it\/missionario\/wp-content\/uploads\/sites\/17\/2022\/01\/LocandinaLebbra2023-e1673885068609-800x1396.jpg 800w, https:\/\/www.diocesi.torino.it\/missionario\/wp-content\/uploads\/sites\/17\/2022\/01\/LocandinaLebbra2023-e1673885068609.jpg 836w\" sizes=\"(max-width: 172px) 100vw, 172px\" \/>La <strong>Giornata mondiale per i malati di lebbra<\/strong> Istituita nel 1954 da\u00a0<strong>Raoul Follereau<\/strong>, il profeta dei malati di lebbra, nell\u2019ultima domenica di gennaio, AIFO ricorda ogni anno con la GML che la lebbra non \u00e8 ancora scomparsa nel mondo, che \u00e8 ancora un problema di salute per le persone pi\u00f9 povere.<\/div>\n<div><\/div>\n<div>\n<p>La lebbra e\u0300 una delle 20 Malattie tropicali dimenticate che ogni anno colpiscono piu\u0300 di un miliardo di persone nel mondo causando disabilita\u0300. Sono tutte curabili e hanno cause comuni: poverta\u0300, mancanza di igiene e di alimentazione adeguata e sistemi sanitari locali molto deboli.<\/p>\n<p>La lebbra dunque esiste ancora? Si, anche se molti progressi sono stati fatti, ogni 2 minuti una persona nel mondo contrae la lebbra. Secondo le stime dell\u2019Organizzazione Mondiale della Sanit\u00e0 (OMS), nel mondo vi sono pi\u00f9 di tre milioni di persone con disabilit\u00e0 gravi causate dalla lebbra, e che richiedono cure quotidiane. La lebbra \u00e8 una malattia curabile, in modo facile e poco costoso, ma in tutto il mondo il morbo della lebbra, i virus come COVID19, Ebola, continuano a colpire troppe persone, solo per la mancanza della pi\u00f9 elementare sanit\u00e0 di base.<\/p>\n<p>Uniamoci per contrastare povert\u00e0, mancanza di istruzione, discriminazione che sono alla base di tutte le malattie legate fortemente alla povert\u00e0, lebbra inclusa. Questo \u00e8 possibile solo grazie all\u2019aiuto di tutti. Non abbassiamo la guardia.<\/p>\n<p>\u201cPerch\u00e9 il malato di lebbra cessi di essere lebbroso, bisogna guarire quelli che stanno bene dalla paura e dall\u2019indifferenza\u201d (Raoul Follereau).\u00a0 Il 9% dei lebbrosi ha meno di 15 anni e milioni di persone riportano disabilit\u00e0 e vengono emarginate a causa della lebbra. \u00c8 fondamentale continuare assieme il cammino di solidariet\u00e0 per ridare dignit\u00e0 a migliaia di persone.<\/p>\n<\/div>\n<div>La Chiesa nel mondo si prende cura dei fratelli malati di lebbra con 532 lebbrosari. Questa la ripartizione per continente: in Africa 201, in America 41 (totale), in Asia 269, in Europa 19 e in Oceania 2 (Fonte Agenzia Fides 2022).<\/div>\n<\/div>\n<div><\/div>\n<div>La nostra Arcidiocesi dal 1980 sostiene ogni anni lebbrosari, dispensari e missionari impegnati per la prevenzione e cura della lebbra e per il reinserimento degli ammalati.<\/div>\n<div><\/div>\n<div>Vai a presentazione <a href=\"https:\/\/www.diocesi.torino.it\/missionario\/giornata-mondiale-per-i-malati-di-lebbra-2024\/\"><strong>GML 2024<\/strong><\/a><\/div>\n<div>\n<div><\/div>\n<\/div>\n<h5><strong>Le malattie dimenticate esistono ancora. Aiutaci a cancellarle per sempre!<\/strong><\/h5>\n<\/div>\n<\/div><\/div><div id=\"panel-1133-0-0-1\" class=\"so-panel widget widget_sow-image panel-last-child\" data-index=\"1\" ><div\n\t\t\t\n\t\t\tclass=\"so-widget-sow-image so-widget-sow-image-default-8b5b6f678277-1133\"\n\t\t\t\n\t\t>\n\n<div class=\"sow-image-container\">\n\t\t\t<a href=\"https:\/\/www.diocesi.torino.it\/missionario\/come-donare\/\"\n\t\t\t\t\t>\n\t\t\t<img src=\"https:\/\/www.diocesi.torino.it\/missionario\/wp-content\/uploads\/sites\/17\/2024\/07\/come-1.jpg\" width=\"200\" height=\"100\" sizes=\"(max-width: 200px) 100vw, 200px\" title=\"come\" alt=\"\" loading=\"lazy\" \t\tclass=\"so-widget-image\"\/>\n\t<\/a><\/div>\n\n<\/div><\/div><\/div><\/div><\/div><hr class=\"wpba_attachment_hr\"><div id='wpba_attachment_list' class='wpba wpba-wrap'>\n<ul class='wpba-attachment-list unstyled'><li id='wpba_attachment_list_7854' class='wpba-list-item pull-left'><img src='https:\/\/www.diocesi.torino.it\/missionario\/wp-content\/themes\/wp-starter-so\/icons\/document.png' width='16' height='20' class='wpba-icon pull-left'><a href='https:\/\/www.diocesi.torino.it\/missionario\/wp-content\/uploads\/sites\/17\/2022\/01\/PieghevoleLebbra2023_web.pdf' title='PieghevoleLebbra2023_web' class='wpba-link pull-left' target=\"_blank\">PieghevoleLebbra2023_web<\/a><\/li>\n<li id='wpba_attachment_list_9748' class='wpba-list-item pull-left'><img src='https:\/\/www.diocesi.torino.it\/missionario\/wp-content\/themes\/wp-starter-so\/icons\/document.png' width='16' height='20' class='wpba-icon pull-left'><a href='https:\/\/www.diocesi.torino.it\/missionario\/wp-content\/uploads\/sites\/17\/2024\/07\/RENDICONTO-GIORNATA-MONDIALE-LEBBRA-2023.pdf' title='RENDICONTO-GIORNATA-MONDIALE-LEBBRA-2023' class='wpba-link pull-left' target=\"_blank\">RENDICONTO-GIORNATA-MONDIALE-LEBBRA-2023<\/a><\/li>\n<li id='wpba_attachment_list_9749' class='wpba-list-item pull-left'><img src='https:\/\/www.diocesi.torino.it\/missionario\/wp-content\/themes\/wp-starter-so\/icons\/document.png' width='16' height='20' class='wpba-icon pull-left'><a href='https:\/\/www.diocesi.torino.it\/missionario\/wp-content\/uploads\/sites\/17\/2024\/07\/PieghevoleLebbra2024.pdf' title='PieghevoleLebbra2024' class='wpba-link pull-left' target=\"_blank\">PieghevoleLebbra2024<\/a><\/li>\n<\/ul><\/div>\n","protected":false},"excerpt":{"rendered":"<p>La Giornata mondiale per i malati di lebbra Istituita nel 1954 da\u00a0Raoul Follereau, il profeta dei malati di lebbra, nell\u2019ultima domenica di gennaio, AIFO ricorda ogni anno con la GML che la lebbra non \u00e8 ancora scomparsa nel mondo, che \u00e8 ancora un problema di salute per le persone pi\u00f9 povere. La lebbra e\u0300 una delle 20 Malattie tropicali dimenticate che ogni anno colpiscono piu\u0300 &hellip; <a href=\"https:\/\/www.diocesi.torino.it\/missionario\/cooperazionetralechiese\/assistenzaaimalatidilebbra\/\" class=\"more-link\">Continua a leggere <span class=\"screen-reader-text\"><\/span> <span class=\"meta-nav\">&raquo;<\/span><\/a><\/p>\n","protected":false},"author":1,"featured_media":7856,"parent":1069,"menu_order":3,"comment_status":"closed","ping_status":"closed","template":"","meta":{"ip_address":"","user_agent":"","level":"","revision":"","cookie_id":"","page_referer":"","html_form":"","_expiration-date-status":"","_expiration-date":0,"_expiration-date-type":"","_expiration-date-categories":[],"_expiration-date-options":[]},"acf":[],"yoast_head":"<!-- This site is optimized with the Yoast SEO plugin v20.8 - https:\/\/yoast.com\/wordpress\/plugins\/seo\/ -->\n<title>Assistenza ai malati di lebbra - Pastorale MISSIONARIA e cooperazione tra le Chiese<\/title>\n<meta name=\"robots\" content=\"index, follow, max-snippet:-1, max-image-preview:large, max-video-preview:-1\" \/>\n<link rel=\"canonical\" href=\"https:\/\/www.diocesi.torino.it\/missionario\/cooperazionetralechiese\/assistenzaaimalatidilebbra\/\" \/>\n<meta property=\"og:locale\" content=\"it_IT\" \/>\n<meta property=\"og:type\" content=\"article\" \/>\n<meta property=\"og:title\" content=\"Assistenza ai malati di lebbra - Pastorale MISSIONARIA e cooperazione tra le Chiese\" \/>\n<meta property=\"og:description\" content=\"La Giornata mondiale per i malati di lebbra Istituita nel 1954 da\u00a0Raoul Follereau, il profeta dei malati di lebbra, nell\u2019ultima domenica di gennaio, AIFO ricorda ogni anno con la GML che la lebbra non \u00e8 ancora scomparsa nel mondo, che \u00e8 ancora un problema di salute per le persone pi\u00f9 povere. La lebbra e\u0300 una delle 20 Malattie tropicali dimenticate che ogni anno colpiscono piu\u0300 &hellip; Continua a leggere &raquo;\" \/>\n<meta property=\"og:url\" content=\"https:\/\/www.diocesi.torino.it\/missionario\/cooperazionetralechiese\/assistenzaaimalatidilebbra\/\" \/>\n<meta property=\"og:site_name\" content=\"Pastorale MISSIONARIA e cooperazione tra le Chiese\" \/>\n<meta property=\"article:modified_time\" content=\"2024-07-29T09:11:04+00:00\" \/>\n<meta property=\"og:image\" content=\"https:\/\/www.diocesi.torino.it\/missionario\/wp-content\/uploads\/sites\/17\/2022\/01\/LocandinaLebbra2023-e1673885068609.jpg\" \/>\n\t<meta property=\"og:image:width\" content=\"836\" \/>\n\t<meta property=\"og:image:height\" content=\"1459\" \/>\n\t<meta property=\"og:image:type\" content=\"image\/jpeg\" \/>\n<meta name=\"twitter:card\" content=\"summary_large_image\" \/>\n<meta name=\"twitter:label1\" content=\"Tempo di lettura stimato\" \/>\n\t<meta name=\"twitter:data1\" content=\"3 minuti\" \/>\n<script type=\"application\/ld+json\" class=\"yoast-schema-graph\">{\"@context\":\"https:\/\/schema.org\",\"@graph\":[{\"@type\":\"WebPage\",\"@id\":\"https:\/\/www.diocesi.torino.it\/missionario\/cooperazionetralechiese\/assistenzaaimalatidilebbra\/\",\"url\":\"https:\/\/www.diocesi.torino.it\/missionario\/cooperazionetralechiese\/assistenzaaimalatidilebbra\/\",\"name\":\"Assistenza ai malati di lebbra - Pastorale MISSIONARIA e cooperazione tra le Chiese\",\"isPartOf\":{\"@id\":\"https:\/\/www.diocesi.torino.it\/missionario\/#website\"},\"datePublished\":\"2010-06-17T13:24:00+00:00\",\"dateModified\":\"2024-07-29T09:11:04+00:00\",\"breadcrumb\":{\"@id\":\"https:\/\/www.diocesi.torino.it\/missionario\/cooperazionetralechiese\/assistenzaaimalatidilebbra\/#breadcrumb\"},\"inLanguage\":\"it-IT\",\"potentialAction\":[{\"@type\":\"ReadAction\",\"target\":[\"https:\/\/www.diocesi.torino.it\/missionario\/cooperazionetralechiese\/assistenzaaimalatidilebbra\/\"]}]},{\"@type\":\"BreadcrumbList\",\"@id\":\"https:\/\/www.diocesi.torino.it\/missionario\/cooperazionetralechiese\/assistenzaaimalatidilebbra\/#breadcrumb\",\"itemListElement\":[{\"@type\":\"ListItem\",\"position\":1,\"name\":\"Home\",\"item\":\"https:\/\/www.diocesi.torino.it\/missionario\/\"},{\"@type\":\"ListItem\",\"position\":2,\"name\":\"Cooperazione tra le Chiese\",\"item\":\"https:\/\/www.diocesi.torino.it\/missionario\/cooperazionetralechiese\/\"},{\"@type\":\"ListItem\",\"position\":3,\"name\":\"Assistenza ai malati di lebbra\"}]},{\"@type\":\"WebSite\",\"@id\":\"https:\/\/www.diocesi.torino.it\/missionario\/#website\",\"url\":\"https:\/\/www.diocesi.torino.it\/missionario\/\",\"name\":\"Pastorale MISSIONARIA e cooperazione tra le Chiese\",\"description\":\"\",\"potentialAction\":[{\"@type\":\"SearchAction\",\"target\":{\"@type\":\"EntryPoint\",\"urlTemplate\":\"https:\/\/www.diocesi.torino.it\/missionario\/?s={search_term_string}\"},\"query-input\":\"required name=search_term_string\"}],\"inLanguage\":\"it-IT\"}]}<\/script>\n<!-- \/ Yoast SEO plugin. -->","yoast_head_json":{"title":"Assistenza ai malati di lebbra - Pastorale MISSIONARIA e cooperazione tra le Chiese","robots":{"index":"index","follow":"follow","max-snippet":"max-snippet:-1","max-image-preview":"max-image-preview:large","max-video-preview":"max-video-preview:-1"},"canonical":"https:\/\/www.diocesi.torino.it\/missionario\/cooperazionetralechiese\/assistenzaaimalatidilebbra\/","og_locale":"it_IT","og_type":"article","og_title":"Assistenza ai malati di lebbra - Pastorale MISSIONARIA e cooperazione tra le Chiese","og_description":"La Giornata mondiale per i malati di lebbra Istituita nel 1954 da\u00a0Raoul Follereau, il profeta dei malati di lebbra, nell\u2019ultima domenica di gennaio, AIFO ricorda ogni anno con la GML che la lebbra non \u00e8 ancora scomparsa nel mondo, che \u00e8 ancora un problema di salute per le persone pi\u00f9 povere. La lebbra e\u0300 una delle 20 Malattie tropicali dimenticate che ogni anno colpiscono piu\u0300 &hellip; Continua a leggere &raquo;","og_url":"https:\/\/www.diocesi.torino.it\/missionario\/cooperazionetralechiese\/assistenzaaimalatidilebbra\/","og_site_name":"Pastorale MISSIONARIA e cooperazione tra le Chiese","article_modified_time":"2024-07-29T09:11:04+00:00","og_image":[{"width":836,"height":1459,"url":"https:\/\/www.diocesi.torino.it\/missionario\/wp-content\/uploads\/sites\/17\/2022\/01\/LocandinaLebbra2023-e1673885068609.jpg","type":"image\/jpeg"}],"twitter_card":"summary_large_image","twitter_misc":{"Tempo di lettura stimato":"3 minuti"},"schema":{"@context":"https:\/\/schema.org","@graph":[{"@type":"WebPage","@id":"https:\/\/www.diocesi.torino.it\/missionario\/cooperazionetralechiese\/assistenzaaimalatidilebbra\/","url":"https:\/\/www.diocesi.torino.it\/missionario\/cooperazionetralechiese\/assistenzaaimalatidilebbra\/","name":"Assistenza ai malati di lebbra - Pastorale MISSIONARIA e cooperazione tra le Chiese","isPartOf":{"@id":"https:\/\/www.diocesi.torino.it\/missionario\/#website"},"datePublished":"2010-06-17T13:24:00+00:00","dateModified":"2024-07-29T09:11:04+00:00","breadcrumb":{"@id":"https:\/\/www.diocesi.torino.it\/missionario\/cooperazionetralechiese\/assistenzaaimalatidilebbra\/#breadcrumb"},"inLanguage":"it-IT","potentialAction":[{"@type":"ReadAction","target":["https:\/\/www.diocesi.torino.it\/missionario\/cooperazionetralechiese\/assistenzaaimalatidilebbra\/"]}]},{"@type":"BreadcrumbList","@id":"https:\/\/www.diocesi.torino.it\/missionario\/cooperazionetralechiese\/assistenzaaimalatidilebbra\/#breadcrumb","itemListElement":[{"@type":"ListItem","position":1,"name":"Home","item":"https:\/\/www.diocesi.torino.it\/missionario\/"},{"@type":"ListItem","position":2,"name":"Cooperazione tra le Chiese","item":"https:\/\/www.diocesi.torino.it\/missionario\/cooperazionetralechiese\/"},{"@type":"ListItem","position":3,"name":"Assistenza ai malati di lebbra"}]},{"@type":"WebSite","@id":"https:\/\/www.diocesi.torino.it\/missionario\/#website","url":"https:\/\/www.diocesi.torino.it\/missionario\/","name":"Pastorale MISSIONARIA e cooperazione tra le Chiese","description":"","potentialAction":[{"@type":"SearchAction","target":{"@type":"EntryPoint","urlTemplate":"https:\/\/www.diocesi.torino.it\/missionario\/?s={search_term_string}"},"query-input":"required name=search_term_string"}],"inLanguage":"it-IT"}]}},"_links":{"self":[{"href":"https:\/\/www.diocesi.torino.it\/missionario\/wp-json\/wp\/v2\/pages\/1133"}],"collection":[{"href":"https:\/\/www.diocesi.torino.it\/missionario\/wp-json\/wp\/v2\/pages"}],"about":[{"href":"https:\/\/www.diocesi.torino.it\/missionario\/wp-json\/wp\/v2\/types\/page"}],"author":[{"embeddable":true,"href":"https:\/\/www.diocesi.torino.it\/missionario\/wp-json\/wp\/v2\/users\/1"}],"replies":[{"embeddable":true,"href":"https:\/\/www.diocesi.torino.it\/missionario\/wp-json\/wp\/v2\/comments?post=1133"}],"version-history":[{"count":22,"href":"https:\/\/www.diocesi.torino.it\/missionario\/wp-json\/wp\/v2\/pages\/1133\/revisions"}],"predecessor-version":[{"id":9781,"href":"https:\/\/www.diocesi.torino.it\/missionario\/wp-json\/wp\/v2\/pages\/1133\/revisions\/9781"}],"up":[{"embeddable":true,"href":"https:\/\/www.diocesi.torino.it\/missionario\/wp-json\/wp\/v2\/pages\/1069"}],"wp:featuredmedia":[{"embeddable":true,"href":"https:\/\/www.diocesi.torino.it\/missionario\/wp-json\/wp\/v2\/media\/7856"}],"wp:attachment":[{"href":"https:\/\/www.diocesi.torino.it\/missionario\/wp-json\/wp\/v2\/media?parent=1133"}],"curies":[{"name":"wp","href":"https:\/\/api.w.org\/{rel}","templated":true}]}}