{"id":1135,"date":"2010-06-17T15:24:00","date_gmt":"2010-06-17T13:24:00","guid":{"rendered":"http:\/\/www.diocesi.torino.it\/missionario\/cooperazione-missionaria\/giornata-mondiale-assistenza-ai-malati-di-lebbra\/lopera-dei-missionari-diocesani-a-favore-dei-malati-di-lebbra\/comitato-s-o-s-india\/"},"modified":"2023-10-23T09:38:02","modified_gmt":"2023-10-23T07:38:02","slug":"comitato-s-o-s-india","status":"publish","type":"page","link":"https:\/\/www.diocesi.torino.it\/missionario\/cooperazionetralechiese\/assistenzaaimalatidilebbra\/comitato-s-o-s-india\/","title":{"rendered":"Comitato S.O.S. India"},"content":{"rendered":"<div id=\"pl-1135\"  class=\"panel-layout\" ><div id=\"pg-1135-0\"  class=\"panel-grid panel-no-style\" ><div id=\"pgc-1135-0-0\"  class=\"panel-grid-cell\" ><div id=\"panel-1135-0-0-0\" class=\"so-panel widget widget_sow-editor panel-first-child panel-last-child\" data-index=\"0\" ><div\n\t\t\t\n\t\t\tclass=\"so-widget-sow-editor so-widget-sow-editor-base\"\n\t\t\t\n\t\t>\n<div class=\"siteorigin-widget-tinymce textwidget\">\n\t<div>\n<div>\n<h3>I lebbrosi sono maestri\u00a0<\/h3>\n<div>In questa particolare crisi economica che stiamo attraversando, non e\u2019 sempre facile, parlare dei malati di lebbra, siamo chiusi in questo guscio, che non ci permette di capire ed immaginare  la sofferenza di un uomo che ogni giorno vede il suo corpo modificarsi e consumarsi.<\/div>\n<\/div>\n<div>Non hanno mani e piedi ma una forte volont\u00e0 di rendersi utili aiutando i loro fratelli pi\u00f9 bisognosi, rendendosi utili  alla comunit\u00e0 in cui vivono.<\/div>\n<div>E\u2019 un grande insegnamento Cristiano,poter condividere le sofferenze ed incoraggiarsi ad accettare questa terribile malattia.<\/div>\n<div>Per curare la lebbra non servono molti soldi, ma spesso i nostri  Missionari non hanno  le poche monete necessarie per acquistare le medicine.<\/div>\n<div>I padri mi dicono: Patrizia dica alla sua gente che con i soldi di semplice caff\u00e8  io posso salvare un bambino, un ragazzo da questa malattia invalidante. Mai come in questo momento ho visto ragazzi  ricoverati al lebbrosario, nonostante la prevenzione  nelle scuole e nei villaggi.<\/div>\n<div>Impariamo a condividere il nostro poco, impariamo a spezzare il \u201cPane dell\u2019Amore\u201d della condivisone con i nostri fratelli meno fortunati di noi.<\/div>\n<div>\u00a0<\/div>\n<div>Patrizia Bianconi \u2013Comitato Sos India<\/div>\n<div>Lebbrosario Jesu Ashram<\/div>\n<div>INDIA<\/div>\n<div>\u00a0<\/div>\n<div>\u00a0<\/div>\n<\/div>\n<div>\u00a0<\/div>\n<div><strong>Promosso da:\u00a0\u00a0<\/strong><\/div>\n<div>Bianconi Patrizia - Presidente Comitato di Iniziativa Umanitaria SoS India<\/div>\n<div><a target=\"_blank\" href=\"http:\/\/www.sosindiaonlus.org\">S.O.S. INDIA<\/a><\/div>\n<div>Comitato di Iniziativa Umanitaria onlus<\/div>\n<div>TORINO<\/div>\n<div>\u00a0<\/div>\n<div><strong>PRESENTAZIONE<\/strong><\/div>\n<div>\u00a0<\/div>\n<div>Nel momento in cui la Scienza Medica \u00e8 al suo massimo, i malati di lebbra continuano a fronteggiare un marchio d\u2019infamia nella societ\u00e0. La malattia viene ancora considerata come un terribile disgrazia. La gente continua a credere che sia una punizione di Dio per i peccati della vita precedente o per i peccati dei loro antenati. Certamente il \u201cmarchio\u201d \u00e8 diminuito, ma tuttavia continua ad esistere nella societ\u00e0 moderna. A causa della natura\u201canestetizzante\u201d della malattia, una persona affetta dalla malattia non se ne accorge ai primi sintomi. Anche quando la persona se ne rende conto, essa non deve affrontare alcun particolare problema, e perci\u00f2 non sente il bisogno di farsi curare. Cosicch\u00e9 la malattia procede di giorno in giorno. La persona infettata dal batterio della lebbra, presenta ulcere per varie ragioni: per esempio, nel nostro contesto, dove molte persone gustano ogni giorno tazze di th\u00e9 caldo, i lebbrosi non percepiscono il calore nelle loro mani. Mentre essi gustano le tazze di th\u00e9 caldo, le loro dita e le palme delle mani diventano anch\u2019esse \u201ccotte\u201d. In inverno, uno dei modi di scaldarsi \u00e8 quello di sedersi vicino al fuoco. Fino a che il lebbroso non percepisce veramente l\u2019esatto calore del fuoco, braccia e gambe si coprono di vesciche e sviluppano delle ulcere. Una piccola ferita alle loro estremit\u00e0 non li preoccupano: e questo \u00e8 il motivo per cui essi non cercano subito una cura. Molta gente aspetta fino a che la malattia \u00e8 molto avanzata, quando il loro corpo si deforma in un modo o nell\u2019altro. Per esempio, quando le mani del paziente cominciano ad \u201cartigliarsi\u201d, piedi e polsi si paralizzano, si sviluppano ulcere nei piedi, le infezioni si infiltrano nelle loro ossa e raggiungono lo stadio della chirurgia e dell\u2019amputazione, i muscoli delle palme degenerano e gli occhi perdono la vista. Una persona con questa malattia deve essere estremamente attenta nell\u2019aver cura del proprio corpo, ma molti non lo fanno.<\/div>\n<div>\u00a0<\/div>\n<div>Nel Nord-Bengala, Jesu Ashram \u00e8 l\u2019unico posto dove i malati di lebbra vengono accettati e curati per le loro ulcere od altre malattie. L\u2019accettare i malati di lebbra come una delle \u201cordinarie\u201d malattie, dedicando loro cure ed affetto da parte dello Staff, sono punti essenziali per Jesu Ashram.<\/div>\n<div>Jesu Ashram \u00e8 ben conosciuto per il servizio che svolge ai lebbrosi. Per le ragioni suddette, i lebbrosi arrivano da ogni dove giovarsi delle cure per le malattie. Ecco perch\u00e9 la Sezione Lebbra ha molti pazienti.<\/div>\n<div>\u00a0<\/div>\n<div>\u00a0<\/div>\n<\/div>\n<\/div><\/div><\/div><\/div><\/div>","protected":false},"excerpt":{"rendered":"<p>I lebbrosi sono maestri\u00a0In questa particolare crisi economica che stiamo attraversando, non e\u2019 sempre facile, parlare dei malati di lebbra, siamo chiusi in questo guscio, che non ci permette di capire ed immaginare la sofferenza di un uomo che ogni giorno vede il suo corpo modificarsi e consumarsi.Non hanno mani e piedi ma una forte volont\u00e0 di rendersi utili aiutando i loro fratelli pi\u00f9 bisognosi, &hellip; <a href=\"https:\/\/www.diocesi.torino.it\/missionario\/cooperazionetralechiese\/assistenzaaimalatidilebbra\/comitato-s-o-s-india\/\" class=\"more-link\">Continua a leggere <span class=\"screen-reader-text\"><\/span> <span class=\"meta-nav\">&raquo;<\/span><\/a><\/p>\n","protected":false},"author":1,"featured_media":2715,"parent":1133,"menu_order":0,"comment_status":"closed","ping_status":"closed","template":"","meta":{"ip_address":"","user_agent":"","level":"","revision":"","cookie_id":"","page_referer":"","html_form":"","_expiration-date-status":"","_expiration-date":0,"_expiration-date-type":"","_expiration-date-categories":[],"_expiration-date-options":[]},"acf":[],"yoast_head":"<!-- This site is optimized with the Yoast SEO plugin v20.8 - https:\/\/yoast.com\/wordpress\/plugins\/seo\/ -->\n<title>Comitato S.O.S. India - Pastorale MISSIONARIA e cooperazione tra le Chiese<\/title>\n<meta name=\"robots\" content=\"index, follow, max-snippet:-1, max-image-preview:large, max-video-preview:-1\" \/>\n<link rel=\"canonical\" href=\"https:\/\/www.diocesi.torino.it\/missionario\/cooperazionetralechiese\/assistenzaaimalatidilebbra\/comitato-s-o-s-india\/\" \/>\n<meta property=\"og:locale\" content=\"it_IT\" \/>\n<meta property=\"og:type\" content=\"article\" \/>\n<meta property=\"og:title\" content=\"Comitato S.O.S. India - Pastorale MISSIONARIA e cooperazione tra le Chiese\" \/>\n<meta property=\"og:description\" content=\"I lebbrosi sono maestri\u00a0In questa particolare crisi economica che stiamo attraversando, non e\u2019 sempre facile, parlare dei malati di lebbra, siamo chiusi in questo guscio, che non ci permette di capire ed immaginare la sofferenza di un uomo che ogni giorno vede il suo corpo modificarsi e consumarsi.Non hanno mani e piedi ma una forte volont\u00e0 di rendersi utili aiutando i loro fratelli pi\u00f9 bisognosi, &hellip; Continua a leggere &raquo;\" \/>\n<meta property=\"og:url\" content=\"https:\/\/www.diocesi.torino.it\/missionario\/cooperazionetralechiese\/assistenzaaimalatidilebbra\/comitato-s-o-s-india\/\" \/>\n<meta property=\"og:site_name\" content=\"Pastorale MISSIONARIA e cooperazione tra le Chiese\" \/>\n<meta property=\"article:modified_time\" content=\"2023-10-23T07:38:02+00:00\" \/>\n<meta property=\"og:image\" content=\"https:\/\/www.diocesi.torino.it\/missionario\/wp-content\/uploads\/sites\/17\/2017\/06\/Foto-n-1.jpg\" \/>\n\t<meta property=\"og:image:width\" content=\"458\" \/>\n\t<meta property=\"og:image:height\" content=\"259\" \/>\n\t<meta property=\"og:image:type\" content=\"image\/jpeg\" \/>\n<meta name=\"twitter:card\" content=\"summary_large_image\" \/>\n<meta name=\"twitter:label1\" content=\"Tempo di lettura stimato\" \/>\n\t<meta name=\"twitter:data1\" content=\"4 minuti\" \/>\n<script type=\"application\/ld+json\" class=\"yoast-schema-graph\">{\"@context\":\"https:\/\/schema.org\",\"@graph\":[{\"@type\":\"WebPage\",\"@id\":\"https:\/\/www.diocesi.torino.it\/missionario\/cooperazionetralechiese\/assistenzaaimalatidilebbra\/comitato-s-o-s-india\/\",\"url\":\"https:\/\/www.diocesi.torino.it\/missionario\/cooperazionetralechiese\/assistenzaaimalatidilebbra\/comitato-s-o-s-india\/\",\"name\":\"Comitato S.O.S. India - Pastorale MISSIONARIA e cooperazione tra le Chiese\",\"isPartOf\":{\"@id\":\"https:\/\/www.diocesi.torino.it\/missionario\/#website\"},\"datePublished\":\"2010-06-17T13:24:00+00:00\",\"dateModified\":\"2023-10-23T07:38:02+00:00\",\"breadcrumb\":{\"@id\":\"https:\/\/www.diocesi.torino.it\/missionario\/cooperazionetralechiese\/assistenzaaimalatidilebbra\/comitato-s-o-s-india\/#breadcrumb\"},\"inLanguage\":\"it-IT\",\"potentialAction\":[{\"@type\":\"ReadAction\",\"target\":[\"https:\/\/www.diocesi.torino.it\/missionario\/cooperazionetralechiese\/assistenzaaimalatidilebbra\/comitato-s-o-s-india\/\"]}]},{\"@type\":\"BreadcrumbList\",\"@id\":\"https:\/\/www.diocesi.torino.it\/missionario\/cooperazionetralechiese\/assistenzaaimalatidilebbra\/comitato-s-o-s-india\/#breadcrumb\",\"itemListElement\":[{\"@type\":\"ListItem\",\"position\":1,\"name\":\"Home\",\"item\":\"https:\/\/www.diocesi.torino.it\/missionario\/\"},{\"@type\":\"ListItem\",\"position\":2,\"name\":\"Cooperazione tra le Chiese\",\"item\":\"https:\/\/www.diocesi.torino.it\/missionario\/cooperazionetralechiese\/\"},{\"@type\":\"ListItem\",\"position\":3,\"name\":\"Assistenza ai malati di lebbra\",\"item\":\"https:\/\/www.diocesi.torino.it\/missionario\/cooperazionetralechiese\/assistenzaaimalatidilebbra\/\"},{\"@type\":\"ListItem\",\"position\":4,\"name\":\"Comitato S.O.S. India\"}]},{\"@type\":\"WebSite\",\"@id\":\"https:\/\/www.diocesi.torino.it\/missionario\/#website\",\"url\":\"https:\/\/www.diocesi.torino.it\/missionario\/\",\"name\":\"Pastorale MISSIONARIA e cooperazione tra le Chiese\",\"description\":\"\",\"potentialAction\":[{\"@type\":\"SearchAction\",\"target\":{\"@type\":\"EntryPoint\",\"urlTemplate\":\"https:\/\/www.diocesi.torino.it\/missionario\/?s={search_term_string}\"},\"query-input\":\"required name=search_term_string\"}],\"inLanguage\":\"it-IT\"}]}<\/script>\n<!-- \/ Yoast SEO plugin. -->","yoast_head_json":{"title":"Comitato S.O.S. India - Pastorale MISSIONARIA e cooperazione tra le Chiese","robots":{"index":"index","follow":"follow","max-snippet":"max-snippet:-1","max-image-preview":"max-image-preview:large","max-video-preview":"max-video-preview:-1"},"canonical":"https:\/\/www.diocesi.torino.it\/missionario\/cooperazionetralechiese\/assistenzaaimalatidilebbra\/comitato-s-o-s-india\/","og_locale":"it_IT","og_type":"article","og_title":"Comitato S.O.S. India - Pastorale MISSIONARIA e cooperazione tra le Chiese","og_description":"I lebbrosi sono maestri\u00a0In questa particolare crisi economica che stiamo attraversando, non e\u2019 sempre facile, parlare dei malati di lebbra, siamo chiusi in questo guscio, che non ci permette di capire ed immaginare la sofferenza di un uomo che ogni giorno vede il suo corpo modificarsi e consumarsi.Non hanno mani e piedi ma una forte volont\u00e0 di rendersi utili aiutando i loro fratelli pi\u00f9 bisognosi, &hellip; Continua a leggere &raquo;","og_url":"https:\/\/www.diocesi.torino.it\/missionario\/cooperazionetralechiese\/assistenzaaimalatidilebbra\/comitato-s-o-s-india\/","og_site_name":"Pastorale MISSIONARIA e cooperazione tra le Chiese","article_modified_time":"2023-10-23T07:38:02+00:00","og_image":[{"width":458,"height":259,"url":"https:\/\/www.diocesi.torino.it\/missionario\/wp-content\/uploads\/sites\/17\/2017\/06\/Foto-n-1.jpg","type":"image\/jpeg"}],"twitter_card":"summary_large_image","twitter_misc":{"Tempo di lettura stimato":"4 minuti"},"schema":{"@context":"https:\/\/schema.org","@graph":[{"@type":"WebPage","@id":"https:\/\/www.diocesi.torino.it\/missionario\/cooperazionetralechiese\/assistenzaaimalatidilebbra\/comitato-s-o-s-india\/","url":"https:\/\/www.diocesi.torino.it\/missionario\/cooperazionetralechiese\/assistenzaaimalatidilebbra\/comitato-s-o-s-india\/","name":"Comitato S.O.S. India - Pastorale MISSIONARIA e cooperazione tra le Chiese","isPartOf":{"@id":"https:\/\/www.diocesi.torino.it\/missionario\/#website"},"datePublished":"2010-06-17T13:24:00+00:00","dateModified":"2023-10-23T07:38:02+00:00","breadcrumb":{"@id":"https:\/\/www.diocesi.torino.it\/missionario\/cooperazionetralechiese\/assistenzaaimalatidilebbra\/comitato-s-o-s-india\/#breadcrumb"},"inLanguage":"it-IT","potentialAction":[{"@type":"ReadAction","target":["https:\/\/www.diocesi.torino.it\/missionario\/cooperazionetralechiese\/assistenzaaimalatidilebbra\/comitato-s-o-s-india\/"]}]},{"@type":"BreadcrumbList","@id":"https:\/\/www.diocesi.torino.it\/missionario\/cooperazionetralechiese\/assistenzaaimalatidilebbra\/comitato-s-o-s-india\/#breadcrumb","itemListElement":[{"@type":"ListItem","position":1,"name":"Home","item":"https:\/\/www.diocesi.torino.it\/missionario\/"},{"@type":"ListItem","position":2,"name":"Cooperazione tra le Chiese","item":"https:\/\/www.diocesi.torino.it\/missionario\/cooperazionetralechiese\/"},{"@type":"ListItem","position":3,"name":"Assistenza ai malati di lebbra","item":"https:\/\/www.diocesi.torino.it\/missionario\/cooperazionetralechiese\/assistenzaaimalatidilebbra\/"},{"@type":"ListItem","position":4,"name":"Comitato S.O.S. India"}]},{"@type":"WebSite","@id":"https:\/\/www.diocesi.torino.it\/missionario\/#website","url":"https:\/\/www.diocesi.torino.it\/missionario\/","name":"Pastorale MISSIONARIA e cooperazione tra le Chiese","description":"","potentialAction":[{"@type":"SearchAction","target":{"@type":"EntryPoint","urlTemplate":"https:\/\/www.diocesi.torino.it\/missionario\/?s={search_term_string}"},"query-input":"required name=search_term_string"}],"inLanguage":"it-IT"}]}},"_links":{"self":[{"href":"https:\/\/www.diocesi.torino.it\/missionario\/wp-json\/wp\/v2\/pages\/1135"}],"collection":[{"href":"https:\/\/www.diocesi.torino.it\/missionario\/wp-json\/wp\/v2\/pages"}],"about":[{"href":"https:\/\/www.diocesi.torino.it\/missionario\/wp-json\/wp\/v2\/types\/page"}],"author":[{"embeddable":true,"href":"https:\/\/www.diocesi.torino.it\/missionario\/wp-json\/wp\/v2\/users\/1"}],"replies":[{"embeddable":true,"href":"https:\/\/www.diocesi.torino.it\/missionario\/wp-json\/wp\/v2\/comments?post=1135"}],"version-history":[{"count":3,"href":"https:\/\/www.diocesi.torino.it\/missionario\/wp-json\/wp\/v2\/pages\/1135\/revisions"}],"predecessor-version":[{"id":8876,"href":"https:\/\/www.diocesi.torino.it\/missionario\/wp-json\/wp\/v2\/pages\/1135\/revisions\/8876"}],"up":[{"embeddable":true,"href":"https:\/\/www.diocesi.torino.it\/missionario\/wp-json\/wp\/v2\/pages\/1133"}],"wp:featuredmedia":[{"embeddable":true,"href":"https:\/\/www.diocesi.torino.it\/missionario\/wp-json\/wp\/v2\/media\/2715"}],"wp:attachment":[{"href":"https:\/\/www.diocesi.torino.it\/missionario\/wp-json\/wp\/v2\/media?parent=1135"}],"curies":[{"name":"wp","href":"https:\/\/api.w.org\/{rel}","templated":true}]}}