{"id":1137,"date":"2010-06-17T15:39:00","date_gmt":"2010-06-17T13:39:00","guid":{"rendered":"http:\/\/www.diocesi.torino.it\/missionario\/cooperazione-missionaria\/giornata-mondiale-assistenza-ai-malati-di-lebbra\/lopera-dei-missionari-diocesani-a-favore-dei-malati-di-lebbra\/suore-nazarene\/"},"modified":"2017-06-23T12:14:37","modified_gmt":"2017-06-23T10:14:37","slug":"suore-nazarene","status":"publish","type":"page","link":"https:\/\/www.diocesi.torino.it\/missionario\/cooperazionetralechiese\/assistenzaaimalatidilebbra\/suore-nazarene\/","title":{"rendered":"Suore Nazarene"},"content":{"rendered":"<div id=\"pl-1137\"  class=\"panel-layout\" ><div id=\"pg-1137-0\"  class=\"panel-grid panel-no-style\" ><div id=\"pgc-1137-0-0\"  class=\"panel-grid-cell\" ><div id=\"panel-1137-0-0-0\" class=\"so-panel widget widget_sow-editor panel-first-child panel-last-child\" data-index=\"0\" ><div\n\t\t\t\n\t\t\tclass=\"so-widget-sow-editor so-widget-sow-editor-base\"\n\t\t\t\n\t\t>\n<div class=\"siteorigin-widget-tinymce textwidget\">\n\t<h3>ACQUISTO DI RISO E CURA DEI PAZIENTI GIOVANI<\/p>\n<div>\n<div>\u00a0<\/div>\n<div>\u00a0<\/div>\n<\/div>\n<\/h3>\n<div>Con grande gioia, ringraziamo di cuore per la vostra generosit\u00e0. Con l\u2019offerta che ci avete mandato lo scorso anno abbiamo ripulito le casette dei malati e fatto provvista di cibo. Quest\u2019anno c\u2019\u00e8 stata siccit\u00e0 e il prezzo del riso \u00e8 molto aumentato.<\/div>\n<div>Attualmente abbiamo sedici malati ricoverati, purtroppo due o tre sono giovani. Speriamo, con le cure, di poter fermare la malattia.<\/div>\n<div>Ringraziamo di cuore quanti si donano senza sosta. I malati pregano per voi. La preghiera \u00e8 il mezzo pi\u00f9 potente per esprimere la riconoscenza verso chi li ama e li aiuta. Dio vi benedica e ricompensi<\/div>\n<div>\u00a0<\/div>\n<div>Suor Marie Ang\u00e8le Ramanampamonjy<\/div>\n<div>Suore Nazarene di Betroka<\/div>\n<div>\u00a0<\/div>\n<div>\n<h3>ILLUMINAZIONE NELLE CASETTE DEI MALATI E ACQUISTO DI UNA LAVABIANCHERIA<\/h3>\n<\/div>\n<div>A voi tutti che con tanto amore vi occupate dei nostri malati di lebbra, giunga la nostra riconoscenza.<\/div>\n<div>Abbiamo bisogno di far aggiustare l\u2019impianto di elettricit\u00e0 per avere l\u2019illuminazione nelle loro casette e dobbiamo comprare una lavabiancheria.<\/div>\n<div>I malati stanno volentieri e possono fare una vita normale come gli altri: coltivano, fanno piccoli lavori e la gente intorno non ha pi\u00f9 paura di loro.<\/div>\n<div>Anche in quest\u2019anno scolastico i loro figli possono frequentare regolarmente la scuola.<\/div>\n<div>Vi ricordiamo nelle nostre preghiere, grazie infinite.<\/div>\n<div>\u00a0<\/div>\n<div>Suor Marie Georgine Rasoamalala<\/div>\n<div>Suore Nazarene di Isoanala<\/div>\n<div>\u00a0<\/div>\n<div>\u00a0<\/div>\n<div>\u00a0<\/div>\n<div>\u00a0<\/div>\n<div>\u00a0<\/div>\n<\/div>\n<\/div><\/div><\/div><\/div><\/div>","protected":false},"excerpt":{"rendered":"<p>ACQUISTO DI RISO E CURA DEI PAZIENTI GIOVANI\u00a0\u00a0Con grande gioia, ringraziamo di cuore per la vostra generosit\u00e0. Con l\u2019offerta che ci avete mandato lo scorso anno abbiamo ripulito le casette dei malati e fatto provvista di cibo. Quest\u2019anno c\u2019\u00e8 stata siccit\u00e0 e il prezzo del riso \u00e8 molto aumentato.Attualmente abbiamo sedici malati ricoverati, purtroppo due o tre sono giovani. Speriamo, con le cure, di poter &hellip; <a href=\"https:\/\/www.diocesi.torino.it\/missionario\/cooperazionetralechiese\/assistenzaaimalatidilebbra\/suore-nazarene\/\" class=\"more-link\">Continua a leggere <span class=\"screen-reader-text\"><\/span> <span class=\"meta-nav\">&raquo;<\/span><\/a><\/p>\n","protected":false},"author":1,"featured_media":2717,"parent":1133,"menu_order":0,"comment_status":"closed","ping_status":"closed","template":"","meta":{"ip_address":"","user_agent":"","level":"","revision":"","cookie_id":"","page_referer":"","html_form":"","_expiration-date-status":"","_expiration-date":0,"_expiration-date-type":"","_expiration-date-categories":[],"_expiration-date-options":[]},"acf":[],"yoast_head":"<!-- This site is optimized with the Yoast SEO plugin v20.8 - https:\/\/yoast.com\/wordpress\/plugins\/seo\/ -->\n<title>Suore Nazarene - Pastorale MISSIONARIA e cooperazione tra le Chiese<\/title>\n<meta name=\"robots\" content=\"index, follow, max-snippet:-1, max-image-preview:large, max-video-preview:-1\" \/>\n<link rel=\"canonical\" href=\"https:\/\/www.diocesi.torino.it\/missionario\/cooperazionetralechiese\/assistenzaaimalatidilebbra\/suore-nazarene\/\" \/>\n<meta property=\"og:locale\" content=\"it_IT\" \/>\n<meta property=\"og:type\" content=\"article\" \/>\n<meta property=\"og:title\" content=\"Suore Nazarene - Pastorale MISSIONARIA e cooperazione tra le Chiese\" \/>\n<meta property=\"og:description\" content=\"ACQUISTO DI RISO E CURA DEI PAZIENTI GIOVANI\u00a0\u00a0Con grande gioia, ringraziamo di cuore per la vostra generosit\u00e0. Con l\u2019offerta che ci avete mandato lo scorso anno abbiamo ripulito le casette dei malati e fatto provvista di cibo. Quest\u2019anno c\u2019\u00e8 stata siccit\u00e0 e il prezzo del riso \u00e8 molto aumentato.Attualmente abbiamo sedici malati ricoverati, purtroppo due o tre sono giovani. Speriamo, con le cure, di poter &hellip; Continua a leggere &raquo;\" \/>\n<meta property=\"og:url\" content=\"https:\/\/www.diocesi.torino.it\/missionario\/cooperazionetralechiese\/assistenzaaimalatidilebbra\/suore-nazarene\/\" \/>\n<meta property=\"og:site_name\" content=\"Pastorale MISSIONARIA e cooperazione tra le Chiese\" \/>\n<meta property=\"article:modified_time\" content=\"2017-06-23T10:14:37+00:00\" \/>\n<meta property=\"og:image\" content=\"https:\/\/www.diocesi.torino.it\/missionario\/wp-content\/uploads\/sites\/17\/2017\/06\/Foto-n-4.jpg\" \/>\n\t<meta property=\"og:image:width\" content=\"314\" \/>\n\t<meta property=\"og:image:height\" content=\"428\" \/>\n\t<meta property=\"og:image:type\" content=\"image\/jpeg\" \/>\n<meta name=\"twitter:card\" content=\"summary_large_image\" \/>\n<meta name=\"twitter:label1\" content=\"Tempo di lettura stimato\" \/>\n\t<meta name=\"twitter:data1\" content=\"1 minuto\" \/>\n<script type=\"application\/ld+json\" class=\"yoast-schema-graph\">{\"@context\":\"https:\/\/schema.org\",\"@graph\":[{\"@type\":\"WebPage\",\"@id\":\"https:\/\/www.diocesi.torino.it\/missionario\/cooperazionetralechiese\/assistenzaaimalatidilebbra\/suore-nazarene\/\",\"url\":\"https:\/\/www.diocesi.torino.it\/missionario\/cooperazionetralechiese\/assistenzaaimalatidilebbra\/suore-nazarene\/\",\"name\":\"Suore Nazarene - Pastorale MISSIONARIA e cooperazione tra le Chiese\",\"isPartOf\":{\"@id\":\"https:\/\/www.diocesi.torino.it\/missionario\/#website\"},\"datePublished\":\"2010-06-17T13:39:00+00:00\",\"dateModified\":\"2017-06-23T10:14:37+00:00\",\"breadcrumb\":{\"@id\":\"https:\/\/www.diocesi.torino.it\/missionario\/cooperazionetralechiese\/assistenzaaimalatidilebbra\/suore-nazarene\/#breadcrumb\"},\"inLanguage\":\"it-IT\",\"potentialAction\":[{\"@type\":\"ReadAction\",\"target\":[\"https:\/\/www.diocesi.torino.it\/missionario\/cooperazionetralechiese\/assistenzaaimalatidilebbra\/suore-nazarene\/\"]}]},{\"@type\":\"BreadcrumbList\",\"@id\":\"https:\/\/www.diocesi.torino.it\/missionario\/cooperazionetralechiese\/assistenzaaimalatidilebbra\/suore-nazarene\/#breadcrumb\",\"itemListElement\":[{\"@type\":\"ListItem\",\"position\":1,\"name\":\"Home\",\"item\":\"https:\/\/www.diocesi.torino.it\/missionario\/\"},{\"@type\":\"ListItem\",\"position\":2,\"name\":\"Cooperazione tra le Chiese\",\"item\":\"https:\/\/www.diocesi.torino.it\/missionario\/cooperazionetralechiese\/\"},{\"@type\":\"ListItem\",\"position\":3,\"name\":\"Assistenza ai malati di lebbra\",\"item\":\"https:\/\/www.diocesi.torino.it\/missionario\/cooperazionetralechiese\/assistenzaaimalatidilebbra\/\"},{\"@type\":\"ListItem\",\"position\":4,\"name\":\"Suore Nazarene\"}]},{\"@type\":\"WebSite\",\"@id\":\"https:\/\/www.diocesi.torino.it\/missionario\/#website\",\"url\":\"https:\/\/www.diocesi.torino.it\/missionario\/\",\"name\":\"Pastorale MISSIONARIA e cooperazione tra le Chiese\",\"description\":\"\",\"potentialAction\":[{\"@type\":\"SearchAction\",\"target\":{\"@type\":\"EntryPoint\",\"urlTemplate\":\"https:\/\/www.diocesi.torino.it\/missionario\/?s={search_term_string}\"},\"query-input\":\"required name=search_term_string\"}],\"inLanguage\":\"it-IT\"}]}<\/script>\n<!-- \/ Yoast SEO plugin. -->","yoast_head_json":{"title":"Suore Nazarene - Pastorale MISSIONARIA e cooperazione tra le Chiese","robots":{"index":"index","follow":"follow","max-snippet":"max-snippet:-1","max-image-preview":"max-image-preview:large","max-video-preview":"max-video-preview:-1"},"canonical":"https:\/\/www.diocesi.torino.it\/missionario\/cooperazionetralechiese\/assistenzaaimalatidilebbra\/suore-nazarene\/","og_locale":"it_IT","og_type":"article","og_title":"Suore Nazarene - Pastorale MISSIONARIA e cooperazione tra le Chiese","og_description":"ACQUISTO DI RISO E CURA DEI PAZIENTI GIOVANI\u00a0\u00a0Con grande gioia, ringraziamo di cuore per la vostra generosit\u00e0. Con l\u2019offerta che ci avete mandato lo scorso anno abbiamo ripulito le casette dei malati e fatto provvista di cibo. Quest\u2019anno c\u2019\u00e8 stata siccit\u00e0 e il prezzo del riso \u00e8 molto aumentato.Attualmente abbiamo sedici malati ricoverati, purtroppo due o tre sono giovani. Speriamo, con le cure, di poter &hellip; Continua a leggere &raquo;","og_url":"https:\/\/www.diocesi.torino.it\/missionario\/cooperazionetralechiese\/assistenzaaimalatidilebbra\/suore-nazarene\/","og_site_name":"Pastorale MISSIONARIA e cooperazione tra le Chiese","article_modified_time":"2017-06-23T10:14:37+00:00","og_image":[{"width":314,"height":428,"url":"https:\/\/www.diocesi.torino.it\/missionario\/wp-content\/uploads\/sites\/17\/2017\/06\/Foto-n-4.jpg","type":"image\/jpeg"}],"twitter_card":"summary_large_image","twitter_misc":{"Tempo di lettura stimato":"1 minuto"},"schema":{"@context":"https:\/\/schema.org","@graph":[{"@type":"WebPage","@id":"https:\/\/www.diocesi.torino.it\/missionario\/cooperazionetralechiese\/assistenzaaimalatidilebbra\/suore-nazarene\/","url":"https:\/\/www.diocesi.torino.it\/missionario\/cooperazionetralechiese\/assistenzaaimalatidilebbra\/suore-nazarene\/","name":"Suore Nazarene - Pastorale MISSIONARIA e cooperazione tra le Chiese","isPartOf":{"@id":"https:\/\/www.diocesi.torino.it\/missionario\/#website"},"datePublished":"2010-06-17T13:39:00+00:00","dateModified":"2017-06-23T10:14:37+00:00","breadcrumb":{"@id":"https:\/\/www.diocesi.torino.it\/missionario\/cooperazionetralechiese\/assistenzaaimalatidilebbra\/suore-nazarene\/#breadcrumb"},"inLanguage":"it-IT","potentialAction":[{"@type":"ReadAction","target":["https:\/\/www.diocesi.torino.it\/missionario\/cooperazionetralechiese\/assistenzaaimalatidilebbra\/suore-nazarene\/"]}]},{"@type":"BreadcrumbList","@id":"https:\/\/www.diocesi.torino.it\/missionario\/cooperazionetralechiese\/assistenzaaimalatidilebbra\/suore-nazarene\/#breadcrumb","itemListElement":[{"@type":"ListItem","position":1,"name":"Home","item":"https:\/\/www.diocesi.torino.it\/missionario\/"},{"@type":"ListItem","position":2,"name":"Cooperazione tra le Chiese","item":"https:\/\/www.diocesi.torino.it\/missionario\/cooperazionetralechiese\/"},{"@type":"ListItem","position":3,"name":"Assistenza ai malati di lebbra","item":"https:\/\/www.diocesi.torino.it\/missionario\/cooperazionetralechiese\/assistenzaaimalatidilebbra\/"},{"@type":"ListItem","position":4,"name":"Suore Nazarene"}]},{"@type":"WebSite","@id":"https:\/\/www.diocesi.torino.it\/missionario\/#website","url":"https:\/\/www.diocesi.torino.it\/missionario\/","name":"Pastorale MISSIONARIA e cooperazione tra le Chiese","description":"","potentialAction":[{"@type":"SearchAction","target":{"@type":"EntryPoint","urlTemplate":"https:\/\/www.diocesi.torino.it\/missionario\/?s={search_term_string}"},"query-input":"required name=search_term_string"}],"inLanguage":"it-IT"}]}},"_links":{"self":[{"href":"https:\/\/www.diocesi.torino.it\/missionario\/wp-json\/wp\/v2\/pages\/1137"}],"collection":[{"href":"https:\/\/www.diocesi.torino.it\/missionario\/wp-json\/wp\/v2\/pages"}],"about":[{"href":"https:\/\/www.diocesi.torino.it\/missionario\/wp-json\/wp\/v2\/types\/page"}],"author":[{"embeddable":true,"href":"https:\/\/www.diocesi.torino.it\/missionario\/wp-json\/wp\/v2\/users\/1"}],"replies":[{"embeddable":true,"href":"https:\/\/www.diocesi.torino.it\/missionario\/wp-json\/wp\/v2\/comments?post=1137"}],"version-history":[{"count":1,"href":"https:\/\/www.diocesi.torino.it\/missionario\/wp-json\/wp\/v2\/pages\/1137\/revisions"}],"predecessor-version":[{"id":2716,"href":"https:\/\/www.diocesi.torino.it\/missionario\/wp-json\/wp\/v2\/pages\/1137\/revisions\/2716"}],"up":[{"embeddable":true,"href":"https:\/\/www.diocesi.torino.it\/missionario\/wp-json\/wp\/v2\/pages\/1133"}],"wp:featuredmedia":[{"embeddable":true,"href":"https:\/\/www.diocesi.torino.it\/missionario\/wp-json\/wp\/v2\/media\/2717"}],"wp:attachment":[{"href":"https:\/\/www.diocesi.torino.it\/missionario\/wp-json\/wp\/v2\/media?parent=1137"}],"curies":[{"name":"wp","href":"https:\/\/api.w.org\/{rel}","templated":true}]}}