{"id":1140,"date":"2010-06-17T15:49:00","date_gmt":"2010-06-17T13:49:00","guid":{"rendered":"http:\/\/www.diocesi.torino.it\/missionario\/cooperazione-missionaria\/giornata-mondiale-assistenza-ai-malati-di-lebbra\/lopera-dei-missionari-diocesani-a-favore-dei-malati-di-lebbra\/salesiani-don-bosco\/"},"modified":"2017-06-23T12:14:38","modified_gmt":"2017-06-23T10:14:38","slug":"salesiani-don-bosco","status":"publish","type":"page","link":"https:\/\/www.diocesi.torino.it\/missionario\/cooperazionetralechiese\/assistenzaaimalatidilebbra\/salesiani-don-bosco\/","title":{"rendered":"Salesiani don Bosco"},"content":{"rendered":"<div id=\"pl-1140\"  class=\"panel-layout\" ><div id=\"pg-1140-0\"  class=\"panel-grid panel-no-style\" ><div id=\"pgc-1140-0-0\"  class=\"panel-grid-cell\" ><div id=\"panel-1140-0-0-0\" class=\"so-panel widget widget_sow-editor panel-first-child panel-last-child\" data-index=\"0\" ><div\n\t\t\t\n\t\t\tclass=\"so-widget-sow-editor so-widget-sow-editor-base\"\n\t\t\t\n\t\t>\n<div class=\"siteorigin-widget-tinymce textwidget\">\n\t<div>La parrocchia di Tonj \u00e8 probabilmente una delle pi\u00f9 grandi e pi\u00f9 povere parrocchie del Sud Sudan: ha circa cento cappellanie o villaggi con una cappella normalmente fatta di fango e il tetto di paglia, dove si radunano i cristiani. A circa 20 Km da Tonj c\u0092\u00e8 il lebbrosario, lontano dalle abitazioni, vivono circa 60-70 lebbrosi; se i membri della famiglia sono infetti vivono assieme altrimenti vivono in altri villaggi.<\/p>\n<div>I lebbrosi vivono in poverissime capanne e fatte di fango con il tetto di paglia, e chi pu\u00f2 ancora camminare o usare le mani, anche se ridotti a moncherini, coltivano un po\u0092 di terra. A Tonj abbiamo un dispensario e l\u0092infermiere periodicamente li visita. Il parroco Fr. John Peter dice che le cose pi\u00f9 urgenti per la sopravvivenza di questi lebbrosi sono il cibo e i medicinali.<\/div>\n<p>\u00a0<\/p><\/div>\n<div>Giacomo Comino (sdb)<\/div>\n<\/div>\n<\/div><\/div><\/div><\/div><\/div>","protected":false},"excerpt":{"rendered":"<p>La parrocchia di Tonj \u00e8 probabilmente una delle pi\u00f9 grandi e pi\u00f9 povere parrocchie del Sud Sudan: ha circa cento cappellanie o villaggi con una cappella normalmente fatta di fango e il tetto di paglia, dove si radunano i cristiani. A circa 20 Km da Tonj c\u0092\u00e8 il lebbrosario, lontano dalle abitazioni, vivono circa 60-70 lebbrosi; se i membri della famiglia sono infetti vivono assieme &hellip; <a href=\"https:\/\/www.diocesi.torino.it\/missionario\/cooperazionetralechiese\/assistenzaaimalatidilebbra\/salesiani-don-bosco\/\" class=\"more-link\">Continua a leggere <span class=\"screen-reader-text\"><\/span> <span class=\"meta-nav\">&raquo;<\/span><\/a><\/p>\n","protected":false},"author":1,"featured_media":2720,"parent":1133,"menu_order":0,"comment_status":"closed","ping_status":"closed","template":"","meta":{"ip_address":"","user_agent":"","level":"","revision":"","cookie_id":"","page_referer":"","html_form":"","_expiration-date-status":"","_expiration-date":0,"_expiration-date-type":"","_expiration-date-categories":[],"_expiration-date-options":[]},"acf":[],"yoast_head":"<!-- This site is optimized with the Yoast SEO plugin v20.8 - https:\/\/yoast.com\/wordpress\/plugins\/seo\/ -->\n<title>Salesiani don Bosco - Pastorale MISSIONARIA e cooperazione tra le Chiese<\/title>\n<meta name=\"robots\" content=\"index, follow, max-snippet:-1, max-image-preview:large, max-video-preview:-1\" \/>\n<link rel=\"canonical\" href=\"https:\/\/www.diocesi.torino.it\/missionario\/cooperazionetralechiese\/assistenzaaimalatidilebbra\/salesiani-don-bosco\/\" \/>\n<meta property=\"og:locale\" content=\"it_IT\" \/>\n<meta property=\"og:type\" content=\"article\" \/>\n<meta property=\"og:title\" content=\"Salesiani don Bosco - Pastorale MISSIONARIA e cooperazione tra le Chiese\" \/>\n<meta property=\"og:description\" content=\"La parrocchia di Tonj \u00e8 probabilmente una delle pi\u00f9 grandi e pi\u00f9 povere parrocchie del Sud Sudan: ha circa cento cappellanie o villaggi con una cappella normalmente fatta di fango e il tetto di paglia, dove si radunano i cristiani. A circa 20 Km da Tonj c\u0092\u00e8 il lebbrosario, lontano dalle abitazioni, vivono circa 60-70 lebbrosi; se i membri della famiglia sono infetti vivono assieme &hellip; Continua a leggere &raquo;\" \/>\n<meta property=\"og:url\" content=\"https:\/\/www.diocesi.torino.it\/missionario\/cooperazionetralechiese\/assistenzaaimalatidilebbra\/salesiani-don-bosco\/\" \/>\n<meta property=\"og:site_name\" content=\"Pastorale MISSIONARIA e cooperazione tra le Chiese\" \/>\n<meta property=\"article:modified_time\" content=\"2017-06-23T10:14:38+00:00\" \/>\n<meta property=\"og:image\" content=\"https:\/\/www.diocesi.torino.it\/missionario\/wp-content\/uploads\/sites\/17\/2017\/06\/Foto-n.-3.jpg\" \/>\n\t<meta property=\"og:image:width\" content=\"2560\" \/>\n\t<meta property=\"og:image:height\" content=\"1920\" \/>\n\t<meta property=\"og:image:type\" content=\"image\/jpeg\" \/>\n<meta name=\"twitter:card\" content=\"summary_large_image\" \/>\n<meta name=\"twitter:label1\" content=\"Tempo di lettura stimato\" \/>\n\t<meta name=\"twitter:data1\" content=\"1 minuto\" \/>\n<script type=\"application\/ld+json\" class=\"yoast-schema-graph\">{\"@context\":\"https:\/\/schema.org\",\"@graph\":[{\"@type\":\"WebPage\",\"@id\":\"https:\/\/www.diocesi.torino.it\/missionario\/cooperazionetralechiese\/assistenzaaimalatidilebbra\/salesiani-don-bosco\/\",\"url\":\"https:\/\/www.diocesi.torino.it\/missionario\/cooperazionetralechiese\/assistenzaaimalatidilebbra\/salesiani-don-bosco\/\",\"name\":\"Salesiani don Bosco - Pastorale MISSIONARIA e cooperazione tra le Chiese\",\"isPartOf\":{\"@id\":\"https:\/\/www.diocesi.torino.it\/missionario\/#website\"},\"datePublished\":\"2010-06-17T13:49:00+00:00\",\"dateModified\":\"2017-06-23T10:14:38+00:00\",\"breadcrumb\":{\"@id\":\"https:\/\/www.diocesi.torino.it\/missionario\/cooperazionetralechiese\/assistenzaaimalatidilebbra\/salesiani-don-bosco\/#breadcrumb\"},\"inLanguage\":\"it-IT\",\"potentialAction\":[{\"@type\":\"ReadAction\",\"target\":[\"https:\/\/www.diocesi.torino.it\/missionario\/cooperazionetralechiese\/assistenzaaimalatidilebbra\/salesiani-don-bosco\/\"]}]},{\"@type\":\"BreadcrumbList\",\"@id\":\"https:\/\/www.diocesi.torino.it\/missionario\/cooperazionetralechiese\/assistenzaaimalatidilebbra\/salesiani-don-bosco\/#breadcrumb\",\"itemListElement\":[{\"@type\":\"ListItem\",\"position\":1,\"name\":\"Home\",\"item\":\"https:\/\/www.diocesi.torino.it\/missionario\/\"},{\"@type\":\"ListItem\",\"position\":2,\"name\":\"Cooperazione tra le Chiese\",\"item\":\"https:\/\/www.diocesi.torino.it\/missionario\/cooperazionetralechiese\/\"},{\"@type\":\"ListItem\",\"position\":3,\"name\":\"Assistenza ai malati di lebbra\",\"item\":\"https:\/\/www.diocesi.torino.it\/missionario\/cooperazionetralechiese\/assistenzaaimalatidilebbra\/\"},{\"@type\":\"ListItem\",\"position\":4,\"name\":\"Salesiani don Bosco\"}]},{\"@type\":\"WebSite\",\"@id\":\"https:\/\/www.diocesi.torino.it\/missionario\/#website\",\"url\":\"https:\/\/www.diocesi.torino.it\/missionario\/\",\"name\":\"Pastorale MISSIONARIA e cooperazione tra le Chiese\",\"description\":\"\",\"potentialAction\":[{\"@type\":\"SearchAction\",\"target\":{\"@type\":\"EntryPoint\",\"urlTemplate\":\"https:\/\/www.diocesi.torino.it\/missionario\/?s={search_term_string}\"},\"query-input\":\"required name=search_term_string\"}],\"inLanguage\":\"it-IT\"}]}<\/script>\n<!-- \/ Yoast SEO plugin. -->","yoast_head_json":{"title":"Salesiani don Bosco - Pastorale MISSIONARIA e cooperazione tra le Chiese","robots":{"index":"index","follow":"follow","max-snippet":"max-snippet:-1","max-image-preview":"max-image-preview:large","max-video-preview":"max-video-preview:-1"},"canonical":"https:\/\/www.diocesi.torino.it\/missionario\/cooperazionetralechiese\/assistenzaaimalatidilebbra\/salesiani-don-bosco\/","og_locale":"it_IT","og_type":"article","og_title":"Salesiani don Bosco - Pastorale MISSIONARIA e cooperazione tra le Chiese","og_description":"La parrocchia di Tonj \u00e8 probabilmente una delle pi\u00f9 grandi e pi\u00f9 povere parrocchie del Sud Sudan: ha circa cento cappellanie o villaggi con una cappella normalmente fatta di fango e il tetto di paglia, dove si radunano i cristiani. A circa 20 Km da Tonj c\u0092\u00e8 il lebbrosario, lontano dalle abitazioni, vivono circa 60-70 lebbrosi; se i membri della famiglia sono infetti vivono assieme &hellip; Continua a leggere &raquo;","og_url":"https:\/\/www.diocesi.torino.it\/missionario\/cooperazionetralechiese\/assistenzaaimalatidilebbra\/salesiani-don-bosco\/","og_site_name":"Pastorale MISSIONARIA e cooperazione tra le Chiese","article_modified_time":"2017-06-23T10:14:38+00:00","og_image":[{"width":2560,"height":1920,"url":"https:\/\/www.diocesi.torino.it\/missionario\/wp-content\/uploads\/sites\/17\/2017\/06\/Foto-n.-3.jpg","type":"image\/jpeg"}],"twitter_card":"summary_large_image","twitter_misc":{"Tempo di lettura stimato":"1 minuto"},"schema":{"@context":"https:\/\/schema.org","@graph":[{"@type":"WebPage","@id":"https:\/\/www.diocesi.torino.it\/missionario\/cooperazionetralechiese\/assistenzaaimalatidilebbra\/salesiani-don-bosco\/","url":"https:\/\/www.diocesi.torino.it\/missionario\/cooperazionetralechiese\/assistenzaaimalatidilebbra\/salesiani-don-bosco\/","name":"Salesiani don Bosco - Pastorale MISSIONARIA e cooperazione tra le Chiese","isPartOf":{"@id":"https:\/\/www.diocesi.torino.it\/missionario\/#website"},"datePublished":"2010-06-17T13:49:00+00:00","dateModified":"2017-06-23T10:14:38+00:00","breadcrumb":{"@id":"https:\/\/www.diocesi.torino.it\/missionario\/cooperazionetralechiese\/assistenzaaimalatidilebbra\/salesiani-don-bosco\/#breadcrumb"},"inLanguage":"it-IT","potentialAction":[{"@type":"ReadAction","target":["https:\/\/www.diocesi.torino.it\/missionario\/cooperazionetralechiese\/assistenzaaimalatidilebbra\/salesiani-don-bosco\/"]}]},{"@type":"BreadcrumbList","@id":"https:\/\/www.diocesi.torino.it\/missionario\/cooperazionetralechiese\/assistenzaaimalatidilebbra\/salesiani-don-bosco\/#breadcrumb","itemListElement":[{"@type":"ListItem","position":1,"name":"Home","item":"https:\/\/www.diocesi.torino.it\/missionario\/"},{"@type":"ListItem","position":2,"name":"Cooperazione tra le Chiese","item":"https:\/\/www.diocesi.torino.it\/missionario\/cooperazionetralechiese\/"},{"@type":"ListItem","position":3,"name":"Assistenza ai malati di lebbra","item":"https:\/\/www.diocesi.torino.it\/missionario\/cooperazionetralechiese\/assistenzaaimalatidilebbra\/"},{"@type":"ListItem","position":4,"name":"Salesiani don Bosco"}]},{"@type":"WebSite","@id":"https:\/\/www.diocesi.torino.it\/missionario\/#website","url":"https:\/\/www.diocesi.torino.it\/missionario\/","name":"Pastorale MISSIONARIA e cooperazione tra le Chiese","description":"","potentialAction":[{"@type":"SearchAction","target":{"@type":"EntryPoint","urlTemplate":"https:\/\/www.diocesi.torino.it\/missionario\/?s={search_term_string}"},"query-input":"required name=search_term_string"}],"inLanguage":"it-IT"}]}},"_links":{"self":[{"href":"https:\/\/www.diocesi.torino.it\/missionario\/wp-json\/wp\/v2\/pages\/1140"}],"collection":[{"href":"https:\/\/www.diocesi.torino.it\/missionario\/wp-json\/wp\/v2\/pages"}],"about":[{"href":"https:\/\/www.diocesi.torino.it\/missionario\/wp-json\/wp\/v2\/types\/page"}],"author":[{"embeddable":true,"href":"https:\/\/www.diocesi.torino.it\/missionario\/wp-json\/wp\/v2\/users\/1"}],"replies":[{"embeddable":true,"href":"https:\/\/www.diocesi.torino.it\/missionario\/wp-json\/wp\/v2\/comments?post=1140"}],"version-history":[{"count":1,"href":"https:\/\/www.diocesi.torino.it\/missionario\/wp-json\/wp\/v2\/pages\/1140\/revisions"}],"predecessor-version":[{"id":2719,"href":"https:\/\/www.diocesi.torino.it\/missionario\/wp-json\/wp\/v2\/pages\/1140\/revisions\/2719"}],"up":[{"embeddable":true,"href":"https:\/\/www.diocesi.torino.it\/missionario\/wp-json\/wp\/v2\/pages\/1133"}],"wp:featuredmedia":[{"embeddable":true,"href":"https:\/\/www.diocesi.torino.it\/missionario\/wp-json\/wp\/v2\/media\/2720"}],"wp:attachment":[{"href":"https:\/\/www.diocesi.torino.it\/missionario\/wp-json\/wp\/v2\/media?parent=1140"}],"curies":[{"name":"wp","href":"https:\/\/api.w.org\/{rel}","templated":true}]}}