{"id":1142,"date":"2010-06-17T16:05:00","date_gmt":"2010-06-17T14:05:00","guid":{"rendered":"http:\/\/www.diocesi.torino.it\/missionario\/cooperazione-missionaria\/giornata-mondiale-assistenza-ai-malati-di-lebbra\/lopera-dei-missionari-diocesani-a-favore-dei-malati-di-lebbra\/piccole-serve-del-sacro-cuore-di-gesu-per-gli-ammalati-poveri\/"},"modified":"2017-06-23T12:14:41","modified_gmt":"2017-06-23T10:14:41","slug":"piccole-serve-del-sacro-cuore-di-gesu-per-gli-ammalati-poveri","status":"publish","type":"page","link":"https:\/\/www.diocesi.torino.it\/missionario\/cooperazionetralechiese\/assistenzaaimalatidilebbra\/piccole-serve-del-sacro-cuore-di-gesu-per-gli-ammalati-poveri\/","title":{"rendered":"Piccole Serve del Sacro Cuore di Ges\u00f9 per gli Ammalati Poveri"},"content":{"rendered":"<div id=\"pl-1142\"  class=\"panel-layout\" ><div id=\"pg-1142-0\"  class=\"panel-grid panel-no-style\" ><div id=\"pgc-1142-0-0\"  class=\"panel-grid-cell\" ><div id=\"panel-1142-0-0-0\" class=\"so-panel widget widget_sow-editor panel-first-child panel-last-child\" data-index=\"0\" ><div\n\t\t\t\n\t\t\tclass=\"so-widget-sow-editor so-widget-sow-editor-base\"\n\t\t\t\n\t\t>\n<div class=\"siteorigin-widget-tinymce textwidget\">\n\t<div>\n<div>\n<h3>Materiale di medicazione, calzature, spese viaggio, scuola per bambini\u00a0<\/h3>\n<\/div>\n<div>In occasione della prossima Giornata Mondiale dei Malati di Lebbra, ci permettiamo di bussare alla porta del vostro buon cuore, per chiedere alcuni aiuti in favore dei nostri malati affetti dal morbo di Hansen, seguiti sia ambulatorialmente sia da ricoverati presso il lebbrosario di Moramanga, ubicato nelle adiacenze del nostro Centro di Cura \u201cBeata Anna Michelotti\u201d.<\/div>\n<div>\u00a0<\/div>\n<\/div>\n<div>Il contributo servir\u00e0 per coprire i costi:<\/div>\n<div>- di acquisto materiale di medicazione (soluzioni di disinfezioni e detergenti, cotone idrofilo con garze e bende, guanti di protezione;<\/div>\n<div>- di acquisto calzature, sandali o scarpe, per proteggere i piedi affetti da piaghe o ferite chirurgiche dovute ad amputazioni delle dita o del piede stesso;<\/div>\n<div>- sostegno costi di protesi, che per tale ausili sanitari, il paziente viene inviato a centri specializzati in queste forniture a nome e a spese del Centro.<\/div>\n<div>- per rimborso spese viaggio ai pazienti provenienti da villaggi lontani, che sovente abbandonano il piano terapeutico perch\u00e9 impossibilitati a sostenere il costo viaggio. In questi casi, il portatore del bacillo della lebbra diviene una pericolosa fonte di trasmissione per contagio ai familiari in primis, poi alle persone che abitualmente frequenta;<\/div>\n<div>- per la scolarizzazione dei bambini, figli di mamme lebbrose ricoverate, poich\u00e9 \u00e8 tradizione malgascia che le donne portino sempre e ovunque con s\u00e9 i propri piccoli.<\/div>\n<div>Il vostro prezioso aiuto ci permetter\u00e0 di continuare a servire gli ammalati con amore, dignit\u00e0 e professionalit\u00e0.<\/div>\n<div>Al Signore, che ha avuto compassione dei lebbrosi che ha incontrato nei suoi viaggi apostolici, chiediamo di benedirvi.<\/div>\n<div>Fraternamente<\/div>\n<div>\u00a0<\/div>\n<div>Suor Marie Amelie Rahaingosoa<\/div>\n<div>Piccole Serve del S. Cuore di Ges\u00f9 di Moramanga<\/div>\n<div>Madagascar<\/div>\n<div>\u00a0<\/div>\n<div>\u00a0<\/div>\n<div>\u00a0<\/div>\n<div>\u00a0<\/div>\n<\/div>\n<\/div><\/div><\/div><\/div><\/div>","protected":false},"excerpt":{"rendered":"<p>Materiale di medicazione, calzature, spese viaggio, scuola per bambini\u00a0In occasione della prossima Giornata Mondiale dei Malati di Lebbra, ci permettiamo di bussare alla porta del vostro buon cuore, per chiedere alcuni aiuti in favore dei nostri malati affetti dal morbo di Hansen, seguiti sia ambulatorialmente sia da ricoverati presso il lebbrosario di Moramanga, ubicato nelle adiacenze del nostro Centro di Cura \u201cBeata Anna Michelotti\u201d.\u00a0Il contributo &hellip; <a href=\"https:\/\/www.diocesi.torino.it\/missionario\/cooperazionetralechiese\/assistenzaaimalatidilebbra\/piccole-serve-del-sacro-cuore-di-gesu-per-gli-ammalati-poveri\/\" class=\"more-link\">Continua a leggere <span class=\"screen-reader-text\"><\/span> <span class=\"meta-nav\">&raquo;<\/span><\/a><\/p>\n","protected":false},"author":1,"featured_media":2722,"parent":1133,"menu_order":0,"comment_status":"closed","ping_status":"closed","template":"","meta":{"ip_address":"","user_agent":"","level":"","revision":"","cookie_id":"","page_referer":"","html_form":"","_expiration-date-status":"","_expiration-date":0,"_expiration-date-type":"","_expiration-date-categories":[],"_expiration-date-options":[]},"acf":[],"yoast_head":"<!-- This site is optimized with the Yoast SEO plugin v20.8 - https:\/\/yoast.com\/wordpress\/plugins\/seo\/ -->\n<title>Piccole Serve del Sacro Cuore di Ges\u00f9 per gli Ammalati Poveri - Pastorale MISSIONARIA e cooperazione tra le Chiese<\/title>\n<meta name=\"robots\" content=\"index, follow, max-snippet:-1, max-image-preview:large, max-video-preview:-1\" \/>\n<link rel=\"canonical\" href=\"https:\/\/www.diocesi.torino.it\/missionario\/cooperazionetralechiese\/assistenzaaimalatidilebbra\/piccole-serve-del-sacro-cuore-di-gesu-per-gli-ammalati-poveri\/\" \/>\n<meta property=\"og:locale\" content=\"it_IT\" \/>\n<meta property=\"og:type\" content=\"article\" \/>\n<meta property=\"og:title\" content=\"Piccole Serve del Sacro Cuore di Ges\u00f9 per gli Ammalati Poveri - Pastorale MISSIONARIA e cooperazione tra le Chiese\" \/>\n<meta property=\"og:description\" content=\"Materiale di medicazione, calzature, spese viaggio, scuola per bambini\u00a0In occasione della prossima Giornata Mondiale dei Malati di Lebbra, ci permettiamo di bussare alla porta del vostro buon cuore, per chiedere alcuni aiuti in favore dei nostri malati affetti dal morbo di Hansen, seguiti sia ambulatorialmente sia da ricoverati presso il lebbrosario di Moramanga, ubicato nelle adiacenze del nostro Centro di Cura \u201cBeata Anna Michelotti\u201d.\u00a0Il contributo &hellip; Continua a leggere &raquo;\" \/>\n<meta property=\"og:url\" content=\"https:\/\/www.diocesi.torino.it\/missionario\/cooperazionetralechiese\/assistenzaaimalatidilebbra\/piccole-serve-del-sacro-cuore-di-gesu-per-gli-ammalati-poveri\/\" \/>\n<meta property=\"og:site_name\" content=\"Pastorale MISSIONARIA e cooperazione tra le Chiese\" \/>\n<meta property=\"article:modified_time\" content=\"2017-06-23T10:14:41+00:00\" \/>\n<meta property=\"og:image\" content=\"https:\/\/www.diocesi.torino.it\/missionario\/wp-content\/uploads\/sites\/17\/2017\/06\/Foto-n-2.jpg\" \/>\n\t<meta property=\"og:image:width\" content=\"360\" \/>\n\t<meta property=\"og:image:height\" content=\"480\" \/>\n\t<meta property=\"og:image:type\" content=\"image\/jpeg\" \/>\n<meta name=\"twitter:card\" content=\"summary_large_image\" \/>\n<meta name=\"twitter:label1\" content=\"Tempo di lettura stimato\" \/>\n\t<meta name=\"twitter:data1\" content=\"1 minuto\" \/>\n<script type=\"application\/ld+json\" class=\"yoast-schema-graph\">{\"@context\":\"https:\/\/schema.org\",\"@graph\":[{\"@type\":\"WebPage\",\"@id\":\"https:\/\/www.diocesi.torino.it\/missionario\/cooperazionetralechiese\/assistenzaaimalatidilebbra\/piccole-serve-del-sacro-cuore-di-gesu-per-gli-ammalati-poveri\/\",\"url\":\"https:\/\/www.diocesi.torino.it\/missionario\/cooperazionetralechiese\/assistenzaaimalatidilebbra\/piccole-serve-del-sacro-cuore-di-gesu-per-gli-ammalati-poveri\/\",\"name\":\"Piccole Serve del Sacro Cuore di Ges\u00f9 per gli Ammalati Poveri - Pastorale MISSIONARIA e cooperazione tra le Chiese\",\"isPartOf\":{\"@id\":\"https:\/\/www.diocesi.torino.it\/missionario\/#website\"},\"datePublished\":\"2010-06-17T14:05:00+00:00\",\"dateModified\":\"2017-06-23T10:14:41+00:00\",\"breadcrumb\":{\"@id\":\"https:\/\/www.diocesi.torino.it\/missionario\/cooperazionetralechiese\/assistenzaaimalatidilebbra\/piccole-serve-del-sacro-cuore-di-gesu-per-gli-ammalati-poveri\/#breadcrumb\"},\"inLanguage\":\"it-IT\",\"potentialAction\":[{\"@type\":\"ReadAction\",\"target\":[\"https:\/\/www.diocesi.torino.it\/missionario\/cooperazionetralechiese\/assistenzaaimalatidilebbra\/piccole-serve-del-sacro-cuore-di-gesu-per-gli-ammalati-poveri\/\"]}]},{\"@type\":\"BreadcrumbList\",\"@id\":\"https:\/\/www.diocesi.torino.it\/missionario\/cooperazionetralechiese\/assistenzaaimalatidilebbra\/piccole-serve-del-sacro-cuore-di-gesu-per-gli-ammalati-poveri\/#breadcrumb\",\"itemListElement\":[{\"@type\":\"ListItem\",\"position\":1,\"name\":\"Home\",\"item\":\"https:\/\/www.diocesi.torino.it\/missionario\/\"},{\"@type\":\"ListItem\",\"position\":2,\"name\":\"Cooperazione tra le Chiese\",\"item\":\"https:\/\/www.diocesi.torino.it\/missionario\/cooperazionetralechiese\/\"},{\"@type\":\"ListItem\",\"position\":3,\"name\":\"Assistenza ai malati di lebbra\",\"item\":\"https:\/\/www.diocesi.torino.it\/missionario\/cooperazionetralechiese\/assistenzaaimalatidilebbra\/\"},{\"@type\":\"ListItem\",\"position\":4,\"name\":\"Piccole Serve del Sacro Cuore di Ges\u00f9 per gli Ammalati Poveri\"}]},{\"@type\":\"WebSite\",\"@id\":\"https:\/\/www.diocesi.torino.it\/missionario\/#website\",\"url\":\"https:\/\/www.diocesi.torino.it\/missionario\/\",\"name\":\"Pastorale MISSIONARIA e cooperazione tra le Chiese\",\"description\":\"\",\"potentialAction\":[{\"@type\":\"SearchAction\",\"target\":{\"@type\":\"EntryPoint\",\"urlTemplate\":\"https:\/\/www.diocesi.torino.it\/missionario\/?s={search_term_string}\"},\"query-input\":\"required name=search_term_string\"}],\"inLanguage\":\"it-IT\"}]}<\/script>\n<!-- \/ Yoast SEO plugin. -->","yoast_head_json":{"title":"Piccole Serve del Sacro Cuore di Ges\u00f9 per gli Ammalati Poveri - Pastorale MISSIONARIA e cooperazione tra le Chiese","robots":{"index":"index","follow":"follow","max-snippet":"max-snippet:-1","max-image-preview":"max-image-preview:large","max-video-preview":"max-video-preview:-1"},"canonical":"https:\/\/www.diocesi.torino.it\/missionario\/cooperazionetralechiese\/assistenzaaimalatidilebbra\/piccole-serve-del-sacro-cuore-di-gesu-per-gli-ammalati-poveri\/","og_locale":"it_IT","og_type":"article","og_title":"Piccole Serve del Sacro Cuore di Ges\u00f9 per gli Ammalati Poveri - Pastorale MISSIONARIA e cooperazione tra le Chiese","og_description":"Materiale di medicazione, calzature, spese viaggio, scuola per bambini\u00a0In occasione della prossima Giornata Mondiale dei Malati di Lebbra, ci permettiamo di bussare alla porta del vostro buon cuore, per chiedere alcuni aiuti in favore dei nostri malati affetti dal morbo di Hansen, seguiti sia ambulatorialmente sia da ricoverati presso il lebbrosario di Moramanga, ubicato nelle adiacenze del nostro Centro di Cura \u201cBeata Anna Michelotti\u201d.\u00a0Il contributo &hellip; Continua a leggere &raquo;","og_url":"https:\/\/www.diocesi.torino.it\/missionario\/cooperazionetralechiese\/assistenzaaimalatidilebbra\/piccole-serve-del-sacro-cuore-di-gesu-per-gli-ammalati-poveri\/","og_site_name":"Pastorale MISSIONARIA e cooperazione tra le Chiese","article_modified_time":"2017-06-23T10:14:41+00:00","og_image":[{"width":360,"height":480,"url":"https:\/\/www.diocesi.torino.it\/missionario\/wp-content\/uploads\/sites\/17\/2017\/06\/Foto-n-2.jpg","type":"image\/jpeg"}],"twitter_card":"summary_large_image","twitter_misc":{"Tempo di lettura stimato":"1 minuto"},"schema":{"@context":"https:\/\/schema.org","@graph":[{"@type":"WebPage","@id":"https:\/\/www.diocesi.torino.it\/missionario\/cooperazionetralechiese\/assistenzaaimalatidilebbra\/piccole-serve-del-sacro-cuore-di-gesu-per-gli-ammalati-poveri\/","url":"https:\/\/www.diocesi.torino.it\/missionario\/cooperazionetralechiese\/assistenzaaimalatidilebbra\/piccole-serve-del-sacro-cuore-di-gesu-per-gli-ammalati-poveri\/","name":"Piccole Serve del Sacro Cuore di Ges\u00f9 per gli Ammalati Poveri - Pastorale MISSIONARIA e cooperazione tra le Chiese","isPartOf":{"@id":"https:\/\/www.diocesi.torino.it\/missionario\/#website"},"datePublished":"2010-06-17T14:05:00+00:00","dateModified":"2017-06-23T10:14:41+00:00","breadcrumb":{"@id":"https:\/\/www.diocesi.torino.it\/missionario\/cooperazionetralechiese\/assistenzaaimalatidilebbra\/piccole-serve-del-sacro-cuore-di-gesu-per-gli-ammalati-poveri\/#breadcrumb"},"inLanguage":"it-IT","potentialAction":[{"@type":"ReadAction","target":["https:\/\/www.diocesi.torino.it\/missionario\/cooperazionetralechiese\/assistenzaaimalatidilebbra\/piccole-serve-del-sacro-cuore-di-gesu-per-gli-ammalati-poveri\/"]}]},{"@type":"BreadcrumbList","@id":"https:\/\/www.diocesi.torino.it\/missionario\/cooperazionetralechiese\/assistenzaaimalatidilebbra\/piccole-serve-del-sacro-cuore-di-gesu-per-gli-ammalati-poveri\/#breadcrumb","itemListElement":[{"@type":"ListItem","position":1,"name":"Home","item":"https:\/\/www.diocesi.torino.it\/missionario\/"},{"@type":"ListItem","position":2,"name":"Cooperazione tra le Chiese","item":"https:\/\/www.diocesi.torino.it\/missionario\/cooperazionetralechiese\/"},{"@type":"ListItem","position":3,"name":"Assistenza ai malati di lebbra","item":"https:\/\/www.diocesi.torino.it\/missionario\/cooperazionetralechiese\/assistenzaaimalatidilebbra\/"},{"@type":"ListItem","position":4,"name":"Piccole Serve del Sacro Cuore di Ges\u00f9 per gli Ammalati Poveri"}]},{"@type":"WebSite","@id":"https:\/\/www.diocesi.torino.it\/missionario\/#website","url":"https:\/\/www.diocesi.torino.it\/missionario\/","name":"Pastorale MISSIONARIA e cooperazione tra le Chiese","description":"","potentialAction":[{"@type":"SearchAction","target":{"@type":"EntryPoint","urlTemplate":"https:\/\/www.diocesi.torino.it\/missionario\/?s={search_term_string}"},"query-input":"required name=search_term_string"}],"inLanguage":"it-IT"}]}},"_links":{"self":[{"href":"https:\/\/www.diocesi.torino.it\/missionario\/wp-json\/wp\/v2\/pages\/1142"}],"collection":[{"href":"https:\/\/www.diocesi.torino.it\/missionario\/wp-json\/wp\/v2\/pages"}],"about":[{"href":"https:\/\/www.diocesi.torino.it\/missionario\/wp-json\/wp\/v2\/types\/page"}],"author":[{"embeddable":true,"href":"https:\/\/www.diocesi.torino.it\/missionario\/wp-json\/wp\/v2\/users\/1"}],"replies":[{"embeddable":true,"href":"https:\/\/www.diocesi.torino.it\/missionario\/wp-json\/wp\/v2\/comments?post=1142"}],"version-history":[{"count":1,"href":"https:\/\/www.diocesi.torino.it\/missionario\/wp-json\/wp\/v2\/pages\/1142\/revisions"}],"predecessor-version":[{"id":2721,"href":"https:\/\/www.diocesi.torino.it\/missionario\/wp-json\/wp\/v2\/pages\/1142\/revisions\/2721"}],"up":[{"embeddable":true,"href":"https:\/\/www.diocesi.torino.it\/missionario\/wp-json\/wp\/v2\/pages\/1133"}],"wp:featuredmedia":[{"embeddable":true,"href":"https:\/\/www.diocesi.torino.it\/missionario\/wp-json\/wp\/v2\/media\/2722"}],"wp:attachment":[{"href":"https:\/\/www.diocesi.torino.it\/missionario\/wp-json\/wp\/v2\/media?parent=1142"}],"curies":[{"name":"wp","href":"https:\/\/api.w.org\/{rel}","templated":true}]}}