{"id":1148,"date":"2010-06-17T16:38:00","date_gmt":"2010-06-17T14:38:00","guid":{"rendered":"http:\/\/www.diocesi.torino.it\/missionario\/cooperazione-missionaria\/giornata-mondiale-assistenza-ai-malati-di-lebbra\/lopera-dei-missionari-diocesani-a-favore-dei-malati-di-lebbra\/suore-carmelitane-s-teresa\/"},"modified":"2017-06-23T12:14:49","modified_gmt":"2017-06-23T10:14:49","slug":"suore-carmelitane-s-teresa","status":"publish","type":"page","link":"https:\/\/www.diocesi.torino.it\/missionario\/cooperazionetralechiese\/assistenzaaimalatidilebbra\/suore-carmelitane-s-teresa\/","title":{"rendered":"Suore Carmelitane S.Teresa"},"content":{"rendered":"<div id=\"pl-1148\"  class=\"panel-layout\" ><div id=\"pg-1148-0\"  class=\"panel-grid panel-no-style\" ><div id=\"pgc-1148-0-0\"  class=\"panel-grid-cell\" ><div id=\"panel-1148-0-0-0\" class=\"so-panel widget widget_sow-editor panel-first-child panel-last-child\" data-index=\"0\" ><div\n\t\t\t\n\t\t\tclass=\"so-widget-sow-editor so-widget-sow-editor-base\"\n\t\t\t\n\t\t>\n<div class=\"siteorigin-widget-tinymce textwidget\">\n\t<div><strong>MADAGASCAR\u00a0<\/strong>\u00a0<\/p>\n<h5><strong>Dispensario di Andreba<\/strong><\/h5>\n<div>Al nostro dispensario ogni 28 giorni il malato \u00e8 atteso dove riceve i medicinali specifici, oltre al cibo. I pi\u00f9 poveri ricevono anche vestiti e una coperta per la stagione fredda. Se subentrano altre malattie, come malaria, bronchite ecc., si forniscono loro le cure necessarie.<\/p>\n<div>Durante la distribuzione mensile dei medicinali, si approfitta per fare\u00a0 un po\u0092 di educazione sanitaria: prevenzione della malattia, rischi e precauzioni da prendere, le norme di igiene pi\u00f9 elementari da seguire.<\/div>\n<div>Spesso, i malati - una volta guariti dalla lebbra - rimangono handicappati, perch\u00e9 curati quando la malattia era gi\u00e0 avanzata. Perci\u00f2 si prosegue con la rieducazione degli arti - nei casi in cui \u00e8 possibile - e si continuano a fornire aiuti umanitari a chi ne ha bisogno, perch\u00e9 impossibilitato a lavorare.<\/div>\n<div>Un aiuto ulteriore \u00e8 la possibilit\u00e0, data ai figli in et\u00e0 scolare dei malati, di frequentare gratuitamente la nostra scuola elementare e media.<\/div>\n<div>Spesso anche i familiari dei malati vengono curati a nostre spese.<\/div>\n<div>In sintesi. Si assicura ad ogni malato:<\/div>\n<div>- visita di controllo mensile e consegna dei medicinali specifici, eventuale cura cortisonica di accompagnamento, eventuale rieducazione degli arti;<\/div>\n<div>- educazione sanitaria elementare per prevenire l\u0092insorgenza e l\u0092aggravarsi della malattia;<\/div>\n<div>- distribuzione di cibo, indumenti, coperte, sementi, aiuti economici per riparare le abitazioni (secondo le necessit\u00e0);<\/div>\n<div>- cura gratuita delle malattie collaterali e cura gratuita per i familiari a carico;<\/div>\n<div>- possibilit\u00e0 di far frequentare gratuitamente ai figli la scuola della missione.<\/div>\n<p>\u00a0<\/p><\/div>\n<h5><strong>Dispensario di Anbadrika (villaggio nei dintorni di Andreba)<\/strong><\/h5>\n<div>\u00c8 attrezzato soltanto per la diagnosi della lebbra: quando un caso viene diagnosticato \u00e8 inviato ad Andreba per le cure.<\/div>\n<div>\u00c8 operativo un giorno alla settimana ed \u00e8 gestito dagli stessi operatori sanitari che lavorano ad Andreba.<\/div>\n<div>Durante la stagione delle piogge, se si verificano dei cicloni, il dispensario rimane forzatamente chiuso perch\u00e9 la strada risulta impraticabile.<\/div>\n<div>\u00a0<\/div>\n<h5><strong>Dispensario di Ilanivato<\/strong><\/h5>\n<div>Si trova alla periferia della capitale (Antananarivo), accanto alla grande scuola materna, elementare, media e professionale della missione.<\/div>\n<div>Vi si svolgono, in media, 6-700 consultazioni al mese.<\/div>\n<div>E'\u00a0autorizzato (ma non specializzato) per la cura della lebbra.<\/div>\n<div>\u00a0<\/div>\n<h5><strong>Dispensario di\u00a0Isorana (Provincia e Diocesi di Fianarantsoa)<\/strong><\/h5>\n<div>Isorana si trova nella parte centrale dell\u0092Isola malgascia, a pi\u00f9 di 400 chilometri dalla capitale, in una zona molto arretrata.<\/div>\n<div>Le Suore vi svolgono un\u0092azione di promozione umana e di \u0094alfabetizzazione agricola\u0094, oltre a dedicarsi all\u0092istruzione elementare per i bambini che possono frequentare la scuola.<\/div>\n<div>\u00a0<\/div>\n<div>Il dispensario di Isorana\u00a0\u00e8 l\u0092unico centro sanitario presente nel raggio di molti chilometri ed \u00e8 autorizzato (anche se non specializzato) per la cura della lebbra.<\/div>\n<div>I malati vengono diagnosticati e ricevono periodicamente i medicinali specifici.<\/div>\n<div>\u00a0\u00a0<\/div>\n<h5><strong>REPUBBLICA CENTRAFRICANA\u00a0<\/strong><\/h5>\n<h5><strong>Dispensario di Baoro (Diocesi di Bouar)<\/strong><\/h5>\n<div>A Baoro \u00e8 attivo un dispensario gestito dai Padri Carmelitani, alla cui attivit\u00e0 collaborano le Suore (anche se attualmente - anno 2009 - non c\u0092\u00e8 una Suora specificamente incaricata di questo servizio).<\/div>\n<div>L\u0092attivit\u00e0 del dispensario \u00e8 rivolta alla popolazione del centro di Baoro e dei villaggi vicini. In particolare ne traggono vantaggio gli alunni e gli insegnanti della Scuola Primaria (circa 350 alunni), infatti quando si riscontrano casi di lebbra fra gli alunni \u00e8 possibile intervenire prontamente e curare la malattia quando \u00e8 ancora allo stadio iniziale.<\/div>\n<div>\u00a0\u00a0<\/div>\n<h5><strong>Dispensario di Bossempt\u00e9l\u00e9 (Diocesi di Bouar)<\/strong><\/h5>\n<div>Anche a Bossempt\u00e9l\u00e9 \u00e8 presente la Scuola, sia dell\u0092Infanzia che Primaria. Accoglie circa 450 alunni.<\/div>\n<div>L\u0092attivit\u00e0 del dispensario \u00e8 gestita direttamente da una Suora infermiera, coadiuvata all\u0092occorrenza dalle consorelle.<\/div>\n<div>Il dispensario non \u00e8 specializzato per i malati di lebbra, ma pu\u00f2 fornire cure specifiche ai malati che si presentano.<\/div>\n<div>\u00a0<\/div>\n<\/div>\n<\/div>\n<\/div><\/div><\/div><\/div><\/div>","protected":false},"excerpt":{"rendered":"<p>MADAGASCAR\u00a0\u00a0Dispensario di AndrebaAl nostro dispensario ogni 28 giorni il malato \u00e8 atteso dove riceve i medicinali specifici, oltre al cibo. I pi\u00f9 poveri ricevono anche vestiti e una coperta per la stagione fredda. Se subentrano altre malattie, come malaria, bronchite ecc., si forniscono loro le cure necessarie.Durante la distribuzione mensile dei medicinali, si approfitta per fare\u00a0 un po\u0092 di educazione sanitaria: prevenzione della malattia, rischi &hellip; <a href=\"https:\/\/www.diocesi.torino.it\/missionario\/cooperazionetralechiese\/assistenzaaimalatidilebbra\/suore-carmelitane-s-teresa\/\" class=\"more-link\">Continua a leggere <span class=\"screen-reader-text\"><\/span> <span class=\"meta-nav\">&raquo;<\/span><\/a><\/p>\n","protected":false},"author":1,"featured_media":2728,"parent":1133,"menu_order":0,"comment_status":"closed","ping_status":"closed","template":"","meta":{"ip_address":"","user_agent":"","level":"","revision":"","cookie_id":"","page_referer":"","html_form":"","_expiration-date-status":"","_expiration-date":0,"_expiration-date-type":"","_expiration-date-categories":[],"_expiration-date-options":[]},"acf":[],"yoast_head":"<!-- This site is optimized with the Yoast SEO plugin v20.8 - https:\/\/yoast.com\/wordpress\/plugins\/seo\/ -->\n<title>Suore Carmelitane S.Teresa - Pastorale MISSIONARIA e cooperazione tra le Chiese<\/title>\n<meta name=\"robots\" content=\"index, follow, max-snippet:-1, max-image-preview:large, max-video-preview:-1\" \/>\n<link rel=\"canonical\" href=\"https:\/\/www.diocesi.torino.it\/missionario\/cooperazionetralechiese\/assistenzaaimalatidilebbra\/suore-carmelitane-s-teresa\/\" \/>\n<meta property=\"og:locale\" content=\"it_IT\" \/>\n<meta property=\"og:type\" content=\"article\" \/>\n<meta property=\"og:title\" content=\"Suore Carmelitane S.Teresa - Pastorale MISSIONARIA e cooperazione tra le Chiese\" \/>\n<meta property=\"og:description\" content=\"MADAGASCAR\u00a0\u00a0Dispensario di AndrebaAl nostro dispensario ogni 28 giorni il malato \u00e8 atteso dove riceve i medicinali specifici, oltre al cibo. I pi\u00f9 poveri ricevono anche vestiti e una coperta per la stagione fredda. Se subentrano altre malattie, come malaria, bronchite ecc., si forniscono loro le cure necessarie.Durante la distribuzione mensile dei medicinali, si approfitta per fare\u00a0 un po\u0092 di educazione sanitaria: prevenzione della malattia, rischi &hellip; Continua a leggere &raquo;\" \/>\n<meta property=\"og:url\" content=\"https:\/\/www.diocesi.torino.it\/missionario\/cooperazionetralechiese\/assistenzaaimalatidilebbra\/suore-carmelitane-s-teresa\/\" \/>\n<meta property=\"og:site_name\" content=\"Pastorale MISSIONARIA e cooperazione tra le Chiese\" \/>\n<meta property=\"article:modified_time\" content=\"2017-06-23T10:14:49+00:00\" \/>\n<meta property=\"og:image\" content=\"https:\/\/www.diocesi.torino.it\/missionario\/wp-content\/uploads\/sites\/17\/2017\/06\/Isorana35.jpg\" \/>\n\t<meta property=\"og:image:width\" content=\"1544\" \/>\n\t<meta property=\"og:image:height\" content=\"1024\" \/>\n\t<meta property=\"og:image:type\" content=\"image\/jpeg\" \/>\n<meta name=\"twitter:card\" content=\"summary_large_image\" \/>\n<meta name=\"twitter:label1\" content=\"Tempo di lettura stimato\" \/>\n\t<meta name=\"twitter:data1\" content=\"3 minuti\" \/>\n<script type=\"application\/ld+json\" class=\"yoast-schema-graph\">{\"@context\":\"https:\/\/schema.org\",\"@graph\":[{\"@type\":\"WebPage\",\"@id\":\"https:\/\/www.diocesi.torino.it\/missionario\/cooperazionetralechiese\/assistenzaaimalatidilebbra\/suore-carmelitane-s-teresa\/\",\"url\":\"https:\/\/www.diocesi.torino.it\/missionario\/cooperazionetralechiese\/assistenzaaimalatidilebbra\/suore-carmelitane-s-teresa\/\",\"name\":\"Suore Carmelitane S.Teresa - Pastorale MISSIONARIA e cooperazione tra le Chiese\",\"isPartOf\":{\"@id\":\"https:\/\/www.diocesi.torino.it\/missionario\/#website\"},\"datePublished\":\"2010-06-17T14:38:00+00:00\",\"dateModified\":\"2017-06-23T10:14:49+00:00\",\"breadcrumb\":{\"@id\":\"https:\/\/www.diocesi.torino.it\/missionario\/cooperazionetralechiese\/assistenzaaimalatidilebbra\/suore-carmelitane-s-teresa\/#breadcrumb\"},\"inLanguage\":\"it-IT\",\"potentialAction\":[{\"@type\":\"ReadAction\",\"target\":[\"https:\/\/www.diocesi.torino.it\/missionario\/cooperazionetralechiese\/assistenzaaimalatidilebbra\/suore-carmelitane-s-teresa\/\"]}]},{\"@type\":\"BreadcrumbList\",\"@id\":\"https:\/\/www.diocesi.torino.it\/missionario\/cooperazionetralechiese\/assistenzaaimalatidilebbra\/suore-carmelitane-s-teresa\/#breadcrumb\",\"itemListElement\":[{\"@type\":\"ListItem\",\"position\":1,\"name\":\"Home\",\"item\":\"https:\/\/www.diocesi.torino.it\/missionario\/\"},{\"@type\":\"ListItem\",\"position\":2,\"name\":\"Cooperazione tra le Chiese\",\"item\":\"https:\/\/www.diocesi.torino.it\/missionario\/cooperazionetralechiese\/\"},{\"@type\":\"ListItem\",\"position\":3,\"name\":\"Assistenza ai malati di lebbra\",\"item\":\"https:\/\/www.diocesi.torino.it\/missionario\/cooperazionetralechiese\/assistenzaaimalatidilebbra\/\"},{\"@type\":\"ListItem\",\"position\":4,\"name\":\"Suore Carmelitane S.Teresa\"}]},{\"@type\":\"WebSite\",\"@id\":\"https:\/\/www.diocesi.torino.it\/missionario\/#website\",\"url\":\"https:\/\/www.diocesi.torino.it\/missionario\/\",\"name\":\"Pastorale MISSIONARIA e cooperazione tra le Chiese\",\"description\":\"\",\"potentialAction\":[{\"@type\":\"SearchAction\",\"target\":{\"@type\":\"EntryPoint\",\"urlTemplate\":\"https:\/\/www.diocesi.torino.it\/missionario\/?s={search_term_string}\"},\"query-input\":\"required name=search_term_string\"}],\"inLanguage\":\"it-IT\"}]}<\/script>\n<!-- \/ Yoast SEO plugin. -->","yoast_head_json":{"title":"Suore Carmelitane S.Teresa - Pastorale MISSIONARIA e cooperazione tra le Chiese","robots":{"index":"index","follow":"follow","max-snippet":"max-snippet:-1","max-image-preview":"max-image-preview:large","max-video-preview":"max-video-preview:-1"},"canonical":"https:\/\/www.diocesi.torino.it\/missionario\/cooperazionetralechiese\/assistenzaaimalatidilebbra\/suore-carmelitane-s-teresa\/","og_locale":"it_IT","og_type":"article","og_title":"Suore Carmelitane S.Teresa - Pastorale MISSIONARIA e cooperazione tra le Chiese","og_description":"MADAGASCAR\u00a0\u00a0Dispensario di AndrebaAl nostro dispensario ogni 28 giorni il malato \u00e8 atteso dove riceve i medicinali specifici, oltre al cibo. I pi\u00f9 poveri ricevono anche vestiti e una coperta per la stagione fredda. Se subentrano altre malattie, come malaria, bronchite ecc., si forniscono loro le cure necessarie.Durante la distribuzione mensile dei medicinali, si approfitta per fare\u00a0 un po\u0092 di educazione sanitaria: prevenzione della malattia, rischi &hellip; Continua a leggere &raquo;","og_url":"https:\/\/www.diocesi.torino.it\/missionario\/cooperazionetralechiese\/assistenzaaimalatidilebbra\/suore-carmelitane-s-teresa\/","og_site_name":"Pastorale MISSIONARIA e cooperazione tra le Chiese","article_modified_time":"2017-06-23T10:14:49+00:00","og_image":[{"width":1544,"height":1024,"url":"https:\/\/www.diocesi.torino.it\/missionario\/wp-content\/uploads\/sites\/17\/2017\/06\/Isorana35.jpg","type":"image\/jpeg"}],"twitter_card":"summary_large_image","twitter_misc":{"Tempo di lettura stimato":"3 minuti"},"schema":{"@context":"https:\/\/schema.org","@graph":[{"@type":"WebPage","@id":"https:\/\/www.diocesi.torino.it\/missionario\/cooperazionetralechiese\/assistenzaaimalatidilebbra\/suore-carmelitane-s-teresa\/","url":"https:\/\/www.diocesi.torino.it\/missionario\/cooperazionetralechiese\/assistenzaaimalatidilebbra\/suore-carmelitane-s-teresa\/","name":"Suore Carmelitane S.Teresa - Pastorale MISSIONARIA e cooperazione tra le Chiese","isPartOf":{"@id":"https:\/\/www.diocesi.torino.it\/missionario\/#website"},"datePublished":"2010-06-17T14:38:00+00:00","dateModified":"2017-06-23T10:14:49+00:00","breadcrumb":{"@id":"https:\/\/www.diocesi.torino.it\/missionario\/cooperazionetralechiese\/assistenzaaimalatidilebbra\/suore-carmelitane-s-teresa\/#breadcrumb"},"inLanguage":"it-IT","potentialAction":[{"@type":"ReadAction","target":["https:\/\/www.diocesi.torino.it\/missionario\/cooperazionetralechiese\/assistenzaaimalatidilebbra\/suore-carmelitane-s-teresa\/"]}]},{"@type":"BreadcrumbList","@id":"https:\/\/www.diocesi.torino.it\/missionario\/cooperazionetralechiese\/assistenzaaimalatidilebbra\/suore-carmelitane-s-teresa\/#breadcrumb","itemListElement":[{"@type":"ListItem","position":1,"name":"Home","item":"https:\/\/www.diocesi.torino.it\/missionario\/"},{"@type":"ListItem","position":2,"name":"Cooperazione tra le Chiese","item":"https:\/\/www.diocesi.torino.it\/missionario\/cooperazionetralechiese\/"},{"@type":"ListItem","position":3,"name":"Assistenza ai malati di lebbra","item":"https:\/\/www.diocesi.torino.it\/missionario\/cooperazionetralechiese\/assistenzaaimalatidilebbra\/"},{"@type":"ListItem","position":4,"name":"Suore Carmelitane S.Teresa"}]},{"@type":"WebSite","@id":"https:\/\/www.diocesi.torino.it\/missionario\/#website","url":"https:\/\/www.diocesi.torino.it\/missionario\/","name":"Pastorale MISSIONARIA e cooperazione tra le Chiese","description":"","potentialAction":[{"@type":"SearchAction","target":{"@type":"EntryPoint","urlTemplate":"https:\/\/www.diocesi.torino.it\/missionario\/?s={search_term_string}"},"query-input":"required name=search_term_string"}],"inLanguage":"it-IT"}]}},"_links":{"self":[{"href":"https:\/\/www.diocesi.torino.it\/missionario\/wp-json\/wp\/v2\/pages\/1148"}],"collection":[{"href":"https:\/\/www.diocesi.torino.it\/missionario\/wp-json\/wp\/v2\/pages"}],"about":[{"href":"https:\/\/www.diocesi.torino.it\/missionario\/wp-json\/wp\/v2\/types\/page"}],"author":[{"embeddable":true,"href":"https:\/\/www.diocesi.torino.it\/missionario\/wp-json\/wp\/v2\/users\/1"}],"replies":[{"embeddable":true,"href":"https:\/\/www.diocesi.torino.it\/missionario\/wp-json\/wp\/v2\/comments?post=1148"}],"version-history":[{"count":1,"href":"https:\/\/www.diocesi.torino.it\/missionario\/wp-json\/wp\/v2\/pages\/1148\/revisions"}],"predecessor-version":[{"id":2727,"href":"https:\/\/www.diocesi.torino.it\/missionario\/wp-json\/wp\/v2\/pages\/1148\/revisions\/2727"}],"up":[{"embeddable":true,"href":"https:\/\/www.diocesi.torino.it\/missionario\/wp-json\/wp\/v2\/pages\/1133"}],"wp:featuredmedia":[{"embeddable":true,"href":"https:\/\/www.diocesi.torino.it\/missionario\/wp-json\/wp\/v2\/media\/2728"}],"wp:attachment":[{"href":"https:\/\/www.diocesi.torino.it\/missionario\/wp-json\/wp\/v2\/media?parent=1148"}],"curies":[{"name":"wp","href":"https:\/\/api.w.org\/{rel}","templated":true}]}}