{"id":1156,"date":"2011-01-04T14:44:00","date_gmt":"2011-01-04T13:44:00","guid":{"rendered":"http:\/\/www.diocesi.torino.it\/missionario\/cooperazione-missionaria\/giornata-mondiale-assistenza-ai-malati-di-lebbra\/lopera-dei-missionari-diocesani-a-favore-dei-malati-di-lebbra\/figlie-dei-sacri-cuori\/"},"modified":"2017-06-23T12:14:52","modified_gmt":"2017-06-23T10:14:52","slug":"figlie-dei-sacri-cuori","status":"publish","type":"page","link":"https:\/\/www.diocesi.torino.it\/missionario\/cooperazionetralechiese\/assistenzaaimalatidilebbra\/figlie-dei-sacri-cuori\/","title":{"rendered":"Figlie dei Sacri Cuori"},"content":{"rendered":"<div id=\"pl-1156\"  class=\"panel-layout\" ><div id=\"pg-1156-0\"  class=\"panel-grid panel-no-style\" ><div id=\"pgc-1156-0-0\"  class=\"panel-grid-cell\" ><div id=\"panel-1156-0-0-0\" class=\"so-panel widget widget_sow-editor panel-first-child panel-last-child\" data-index=\"0\" ><div\n\t\t\t\n\t\t\tclass=\"so-widget-sow-editor so-widget-sow-editor-base\"\n\t\t\t\n\t\t>\n<div class=\"siteorigin-widget-tinymce textwidget\">\n\t<h5>Il progetto \"Programma Nutrizione e Alimentazione\"<\/h5>\n<div>Questo progetto ha la finalit\u00e0 di offrire all\u0092ammalato un\u0092alimentazione sana che lo rafforzi nelle difese immunitarie e, in questo modo, l\u0092organismo risponder\u00e0 meglio ai trattamenti. Per realizzare il progetto sono state sviluppate le seguenti tappe:<\/div>\n<div>- riunioni informative e dimostrative su alimenti e diete raccomandate, e suggerimenti per la preparazione di alcune ricette in casa;<\/div>\n<div>- integrazione della dieta alimentare con proteine, vitamine e minerali per 10 giorni ;<\/div>\n<div>- dopo la terapia d\u0092urto, ad intervalli regolari, secondo necessit\u00e0, reintegrazione della dieta.<\/div>\n<div>I risultati immediati delle prime tappe sono gi\u00e0 visibili nella situazione attuale dei malati, per\u00f2 \u00e8 indispensabile continuare con la terza tappa.<\/div>\n<div>Successivamente si potranno seguire gli ammalati con un programma di reinserimento del lavoro che permetta loro un introito economico, favorendo cos\u00ec migliori condizioni di vita.<\/div>\n<h5>\n<div>I centri di cura e riabilitazione<\/div>\n<\/h5>\n<h5>Sibate<\/h5>\n<p>Una delle opere prioritarie dell'Istituto \u00e8 il lavoro pastorale ed educativo con le bambine figlie dei malati di lebbra e con i bambini in pericolo morale che ricevono formazione integrale nel Carcere Infantile di Sibat\u00e8 e che sono seguiti da un gruppo di 7 suore. Questo gruppo con 150 bambine proviene specialmente dal Lebbrosario di Contractacion e di Agua de Dios. Nella maggior parte sono parenti dei malati di lebbra ed il resto sono poveri, orfani o abbandonati od in un pericolo morale.<\/p>\n<h5>Cartagena<\/h5>\n<p>La nostra missione \u00e8 con i bambini, giovani e gli ammalati, prioritariamente di lebbra; siamo in contatto con loro che si rivolgono alla nostra casa perch\u00e9 li aiutiamo a comprendere il loro dolore, la loro solitudine e soprattutto a curare le loro ferite, missione che realizziamo i giorni luned\u00ec, mercoled\u00ec e venerd\u00ec, con molte difficolt\u00e0 nel non poter disporre di tutto l'occorrente per questa attivit\u00e0, facendo giungere la consolazione nelle loro case a quelli che non si possono mobilitare con gli altri. Se le nostre risorse economiche saranno migliori potranno facilitare molte cose, questa comunit\u00e0 \u00e8 molto povera ma disponibile e piena di speranza nell'andare avanti.<\/p>\n<h5>Santa Margarita Ma. Alacoque<\/h5>\n<div>L'istituo realizza il proprio lavoro pastorale con gli ammalati di lebbra nella Diocesi di Morelia. Noi siamo presenti in tutta l'arcidiocesi nei luoghi dove si trovano malati di lebbra, malati con infermit\u00e0 dermatologiche particolari e a quanti necessitano cure sanitarie.<\/div>\n<div>Una gran parte si trovano distanti distanti dal nostro comune, per questo l'attenzione ed il trasferimento implicano uno sforzo considerevoli, nonostante le scarse risorse rispetto alle necessit\u00e0, ci impegniamo a realizzare il nostro lavoro con tutte le nostre possibilit\u00e0. Seguiamo un dispensario \"Pedro Andrade Pradillo\", con una frequenza mensile di 300 persone.<\/div>\n<h5>Agua de\u00a0Dios e Cundinamarca<\/h5>\n<div>La missione pastorale che portano avanti le religiose \u00e8 offrire appoggio agli ammalatati e loro famiglie attraverso l'assistenza spirituale, l'attenzione alla ecure ed al benessere della famiglia e della comunit\u00e0. Un accompagnamento che li faccia sentire presi per mano da Ges\u00f9 in un momento di dolore e sofferenza.<\/div>\n<div>La meta che ci proponiamo anche per il 2012, che grazie alla vostra generosa offerta abbiamo potuto realizzare, \u00e8 accudire un significativo numero di persone, attraverso:<\/div>\n<div>- incontri famigliari;<\/div>\n<div>- visite ed accompagnamento domiciliare;<\/div>\n<div>- trasporto degli ammalati agli ospedali;<\/div>\n<div>- portare il messaggio del Vangelo e la Comunione agli ammalati;<\/div>\n<div>- cure sanitarie e fornitura medicinali.<\/div>\n<div>L'attenzione che offriamo agli ammalati \u00e8 estesa anche alle loro famiglie ed ai figli, fanno parte del gruppo 450 bambine e bambini che accogliamo il sabato con l'oratorio, l'Eucarestia, la catechesi.<\/div>\n<div>\u00a0<\/div>\n<\/div>\n<\/div><\/div><\/div><\/div><\/div>","protected":false},"excerpt":{"rendered":"<p>Il progetto &#8220;Programma Nutrizione e Alimentazione&#8221;Questo progetto ha la finalit\u00e0 di offrire all\u0092ammalato un\u0092alimentazione sana che lo rafforzi nelle difese immunitarie e, in questo modo, l\u0092organismo risponder\u00e0 meglio ai trattamenti. Per realizzare il progetto sono state sviluppate le seguenti tappe:- riunioni informative e dimostrative su alimenti e diete raccomandate, e suggerimenti per la preparazione di alcune ricette in casa;- integrazione della dieta alimentare con proteine, &hellip; <a href=\"https:\/\/www.diocesi.torino.it\/missionario\/cooperazionetralechiese\/assistenzaaimalatidilebbra\/figlie-dei-sacri-cuori\/\" class=\"more-link\">Continua a leggere <span class=\"screen-reader-text\"><\/span> <span class=\"meta-nav\">&raquo;<\/span><\/a><\/p>\n","protected":false},"author":1,"featured_media":2736,"parent":1133,"menu_order":0,"comment_status":"closed","ping_status":"closed","template":"","meta":{"ip_address":"","user_agent":"","level":"","revision":"","cookie_id":"","page_referer":"","html_form":"","_expiration-date-status":"","_expiration-date":0,"_expiration-date-type":"","_expiration-date-categories":[],"_expiration-date-options":[]},"acf":[],"yoast_head":"<!-- This site is optimized with the Yoast SEO plugin v20.8 - https:\/\/yoast.com\/wordpress\/plugins\/seo\/ -->\n<title>Figlie dei Sacri Cuori - Pastorale MISSIONARIA e cooperazione tra le Chiese<\/title>\n<meta name=\"robots\" content=\"index, follow, max-snippet:-1, max-image-preview:large, max-video-preview:-1\" \/>\n<link rel=\"canonical\" href=\"https:\/\/www.diocesi.torino.it\/missionario\/cooperazionetralechiese\/assistenzaaimalatidilebbra\/figlie-dei-sacri-cuori\/\" \/>\n<meta property=\"og:locale\" content=\"it_IT\" \/>\n<meta property=\"og:type\" content=\"article\" \/>\n<meta property=\"og:title\" content=\"Figlie dei Sacri Cuori - Pastorale MISSIONARIA e cooperazione tra le Chiese\" \/>\n<meta property=\"og:description\" content=\"Il progetto &quot;Programma Nutrizione e Alimentazione&quot;Questo progetto ha la finalit\u00e0 di offrire all\u0092ammalato un\u0092alimentazione sana che lo rafforzi nelle difese immunitarie e, in questo modo, l\u0092organismo risponder\u00e0 meglio ai trattamenti. Per realizzare il progetto sono state sviluppate le seguenti tappe:- riunioni informative e dimostrative su alimenti e diete raccomandate, e suggerimenti per la preparazione di alcune ricette in casa;- integrazione della dieta alimentare con proteine, &hellip; Continua a leggere &raquo;\" \/>\n<meta property=\"og:url\" content=\"https:\/\/www.diocesi.torino.it\/missionario\/cooperazionetralechiese\/assistenzaaimalatidilebbra\/figlie-dei-sacri-cuori\/\" \/>\n<meta property=\"og:site_name\" content=\"Pastorale MISSIONARIA e cooperazione tra le Chiese\" \/>\n<meta property=\"article:modified_time\" content=\"2017-06-23T10:14:52+00:00\" \/>\n<meta property=\"og:image\" content=\"https:\/\/www.diocesi.torino.it\/missionario\/wp-content\/uploads\/sites\/17\/2017\/06\/Foto-n.-5.jpg\" \/>\n\t<meta property=\"og:image:width\" content=\"1841\" \/>\n\t<meta property=\"og:image:height\" content=\"2346\" \/>\n\t<meta property=\"og:image:type\" content=\"image\/jpeg\" \/>\n<meta name=\"twitter:card\" content=\"summary_large_image\" \/>\n<meta name=\"twitter:label1\" content=\"Tempo di lettura stimato\" \/>\n\t<meta name=\"twitter:data1\" content=\"3 minuti\" \/>\n<script type=\"application\/ld+json\" class=\"yoast-schema-graph\">{\"@context\":\"https:\/\/schema.org\",\"@graph\":[{\"@type\":\"WebPage\",\"@id\":\"https:\/\/www.diocesi.torino.it\/missionario\/cooperazionetralechiese\/assistenzaaimalatidilebbra\/figlie-dei-sacri-cuori\/\",\"url\":\"https:\/\/www.diocesi.torino.it\/missionario\/cooperazionetralechiese\/assistenzaaimalatidilebbra\/figlie-dei-sacri-cuori\/\",\"name\":\"Figlie dei Sacri Cuori - Pastorale MISSIONARIA e cooperazione tra le Chiese\",\"isPartOf\":{\"@id\":\"https:\/\/www.diocesi.torino.it\/missionario\/#website\"},\"datePublished\":\"2011-01-04T13:44:00+00:00\",\"dateModified\":\"2017-06-23T10:14:52+00:00\",\"breadcrumb\":{\"@id\":\"https:\/\/www.diocesi.torino.it\/missionario\/cooperazionetralechiese\/assistenzaaimalatidilebbra\/figlie-dei-sacri-cuori\/#breadcrumb\"},\"inLanguage\":\"it-IT\",\"potentialAction\":[{\"@type\":\"ReadAction\",\"target\":[\"https:\/\/www.diocesi.torino.it\/missionario\/cooperazionetralechiese\/assistenzaaimalatidilebbra\/figlie-dei-sacri-cuori\/\"]}]},{\"@type\":\"BreadcrumbList\",\"@id\":\"https:\/\/www.diocesi.torino.it\/missionario\/cooperazionetralechiese\/assistenzaaimalatidilebbra\/figlie-dei-sacri-cuori\/#breadcrumb\",\"itemListElement\":[{\"@type\":\"ListItem\",\"position\":1,\"name\":\"Home\",\"item\":\"https:\/\/www.diocesi.torino.it\/missionario\/\"},{\"@type\":\"ListItem\",\"position\":2,\"name\":\"Cooperazione tra le Chiese\",\"item\":\"https:\/\/www.diocesi.torino.it\/missionario\/cooperazionetralechiese\/\"},{\"@type\":\"ListItem\",\"position\":3,\"name\":\"Assistenza ai malati di lebbra\",\"item\":\"https:\/\/www.diocesi.torino.it\/missionario\/cooperazionetralechiese\/assistenzaaimalatidilebbra\/\"},{\"@type\":\"ListItem\",\"position\":4,\"name\":\"Figlie dei Sacri Cuori\"}]},{\"@type\":\"WebSite\",\"@id\":\"https:\/\/www.diocesi.torino.it\/missionario\/#website\",\"url\":\"https:\/\/www.diocesi.torino.it\/missionario\/\",\"name\":\"Pastorale MISSIONARIA e cooperazione tra le Chiese\",\"description\":\"\",\"potentialAction\":[{\"@type\":\"SearchAction\",\"target\":{\"@type\":\"EntryPoint\",\"urlTemplate\":\"https:\/\/www.diocesi.torino.it\/missionario\/?s={search_term_string}\"},\"query-input\":\"required name=search_term_string\"}],\"inLanguage\":\"it-IT\"}]}<\/script>\n<!-- \/ Yoast SEO plugin. -->","yoast_head_json":{"title":"Figlie dei Sacri Cuori - Pastorale MISSIONARIA e cooperazione tra le Chiese","robots":{"index":"index","follow":"follow","max-snippet":"max-snippet:-1","max-image-preview":"max-image-preview:large","max-video-preview":"max-video-preview:-1"},"canonical":"https:\/\/www.diocesi.torino.it\/missionario\/cooperazionetralechiese\/assistenzaaimalatidilebbra\/figlie-dei-sacri-cuori\/","og_locale":"it_IT","og_type":"article","og_title":"Figlie dei Sacri Cuori - Pastorale MISSIONARIA e cooperazione tra le Chiese","og_description":"Il progetto \"Programma Nutrizione e Alimentazione\"Questo progetto ha la finalit\u00e0 di offrire all\u0092ammalato un\u0092alimentazione sana che lo rafforzi nelle difese immunitarie e, in questo modo, l\u0092organismo risponder\u00e0 meglio ai trattamenti. Per realizzare il progetto sono state sviluppate le seguenti tappe:- riunioni informative e dimostrative su alimenti e diete raccomandate, e suggerimenti per la preparazione di alcune ricette in casa;- integrazione della dieta alimentare con proteine, &hellip; Continua a leggere &raquo;","og_url":"https:\/\/www.diocesi.torino.it\/missionario\/cooperazionetralechiese\/assistenzaaimalatidilebbra\/figlie-dei-sacri-cuori\/","og_site_name":"Pastorale MISSIONARIA e cooperazione tra le Chiese","article_modified_time":"2017-06-23T10:14:52+00:00","og_image":[{"width":1841,"height":2346,"url":"https:\/\/www.diocesi.torino.it\/missionario\/wp-content\/uploads\/sites\/17\/2017\/06\/Foto-n.-5.jpg","type":"image\/jpeg"}],"twitter_card":"summary_large_image","twitter_misc":{"Tempo di lettura stimato":"3 minuti"},"schema":{"@context":"https:\/\/schema.org","@graph":[{"@type":"WebPage","@id":"https:\/\/www.diocesi.torino.it\/missionario\/cooperazionetralechiese\/assistenzaaimalatidilebbra\/figlie-dei-sacri-cuori\/","url":"https:\/\/www.diocesi.torino.it\/missionario\/cooperazionetralechiese\/assistenzaaimalatidilebbra\/figlie-dei-sacri-cuori\/","name":"Figlie dei Sacri Cuori - Pastorale MISSIONARIA e cooperazione tra le Chiese","isPartOf":{"@id":"https:\/\/www.diocesi.torino.it\/missionario\/#website"},"datePublished":"2011-01-04T13:44:00+00:00","dateModified":"2017-06-23T10:14:52+00:00","breadcrumb":{"@id":"https:\/\/www.diocesi.torino.it\/missionario\/cooperazionetralechiese\/assistenzaaimalatidilebbra\/figlie-dei-sacri-cuori\/#breadcrumb"},"inLanguage":"it-IT","potentialAction":[{"@type":"ReadAction","target":["https:\/\/www.diocesi.torino.it\/missionario\/cooperazionetralechiese\/assistenzaaimalatidilebbra\/figlie-dei-sacri-cuori\/"]}]},{"@type":"BreadcrumbList","@id":"https:\/\/www.diocesi.torino.it\/missionario\/cooperazionetralechiese\/assistenzaaimalatidilebbra\/figlie-dei-sacri-cuori\/#breadcrumb","itemListElement":[{"@type":"ListItem","position":1,"name":"Home","item":"https:\/\/www.diocesi.torino.it\/missionario\/"},{"@type":"ListItem","position":2,"name":"Cooperazione tra le Chiese","item":"https:\/\/www.diocesi.torino.it\/missionario\/cooperazionetralechiese\/"},{"@type":"ListItem","position":3,"name":"Assistenza ai malati di lebbra","item":"https:\/\/www.diocesi.torino.it\/missionario\/cooperazionetralechiese\/assistenzaaimalatidilebbra\/"},{"@type":"ListItem","position":4,"name":"Figlie dei Sacri Cuori"}]},{"@type":"WebSite","@id":"https:\/\/www.diocesi.torino.it\/missionario\/#website","url":"https:\/\/www.diocesi.torino.it\/missionario\/","name":"Pastorale MISSIONARIA e cooperazione tra le Chiese","description":"","potentialAction":[{"@type":"SearchAction","target":{"@type":"EntryPoint","urlTemplate":"https:\/\/www.diocesi.torino.it\/missionario\/?s={search_term_string}"},"query-input":"required name=search_term_string"}],"inLanguage":"it-IT"}]}},"_links":{"self":[{"href":"https:\/\/www.diocesi.torino.it\/missionario\/wp-json\/wp\/v2\/pages\/1156"}],"collection":[{"href":"https:\/\/www.diocesi.torino.it\/missionario\/wp-json\/wp\/v2\/pages"}],"about":[{"href":"https:\/\/www.diocesi.torino.it\/missionario\/wp-json\/wp\/v2\/types\/page"}],"author":[{"embeddable":true,"href":"https:\/\/www.diocesi.torino.it\/missionario\/wp-json\/wp\/v2\/users\/1"}],"replies":[{"embeddable":true,"href":"https:\/\/www.diocesi.torino.it\/missionario\/wp-json\/wp\/v2\/comments?post=1156"}],"version-history":[{"count":1,"href":"https:\/\/www.diocesi.torino.it\/missionario\/wp-json\/wp\/v2\/pages\/1156\/revisions"}],"predecessor-version":[{"id":2735,"href":"https:\/\/www.diocesi.torino.it\/missionario\/wp-json\/wp\/v2\/pages\/1156\/revisions\/2735"}],"up":[{"embeddable":true,"href":"https:\/\/www.diocesi.torino.it\/missionario\/wp-json\/wp\/v2\/pages\/1133"}],"wp:featuredmedia":[{"embeddable":true,"href":"https:\/\/www.diocesi.torino.it\/missionario\/wp-json\/wp\/v2\/media\/2736"}],"wp:attachment":[{"href":"https:\/\/www.diocesi.torino.it\/missionario\/wp-json\/wp\/v2\/media?parent=1156"}],"curies":[{"name":"wp","href":"https:\/\/api.w.org\/{rel}","templated":true}]}}