{"id":1164,"date":"2010-03-12T10:18:00","date_gmt":"2010-03-12T09:18:00","guid":{"rendered":"http:\/\/www.diocesi.torino.it\/missionario\/cooperazione-missionaria\/quaresima-di-fraternita\/"},"modified":"2025-01-08T14:09:36","modified_gmt":"2025-01-08T13:09:36","slug":"quaresima-di-fraternita","status":"publish","type":"page","link":"https:\/\/www.diocesi.torino.it\/missionario\/quaresima-di-fraternita\/","title":{"rendered":"Quaresima di Fraternit\u00e0"},"content":{"rendered":"<div id=\"pl-1164\"  class=\"panel-layout\" ><div id=\"pg-1164-0\"  class=\"panel-grid panel-no-style\" ><div id=\"pgc-1164-0-0\"  class=\"panel-grid-cell\" ><div id=\"panel-1164-0-0-0\" class=\"so-panel widget widget_sow-editor panel-first-child panel-last-child\" data-index=\"0\" ><div\n\t\t\t\n\t\t\tclass=\"so-widget-sow-editor so-widget-sow-editor-base\"\n\t\t\t\n\t\t>\n<div class=\"siteorigin-widget-tinymce textwidget\">\n\t<div>\n<div>\n<p><img decoding=\"async\" loading=\"lazy\" class=\"size-medium wp-image-7867 alignleft\" src=\"https:\/\/www.diocesi.torino.it\/missionario\/wp-content\/uploads\/sites\/17\/2022\/10\/logo-qdf-300x300.jpg\" alt=\"\" width=\"300\" height=\"300\" srcset=\"https:\/\/www.diocesi.torino.it\/missionario\/wp-content\/uploads\/sites\/17\/2022\/10\/logo-qdf-300x300.jpg 300w, https:\/\/www.diocesi.torino.it\/missionario\/wp-content\/uploads\/sites\/17\/2022\/10\/logo-qdf-1024x1024.jpg 1024w, https:\/\/www.diocesi.torino.it\/missionario\/wp-content\/uploads\/sites\/17\/2022\/10\/logo-qdf-150x150.jpg 150w, https:\/\/www.diocesi.torino.it\/missionario\/wp-content\/uploads\/sites\/17\/2022\/10\/logo-qdf-768x768.jpg 768w, https:\/\/www.diocesi.torino.it\/missionario\/wp-content\/uploads\/sites\/17\/2022\/10\/logo-qdf-200x200.jpg 200w, https:\/\/www.diocesi.torino.it\/missionario\/wp-content\/uploads\/sites\/17\/2022\/10\/logo-qdf-280x280.jpg 280w, https:\/\/www.diocesi.torino.it\/missionario\/wp-content\/uploads\/sites\/17\/2022\/10\/logo-qdf-1536x1536.jpg 1536w, https:\/\/www.diocesi.torino.it\/missionario\/wp-content\/uploads\/sites\/17\/2022\/10\/logo-qdf-2048x2048.jpg 2048w, https:\/\/www.diocesi.torino.it\/missionario\/wp-content\/uploads\/sites\/17\/2022\/10\/logo-qdf-600x600.jpg 600w, https:\/\/www.diocesi.torino.it\/missionario\/wp-content\/uploads\/sites\/17\/2022\/10\/logo-qdf-1200x1200.jpg 1200w, https:\/\/www.diocesi.torino.it\/missionario\/wp-content\/uploads\/sites\/17\/2022\/10\/logo-qdf-800x800.jpg 800w\" sizes=\"(max-width: 300px) 100vw, 300px\" \/>L\u2019esperienza della Quaresima di Fraternit\u00e0 nacque 60 anni fa (1963), con lo scopo di sensibilizzare la comunit\u00e0 torinese e fare qualcosa di concreto contro la fame nel mondo cercando di intervenire sulle cause che la suscitano. In t anni di cammino la proposta\u00a0 della Quaresima di Fraternit\u00e0 \u00e8 ormai entrata nel vissuto delle nostre comunit\u00e0 cristiane e della Diocesi.<br \/>\nAlla luce dell\u2019esperienza di questi 50 anni di Quaresima di Fraternit\u00e0, con questo regolamento-linee guida, desideriamo ribadire alcuni principi e valori ispiratori<br \/>\nCrediamo che sia parte del mandato di ogni Cristiano operare per lo sviluppo integrale di ogni persona e di ogni comunit\u00e0, perch\u00e9 qui su questa terra possano iniziare a realizzarsi quei \u201ccieli nuovi e terra nuova in cui ha stabile dimora la giustizia\u201d che il Signore ha promesso. In questa prospettiva riteniamo anche che la formazione e l\u2019educazione, nonch\u00e9 l\u2019annuncio e l\u2019evangelizzazione, siano vie maestre e irrinunciabili per raggiungere tale sviluppo integrale.<br \/>\nRiteniamo che la nostra attenzione e cura debba essere indirizzata in modo particolare ai pi\u00f9 poveri fra i poveri, soprattutto a coloro che non hanno voce, che pi\u00f9 sono dimenticati e che meno sono aiutati.<br \/>\n<strong>Riteniamo anche che sia parte del nostro mandato supportare e sostenere con la Quaresima di Fraternit\u00e0<\/strong><strong> quei progetti che cercano di modificare una realt\u00e0 e di intervenire sulle cause che generano povert\u00e0 e sottosviluppo. <\/strong>Consapevoli che un\u2019opera di intervento per lo sviluppo e la crescita di una comunit\u00e0 non possa che partire dalla comunit\u00e0 stessa e non possa non realizzarsi se non con il coinvolgimento ed il contributo di ogni singolo membro della comunit\u00e0. Uno slogan significativo dice \u201cse non sei parte della soluzione, sei parte del problema\u201d.<br \/>\nGli interventi di solidariet\u00e0 per lo sviluppo sono portatori di una inevitabile valenza politica, a volte anche di protesta e denuncia. Tale valenza deve essere consapevole e mai ingenua, sempre rispettosa e mai violenta. Il coraggio e la prudenza vanno sempre contemperati perch\u00e9 l\u2019intervento per lo sviluppo e la cooperazione non sia mai ingenuo o insignificante.<br \/>\n<strong>Da quest\u2019anno l\u2019elenco \u00e8 interdiocesano. In apertura ci sono i \u201cProgetti Diocesani\u201d, ovvero le iniziative di solidariet\u00e0 nate da rapporti di fratellanza che le diocesi di Torino e Susa hanno consolidato nel tempo e <\/strong><strong>che assumono come primo e privilegiato impegno.<\/strong> \u00c8 fondamentale che la nostra azione si spinga oltre l\u2019aiuto, sentendo la <strong>responsabilit\u00e0 di costruire e rafforzare legami di conoscenza e fratellanza<\/strong>. <strong>Un<\/strong> <strong>reale e profondo scambio di beni e di fede<\/strong>, alla cui realizzazione come comunit\u00e0 diocesane siamo invitati a partecipare.<\/p>\n<h5><a href=\"https:\/\/www.diocesi.torino.it\/donazioni\/quaresima-di-fraternita\/\"><strong>Clicca qui per visualizzare i Progetti Quaresima di Fraternit\u00e0 2025<\/strong><\/a><\/h5>\n<\/div>\n<\/div>\n<div>\n<div>\n<div><\/div>\n<div><\/div>\n<\/div>\n<div><\/div>\n<\/div>\n<div><\/div>\n<p>&nbsp;<\/p>\n<\/div>\n<\/div><\/div><\/div><div id=\"pgc-1164-0-1\"  class=\"panel-grid-cell\" ><div id=\"panel-1164-0-1-0\" class=\"so-panel widget widget_sow-image panel-first-child panel-last-child\" data-index=\"1\" ><div\n\t\t\t\n\t\t\tclass=\"so-widget-sow-image so-widget-sow-image-default-8b5b6f678277-1164\"\n\t\t\t\n\t\t>\n\n<div class=\"sow-image-container\">\n\t\t\t<a href=\"http:\/\/www.diocesi.torino.it\/donazioni\/come-donare\"\n\t\t\t\t\t>\n\t\t\t<img src=\"https:\/\/www.diocesi.torino.it\/missionario\/wp-content\/uploads\/sites\/17\/2024\/09\/sportello-collette-e-donazioni-2.jpg\" width=\"321\" height=\"88\" srcset=\"https:\/\/www.diocesi.torino.it\/missionario\/wp-content\/uploads\/sites\/17\/2024\/09\/sportello-collette-e-donazioni-2.jpg 321w, https:\/\/www.diocesi.torino.it\/missionario\/wp-content\/uploads\/sites\/17\/2024\/09\/sportello-collette-e-donazioni-2-300x82.jpg 300w\" sizes=\"(max-width: 321px) 100vw, 321px\" title=\"sportello collette e donazioni (2)\" alt=\"\" loading=\"lazy\" \t\tclass=\"so-widget-image\"\/>\n\t<\/a><\/div>\n\n<\/div><\/div><\/div><\/div><\/div><hr class=\"wpba_attachment_hr\"><div id='wpba_attachment_list' class='wpba wpba-wrap'>\n<ul class='wpba-attachment-list unstyled'><li id='wpba_attachment_list_9845' class='wpba-list-item pull-left'><img src='https:\/\/www.diocesi.torino.it\/missionario\/wp-content\/themes\/wp-starter-so\/icons\/document.png' width='16' height='20' class='wpba-icon pull-left'><a href='https:\/\/www.diocesi.torino.it\/missionario\/wp-content\/uploads\/sites\/17\/2024\/09\/REGOLAMENTO-QDF-2025.pdf' title='REGOLAMENTO QDF 2025' class='wpba-link pull-left' target=\"_blank\">REGOLAMENTO QDF 2025<\/a><\/li>\n<\/ul><\/div>\n","protected":false},"excerpt":{"rendered":"<p>L\u2019esperienza della Quaresima di Fraternit\u00e0 nacque 60 anni fa (1963), con lo scopo di sensibilizzare la comunit\u00e0 torinese e fare qualcosa di concreto contro la fame nel mondo cercando di intervenire sulle cause che la suscitano. In t anni di cammino la proposta\u00a0 della Quaresima di Fraternit\u00e0 \u00e8 ormai entrata nel vissuto delle nostre comunit\u00e0 cristiane e della Diocesi. Alla luce dell\u2019esperienza di questi 50 &hellip; <a href=\"https:\/\/www.diocesi.torino.it\/missionario\/quaresima-di-fraternita\/\" class=\"more-link\">Continua a leggere <span class=\"screen-reader-text\"><\/span> <span class=\"meta-nav\">&raquo;<\/span><\/a><\/p>\n","protected":false},"author":1,"featured_media":0,"parent":0,"menu_order":0,"comment_status":"closed","ping_status":"closed","template":"","meta":{"ip_address":"","user_agent":"","level":"","revision":"","cookie_id":"","page_referer":"","html_form":"","_expiration-date-status":"","_expiration-date":0,"_expiration-date-type":"","_expiration-date-categories":[],"_expiration-date-options":[]},"acf":[],"yoast_head":"<!-- This site is optimized with the Yoast SEO plugin v20.8 - https:\/\/yoast.com\/wordpress\/plugins\/seo\/ -->\n<title>Quaresima di Fraternit\u00e0 - Pastorale MISSIONARIA e cooperazione tra le Chiese<\/title>\n<meta name=\"robots\" content=\"index, follow, max-snippet:-1, max-image-preview:large, max-video-preview:-1\" \/>\n<link rel=\"canonical\" href=\"https:\/\/www.diocesi.torino.it\/missionario\/quaresima-di-fraternita\/\" \/>\n<meta property=\"og:locale\" content=\"it_IT\" \/>\n<meta property=\"og:type\" content=\"article\" \/>\n<meta property=\"og:title\" content=\"Quaresima di Fraternit\u00e0 - Pastorale MISSIONARIA e cooperazione tra le Chiese\" \/>\n<meta property=\"og:description\" content=\"L\u2019esperienza della Quaresima di Fraternit\u00e0 nacque 60 anni fa (1963), con lo scopo di sensibilizzare la comunit\u00e0 torinese e fare qualcosa di concreto contro la fame nel mondo cercando di intervenire sulle cause che la suscitano. In t anni di cammino la proposta\u00a0 della Quaresima di Fraternit\u00e0 \u00e8 ormai entrata nel vissuto delle nostre comunit\u00e0 cristiane e della Diocesi. Alla luce dell\u2019esperienza di questi 50 &hellip; Continua a leggere &raquo;\" \/>\n<meta property=\"og:url\" content=\"https:\/\/www.diocesi.torino.it\/missionario\/quaresima-di-fraternita\/\" \/>\n<meta property=\"og:site_name\" content=\"Pastorale MISSIONARIA e cooperazione tra le Chiese\" \/>\n<meta property=\"article:modified_time\" content=\"2025-01-08T13:09:36+00:00\" \/>\n<meta property=\"og:image\" content=\"https:\/\/www.diocesi.torino.it\/missionario\/wp-content\/uploads\/sites\/17\/2022\/10\/logo-qdf-300x300.jpg\" \/>\n<meta name=\"twitter:card\" content=\"summary_large_image\" \/>\n<meta name=\"twitter:label1\" content=\"Tempo di lettura stimato\" \/>\n\t<meta name=\"twitter:data1\" content=\"3 minuti\" \/>\n<script type=\"application\/ld+json\" class=\"yoast-schema-graph\">{\"@context\":\"https:\/\/schema.org\",\"@graph\":[{\"@type\":\"WebPage\",\"@id\":\"https:\/\/www.diocesi.torino.it\/missionario\/quaresima-di-fraternita\/\",\"url\":\"https:\/\/www.diocesi.torino.it\/missionario\/quaresima-di-fraternita\/\",\"name\":\"Quaresima di Fraternit\u00e0 - Pastorale MISSIONARIA e cooperazione tra le Chiese\",\"isPartOf\":{\"@id\":\"https:\/\/www.diocesi.torino.it\/missionario\/#website\"},\"datePublished\":\"2010-03-12T09:18:00+00:00\",\"dateModified\":\"2025-01-08T13:09:36+00:00\",\"breadcrumb\":{\"@id\":\"https:\/\/www.diocesi.torino.it\/missionario\/quaresima-di-fraternita\/#breadcrumb\"},\"inLanguage\":\"it-IT\",\"potentialAction\":[{\"@type\":\"ReadAction\",\"target\":[\"https:\/\/www.diocesi.torino.it\/missionario\/quaresima-di-fraternita\/\"]}]},{\"@type\":\"BreadcrumbList\",\"@id\":\"https:\/\/www.diocesi.torino.it\/missionario\/quaresima-di-fraternita\/#breadcrumb\",\"itemListElement\":[{\"@type\":\"ListItem\",\"position\":1,\"name\":\"Home\",\"item\":\"https:\/\/www.diocesi.torino.it\/missionario\/\"},{\"@type\":\"ListItem\",\"position\":2,\"name\":\"Quaresima di Fraternit\u00e0\"}]},{\"@type\":\"WebSite\",\"@id\":\"https:\/\/www.diocesi.torino.it\/missionario\/#website\",\"url\":\"https:\/\/www.diocesi.torino.it\/missionario\/\",\"name\":\"Pastorale MISSIONARIA e cooperazione tra le Chiese\",\"description\":\"\",\"potentialAction\":[{\"@type\":\"SearchAction\",\"target\":{\"@type\":\"EntryPoint\",\"urlTemplate\":\"https:\/\/www.diocesi.torino.it\/missionario\/?s={search_term_string}\"},\"query-input\":\"required name=search_term_string\"}],\"inLanguage\":\"it-IT\"}]}<\/script>\n<!-- \/ Yoast SEO plugin. -->","yoast_head_json":{"title":"Quaresima di Fraternit\u00e0 - Pastorale MISSIONARIA e cooperazione tra le Chiese","robots":{"index":"index","follow":"follow","max-snippet":"max-snippet:-1","max-image-preview":"max-image-preview:large","max-video-preview":"max-video-preview:-1"},"canonical":"https:\/\/www.diocesi.torino.it\/missionario\/quaresima-di-fraternita\/","og_locale":"it_IT","og_type":"article","og_title":"Quaresima di Fraternit\u00e0 - Pastorale MISSIONARIA e cooperazione tra le Chiese","og_description":"L\u2019esperienza della Quaresima di Fraternit\u00e0 nacque 60 anni fa (1963), con lo scopo di sensibilizzare la comunit\u00e0 torinese e fare qualcosa di concreto contro la fame nel mondo cercando di intervenire sulle cause che la suscitano. In t anni di cammino la proposta\u00a0 della Quaresima di Fraternit\u00e0 \u00e8 ormai entrata nel vissuto delle nostre comunit\u00e0 cristiane e della Diocesi. Alla luce dell\u2019esperienza di questi 50 &hellip; Continua a leggere &raquo;","og_url":"https:\/\/www.diocesi.torino.it\/missionario\/quaresima-di-fraternita\/","og_site_name":"Pastorale MISSIONARIA e cooperazione tra le Chiese","article_modified_time":"2025-01-08T13:09:36+00:00","og_image":[{"url":"https:\/\/www.diocesi.torino.it\/missionario\/wp-content\/uploads\/sites\/17\/2022\/10\/logo-qdf-300x300.jpg"}],"twitter_card":"summary_large_image","twitter_misc":{"Tempo di lettura stimato":"3 minuti"},"schema":{"@context":"https:\/\/schema.org","@graph":[{"@type":"WebPage","@id":"https:\/\/www.diocesi.torino.it\/missionario\/quaresima-di-fraternita\/","url":"https:\/\/www.diocesi.torino.it\/missionario\/quaresima-di-fraternita\/","name":"Quaresima di Fraternit\u00e0 - Pastorale MISSIONARIA e cooperazione tra le Chiese","isPartOf":{"@id":"https:\/\/www.diocesi.torino.it\/missionario\/#website"},"datePublished":"2010-03-12T09:18:00+00:00","dateModified":"2025-01-08T13:09:36+00:00","breadcrumb":{"@id":"https:\/\/www.diocesi.torino.it\/missionario\/quaresima-di-fraternita\/#breadcrumb"},"inLanguage":"it-IT","potentialAction":[{"@type":"ReadAction","target":["https:\/\/www.diocesi.torino.it\/missionario\/quaresima-di-fraternita\/"]}]},{"@type":"BreadcrumbList","@id":"https:\/\/www.diocesi.torino.it\/missionario\/quaresima-di-fraternita\/#breadcrumb","itemListElement":[{"@type":"ListItem","position":1,"name":"Home","item":"https:\/\/www.diocesi.torino.it\/missionario\/"},{"@type":"ListItem","position":2,"name":"Quaresima di Fraternit\u00e0"}]},{"@type":"WebSite","@id":"https:\/\/www.diocesi.torino.it\/missionario\/#website","url":"https:\/\/www.diocesi.torino.it\/missionario\/","name":"Pastorale MISSIONARIA e cooperazione tra le Chiese","description":"","potentialAction":[{"@type":"SearchAction","target":{"@type":"EntryPoint","urlTemplate":"https:\/\/www.diocesi.torino.it\/missionario\/?s={search_term_string}"},"query-input":"required name=search_term_string"}],"inLanguage":"it-IT"}]}},"_links":{"self":[{"href":"https:\/\/www.diocesi.torino.it\/missionario\/wp-json\/wp\/v2\/pages\/1164"}],"collection":[{"href":"https:\/\/www.diocesi.torino.it\/missionario\/wp-json\/wp\/v2\/pages"}],"about":[{"href":"https:\/\/www.diocesi.torino.it\/missionario\/wp-json\/wp\/v2\/types\/page"}],"author":[{"embeddable":true,"href":"https:\/\/www.diocesi.torino.it\/missionario\/wp-json\/wp\/v2\/users\/1"}],"replies":[{"embeddable":true,"href":"https:\/\/www.diocesi.torino.it\/missionario\/wp-json\/wp\/v2\/comments?post=1164"}],"version-history":[{"count":50,"href":"https:\/\/www.diocesi.torino.it\/missionario\/wp-json\/wp\/v2\/pages\/1164\/revisions"}],"predecessor-version":[{"id":10451,"href":"https:\/\/www.diocesi.torino.it\/missionario\/wp-json\/wp\/v2\/pages\/1164\/revisions\/10451"}],"wp:attachment":[{"href":"https:\/\/www.diocesi.torino.it\/missionario\/wp-json\/wp\/v2\/media?parent=1164"}],"curies":[{"name":"wp","href":"https:\/\/api.w.org\/{rel}","templated":true}]}}