{"id":1537,"date":"2010-03-12T10:19:00","date_gmt":"2010-03-12T09:19:00","guid":{"rendered":"http:\/\/www.diocesi.torino.it\/missionario\/cooperazione-missionaria\/adozioni-internazionali-a-distanza\/"},"modified":"2025-10-09T08:56:51","modified_gmt":"2025-10-09T06:56:51","slug":"adozioni-internazionali-a-distanza","status":"publish","type":"page","link":"https:\/\/www.diocesi.torino.it\/missionario\/cooperazionetralechiese\/adozioni-internazionali-a-distanza\/","title":{"rendered":"Sostegno a distanza"},"content":{"rendered":"<div id=\"pl-1537\"  class=\"panel-layout\" ><div id=\"pg-1537-0\"  class=\"panel-grid panel-no-style\" ><div id=\"pgc-1537-0-0\"  class=\"panel-grid-cell\" ><div id=\"panel-1537-0-0-0\" class=\"so-panel widget widget_sow-editor panel-first-child panel-last-child\" data-index=\"0\" ><div\n\t\t\t\n\t\t\tclass=\"so-widget-sow-editor so-widget-sow-editor-base\"\n\t\t\t\n\t\t>\n<div class=\"siteorigin-widget-tinymce textwidget\">\n\t<div><\/div>\n<div><span style=\"font-size: medium;\"><strong>LA FINALITA' <\/strong><\/span><\/div>\n<div><\/div>\n<div><a href=\"https:\/\/www.diocesi.torino.it\/missionario\/wp-content\/uploads\/sites\/17\/2024\/04\/DEPLIANT-ADOZIONI-A-DISTANZA-1.pdf\"><img decoding=\"async\" loading=\"lazy\" class=\" wp-image-5507 alignright\" src=\"https:\/\/www.diocesi.torino.it\/missionario\/wp-content\/uploads\/sites\/17\/2020\/04\/Copia-di-Purple-Grid-Marketing-Promotion-Corporate-Flyer-2-214x300.png\" alt=\"\" width=\"287\" height=\"403\" srcset=\"https:\/\/www.diocesi.torino.it\/missionario\/wp-content\/uploads\/sites\/17\/2020\/04\/Copia-di-Purple-Grid-Marketing-Promotion-Corporate-Flyer-2-214x300.png 214w, https:\/\/www.diocesi.torino.it\/missionario\/wp-content\/uploads\/sites\/17\/2020\/04\/Copia-di-Purple-Grid-Marketing-Promotion-Corporate-Flyer-2-731x1024.png 731w, https:\/\/www.diocesi.torino.it\/missionario\/wp-content\/uploads\/sites\/17\/2020\/04\/Copia-di-Purple-Grid-Marketing-Promotion-Corporate-Flyer-2-768x1076.png 768w, https:\/\/www.diocesi.torino.it\/missionario\/wp-content\/uploads\/sites\/17\/2020\/04\/Copia-di-Purple-Grid-Marketing-Promotion-Corporate-Flyer-2-200x280.png 200w, https:\/\/www.diocesi.torino.it\/missionario\/wp-content\/uploads\/sites\/17\/2020\/04\/Copia-di-Purple-Grid-Marketing-Promotion-Corporate-Flyer-2-548x768.png 548w, https:\/\/www.diocesi.torino.it\/missionario\/wp-content\/uploads\/sites\/17\/2020\/04\/Copia-di-Purple-Grid-Marketing-Promotion-Corporate-Flyer-2-1097x1536.png 1097w, https:\/\/www.diocesi.torino.it\/missionario\/wp-content\/uploads\/sites\/17\/2020\/04\/Copia-di-Purple-Grid-Marketing-Promotion-Corporate-Flyer-2.png 1428w\" sizes=\"(max-width: 287px) 100vw, 287px\" \/><\/a>Il sostegno a distanza consiste in un contributo economico annuale continuativo ad un bambino\/a od un gruppo di bambini a distanza in un paese del sud del mondo. Non \u00e8 un'assistenza, ma un aiuto condiviso che ha come scopo lo sviluppo della persona, del bambino, della sua famiglia. Con il sostegno a distanza si accompagna il bambino in un percorso significativo per la sua vita, lo si affianca in un pezzo di strada che lo aiuter\u00e0 per il futuro.<\/div>\n<div>Tutti possono aderire al Sostegno a distanza; persone singole, famiglie, gruppi di amici, classi di scuola, aziende, enti locali, parrocchie ed associazioni. E' un impegno morale a cui chiunque pu\u00f2 partecipare. E' un gesto di amicizia e di unit\u00e0 tra persone, un gesto educativo, pu\u00f2 essere anche l'occasione di un regalo in momenti particolari dell'anno e della vita.<\/div>\n<div>I destinatari sono bambini in difficolt\u00e0, che per vari motivi, non possono essere aiutati dalle loro famiglie. Per questo hanno bisogno di un sostegno che offra loro le opportunit\u00e0 necessarie per poter crescere, curarsi, studiare e inserirsi nella societ\u00e0.<\/div>\n<div>I missionari individuano i bambini da sostenere, le priorit\u00e0 e le necessit\u00e0, gestiscono i contributi e mantengono i contatti con l\u2019Ufficio Missionario ed i sostenitori. Per meglio realizzare una maggior equit\u00e0 e senso di condivisione tra i bambini, le richieste da parte dei missionari, negli ultimi anni, sono orientate verso \u201cAdozioni dei Gruppi\u201d, pi\u00f9 che dei singoli.<\/div>\n<div>Semestralmente vengono inviate ai missionari le quote versate (escluso il 10% trattenuto per costi di gestione), saranno poi loro a gestire l\u2019aiuto ricevuto in base alle necessit\u00e0 pi\u00f9 urgenti.<\/div>\n<div><\/div>\n<div><\/div>\n<div>\n<h3>Clicca <a href=\"https:\/\/www.diocesi.torino.it\/missionario\/wp-content\/uploads\/sites\/17\/2021\/01\/LOCANDINA-ADOZIONI-A-DISTANZA-2020-1.pdf\">qui<\/a> per scaricare la locandina<\/h3>\n<h3>Clicca <a href=\"https:\/\/www.diocesi.torino.it\/missionario\/wp-content\/uploads\/sites\/17\/2024\/04\/DEPLIANT-ADOZIONI-A-DISTANZA-1.pdf\">qui <\/a>per scaricare il depliant di presentazione<\/h3>\n<\/div>\n<div><\/div>\n<div><\/div>\n<\/div>\n<\/div><\/div><\/div><div id=\"pgc-1537-0-1\"  class=\"panel-grid-cell\" ><div id=\"panel-1537-0-1-0\" class=\"so-panel widget widget_sow-image panel-first-child panel-last-child\" data-index=\"1\" ><div\n\t\t\t\n\t\t\tclass=\"so-widget-sow-image so-widget-sow-image-default-8b5b6f678277-1537\"\n\t\t\t\n\t\t>\n\n<div class=\"sow-image-container\">\n\t\t\t<a href=\"https:\/\/www.diocesi.torino.it\/missionario\/come-donare\/\"\n\t\t\t\t\t>\n\t\t\t<img src=\"https:\/\/www.diocesi.torino.it\/missionario\/wp-content\/uploads\/sites\/17\/2024\/07\/come.jpg\" width=\"200\" height=\"100\" sizes=\"(max-width: 200px) 100vw, 200px\" alt=\"\" loading=\"lazy\" \t\tclass=\"so-widget-image\"\/>\n\t<\/a><\/div>\n\n<\/div><\/div><\/div><\/div><\/div><hr class=\"wpba_attachment_hr\"><div id='wpba_attachment_list' class='wpba wpba-wrap'>\n<ul class='wpba-attachment-list unstyled'><li id='wpba_attachment_list_9530' class='wpba-list-item pull-left'><img src='https:\/\/www.diocesi.torino.it\/missionario\/wp-content\/themes\/wp-starter-so\/icons\/document.png' width='16' height='20' class='wpba-icon pull-left'><a href='https:\/\/www.diocesi.torino.it\/missionario\/wp-content\/uploads\/sites\/17\/2024\/04\/DEPLIANT-ADOZIONI-A-DISTANZA-1.pdf' title='DEPLIANT ADOZIONI A DISTANZA (1)' class='wpba-link pull-left' target=\"_blank\">DEPLIANT ADOZIONI A DISTANZA (1)<\/a><\/li>\n<\/ul><\/div>\n","protected":false},"excerpt":{"rendered":"<p>LA FINALITA&#8217; Il sostegno a distanza consiste in un contributo economico annuale continuativo ad un bambino\/a od un gruppo di bambini a distanza in un paese del sud del mondo. Non \u00e8 un&#8217;assistenza, ma un aiuto condiviso che ha come scopo lo sviluppo della persona, del bambino, della sua famiglia. Con il sostegno a distanza si accompagna il bambino in un percorso significativo per la &hellip; <a href=\"https:\/\/www.diocesi.torino.it\/missionario\/cooperazionetralechiese\/adozioni-internazionali-a-distanza\/\" class=\"more-link\">Continua a leggere <span class=\"screen-reader-text\"><\/span> <span class=\"meta-nav\">&raquo;<\/span><\/a><\/p>\n","protected":false},"author":1,"featured_media":0,"parent":1069,"menu_order":0,"comment_status":"closed","ping_status":"closed","template":"","meta":{"ip_address":"","user_agent":"","level":"","revision":"","cookie_id":"","page_referer":"","html_form":"","_expiration-date-status":"","_expiration-date":0,"_expiration-date-type":"","_expiration-date-categories":[],"_expiration-date-options":[]},"acf":[],"yoast_head":"<!-- This site is optimized with the Yoast SEO plugin v20.8 - https:\/\/yoast.com\/wordpress\/plugins\/seo\/ -->\n<title>Sostegno a distanza - Pastorale MISSIONARIA e cooperazione tra le Chiese<\/title>\n<meta name=\"robots\" content=\"index, follow, max-snippet:-1, max-image-preview:large, max-video-preview:-1\" \/>\n<link rel=\"canonical\" href=\"https:\/\/www.diocesi.torino.it\/missionario\/cooperazionetralechiese\/adozioni-internazionali-a-distanza\/\" \/>\n<meta property=\"og:locale\" content=\"it_IT\" \/>\n<meta property=\"og:type\" content=\"article\" \/>\n<meta property=\"og:title\" content=\"Sostegno a distanza - Pastorale MISSIONARIA e cooperazione tra le Chiese\" \/>\n<meta property=\"og:description\" content=\"LA FINALITA&#039; Il sostegno a distanza consiste in un contributo economico annuale continuativo ad un bambino\/a od un gruppo di bambini a distanza in un paese del sud del mondo. Non \u00e8 un&#039;assistenza, ma un aiuto condiviso che ha come scopo lo sviluppo della persona, del bambino, della sua famiglia. Con il sostegno a distanza si accompagna il bambino in un percorso significativo per la &hellip; Continua a leggere &raquo;\" \/>\n<meta property=\"og:url\" content=\"https:\/\/www.diocesi.torino.it\/missionario\/cooperazionetralechiese\/adozioni-internazionali-a-distanza\/\" \/>\n<meta property=\"og:site_name\" content=\"Pastorale MISSIONARIA e cooperazione tra le Chiese\" \/>\n<meta property=\"article:modified_time\" content=\"2025-10-09T06:56:51+00:00\" \/>\n<meta property=\"og:image\" content=\"https:\/\/www.diocesi.torino.it\/missionario\/wp-content\/uploads\/sites\/17\/2020\/04\/Copia-di-Purple-Grid-Marketing-Promotion-Corporate-Flyer-2-214x300.png\" \/>\n<meta name=\"twitter:card\" content=\"summary_large_image\" \/>\n<meta name=\"twitter:label1\" content=\"Tempo di lettura stimato\" \/>\n\t<meta name=\"twitter:data1\" content=\"2 minuti\" \/>\n<script type=\"application\/ld+json\" class=\"yoast-schema-graph\">{\"@context\":\"https:\/\/schema.org\",\"@graph\":[{\"@type\":\"WebPage\",\"@id\":\"https:\/\/www.diocesi.torino.it\/missionario\/cooperazionetralechiese\/adozioni-internazionali-a-distanza\/\",\"url\":\"https:\/\/www.diocesi.torino.it\/missionario\/cooperazionetralechiese\/adozioni-internazionali-a-distanza\/\",\"name\":\"Sostegno a distanza - Pastorale MISSIONARIA e cooperazione tra le Chiese\",\"isPartOf\":{\"@id\":\"https:\/\/www.diocesi.torino.it\/missionario\/#website\"},\"datePublished\":\"2010-03-12T09:19:00+00:00\",\"dateModified\":\"2025-10-09T06:56:51+00:00\",\"breadcrumb\":{\"@id\":\"https:\/\/www.diocesi.torino.it\/missionario\/cooperazionetralechiese\/adozioni-internazionali-a-distanza\/#breadcrumb\"},\"inLanguage\":\"it-IT\",\"potentialAction\":[{\"@type\":\"ReadAction\",\"target\":[\"https:\/\/www.diocesi.torino.it\/missionario\/cooperazionetralechiese\/adozioni-internazionali-a-distanza\/\"]}]},{\"@type\":\"BreadcrumbList\",\"@id\":\"https:\/\/www.diocesi.torino.it\/missionario\/cooperazionetralechiese\/adozioni-internazionali-a-distanza\/#breadcrumb\",\"itemListElement\":[{\"@type\":\"ListItem\",\"position\":1,\"name\":\"Home\",\"item\":\"https:\/\/www.diocesi.torino.it\/missionario\/\"},{\"@type\":\"ListItem\",\"position\":2,\"name\":\"Cooperazione tra le Chiese\",\"item\":\"https:\/\/www.diocesi.torino.it\/missionario\/cooperazionetralechiese\/\"},{\"@type\":\"ListItem\",\"position\":3,\"name\":\"Sostegno a distanza\"}]},{\"@type\":\"WebSite\",\"@id\":\"https:\/\/www.diocesi.torino.it\/missionario\/#website\",\"url\":\"https:\/\/www.diocesi.torino.it\/missionario\/\",\"name\":\"Pastorale MISSIONARIA e cooperazione tra le Chiese\",\"description\":\"\",\"potentialAction\":[{\"@type\":\"SearchAction\",\"target\":{\"@type\":\"EntryPoint\",\"urlTemplate\":\"https:\/\/www.diocesi.torino.it\/missionario\/?s={search_term_string}\"},\"query-input\":\"required name=search_term_string\"}],\"inLanguage\":\"it-IT\"}]}<\/script>\n<!-- \/ Yoast SEO plugin. -->","yoast_head_json":{"title":"Sostegno a distanza - Pastorale MISSIONARIA e cooperazione tra le Chiese","robots":{"index":"index","follow":"follow","max-snippet":"max-snippet:-1","max-image-preview":"max-image-preview:large","max-video-preview":"max-video-preview:-1"},"canonical":"https:\/\/www.diocesi.torino.it\/missionario\/cooperazionetralechiese\/adozioni-internazionali-a-distanza\/","og_locale":"it_IT","og_type":"article","og_title":"Sostegno a distanza - Pastorale MISSIONARIA e cooperazione tra le Chiese","og_description":"LA FINALITA' Il sostegno a distanza consiste in un contributo economico annuale continuativo ad un bambino\/a od un gruppo di bambini a distanza in un paese del sud del mondo. Non \u00e8 un'assistenza, ma un aiuto condiviso che ha come scopo lo sviluppo della persona, del bambino, della sua famiglia. Con il sostegno a distanza si accompagna il bambino in un percorso significativo per la &hellip; Continua a leggere &raquo;","og_url":"https:\/\/www.diocesi.torino.it\/missionario\/cooperazionetralechiese\/adozioni-internazionali-a-distanza\/","og_site_name":"Pastorale MISSIONARIA e cooperazione tra le Chiese","article_modified_time":"2025-10-09T06:56:51+00:00","og_image":[{"url":"https:\/\/www.diocesi.torino.it\/missionario\/wp-content\/uploads\/sites\/17\/2020\/04\/Copia-di-Purple-Grid-Marketing-Promotion-Corporate-Flyer-2-214x300.png"}],"twitter_card":"summary_large_image","twitter_misc":{"Tempo di lettura stimato":"2 minuti"},"schema":{"@context":"https:\/\/schema.org","@graph":[{"@type":"WebPage","@id":"https:\/\/www.diocesi.torino.it\/missionario\/cooperazionetralechiese\/adozioni-internazionali-a-distanza\/","url":"https:\/\/www.diocesi.torino.it\/missionario\/cooperazionetralechiese\/adozioni-internazionali-a-distanza\/","name":"Sostegno a distanza - Pastorale MISSIONARIA e cooperazione tra le Chiese","isPartOf":{"@id":"https:\/\/www.diocesi.torino.it\/missionario\/#website"},"datePublished":"2010-03-12T09:19:00+00:00","dateModified":"2025-10-09T06:56:51+00:00","breadcrumb":{"@id":"https:\/\/www.diocesi.torino.it\/missionario\/cooperazionetralechiese\/adozioni-internazionali-a-distanza\/#breadcrumb"},"inLanguage":"it-IT","potentialAction":[{"@type":"ReadAction","target":["https:\/\/www.diocesi.torino.it\/missionario\/cooperazionetralechiese\/adozioni-internazionali-a-distanza\/"]}]},{"@type":"BreadcrumbList","@id":"https:\/\/www.diocesi.torino.it\/missionario\/cooperazionetralechiese\/adozioni-internazionali-a-distanza\/#breadcrumb","itemListElement":[{"@type":"ListItem","position":1,"name":"Home","item":"https:\/\/www.diocesi.torino.it\/missionario\/"},{"@type":"ListItem","position":2,"name":"Cooperazione tra le Chiese","item":"https:\/\/www.diocesi.torino.it\/missionario\/cooperazionetralechiese\/"},{"@type":"ListItem","position":3,"name":"Sostegno a distanza"}]},{"@type":"WebSite","@id":"https:\/\/www.diocesi.torino.it\/missionario\/#website","url":"https:\/\/www.diocesi.torino.it\/missionario\/","name":"Pastorale MISSIONARIA e cooperazione tra le Chiese","description":"","potentialAction":[{"@type":"SearchAction","target":{"@type":"EntryPoint","urlTemplate":"https:\/\/www.diocesi.torino.it\/missionario\/?s={search_term_string}"},"query-input":"required name=search_term_string"}],"inLanguage":"it-IT"}]}},"_links":{"self":[{"href":"https:\/\/www.diocesi.torino.it\/missionario\/wp-json\/wp\/v2\/pages\/1537"}],"collection":[{"href":"https:\/\/www.diocesi.torino.it\/missionario\/wp-json\/wp\/v2\/pages"}],"about":[{"href":"https:\/\/www.diocesi.torino.it\/missionario\/wp-json\/wp\/v2\/types\/page"}],"author":[{"embeddable":true,"href":"https:\/\/www.diocesi.torino.it\/missionario\/wp-json\/wp\/v2\/users\/1"}],"replies":[{"embeddable":true,"href":"https:\/\/www.diocesi.torino.it\/missionario\/wp-json\/wp\/v2\/comments?post=1537"}],"version-history":[{"count":30,"href":"https:\/\/www.diocesi.torino.it\/missionario\/wp-json\/wp\/v2\/pages\/1537\/revisions"}],"predecessor-version":[{"id":12121,"href":"https:\/\/www.diocesi.torino.it\/missionario\/wp-json\/wp\/v2\/pages\/1537\/revisions\/12121"}],"up":[{"embeddable":true,"href":"https:\/\/www.diocesi.torino.it\/missionario\/wp-json\/wp\/v2\/pages\/1069"}],"wp:attachment":[{"href":"https:\/\/www.diocesi.torino.it\/missionario\/wp-json\/wp\/v2\/media?parent=1537"}],"curies":[{"name":"wp","href":"https:\/\/api.w.org\/{rel}","templated":true}]}}