{"id":1577,"date":"2010-06-23T11:55:00","date_gmt":"2010-06-23T09:55:00","guid":{"rendered":"http:\/\/www.diocesi.torino.it\/missionario\/cooperazione-missionaria\/opera-s-pietro-apostolo\/"},"modified":"2024-06-05T14:15:03","modified_gmt":"2024-06-05T12:15:03","slug":"opera-s-pietro-apostolo","status":"publish","type":"page","link":"https:\/\/www.diocesi.torino.it\/missionario\/cooperazionetralechiese\/opera-s-pietro-apostolo\/","title":{"rendered":"Sostegno agli studi dei seminaristi della Chiese di missione"},"content":{"rendered":"<div id=\"pl-1577\"  class=\"panel-layout\" ><div id=\"pg-1577-0\"  class=\"panel-grid panel-no-style\" ><div id=\"pgc-1577-0-0\"  class=\"panel-grid-cell\" ><div id=\"panel-1577-0-0-0\" class=\"so-panel widget widget_sow-editor panel-first-child panel-last-child\" data-index=\"0\" ><div\n\t\t\t\n\t\t\tclass=\"so-widget-sow-editor so-widget-sow-editor-base\"\n\t\t\t\n\t\t>\n<div class=\"siteorigin-widget-tinymce textwidget\">\n\t<h4><img decoding=\"async\" loading=\"lazy\" class=\"wp-image-8813 alignleft\" src=\"https:\/\/www.diocesi.torino.it\/missionario\/wp-content\/uploads\/sites\/17\/2023\/10\/opera-san-pietro-apostolo-300x108.png\" alt=\"\" width=\"675\" height=\"243\" srcset=\"https:\/\/www.diocesi.torino.it\/missionario\/wp-content\/uploads\/sites\/17\/2023\/10\/opera-san-pietro-apostolo-300x108.png 300w, https:\/\/www.diocesi.torino.it\/missionario\/wp-content\/uploads\/sites\/17\/2023\/10\/opera-san-pietro-apostolo-1024x367.png 1024w, https:\/\/www.diocesi.torino.it\/missionario\/wp-content\/uploads\/sites\/17\/2023\/10\/opera-san-pietro-apostolo-768x275.png 768w, https:\/\/www.diocesi.torino.it\/missionario\/wp-content\/uploads\/sites\/17\/2023\/10\/opera-san-pietro-apostolo-360x129.png 360w, https:\/\/www.diocesi.torino.it\/missionario\/wp-content\/uploads\/sites\/17\/2023\/10\/opera-san-pietro-apostolo-600x215.png 600w, https:\/\/www.diocesi.torino.it\/missionario\/wp-content\/uploads\/sites\/17\/2023\/10\/opera-san-pietro-apostolo-1200x430.png 1200w, https:\/\/www.diocesi.torino.it\/missionario\/wp-content\/uploads\/sites\/17\/2023\/10\/opera-san-pietro-apostolo-800x287.png 800w, https:\/\/www.diocesi.torino.it\/missionario\/wp-content\/uploads\/sites\/17\/2023\/10\/opera-san-pietro-apostolo.png 1280w\" sizes=\"(max-width: 675px) 100vw, 675px\" \/><\/h4>\n<h4><strong>Finalit\u00e0<\/strong><\/h4>\n<div>Dal 1992 la <strong>Pontificia Opera Missionaria di San Pietro Apostolo<\/strong> \u00e8 il principale organismo della Chiesa cattolica finalizzato a s<strong>ostenere la formazione dei seminaristi delle Chiese di missione<\/strong>, specialmente quelle in situazioni di maggiore necessit\u00e0.<\/div>\n<div>L'opera \u00e8 costituita da una rete mondiale di uomini e donne di buona volont\u00e0 che contribuiscono, con la preghiera e la solidariet\u00e0 fraterna, a sostenere gli studi dei futuri sacerdoti delle <strong>Chiese d'Africa, America del Sud, Asia e Oceania<\/strong>. Qui infatti le vocazioni sacerdotali provengono in gran parte da contesti economicamente modesti, da famiglie che non sono in grado di far fronte a tutte le spese richieste dalla lunga ed esigente formazione al sacerdozio. Tanti giovani, che potrebbero diventare buoni sacerdoti, si trovano nella situazione di dover prendere un'altra strada per la loro vita.<\/div>\n<div>Sono diverse le spese sostenute dai seminari per <strong>assicurare<\/strong> ai seminaristi <strong>il necessario percorso scolastico e formativo: acquisto di libri, vitto, cure mediche, stipendi dei professori e del personale ausiliario, manutenzione delle strutture<\/strong>. Attualmente sono poco meno di <strong>800 i seminari<\/strong> che l'Opera di San Pietro Apostolo assiste, dove si preparano al sacerdozio circa <strong>75.000 giovani<\/strong>.<\/div>\n<div><\/div>\n<h4><\/h4>\n<h4><strong>L'Adozione Missionaria di un seminarista<\/strong><\/h4>\n<div>\n<div><em>Desideri in particolare accompagnare il cammino vocazionale di un giovane africano, asiatico, latinoamericano o dell\u2019Oceania fino alla sua ordinazione sacerdotale?<\/em><\/div>\n<div><\/div>\n<div>L'Opera vive di <strong>donazioni<\/strong> volontarie, anche minime, che in spirito di universale solidariet\u00e0 vengono utilizzate a vantaggio di tutti i seminaristi. E' anche possibile sottoscrivere un'<strong>adozione missionaria<\/strong> tramite la quale, oltre all'<strong>impegno di contribuire economicamente<\/strong> e secondo le proprie possibilit\u00e0 agli interventi dell'Opera, si assume quello di <strong>accompagnare con la preghiera il cammino<\/strong> vocazionale di un seminarista fino all'ordinazione sacerdotale.<\/div>\n<div><\/div>\n<h5><em>Chi pu\u00f2 sottoscrivere un\u2019adozione?<\/em><\/h5>\n<p>Tutti: persone singole, famiglie, gruppi, comunit\u00e0 religiose e parrocchiali. L'adozione missionaria pu\u00f2 essere dedicata al ricordo di persone care, al suffragio di defunti, alla memoria di circostanze o ricorrenze particolari (battesimo, prima comunione, cresima, matrimonio, ordinazione e giubileo sacerdotale, professione religiosa ecc.).<\/p>\n<div>\n<h5><em>Cosa ricevi se cominci una adozione missionaria?<\/em><\/h5>\n<ul>\n<li>Un <strong>attestato<\/strong> contenente foto e dati essenziali relativi al seminarista adottato.<\/li>\n<li><strong>Annualmente<\/strong> l'Opera si impegna a comunicare <strong>notizie<\/strong> circa l'andamento del cammino formativo.<\/li>\n<li>L'ordinazione del seminarista adottato, cos\u00ec come l'eventuale abbandono di studi o trasferimento viene comunicata all'adottante tramite lettera. Le comunicazione sono fatte pervenire tramite la Diocesi di riferimento.<\/li>\n<li>A favore dei propri benefattori l'Opera provvede alla c<strong>elebrazione di una Santa Messa<\/strong> <strong>quotidiana<\/strong> alla quale si aggiungono, in spirito di riconoscenza e comunione ecclesiale, le <strong>preghiere dei seminaristi e dei loro formatori<\/strong>.<\/li>\n<\/ul>\n<p><em style=\"color: inherit; font-size: 1.25rem;\">L'impegno<\/em><\/p>\n<\/div>\n<\/div>\n<div>\n<div>\n<div>Di seguito le somme indicative, frazionabili in cinque anni, suggerite per le diverse tipologia di adozione missionaria:<\/div>\n<ul>\n<li><strong>Adozione parziale<\/strong> (contributo al mantenimento quinquennale di un seminarista): <strong>250,00 \u20ac (50 \u20ac l'anno)<\/strong>;<\/li>\n<li><strong>Adozione totale<\/strong> (mantenimento quinquennale di un seminarista): <strong>2.600,00 \u20ac (520,00 \u20ac l'anno)<\/strong>;<\/li>\n<li><strong>Adozione permanente<\/strong>: si attiva donando una sola volta la somma di <strong>almeno 7.750,00 \u20ac<\/strong> la cui rendita annuale concorre permanentemente al mantenimento di un seminarista.<\/li>\n<\/ul>\n<\/div>\n<\/div>\n<div><strong><a href=\"mailto:animiss@diocesi.to.it?subject=adozioni%20seminaristi&amp;body=Desidero%20ricevere%20ulteriori%20informazioni%20per%20l'adozione%20di%20un%20seminarista%20attraverso%20l'Opera%20S.Pietro%20Apostolo.%20Grazie.%0D%0ANome%20%0D%0ACognome%20%0D%0ARecapiti%20per%20Contatto%20(email%20%2F%20tel%20%2F%20inde)\">Contattaci <\/a><\/strong>per ulteriori informazioni. Grazie! Clicca <a href=\"https:\/\/www.diocesi.torino.it\/missionario\/come-donare\/\"><strong>QUI<\/strong> <\/a>per <strong>versamenti tramite Ufficio Missionario<\/strong>\u00a0<strong>Diocesano,<\/strong> nella causale andr\u00e0 indicato nella causale \"Sostegno alla formazione di un seminarista\".<\/div>\n<h5><\/h5>\n<h5><em>Come sono utilizzate le somme versate<\/em><\/h5>\n<div><span style=\"font-size: inherit;\">Il denaro non \u00e8 destinato direttamente ai singoli seminaristi, bens\u00ec ai seminari che provvedono secondo equit\u00e0 e consuetudini locali a ci\u00f2 di cui i giovani hanno bisogno per la loro formazione al ministero sacerdotale. Per approfondire: <\/span><strong style=\"font-size: inherit;\"><a href=\"https:\/\/www.ppoomm.va\/it\/chi-siamo\/le-4-opere-missionarie\/pospa.html\">Pontificia Opera San Pietro Apostolo (P.O.S.P.A.)<\/a><\/strong><\/div>\n<div><\/div>\n<div>Vedi anche <a href=\"https:\/\/www.diocesi.torino.it\/missionario\/135-anni-di-pontificia-opera-san-pietro-apostolo\/\"><strong>1 giugno 2024 - 135 anni di POSPA<\/strong><\/a><\/div>\n<div><\/div>\n<div><\/div>\n<div><\/div>\n<div><\/div>\n<div><\/div>\n<\/div>\n<\/div><\/div><\/div><\/div><\/div>","protected":false},"excerpt":{"rendered":"<p>Finalit\u00e0 Dal 1992 la Pontificia Opera Missionaria di San Pietro Apostolo \u00e8 il principale organismo della Chiesa cattolica finalizzato a sostenere la formazione dei seminaristi delle Chiese di missione, specialmente quelle in situazioni di maggiore necessit\u00e0. L&#8217;opera \u00e8 costituita da una rete mondiale di uomini e donne di buona volont\u00e0 che contribuiscono, con la preghiera e la solidariet\u00e0 fraterna, a sostenere gli studi dei futuri &hellip; <a href=\"https:\/\/www.diocesi.torino.it\/missionario\/cooperazionetralechiese\/opera-s-pietro-apostolo\/\" class=\"more-link\">Continua a leggere <span class=\"screen-reader-text\"><\/span> <span class=\"meta-nav\">&raquo;<\/span><\/a><\/p>\n","protected":false},"author":1,"featured_media":8813,"parent":1069,"menu_order":0,"comment_status":"closed","ping_status":"closed","template":"","meta":{"ip_address":"","user_agent":"","level":"","revision":"","cookie_id":"","page_referer":"","html_form":"","_expiration-date-status":"","_expiration-date":0,"_expiration-date-type":"","_expiration-date-categories":[],"_expiration-date-options":[]},"acf":[],"yoast_head":"<!-- This site is optimized with the Yoast SEO plugin v20.8 - https:\/\/yoast.com\/wordpress\/plugins\/seo\/ -->\n<title>Sostegno agli studi dei seminaristi della Chiese di missione - Pastorale MISSIONARIA e cooperazione tra le Chiese<\/title>\n<meta name=\"robots\" content=\"index, follow, max-snippet:-1, max-image-preview:large, max-video-preview:-1\" \/>\n<link rel=\"canonical\" href=\"https:\/\/www.diocesi.torino.it\/missionario\/cooperazionetralechiese\/opera-s-pietro-apostolo\/\" \/>\n<meta property=\"og:locale\" content=\"it_IT\" \/>\n<meta property=\"og:type\" content=\"article\" \/>\n<meta property=\"og:title\" content=\"Sostegno agli studi dei seminaristi della Chiese di missione - Pastorale MISSIONARIA e cooperazione tra le Chiese\" \/>\n<meta property=\"og:description\" content=\"Finalit\u00e0 Dal 1992 la Pontificia Opera Missionaria di San Pietro Apostolo \u00e8 il principale organismo della Chiesa cattolica finalizzato a sostenere la formazione dei seminaristi delle Chiese di missione, specialmente quelle in situazioni di maggiore necessit\u00e0. L&#039;opera \u00e8 costituita da una rete mondiale di uomini e donne di buona volont\u00e0 che contribuiscono, con la preghiera e la solidariet\u00e0 fraterna, a sostenere gli studi dei futuri &hellip; Continua a leggere &raquo;\" \/>\n<meta property=\"og:url\" content=\"https:\/\/www.diocesi.torino.it\/missionario\/cooperazionetralechiese\/opera-s-pietro-apostolo\/\" \/>\n<meta property=\"og:site_name\" content=\"Pastorale MISSIONARIA e cooperazione tra le Chiese\" \/>\n<meta property=\"article:modified_time\" content=\"2024-06-05T12:15:03+00:00\" \/>\n<meta property=\"og:image\" content=\"https:\/\/www.diocesi.torino.it\/missionario\/wp-content\/uploads\/sites\/17\/2023\/10\/opera-san-pietro-apostolo.png\" \/>\n\t<meta property=\"og:image:width\" content=\"1280\" \/>\n\t<meta property=\"og:image:height\" content=\"459\" \/>\n\t<meta property=\"og:image:type\" content=\"image\/png\" \/>\n<meta name=\"twitter:card\" content=\"summary_large_image\" \/>\n<meta name=\"twitter:label1\" content=\"Tempo di lettura stimato\" \/>\n\t<meta name=\"twitter:data1\" content=\"4 minuti\" \/>\n<script type=\"application\/ld+json\" class=\"yoast-schema-graph\">{\"@context\":\"https:\/\/schema.org\",\"@graph\":[{\"@type\":\"WebPage\",\"@id\":\"https:\/\/www.diocesi.torino.it\/missionario\/cooperazionetralechiese\/opera-s-pietro-apostolo\/\",\"url\":\"https:\/\/www.diocesi.torino.it\/missionario\/cooperazionetralechiese\/opera-s-pietro-apostolo\/\",\"name\":\"Sostegno agli studi dei seminaristi della Chiese di missione - Pastorale MISSIONARIA e cooperazione tra le Chiese\",\"isPartOf\":{\"@id\":\"https:\/\/www.diocesi.torino.it\/missionario\/#website\"},\"datePublished\":\"2010-06-23T09:55:00+00:00\",\"dateModified\":\"2024-06-05T12:15:03+00:00\",\"breadcrumb\":{\"@id\":\"https:\/\/www.diocesi.torino.it\/missionario\/cooperazionetralechiese\/opera-s-pietro-apostolo\/#breadcrumb\"},\"inLanguage\":\"it-IT\",\"potentialAction\":[{\"@type\":\"ReadAction\",\"target\":[\"https:\/\/www.diocesi.torino.it\/missionario\/cooperazionetralechiese\/opera-s-pietro-apostolo\/\"]}]},{\"@type\":\"BreadcrumbList\",\"@id\":\"https:\/\/www.diocesi.torino.it\/missionario\/cooperazionetralechiese\/opera-s-pietro-apostolo\/#breadcrumb\",\"itemListElement\":[{\"@type\":\"ListItem\",\"position\":1,\"name\":\"Home\",\"item\":\"https:\/\/www.diocesi.torino.it\/missionario\/\"},{\"@type\":\"ListItem\",\"position\":2,\"name\":\"Cooperazione tra le Chiese\",\"item\":\"https:\/\/www.diocesi.torino.it\/missionario\/cooperazionetralechiese\/\"},{\"@type\":\"ListItem\",\"position\":3,\"name\":\"Sostegno agli studi dei seminaristi della Chiese di missione\"}]},{\"@type\":\"WebSite\",\"@id\":\"https:\/\/www.diocesi.torino.it\/missionario\/#website\",\"url\":\"https:\/\/www.diocesi.torino.it\/missionario\/\",\"name\":\"Pastorale MISSIONARIA e cooperazione tra le Chiese\",\"description\":\"\",\"potentialAction\":[{\"@type\":\"SearchAction\",\"target\":{\"@type\":\"EntryPoint\",\"urlTemplate\":\"https:\/\/www.diocesi.torino.it\/missionario\/?s={search_term_string}\"},\"query-input\":\"required name=search_term_string\"}],\"inLanguage\":\"it-IT\"}]}<\/script>\n<!-- \/ Yoast SEO plugin. -->","yoast_head_json":{"title":"Sostegno agli studi dei seminaristi della Chiese di missione - Pastorale MISSIONARIA e cooperazione tra le Chiese","robots":{"index":"index","follow":"follow","max-snippet":"max-snippet:-1","max-image-preview":"max-image-preview:large","max-video-preview":"max-video-preview:-1"},"canonical":"https:\/\/www.diocesi.torino.it\/missionario\/cooperazionetralechiese\/opera-s-pietro-apostolo\/","og_locale":"it_IT","og_type":"article","og_title":"Sostegno agli studi dei seminaristi della Chiese di missione - Pastorale MISSIONARIA e cooperazione tra le Chiese","og_description":"Finalit\u00e0 Dal 1992 la Pontificia Opera Missionaria di San Pietro Apostolo \u00e8 il principale organismo della Chiesa cattolica finalizzato a sostenere la formazione dei seminaristi delle Chiese di missione, specialmente quelle in situazioni di maggiore necessit\u00e0. L'opera \u00e8 costituita da una rete mondiale di uomini e donne di buona volont\u00e0 che contribuiscono, con la preghiera e la solidariet\u00e0 fraterna, a sostenere gli studi dei futuri &hellip; Continua a leggere &raquo;","og_url":"https:\/\/www.diocesi.torino.it\/missionario\/cooperazionetralechiese\/opera-s-pietro-apostolo\/","og_site_name":"Pastorale MISSIONARIA e cooperazione tra le Chiese","article_modified_time":"2024-06-05T12:15:03+00:00","og_image":[{"width":1280,"height":459,"url":"https:\/\/www.diocesi.torino.it\/missionario\/wp-content\/uploads\/sites\/17\/2023\/10\/opera-san-pietro-apostolo.png","type":"image\/png"}],"twitter_card":"summary_large_image","twitter_misc":{"Tempo di lettura stimato":"4 minuti"},"schema":{"@context":"https:\/\/schema.org","@graph":[{"@type":"WebPage","@id":"https:\/\/www.diocesi.torino.it\/missionario\/cooperazionetralechiese\/opera-s-pietro-apostolo\/","url":"https:\/\/www.diocesi.torino.it\/missionario\/cooperazionetralechiese\/opera-s-pietro-apostolo\/","name":"Sostegno agli studi dei seminaristi della Chiese di missione - Pastorale MISSIONARIA e cooperazione tra le Chiese","isPartOf":{"@id":"https:\/\/www.diocesi.torino.it\/missionario\/#website"},"datePublished":"2010-06-23T09:55:00+00:00","dateModified":"2024-06-05T12:15:03+00:00","breadcrumb":{"@id":"https:\/\/www.diocesi.torino.it\/missionario\/cooperazionetralechiese\/opera-s-pietro-apostolo\/#breadcrumb"},"inLanguage":"it-IT","potentialAction":[{"@type":"ReadAction","target":["https:\/\/www.diocesi.torino.it\/missionario\/cooperazionetralechiese\/opera-s-pietro-apostolo\/"]}]},{"@type":"BreadcrumbList","@id":"https:\/\/www.diocesi.torino.it\/missionario\/cooperazionetralechiese\/opera-s-pietro-apostolo\/#breadcrumb","itemListElement":[{"@type":"ListItem","position":1,"name":"Home","item":"https:\/\/www.diocesi.torino.it\/missionario\/"},{"@type":"ListItem","position":2,"name":"Cooperazione tra le Chiese","item":"https:\/\/www.diocesi.torino.it\/missionario\/cooperazionetralechiese\/"},{"@type":"ListItem","position":3,"name":"Sostegno agli studi dei seminaristi della Chiese di missione"}]},{"@type":"WebSite","@id":"https:\/\/www.diocesi.torino.it\/missionario\/#website","url":"https:\/\/www.diocesi.torino.it\/missionario\/","name":"Pastorale MISSIONARIA e cooperazione tra le Chiese","description":"","potentialAction":[{"@type":"SearchAction","target":{"@type":"EntryPoint","urlTemplate":"https:\/\/www.diocesi.torino.it\/missionario\/?s={search_term_string}"},"query-input":"required name=search_term_string"}],"inLanguage":"it-IT"}]}},"_links":{"self":[{"href":"https:\/\/www.diocesi.torino.it\/missionario\/wp-json\/wp\/v2\/pages\/1577"}],"collection":[{"href":"https:\/\/www.diocesi.torino.it\/missionario\/wp-json\/wp\/v2\/pages"}],"about":[{"href":"https:\/\/www.diocesi.torino.it\/missionario\/wp-json\/wp\/v2\/types\/page"}],"author":[{"embeddable":true,"href":"https:\/\/www.diocesi.torino.it\/missionario\/wp-json\/wp\/v2\/users\/1"}],"replies":[{"embeddable":true,"href":"https:\/\/www.diocesi.torino.it\/missionario\/wp-json\/wp\/v2\/comments?post=1577"}],"version-history":[{"count":26,"href":"https:\/\/www.diocesi.torino.it\/missionario\/wp-json\/wp\/v2\/pages\/1577\/revisions"}],"predecessor-version":[{"id":9565,"href":"https:\/\/www.diocesi.torino.it\/missionario\/wp-json\/wp\/v2\/pages\/1577\/revisions\/9565"}],"up":[{"embeddable":true,"href":"https:\/\/www.diocesi.torino.it\/missionario\/wp-json\/wp\/v2\/pages\/1069"}],"wp:featuredmedia":[{"embeddable":true,"href":"https:\/\/www.diocesi.torino.it\/missionario\/wp-json\/wp\/v2\/media\/8813"}],"wp:attachment":[{"href":"https:\/\/www.diocesi.torino.it\/missionario\/wp-json\/wp\/v2\/media?parent=1577"}],"curies":[{"name":"wp","href":"https:\/\/api.w.org\/{rel}","templated":true}]}}