{"id":1584,"date":"2013-02-28T17:30:00","date_gmt":"2013-02-28T16:30:00","guid":{"rendered":"http:\/\/www.diocesi.torino.it\/missionario\/cooperazione-missionaria\/sostegno-ai-missionari-diocesani-fidei-donum\/don-mauro-gaino-e-don-beppe-gobbo-parrocchia-santi-innocenti\/"},"modified":"2017-06-23T12:17:06","modified_gmt":"2017-06-23T10:17:06","slug":"don-mauro-gaino-e-don-beppe-gobbo-parrocchia-santi-innocenti","status":"publish","type":"page","link":"https:\/\/www.diocesi.torino.it\/missionario\/cooperazionetralechiese\/sostegno-ai-missionari-diocesani-fidei-donum\/don-mauro-gaino-e-don-beppe-gobbo-parrocchia-santi-innocenti\/","title":{"rendered":"don Mauro Gaino e don Beppe Gobbo &#8211; Parrocchia Santi Innocenti"},"content":{"rendered":"<div id=\"pl-1584\"  class=\"panel-layout\" ><div id=\"pg-1584-0\"  class=\"panel-grid panel-no-style\" ><div id=\"pgc-1584-0-0\"  class=\"panel-grid-cell\" ><div id=\"panel-1584-0-0-0\" class=\"so-panel widget widget_sow-editor panel-first-child panel-last-child\" data-index=\"0\" ><div\n\t\t\t\n\t\t\tclass=\"so-widget-sow-editor so-widget-sow-editor-base\"\n\t\t\t\n\t\t>\n<div class=\"siteorigin-widget-tinymce textwidget\">\n\t<h4>KENYA \u0096 DON MAURO GAINO E DON BEPPE GOBBO NELLA PARROCCHIA SANTI INNOCENTI DI TASSIA - NAIROBI<\/h4>\n<h5><span style=\"font-size: small\">Don Mauro Gaino e don Beppe Gobbo, missionari torinesi \u00abfidei donum\u00bb a Nairobi, prestano il loro il servizio nella parrocchia loro affidata. <\/span><\/h5>\n<div>\u00a0<\/div>\n<div>\u00a0<\/div>\n<div>\u0093<em><span style=\"font-size: small\">Domenica 29 aprile \u00e8 stata una giornata importante: Tassia \u00e8 diventata parrocchia ed \u00e8 stata davvero una bella festa. Andiamo per gradi, per\u00f2. Il venerd\u00ec precedente alla domenica delle Palme finalmente abbiamo traslocato a Tassia, ed \u00e8 stato davvero bello celebrare a tempo pieno la Settimana Santa e la Pasqua insieme alla nostra nuova comunit\u00e0, che \u00e8 piena di vita e di slancio, anche nella preghiera. E poi \u00e8 arrivato il 29 aprile: il cardinale di Nairobi, John Njue, \u00e8 venuto a dichiarare ufficialmente Tassia parrocchia dei Santi Innocenti. I giorni precedenti erano stati di intensa preparazione: i canti e le danze liturgiche, il trasferimento dei microfoni e di tutte le panche dalle vecchia chiesa di lamiera a quella nuova (in cui abbiamo celebrato la messa per la prima volta) e tante altre cose.<\/span><\/em><\/div>\n<div><em><span style=\"font-size: small\">Dopo tante piogge, la domenica mattina \u00e8 iniziata con una bella giornata di sole e la nuova chiesa era davvero gremita di persone (forse oltre 2000); la messa \u00e8 durata circa 3 ore, pi\u00f9 1 oretta di discorsi finali, ma la gente era davvero festante (e qui la festa va celebrata con tutto il tempo necessario) ed anche il Cardinale, che con la sua predica spiritosa ma profonda ha insistito molto sull\u0092importanza delle famiglie cristiane all\u0092interno della parrocchia. Al termine c\u0092\u00e8 stato un piccolo rinfresco, solo per gli \u00abospiti d\u0092onore\u00bb, per dare da mangiare a tutti sarebbe servito davvero un piccolo miracolo.<\/span><\/em><\/div>\n<div><em><span style=\"font-size: small\">Gi\u00e0, Tassia \u00e8 parrocchia! Ed ora iniziano le sfide pi\u00f9 o meno quotidiane: c\u0092\u00e8 da finire la chiesa e da costruire la casa parrocchiale, ma soprattutto da continuare a costruire una comunit\u00e0 cristiana che c\u0092\u00e8 gi\u00e0, \u00e8 attiva e vivace, ma deve crescere nell\u0092assumersi le sue responsabilit\u00e0 pastorali e sociali (citandone solo una per tutte, una maggiore attenzione ai poveri ed ai malati). Certo dovremo crescere insieme un po\u0092 per volta, noi preti ed i nostri parrocchiani, e cercheremo di farlo serenamente.<\/span><\/em>\u0094 (Testo tratto da \u00abLa Voce del Popolo\u00bb del 27 maggio 2012)<\/div>\n<div>\u00a0<\/div>\n<div>\u00a0<\/div>\n<\/div>\n<\/div><\/div><\/div><\/div><\/div>","protected":false},"excerpt":{"rendered":"<p>KENYA \u0096 DON MAURO GAINO E DON BEPPE GOBBO NELLA PARROCCHIA SANTI INNOCENTI DI TASSIA &#8211; NAIROBIDon Mauro Gaino e don Beppe Gobbo, missionari torinesi \u00abfidei donum\u00bb a Nairobi, prestano il loro il servizio nella parrocchia loro affidata. \u00a0\u00a0\u0093Domenica 29 aprile \u00e8 stata una giornata importante: Tassia \u00e8 diventata parrocchia ed \u00e8 stata davvero una bella festa. Andiamo per gradi, per\u00f2. Il venerd\u00ec precedente alla &hellip; <a href=\"https:\/\/www.diocesi.torino.it\/missionario\/cooperazionetralechiese\/sostegno-ai-missionari-diocesani-fidei-donum\/don-mauro-gaino-e-don-beppe-gobbo-parrocchia-santi-innocenti\/\" class=\"more-link\">Continua a leggere <span class=\"screen-reader-text\"><\/span> <span class=\"meta-nav\">&raquo;<\/span><\/a><\/p>\n","protected":false},"author":1,"featured_media":0,"parent":1580,"menu_order":0,"comment_status":"closed","ping_status":"closed","template":"","meta":{"ip_address":"","user_agent":"","level":"","revision":"","cookie_id":"","page_referer":"","html_form":"","_expiration-date-status":"","_expiration-date":0,"_expiration-date-type":"","_expiration-date-categories":[],"_expiration-date-options":[]},"acf":[],"yoast_head":"<!-- This site is optimized with the Yoast SEO plugin v20.8 - https:\/\/yoast.com\/wordpress\/plugins\/seo\/ -->\n<title>don Mauro Gaino e don Beppe Gobbo - Parrocchia Santi Innocenti - Pastorale MISSIONARIA e cooperazione tra le Chiese<\/title>\n<meta name=\"robots\" content=\"index, follow, max-snippet:-1, max-image-preview:large, max-video-preview:-1\" \/>\n<link rel=\"canonical\" href=\"https:\/\/www.diocesi.torino.it\/missionario\/cooperazionetralechiese\/sostegno-ai-missionari-diocesani-fidei-donum\/don-mauro-gaino-e-don-beppe-gobbo-parrocchia-santi-innocenti\/\" \/>\n<meta property=\"og:locale\" content=\"it_IT\" \/>\n<meta property=\"og:type\" content=\"article\" \/>\n<meta property=\"og:title\" content=\"don Mauro Gaino e don Beppe Gobbo - Parrocchia Santi Innocenti - Pastorale MISSIONARIA e cooperazione tra le Chiese\" \/>\n<meta property=\"og:description\" content=\"KENYA \u0096 DON MAURO GAINO E DON BEPPE GOBBO NELLA PARROCCHIA SANTI INNOCENTI DI TASSIA - NAIROBIDon Mauro Gaino e don Beppe Gobbo, missionari torinesi \u00abfidei donum\u00bb a Nairobi, prestano il loro il servizio nella parrocchia loro affidata. \u00a0\u00a0\u0093Domenica 29 aprile \u00e8 stata una giornata importante: Tassia \u00e8 diventata parrocchia ed \u00e8 stata davvero una bella festa. Andiamo per gradi, per\u00f2. Il venerd\u00ec precedente alla &hellip; Continua a leggere &raquo;\" \/>\n<meta property=\"og:url\" content=\"https:\/\/www.diocesi.torino.it\/missionario\/cooperazionetralechiese\/sostegno-ai-missionari-diocesani-fidei-donum\/don-mauro-gaino-e-don-beppe-gobbo-parrocchia-santi-innocenti\/\" \/>\n<meta property=\"og:site_name\" content=\"Pastorale MISSIONARIA e cooperazione tra le Chiese\" \/>\n<meta property=\"article:modified_time\" content=\"2017-06-23T10:17:06+00:00\" \/>\n<meta name=\"twitter:card\" content=\"summary_large_image\" \/>\n<meta name=\"twitter:label1\" content=\"Tempo di lettura stimato\" \/>\n\t<meta name=\"twitter:data1\" content=\"2 minuti\" \/>\n<script type=\"application\/ld+json\" class=\"yoast-schema-graph\">{\"@context\":\"https:\/\/schema.org\",\"@graph\":[{\"@type\":\"WebPage\",\"@id\":\"https:\/\/www.diocesi.torino.it\/missionario\/cooperazionetralechiese\/sostegno-ai-missionari-diocesani-fidei-donum\/don-mauro-gaino-e-don-beppe-gobbo-parrocchia-santi-innocenti\/\",\"url\":\"https:\/\/www.diocesi.torino.it\/missionario\/cooperazionetralechiese\/sostegno-ai-missionari-diocesani-fidei-donum\/don-mauro-gaino-e-don-beppe-gobbo-parrocchia-santi-innocenti\/\",\"name\":\"don Mauro Gaino e don Beppe Gobbo - Parrocchia Santi Innocenti - Pastorale MISSIONARIA e cooperazione tra le Chiese\",\"isPartOf\":{\"@id\":\"https:\/\/www.diocesi.torino.it\/missionario\/#website\"},\"datePublished\":\"2013-02-28T16:30:00+00:00\",\"dateModified\":\"2017-06-23T10:17:06+00:00\",\"breadcrumb\":{\"@id\":\"https:\/\/www.diocesi.torino.it\/missionario\/cooperazionetralechiese\/sostegno-ai-missionari-diocesani-fidei-donum\/don-mauro-gaino-e-don-beppe-gobbo-parrocchia-santi-innocenti\/#breadcrumb\"},\"inLanguage\":\"it-IT\",\"potentialAction\":[{\"@type\":\"ReadAction\",\"target\":[\"https:\/\/www.diocesi.torino.it\/missionario\/cooperazionetralechiese\/sostegno-ai-missionari-diocesani-fidei-donum\/don-mauro-gaino-e-don-beppe-gobbo-parrocchia-santi-innocenti\/\"]}]},{\"@type\":\"BreadcrumbList\",\"@id\":\"https:\/\/www.diocesi.torino.it\/missionario\/cooperazionetralechiese\/sostegno-ai-missionari-diocesani-fidei-donum\/don-mauro-gaino-e-don-beppe-gobbo-parrocchia-santi-innocenti\/#breadcrumb\",\"itemListElement\":[{\"@type\":\"ListItem\",\"position\":1,\"name\":\"Home\",\"item\":\"https:\/\/www.diocesi.torino.it\/missionario\/\"},{\"@type\":\"ListItem\",\"position\":2,\"name\":\"Cooperazione tra le Chiese\",\"item\":\"https:\/\/www.diocesi.torino.it\/missionario\/cooperazionetralechiese\/\"},{\"@type\":\"ListItem\",\"position\":3,\"name\":\"Sostegno ai missionari FIDEI DONUM\",\"item\":\"https:\/\/www.diocesi.torino.it\/missionario\/cooperazionetralechiese\/sostegno-ai-missionari-diocesani-fidei-donum\/\"},{\"@type\":\"ListItem\",\"position\":4,\"name\":\"don Mauro Gaino e don Beppe Gobbo &#8211; Parrocchia Santi Innocenti\"}]},{\"@type\":\"WebSite\",\"@id\":\"https:\/\/www.diocesi.torino.it\/missionario\/#website\",\"url\":\"https:\/\/www.diocesi.torino.it\/missionario\/\",\"name\":\"Pastorale MISSIONARIA e cooperazione tra le Chiese\",\"description\":\"\",\"potentialAction\":[{\"@type\":\"SearchAction\",\"target\":{\"@type\":\"EntryPoint\",\"urlTemplate\":\"https:\/\/www.diocesi.torino.it\/missionario\/?s={search_term_string}\"},\"query-input\":\"required name=search_term_string\"}],\"inLanguage\":\"it-IT\"}]}<\/script>\n<!-- \/ Yoast SEO plugin. -->","yoast_head_json":{"title":"don Mauro Gaino e don Beppe Gobbo - Parrocchia Santi Innocenti - Pastorale MISSIONARIA e cooperazione tra le Chiese","robots":{"index":"index","follow":"follow","max-snippet":"max-snippet:-1","max-image-preview":"max-image-preview:large","max-video-preview":"max-video-preview:-1"},"canonical":"https:\/\/www.diocesi.torino.it\/missionario\/cooperazionetralechiese\/sostegno-ai-missionari-diocesani-fidei-donum\/don-mauro-gaino-e-don-beppe-gobbo-parrocchia-santi-innocenti\/","og_locale":"it_IT","og_type":"article","og_title":"don Mauro Gaino e don Beppe Gobbo - Parrocchia Santi Innocenti - Pastorale MISSIONARIA e cooperazione tra le Chiese","og_description":"KENYA \u0096 DON MAURO GAINO E DON BEPPE GOBBO NELLA PARROCCHIA SANTI INNOCENTI DI TASSIA - NAIROBIDon Mauro Gaino e don Beppe Gobbo, missionari torinesi \u00abfidei donum\u00bb a Nairobi, prestano il loro il servizio nella parrocchia loro affidata. \u00a0\u00a0\u0093Domenica 29 aprile \u00e8 stata una giornata importante: Tassia \u00e8 diventata parrocchia ed \u00e8 stata davvero una bella festa. Andiamo per gradi, per\u00f2. Il venerd\u00ec precedente alla &hellip; Continua a leggere &raquo;","og_url":"https:\/\/www.diocesi.torino.it\/missionario\/cooperazionetralechiese\/sostegno-ai-missionari-diocesani-fidei-donum\/don-mauro-gaino-e-don-beppe-gobbo-parrocchia-santi-innocenti\/","og_site_name":"Pastorale MISSIONARIA e cooperazione tra le Chiese","article_modified_time":"2017-06-23T10:17:06+00:00","twitter_card":"summary_large_image","twitter_misc":{"Tempo di lettura stimato":"2 minuti"},"schema":{"@context":"https:\/\/schema.org","@graph":[{"@type":"WebPage","@id":"https:\/\/www.diocesi.torino.it\/missionario\/cooperazionetralechiese\/sostegno-ai-missionari-diocesani-fidei-donum\/don-mauro-gaino-e-don-beppe-gobbo-parrocchia-santi-innocenti\/","url":"https:\/\/www.diocesi.torino.it\/missionario\/cooperazionetralechiese\/sostegno-ai-missionari-diocesani-fidei-donum\/don-mauro-gaino-e-don-beppe-gobbo-parrocchia-santi-innocenti\/","name":"don Mauro Gaino e don Beppe Gobbo - Parrocchia Santi Innocenti - Pastorale MISSIONARIA e cooperazione tra le Chiese","isPartOf":{"@id":"https:\/\/www.diocesi.torino.it\/missionario\/#website"},"datePublished":"2013-02-28T16:30:00+00:00","dateModified":"2017-06-23T10:17:06+00:00","breadcrumb":{"@id":"https:\/\/www.diocesi.torino.it\/missionario\/cooperazionetralechiese\/sostegno-ai-missionari-diocesani-fidei-donum\/don-mauro-gaino-e-don-beppe-gobbo-parrocchia-santi-innocenti\/#breadcrumb"},"inLanguage":"it-IT","potentialAction":[{"@type":"ReadAction","target":["https:\/\/www.diocesi.torino.it\/missionario\/cooperazionetralechiese\/sostegno-ai-missionari-diocesani-fidei-donum\/don-mauro-gaino-e-don-beppe-gobbo-parrocchia-santi-innocenti\/"]}]},{"@type":"BreadcrumbList","@id":"https:\/\/www.diocesi.torino.it\/missionario\/cooperazionetralechiese\/sostegno-ai-missionari-diocesani-fidei-donum\/don-mauro-gaino-e-don-beppe-gobbo-parrocchia-santi-innocenti\/#breadcrumb","itemListElement":[{"@type":"ListItem","position":1,"name":"Home","item":"https:\/\/www.diocesi.torino.it\/missionario\/"},{"@type":"ListItem","position":2,"name":"Cooperazione tra le Chiese","item":"https:\/\/www.diocesi.torino.it\/missionario\/cooperazionetralechiese\/"},{"@type":"ListItem","position":3,"name":"Sostegno ai missionari FIDEI DONUM","item":"https:\/\/www.diocesi.torino.it\/missionario\/cooperazionetralechiese\/sostegno-ai-missionari-diocesani-fidei-donum\/"},{"@type":"ListItem","position":4,"name":"don Mauro Gaino e don Beppe Gobbo &#8211; Parrocchia Santi Innocenti"}]},{"@type":"WebSite","@id":"https:\/\/www.diocesi.torino.it\/missionario\/#website","url":"https:\/\/www.diocesi.torino.it\/missionario\/","name":"Pastorale MISSIONARIA e cooperazione tra le Chiese","description":"","potentialAction":[{"@type":"SearchAction","target":{"@type":"EntryPoint","urlTemplate":"https:\/\/www.diocesi.torino.it\/missionario\/?s={search_term_string}"},"query-input":"required name=search_term_string"}],"inLanguage":"it-IT"}]}},"_links":{"self":[{"href":"https:\/\/www.diocesi.torino.it\/missionario\/wp-json\/wp\/v2\/pages\/1584"}],"collection":[{"href":"https:\/\/www.diocesi.torino.it\/missionario\/wp-json\/wp\/v2\/pages"}],"about":[{"href":"https:\/\/www.diocesi.torino.it\/missionario\/wp-json\/wp\/v2\/types\/page"}],"author":[{"embeddable":true,"href":"https:\/\/www.diocesi.torino.it\/missionario\/wp-json\/wp\/v2\/users\/1"}],"replies":[{"embeddable":true,"href":"https:\/\/www.diocesi.torino.it\/missionario\/wp-json\/wp\/v2\/comments?post=1584"}],"version-history":[{"count":1,"href":"https:\/\/www.diocesi.torino.it\/missionario\/wp-json\/wp\/v2\/pages\/1584\/revisions"}],"predecessor-version":[{"id":3163,"href":"https:\/\/www.diocesi.torino.it\/missionario\/wp-json\/wp\/v2\/pages\/1584\/revisions\/3163"}],"up":[{"embeddable":true,"href":"https:\/\/www.diocesi.torino.it\/missionario\/wp-json\/wp\/v2\/pages\/1580"}],"wp:attachment":[{"href":"https:\/\/www.diocesi.torino.it\/missionario\/wp-json\/wp\/v2\/media?parent=1584"}],"curies":[{"name":"wp","href":"https:\/\/api.w.org\/{rel}","templated":true}]}}