{"id":1591,"date":"2011-02-07T14:39:00","date_gmt":"2011-02-07T13:39:00","guid":{"rendered":"http:\/\/www.diocesi.torino.it\/missionario\/cooperazione-missionaria\/giornata-di-digiuno-e-preghiera-in-memoria-dei-missionari-martiri\/"},"modified":"2026-03-02T18:48:06","modified_gmt":"2026-03-02T17:48:06","slug":"giornata-di-digiuno-e-preghiera-in-memoria-dei-missionari-martiri","status":"publish","type":"page","link":"https:\/\/www.diocesi.torino.it\/missionario\/cooperazionetralechiese\/giornata-di-digiuno-e-preghiera-in-memoria-dei-missionari-martiri\/","title":{"rendered":"Giornata di Digiuno e Preghiera in memoria dei Missionari Martiri"},"content":{"rendered":"<div id=\"pl-1591\"  class=\"panel-layout\" ><div id=\"pg-1591-0\"  class=\"panel-grid panel-no-style\" ><div id=\"pgc-1591-0-0\"  class=\"panel-grid-cell\" ><div id=\"panel-1591-0-0-0\" class=\"so-panel widget widget_sow-editor panel-first-child panel-last-child\" data-index=\"0\" ><div\n\t\t\t\n\t\t\tclass=\"so-widget-sow-editor so-widget-sow-editor-base\"\n\t\t\t\n\t\t>\n<div class=\"siteorigin-widget-tinymce textwidget\">\n\t<p><img decoding=\"async\" loading=\"lazy\" class=\"size-full wp-image-8921 alignleft\" src=\"https:\/\/www.diocesi.torino.it\/missionario\/wp-content\/uploads\/sites\/17\/2023\/10\/romero.jpeg\" alt=\"\" width=\"286\" height=\"176\" \/><\/p>\n<p>Il 24 marzo 1980, mentre celebrava l'Eucaristia, venne ucciso Monsignor Oscar A. Romero, Vescovo di San Salvador nel piccolo stato centroamericano di El Salvador. La celebrazione annuale di una Giornata di preghiera e digiuno in ricordo dei missionari martiri, il 24 marzo, prende ispirazione da quell\u0092evento sia per fare memoria di quanti lungo i secoli hanno immolato la propria vita proclamando il primato di Cristo e annunciando il Vangelo fino alle estreme conseguenze, sia per ricordare il valore supremo della vita che \u00e8 dono per tutti. Fare memoria dei martiri \u00e8 acquisire una capacit\u00e0 interiore di interpretare la storia oltre la semplice conoscenza.!<\/p>\n<p>&nbsp;<\/p>\n<p>Ogni anno MISSIO GIOVANI mette a disposizione numerosi strumenti per l'animazione della Giornata:<\/p>\n<p><strong>VIDEO TESTIMONIANZE<\/strong><\/p>\n<p><strong>VIDEO TESTIMONIANZE<br \/>\n<\/strong><br \/>\n<strong><a href=\"https:\/\/www.youtube.com\/watch?v=FbGJ7m8PJrA&amp;list=PLeY2sjH8ZMCknCQNlrXHa4AJsZvtsT5k4\" data-rel=\"lightbox-video-0\">CLICCA QUI <\/a><\/strong>per guardare i video su Youtube<\/p>\n<p><strong><a href=\"https:\/\/vimeo.com\/showcase\/Martiri2026\">CLICCA QUI<\/a>\u00a0<\/strong>per guardare e scaricare gratuitamente i video su Vimeo<br \/>\n<strong><br \/>\n<a href=\"https:\/\/cloud.3dissue.com\/189991\/190438\/255244\/Giornata-Missionari-Martiri-2026\/index.html\">CLICCA QUI<\/a>\u00a0<\/strong>per le schede<\/p>\n<p><strong><a href=\"https:\/\/www.missioitalia.it\/wp-content\/uploads\/2026\/01\/Introduzione-alla-Giornata.pdf\">Introduzione alla Giornata dei Missionari Martiri 2026<\/a><\/strong><\/p>\n<p><strong><a href=\"https:\/\/www.missioitalia.it\/wp-content\/uploads\/2026\/01\/Riflessione-tematica.pdf\">Riflessione tematica<\/a><\/strong><\/p>\n<p><strong><a href=\"https:\/\/www.missioitalia.it\/wp-content\/uploads\/2026\/01\/Veglia-Martiri-2026.pdf\">Veglia missionari martiri 2026<\/a><\/strong><\/p>\n<p><strong><a href=\"https:\/\/www.missioitalia.it\/wp-content\/uploads\/2026\/01\/Dossier_Operatori_pastorali_uccisi_2025_-_ITA-1.pdf-1.pdf\">Dossier Operatori pastorali uccisi nel 2025<\/a><\/strong><\/p>\n<p><strong><a href=\"https:\/\/www.missioitalia.it\/wp-content\/uploads\/2026\/02\/Missionari-uccisi-nel-2025.pptx\">Power Point_Operatori pastorali uccisi nel 2025<\/a><\/strong><\/p>\n<p><strong><a href=\"https:\/\/www.missioitalia.it\/wp-content\/uploads\/2026\/01\/Adorazione-Eucaristica-2026.pdf\">Adorazione Eucaristica<\/a><\/strong><\/p>\n<p><strong><a href=\"https:\/\/www.missioitalia.it\/wp-content\/uploads\/2026\/01\/Via-Crucis-2026.pdf\">Via Crucis<\/a><\/strong><\/p>\n<p><strong><a href=\"https:\/\/www.missioitalia.it\/wp-content\/uploads\/2026\/01\/Manifesto-con-banner-scrivibile-scaled.jpg\" data-rel=\"lightbox-image-0\" data-rl_title=\"\" data-rl_caption=\"\" title=\"\">Locandina con banner scrivibile<\/a><\/strong><\/p>\n<p><strong><a href=\"https:\/\/www.missioitalia.it\/wp-content\/uploads\/2026\/01\/Progetto-136-Kenya.pdf\">Progetto 136 \u2013 Kenya<\/a><\/strong><\/p>\n<p><strong><a href=\"https:\/\/www.missioitalia.it\/wp-content\/uploads\/2026\/01\/Cineforum.pdf\">Cineforum per l\u2019animazione nei gruppi<\/a><\/strong><\/p>\n<div class=\"attachments\">\n<p>&nbsp;<\/p>\n<p>&nbsp;<\/p>\n<\/div>\n<p><strong>Come donare:<\/strong><\/p>\n<p>Le erogazioni possono essere versate in contanti presso lo Sportello di via Val della Torre oppure inviate con bonifico bancario intestato a Arcidiocesi di Torino \u2013 Collette e Donazioni, iban IT28U0306909606100000110790 (banca Intesa Sanpaolo).<\/p>\n<p>Per ogni richiesta di informazioni lo Sportello \u00e8 raggiungibile al telefono (011.5156374) oppure via mail all\u2019indirizzo\u00a0<a href=\"mailto:collette.donazioni@diocesi.to.it\">collette.donazioni@diocesi.to.it<\/a>.<\/p>\n<p><strong>Il nuovo servizio, le varie collette e le forme di donazione sono presentati in dettaglio al seguente indirizzo\u00a0<a href=\"http:\/\/www.diocesi.torino.it\/donazioni\/\" target=\"_blank\" rel=\"noopener\">www.diocesi.torino.it\/donazioni\/<\/a>.<\/strong><\/p>\n<\/div>\n<\/div><\/div><\/div><\/div><\/div>","protected":false},"excerpt":{"rendered":"<p>Il 24 marzo 1980, mentre celebrava l&#8217;Eucaristia, venne ucciso Monsignor Oscar A. Romero, Vescovo di San Salvador nel piccolo stato centroamericano di El Salvador. La celebrazione annuale di una Giornata di preghiera e digiuno in ricordo dei missionari martiri, il 24 marzo, prende ispirazione da quell\u0092evento sia per fare memoria di quanti lungo i secoli hanno immolato la propria vita proclamando il primato di Cristo &hellip; <a href=\"https:\/\/www.diocesi.torino.it\/missionario\/cooperazionetralechiese\/giornata-di-digiuno-e-preghiera-in-memoria-dei-missionari-martiri\/\" class=\"more-link\">Continua a leggere <span class=\"screen-reader-text\"><\/span> <span class=\"meta-nav\">&raquo;<\/span><\/a><\/p>\n","protected":false},"author":1,"featured_media":0,"parent":1069,"menu_order":0,"comment_status":"closed","ping_status":"closed","template":"","meta":{"ip_address":"","user_agent":"","level":"","revision":"","cookie_id":"","page_referer":"","html_form":"","_expiration-date-status":"","_expiration-date":0,"_expiration-date-type":"","_expiration-date-categories":[],"_expiration-date-options":[]},"acf":[],"yoast_head":"<!-- This site is optimized with the Yoast SEO plugin v20.8 - https:\/\/yoast.com\/wordpress\/plugins\/seo\/ -->\n<title>Giornata di Digiuno e Preghiera in memoria dei Missionari Martiri - Pastorale MISSIONARIA e cooperazione tra le Chiese<\/title>\n<meta name=\"robots\" content=\"index, follow, max-snippet:-1, max-image-preview:large, max-video-preview:-1\" \/>\n<link rel=\"canonical\" href=\"https:\/\/www.diocesi.torino.it\/missionario\/cooperazionetralechiese\/giornata-di-digiuno-e-preghiera-in-memoria-dei-missionari-martiri\/\" \/>\n<meta property=\"og:locale\" content=\"it_IT\" \/>\n<meta property=\"og:type\" content=\"article\" \/>\n<meta property=\"og:title\" content=\"Giornata di Digiuno e Preghiera in memoria dei Missionari Martiri - Pastorale MISSIONARIA e cooperazione tra le Chiese\" \/>\n<meta property=\"og:description\" content=\"Il 24 marzo 1980, mentre celebrava l&#039;Eucaristia, venne ucciso Monsignor Oscar A. Romero, Vescovo di San Salvador nel piccolo stato centroamericano di El Salvador. La celebrazione annuale di una Giornata di preghiera e digiuno in ricordo dei missionari martiri, il 24 marzo, prende ispirazione da quell\u0092evento sia per fare memoria di quanti lungo i secoli hanno immolato la propria vita proclamando il primato di Cristo &hellip; Continua a leggere &raquo;\" \/>\n<meta property=\"og:url\" content=\"https:\/\/www.diocesi.torino.it\/missionario\/cooperazionetralechiese\/giornata-di-digiuno-e-preghiera-in-memoria-dei-missionari-martiri\/\" \/>\n<meta property=\"og:site_name\" content=\"Pastorale MISSIONARIA e cooperazione tra le Chiese\" \/>\n<meta property=\"article:modified_time\" content=\"2026-03-02T17:48:06+00:00\" \/>\n<meta property=\"og:image\" content=\"https:\/\/www.diocesi.torino.it\/missionario\/wp-content\/uploads\/sites\/17\/2023\/10\/romero.jpeg\" \/>\n<meta name=\"twitter:card\" content=\"summary_large_image\" \/>\n<meta name=\"twitter:label1\" content=\"Tempo di lettura stimato\" \/>\n\t<meta name=\"twitter:data1\" content=\"2 minuti\" \/>\n<script type=\"application\/ld+json\" class=\"yoast-schema-graph\">{\"@context\":\"https:\/\/schema.org\",\"@graph\":[{\"@type\":\"WebPage\",\"@id\":\"https:\/\/www.diocesi.torino.it\/missionario\/cooperazionetralechiese\/giornata-di-digiuno-e-preghiera-in-memoria-dei-missionari-martiri\/\",\"url\":\"https:\/\/www.diocesi.torino.it\/missionario\/cooperazionetralechiese\/giornata-di-digiuno-e-preghiera-in-memoria-dei-missionari-martiri\/\",\"name\":\"Giornata di Digiuno e Preghiera in memoria dei Missionari Martiri - Pastorale MISSIONARIA e cooperazione tra le Chiese\",\"isPartOf\":{\"@id\":\"https:\/\/www.diocesi.torino.it\/missionario\/#website\"},\"datePublished\":\"2011-02-07T13:39:00+00:00\",\"dateModified\":\"2026-03-02T17:48:06+00:00\",\"breadcrumb\":{\"@id\":\"https:\/\/www.diocesi.torino.it\/missionario\/cooperazionetralechiese\/giornata-di-digiuno-e-preghiera-in-memoria-dei-missionari-martiri\/#breadcrumb\"},\"inLanguage\":\"it-IT\",\"potentialAction\":[{\"@type\":\"ReadAction\",\"target\":[\"https:\/\/www.diocesi.torino.it\/missionario\/cooperazionetralechiese\/giornata-di-digiuno-e-preghiera-in-memoria-dei-missionari-martiri\/\"]}]},{\"@type\":\"BreadcrumbList\",\"@id\":\"https:\/\/www.diocesi.torino.it\/missionario\/cooperazionetralechiese\/giornata-di-digiuno-e-preghiera-in-memoria-dei-missionari-martiri\/#breadcrumb\",\"itemListElement\":[{\"@type\":\"ListItem\",\"position\":1,\"name\":\"Home\",\"item\":\"https:\/\/www.diocesi.torino.it\/missionario\/\"},{\"@type\":\"ListItem\",\"position\":2,\"name\":\"Cooperazione tra le Chiese\",\"item\":\"https:\/\/www.diocesi.torino.it\/missionario\/cooperazionetralechiese\/\"},{\"@type\":\"ListItem\",\"position\":3,\"name\":\"Giornata di Digiuno e Preghiera in memoria dei Missionari Martiri\"}]},{\"@type\":\"WebSite\",\"@id\":\"https:\/\/www.diocesi.torino.it\/missionario\/#website\",\"url\":\"https:\/\/www.diocesi.torino.it\/missionario\/\",\"name\":\"Pastorale MISSIONARIA e cooperazione tra le Chiese\",\"description\":\"\",\"potentialAction\":[{\"@type\":\"SearchAction\",\"target\":{\"@type\":\"EntryPoint\",\"urlTemplate\":\"https:\/\/www.diocesi.torino.it\/missionario\/?s={search_term_string}\"},\"query-input\":\"required name=search_term_string\"}],\"inLanguage\":\"it-IT\"}]}<\/script>\n<!-- \/ Yoast SEO plugin. -->","yoast_head_json":{"title":"Giornata di Digiuno e Preghiera in memoria dei Missionari Martiri - Pastorale MISSIONARIA e cooperazione tra le Chiese","robots":{"index":"index","follow":"follow","max-snippet":"max-snippet:-1","max-image-preview":"max-image-preview:large","max-video-preview":"max-video-preview:-1"},"canonical":"https:\/\/www.diocesi.torino.it\/missionario\/cooperazionetralechiese\/giornata-di-digiuno-e-preghiera-in-memoria-dei-missionari-martiri\/","og_locale":"it_IT","og_type":"article","og_title":"Giornata di Digiuno e Preghiera in memoria dei Missionari Martiri - Pastorale MISSIONARIA e cooperazione tra le Chiese","og_description":"Il 24 marzo 1980, mentre celebrava l'Eucaristia, venne ucciso Monsignor Oscar A. Romero, Vescovo di San Salvador nel piccolo stato centroamericano di El Salvador. La celebrazione annuale di una Giornata di preghiera e digiuno in ricordo dei missionari martiri, il 24 marzo, prende ispirazione da quell\u0092evento sia per fare memoria di quanti lungo i secoli hanno immolato la propria vita proclamando il primato di Cristo &hellip; Continua a leggere &raquo;","og_url":"https:\/\/www.diocesi.torino.it\/missionario\/cooperazionetralechiese\/giornata-di-digiuno-e-preghiera-in-memoria-dei-missionari-martiri\/","og_site_name":"Pastorale MISSIONARIA e cooperazione tra le Chiese","article_modified_time":"2026-03-02T17:48:06+00:00","og_image":[{"url":"https:\/\/www.diocesi.torino.it\/missionario\/wp-content\/uploads\/sites\/17\/2023\/10\/romero.jpeg"}],"twitter_card":"summary_large_image","twitter_misc":{"Tempo di lettura stimato":"2 minuti"},"schema":{"@context":"https:\/\/schema.org","@graph":[{"@type":"WebPage","@id":"https:\/\/www.diocesi.torino.it\/missionario\/cooperazionetralechiese\/giornata-di-digiuno-e-preghiera-in-memoria-dei-missionari-martiri\/","url":"https:\/\/www.diocesi.torino.it\/missionario\/cooperazionetralechiese\/giornata-di-digiuno-e-preghiera-in-memoria-dei-missionari-martiri\/","name":"Giornata di Digiuno e Preghiera in memoria dei Missionari Martiri - Pastorale MISSIONARIA e cooperazione tra le Chiese","isPartOf":{"@id":"https:\/\/www.diocesi.torino.it\/missionario\/#website"},"datePublished":"2011-02-07T13:39:00+00:00","dateModified":"2026-03-02T17:48:06+00:00","breadcrumb":{"@id":"https:\/\/www.diocesi.torino.it\/missionario\/cooperazionetralechiese\/giornata-di-digiuno-e-preghiera-in-memoria-dei-missionari-martiri\/#breadcrumb"},"inLanguage":"it-IT","potentialAction":[{"@type":"ReadAction","target":["https:\/\/www.diocesi.torino.it\/missionario\/cooperazionetralechiese\/giornata-di-digiuno-e-preghiera-in-memoria-dei-missionari-martiri\/"]}]},{"@type":"BreadcrumbList","@id":"https:\/\/www.diocesi.torino.it\/missionario\/cooperazionetralechiese\/giornata-di-digiuno-e-preghiera-in-memoria-dei-missionari-martiri\/#breadcrumb","itemListElement":[{"@type":"ListItem","position":1,"name":"Home","item":"https:\/\/www.diocesi.torino.it\/missionario\/"},{"@type":"ListItem","position":2,"name":"Cooperazione tra le Chiese","item":"https:\/\/www.diocesi.torino.it\/missionario\/cooperazionetralechiese\/"},{"@type":"ListItem","position":3,"name":"Giornata di Digiuno e Preghiera in memoria dei Missionari Martiri"}]},{"@type":"WebSite","@id":"https:\/\/www.diocesi.torino.it\/missionario\/#website","url":"https:\/\/www.diocesi.torino.it\/missionario\/","name":"Pastorale MISSIONARIA e cooperazione tra le Chiese","description":"","potentialAction":[{"@type":"SearchAction","target":{"@type":"EntryPoint","urlTemplate":"https:\/\/www.diocesi.torino.it\/missionario\/?s={search_term_string}"},"query-input":"required name=search_term_string"}],"inLanguage":"it-IT"}]}},"_links":{"self":[{"href":"https:\/\/www.diocesi.torino.it\/missionario\/wp-json\/wp\/v2\/pages\/1591"}],"collection":[{"href":"https:\/\/www.diocesi.torino.it\/missionario\/wp-json\/wp\/v2\/pages"}],"about":[{"href":"https:\/\/www.diocesi.torino.it\/missionario\/wp-json\/wp\/v2\/types\/page"}],"author":[{"embeddable":true,"href":"https:\/\/www.diocesi.torino.it\/missionario\/wp-json\/wp\/v2\/users\/1"}],"replies":[{"embeddable":true,"href":"https:\/\/www.diocesi.torino.it\/missionario\/wp-json\/wp\/v2\/comments?post=1591"}],"version-history":[{"count":15,"href":"https:\/\/www.diocesi.torino.it\/missionario\/wp-json\/wp\/v2\/pages\/1591\/revisions"}],"predecessor-version":[{"id":14604,"href":"https:\/\/www.diocesi.torino.it\/missionario\/wp-json\/wp\/v2\/pages\/1591\/revisions\/14604"}],"up":[{"embeddable":true,"href":"https:\/\/www.diocesi.torino.it\/missionario\/wp-json\/wp\/v2\/pages\/1069"}],"wp:attachment":[{"href":"https:\/\/www.diocesi.torino.it\/missionario\/wp-json\/wp\/v2\/media?parent=1591"}],"curies":[{"name":"wp","href":"https:\/\/api.w.org\/{rel}","templated":true}]}}