{"id":1669,"date":"2014-12-02T12:45:00","date_gmt":"2014-12-02T11:45:00","guid":{"rendered":"http:\/\/www.diocesi.torino.it\/missionario\/animazione-missionaria\/giornata-missioanaria-presbiteri\/"},"modified":"2017-06-23T12:13:45","modified_gmt":"2017-06-23T10:13:45","slug":"giornata-missioanaria-presbiteri","status":"publish","type":"page","link":"https:\/\/www.diocesi.torino.it\/missionario\/qdf\/giornata-missioanaria-presbiteri\/","title":{"rendered":"Giornata Missioanaria Presbiteri"},"content":{"rendered":"<div id=\"pl-1669\"  class=\"panel-layout\" ><div id=\"pg-1669-0\"  class=\"panel-grid panel-no-style\" ><div id=\"pgc-1669-0-0\"  class=\"panel-grid-cell\" ><div id=\"panel-1669-0-0-0\" class=\"so-panel widget widget_sow-editor panel-first-child panel-last-child\" data-index=\"0\" ><div\n\t\t\t\n\t\t\tclass=\"so-widget-sow-editor so-widget-sow-editor-base\"\n\t\t\t\n\t\t>\n<div class=\"siteorigin-widget-tinymce textwidget\">\n\t<div>\u00a0Anche quest\u2019anno <a href=\"http:\/\/www.consacrati.missioitalia.it\/\" target=\"_blank\">Missio Consacrati \u2013 Pontificia Unione Missionaria<\/a> propone ai sacerdoti e ai religiosi consacrati una veglia di preghiera in occasione della Giornata Missionaria dei Presbiteri che verr\u00e0 celebrata mercoled\u00ec 3 dicembre, giorno in cui la Chiesa fa memoria di San Francesco Saverio, patrono delle missioni.<\/div>\n<div>La veglia \u00e8 stata curata da P. Antonio Rovelli dell\u2019Istituto Missioni Consolata.<\/div>\n<div><a href=\"http:\/\/www.missioitalia.it\/download.php?download=resume&f=rallegratevi-veglia-\" target=\"_blank\">Clicca qui<\/a> per scaricare la veglia missionaria online<\/div>\n<\/div>\n<\/div><\/div><\/div><\/div><\/div><hr class=\"wpba_attachment_hr\"><div id='wpba_attachment_list' class='wpba wpba-wrap'>\n<ul class='wpba-attachment-list unstyled'><li id='wpba_attachment_list_2647' class='wpba-list-item pull-left'><img src='https:\/\/www.diocesi.torino.it\/missionario\/wp-content\/themes\/wp-starter-so\/icons\/document.png' width='16' height='20' class='wpba-icon pull-left'><a href='https:\/\/www.diocesi.torino.it\/missionario\/wp-content\/uploads\/sites\/17\/2017\/06\/rallegratevi-veglia-consacrati-dicembre.doc' title='rallegratevi-veglia-consacrati-dicembre' class='wpba-link pull-left' target=\"_blank\">rallegratevi-veglia-consacrati-dicembre<\/a><\/li>\n<\/ul><\/div>\n","protected":false},"excerpt":{"rendered":"<p>\u00a0Anche quest\u2019anno Missio Consacrati \u2013 Pontificia Unione Missionaria propone ai sacerdoti e ai religiosi consacrati una veglia di preghiera in occasione della Giornata Missionaria dei Presbiteri che verr\u00e0 celebrata mercoled\u00ec 3 dicembre, giorno in cui la Chiesa fa memoria di San Francesco Saverio, patrono delle missioni.La veglia \u00e8 stata curata da P. Antonio Rovelli dell\u2019Istituto Missioni Consolata.Clicca qui per scaricare la veglia missionaria online<\/p>\n","protected":false},"author":1,"featured_media":2646,"parent":1604,"menu_order":0,"comment_status":"closed","ping_status":"closed","template":"","meta":{"ip_address":"","user_agent":"","level":"","revision":"","cookie_id":"","page_referer":"","html_form":"","_expiration-date-status":"","_expiration-date":0,"_expiration-date-type":"","_expiration-date-categories":[],"_expiration-date-options":[]},"acf":[],"yoast_head":"<!-- This site is optimized with the Yoast SEO plugin v20.8 - https:\/\/yoast.com\/wordpress\/plugins\/seo\/ -->\n<title>Giornata Missioanaria Presbiteri - Pastorale MISSIONARIA e cooperazione tra le Chiese<\/title>\n<meta name=\"robots\" content=\"index, follow, max-snippet:-1, max-image-preview:large, max-video-preview:-1\" \/>\n<link rel=\"canonical\" href=\"https:\/\/www.diocesi.torino.it\/missionario\/qdf\/giornata-missioanaria-presbiteri\/\" \/>\n<meta property=\"og:locale\" content=\"it_IT\" \/>\n<meta property=\"og:type\" content=\"article\" \/>\n<meta property=\"og:title\" content=\"Giornata Missioanaria Presbiteri - Pastorale MISSIONARIA e cooperazione tra le Chiese\" \/>\n<meta property=\"og:description\" content=\"\u00a0Anche quest\u2019anno Missio Consacrati \u2013 Pontificia Unione Missionaria propone ai sacerdoti e ai religiosi consacrati una veglia di preghiera in occasione della Giornata Missionaria dei Presbiteri che verr\u00e0 celebrata mercoled\u00ec 3 dicembre, giorno in cui la Chiesa fa memoria di San Francesco Saverio, patrono delle missioni.La veglia \u00e8 stata curata da P. Antonio Rovelli dell\u2019Istituto Missioni Consolata.Clicca qui per scaricare la veglia missionaria online\" \/>\n<meta property=\"og:url\" content=\"https:\/\/www.diocesi.torino.it\/missionario\/qdf\/giornata-missioanaria-presbiteri\/\" \/>\n<meta property=\"og:site_name\" content=\"Pastorale MISSIONARIA e cooperazione tra le Chiese\" \/>\n<meta property=\"article:modified_time\" content=\"2017-06-23T10:13:45+00:00\" \/>\n<meta property=\"og:image\" content=\"https:\/\/www.diocesi.torino.it\/missionario\/wp-content\/uploads\/sites\/17\/2017\/06\/san-francesco-saverio.jpg\" \/>\n\t<meta property=\"og:image:width\" content=\"370\" \/>\n\t<meta property=\"og:image:height\" content=\"200\" \/>\n\t<meta property=\"og:image:type\" content=\"image\/jpeg\" \/>\n<meta name=\"twitter:card\" content=\"summary_large_image\" \/>\n<script type=\"application\/ld+json\" class=\"yoast-schema-graph\">{\"@context\":\"https:\/\/schema.org\",\"@graph\":[{\"@type\":\"WebPage\",\"@id\":\"https:\/\/www.diocesi.torino.it\/missionario\/qdf\/giornata-missioanaria-presbiteri\/\",\"url\":\"https:\/\/www.diocesi.torino.it\/missionario\/qdf\/giornata-missioanaria-presbiteri\/\",\"name\":\"Giornata Missioanaria Presbiteri - Pastorale MISSIONARIA e cooperazione tra le Chiese\",\"isPartOf\":{\"@id\":\"https:\/\/www.diocesi.torino.it\/missionario\/#website\"},\"datePublished\":\"2014-12-02T11:45:00+00:00\",\"dateModified\":\"2017-06-23T10:13:45+00:00\",\"breadcrumb\":{\"@id\":\"https:\/\/www.diocesi.torino.it\/missionario\/qdf\/giornata-missioanaria-presbiteri\/#breadcrumb\"},\"inLanguage\":\"it-IT\",\"potentialAction\":[{\"@type\":\"ReadAction\",\"target\":[\"https:\/\/www.diocesi.torino.it\/missionario\/qdf\/giornata-missioanaria-presbiteri\/\"]}]},{\"@type\":\"BreadcrumbList\",\"@id\":\"https:\/\/www.diocesi.torino.it\/missionario\/qdf\/giornata-missioanaria-presbiteri\/#breadcrumb\",\"itemListElement\":[{\"@type\":\"ListItem\",\"position\":1,\"name\":\"Home\",\"item\":\"https:\/\/www.diocesi.torino.it\/missionario\/\"},{\"@type\":\"ListItem\",\"position\":2,\"name\":\"Quaresima di Fraternit\u00e0\",\"item\":\"https:\/\/www.diocesi.torino.it\/missionario\/qdf\/\"},{\"@type\":\"ListItem\",\"position\":3,\"name\":\"Giornata Missioanaria Presbiteri\"}]},{\"@type\":\"WebSite\",\"@id\":\"https:\/\/www.diocesi.torino.it\/missionario\/#website\",\"url\":\"https:\/\/www.diocesi.torino.it\/missionario\/\",\"name\":\"Pastorale MISSIONARIA e cooperazione tra le Chiese\",\"description\":\"\",\"potentialAction\":[{\"@type\":\"SearchAction\",\"target\":{\"@type\":\"EntryPoint\",\"urlTemplate\":\"https:\/\/www.diocesi.torino.it\/missionario\/?s={search_term_string}\"},\"query-input\":\"required name=search_term_string\"}],\"inLanguage\":\"it-IT\"}]}<\/script>\n<!-- \/ Yoast SEO plugin. -->","yoast_head_json":{"title":"Giornata Missioanaria Presbiteri - Pastorale MISSIONARIA e cooperazione tra le Chiese","robots":{"index":"index","follow":"follow","max-snippet":"max-snippet:-1","max-image-preview":"max-image-preview:large","max-video-preview":"max-video-preview:-1"},"canonical":"https:\/\/www.diocesi.torino.it\/missionario\/qdf\/giornata-missioanaria-presbiteri\/","og_locale":"it_IT","og_type":"article","og_title":"Giornata Missioanaria Presbiteri - Pastorale MISSIONARIA e cooperazione tra le Chiese","og_description":"\u00a0Anche quest\u2019anno Missio Consacrati \u2013 Pontificia Unione Missionaria propone ai sacerdoti e ai religiosi consacrati una veglia di preghiera in occasione della Giornata Missionaria dei Presbiteri che verr\u00e0 celebrata mercoled\u00ec 3 dicembre, giorno in cui la Chiesa fa memoria di San Francesco Saverio, patrono delle missioni.La veglia \u00e8 stata curata da P. Antonio Rovelli dell\u2019Istituto Missioni Consolata.Clicca qui per scaricare la veglia missionaria online","og_url":"https:\/\/www.diocesi.torino.it\/missionario\/qdf\/giornata-missioanaria-presbiteri\/","og_site_name":"Pastorale MISSIONARIA e cooperazione tra le Chiese","article_modified_time":"2017-06-23T10:13:45+00:00","og_image":[{"width":370,"height":200,"url":"https:\/\/www.diocesi.torino.it\/missionario\/wp-content\/uploads\/sites\/17\/2017\/06\/san-francesco-saverio.jpg","type":"image\/jpeg"}],"twitter_card":"summary_large_image","schema":{"@context":"https:\/\/schema.org","@graph":[{"@type":"WebPage","@id":"https:\/\/www.diocesi.torino.it\/missionario\/qdf\/giornata-missioanaria-presbiteri\/","url":"https:\/\/www.diocesi.torino.it\/missionario\/qdf\/giornata-missioanaria-presbiteri\/","name":"Giornata Missioanaria Presbiteri - Pastorale MISSIONARIA e cooperazione tra le Chiese","isPartOf":{"@id":"https:\/\/www.diocesi.torino.it\/missionario\/#website"},"datePublished":"2014-12-02T11:45:00+00:00","dateModified":"2017-06-23T10:13:45+00:00","breadcrumb":{"@id":"https:\/\/www.diocesi.torino.it\/missionario\/qdf\/giornata-missioanaria-presbiteri\/#breadcrumb"},"inLanguage":"it-IT","potentialAction":[{"@type":"ReadAction","target":["https:\/\/www.diocesi.torino.it\/missionario\/qdf\/giornata-missioanaria-presbiteri\/"]}]},{"@type":"BreadcrumbList","@id":"https:\/\/www.diocesi.torino.it\/missionario\/qdf\/giornata-missioanaria-presbiteri\/#breadcrumb","itemListElement":[{"@type":"ListItem","position":1,"name":"Home","item":"https:\/\/www.diocesi.torino.it\/missionario\/"},{"@type":"ListItem","position":2,"name":"Quaresima di Fraternit\u00e0","item":"https:\/\/www.diocesi.torino.it\/missionario\/qdf\/"},{"@type":"ListItem","position":3,"name":"Giornata Missioanaria Presbiteri"}]},{"@type":"WebSite","@id":"https:\/\/www.diocesi.torino.it\/missionario\/#website","url":"https:\/\/www.diocesi.torino.it\/missionario\/","name":"Pastorale MISSIONARIA e cooperazione tra le Chiese","description":"","potentialAction":[{"@type":"SearchAction","target":{"@type":"EntryPoint","urlTemplate":"https:\/\/www.diocesi.torino.it\/missionario\/?s={search_term_string}"},"query-input":"required name=search_term_string"}],"inLanguage":"it-IT"}]}},"_links":{"self":[{"href":"https:\/\/www.diocesi.torino.it\/missionario\/wp-json\/wp\/v2\/pages\/1669"}],"collection":[{"href":"https:\/\/www.diocesi.torino.it\/missionario\/wp-json\/wp\/v2\/pages"}],"about":[{"href":"https:\/\/www.diocesi.torino.it\/missionario\/wp-json\/wp\/v2\/types\/page"}],"author":[{"embeddable":true,"href":"https:\/\/www.diocesi.torino.it\/missionario\/wp-json\/wp\/v2\/users\/1"}],"replies":[{"embeddable":true,"href":"https:\/\/www.diocesi.torino.it\/missionario\/wp-json\/wp\/v2\/comments?post=1669"}],"version-history":[{"count":1,"href":"https:\/\/www.diocesi.torino.it\/missionario\/wp-json\/wp\/v2\/pages\/1669\/revisions"}],"predecessor-version":[{"id":2645,"href":"https:\/\/www.diocesi.torino.it\/missionario\/wp-json\/wp\/v2\/pages\/1669\/revisions\/2645"}],"up":[{"embeddable":true,"href":"https:\/\/www.diocesi.torino.it\/missionario\/wp-json\/wp\/v2\/pages\/1604"}],"wp:featuredmedia":[{"embeddable":true,"href":"https:\/\/www.diocesi.torino.it\/missionario\/wp-json\/wp\/v2\/media\/2646"}],"wp:attachment":[{"href":"https:\/\/www.diocesi.torino.it\/missionario\/wp-json\/wp\/v2\/media?parent=1669"}],"curies":[{"name":"wp","href":"https:\/\/api.w.org\/{rel}","templated":true}]}}