{"id":1672,"date":"2010-03-11T15:10:00","date_gmt":"2010-03-11T14:10:00","guid":{"rendered":"http:\/\/www.diocesi.torino.it\/missionario\/risorse\/"},"modified":"2025-09-16T09:18:13","modified_gmt":"2025-09-16T07:18:13","slug":"animazione","status":"publish","type":"page","link":"https:\/\/www.diocesi.torino.it\/missionario\/animazione\/","title":{"rendered":"Animazione"},"content":{"rendered":"<div id=\"pl-1672\"  class=\"panel-layout\" ><div id=\"pg-1672-0\"  class=\"panel-grid panel-no-style\" ><div id=\"pgc-1672-0-0\"  class=\"panel-grid-cell\" ><div id=\"panel-1672-0-0-0\" class=\"so-panel widget widget_sow-editor panel-first-child panel-last-child\" data-index=\"0\" ><div\n\t\t\t\n\t\t\tclass=\"so-widget-sow-editor so-widget-sow-editor-base\"\n\t\t\t\n\t\t>\n<div class=\"siteorigin-widget-tinymce textwidget\">\n\t<blockquote>\n<p><em><strong>\"Animazione\u201d <\/strong>significa<strong>\u00a0comunicare vita e spirito.<\/strong>\u00a0\u201cAnimazione missionaria\u201d perci\u00f2\u00a0<strong>\u00e8 un\u2019azione pastorale per far diventare missionarie le persone, le istituzioni e le comunit\u00e0 cristiane e in modo speciale le chiese locali.<\/strong>\u00a0Infatti, essa tiene viva\u00a0nelle comunit\u00e0 diocesane e parrocchiali e negli altri soggetti ecclesiali la coscienza che\u00a0<strong>la Chiesa \u00e8 universale e missionaria, aperta al mondo e ai popoli, e che suo compito fondamentale \u00e8 l\u2019evangelizzazione: offrire a ciascuno il Vangelo di Ges\u00f9 in parole e opere.<\/strong> Attraverso l\u2019animazione missionaria \u201cogni cristiano e ogni comunit\u00e0 discerneranno quale sia il cammino che il Signore chiede, per\u00f2 tutti siamo invitati ad accettare questa chiamata: uscire dalla propria comodit\u00e0 e avere il coraggio di raggiungere le periferie che hanno bisogno della luce del Vangelo\u201d (EG 14)\"<\/em><\/p>\n<\/blockquote>\n<p>&nbsp;<\/p>\n<p><strong>L\u2019animazione missionaria<\/strong><strong>\u00a0suo scopo \u00e8 che la comunit\u00e0 parrocchiale e diocesana senta propria la chiamata all'annuncio del vangelo sul proprio territorio e nel mondo.<\/strong><\/p>\n<p>Da persona a persona (rapporto interpersonale), collaborando con gli animatori liturgici, vocazionali e i catechisti.<\/p>\n<p>Con la informazione e la sensibilizzazione, utilizzando la stampa e i vari sussidi missionari, audiovisivi, riviste, poster. Attraverso altri strumenti e iniziative varie come: scuole di formazione, convegni, ritiri spirituali, corsi, incontri.<\/p>\n<p>Valorizzando esperienze dei missionari delle chiese locali o di passaggio.<\/p>\n<h4><\/h4>\n<h4><strong>Le proposte diocesane:<\/strong><\/h4>\n<p>&nbsp;<\/p>\n<p><a href=\"https:\/\/www.diocesi.torino.it\/missionario\/cooperazionetralechiese\/giornata-missionaria-mondiale\/\"><strong>VEGLIA MISSIONARIA INTERDIOCESANA<\/strong><\/a><\/p>\n<p>Intenso momento di Fede e di Grazia per la Chiesa Locale, in comunione con tutte le Comunit\u00e0 Cristiane sparse nel mondo, e con i Missionari, testimoni di Ges\u00f9 Cristo e del Suo Regno attraverso una\u00a0veglia di\u00a0preghiera con liturgia della Parola, testimonianze e mandato missionario.<\/p>\n<p>in collaborazione con Missio Giovani Torino<\/p>\n<p>Sabato\u00a0<strong>18 ottobre 2025<\/strong>\u00a0\u2013 ore 20.45<\/p>\n<p><strong>Sede<\/strong>: parrocchia Sant\u2019Antonino Martire \u2013 piazza della Libert\u00e0 \u2013 Sant\u2019Antonino di Susa<\/p>\n<p>Presieduta dal <strong>card. Roberto Repole<\/strong>, Arcivescovo di Torino e Vescovo di Susa<\/p>\n<p>&nbsp;<\/p>\n<p><strong>PELLEGRINAGGIO GIUBILARE DEL MONDO MISSIONARIO<\/strong><\/p>\n<p>Dal CAM alla Consolata, con San Giuseppe Allamano<\/p>\n<p>Sabato 13 dicembre 2025 \u2013 dalle 9.30 alle 12.00<\/p>\n<p>&nbsp;<\/p>\n<p>&nbsp;<\/p>\n<p><a href=\"https:\/\/www.diocesi.torino.it\/missionario\/cooperazionetralechiese\/giornata-di-digiuno-e-preghiera-in-memoria-dei-missionari-martiri\/\"><strong>VEGLIA PER LA GIORNATA DEI MISSIONARI MARTIRI<\/strong><\/a><\/p>\n<p>Nell'anniversario dell'uccisione di Mons. Oscar Romero, celebriamo la memoria dei testimoni del Vangelo: donne e uomini, laici e consacrati, che varie Chiese locali del mondo intero ci hanno suggerito e presentato come modelli e intercessori nella fede e nella missione. Essi hanno testimoniato con la vita la potenza dell\u2019Amore pi\u00f9 forte della morte, proclamando il primato di Cristo e annunciando il suo Vangelo fino alle estreme conseguenze. Ci uniamo, in modo particolare a loro, con la preghiera.<\/p>\n<p>in collaborazione con Missio Giovani Torino, Missionari e Missionarie della Consolata<\/p>\n<p><strong>Marted\u00ec 24 marzo 2026 <\/strong>ore 20:45<\/p>\n<p>Sede: Chiesa di San Giuseppe Allamano, Corso Francesco Ferrucci, 16 - Torino<\/p>\n<p><strong>Destinatari<\/strong>: tutti<\/p>\n<p>&nbsp;<\/p>\n<p><strong>Vi invitiamo a seguire la sezione <a href=\"http:\/\/www.diocesi.torino.it\/missionario\">News dall'ufficio in Home Page<\/a>\u00a0 per restare informati sulle proposte per l'anno pastorale corrente.<\/strong><\/p>\n<\/div>\n<\/div><\/div><\/div><\/div><\/div><hr class=\"wpba_attachment_hr\"><div id='wpba_attachment_list' class='wpba wpba-wrap'>\n<ul class='wpba-attachment-list unstyled'><li id='wpba_attachment_list_2274' class='wpba-list-item pull-left'><img src='https:\/\/www.diocesi.torino.it\/missionario\/wp-content\/themes\/wp-starter-so\/icons\/document.png' width='16' height='20' class='wpba-icon pull-left'><a href='https:\/\/www.diocesi.torino.it\/missionario\/wp-content\/uploads\/sites\/17\/2017\/06\/Libri-Biblioteca-Ufficio-Missionario.xls' title='Libri-Biblioteca-Ufficio-Missionario' class='wpba-link pull-left' target=\"_blank\">Libri-Biblioteca-Ufficio-Missionario<\/a><\/li>\n<\/ul><\/div>\n","protected":false},"excerpt":{"rendered":"<p>&#8220;Animazione\u201d significa\u00a0comunicare vita e spirito.\u00a0\u201cAnimazione missionaria\u201d perci\u00f2\u00a0\u00e8 un\u2019azione pastorale per far diventare missionarie le persone, le istituzioni e le comunit\u00e0 cristiane e in modo speciale le chiese locali.\u00a0Infatti, essa tiene viva\u00a0nelle comunit\u00e0 diocesane e parrocchiali e negli altri soggetti ecclesiali la coscienza che\u00a0la Chiesa \u00e8 universale e missionaria, aperta al mondo e ai popoli, e che suo compito fondamentale \u00e8 l\u2019evangelizzazione: offrire a ciascuno il &hellip; <a href=\"https:\/\/www.diocesi.torino.it\/missionario\/animazione\/\" class=\"more-link\">Continua a leggere <span class=\"screen-reader-text\"><\/span> <span class=\"meta-nav\">&raquo;<\/span><\/a><\/p>\n","protected":false},"author":1,"featured_media":0,"parent":0,"menu_order":3,"comment_status":"closed","ping_status":"closed","template":"","meta":{"ip_address":"","user_agent":"","level":"","revision":"","cookie_id":"","page_referer":"","html_form":"","_expiration-date-status":"","_expiration-date":0,"_expiration-date-type":"","_expiration-date-categories":[],"_expiration-date-options":[]},"acf":[],"yoast_head":"<!-- This site is optimized with the Yoast SEO plugin v20.8 - https:\/\/yoast.com\/wordpress\/plugins\/seo\/ -->\n<title>Animazione - Pastorale MISSIONARIA e cooperazione tra le Chiese<\/title>\n<meta name=\"robots\" content=\"index, follow, max-snippet:-1, max-image-preview:large, max-video-preview:-1\" \/>\n<link rel=\"canonical\" href=\"https:\/\/www.diocesi.torino.it\/missionario\/animazione\/\" \/>\n<meta property=\"og:locale\" content=\"it_IT\" \/>\n<meta property=\"og:type\" content=\"article\" \/>\n<meta property=\"og:title\" content=\"Animazione - Pastorale MISSIONARIA e cooperazione tra le Chiese\" \/>\n<meta property=\"og:description\" content=\"&quot;Animazione\u201d significa\u00a0comunicare vita e spirito.\u00a0\u201cAnimazione missionaria\u201d perci\u00f2\u00a0\u00e8 un\u2019azione pastorale per far diventare missionarie le persone, le istituzioni e le comunit\u00e0 cristiane e in modo speciale le chiese locali.\u00a0Infatti, essa tiene viva\u00a0nelle comunit\u00e0 diocesane e parrocchiali e negli altri soggetti ecclesiali la coscienza che\u00a0la Chiesa \u00e8 universale e missionaria, aperta al mondo e ai popoli, e che suo compito fondamentale \u00e8 l\u2019evangelizzazione: offrire a ciascuno il &hellip; Continua a leggere &raquo;\" \/>\n<meta property=\"og:url\" content=\"https:\/\/www.diocesi.torino.it\/missionario\/animazione\/\" \/>\n<meta property=\"og:site_name\" content=\"Pastorale MISSIONARIA e cooperazione tra le Chiese\" \/>\n<meta property=\"article:modified_time\" content=\"2025-09-16T07:18:13+00:00\" \/>\n<meta name=\"twitter:card\" content=\"summary_large_image\" \/>\n<meta name=\"twitter:label1\" content=\"Tempo di lettura stimato\" \/>\n\t<meta name=\"twitter:data1\" content=\"3 minuti\" \/>\n<script type=\"application\/ld+json\" class=\"yoast-schema-graph\">{\"@context\":\"https:\/\/schema.org\",\"@graph\":[{\"@type\":\"WebPage\",\"@id\":\"https:\/\/www.diocesi.torino.it\/missionario\/animazione\/\",\"url\":\"https:\/\/www.diocesi.torino.it\/missionario\/animazione\/\",\"name\":\"Animazione - Pastorale MISSIONARIA e cooperazione tra le Chiese\",\"isPartOf\":{\"@id\":\"https:\/\/www.diocesi.torino.it\/missionario\/#website\"},\"datePublished\":\"2010-03-11T14:10:00+00:00\",\"dateModified\":\"2025-09-16T07:18:13+00:00\",\"breadcrumb\":{\"@id\":\"https:\/\/www.diocesi.torino.it\/missionario\/animazione\/#breadcrumb\"},\"inLanguage\":\"it-IT\",\"potentialAction\":[{\"@type\":\"ReadAction\",\"target\":[\"https:\/\/www.diocesi.torino.it\/missionario\/animazione\/\"]}]},{\"@type\":\"BreadcrumbList\",\"@id\":\"https:\/\/www.diocesi.torino.it\/missionario\/animazione\/#breadcrumb\",\"itemListElement\":[{\"@type\":\"ListItem\",\"position\":1,\"name\":\"Home\",\"item\":\"https:\/\/www.diocesi.torino.it\/missionario\/\"},{\"@type\":\"ListItem\",\"position\":2,\"name\":\"Animazione\"}]},{\"@type\":\"WebSite\",\"@id\":\"https:\/\/www.diocesi.torino.it\/missionario\/#website\",\"url\":\"https:\/\/www.diocesi.torino.it\/missionario\/\",\"name\":\"Pastorale MISSIONARIA e cooperazione tra le Chiese\",\"description\":\"\",\"potentialAction\":[{\"@type\":\"SearchAction\",\"target\":{\"@type\":\"EntryPoint\",\"urlTemplate\":\"https:\/\/www.diocesi.torino.it\/missionario\/?s={search_term_string}\"},\"query-input\":\"required name=search_term_string\"}],\"inLanguage\":\"it-IT\"}]}<\/script>\n<!-- \/ Yoast SEO plugin. -->","yoast_head_json":{"title":"Animazione - Pastorale MISSIONARIA e cooperazione tra le Chiese","robots":{"index":"index","follow":"follow","max-snippet":"max-snippet:-1","max-image-preview":"max-image-preview:large","max-video-preview":"max-video-preview:-1"},"canonical":"https:\/\/www.diocesi.torino.it\/missionario\/animazione\/","og_locale":"it_IT","og_type":"article","og_title":"Animazione - Pastorale MISSIONARIA e cooperazione tra le Chiese","og_description":"\"Animazione\u201d significa\u00a0comunicare vita e spirito.\u00a0\u201cAnimazione missionaria\u201d perci\u00f2\u00a0\u00e8 un\u2019azione pastorale per far diventare missionarie le persone, le istituzioni e le comunit\u00e0 cristiane e in modo speciale le chiese locali.\u00a0Infatti, essa tiene viva\u00a0nelle comunit\u00e0 diocesane e parrocchiali e negli altri soggetti ecclesiali la coscienza che\u00a0la Chiesa \u00e8 universale e missionaria, aperta al mondo e ai popoli, e che suo compito fondamentale \u00e8 l\u2019evangelizzazione: offrire a ciascuno il &hellip; Continua a leggere &raquo;","og_url":"https:\/\/www.diocesi.torino.it\/missionario\/animazione\/","og_site_name":"Pastorale MISSIONARIA e cooperazione tra le Chiese","article_modified_time":"2025-09-16T07:18:13+00:00","twitter_card":"summary_large_image","twitter_misc":{"Tempo di lettura stimato":"3 minuti"},"schema":{"@context":"https:\/\/schema.org","@graph":[{"@type":"WebPage","@id":"https:\/\/www.diocesi.torino.it\/missionario\/animazione\/","url":"https:\/\/www.diocesi.torino.it\/missionario\/animazione\/","name":"Animazione - Pastorale MISSIONARIA e cooperazione tra le Chiese","isPartOf":{"@id":"https:\/\/www.diocesi.torino.it\/missionario\/#website"},"datePublished":"2010-03-11T14:10:00+00:00","dateModified":"2025-09-16T07:18:13+00:00","breadcrumb":{"@id":"https:\/\/www.diocesi.torino.it\/missionario\/animazione\/#breadcrumb"},"inLanguage":"it-IT","potentialAction":[{"@type":"ReadAction","target":["https:\/\/www.diocesi.torino.it\/missionario\/animazione\/"]}]},{"@type":"BreadcrumbList","@id":"https:\/\/www.diocesi.torino.it\/missionario\/animazione\/#breadcrumb","itemListElement":[{"@type":"ListItem","position":1,"name":"Home","item":"https:\/\/www.diocesi.torino.it\/missionario\/"},{"@type":"ListItem","position":2,"name":"Animazione"}]},{"@type":"WebSite","@id":"https:\/\/www.diocesi.torino.it\/missionario\/#website","url":"https:\/\/www.diocesi.torino.it\/missionario\/","name":"Pastorale MISSIONARIA e cooperazione tra le Chiese","description":"","potentialAction":[{"@type":"SearchAction","target":{"@type":"EntryPoint","urlTemplate":"https:\/\/www.diocesi.torino.it\/missionario\/?s={search_term_string}"},"query-input":"required name=search_term_string"}],"inLanguage":"it-IT"}]}},"_links":{"self":[{"href":"https:\/\/www.diocesi.torino.it\/missionario\/wp-json\/wp\/v2\/pages\/1672"}],"collection":[{"href":"https:\/\/www.diocesi.torino.it\/missionario\/wp-json\/wp\/v2\/pages"}],"about":[{"href":"https:\/\/www.diocesi.torino.it\/missionario\/wp-json\/wp\/v2\/types\/page"}],"author":[{"embeddable":true,"href":"https:\/\/www.diocesi.torino.it\/missionario\/wp-json\/wp\/v2\/users\/1"}],"replies":[{"embeddable":true,"href":"https:\/\/www.diocesi.torino.it\/missionario\/wp-json\/wp\/v2\/comments?post=1672"}],"version-history":[{"count":30,"href":"https:\/\/www.diocesi.torino.it\/missionario\/wp-json\/wp\/v2\/pages\/1672\/revisions"}],"predecessor-version":[{"id":11646,"href":"https:\/\/www.diocesi.torino.it\/missionario\/wp-json\/wp\/v2\/pages\/1672\/revisions\/11646"}],"wp:attachment":[{"href":"https:\/\/www.diocesi.torino.it\/missionario\/wp-json\/wp\/v2\/media?parent=1672"}],"curies":[{"name":"wp","href":"https:\/\/api.w.org\/{rel}","templated":true}]}}