{"id":1681,"date":"2010-06-09T16:49:00","date_gmt":"2010-06-09T14:49:00","guid":{"rendered":"http:\/\/www.diocesi.torino.it\/missionario\/risorse\/riviste-missionarie\/missioni-consolata\/"},"modified":"2017-06-23T12:09:36","modified_gmt":"2017-06-23T10:09:36","slug":"missioni-consolata","status":"publish","type":"page","link":"https:\/\/www.diocesi.torino.it\/missionario\/qdf\/missioni-consolata\/","title":{"rendered":"Missioni Consolata"},"content":{"rendered":"<div id=\"pl-1681\"  class=\"panel-layout\" ><div id=\"pg-1681-0\"  class=\"panel-grid panel-no-style\" ><div id=\"pgc-1681-0-0\"  class=\"panel-grid-cell\" ><div id=\"panel-1681-0-0-0\" class=\"so-panel widget widget_sow-editor panel-first-child panel-last-child\" data-index=\"0\" ><div\n\t\t\t\n\t\t\tclass=\"so-widget-sow-editor so-widget-sow-editor-base\"\n\t\t\t\n\t\t>\n<div class=\"siteorigin-widget-tinymce textwidget\">\n\t<div>\n<div><span style=\"font-size: 10.5pt\"><a target=\"_blank\" href=\"http:\/\/www.rivistamissioniconsolata.it\">Missioni Consolata<\/a>, con le sue circa 55 mila copie mensili \u00e8 la rivista missionaria pi\u00f9 diffusa in Italia. Nata nel 1899, si \u00e8 venuta via via trasformando in strumento d\u0092informazione sull\u0092attivit\u00e0 svolta dall\u0092Istituto dei Missionari della Consolata.\u00a0<\/span><\/div>\n<div><span style=\"font-size: 10.5pt\">La Rivista<\/span><span style=\"font-size: 10.5pt\"> esce ogni mese con 72 pagine a colori e un dossier centrale staccabile, dedicato ad una tematica di attualit\u00e0. Articoli e reportages, interviste a personaggi significativi, rubriche di medicina, di dibattito, di ambiente.Una volta all\u0092anno esce con un numero speciale monografico di circa 100 pagine su un tema di grande e vasto interesse.\u00a0<\/span><\/div>\n<div>\u00a0<\/div>\n<div>\u00a0<\/div>\n<\/div>\n<\/div>\n<\/div><\/div><\/div><\/div><\/div>","protected":false},"excerpt":{"rendered":"<p>Missioni Consolata, con le sue circa 55 mila copie mensili \u00e8 la rivista missionaria pi\u00f9 diffusa in Italia. Nata nel 1899, si \u00e8 venuta via via trasformando in strumento d\u0092informazione sull\u0092attivit\u00e0 svolta dall\u0092Istituto dei Missionari della Consolata.\u00a0La Rivista esce ogni mese con 72 pagine a colori e un dossier centrale staccabile, dedicato ad una tematica di attualit\u00e0. Articoli e reportages, interviste a personaggi significativi, rubriche &hellip; <a href=\"https:\/\/www.diocesi.torino.it\/missionario\/qdf\/missioni-consolata\/\" class=\"more-link\">Continua a leggere <span class=\"screen-reader-text\"><\/span> <span class=\"meta-nav\">&raquo;<\/span><\/a><\/p>\n","protected":false},"author":1,"featured_media":2136,"parent":1604,"menu_order":0,"comment_status":"closed","ping_status":"closed","template":"","meta":{"ip_address":"","user_agent":"","level":"","revision":"","cookie_id":"","page_referer":"","html_form":"","_expiration-date-status":"","_expiration-date":0,"_expiration-date-type":"","_expiration-date-categories":[],"_expiration-date-options":[]},"acf":[],"yoast_head":"<!-- This site is optimized with the Yoast SEO plugin v20.8 - https:\/\/yoast.com\/wordpress\/plugins\/seo\/ -->\n<title>Missioni Consolata - Pastorale MISSIONARIA e cooperazione tra le Chiese<\/title>\n<meta name=\"robots\" content=\"index, follow, max-snippet:-1, max-image-preview:large, max-video-preview:-1\" \/>\n<link rel=\"canonical\" href=\"https:\/\/www.diocesi.torino.it\/missionario\/qdf\/missioni-consolata\/\" \/>\n<meta property=\"og:locale\" content=\"it_IT\" \/>\n<meta property=\"og:type\" content=\"article\" \/>\n<meta property=\"og:title\" content=\"Missioni Consolata - Pastorale MISSIONARIA e cooperazione tra le Chiese\" \/>\n<meta property=\"og:description\" content=\"Missioni Consolata, con le sue circa 55 mila copie mensili \u00e8 la rivista missionaria pi\u00f9 diffusa in Italia. Nata nel 1899, si \u00e8 venuta via via trasformando in strumento d\u0092informazione sull\u0092attivit\u00e0 svolta dall\u0092Istituto dei Missionari della Consolata.\u00a0La Rivista esce ogni mese con 72 pagine a colori e un dossier centrale staccabile, dedicato ad una tematica di attualit\u00e0. Articoli e reportages, interviste a personaggi significativi, rubriche &hellip; Continua a leggere &raquo;\" \/>\n<meta property=\"og:url\" content=\"https:\/\/www.diocesi.torino.it\/missionario\/qdf\/missioni-consolata\/\" \/>\n<meta property=\"og:site_name\" content=\"Pastorale MISSIONARIA e cooperazione tra le Chiese\" \/>\n<meta property=\"article:modified_time\" content=\"2017-06-23T10:09:36+00:00\" \/>\n<meta property=\"og:image\" content=\"https:\/\/www.diocesi.torino.it\/missionario\/wp-content\/uploads\/sites\/17\/2017\/06\/missioni-consolata.jpg\" \/>\n\t<meta property=\"og:image:width\" content=\"112\" \/>\n\t<meta property=\"og:image:height\" content=\"151\" \/>\n\t<meta property=\"og:image:type\" content=\"image\/jpeg\" \/>\n<meta name=\"twitter:card\" content=\"summary_large_image\" \/>\n<script type=\"application\/ld+json\" class=\"yoast-schema-graph\">{\"@context\":\"https:\/\/schema.org\",\"@graph\":[{\"@type\":\"WebPage\",\"@id\":\"https:\/\/www.diocesi.torino.it\/missionario\/qdf\/missioni-consolata\/\",\"url\":\"https:\/\/www.diocesi.torino.it\/missionario\/qdf\/missioni-consolata\/\",\"name\":\"Missioni Consolata - Pastorale MISSIONARIA e cooperazione tra le Chiese\",\"isPartOf\":{\"@id\":\"https:\/\/www.diocesi.torino.it\/missionario\/#website\"},\"datePublished\":\"2010-06-09T14:49:00+00:00\",\"dateModified\":\"2017-06-23T10:09:36+00:00\",\"breadcrumb\":{\"@id\":\"https:\/\/www.diocesi.torino.it\/missionario\/qdf\/missioni-consolata\/#breadcrumb\"},\"inLanguage\":\"it-IT\",\"potentialAction\":[{\"@type\":\"ReadAction\",\"target\":[\"https:\/\/www.diocesi.torino.it\/missionario\/qdf\/missioni-consolata\/\"]}]},{\"@type\":\"BreadcrumbList\",\"@id\":\"https:\/\/www.diocesi.torino.it\/missionario\/qdf\/missioni-consolata\/#breadcrumb\",\"itemListElement\":[{\"@type\":\"ListItem\",\"position\":1,\"name\":\"Home\",\"item\":\"https:\/\/www.diocesi.torino.it\/missionario\/\"},{\"@type\":\"ListItem\",\"position\":2,\"name\":\"Quaresima di Fraternit\u00e0\",\"item\":\"https:\/\/www.diocesi.torino.it\/missionario\/qdf\/\"},{\"@type\":\"ListItem\",\"position\":3,\"name\":\"Missioni Consolata\"}]},{\"@type\":\"WebSite\",\"@id\":\"https:\/\/www.diocesi.torino.it\/missionario\/#website\",\"url\":\"https:\/\/www.diocesi.torino.it\/missionario\/\",\"name\":\"Pastorale MISSIONARIA e cooperazione tra le Chiese\",\"description\":\"\",\"potentialAction\":[{\"@type\":\"SearchAction\",\"target\":{\"@type\":\"EntryPoint\",\"urlTemplate\":\"https:\/\/www.diocesi.torino.it\/missionario\/?s={search_term_string}\"},\"query-input\":\"required name=search_term_string\"}],\"inLanguage\":\"it-IT\"}]}<\/script>\n<!-- \/ Yoast SEO plugin. -->","yoast_head_json":{"title":"Missioni Consolata - Pastorale MISSIONARIA e cooperazione tra le Chiese","robots":{"index":"index","follow":"follow","max-snippet":"max-snippet:-1","max-image-preview":"max-image-preview:large","max-video-preview":"max-video-preview:-1"},"canonical":"https:\/\/www.diocesi.torino.it\/missionario\/qdf\/missioni-consolata\/","og_locale":"it_IT","og_type":"article","og_title":"Missioni Consolata - Pastorale MISSIONARIA e cooperazione tra le Chiese","og_description":"Missioni Consolata, con le sue circa 55 mila copie mensili \u00e8 la rivista missionaria pi\u00f9 diffusa in Italia. Nata nel 1899, si \u00e8 venuta via via trasformando in strumento d\u0092informazione sull\u0092attivit\u00e0 svolta dall\u0092Istituto dei Missionari della Consolata.\u00a0La Rivista esce ogni mese con 72 pagine a colori e un dossier centrale staccabile, dedicato ad una tematica di attualit\u00e0. Articoli e reportages, interviste a personaggi significativi, rubriche &hellip; Continua a leggere &raquo;","og_url":"https:\/\/www.diocesi.torino.it\/missionario\/qdf\/missioni-consolata\/","og_site_name":"Pastorale MISSIONARIA e cooperazione tra le Chiese","article_modified_time":"2017-06-23T10:09:36+00:00","og_image":[{"width":112,"height":151,"url":"https:\/\/www.diocesi.torino.it\/missionario\/wp-content\/uploads\/sites\/17\/2017\/06\/missioni-consolata.jpg","type":"image\/jpeg"}],"twitter_card":"summary_large_image","schema":{"@context":"https:\/\/schema.org","@graph":[{"@type":"WebPage","@id":"https:\/\/www.diocesi.torino.it\/missionario\/qdf\/missioni-consolata\/","url":"https:\/\/www.diocesi.torino.it\/missionario\/qdf\/missioni-consolata\/","name":"Missioni Consolata - Pastorale MISSIONARIA e cooperazione tra le Chiese","isPartOf":{"@id":"https:\/\/www.diocesi.torino.it\/missionario\/#website"},"datePublished":"2010-06-09T14:49:00+00:00","dateModified":"2017-06-23T10:09:36+00:00","breadcrumb":{"@id":"https:\/\/www.diocesi.torino.it\/missionario\/qdf\/missioni-consolata\/#breadcrumb"},"inLanguage":"it-IT","potentialAction":[{"@type":"ReadAction","target":["https:\/\/www.diocesi.torino.it\/missionario\/qdf\/missioni-consolata\/"]}]},{"@type":"BreadcrumbList","@id":"https:\/\/www.diocesi.torino.it\/missionario\/qdf\/missioni-consolata\/#breadcrumb","itemListElement":[{"@type":"ListItem","position":1,"name":"Home","item":"https:\/\/www.diocesi.torino.it\/missionario\/"},{"@type":"ListItem","position":2,"name":"Quaresima di Fraternit\u00e0","item":"https:\/\/www.diocesi.torino.it\/missionario\/qdf\/"},{"@type":"ListItem","position":3,"name":"Missioni Consolata"}]},{"@type":"WebSite","@id":"https:\/\/www.diocesi.torino.it\/missionario\/#website","url":"https:\/\/www.diocesi.torino.it\/missionario\/","name":"Pastorale MISSIONARIA e cooperazione tra le Chiese","description":"","potentialAction":[{"@type":"SearchAction","target":{"@type":"EntryPoint","urlTemplate":"https:\/\/www.diocesi.torino.it\/missionario\/?s={search_term_string}"},"query-input":"required name=search_term_string"}],"inLanguage":"it-IT"}]}},"_links":{"self":[{"href":"https:\/\/www.diocesi.torino.it\/missionario\/wp-json\/wp\/v2\/pages\/1681"}],"collection":[{"href":"https:\/\/www.diocesi.torino.it\/missionario\/wp-json\/wp\/v2\/pages"}],"about":[{"href":"https:\/\/www.diocesi.torino.it\/missionario\/wp-json\/wp\/v2\/types\/page"}],"author":[{"embeddable":true,"href":"https:\/\/www.diocesi.torino.it\/missionario\/wp-json\/wp\/v2\/users\/1"}],"replies":[{"embeddable":true,"href":"https:\/\/www.diocesi.torino.it\/missionario\/wp-json\/wp\/v2\/comments?post=1681"}],"version-history":[{"count":1,"href":"https:\/\/www.diocesi.torino.it\/missionario\/wp-json\/wp\/v2\/pages\/1681\/revisions"}],"predecessor-version":[{"id":2135,"href":"https:\/\/www.diocesi.torino.it\/missionario\/wp-json\/wp\/v2\/pages\/1681\/revisions\/2135"}],"up":[{"embeddable":true,"href":"https:\/\/www.diocesi.torino.it\/missionario\/wp-json\/wp\/v2\/pages\/1604"}],"wp:featuredmedia":[{"embeddable":true,"href":"https:\/\/www.diocesi.torino.it\/missionario\/wp-json\/wp\/v2\/media\/2136"}],"wp:attachment":[{"href":"https:\/\/www.diocesi.torino.it\/missionario\/wp-json\/wp\/v2\/media?parent=1681"}],"curies":[{"name":"wp","href":"https:\/\/api.w.org\/{rel}","templated":true}]}}