{"id":1858,"date":"2010-06-14T09:40:00","date_gmt":"2010-06-14T07:40:00","guid":{"rendered":"http:\/\/www.diocesi.torino.it\/missionario\/risorse\/pubblicazioni-missionarie\/libri-per-lanimazione-e-la-formazione-missionaria\/camminare-senza-confini\/"},"modified":"2017-06-23T12:10:17","modified_gmt":"2017-06-23T10:10:17","slug":"camminare-senza-confini","status":"publish","type":"page","link":"https:\/\/www.diocesi.torino.it\/missionario\/animazione\/camminare-senza-confini\/","title":{"rendered":"Camminare senza Confini"},"content":{"rendered":"<div id=\"pl-1858\"  class=\"panel-layout\" ><div id=\"pg-1858-0\"  class=\"panel-grid panel-no-style\" ><div id=\"pgc-1858-0-0\"  class=\"panel-grid-cell\" ><div id=\"panel-1858-0-0-0\" class=\"so-panel widget widget_sow-editor panel-first-child panel-last-child\" data-index=\"0\" ><div\n\t\t\t\n\t\t\tclass=\"so-widget-sow-editor so-widget-sow-editor-base\"\n\t\t\t\n\t\t>\n<div class=\"siteorigin-widget-tinymce textwidget\">\n\t<div><strong>Autore<\/strong>:<\/p>\n<div>\u00a0<\/div>\n<div>Serra Teresino<\/div>\n<div>Missionario comboniano. Ha lavorato in Kenya e in Messico nella pastorale e con i giovani. Attualmente lavora in Italia.<\/div>\n<div><a target=\"_blank\" href=\"http:\/\/www.emi.it\">Edizioni EMI\u00a0<\/a><\/div>\n<div>\u00a0<\/div>\n<div><strong>Destinatari<\/strong>:<\/div>\n<div>Giovani dai 18 ai 30 anni.<\/div>\n<div>\u00a0<\/div>\n<div>\u00a0<\/div>\n<div><strong>Contenuti<\/strong>:<\/div>\n<div>La spiritualit\u00e0 missionaria per giovani \u00e8 quella spiritualit\u00e0 che ha una marcia in pi\u00f9 perch\u00e9, libera da calcoli che condizionano e impediscono di volare, ti porta a dire ad alta voce e di fronte a tutti: lo Spirito del Signore \u00e8 su di me, mi ha consacrato, mi ha inviato ad annunciare la liberazione, a ridare la vista, a proclamare il tempo della benevolenza di Dio...<\/div>\n<div>CAMMINARE SENZA CONFINI \u00e8 tutto questo. Oggi c\u0092\u00e8 bisogno di persone in carne e ossa, persone vive, capaci di affrontare le grandi sfide planetarie. Grazie a queste persone concrete usciamo dal museo delle cere, entriamo nella vita, nella realt\u00e0 viva e mutevole della storia, nel quotidiano: l\u00ec dove il Dio della vita attende anche te.<\/div>\n<div>Dietro suggerimento degli stessi giovani che frequentano le catechesi dell'autore, il libro \u00e8 stato redatto seguendo uno schema in cinque quadri che si ripete in ogni capitolo:<\/div>\n<div>Primo quadro: Breve riflessione sulla parola di Dio. Secondo quadro: La parola di Dio vissuta da Daniele Comboni, missionario in Africa e fondatore dei missionari e missionarie comboniane.<\/div>\n<div>Terzo quadro: Lettura di una riflessione proposta da pensatori contemporanei.<\/div>\n<div>Quarto quadro: La testimonianza: al lettore \u00e8 proposto l\u0092esempio di fedelt\u00e0 al vangelo di un cristiano. Si tratta di testimoni che hanno predicato il vangelo con la loro vita.<\/div>\n<div>Quinto quadro: Il Dialogo col maestro. \u00c8 la proposta di un dialogo tra il lettore e Cristo che aiuta ad una valutazione personale sulla fedelt\u00e0 al vangelo.<\/div>\n<div>Ogni capitolo termina con una preghiera in armonia col tema trattato.<\/div>\n<div>\u00a0<\/div>\n<\/div>\n<\/div>\n<\/div><\/div><\/div><\/div><\/div>","protected":false},"excerpt":{"rendered":"<p>Autore:\u00a0Serra TeresinoMissionario comboniano. Ha lavorato in Kenya e in Messico nella pastorale e con i giovani. Attualmente lavora in Italia.Edizioni EMI\u00a0\u00a0Destinatari:Giovani dai 18 ai 30 anni.\u00a0\u00a0Contenuti:La spiritualit\u00e0 missionaria per giovani \u00e8 quella spiritualit\u00e0 che ha una marcia in pi\u00f9 perch\u00e9, libera da calcoli che condizionano e impediscono di volare, ti porta a dire ad alta voce e di fronte a tutti: lo Spirito del Signore &hellip; <a href=\"https:\/\/www.diocesi.torino.it\/missionario\/animazione\/camminare-senza-confini\/\" class=\"more-link\">Continua a leggere <span class=\"screen-reader-text\"><\/span> <span class=\"meta-nav\">&raquo;<\/span><\/a><\/p>\n","protected":false},"author":1,"featured_media":2313,"parent":1672,"menu_order":0,"comment_status":"closed","ping_status":"closed","template":"","meta":{"ip_address":"","user_agent":"","level":"","revision":"","cookie_id":"","page_referer":"","html_form":"","_expiration-date-status":"","_expiration-date":0,"_expiration-date-type":"","_expiration-date-categories":[],"_expiration-date-options":[]},"acf":[],"yoast_head":"<!-- This site is optimized with the Yoast SEO plugin v20.8 - https:\/\/yoast.com\/wordpress\/plugins\/seo\/ -->\n<title>Camminare senza Confini - Pastorale MISSIONARIA e cooperazione tra le Chiese<\/title>\n<meta name=\"robots\" content=\"index, follow, max-snippet:-1, max-image-preview:large, max-video-preview:-1\" \/>\n<link rel=\"canonical\" href=\"https:\/\/www.diocesi.torino.it\/missionario\/animazione\/camminare-senza-confini\/\" \/>\n<meta property=\"og:locale\" content=\"it_IT\" \/>\n<meta property=\"og:type\" content=\"article\" \/>\n<meta property=\"og:title\" content=\"Camminare senza Confini - Pastorale MISSIONARIA e cooperazione tra le Chiese\" \/>\n<meta property=\"og:description\" content=\"Autore:\u00a0Serra TeresinoMissionario comboniano. Ha lavorato in Kenya e in Messico nella pastorale e con i giovani. Attualmente lavora in Italia.Edizioni EMI\u00a0\u00a0Destinatari:Giovani dai 18 ai 30 anni.\u00a0\u00a0Contenuti:La spiritualit\u00e0 missionaria per giovani \u00e8 quella spiritualit\u00e0 che ha una marcia in pi\u00f9 perch\u00e9, libera da calcoli che condizionano e impediscono di volare, ti porta a dire ad alta voce e di fronte a tutti: lo Spirito del Signore &hellip; Continua a leggere &raquo;\" \/>\n<meta property=\"og:url\" content=\"https:\/\/www.diocesi.torino.it\/missionario\/animazione\/camminare-senza-confini\/\" \/>\n<meta property=\"og:site_name\" content=\"Pastorale MISSIONARIA e cooperazione tra le Chiese\" \/>\n<meta property=\"article:modified_time\" content=\"2017-06-23T10:10:17+00:00\" \/>\n<meta property=\"og:image\" content=\"https:\/\/www.diocesi.torino.it\/missionario\/wp-content\/uploads\/sites\/17\/2017\/06\/spiritualita-missionaria.jpg\" \/>\n\t<meta property=\"og:image:width\" content=\"378\" \/>\n\t<meta property=\"og:image:height\" content=\"574\" \/>\n\t<meta property=\"og:image:type\" content=\"image\/jpeg\" \/>\n<meta name=\"twitter:card\" content=\"summary_large_image\" \/>\n<meta name=\"twitter:label1\" content=\"Tempo di lettura stimato\" \/>\n\t<meta name=\"twitter:data1\" content=\"1 minuto\" \/>\n<script type=\"application\/ld+json\" class=\"yoast-schema-graph\">{\"@context\":\"https:\/\/schema.org\",\"@graph\":[{\"@type\":\"WebPage\",\"@id\":\"https:\/\/www.diocesi.torino.it\/missionario\/animazione\/camminare-senza-confini\/\",\"url\":\"https:\/\/www.diocesi.torino.it\/missionario\/animazione\/camminare-senza-confini\/\",\"name\":\"Camminare senza Confini - Pastorale MISSIONARIA e cooperazione tra le Chiese\",\"isPartOf\":{\"@id\":\"https:\/\/www.diocesi.torino.it\/missionario\/#website\"},\"datePublished\":\"2010-06-14T07:40:00+00:00\",\"dateModified\":\"2017-06-23T10:10:17+00:00\",\"breadcrumb\":{\"@id\":\"https:\/\/www.diocesi.torino.it\/missionario\/animazione\/camminare-senza-confini\/#breadcrumb\"},\"inLanguage\":\"it-IT\",\"potentialAction\":[{\"@type\":\"ReadAction\",\"target\":[\"https:\/\/www.diocesi.torino.it\/missionario\/animazione\/camminare-senza-confini\/\"]}]},{\"@type\":\"BreadcrumbList\",\"@id\":\"https:\/\/www.diocesi.torino.it\/missionario\/animazione\/camminare-senza-confini\/#breadcrumb\",\"itemListElement\":[{\"@type\":\"ListItem\",\"position\":1,\"name\":\"Home\",\"item\":\"https:\/\/www.diocesi.torino.it\/missionario\/\"},{\"@type\":\"ListItem\",\"position\":2,\"name\":\"Animazione\",\"item\":\"https:\/\/www.diocesi.torino.it\/missionario\/animazione\/\"},{\"@type\":\"ListItem\",\"position\":3,\"name\":\"Camminare senza Confini\"}]},{\"@type\":\"WebSite\",\"@id\":\"https:\/\/www.diocesi.torino.it\/missionario\/#website\",\"url\":\"https:\/\/www.diocesi.torino.it\/missionario\/\",\"name\":\"Pastorale MISSIONARIA e cooperazione tra le Chiese\",\"description\":\"\",\"potentialAction\":[{\"@type\":\"SearchAction\",\"target\":{\"@type\":\"EntryPoint\",\"urlTemplate\":\"https:\/\/www.diocesi.torino.it\/missionario\/?s={search_term_string}\"},\"query-input\":\"required name=search_term_string\"}],\"inLanguage\":\"it-IT\"}]}<\/script>\n<!-- \/ Yoast SEO plugin. -->","yoast_head_json":{"title":"Camminare senza Confini - Pastorale MISSIONARIA e cooperazione tra le Chiese","robots":{"index":"index","follow":"follow","max-snippet":"max-snippet:-1","max-image-preview":"max-image-preview:large","max-video-preview":"max-video-preview:-1"},"canonical":"https:\/\/www.diocesi.torino.it\/missionario\/animazione\/camminare-senza-confini\/","og_locale":"it_IT","og_type":"article","og_title":"Camminare senza Confini - Pastorale MISSIONARIA e cooperazione tra le Chiese","og_description":"Autore:\u00a0Serra TeresinoMissionario comboniano. Ha lavorato in Kenya e in Messico nella pastorale e con i giovani. Attualmente lavora in Italia.Edizioni EMI\u00a0\u00a0Destinatari:Giovani dai 18 ai 30 anni.\u00a0\u00a0Contenuti:La spiritualit\u00e0 missionaria per giovani \u00e8 quella spiritualit\u00e0 che ha una marcia in pi\u00f9 perch\u00e9, libera da calcoli che condizionano e impediscono di volare, ti porta a dire ad alta voce e di fronte a tutti: lo Spirito del Signore &hellip; Continua a leggere &raquo;","og_url":"https:\/\/www.diocesi.torino.it\/missionario\/animazione\/camminare-senza-confini\/","og_site_name":"Pastorale MISSIONARIA e cooperazione tra le Chiese","article_modified_time":"2017-06-23T10:10:17+00:00","og_image":[{"width":378,"height":574,"url":"https:\/\/www.diocesi.torino.it\/missionario\/wp-content\/uploads\/sites\/17\/2017\/06\/spiritualita-missionaria.jpg","type":"image\/jpeg"}],"twitter_card":"summary_large_image","twitter_misc":{"Tempo di lettura stimato":"1 minuto"},"schema":{"@context":"https:\/\/schema.org","@graph":[{"@type":"WebPage","@id":"https:\/\/www.diocesi.torino.it\/missionario\/animazione\/camminare-senza-confini\/","url":"https:\/\/www.diocesi.torino.it\/missionario\/animazione\/camminare-senza-confini\/","name":"Camminare senza Confini - Pastorale MISSIONARIA e cooperazione tra le Chiese","isPartOf":{"@id":"https:\/\/www.diocesi.torino.it\/missionario\/#website"},"datePublished":"2010-06-14T07:40:00+00:00","dateModified":"2017-06-23T10:10:17+00:00","breadcrumb":{"@id":"https:\/\/www.diocesi.torino.it\/missionario\/animazione\/camminare-senza-confini\/#breadcrumb"},"inLanguage":"it-IT","potentialAction":[{"@type":"ReadAction","target":["https:\/\/www.diocesi.torino.it\/missionario\/animazione\/camminare-senza-confini\/"]}]},{"@type":"BreadcrumbList","@id":"https:\/\/www.diocesi.torino.it\/missionario\/animazione\/camminare-senza-confini\/#breadcrumb","itemListElement":[{"@type":"ListItem","position":1,"name":"Home","item":"https:\/\/www.diocesi.torino.it\/missionario\/"},{"@type":"ListItem","position":2,"name":"Animazione","item":"https:\/\/www.diocesi.torino.it\/missionario\/animazione\/"},{"@type":"ListItem","position":3,"name":"Camminare senza Confini"}]},{"@type":"WebSite","@id":"https:\/\/www.diocesi.torino.it\/missionario\/#website","url":"https:\/\/www.diocesi.torino.it\/missionario\/","name":"Pastorale MISSIONARIA e cooperazione tra le Chiese","description":"","potentialAction":[{"@type":"SearchAction","target":{"@type":"EntryPoint","urlTemplate":"https:\/\/www.diocesi.torino.it\/missionario\/?s={search_term_string}"},"query-input":"required name=search_term_string"}],"inLanguage":"it-IT"}]}},"_links":{"self":[{"href":"https:\/\/www.diocesi.torino.it\/missionario\/wp-json\/wp\/v2\/pages\/1858"}],"collection":[{"href":"https:\/\/www.diocesi.torino.it\/missionario\/wp-json\/wp\/v2\/pages"}],"about":[{"href":"https:\/\/www.diocesi.torino.it\/missionario\/wp-json\/wp\/v2\/types\/page"}],"author":[{"embeddable":true,"href":"https:\/\/www.diocesi.torino.it\/missionario\/wp-json\/wp\/v2\/users\/1"}],"replies":[{"embeddable":true,"href":"https:\/\/www.diocesi.torino.it\/missionario\/wp-json\/wp\/v2\/comments?post=1858"}],"version-history":[{"count":1,"href":"https:\/\/www.diocesi.torino.it\/missionario\/wp-json\/wp\/v2\/pages\/1858\/revisions"}],"predecessor-version":[{"id":2312,"href":"https:\/\/www.diocesi.torino.it\/missionario\/wp-json\/wp\/v2\/pages\/1858\/revisions\/2312"}],"up":[{"embeddable":true,"href":"https:\/\/www.diocesi.torino.it\/missionario\/wp-json\/wp\/v2\/pages\/1672"}],"wp:featuredmedia":[{"embeddable":true,"href":"https:\/\/www.diocesi.torino.it\/missionario\/wp-json\/wp\/v2\/media\/2313"}],"wp:attachment":[{"href":"https:\/\/www.diocesi.torino.it\/missionario\/wp-json\/wp\/v2\/media?parent=1858"}],"curies":[{"name":"wp","href":"https:\/\/api.w.org\/{rel}","templated":true}]}}