{"id":1860,"date":"2010-06-14T15:47:00","date_gmt":"2010-06-14T13:47:00","guid":{"rendered":"http:\/\/www.diocesi.torino.it\/missionario\/risorse\/pubblicazioni-missionarie\/libri-per-lanimazione-e-la-formazione-missionaria\/il-banchetto-dei-popoli\/"},"modified":"2017-06-23T12:10:17","modified_gmt":"2017-06-23T10:10:17","slug":"il-banchetto-dei-popoli","status":"publish","type":"page","link":"https:\/\/www.diocesi.torino.it\/missionario\/animazione\/il-banchetto-dei-popoli\/","title":{"rendered":"Il banchetto dei popoli"},"content":{"rendered":"<div id=\"pl-1860\"  class=\"panel-layout\" ><div id=\"pg-1860-0\"  class=\"panel-grid panel-no-style\" ><div id=\"pgc-1860-0-0\"  class=\"panel-grid-cell\" ><div id=\"panel-1860-0-0-0\" class=\"so-panel widget widget_sow-editor panel-first-child panel-last-child\" data-index=\"0\" ><div\n\t\t\t\n\t\t\tclass=\"so-widget-sow-editor so-widget-sow-editor-base\"\n\t\t\t\n\t\t>\n<div class=\"siteorigin-widget-tinymce textwidget\">\n\t<div><strong>Autore<\/strong>:<\/p>\n<div>\u00a0<\/div>\n<div>Ballan Romeo<\/div>\n<div>Interventi di: Jean Emmanuel Konvolbo, Gianni Colzani, Jes\u00f9s Castellano Cervera, Felix A. Machado, Joseph Dinh Duc Dao, Gottardo Pasqualetti, Jozef Tomko, Giovanni Paolo II, Juan Esquerda Bifet, Martha Hern\u00e0ndez.<\/div>\n<div>Il curatore \u00e8 Romeo Ballan, missionario comboniano, ha lavorato 11 anni in Spagna, 9 nella R.D. del Congo e 18 in Per\u00f9. Attualmente \u00e8 direttore del CIAM (Centro internazionale di Animazione Missionaria - Roma).<\/div>\n<div>Edizione <a target=\"_blank\" href=\"http:\/\/www.emi.it\">EMI<\/a><\/div>\n<div>\u00a0<\/div>\n<div><strong>Destinatari<\/strong>:<\/div>\n<div>Laici, sacerdoti e religiosi.<\/div>\n<div>\u00a0<\/div>\n<div>\u00a0<\/div>\n<div><strong>Contenuti<\/strong>:<\/div>\n<div>Il testo propone una qualificata rilettura del binomio Eucaristia e missione dal punto di vista biblico, teologico, missionologico e pastorale. E desidera contribuire ai programmi della Chiesa italiana perch\u00e9 le sue comunit\u00e0 abbiano il volto e il dinamismo della missione. \u0093La missione \u00e8 iscritta nel cuore dell\u0092eucaristia\u0094. Con queste e altre parole i Vescovi italiani invitano a prestare particolare attenzione al mistero eucaristico e alla sua celebrazione. Prende cos\u00ec risalto il rapporto costitutivo tra eucaristia e missione. Questa pubblicazione intende dare un apporto alla crescita del senso missionario dell\u0092eucaristia, dandole la sua dimensione pi\u00f9 vera, il suo respiro cosmico, la sua carica di coinvolgimento nella stupenda avventura dell\u0092evangelizzazione del mondo.<\/div>\n<div>\u00a0<\/div>\n<\/div>\n<\/div>\n<\/div><\/div><\/div><\/div><\/div>","protected":false},"excerpt":{"rendered":"<p>Autore:\u00a0Ballan RomeoInterventi di: Jean Emmanuel Konvolbo, Gianni Colzani, Jes\u00f9s Castellano Cervera, Felix A. Machado, Joseph Dinh Duc Dao, Gottardo Pasqualetti, Jozef Tomko, Giovanni Paolo II, Juan Esquerda Bifet, Martha Hern\u00e0ndez.Il curatore \u00e8 Romeo Ballan, missionario comboniano, ha lavorato 11 anni in Spagna, 9 nella R.D. del Congo e 18 in Per\u00f9. Attualmente \u00e8 direttore del CIAM (Centro internazionale di Animazione Missionaria &#8211; Roma).Edizione EMI\u00a0Destinatari:Laici, sacerdoti &hellip; <a href=\"https:\/\/www.diocesi.torino.it\/missionario\/animazione\/il-banchetto-dei-popoli\/\" class=\"more-link\">Continua a leggere <span class=\"screen-reader-text\"><\/span> <span class=\"meta-nav\">&raquo;<\/span><\/a><\/p>\n","protected":false},"author":1,"featured_media":2315,"parent":1672,"menu_order":0,"comment_status":"closed","ping_status":"closed","template":"","meta":{"ip_address":"","user_agent":"","level":"","revision":"","cookie_id":"","page_referer":"","html_form":"","_expiration-date-status":"","_expiration-date":0,"_expiration-date-type":"","_expiration-date-categories":[],"_expiration-date-options":[]},"acf":[],"yoast_head":"<!-- This site is optimized with the Yoast SEO plugin v20.8 - https:\/\/yoast.com\/wordpress\/plugins\/seo\/ -->\n<title>Il banchetto dei popoli - Pastorale MISSIONARIA e cooperazione tra le Chiese<\/title>\n<meta name=\"robots\" content=\"index, follow, max-snippet:-1, max-image-preview:large, max-video-preview:-1\" \/>\n<link rel=\"canonical\" href=\"https:\/\/www.diocesi.torino.it\/missionario\/animazione\/il-banchetto-dei-popoli\/\" \/>\n<meta property=\"og:locale\" content=\"it_IT\" \/>\n<meta property=\"og:type\" content=\"article\" \/>\n<meta property=\"og:title\" content=\"Il banchetto dei popoli - Pastorale MISSIONARIA e cooperazione tra le Chiese\" \/>\n<meta property=\"og:description\" content=\"Autore:\u00a0Ballan RomeoInterventi di: Jean Emmanuel Konvolbo, Gianni Colzani, Jes\u00f9s Castellano Cervera, Felix A. Machado, Joseph Dinh Duc Dao, Gottardo Pasqualetti, Jozef Tomko, Giovanni Paolo II, Juan Esquerda Bifet, Martha Hern\u00e0ndez.Il curatore \u00e8 Romeo Ballan, missionario comboniano, ha lavorato 11 anni in Spagna, 9 nella R.D. del Congo e 18 in Per\u00f9. Attualmente \u00e8 direttore del CIAM (Centro internazionale di Animazione Missionaria - Roma).Edizione EMI\u00a0Destinatari:Laici, sacerdoti &hellip; Continua a leggere &raquo;\" \/>\n<meta property=\"og:url\" content=\"https:\/\/www.diocesi.torino.it\/missionario\/animazione\/il-banchetto-dei-popoli\/\" \/>\n<meta property=\"og:site_name\" content=\"Pastorale MISSIONARIA e cooperazione tra le Chiese\" \/>\n<meta property=\"article:modified_time\" content=\"2017-06-23T10:10:17+00:00\" \/>\n<meta property=\"og:image\" content=\"https:\/\/www.diocesi.torino.it\/missionario\/wp-content\/uploads\/sites\/17\/2017\/06\/Il-banchetto-dei-poveri.jpg\" \/>\n\t<meta property=\"og:image:width\" content=\"200\" \/>\n\t<meta property=\"og:image:height\" content=\"301\" \/>\n\t<meta property=\"og:image:type\" content=\"image\/jpeg\" \/>\n<meta name=\"twitter:card\" content=\"summary_large_image\" \/>\n<meta name=\"twitter:label1\" content=\"Tempo di lettura stimato\" \/>\n\t<meta name=\"twitter:data1\" content=\"1 minuto\" \/>\n<script type=\"application\/ld+json\" class=\"yoast-schema-graph\">{\"@context\":\"https:\/\/schema.org\",\"@graph\":[{\"@type\":\"WebPage\",\"@id\":\"https:\/\/www.diocesi.torino.it\/missionario\/animazione\/il-banchetto-dei-popoli\/\",\"url\":\"https:\/\/www.diocesi.torino.it\/missionario\/animazione\/il-banchetto-dei-popoli\/\",\"name\":\"Il banchetto dei popoli - Pastorale MISSIONARIA e cooperazione tra le Chiese\",\"isPartOf\":{\"@id\":\"https:\/\/www.diocesi.torino.it\/missionario\/#website\"},\"datePublished\":\"2010-06-14T13:47:00+00:00\",\"dateModified\":\"2017-06-23T10:10:17+00:00\",\"breadcrumb\":{\"@id\":\"https:\/\/www.diocesi.torino.it\/missionario\/animazione\/il-banchetto-dei-popoli\/#breadcrumb\"},\"inLanguage\":\"it-IT\",\"potentialAction\":[{\"@type\":\"ReadAction\",\"target\":[\"https:\/\/www.diocesi.torino.it\/missionario\/animazione\/il-banchetto-dei-popoli\/\"]}]},{\"@type\":\"BreadcrumbList\",\"@id\":\"https:\/\/www.diocesi.torino.it\/missionario\/animazione\/il-banchetto-dei-popoli\/#breadcrumb\",\"itemListElement\":[{\"@type\":\"ListItem\",\"position\":1,\"name\":\"Home\",\"item\":\"https:\/\/www.diocesi.torino.it\/missionario\/\"},{\"@type\":\"ListItem\",\"position\":2,\"name\":\"Animazione\",\"item\":\"https:\/\/www.diocesi.torino.it\/missionario\/animazione\/\"},{\"@type\":\"ListItem\",\"position\":3,\"name\":\"Il banchetto dei popoli\"}]},{\"@type\":\"WebSite\",\"@id\":\"https:\/\/www.diocesi.torino.it\/missionario\/#website\",\"url\":\"https:\/\/www.diocesi.torino.it\/missionario\/\",\"name\":\"Pastorale MISSIONARIA e cooperazione tra le Chiese\",\"description\":\"\",\"potentialAction\":[{\"@type\":\"SearchAction\",\"target\":{\"@type\":\"EntryPoint\",\"urlTemplate\":\"https:\/\/www.diocesi.torino.it\/missionario\/?s={search_term_string}\"},\"query-input\":\"required name=search_term_string\"}],\"inLanguage\":\"it-IT\"}]}<\/script>\n<!-- \/ Yoast SEO plugin. -->","yoast_head_json":{"title":"Il banchetto dei popoli - Pastorale MISSIONARIA e cooperazione tra le Chiese","robots":{"index":"index","follow":"follow","max-snippet":"max-snippet:-1","max-image-preview":"max-image-preview:large","max-video-preview":"max-video-preview:-1"},"canonical":"https:\/\/www.diocesi.torino.it\/missionario\/animazione\/il-banchetto-dei-popoli\/","og_locale":"it_IT","og_type":"article","og_title":"Il banchetto dei popoli - Pastorale MISSIONARIA e cooperazione tra le Chiese","og_description":"Autore:\u00a0Ballan RomeoInterventi di: Jean Emmanuel Konvolbo, Gianni Colzani, Jes\u00f9s Castellano Cervera, Felix A. Machado, Joseph Dinh Duc Dao, Gottardo Pasqualetti, Jozef Tomko, Giovanni Paolo II, Juan Esquerda Bifet, Martha Hern\u00e0ndez.Il curatore \u00e8 Romeo Ballan, missionario comboniano, ha lavorato 11 anni in Spagna, 9 nella R.D. del Congo e 18 in Per\u00f9. Attualmente \u00e8 direttore del CIAM (Centro internazionale di Animazione Missionaria - Roma).Edizione EMI\u00a0Destinatari:Laici, sacerdoti &hellip; Continua a leggere &raquo;","og_url":"https:\/\/www.diocesi.torino.it\/missionario\/animazione\/il-banchetto-dei-popoli\/","og_site_name":"Pastorale MISSIONARIA e cooperazione tra le Chiese","article_modified_time":"2017-06-23T10:10:17+00:00","og_image":[{"width":200,"height":301,"url":"https:\/\/www.diocesi.torino.it\/missionario\/wp-content\/uploads\/sites\/17\/2017\/06\/Il-banchetto-dei-poveri.jpg","type":"image\/jpeg"}],"twitter_card":"summary_large_image","twitter_misc":{"Tempo di lettura stimato":"1 minuto"},"schema":{"@context":"https:\/\/schema.org","@graph":[{"@type":"WebPage","@id":"https:\/\/www.diocesi.torino.it\/missionario\/animazione\/il-banchetto-dei-popoli\/","url":"https:\/\/www.diocesi.torino.it\/missionario\/animazione\/il-banchetto-dei-popoli\/","name":"Il banchetto dei popoli - Pastorale MISSIONARIA e cooperazione tra le Chiese","isPartOf":{"@id":"https:\/\/www.diocesi.torino.it\/missionario\/#website"},"datePublished":"2010-06-14T13:47:00+00:00","dateModified":"2017-06-23T10:10:17+00:00","breadcrumb":{"@id":"https:\/\/www.diocesi.torino.it\/missionario\/animazione\/il-banchetto-dei-popoli\/#breadcrumb"},"inLanguage":"it-IT","potentialAction":[{"@type":"ReadAction","target":["https:\/\/www.diocesi.torino.it\/missionario\/animazione\/il-banchetto-dei-popoli\/"]}]},{"@type":"BreadcrumbList","@id":"https:\/\/www.diocesi.torino.it\/missionario\/animazione\/il-banchetto-dei-popoli\/#breadcrumb","itemListElement":[{"@type":"ListItem","position":1,"name":"Home","item":"https:\/\/www.diocesi.torino.it\/missionario\/"},{"@type":"ListItem","position":2,"name":"Animazione","item":"https:\/\/www.diocesi.torino.it\/missionario\/animazione\/"},{"@type":"ListItem","position":3,"name":"Il banchetto dei popoli"}]},{"@type":"WebSite","@id":"https:\/\/www.diocesi.torino.it\/missionario\/#website","url":"https:\/\/www.diocesi.torino.it\/missionario\/","name":"Pastorale MISSIONARIA e cooperazione tra le Chiese","description":"","potentialAction":[{"@type":"SearchAction","target":{"@type":"EntryPoint","urlTemplate":"https:\/\/www.diocesi.torino.it\/missionario\/?s={search_term_string}"},"query-input":"required name=search_term_string"}],"inLanguage":"it-IT"}]}},"_links":{"self":[{"href":"https:\/\/www.diocesi.torino.it\/missionario\/wp-json\/wp\/v2\/pages\/1860"}],"collection":[{"href":"https:\/\/www.diocesi.torino.it\/missionario\/wp-json\/wp\/v2\/pages"}],"about":[{"href":"https:\/\/www.diocesi.torino.it\/missionario\/wp-json\/wp\/v2\/types\/page"}],"author":[{"embeddable":true,"href":"https:\/\/www.diocesi.torino.it\/missionario\/wp-json\/wp\/v2\/users\/1"}],"replies":[{"embeddable":true,"href":"https:\/\/www.diocesi.torino.it\/missionario\/wp-json\/wp\/v2\/comments?post=1860"}],"version-history":[{"count":1,"href":"https:\/\/www.diocesi.torino.it\/missionario\/wp-json\/wp\/v2\/pages\/1860\/revisions"}],"predecessor-version":[{"id":2314,"href":"https:\/\/www.diocesi.torino.it\/missionario\/wp-json\/wp\/v2\/pages\/1860\/revisions\/2314"}],"up":[{"embeddable":true,"href":"https:\/\/www.diocesi.torino.it\/missionario\/wp-json\/wp\/v2\/pages\/1672"}],"wp:featuredmedia":[{"embeddable":true,"href":"https:\/\/www.diocesi.torino.it\/missionario\/wp-json\/wp\/v2\/media\/2315"}],"wp:attachment":[{"href":"https:\/\/www.diocesi.torino.it\/missionario\/wp-json\/wp\/v2\/media?parent=1860"}],"curies":[{"name":"wp","href":"https:\/\/api.w.org\/{rel}","templated":true}]}}