{"id":1945,"date":"2012-01-31T15:12:00","date_gmt":"2012-01-31T14:12:00","guid":{"rendered":"http:\/\/www.diocesi.torino.it\/missionario\/risorse\/riviste-missionarie\/africa\/togo\/"},"modified":"2017-06-23T12:10:45","modified_gmt":"2017-06-23T10:10:45","slug":"togo","status":"publish","type":"page","link":"https:\/\/www.diocesi.torino.it\/missionario\/qdf\/togo\/","title":{"rendered":"TOGO"},"content":{"rendered":"<div id=\"pl-1945\"  class=\"panel-layout\" ><div id=\"pg-1945-0\"  class=\"panel-grid panel-no-style\" ><div id=\"pgc-1945-0-0\"  class=\"panel-grid-cell\" ><div id=\"panel-1945-0-0-0\" class=\"so-panel widget widget_sow-editor panel-first-child panel-last-child\" data-index=\"0\" ><div\n\t\t\t\n\t\t\tclass=\"so-widget-sow-editor so-widget-sow-editor-base\"\n\t\t\t\n\t\t>\n<div class=\"siteorigin-widget-tinymce textwidget\">\n\t<div>\n<h5>Nome ufficiale: Repubblica Togolese<\/h5>\n<div><strong>Superficie<\/strong>: 56.785 km2<\/div>\n<div><strong>Capitale<\/strong>: Lom\u00e9<\/div>\n<div><strong>Lingue<\/strong>: francese, ewe, kotokoli, kabye<\/div>\n<div><strong>Sistema politico<\/strong>: Repubblica<\/div>\n<div><strong>Indipendenza<\/strong>: il 27 aprile 1960 dalla Francia<\/div>\n<div><strong>Capo di stato<\/strong>: Faure Gnassingbe<\/div>\n<div><strong>Capo del governo<\/strong>: Yawovi Agboyibo<\/div>\n<div><strong>Religioni<\/strong>: animisti (51%), cristiani (29%), musulmani<\/div>\n<h5><span style=\"color: #ff0000\">Popolazione<\/span><\/h5>\n<div><strong>Abitanti<\/strong>: 6.771.993<\/div>\n<div><strong>Gruppi etnici<\/strong>: ewei, kabi\u00e8, uaci, mina, mossi, aja, kotokoli<\/div>\n<div><strong>Crescita demografica annua<\/strong>: 2,76%<\/div>\n<div><strong>Quoziente di fecondit\u00e0<\/strong>: 4,69<\/div>\n<div><strong>Mortalit\u00e0 infantile<\/strong>: 51,84 ogni 1000 nati vivi<\/div>\n<div><strong>Speranza di vita<\/strong>: 62,71 anni<\/div>\n<div><strong>Tasso di alfabetizzazione<\/strong>: 60,9% (al 172\u00b0 posto nel mondo)<\/div>\n<div><strong>Prevalenza Hiv<\/strong>: 3,2% (al 22\u00b0 posto nel mondo)<\/div>\n<div><strong>Spese per la salute<\/strong>: 5,9% del PIL<\/div>\n<h5><span style=\"color: #ff0000\">Economia<\/span><\/h5>\n<div>Il 32% della popolazione vive sotto la soglia di povert\u00e0<\/div>\n<div><strong>Indice di sviluppo umano<\/strong>: 0,435<\/div>\n<div><strong>Prodotto interno lordo<\/strong>: 5,97 miliardi di dollari (al 155\u00b0 posto nel mondo)<\/div>\n<div><strong>Pil pro capite annuo<\/strong>: 900 dollari<\/div>\n<div><strong>Crescita economica annua<\/strong>: 3,4%<\/div>\n<div><strong>Inflazione<\/strong>: 2,6%<\/div>\n<div><strong>Risorse naturali<\/strong>: fosfati, ferro, marmo, cemento<\/div>\n<div><strong>Prodotti agricoli<\/strong>: cacao, caff\u00e8, cotone, olio di palma, farina<\/div>\n<div><strong>Altre risorse<\/strong>: pesca di fiume e di lago<\/div>\n<div><strong>Importazioni<\/strong>: tessili, materiale tecnologico, materiale da costruzione, petrolio<\/div>\n<div><strong>Debito estero<\/strong>: 1,57 miliardi di dollari<\/div>\n<div><strong>Spese militari<\/strong>: 1,6% del PIL<\/div>\n<div>\u00a0<\/div>\n<\/div>\n<div><a href=\"http:\/\/www.www.diocesi.torino.it\/diocesitorino\/allegati\/30465\/Scheda%20Togo.pdf\">SCARICA LA SCHEDA COMPLETA<\/a><\/div>\n<div>\u00a0<\/div>\n<\/div>\n<\/div><\/div><\/div><\/div><\/div>","protected":false},"excerpt":{"rendered":"<p>Nome ufficiale: Repubblica TogoleseSuperficie: 56.785 km2Capitale: Lom\u00e9Lingue: francese, ewe, kotokoli, kabyeSistema politico: RepubblicaIndipendenza: il 27 aprile 1960 dalla FranciaCapo di stato: Faure GnassingbeCapo del governo: Yawovi AgboyiboReligioni: animisti (51%), cristiani (29%), musulmaniPopolazioneAbitanti: 6.771.993Gruppi etnici: ewei, kabi\u00e8, uaci, mina, mossi, aja, kotokoliCrescita demografica annua: 2,76%Quoziente di fecondit\u00e0: 4,69Mortalit\u00e0 infantile: 51,84 ogni 1000 nati viviSperanza di vita: 62,71 anniTasso di alfabetizzazione: 60,9% (al 172\u00b0 posto nel mondo)Prevalenza &hellip; <a href=\"https:\/\/www.diocesi.torino.it\/missionario\/qdf\/togo\/\" class=\"more-link\">Continua a leggere <span class=\"screen-reader-text\"><\/span> <span class=\"meta-nav\">&raquo;<\/span><\/a><\/p>\n","protected":false},"author":1,"featured_media":2400,"parent":1604,"menu_order":0,"comment_status":"closed","ping_status":"closed","template":"","meta":{"ip_address":"","user_agent":"","level":"","revision":"","cookie_id":"","page_referer":"","html_form":"","_expiration-date-status":"","_expiration-date":0,"_expiration-date-type":"","_expiration-date-categories":[],"_expiration-date-options":[]},"acf":[],"yoast_head":"<!-- This site is optimized with the Yoast SEO plugin v20.8 - https:\/\/yoast.com\/wordpress\/plugins\/seo\/ -->\n<title>TOGO - Pastorale MISSIONARIA e cooperazione tra le Chiese<\/title>\n<meta name=\"robots\" content=\"index, follow, max-snippet:-1, max-image-preview:large, max-video-preview:-1\" \/>\n<link rel=\"canonical\" href=\"https:\/\/www.diocesi.torino.it\/missionario\/qdf\/togo\/\" \/>\n<meta property=\"og:locale\" content=\"it_IT\" \/>\n<meta property=\"og:type\" content=\"article\" \/>\n<meta property=\"og:title\" content=\"TOGO - Pastorale MISSIONARIA e cooperazione tra le Chiese\" \/>\n<meta property=\"og:description\" content=\"Nome ufficiale: Repubblica TogoleseSuperficie: 56.785 km2Capitale: Lom\u00e9Lingue: francese, ewe, kotokoli, kabyeSistema politico: RepubblicaIndipendenza: il 27 aprile 1960 dalla FranciaCapo di stato: Faure GnassingbeCapo del governo: Yawovi AgboyiboReligioni: animisti (51%), cristiani (29%), musulmaniPopolazioneAbitanti: 6.771.993Gruppi etnici: ewei, kabi\u00e8, uaci, mina, mossi, aja, kotokoliCrescita demografica annua: 2,76%Quoziente di fecondit\u00e0: 4,69Mortalit\u00e0 infantile: 51,84 ogni 1000 nati viviSperanza di vita: 62,71 anniTasso di alfabetizzazione: 60,9% (al 172\u00b0 posto nel mondo)Prevalenza &hellip; Continua a leggere &raquo;\" \/>\n<meta property=\"og:url\" content=\"https:\/\/www.diocesi.torino.it\/missionario\/qdf\/togo\/\" \/>\n<meta property=\"og:site_name\" content=\"Pastorale MISSIONARIA e cooperazione tra le Chiese\" \/>\n<meta property=\"article:modified_time\" content=\"2017-06-23T10:10:45+00:00\" \/>\n<meta property=\"og:image\" content=\"https:\/\/www.diocesi.torino.it\/missionario\/wp-content\/uploads\/sites\/17\/2017\/06\/TogoM.gif\" \/>\n\t<meta property=\"og:image:width\" content=\"400\" \/>\n\t<meta property=\"og:image:height\" content=\"599\" \/>\n\t<meta property=\"og:image:type\" content=\"image\/gif\" \/>\n<meta name=\"twitter:card\" content=\"summary_large_image\" \/>\n<meta name=\"twitter:label1\" content=\"Tempo di lettura stimato\" \/>\n\t<meta name=\"twitter:data1\" content=\"1 minuto\" \/>\n<script type=\"application\/ld+json\" class=\"yoast-schema-graph\">{\"@context\":\"https:\/\/schema.org\",\"@graph\":[{\"@type\":\"WebPage\",\"@id\":\"https:\/\/www.diocesi.torino.it\/missionario\/qdf\/togo\/\",\"url\":\"https:\/\/www.diocesi.torino.it\/missionario\/qdf\/togo\/\",\"name\":\"TOGO - Pastorale MISSIONARIA e cooperazione tra le Chiese\",\"isPartOf\":{\"@id\":\"https:\/\/www.diocesi.torino.it\/missionario\/#website\"},\"datePublished\":\"2012-01-31T14:12:00+00:00\",\"dateModified\":\"2017-06-23T10:10:45+00:00\",\"breadcrumb\":{\"@id\":\"https:\/\/www.diocesi.torino.it\/missionario\/qdf\/togo\/#breadcrumb\"},\"inLanguage\":\"it-IT\",\"potentialAction\":[{\"@type\":\"ReadAction\",\"target\":[\"https:\/\/www.diocesi.torino.it\/missionario\/qdf\/togo\/\"]}]},{\"@type\":\"BreadcrumbList\",\"@id\":\"https:\/\/www.diocesi.torino.it\/missionario\/qdf\/togo\/#breadcrumb\",\"itemListElement\":[{\"@type\":\"ListItem\",\"position\":1,\"name\":\"Home\",\"item\":\"https:\/\/www.diocesi.torino.it\/missionario\/\"},{\"@type\":\"ListItem\",\"position\":2,\"name\":\"Quaresima di Fraternit\u00e0\",\"item\":\"https:\/\/www.diocesi.torino.it\/missionario\/qdf\/\"},{\"@type\":\"ListItem\",\"position\":3,\"name\":\"TOGO\"}]},{\"@type\":\"WebSite\",\"@id\":\"https:\/\/www.diocesi.torino.it\/missionario\/#website\",\"url\":\"https:\/\/www.diocesi.torino.it\/missionario\/\",\"name\":\"Pastorale MISSIONARIA e cooperazione tra le Chiese\",\"description\":\"\",\"potentialAction\":[{\"@type\":\"SearchAction\",\"target\":{\"@type\":\"EntryPoint\",\"urlTemplate\":\"https:\/\/www.diocesi.torino.it\/missionario\/?s={search_term_string}\"},\"query-input\":\"required name=search_term_string\"}],\"inLanguage\":\"it-IT\"}]}<\/script>\n<!-- \/ Yoast SEO plugin. -->","yoast_head_json":{"title":"TOGO - Pastorale MISSIONARIA e cooperazione tra le Chiese","robots":{"index":"index","follow":"follow","max-snippet":"max-snippet:-1","max-image-preview":"max-image-preview:large","max-video-preview":"max-video-preview:-1"},"canonical":"https:\/\/www.diocesi.torino.it\/missionario\/qdf\/togo\/","og_locale":"it_IT","og_type":"article","og_title":"TOGO - Pastorale MISSIONARIA e cooperazione tra le Chiese","og_description":"Nome ufficiale: Repubblica TogoleseSuperficie: 56.785 km2Capitale: Lom\u00e9Lingue: francese, ewe, kotokoli, kabyeSistema politico: RepubblicaIndipendenza: il 27 aprile 1960 dalla FranciaCapo di stato: Faure GnassingbeCapo del governo: Yawovi AgboyiboReligioni: animisti (51%), cristiani (29%), musulmaniPopolazioneAbitanti: 6.771.993Gruppi etnici: ewei, kabi\u00e8, uaci, mina, mossi, aja, kotokoliCrescita demografica annua: 2,76%Quoziente di fecondit\u00e0: 4,69Mortalit\u00e0 infantile: 51,84 ogni 1000 nati viviSperanza di vita: 62,71 anniTasso di alfabetizzazione: 60,9% (al 172\u00b0 posto nel mondo)Prevalenza &hellip; Continua a leggere &raquo;","og_url":"https:\/\/www.diocesi.torino.it\/missionario\/qdf\/togo\/","og_site_name":"Pastorale MISSIONARIA e cooperazione tra le Chiese","article_modified_time":"2017-06-23T10:10:45+00:00","og_image":[{"width":400,"height":599,"url":"https:\/\/www.diocesi.torino.it\/missionario\/wp-content\/uploads\/sites\/17\/2017\/06\/TogoM.gif","type":"image\/gif"}],"twitter_card":"summary_large_image","twitter_misc":{"Tempo di lettura stimato":"1 minuto"},"schema":{"@context":"https:\/\/schema.org","@graph":[{"@type":"WebPage","@id":"https:\/\/www.diocesi.torino.it\/missionario\/qdf\/togo\/","url":"https:\/\/www.diocesi.torino.it\/missionario\/qdf\/togo\/","name":"TOGO - Pastorale MISSIONARIA e cooperazione tra le Chiese","isPartOf":{"@id":"https:\/\/www.diocesi.torino.it\/missionario\/#website"},"datePublished":"2012-01-31T14:12:00+00:00","dateModified":"2017-06-23T10:10:45+00:00","breadcrumb":{"@id":"https:\/\/www.diocesi.torino.it\/missionario\/qdf\/togo\/#breadcrumb"},"inLanguage":"it-IT","potentialAction":[{"@type":"ReadAction","target":["https:\/\/www.diocesi.torino.it\/missionario\/qdf\/togo\/"]}]},{"@type":"BreadcrumbList","@id":"https:\/\/www.diocesi.torino.it\/missionario\/qdf\/togo\/#breadcrumb","itemListElement":[{"@type":"ListItem","position":1,"name":"Home","item":"https:\/\/www.diocesi.torino.it\/missionario\/"},{"@type":"ListItem","position":2,"name":"Quaresima di Fraternit\u00e0","item":"https:\/\/www.diocesi.torino.it\/missionario\/qdf\/"},{"@type":"ListItem","position":3,"name":"TOGO"}]},{"@type":"WebSite","@id":"https:\/\/www.diocesi.torino.it\/missionario\/#website","url":"https:\/\/www.diocesi.torino.it\/missionario\/","name":"Pastorale MISSIONARIA e cooperazione tra le Chiese","description":"","potentialAction":[{"@type":"SearchAction","target":{"@type":"EntryPoint","urlTemplate":"https:\/\/www.diocesi.torino.it\/missionario\/?s={search_term_string}"},"query-input":"required name=search_term_string"}],"inLanguage":"it-IT"}]}},"_links":{"self":[{"href":"https:\/\/www.diocesi.torino.it\/missionario\/wp-json\/wp\/v2\/pages\/1945"}],"collection":[{"href":"https:\/\/www.diocesi.torino.it\/missionario\/wp-json\/wp\/v2\/pages"}],"about":[{"href":"https:\/\/www.diocesi.torino.it\/missionario\/wp-json\/wp\/v2\/types\/page"}],"author":[{"embeddable":true,"href":"https:\/\/www.diocesi.torino.it\/missionario\/wp-json\/wp\/v2\/users\/1"}],"replies":[{"embeddable":true,"href":"https:\/\/www.diocesi.torino.it\/missionario\/wp-json\/wp\/v2\/comments?post=1945"}],"version-history":[{"count":1,"href":"https:\/\/www.diocesi.torino.it\/missionario\/wp-json\/wp\/v2\/pages\/1945\/revisions"}],"predecessor-version":[{"id":2399,"href":"https:\/\/www.diocesi.torino.it\/missionario\/wp-json\/wp\/v2\/pages\/1945\/revisions\/2399"}],"up":[{"embeddable":true,"href":"https:\/\/www.diocesi.torino.it\/missionario\/wp-json\/wp\/v2\/pages\/1604"}],"wp:featuredmedia":[{"embeddable":true,"href":"https:\/\/www.diocesi.torino.it\/missionario\/wp-json\/wp\/v2\/media\/2400"}],"wp:attachment":[{"href":"https:\/\/www.diocesi.torino.it\/missionario\/wp-json\/wp\/v2\/media?parent=1945"}],"curies":[{"name":"wp","href":"https:\/\/api.w.org\/{rel}","templated":true}]}}