{"id":5414,"date":"2020-04-15T13:59:31","date_gmt":"2020-04-15T11:59:31","guid":{"rendered":"http:\/\/www.diocesi.torino.it\/missionario\/?page_id=5414"},"modified":"2025-09-15T17:51:18","modified_gmt":"2025-09-15T15:51:18","slug":"ragazzi","status":"publish","type":"page","link":"https:\/\/www.diocesi.torino.it\/missionario\/formazione-missionaria\/ragazzi\/","title":{"rendered":"Ragazzi"},"content":{"rendered":"<div id=\"pl-5414\"  class=\"panel-layout\" ><div id=\"pg-5414-0\"  class=\"panel-grid panel-no-style\" ><div id=\"pgc-5414-0-0\"  class=\"panel-grid-cell panel-grid-cell-mobile-last\" ><div id=\"panel-5414-0-0-0\" class=\"so-panel widget widget_text panel-first-child panel-last-child\" data-index=\"0\" >\t\t\t<div class=\"textwidget\"><div><strong>PROPOSTE PER RAGAZZI<\/strong><\/div>\n<div>\n<h4><strong>Destinatari\u00a0<\/strong><\/h4>\n<div>\n<div>Ragazzi della Scuola Primaria e Secondaria di I grado attraverso il coinvolgimento di Animatori, Catechisti ed Insegnanti.<\/div>\n<div>\n<h4><strong>Finalit\u00e0<\/strong><\/h4>\n<div>La proposta vuole essere occasione per stimolare nei ragazzi il desiderio di vivere il legame tra l&#8217;essere discepoli di Ges\u00f9 per un cammino di fede da fare in prima persona e il divenire apostoli consapevoli della responsabilit\u00e0 personale di essere missionari, sentendosi coinvolti in prima persona nei problemi del mondo. Crediamo sia importante che bambini e ragazzi, camminino con tutta la Comunit\u00e0 Ecclesiale.<\/div>\n<div>Si vuole offrire una possibilit\u00e0 affinch\u00e9 Educazione alla Fede e Animazione Missionaria non siano binari paralleli ma fili intrecciati di un bellissimo ricamo.<\/div>\n<\/div>\n<\/div>\n<\/div>\n<div>\n<div><strong>Strumenti<\/strong><\/div>\n<div>\n<ul>\n<li>Il<strong> materiale <\/strong>preparato annualmente da <a href=\"https:\/\/www.missioitalia.it\/category\/conoscere\/ragazzi\/\"><strong>Missio Ragazzi<\/strong><\/a>\u00a0 per aiutare i ragazzi ad approfondire, in chiave missionaria, \u00a0le problematiche della fame nel mondo, il senso di responsabilit\u00e0, la fratellanza, l&#8217;universalit\u00e0 dell&#8217;essere cristiani e la sensibilit\u00e0 verso nuovi stili di vita.<\/li>\n<li><strong>In collaborazione con l&#8217;Ufficio Catechistico, ogni anno, viene proposto un percorso per accompagnare i ragazzi durante la Quaresima.\u00a0<\/strong><\/li>\n<li>Il Centro Missionario mette a disposizione in visione e consultazione le principali\u00a0riviste missionarie, pubblicazioni e\u00a0audiovisivi\u00a0con testimonianze missionarie dedicate ai ragazzi.<\/li>\n<li>E&#8217; possibile inoltre richiedere\u00a0<strong>la\u00a0collaborazione\u00a0<\/strong>per incontri formativi e di animazione.<\/li>\n<\/ul>\n<p>Clicca <a href=\"https:\/\/www.missioitalia.it\/strumenti-di-animazione-web-missio-ragazzi-2025-2026\/\"><strong>qui<\/strong><\/a> per l&#8217;itinerario annuale (2025\/2026) di Missio Ragazzi<\/p>\n<\/div>\n<\/div>\n<\/div>\n\t\t<\/div><\/div><div id=\"pgc-5414-0-1\"  class=\"panel-grid-cell panel-grid-cell-empty\" ><\/div><\/div><\/div>","protected":false},"excerpt":{"rendered":"<p>PROPOSTE PER RAGAZZI Destinatari\u00a0 Ragazzi della Scuola Primaria e Secondaria di I grado attraverso il coinvolgimento di Animatori, Catechisti ed Insegnanti. Finalit\u00e0 La proposta vuole essere occasione per stimolare nei ragazzi il desiderio di vivere il legame tra l&#8217;essere discepoli di Ges\u00f9 per un cammino di fede da fare in prima persona e il divenire apostoli consapevoli della responsabilit\u00e0 personale di essere missionari, sentendosi coinvolti &hellip; <a href=\"https:\/\/www.diocesi.torino.it\/missionario\/formazione-missionaria\/ragazzi\/\" class=\"more-link\">Continua a leggere <span class=\"screen-reader-text\"><\/span> <span class=\"meta-nav\">&raquo;<\/span><\/a><\/p>\n","protected":false},"author":16,"featured_media":8590,"parent":1010,"menu_order":3,"comment_status":"closed","ping_status":"closed","template":"","meta":{"ip_address":"","user_agent":"","level":"","revision":"","cookie_id":"","page_referer":"","html_form":"","_expiration-date-status":"","_expiration-date":0,"_expiration-date-type":"","_expiration-date-categories":[],"_expiration-date-options":[]},"acf":[],"yoast_head":"<!-- This site is optimized with the Yoast SEO plugin v20.8 - https:\/\/yoast.com\/wordpress\/plugins\/seo\/ -->\n<title>Ragazzi - Pastorale MISSIONARIA e cooperazione tra le Chiese<\/title>\n<meta name=\"robots\" content=\"index, follow, max-snippet:-1, max-image-preview:large, max-video-preview:-1\" \/>\n<link rel=\"canonical\" href=\"https:\/\/www.diocesi.torino.it\/missionario\/formazione-missionaria\/ragazzi\/\" \/>\n<meta property=\"og:locale\" content=\"it_IT\" \/>\n<meta property=\"og:type\" content=\"article\" \/>\n<meta property=\"og:title\" content=\"Ragazzi - Pastorale MISSIONARIA e cooperazione tra le Chiese\" \/>\n<meta property=\"og:description\" content=\"PROPOSTE PER RAGAZZI Destinatari\u00a0 Ragazzi della Scuola Primaria e Secondaria di I grado attraverso il coinvolgimento di Animatori, Catechisti ed Insegnanti. Finalit\u00e0 La proposta vuole essere occasione per stimolare nei ragazzi il desiderio di vivere il legame tra l&#039;essere discepoli di Ges\u00f9 per un cammino di fede da fare in prima persona e il divenire apostoli consapevoli della responsabilit\u00e0 personale di essere missionari, sentendosi coinvolti &hellip; Continua a leggere &raquo;\" \/>\n<meta property=\"og:url\" content=\"https:\/\/www.diocesi.torino.it\/missionario\/formazione-missionaria\/ragazzi\/\" \/>\n<meta property=\"og:site_name\" content=\"Pastorale MISSIONARIA e cooperazione tra le Chiese\" \/>\n<meta property=\"article:modified_time\" content=\"2025-09-15T15:51:18+00:00\" \/>\n<meta property=\"og:image\" content=\"https:\/\/www.diocesi.torino.it\/missionario\/wp-content\/uploads\/sites\/17\/2023\/09\/missio-ragazzi-1024x512.png\" \/>\n\t<meta property=\"og:image:width\" content=\"1024\" \/>\n\t<meta property=\"og:image:height\" content=\"512\" \/>\n\t<meta property=\"og:image:type\" content=\"image\/png\" \/>\n<meta name=\"twitter:card\" content=\"summary_large_image\" \/>\n<meta name=\"twitter:label1\" content=\"Tempo di lettura stimato\" \/>\n\t<meta name=\"twitter:data1\" content=\"2 minuti\" \/>\n<script type=\"application\/ld+json\" class=\"yoast-schema-graph\">{\"@context\":\"https:\/\/schema.org\",\"@graph\":[{\"@type\":\"WebPage\",\"@id\":\"https:\/\/www.diocesi.torino.it\/missionario\/formazione-missionaria\/ragazzi\/\",\"url\":\"https:\/\/www.diocesi.torino.it\/missionario\/formazione-missionaria\/ragazzi\/\",\"name\":\"Ragazzi - Pastorale MISSIONARIA e cooperazione tra le Chiese\",\"isPartOf\":{\"@id\":\"https:\/\/www.diocesi.torino.it\/missionario\/#website\"},\"datePublished\":\"2020-04-15T11:59:31+00:00\",\"dateModified\":\"2025-09-15T15:51:18+00:00\",\"breadcrumb\":{\"@id\":\"https:\/\/www.diocesi.torino.it\/missionario\/formazione-missionaria\/ragazzi\/#breadcrumb\"},\"inLanguage\":\"it-IT\",\"potentialAction\":[{\"@type\":\"ReadAction\",\"target\":[\"https:\/\/www.diocesi.torino.it\/missionario\/formazione-missionaria\/ragazzi\/\"]}]},{\"@type\":\"BreadcrumbList\",\"@id\":\"https:\/\/www.diocesi.torino.it\/missionario\/formazione-missionaria\/ragazzi\/#breadcrumb\",\"itemListElement\":[{\"@type\":\"ListItem\",\"position\":1,\"name\":\"Home\",\"item\":\"https:\/\/www.diocesi.torino.it\/missionario\/\"},{\"@type\":\"ListItem\",\"position\":2,\"name\":\"Formazione Missionaria\",\"item\":\"https:\/\/www.diocesi.torino.it\/missionario\/formazione-missionaria\/\"},{\"@type\":\"ListItem\",\"position\":3,\"name\":\"Ragazzi\"}]},{\"@type\":\"WebSite\",\"@id\":\"https:\/\/www.diocesi.torino.it\/missionario\/#website\",\"url\":\"https:\/\/www.diocesi.torino.it\/missionario\/\",\"name\":\"Pastorale MISSIONARIA e cooperazione tra le Chiese\",\"description\":\"\",\"potentialAction\":[{\"@type\":\"SearchAction\",\"target\":{\"@type\":\"EntryPoint\",\"urlTemplate\":\"https:\/\/www.diocesi.torino.it\/missionario\/?s={search_term_string}\"},\"query-input\":\"required name=search_term_string\"}],\"inLanguage\":\"it-IT\"}]}<\/script>\n<!-- \/ Yoast SEO plugin. -->","yoast_head_json":{"title":"Ragazzi - Pastorale MISSIONARIA e cooperazione tra le Chiese","robots":{"index":"index","follow":"follow","max-snippet":"max-snippet:-1","max-image-preview":"max-image-preview:large","max-video-preview":"max-video-preview:-1"},"canonical":"https:\/\/www.diocesi.torino.it\/missionario\/formazione-missionaria\/ragazzi\/","og_locale":"it_IT","og_type":"article","og_title":"Ragazzi - Pastorale MISSIONARIA e cooperazione tra le Chiese","og_description":"PROPOSTE PER RAGAZZI Destinatari\u00a0 Ragazzi della Scuola Primaria e Secondaria di I grado attraverso il coinvolgimento di Animatori, Catechisti ed Insegnanti. Finalit\u00e0 La proposta vuole essere occasione per stimolare nei ragazzi il desiderio di vivere il legame tra l'essere discepoli di Ges\u00f9 per un cammino di fede da fare in prima persona e il divenire apostoli consapevoli della responsabilit\u00e0 personale di essere missionari, sentendosi coinvolti &hellip; Continua a leggere &raquo;","og_url":"https:\/\/www.diocesi.torino.it\/missionario\/formazione-missionaria\/ragazzi\/","og_site_name":"Pastorale MISSIONARIA e cooperazione tra le Chiese","article_modified_time":"2025-09-15T15:51:18+00:00","og_image":[{"width":1024,"height":512,"url":"https:\/\/www.diocesi.torino.it\/missionario\/wp-content\/uploads\/sites\/17\/2023\/09\/missio-ragazzi-1024x512.png","type":"image\/png"}],"twitter_card":"summary_large_image","twitter_misc":{"Tempo di lettura stimato":"2 minuti"},"schema":{"@context":"https:\/\/schema.org","@graph":[{"@type":"WebPage","@id":"https:\/\/www.diocesi.torino.it\/missionario\/formazione-missionaria\/ragazzi\/","url":"https:\/\/www.diocesi.torino.it\/missionario\/formazione-missionaria\/ragazzi\/","name":"Ragazzi - Pastorale MISSIONARIA e cooperazione tra le Chiese","isPartOf":{"@id":"https:\/\/www.diocesi.torino.it\/missionario\/#website"},"datePublished":"2020-04-15T11:59:31+00:00","dateModified":"2025-09-15T15:51:18+00:00","breadcrumb":{"@id":"https:\/\/www.diocesi.torino.it\/missionario\/formazione-missionaria\/ragazzi\/#breadcrumb"},"inLanguage":"it-IT","potentialAction":[{"@type":"ReadAction","target":["https:\/\/www.diocesi.torino.it\/missionario\/formazione-missionaria\/ragazzi\/"]}]},{"@type":"BreadcrumbList","@id":"https:\/\/www.diocesi.torino.it\/missionario\/formazione-missionaria\/ragazzi\/#breadcrumb","itemListElement":[{"@type":"ListItem","position":1,"name":"Home","item":"https:\/\/www.diocesi.torino.it\/missionario\/"},{"@type":"ListItem","position":2,"name":"Formazione Missionaria","item":"https:\/\/www.diocesi.torino.it\/missionario\/formazione-missionaria\/"},{"@type":"ListItem","position":3,"name":"Ragazzi"}]},{"@type":"WebSite","@id":"https:\/\/www.diocesi.torino.it\/missionario\/#website","url":"https:\/\/www.diocesi.torino.it\/missionario\/","name":"Pastorale MISSIONARIA e cooperazione tra le Chiese","description":"","potentialAction":[{"@type":"SearchAction","target":{"@type":"EntryPoint","urlTemplate":"https:\/\/www.diocesi.torino.it\/missionario\/?s={search_term_string}"},"query-input":"required name=search_term_string"}],"inLanguage":"it-IT"}]}},"_links":{"self":[{"href":"https:\/\/www.diocesi.torino.it\/missionario\/wp-json\/wp\/v2\/pages\/5414"}],"collection":[{"href":"https:\/\/www.diocesi.torino.it\/missionario\/wp-json\/wp\/v2\/pages"}],"about":[{"href":"https:\/\/www.diocesi.torino.it\/missionario\/wp-json\/wp\/v2\/types\/page"}],"author":[{"embeddable":true,"href":"https:\/\/www.diocesi.torino.it\/missionario\/wp-json\/wp\/v2\/users\/16"}],"replies":[{"embeddable":true,"href":"https:\/\/www.diocesi.torino.it\/missionario\/wp-json\/wp\/v2\/comments?post=5414"}],"version-history":[{"count":13,"href":"https:\/\/www.diocesi.torino.it\/missionario\/wp-json\/wp\/v2\/pages\/5414\/revisions"}],"predecessor-version":[{"id":11618,"href":"https:\/\/www.diocesi.torino.it\/missionario\/wp-json\/wp\/v2\/pages\/5414\/revisions\/11618"}],"up":[{"embeddable":true,"href":"https:\/\/www.diocesi.torino.it\/missionario\/wp-json\/wp\/v2\/pages\/1010"}],"wp:featuredmedia":[{"embeddable":true,"href":"https:\/\/www.diocesi.torino.it\/missionario\/wp-json\/wp\/v2\/media\/8590"}],"wp:attachment":[{"href":"https:\/\/www.diocesi.torino.it\/missionario\/wp-json\/wp\/v2\/media?parent=5414"}],"curies":[{"name":"wp","href":"https:\/\/api.w.org\/{rel}","templated":true}]}}