{"id":8864,"date":"2023-10-23T09:22:45","date_gmt":"2023-10-23T07:22:45","guid":{"rendered":"https:\/\/www.diocesi.torino.it\/missionario\/?page_id=8864"},"modified":"2023-10-23T09:23:38","modified_gmt":"2023-10-23T07:23:38","slug":"giornata-mondiale-per-i-malati-di-lebbra","status":"publish","type":"page","link":"https:\/\/www.diocesi.torino.it\/missionario\/cooperazionetralechiese\/giornata-mondiale-per-i-malati-di-lebbra\/","title":{"rendered":"Giornata Mondiale per i malati di lebbra"},"content":{"rendered":"<div><\/div>\n<p>Ogni anno, l&#8217;ultima domenica di gennaio, \u00a0si\u00a0<b>celebra<\/b>\u00a0la 66<sup>a<\/sup>\u00a0<b>Giornata<\/b>\u00a0mondiale\u00a0<b>dei malati di lebbra<\/b>. Istituita nel 1954 da Raoul Follereau, scrittore e giornalista francese.<\/p>\n<p>Siamo spronati a collaborare fattivamente e attivamente affinch\u00e9 ad ogni uomo sia assicurato l\u2019inalienabile diritto ad una vita dignitosa, senza limiti o restrizioni e soprattutto senza isolamenti. Per compiere tutto ci\u00f2 la comunit\u00e0 ecclesiale \u00e8 chiamata in prima persona a spendersi, consapevole, come amava ripetere Raoul Follereau, che \u201cnessuno ha il diritto di essere felice da solo\u201d.<\/p>\n<p>Celebriamo, pertanto, con cuore e sensibilit\u00e0 la <strong>Giornata Mondiale per i Malati di Lebbra<\/strong> sostenendo i fratelli lebbrosi con la preghiera e adoperiamoci affinch\u00e9 grazie al generoso contributo economico delle nostre Comunit\u00e0 parrocchiali tanti malati possano ottenere le giuste cure e reinserirsi nel circuito di una quotidianit\u00e0 normale.<\/p>\n<hr class=\"wpba_attachment_hr\"><div id='wpba_attachment_list' class='wpba wpba-wrap'>\n<ul class='wpba-attachment-list unstyled'><li id='wpba_attachment_list_7855' class='wpba-list-item pull-left'><img src='https:\/\/www.diocesi.torino.it\/missionario\/wp-content\/themes\/wp-starter-so\/icons\/document.png' width='16' height='20' class='wpba-icon pull-left'><a href='https:\/\/www.diocesi.torino.it\/missionario\/wp-content\/uploads\/sites\/17\/2022\/01\/LocandinaLebbra2023.pdf' title='LocandinaLebbra2023' class='wpba-link pull-left' target=\"_blank\">LocandinaLebbra2023<\/a><\/li>\n<\/ul><\/div>\n","protected":false},"excerpt":{"rendered":"<p>Ogni anno, l&#8217;ultima domenica di gennaio, \u00a0si\u00a0celebra\u00a0la 66a\u00a0Giornata\u00a0mondiale\u00a0dei malati di lebbra. Istituita nel 1954 da Raoul Follereau, scrittore e giornalista francese. Siamo spronati a collaborare fattivamente e attivamente affinch\u00e9 ad ogni uomo sia assicurato l\u2019inalienabile diritto ad una vita dignitosa, senza limiti o restrizioni e soprattutto senza isolamenti. Per compiere tutto ci\u00f2 la comunit\u00e0 ecclesiale \u00e8 chiamata in prima persona a spendersi, consapevole, come amava &hellip; <a href=\"https:\/\/www.diocesi.torino.it\/missionario\/cooperazionetralechiese\/giornata-mondiale-per-i-malati-di-lebbra\/\" class=\"more-link\">Continua a leggere <span class=\"screen-reader-text\"><\/span> <span class=\"meta-nav\">&raquo;<\/span><\/a><\/p>\n","protected":false},"author":16,"featured_media":7856,"parent":1069,"menu_order":0,"comment_status":"closed","ping_status":"closed","template":"","meta":{"ip_address":"","user_agent":"","level":"","revision":"","cookie_id":"","page_referer":"","html_form":"","_expiration-date-status":"","_expiration-date":0,"_expiration-date-type":"","_expiration-date-categories":[],"_expiration-date-options":[]},"acf":[],"yoast_head":"<!-- This site is optimized with the Yoast SEO plugin v20.8 - https:\/\/yoast.com\/wordpress\/plugins\/seo\/ -->\n<title>Giornata Mondiale per i malati di lebbra - Pastorale MISSIONARIA e cooperazione tra le Chiese<\/title>\n<meta name=\"robots\" content=\"index, follow, max-snippet:-1, max-image-preview:large, max-video-preview:-1\" \/>\n<link rel=\"canonical\" href=\"https:\/\/www.diocesi.torino.it\/missionario\/cooperazionetralechiese\/giornata-mondiale-per-i-malati-di-lebbra\/\" \/>\n<meta property=\"og:locale\" content=\"it_IT\" \/>\n<meta property=\"og:type\" content=\"article\" \/>\n<meta property=\"og:title\" content=\"Giornata Mondiale per i malati di lebbra - Pastorale MISSIONARIA e cooperazione tra le Chiese\" \/>\n<meta property=\"og:description\" content=\"Ogni anno, l&#8217;ultima domenica di gennaio, \u00a0si\u00a0celebra\u00a0la 66a\u00a0Giornata\u00a0mondiale\u00a0dei malati di lebbra. Istituita nel 1954 da Raoul Follereau, scrittore e giornalista francese. Siamo spronati a collaborare fattivamente e attivamente affinch\u00e9 ad ogni uomo sia assicurato l\u2019inalienabile diritto ad una vita dignitosa, senza limiti o restrizioni e soprattutto senza isolamenti. Per compiere tutto ci\u00f2 la comunit\u00e0 ecclesiale \u00e8 chiamata in prima persona a spendersi, consapevole, come amava &hellip; Continua a leggere &raquo;\" \/>\n<meta property=\"og:url\" content=\"https:\/\/www.diocesi.torino.it\/missionario\/cooperazionetralechiese\/giornata-mondiale-per-i-malati-di-lebbra\/\" \/>\n<meta property=\"og:site_name\" content=\"Pastorale MISSIONARIA e cooperazione tra le Chiese\" \/>\n<meta property=\"article:modified_time\" content=\"2023-10-23T07:23:38+00:00\" \/>\n<meta property=\"og:image\" content=\"https:\/\/www.diocesi.torino.it\/missionario\/wp-content\/uploads\/sites\/17\/2022\/01\/LocandinaLebbra2023-e1673885068609.jpg\" \/>\n\t<meta property=\"og:image:width\" content=\"836\" \/>\n\t<meta property=\"og:image:height\" content=\"1459\" \/>\n\t<meta property=\"og:image:type\" content=\"image\/jpeg\" \/>\n<meta name=\"twitter:card\" content=\"summary_large_image\" \/>\n<meta name=\"twitter:label1\" content=\"Tempo di lettura stimato\" \/>\n\t<meta name=\"twitter:data1\" content=\"1 minuto\" \/>\n<script type=\"application\/ld+json\" class=\"yoast-schema-graph\">{\"@context\":\"https:\/\/schema.org\",\"@graph\":[{\"@type\":\"WebPage\",\"@id\":\"https:\/\/www.diocesi.torino.it\/missionario\/cooperazionetralechiese\/giornata-mondiale-per-i-malati-di-lebbra\/\",\"url\":\"https:\/\/www.diocesi.torino.it\/missionario\/cooperazionetralechiese\/giornata-mondiale-per-i-malati-di-lebbra\/\",\"name\":\"Giornata Mondiale per i malati di lebbra - Pastorale MISSIONARIA e cooperazione tra le Chiese\",\"isPartOf\":{\"@id\":\"https:\/\/www.diocesi.torino.it\/missionario\/#website\"},\"datePublished\":\"2023-10-23T07:22:45+00:00\",\"dateModified\":\"2023-10-23T07:23:38+00:00\",\"breadcrumb\":{\"@id\":\"https:\/\/www.diocesi.torino.it\/missionario\/cooperazionetralechiese\/giornata-mondiale-per-i-malati-di-lebbra\/#breadcrumb\"},\"inLanguage\":\"it-IT\",\"potentialAction\":[{\"@type\":\"ReadAction\",\"target\":[\"https:\/\/www.diocesi.torino.it\/missionario\/cooperazionetralechiese\/giornata-mondiale-per-i-malati-di-lebbra\/\"]}]},{\"@type\":\"BreadcrumbList\",\"@id\":\"https:\/\/www.diocesi.torino.it\/missionario\/cooperazionetralechiese\/giornata-mondiale-per-i-malati-di-lebbra\/#breadcrumb\",\"itemListElement\":[{\"@type\":\"ListItem\",\"position\":1,\"name\":\"Home\",\"item\":\"https:\/\/www.diocesi.torino.it\/missionario\/\"},{\"@type\":\"ListItem\",\"position\":2,\"name\":\"Cooperazione tra le Chiese\",\"item\":\"https:\/\/www.diocesi.torino.it\/missionario\/cooperazionetralechiese\/\"},{\"@type\":\"ListItem\",\"position\":3,\"name\":\"Giornata Mondiale per i malati di lebbra\"}]},{\"@type\":\"WebSite\",\"@id\":\"https:\/\/www.diocesi.torino.it\/missionario\/#website\",\"url\":\"https:\/\/www.diocesi.torino.it\/missionario\/\",\"name\":\"Pastorale MISSIONARIA e cooperazione tra le Chiese\",\"description\":\"\",\"potentialAction\":[{\"@type\":\"SearchAction\",\"target\":{\"@type\":\"EntryPoint\",\"urlTemplate\":\"https:\/\/www.diocesi.torino.it\/missionario\/?s={search_term_string}\"},\"query-input\":\"required name=search_term_string\"}],\"inLanguage\":\"it-IT\"}]}<\/script>\n<!-- \/ Yoast SEO plugin. -->","yoast_head_json":{"title":"Giornata Mondiale per i malati di lebbra - Pastorale MISSIONARIA e cooperazione tra le Chiese","robots":{"index":"index","follow":"follow","max-snippet":"max-snippet:-1","max-image-preview":"max-image-preview:large","max-video-preview":"max-video-preview:-1"},"canonical":"https:\/\/www.diocesi.torino.it\/missionario\/cooperazionetralechiese\/giornata-mondiale-per-i-malati-di-lebbra\/","og_locale":"it_IT","og_type":"article","og_title":"Giornata Mondiale per i malati di lebbra - Pastorale MISSIONARIA e cooperazione tra le Chiese","og_description":"Ogni anno, l&#8217;ultima domenica di gennaio, \u00a0si\u00a0celebra\u00a0la 66a\u00a0Giornata\u00a0mondiale\u00a0dei malati di lebbra. Istituita nel 1954 da Raoul Follereau, scrittore e giornalista francese. Siamo spronati a collaborare fattivamente e attivamente affinch\u00e9 ad ogni uomo sia assicurato l\u2019inalienabile diritto ad una vita dignitosa, senza limiti o restrizioni e soprattutto senza isolamenti. Per compiere tutto ci\u00f2 la comunit\u00e0 ecclesiale \u00e8 chiamata in prima persona a spendersi, consapevole, come amava &hellip; Continua a leggere &raquo;","og_url":"https:\/\/www.diocesi.torino.it\/missionario\/cooperazionetralechiese\/giornata-mondiale-per-i-malati-di-lebbra\/","og_site_name":"Pastorale MISSIONARIA e cooperazione tra le Chiese","article_modified_time":"2023-10-23T07:23:38+00:00","og_image":[{"width":836,"height":1459,"url":"https:\/\/www.diocesi.torino.it\/missionario\/wp-content\/uploads\/sites\/17\/2022\/01\/LocandinaLebbra2023-e1673885068609.jpg","type":"image\/jpeg"}],"twitter_card":"summary_large_image","twitter_misc":{"Tempo di lettura stimato":"1 minuto"},"schema":{"@context":"https:\/\/schema.org","@graph":[{"@type":"WebPage","@id":"https:\/\/www.diocesi.torino.it\/missionario\/cooperazionetralechiese\/giornata-mondiale-per-i-malati-di-lebbra\/","url":"https:\/\/www.diocesi.torino.it\/missionario\/cooperazionetralechiese\/giornata-mondiale-per-i-malati-di-lebbra\/","name":"Giornata Mondiale per i malati di lebbra - Pastorale MISSIONARIA e cooperazione tra le Chiese","isPartOf":{"@id":"https:\/\/www.diocesi.torino.it\/missionario\/#website"},"datePublished":"2023-10-23T07:22:45+00:00","dateModified":"2023-10-23T07:23:38+00:00","breadcrumb":{"@id":"https:\/\/www.diocesi.torino.it\/missionario\/cooperazionetralechiese\/giornata-mondiale-per-i-malati-di-lebbra\/#breadcrumb"},"inLanguage":"it-IT","potentialAction":[{"@type":"ReadAction","target":["https:\/\/www.diocesi.torino.it\/missionario\/cooperazionetralechiese\/giornata-mondiale-per-i-malati-di-lebbra\/"]}]},{"@type":"BreadcrumbList","@id":"https:\/\/www.diocesi.torino.it\/missionario\/cooperazionetralechiese\/giornata-mondiale-per-i-malati-di-lebbra\/#breadcrumb","itemListElement":[{"@type":"ListItem","position":1,"name":"Home","item":"https:\/\/www.diocesi.torino.it\/missionario\/"},{"@type":"ListItem","position":2,"name":"Cooperazione tra le Chiese","item":"https:\/\/www.diocesi.torino.it\/missionario\/cooperazionetralechiese\/"},{"@type":"ListItem","position":3,"name":"Giornata Mondiale per i malati di lebbra"}]},{"@type":"WebSite","@id":"https:\/\/www.diocesi.torino.it\/missionario\/#website","url":"https:\/\/www.diocesi.torino.it\/missionario\/","name":"Pastorale MISSIONARIA e cooperazione tra le Chiese","description":"","potentialAction":[{"@type":"SearchAction","target":{"@type":"EntryPoint","urlTemplate":"https:\/\/www.diocesi.torino.it\/missionario\/?s={search_term_string}"},"query-input":"required name=search_term_string"}],"inLanguage":"it-IT"}]}},"_links":{"self":[{"href":"https:\/\/www.diocesi.torino.it\/missionario\/wp-json\/wp\/v2\/pages\/8864"}],"collection":[{"href":"https:\/\/www.diocesi.torino.it\/missionario\/wp-json\/wp\/v2\/pages"}],"about":[{"href":"https:\/\/www.diocesi.torino.it\/missionario\/wp-json\/wp\/v2\/types\/page"}],"author":[{"embeddable":true,"href":"https:\/\/www.diocesi.torino.it\/missionario\/wp-json\/wp\/v2\/users\/16"}],"replies":[{"embeddable":true,"href":"https:\/\/www.diocesi.torino.it\/missionario\/wp-json\/wp\/v2\/comments?post=8864"}],"version-history":[{"count":1,"href":"https:\/\/www.diocesi.torino.it\/missionario\/wp-json\/wp\/v2\/pages\/8864\/revisions"}],"predecessor-version":[{"id":8865,"href":"https:\/\/www.diocesi.torino.it\/missionario\/wp-json\/wp\/v2\/pages\/8864\/revisions\/8865"}],"up":[{"embeddable":true,"href":"https:\/\/www.diocesi.torino.it\/missionario\/wp-json\/wp\/v2\/pages\/1069"}],"wp:featuredmedia":[{"embeddable":true,"href":"https:\/\/www.diocesi.torino.it\/missionario\/wp-json\/wp\/v2\/media\/7856"}],"wp:attachment":[{"href":"https:\/\/www.diocesi.torino.it\/missionario\/wp-json\/wp\/v2\/media?parent=8864"}],"curies":[{"name":"wp","href":"https:\/\/api.w.org\/{rel}","templated":true}]}}