{"id":78,"date":"2010-06-16T20:49:00","date_gmt":"2010-06-16T18:49:00","guid":{"rendered":"http:\/\/www.diocesi.torino.it\/museodiocesano\/il-museo\/bienvenido\/la-exposicion\/"},"modified":"2010-06-16T20:49:00","modified_gmt":"2010-06-16T18:49:00","slug":"la-exposicion","status":"publish","type":"page","link":"https:\/\/www.diocesi.torino.it\/museodiocesano\/il-museo\/bienvenido\/la-exposicion\/","title":{"rendered":"La exposici\u00f2n"},"content":{"rendered":"<div id=\"pl-78\"  class=\"panel-layout\" ><div id=\"pg-78-0\"  class=\"panel-grid panel-no-style\" ><div id=\"pgc-78-0-0\"  class=\"panel-grid-cell\" ><div id=\"panel-78-0-0-0\" class=\"so-panel widget widget_sow-editor panel-first-child panel-last-child\" data-index=\"0\" ><div\n\t\t\t\n\t\t\tclass=\"so-widget-sow-editor so-widget-sow-editor-base\"\n\t\t\t\n\t\t>\n<div class=\"siteorigin-widget-tinymce textwidget\">\n\t<div style=\"text-align: justify; \"><span class=\"Apple-style-span\" style=\"font-family: Arial; font-size: 10px; \"><span style=\"font-size: small; \"><span style=\"text-decoration: underline; \">Dise\u00f1o<\/span><\/span><\/span><\/div>\n<div>\n<p style=\"margin-top: 0px; margin-right: 0px; margin-bottom: 0px; margin-left: 0px; line-height: 12px; font: normal normal normal 10px\/normal Arial; text-align: justify; \"><span style=\"font-size: small; \">El dise\u00f1o del Museo Diocesano de Tur\u00edn ha sido pensado\u00a0 para\u00a0 incrementar\u00a0 el valor de las obras en exposici\u00f3n y destacar su significado original y su uso.<span style=\"font: normal normal normal 10px\/normal 'Lucida Grande'; \"><\/p>\n<p> <\/span><span style=\"text-decoration: underline; \">un museo de s\u00ed mismo<\/span><span style=\"font: normal normal normal 10px\/normal 'Lucida Grande'; \"><\/p>\n<p> <\/span>El primer requisito que se ha realizado en el dise\u00f1o del museo es preservar el valor hist\u00f3rico de todo: ser un museo de s\u00ed mismo.\u00a0La inclusi\u00f3n dentro de este marco se ha traducido en plena conformidad con el legado arquitect\u00f3nico y arqueol\u00f3gico, con medidas para adaptar el contenido al m\u00ednimo, con formas simples y\u00a0 con materiales\u00a0 reversibles y distinguibles.<\/span><\/p>\n<p style=\"margin-top: 0px; margin-right: 0px; margin-bottom: 0px; margin-left: 0px; line-height: 12px; font: normal normal normal 10px\/normal Arial; text-align: justify; \"><span style=\"font-size: small; \"><span style=\"font: normal normal normal 10px\/normal 'Lucida Grande'; \"><br > <\/span><span style=\"text-decoration: underline; \">\u00e1reas<\/span><span style=\"font: normal normal normal 10px\/normal 'Lucida Grande'; \"><\/p>\n<p> <\/span>En este contexto, se ha realizado la exposici\u00f3n de las obras, organizada en \u00e1reas tem\u00e1ticas, que ilustran los momentos primarios de Cristo: el bautismo, la Eucarist\u00eda, la devoci\u00f3n mariana, el culto a los santos, representados en su desarrollo hist\u00f3rico,\u00a0art\u00edstico y lit\u00fargico.\u00a0Completan el recorrido\u00a0 las numerosas obras importantes, distribuidas por tipo (pinturas, esculturas, textiles y joyer\u00eda), tiempo y materiales.<span style=\"font: normal normal normal 10px\/normal 'Lucida Grande'; \"><\/p>\n<p> <\/span>El dise\u00f1o del Museo Diocesano de Tur\u00edn es a cargo\u00a0 del profesor Maurizio Momo Arco, Arco Chiara Momo, Maffioli D. Natale, Don Luigi Cervellin en colaboraci\u00f3n con el Superintendente y\u00a0los acad\u00e9micos.<\/span><\/p>\n<\/div>\n<div>\u00a0<\/div>\n<\/div>\n<\/div><\/div><\/div><\/div><\/div>","protected":false},"excerpt":{"rendered":"<p>Dise\u00f1oEl dise\u00f1o del Museo Diocesano de Tur\u00edn ha sido pensado\u00a0 para\u00a0 incrementar\u00a0 el valor de las obras en exposici\u00f3n y destacar su significado original y su uso. un museo de s\u00ed mismo El primer requisito que se ha realizado en el dise\u00f1o del museo es preservar el valor hist\u00f3rico de todo: ser un museo de s\u00ed mismo.\u00a0La inclusi\u00f3n dentro de este marco se ha traducido &hellip; <a href=\"https:\/\/www.diocesi.torino.it\/museodiocesano\/il-museo\/bienvenido\/la-exposicion\/\" class=\"more-link\">Continua a leggere <span class=\"screen-reader-text\"><\/span> <span class=\"meta-nav\">&raquo;<\/span><\/a><\/p>\n","protected":false},"author":1,"featured_media":0,"parent":74,"menu_order":0,"comment_status":"closed","ping_status":"closed","template":"","meta":{"ip_address":"","user_agent":"","level":"","revision":"","cookie_id":"","page_referer":"","html_form":"","_expiration-date-status":"","_expiration-date":0,"_expiration-date-type":"","_expiration-date-categories":[],"_expiration-date-options":[]},"acf":[],"yoast_head":"<!-- This site is optimized with the Yoast SEO plugin v20.8 - https:\/\/yoast.com\/wordpress\/plugins\/seo\/ -->\n<title>La exposici\u00f2n - Museo Diocesano<\/title>\n<meta name=\"robots\" content=\"index, follow, max-snippet:-1, max-image-preview:large, max-video-preview:-1\" \/>\n<link rel=\"canonical\" href=\"https:\/\/www.diocesi.torino.it\/museodiocesano\/il-museo\/bienvenido\/la-exposicion\/\" \/>\n<meta property=\"og:locale\" content=\"it_IT\" \/>\n<meta property=\"og:type\" content=\"article\" \/>\n<meta property=\"og:title\" content=\"La exposici\u00f2n - Museo Diocesano\" \/>\n<meta property=\"og:description\" content=\"Dise\u00f1oEl dise\u00f1o del Museo Diocesano de Tur\u00edn ha sido pensado\u00a0 para\u00a0 incrementar\u00a0 el valor de las obras en exposici\u00f3n y destacar su significado original y su uso. un museo de s\u00ed mismo El primer requisito que se ha realizado en el dise\u00f1o del museo es preservar el valor hist\u00f3rico de todo: ser un museo de s\u00ed mismo.\u00a0La inclusi\u00f3n dentro de este marco se ha traducido &hellip; Continua a leggere &raquo;\" \/>\n<meta property=\"og:url\" content=\"https:\/\/www.diocesi.torino.it\/museodiocesano\/il-museo\/bienvenido\/la-exposicion\/\" \/>\n<meta property=\"og:site_name\" content=\"Museo Diocesano\" \/>\n<meta name=\"twitter:card\" content=\"summary_large_image\" \/>\n<meta name=\"twitter:label1\" content=\"Tempo di lettura stimato\" \/>\n\t<meta name=\"twitter:data1\" content=\"1 minuto\" \/>\n<script type=\"application\/ld+json\" class=\"yoast-schema-graph\">{\"@context\":\"https:\/\/schema.org\",\"@graph\":[{\"@type\":\"WebPage\",\"@id\":\"https:\/\/www.diocesi.torino.it\/museodiocesano\/il-museo\/bienvenido\/la-exposicion\/\",\"url\":\"https:\/\/www.diocesi.torino.it\/museodiocesano\/il-museo\/bienvenido\/la-exposicion\/\",\"name\":\"La exposici\u00f2n - Museo Diocesano\",\"isPartOf\":{\"@id\":\"https:\/\/www.diocesi.torino.it\/museodiocesano\/#website\"},\"datePublished\":\"2010-06-16T18:49:00+00:00\",\"dateModified\":\"2010-06-16T18:49:00+00:00\",\"breadcrumb\":{\"@id\":\"https:\/\/www.diocesi.torino.it\/museodiocesano\/il-museo\/bienvenido\/la-exposicion\/#breadcrumb\"},\"inLanguage\":\"it-IT\",\"potentialAction\":[{\"@type\":\"ReadAction\",\"target\":[\"https:\/\/www.diocesi.torino.it\/museodiocesano\/il-museo\/bienvenido\/la-exposicion\/\"]}]},{\"@type\":\"BreadcrumbList\",\"@id\":\"https:\/\/www.diocesi.torino.it\/museodiocesano\/il-museo\/bienvenido\/la-exposicion\/#breadcrumb\",\"itemListElement\":[{\"@type\":\"ListItem\",\"position\":1,\"name\":\"Home\",\"item\":\"https:\/\/www.diocesi.torino.it\/museodiocesano\/\"},{\"@type\":\"ListItem\",\"position\":2,\"name\":\"il Museo\",\"item\":\"https:\/\/www.diocesi.torino.it\/museodiocesano\/il-museo\/\"},{\"@type\":\"ListItem\",\"position\":3,\"name\":\"Bienvenido\",\"item\":\"https:\/\/www.diocesi.torino.it\/museodiocesano\/il-museo\/bienvenido\/\"},{\"@type\":\"ListItem\",\"position\":4,\"name\":\"La exposici\u00f2n\"}]},{\"@type\":\"WebSite\",\"@id\":\"https:\/\/www.diocesi.torino.it\/museodiocesano\/#website\",\"url\":\"https:\/\/www.diocesi.torino.it\/museodiocesano\/\",\"name\":\"Museo Diocesano\",\"description\":\"\",\"potentialAction\":[{\"@type\":\"SearchAction\",\"target\":{\"@type\":\"EntryPoint\",\"urlTemplate\":\"https:\/\/www.diocesi.torino.it\/museodiocesano\/?s={search_term_string}\"},\"query-input\":\"required name=search_term_string\"}],\"inLanguage\":\"it-IT\"}]}<\/script>\n<!-- \/ Yoast SEO plugin. -->","yoast_head_json":{"title":"La exposici\u00f2n - Museo Diocesano","robots":{"index":"index","follow":"follow","max-snippet":"max-snippet:-1","max-image-preview":"max-image-preview:large","max-video-preview":"max-video-preview:-1"},"canonical":"https:\/\/www.diocesi.torino.it\/museodiocesano\/il-museo\/bienvenido\/la-exposicion\/","og_locale":"it_IT","og_type":"article","og_title":"La exposici\u00f2n - Museo Diocesano","og_description":"Dise\u00f1oEl dise\u00f1o del Museo Diocesano de Tur\u00edn ha sido pensado\u00a0 para\u00a0 incrementar\u00a0 el valor de las obras en exposici\u00f3n y destacar su significado original y su uso. un museo de s\u00ed mismo El primer requisito que se ha realizado en el dise\u00f1o del museo es preservar el valor hist\u00f3rico de todo: ser un museo de s\u00ed mismo.\u00a0La inclusi\u00f3n dentro de este marco se ha traducido &hellip; Continua a leggere &raquo;","og_url":"https:\/\/www.diocesi.torino.it\/museodiocesano\/il-museo\/bienvenido\/la-exposicion\/","og_site_name":"Museo Diocesano","twitter_card":"summary_large_image","twitter_misc":{"Tempo di lettura stimato":"1 minuto"},"schema":{"@context":"https:\/\/schema.org","@graph":[{"@type":"WebPage","@id":"https:\/\/www.diocesi.torino.it\/museodiocesano\/il-museo\/bienvenido\/la-exposicion\/","url":"https:\/\/www.diocesi.torino.it\/museodiocesano\/il-museo\/bienvenido\/la-exposicion\/","name":"La exposici\u00f2n - Museo Diocesano","isPartOf":{"@id":"https:\/\/www.diocesi.torino.it\/museodiocesano\/#website"},"datePublished":"2010-06-16T18:49:00+00:00","dateModified":"2010-06-16T18:49:00+00:00","breadcrumb":{"@id":"https:\/\/www.diocesi.torino.it\/museodiocesano\/il-museo\/bienvenido\/la-exposicion\/#breadcrumb"},"inLanguage":"it-IT","potentialAction":[{"@type":"ReadAction","target":["https:\/\/www.diocesi.torino.it\/museodiocesano\/il-museo\/bienvenido\/la-exposicion\/"]}]},{"@type":"BreadcrumbList","@id":"https:\/\/www.diocesi.torino.it\/museodiocesano\/il-museo\/bienvenido\/la-exposicion\/#breadcrumb","itemListElement":[{"@type":"ListItem","position":1,"name":"Home","item":"https:\/\/www.diocesi.torino.it\/museodiocesano\/"},{"@type":"ListItem","position":2,"name":"il Museo","item":"https:\/\/www.diocesi.torino.it\/museodiocesano\/il-museo\/"},{"@type":"ListItem","position":3,"name":"Bienvenido","item":"https:\/\/www.diocesi.torino.it\/museodiocesano\/il-museo\/bienvenido\/"},{"@type":"ListItem","position":4,"name":"La exposici\u00f2n"}]},{"@type":"WebSite","@id":"https:\/\/www.diocesi.torino.it\/museodiocesano\/#website","url":"https:\/\/www.diocesi.torino.it\/museodiocesano\/","name":"Museo Diocesano","description":"","potentialAction":[{"@type":"SearchAction","target":{"@type":"EntryPoint","urlTemplate":"https:\/\/www.diocesi.torino.it\/museodiocesano\/?s={search_term_string}"},"query-input":"required name=search_term_string"}],"inLanguage":"it-IT"}]}},"_links":{"self":[{"href":"https:\/\/www.diocesi.torino.it\/museodiocesano\/wp-json\/wp\/v2\/pages\/78"}],"collection":[{"href":"https:\/\/www.diocesi.torino.it\/museodiocesano\/wp-json\/wp\/v2\/pages"}],"about":[{"href":"https:\/\/www.diocesi.torino.it\/museodiocesano\/wp-json\/wp\/v2\/types\/page"}],"author":[{"embeddable":true,"href":"https:\/\/www.diocesi.torino.it\/museodiocesano\/wp-json\/wp\/v2\/users\/1"}],"replies":[{"embeddable":true,"href":"https:\/\/www.diocesi.torino.it\/museodiocesano\/wp-json\/wp\/v2\/comments?post=78"}],"version-history":[{"count":0,"href":"https:\/\/www.diocesi.torino.it\/museodiocesano\/wp-json\/wp\/v2\/pages\/78\/revisions"}],"up":[{"embeddable":true,"href":"https:\/\/www.diocesi.torino.it\/museodiocesano\/wp-json\/wp\/v2\/pages\/74"}],"wp:attachment":[{"href":"https:\/\/www.diocesi.torino.it\/museodiocesano\/wp-json\/wp\/v2\/media?parent=78"}],"curies":[{"name":"wp","href":"https:\/\/api.w.org\/{rel}","templated":true}]}}